{"id":10709,"date":"2022-07-11T07:54:43","date_gmt":"2022-07-11T05:54:43","guid":{"rendered":"https:\/\/bierger.remich.lu\/?page_id=10709"},"modified":"2026-01-16T16:08:18","modified_gmt":"2026-01-16T15:08:18","slug":"club-welle-wain","status":"publish","type":"page","link":"https:\/\/bierger.remich.lu\/de\/services-au-citoyen\/soziales-und-3-alter\/club-welle-wain\/","title":{"rendered":"Club W\u00eblle W\u00e4in"},"content":{"rendered":"<section class=\"entry-content clearfix\"><em><strong>Der neue Club f\u00fcr alle ab 50 sowie jeder der Interesse hat!<\/strong><\/em><\/section>\n<section><\/section>\n<section><\/section>\n<section class=\"entry-content clearfix\">Der Club W\u00eblle W\u00e4in\u00a0 der Gemeinden Mondorf, Remich, Schengen und Stadtbredimus, verwaltet durch Inter-Actions, bietet Aktivit\u00e4ten in den Bereichen Geselligkeit, Sport, Gesundheit, Wohlbefinden, Kultur, Kreativit\u00e4t, Lifelong Learning, Information und Unterst\u00fctzung an.<\/section>\n<section><\/section>\n<section class=\"entry-content clearfix\">Neben den Gruppenaktivit\u00e4ten bietet der Club auch Einzelaktivit\u00e4ten, wie z. B. Einzelgespr\u00e4che oder Unterst\u00fctzung bei verschiedenen Fragen im Alltag.<\/section>\n<section><\/section>\n<section class=\"entry-content clearfix\">Die Aktivit\u00e4ten finden in den vier teilnehmenden Gemeinden statt, je nach Verf\u00fcgbarkeit der R\u00e4umlichkeiten.<\/section>\n<section>Hier finden Sie die aktuelle Broschure mit den Angeboten: <a href=\"https:\/\/clubwellewain.lu\/brochure\/\">Brochure &#8211; Club W\u00eblle W\u00e4in<\/a><\/section>","protected":false},"excerpt":{"rendered":"<p>Der neue Club f\u00fcr alle ab 50 sowie jeder der Interesse hat! Der Club W\u00eblle W\u00e4in\u00a0 der Gemeinden Mondorf, Remich, Schengen und Stadtbredimus, verwaltet durch Inter-Actions, bietet Aktivit\u00e4ten in den Bereichen Geselligkeit, Sport, Gesundheit, Wohlbefinden, Kultur, Kreativit\u00e4t, Lifelong Learning, Information und Unterst\u00fctzung an. Neben den Gruppenaktivit\u00e4ten bietet der Club auch Einzelaktivit\u00e4ten, wie z. B. Einzelgespr\u00e4che&#8230;  <a class=\"excerpt-read-more\" href=\"https:\/\/bierger.remich.lu\/de\/services-au-citoyen\/soziales-und-3-alter\/club-welle-wain\/\" title=\"ReadClub W\u00eblle W\u00e4in\">Mehr lesen \u00bb<\/a><\/p>\n","protected":false},"author":4,"featured_media":11844,"parent":2917,"menu_order":85,"comment_status":"closed","ping_status":"closed","template":"","meta":{"_acf_changed":false,"xn-wppe-expiration":[],"xn-wppe-expiration-action":[],"xn-wppe-expiration-prefix":[],"footnotes":"","_links_to":"","_links_to_target":""},"class_list":["post-10709","page","type-page","status-publish","has-post-thumbnail","hentry","keyword-3-alter","keyword-club-senior","keyword-social"],"acf":[],"yoast_head":"<!-- This site is optimized with the Yoast SEO plugin v26.7 - https:\/\/yoast.com\/wordpress\/plugins\/seo\/ -->\n<title>Club W\u00eblle W\u00e4in - Ville de Remich<\/title>\n<meta name=\"robots\" content=\"index, follow, max-snippet:-1, max-image-preview:large, max-video-preview:-1\" \/>\n<link rel=\"canonical\" href=\"https:\/\/bierger.remich.lu\/services-au-citoyen\/soziales-und-3-alter\/club-welle-wain\/\" \/>\n<meta property=\"og:locale\" content=\"de_DE\" \/>\n<meta property=\"og:type\" content=\"article\" \/>\n<meta property=\"og:title\" content=\"Club W\u00eblle W\u00e4in - Ville de Remich\" \/>\n<meta property=\"og:description\" content=\"Der neue Club f\u00fcr alle ab 50 sowie jeder der Interesse hat! Der Club W\u00eblle W\u00e4in\u00a0 der Gemeinden Mondorf, Remich, Schengen und Stadtbredimus, verwaltet durch Inter-Actions, bietet Aktivit\u00e4ten in den Bereichen Geselligkeit, Sport, Gesundheit, Wohlbefinden, Kultur, Kreativit\u00e4t, Lifelong Learning, Information und Unterst\u00fctzung an. Neben den Gruppenaktivit\u00e4ten bietet der Club auch Einzelaktivit\u00e4ten, wie z. B. Einzelgespr\u00e4che... Mehr lesen \u00bb\" \/>\n<meta property=\"og:url\" content=\"https:\/\/bierger.remich.lu\/services-au-citoyen\/soziales-und-3-alter\/club-welle-wain\/\" \/>\n<meta property=\"og:site_name\" content=\"Ville de Remich\" \/>\n<meta property=\"article:modified_time\" content=\"2026-01-16T15:08:18+00:00\" \/>\n<meta property=\"og:image\" content=\"https:\/\/bierger.remich.lu\/wp-content\/uploads\/sites\/3\/2023\/02\/AE_7496-683x1024.jpg\" \/>\n\t<meta property=\"og:image:width\" content=\"683\" \/>\n\t<meta property=\"og:image:height\" content=\"1024\" \/>\n\t<meta property=\"og:image:type\" content=\"image\/jpeg\" \/>\n<meta name=\"twitter:card\" content=\"summary_large_image\" \/>\n<meta name=\"twitter:label1\" content=\"Gesch\u00e4tzte Lesezeit\" \/>\n\t<meta name=\"twitter:data1\" content=\"1\u00a0Minute\" \/>\n<script type=\"application\/ld+json\" class=\"yoast-schema-graph\">{\"@context\":\"https:\/\/schema.org\",\"@graph\":[{\"@type\":\"WebPage\",\"@id\":\"https:\/\/bierger.remich.lu\/services-au-citoyen\/soziales-und-3-alter\/club-welle-wain\/\",\"url\":\"https:\/\/bierger.remich.lu\/services-au-citoyen\/soziales-und-3-alter\/club-welle-wain\/\",\"name\":\"Club W\u00eblle W\u00e4in - Ville de Remich\",\"isPartOf\":{\"@id\":\"https:\/\/bierger.remich.lu\/de\/#website\"},\"primaryImageOfPage\":{\"@id\":\"https:\/\/bierger.remich.lu\/services-au-citoyen\/soziales-und-3-alter\/club-welle-wain\/#primaryimage\"},\"image\":{\"@id\":\"https:\/\/bierger.remich.lu\/services-au-citoyen\/soziales-und-3-alter\/club-welle-wain\/#primaryimage\"},\"thumbnailUrl\":\"https:\/\/bierger.remich.lu\/wp-content\/uploads\/sites\/3\/2023\/02\/AE_7496.jpg\",\"datePublished\":\"2022-07-11T05:54:43+00:00\",\"dateModified\":\"2026-01-16T15:08:18+00:00\",\"breadcrumb\":{\"@id\":\"https:\/\/bierger.remich.lu\/services-au-citoyen\/soziales-und-3-alter\/club-welle-wain\/#breadcrumb\"},\"inLanguage\":\"de\",\"potentialAction\":[{\"@type\":\"ReadAction\",\"target\":[\"https:\/\/bierger.remich.lu\/services-au-citoyen\/soziales-und-3-alter\/club-welle-wain\/\"]}]},{\"@type\":\"ImageObject\",\"inLanguage\":\"de\",\"@id\":\"https:\/\/bierger.remich.lu\/services-au-citoyen\/soziales-und-3-alter\/club-welle-wain\/#primaryimage\",\"url\":\"https:\/\/bierger.remich.lu\/wp-content\/uploads\/sites\/3\/2023\/02\/AE_7496.jpg\",\"contentUrl\":\"https:\/\/bierger.remich.lu\/wp-content\/uploads\/sites\/3\/2023\/02\/AE_7496.jpg\",\"width\":5464,\"height\":8192},{\"@type\":\"BreadcrumbList\",\"@id\":\"https:\/\/bierger.remich.lu\/services-au-citoyen\/soziales-und-3-alter\/club-welle-wain\/#breadcrumb\",\"itemListElement\":[{\"@type\":\"ListItem\",\"position\":1,\"name\":\"Startseite\",\"item\":\"https:\/\/bierger.remich.lu\/de\/\"},{\"@type\":\"ListItem\",\"position\":2,\"name\":\"B\u00fcrgerdienste\",\"item\":\"https:\/\/bierger.remich.lu\/de\/services-au-citoyen\/\"},{\"@type\":\"ListItem\",\"position\":3,\"name\":\"Soziales und 3. Alter\",\"item\":\"https:\/\/bierger.remich.lu\/de\/services-au-citoyen\/soziales-und-3-alter\/\"},{\"@type\":\"ListItem\",\"position\":4,\"name\":\"Club W\u00eblle W\u00e4in\"}]},{\"@type\":\"WebSite\",\"@id\":\"https:\/\/bierger.remich.lu\/de\/#website\",\"url\":\"https:\/\/bierger.remich.lu\/de\/\",\"name\":\"Ville de Remich\",\"description\":\"\",\"potentialAction\":[{\"@type\":\"SearchAction\",\"target\":{\"@type\":\"EntryPoint\",\"urlTemplate\":\"https:\/\/bierger.remich.lu\/de\/?s={search_term_string}\"},\"query-input\":{\"@type\":\"PropertyValueSpecification\",\"valueRequired\":true,\"valueName\":\"search_term_string\"}}],\"inLanguage\":\"de\"}]}<\/script>\n<!-- \/ Yoast SEO plugin. -->","yoast_head_json":{"title":"Club W\u00eblle W\u00e4in - Ville de Remich","robots":{"index":"index","follow":"follow","max-snippet":"max-snippet:-1","max-image-preview":"max-image-preview:large","max-video-preview":"max-video-preview:-1"},"canonical":"https:\/\/bierger.remich.lu\/services-au-citoyen\/soziales-und-3-alter\/club-welle-wain\/","og_locale":"de_DE","og_type":"article","og_title":"Club W\u00eblle W\u00e4in - Ville de Remich","og_description":"Der neue Club f\u00fcr alle ab 50 sowie jeder der Interesse hat! Der Club W\u00eblle W\u00e4in\u00a0 der Gemeinden Mondorf, Remich, Schengen und Stadtbredimus, verwaltet durch Inter-Actions, bietet Aktivit\u00e4ten in den Bereichen Geselligkeit, Sport, Gesundheit, Wohlbefinden, Kultur, Kreativit\u00e4t, Lifelong Learning, Information und Unterst\u00fctzung an. Neben den Gruppenaktivit\u00e4ten bietet der Club auch Einzelaktivit\u00e4ten, wie z. B. Einzelgespr\u00e4che... Mehr lesen \u00bb","og_url":"https:\/\/bierger.remich.lu\/services-au-citoyen\/soziales-und-3-alter\/club-welle-wain\/","og_site_name":"Ville de Remich","article_modified_time":"2026-01-16T15:08:18+00:00","og_image":[{"width":683,"height":1024,"url":"https:\/\/bierger.remich.lu\/wp-content\/uploads\/sites\/3\/2023\/02\/AE_7496-683x1024.jpg","type":"image\/jpeg"}],"twitter_card":"summary_large_image","twitter_misc":{"Gesch\u00e4tzte Lesezeit":"1\u00a0Minute"},"schema":{"@context":"https:\/\/schema.org","@graph":[{"@type":"WebPage","@id":"https:\/\/bierger.remich.lu\/services-au-citoyen\/soziales-und-3-alter\/club-welle-wain\/","url":"https:\/\/bierger.remich.lu\/services-au-citoyen\/soziales-und-3-alter\/club-welle-wain\/","name":"Club W\u00eblle W\u00e4in - Ville de Remich","isPartOf":{"@id":"https:\/\/bierger.remich.lu\/de\/#website"},"primaryImageOfPage":{"@id":"https:\/\/bierger.remich.lu\/services-au-citoyen\/soziales-und-3-alter\/club-welle-wain\/#primaryimage"},"image":{"@id":"https:\/\/bierger.remich.lu\/services-au-citoyen\/soziales-und-3-alter\/club-welle-wain\/#primaryimage"},"thumbnailUrl":"https:\/\/bierger.remich.lu\/wp-content\/uploads\/sites\/3\/2023\/02\/AE_7496.jpg","datePublished":"2022-07-11T05:54:43+00:00","dateModified":"2026-01-16T15:08:18+00:00","breadcrumb":{"@id":"https:\/\/bierger.remich.lu\/services-au-citoyen\/soziales-und-3-alter\/club-welle-wain\/#breadcrumb"},"inLanguage":"de","potentialAction":[{"@type":"ReadAction","target":["https:\/\/bierger.remich.lu\/services-au-citoyen\/soziales-und-3-alter\/club-welle-wain\/"]}]},{"@type":"ImageObject","inLanguage":"de","@id":"https:\/\/bierger.remich.lu\/services-au-citoyen\/soziales-und-3-alter\/club-welle-wain\/#primaryimage","url":"https:\/\/bierger.remich.lu\/wp-content\/uploads\/sites\/3\/2023\/02\/AE_7496.jpg","contentUrl":"https:\/\/bierger.remich.lu\/wp-content\/uploads\/sites\/3\/2023\/02\/AE_7496.jpg","width":5464,"height":8192},{"@type":"BreadcrumbList","@id":"https:\/\/bierger.remich.lu\/services-au-citoyen\/soziales-und-3-alter\/club-welle-wain\/#breadcrumb","itemListElement":[{"@type":"ListItem","position":1,"name":"Startseite","item":"https:\/\/bierger.remich.lu\/de\/"},{"@type":"ListItem","position":2,"name":"B\u00fcrgerdienste","item":"https:\/\/bierger.remich.lu\/de\/services-au-citoyen\/"},{"@type":"ListItem","position":3,"name":"Soziales und 3. Alter","item":"https:\/\/bierger.remich.lu\/de\/services-au-citoyen\/soziales-und-3-alter\/"},{"@type":"ListItem","position":4,"name":"Club W\u00eblle W\u00e4in"}]},{"@type":"WebSite","@id":"https:\/\/bierger.remich.lu\/de\/#website","url":"https:\/\/bierger.remich.lu\/de\/","name":"Ville de Remich","description":"","potentialAction":[{"@type":"SearchAction","target":{"@type":"EntryPoint","urlTemplate":"https:\/\/bierger.remich.lu\/de\/?s={search_term_string}"},"query-input":{"@type":"PropertyValueSpecification","valueRequired":true,"valueName":"search_term_string"}}],"inLanguage":"de"}]}},"_links":{"self":[{"href":"https:\/\/bierger.remich.lu\/de\/wp-json\/wp\/v2\/pages\/10709","targetHints":{"allow":["GET"]}}],"collection":[{"href":"https:\/\/bierger.remich.lu\/de\/wp-json\/wp\/v2\/pages"}],"about":[{"href":"https:\/\/bierger.remich.lu\/de\/wp-json\/wp\/v2\/types\/page"}],"author":[{"embeddable":true,"href":"https:\/\/bierger.remich.lu\/de\/wp-json\/wp\/v2\/users\/4"}],"replies":[{"embeddable":true,"href":"https:\/\/bierger.remich.lu\/de\/wp-json\/wp\/v2\/comments?post=10709"}],"version-history":[{"count":5,"href":"https:\/\/bierger.remich.lu\/de\/wp-json\/wp\/v2\/pages\/10709\/revisions"}],"predecessor-version":[{"id":19038,"href":"https:\/\/bierger.remich.lu\/de\/wp-json\/wp\/v2\/pages\/10709\/revisions\/19038"}],"up":[{"embeddable":true,"href":"https:\/\/bierger.remich.lu\/de\/wp-json\/wp\/v2\/pages\/2917"}],"wp:featuredmedia":[{"embeddable":true,"href":"https:\/\/bierger.remich.lu\/de\/wp-json\/wp\/v2\/media\/11844"}],"wp:attachment":[{"href":"https:\/\/bierger.remich.lu\/de\/wp-json\/wp\/v2\/media?parent=10709"}],"curies":[{"name":"wp","href":"https:\/\/api.w.org\/{rel}","templated":true}]}}