{"id":11603,"date":"2023-01-13T11:52:59","date_gmt":"2023-01-13T10:52:59","guid":{"rendered":"https:\/\/bierger.remich.lu\/?page_id=11603"},"modified":"2026-03-31T10:48:34","modified_gmt":"2026-03-31T08:48:34","slug":"essen-auf-radern","status":"publish","type":"page","link":"https:\/\/bierger.remich.lu\/de\/services-au-citoyen\/soziales-und-3-alter\/essen-auf-radern\/","title":{"rendered":"Essen auf R\u00e4dern"},"content":{"rendered":"Gewinnen Sie an Lebensqualit\u00e4t und genie\u00dfen Sie frisch zubereitete, ausgewogene Gerichte, ohne selbst kochen oder einkaufen gehen zu m\u00fcssen.<\/p>\n<p>Der Service &#8222;Essen auf R\u00e4dern&#8220; wird von SERVIOR angeboten und umfasst die Zubereitung und Lieferung der Mahlzeiten.<\/p>\n<p>Sie legen fest, wie oft Sie den Service in Anspruch nehmen m\u00f6chten: t\u00e4glich, an bestimmten Wochentagen oder nur f\u00fcr einen bestimmten Zeitraum.<\/p>\n<p>Das Men\u00fc wird dem Kunden von Montag bis Samstag in einer praktischen Box nach Hause geliefert, die mit einem Klick aufgeheizt werden kann. Bevor Sie zu Tisch gehen, dr\u00fccken Sie eine einzige Taste und Ihr Men\u00fc wird mithilfe einer Induktionsplatte, die Ihnen zur Verf\u00fcgung gestellt wird, erw\u00e4rmt. Mahlzeiten an Sonn- und Feiertagen werden am Vortag geliefert. Die Gerichte k\u00f6nnen bis zu 36 Stunden im K\u00fchlschrank aufbewahrt werden.<\/p>\n<h3>Funktionsweise<\/h3>\n<ul>\n<li>Die 1. Anmeldung f\u00fcr den Dienst &#8222;Essen auf R\u00e4dern&#8220; erfolgt mit einem speziellen Formular beim B\u00fcrgeramt der Stadt Remich.<\/li>\n<li>Am Tag nach Ihrer Anmeldung werden Sie von SERVIOR kontaktiert, um die ersten Men\u00fcs zu bestellen. Die Auslieferung der Men\u00fcs beginnt erst 48 Stunden nach Ihrer Anmeldung.<\/li>\n<li>Die Men\u00fcs werden 3 Wochen im Voraus vom Fahrer bereitgestellt und k\u00f6nnen unter <a href=\"https:\/\/www.servior.lu\/de\/essen-auf-radern\/\">www.servior.lu<\/a> &gt; Men\u00fc S\u00fcd abgerufen werden.<\/li>\n<li>Bestellungen, Stornierungen von Men\u00fcs oder \u00c4nderungen der urspr\u00fcnglichen Anmeldung werden ausschlie\u00dflich und direkt bei SERVIOR gemacht: E. rsr-sud@servior.lu | T. 26 55 00 54.<\/li>\n<li>F\u00fcr Gerichte, die nicht am Vortag bis 10.00 Uhr vom Kunden abbestellt werden, ist der volle Preis zu zahlen.<\/li>\n<\/ul>\n<p>Weitere Informationen zum Bestellsystem finden Sie auf dem Anmeldeformular.<\/p>\n<h3>Preise &amp; Bezahlung<\/h3>\n<p><em><strong>Vom Kunden zu bezahlen<br \/>\n<\/strong><\/em><\/p>\n<ul>\n<li>Preis pro Mahlzeit: 13,96 \u20ac (ab 01.01.2026)<\/li>\n<li>Lieferpreis pro Men\u00fc: 6,42 \u20ac (ab 01.01.2026)<\/li>\n<\/ul>\n<p><em><strong>Von der Gemeinde \u00fcbernommen<br \/>\n<\/strong><\/em><\/p>\n<ul>\n<li>Monatlicher Mietpreis f\u00fcr die Induktionskochplatte: 2,6008 \u20ac (Index 100)<\/li>\n<\/ul>\n<p>Die Preise sind indexiert.<\/p>\n<p>Die Rechnungsstellung erfolgt durch die Stadt Remich.<\/p>\n<p>Bei Fragen zu bereits erstellten Rechnungen kontaktieren Sie bitte das Einwohnermeldeamt: E. population@remich.lu | T. 23 692 1.","protected":false},"excerpt":{"rendered":"<p>Gewinnen Sie an Lebensqualit\u00e4t und genie\u00dfen Sie frisch zubereitete, ausgewogene Gerichte, ohne selbst kochen oder einkaufen gehen zu m\u00fcssen. Der Service &#8222;Essen auf R\u00e4dern&#8220; wird von SERVIOR angeboten und umfasst die Zubereitung und Lieferung der Mahlzeiten. Sie legen fest, wie oft Sie den Service in Anspruch nehmen m\u00f6chten: t\u00e4glich, an bestimmten Wochentagen oder nur f\u00fcr&#8230;  <a class=\"excerpt-read-more\" href=\"https:\/\/bierger.remich.lu\/de\/services-au-citoyen\/soziales-und-3-alter\/essen-auf-radern\/\" title=\"ReadEssen auf R\u00e4dern\">Mehr lesen \u00bb<\/a><\/p>\n","protected":false},"author":4,"featured_media":11608,"parent":2917,"menu_order":83,"comment_status":"closed","ping_status":"closed","template":"","meta":{"_acf_changed":false,"xn-wppe-expiration":[],"xn-wppe-expiration-action":[],"xn-wppe-expiration-prefix":[],"footnotes":"","_links_to":"","_links_to_target":""},"class_list":["post-11603","page","type-page","status-publish","has-post-thumbnail","hentry","keyword-3-alter"],"acf":[],"yoast_head":"<!-- This site is optimized with the Yoast SEO plugin v26.7 - https:\/\/yoast.com\/wordpress\/plugins\/seo\/ -->\n<title>Essen auf R\u00e4dern - Ville de Remich<\/title>\n<meta name=\"robots\" content=\"index, follow, max-snippet:-1, max-image-preview:large, max-video-preview:-1\" \/>\n<link rel=\"canonical\" href=\"https:\/\/bierger.remich.lu\/services-au-citoyen\/soziales-und-3-alter\/essen-auf-radern\/\" \/>\n<meta property=\"og:locale\" content=\"de_DE\" \/>\n<meta property=\"og:type\" content=\"article\" \/>\n<meta property=\"og:title\" content=\"Essen auf R\u00e4dern - Ville de Remich\" \/>\n<meta property=\"og:description\" content=\"Gewinnen Sie an Lebensqualit\u00e4t und genie\u00dfen Sie frisch zubereitete, ausgewogene Gerichte, ohne selbst kochen oder einkaufen gehen zu m\u00fcssen. Der Service &#8222;Essen auf R\u00e4dern&#8220; wird von SERVIOR angeboten und umfasst die Zubereitung und Lieferung der Mahlzeiten. Sie legen fest, wie oft Sie den Service in Anspruch nehmen m\u00f6chten: t\u00e4glich, an bestimmten Wochentagen oder nur f\u00fcr... Mehr lesen \u00bb\" \/>\n<meta property=\"og:url\" content=\"https:\/\/bierger.remich.lu\/services-au-citoyen\/soziales-und-3-alter\/essen-auf-radern\/\" \/>\n<meta property=\"og:site_name\" content=\"Ville de Remich\" \/>\n<meta property=\"article:modified_time\" content=\"2026-03-31T08:48:34+00:00\" \/>\n<meta property=\"og:image\" content=\"https:\/\/bierger.remich.lu\/wp-content\/uploads\/sites\/3\/2023\/01\/RSR_Camionnette-1024x683-1.jpg\" \/>\n\t<meta property=\"og:image:width\" content=\"1024\" \/>\n\t<meta property=\"og:image:height\" content=\"683\" \/>\n\t<meta property=\"og:image:type\" content=\"image\/jpeg\" \/>\n<meta name=\"twitter:card\" content=\"summary_large_image\" \/>\n<meta name=\"twitter:label1\" content=\"Gesch\u00e4tzte Lesezeit\" \/>\n\t<meta name=\"twitter:data1\" content=\"3\u00a0Minuten\" \/>\n<script type=\"application\/ld+json\" class=\"yoast-schema-graph\">{\"@context\":\"https:\/\/schema.org\",\"@graph\":[{\"@type\":\"WebPage\",\"@id\":\"https:\/\/bierger.remich.lu\/services-au-citoyen\/soziales-und-3-alter\/essen-auf-radern\/\",\"url\":\"https:\/\/bierger.remich.lu\/services-au-citoyen\/soziales-und-3-alter\/essen-auf-radern\/\",\"name\":\"Essen auf R\u00e4dern - Ville de Remich\",\"isPartOf\":{\"@id\":\"https:\/\/bierger.remich.lu\/de\/#website\"},\"primaryImageOfPage\":{\"@id\":\"https:\/\/bierger.remich.lu\/services-au-citoyen\/soziales-und-3-alter\/essen-auf-radern\/#primaryimage\"},\"image\":{\"@id\":\"https:\/\/bierger.remich.lu\/services-au-citoyen\/soziales-und-3-alter\/essen-auf-radern\/#primaryimage\"},\"thumbnailUrl\":\"https:\/\/bierger.remich.lu\/wp-content\/uploads\/sites\/3\/2023\/01\/RSR_Camionnette-1024x683-1.jpg\",\"datePublished\":\"2023-01-13T10:52:59+00:00\",\"dateModified\":\"2026-03-31T08:48:34+00:00\",\"breadcrumb\":{\"@id\":\"https:\/\/bierger.remich.lu\/services-au-citoyen\/soziales-und-3-alter\/essen-auf-radern\/#breadcrumb\"},\"inLanguage\":\"de\",\"potentialAction\":[{\"@type\":\"ReadAction\",\"target\":[\"https:\/\/bierger.remich.lu\/services-au-citoyen\/soziales-und-3-alter\/essen-auf-radern\/\"]}]},{\"@type\":\"ImageObject\",\"inLanguage\":\"de\",\"@id\":\"https:\/\/bierger.remich.lu\/services-au-citoyen\/soziales-und-3-alter\/essen-auf-radern\/#primaryimage\",\"url\":\"https:\/\/bierger.remich.lu\/wp-content\/uploads\/sites\/3\/2023\/01\/RSR_Camionnette-1024x683-1.jpg\",\"contentUrl\":\"https:\/\/bierger.remich.lu\/wp-content\/uploads\/sites\/3\/2023\/01\/RSR_Camionnette-1024x683-1.jpg\",\"width\":1024,\"height\":683},{\"@type\":\"BreadcrumbList\",\"@id\":\"https:\/\/bierger.remich.lu\/services-au-citoyen\/soziales-und-3-alter\/essen-auf-radern\/#breadcrumb\",\"itemListElement\":[{\"@type\":\"ListItem\",\"position\":1,\"name\":\"Startseite\",\"item\":\"https:\/\/bierger.remich.lu\/de\/\"},{\"@type\":\"ListItem\",\"position\":2,\"name\":\"B\u00fcrgerdienste\",\"item\":\"https:\/\/bierger.remich.lu\/de\/services-au-citoyen\/\"},{\"@type\":\"ListItem\",\"position\":3,\"name\":\"Soziales und 3. Alter\",\"item\":\"https:\/\/bierger.remich.lu\/de\/services-au-citoyen\/soziales-und-3-alter\/\"},{\"@type\":\"ListItem\",\"position\":4,\"name\":\"Essen auf R\u00e4dern\"}]},{\"@type\":\"WebSite\",\"@id\":\"https:\/\/bierger.remich.lu\/de\/#website\",\"url\":\"https:\/\/bierger.remich.lu\/de\/\",\"name\":\"Ville de Remich\",\"description\":\"\",\"potentialAction\":[{\"@type\":\"SearchAction\",\"target\":{\"@type\":\"EntryPoint\",\"urlTemplate\":\"https:\/\/bierger.remich.lu\/de\/?s={search_term_string}\"},\"query-input\":{\"@type\":\"PropertyValueSpecification\",\"valueRequired\":true,\"valueName\":\"search_term_string\"}}],\"inLanguage\":\"de\"}]}<\/script>\n<!-- \/ Yoast SEO plugin. -->","yoast_head_json":{"title":"Essen auf R\u00e4dern - Ville de Remich","robots":{"index":"index","follow":"follow","max-snippet":"max-snippet:-1","max-image-preview":"max-image-preview:large","max-video-preview":"max-video-preview:-1"},"canonical":"https:\/\/bierger.remich.lu\/services-au-citoyen\/soziales-und-3-alter\/essen-auf-radern\/","og_locale":"de_DE","og_type":"article","og_title":"Essen auf R\u00e4dern - Ville de Remich","og_description":"Gewinnen Sie an Lebensqualit\u00e4t und genie\u00dfen Sie frisch zubereitete, ausgewogene Gerichte, ohne selbst kochen oder einkaufen gehen zu m\u00fcssen. Der Service &#8222;Essen auf R\u00e4dern&#8220; wird von SERVIOR angeboten und umfasst die Zubereitung und Lieferung der Mahlzeiten. Sie legen fest, wie oft Sie den Service in Anspruch nehmen m\u00f6chten: t\u00e4glich, an bestimmten Wochentagen oder nur f\u00fcr... Mehr lesen \u00bb","og_url":"https:\/\/bierger.remich.lu\/services-au-citoyen\/soziales-und-3-alter\/essen-auf-radern\/","og_site_name":"Ville de Remich","article_modified_time":"2026-03-31T08:48:34+00:00","og_image":[{"width":1024,"height":683,"url":"https:\/\/bierger.remich.lu\/wp-content\/uploads\/sites\/3\/2023\/01\/RSR_Camionnette-1024x683-1.jpg","type":"image\/jpeg"}],"twitter_card":"summary_large_image","twitter_misc":{"Gesch\u00e4tzte Lesezeit":"3\u00a0Minuten"},"schema":{"@context":"https:\/\/schema.org","@graph":[{"@type":"WebPage","@id":"https:\/\/bierger.remich.lu\/services-au-citoyen\/soziales-und-3-alter\/essen-auf-radern\/","url":"https:\/\/bierger.remich.lu\/services-au-citoyen\/soziales-und-3-alter\/essen-auf-radern\/","name":"Essen auf R\u00e4dern - Ville de Remich","isPartOf":{"@id":"https:\/\/bierger.remich.lu\/de\/#website"},"primaryImageOfPage":{"@id":"https:\/\/bierger.remich.lu\/services-au-citoyen\/soziales-und-3-alter\/essen-auf-radern\/#primaryimage"},"image":{"@id":"https:\/\/bierger.remich.lu\/services-au-citoyen\/soziales-und-3-alter\/essen-auf-radern\/#primaryimage"},"thumbnailUrl":"https:\/\/bierger.remich.lu\/wp-content\/uploads\/sites\/3\/2023\/01\/RSR_Camionnette-1024x683-1.jpg","datePublished":"2023-01-13T10:52:59+00:00","dateModified":"2026-03-31T08:48:34+00:00","breadcrumb":{"@id":"https:\/\/bierger.remich.lu\/services-au-citoyen\/soziales-und-3-alter\/essen-auf-radern\/#breadcrumb"},"inLanguage":"de","potentialAction":[{"@type":"ReadAction","target":["https:\/\/bierger.remich.lu\/services-au-citoyen\/soziales-und-3-alter\/essen-auf-radern\/"]}]},{"@type":"ImageObject","inLanguage":"de","@id":"https:\/\/bierger.remich.lu\/services-au-citoyen\/soziales-und-3-alter\/essen-auf-radern\/#primaryimage","url":"https:\/\/bierger.remich.lu\/wp-content\/uploads\/sites\/3\/2023\/01\/RSR_Camionnette-1024x683-1.jpg","contentUrl":"https:\/\/bierger.remich.lu\/wp-content\/uploads\/sites\/3\/2023\/01\/RSR_Camionnette-1024x683-1.jpg","width":1024,"height":683},{"@type":"BreadcrumbList","@id":"https:\/\/bierger.remich.lu\/services-au-citoyen\/soziales-und-3-alter\/essen-auf-radern\/#breadcrumb","itemListElement":[{"@type":"ListItem","position":1,"name":"Startseite","item":"https:\/\/bierger.remich.lu\/de\/"},{"@type":"ListItem","position":2,"name":"B\u00fcrgerdienste","item":"https:\/\/bierger.remich.lu\/de\/services-au-citoyen\/"},{"@type":"ListItem","position":3,"name":"Soziales und 3. Alter","item":"https:\/\/bierger.remich.lu\/de\/services-au-citoyen\/soziales-und-3-alter\/"},{"@type":"ListItem","position":4,"name":"Essen auf R\u00e4dern"}]},{"@type":"WebSite","@id":"https:\/\/bierger.remich.lu\/de\/#website","url":"https:\/\/bierger.remich.lu\/de\/","name":"Ville de Remich","description":"","potentialAction":[{"@type":"SearchAction","target":{"@type":"EntryPoint","urlTemplate":"https:\/\/bierger.remich.lu\/de\/?s={search_term_string}"},"query-input":{"@type":"PropertyValueSpecification","valueRequired":true,"valueName":"search_term_string"}}],"inLanguage":"de"}]}},"_links":{"self":[{"href":"https:\/\/bierger.remich.lu\/de\/wp-json\/wp\/v2\/pages\/11603","targetHints":{"allow":["GET"]}}],"collection":[{"href":"https:\/\/bierger.remich.lu\/de\/wp-json\/wp\/v2\/pages"}],"about":[{"href":"https:\/\/bierger.remich.lu\/de\/wp-json\/wp\/v2\/types\/page"}],"author":[{"embeddable":true,"href":"https:\/\/bierger.remich.lu\/de\/wp-json\/wp\/v2\/users\/4"}],"replies":[{"embeddable":true,"href":"https:\/\/bierger.remich.lu\/de\/wp-json\/wp\/v2\/comments?post=11603"}],"version-history":[{"count":20,"href":"https:\/\/bierger.remich.lu\/de\/wp-json\/wp\/v2\/pages\/11603\/revisions"}],"predecessor-version":[{"id":19389,"href":"https:\/\/bierger.remich.lu\/de\/wp-json\/wp\/v2\/pages\/11603\/revisions\/19389"}],"up":[{"embeddable":true,"href":"https:\/\/bierger.remich.lu\/de\/wp-json\/wp\/v2\/pages\/2917"}],"wp:featuredmedia":[{"embeddable":true,"href":"https:\/\/bierger.remich.lu\/de\/wp-json\/wp\/v2\/media\/11608"}],"wp:attachment":[{"href":"https:\/\/bierger.remich.lu\/de\/wp-json\/wp\/v2\/media?parent=11603"}],"curies":[{"name":"wp","href":"https:\/\/api.w.org\/{rel}","templated":true}]}}