{"id":11875,"date":"2023-02-10T10:03:00","date_gmt":"2023-02-10T09:03:00","guid":{"rendered":"https:\/\/bierger.remich.lu\/?page_id=11875"},"modified":"2024-04-29T17:47:34","modified_gmt":"2024-04-29T15:47:34","slug":"energiekooperativ-kanton-remich","status":"publish","type":"page","link":"https:\/\/bierger.remich.lu\/de\/ville-de-remich\/umwelt\/energiekooperativ-kanton-remich\/","title":{"rendered":"Energiekooperativ Kanton Remich"},"content":{"rendered":"<h2>Energiekooperative Kanton Remich<\/h2>\n<p>Die Energiekooperative Kanton Remich ist ein Team von engagierten Personen aus den Gemeinden Bous, Dalheim, Lenningen, Mondorf-les-bains, Remich, Schengen, Stadtbredimus und Waldbredimus.<\/p>\n<h4>Mission<\/h4>\n<p>Errichtung und Betrieb von Photovoltaikanlagen auf den D\u00e4chern \u00f6ffentlicher Geb\u00e4ude und Erzeugung von erneuerbarem Strom.<\/p>\n<h4>Teilnahme<\/h4>\n<p>Alle Einwohner des Kantons Remich k\u00f6nnen sich durch einen finanziellen Beitrag an den gemeinsamen Projekten beteiligen.<br \/>\n\u2192 Die Mindestbeteiligung betr\u00e4gt 100 \u20ac.<br \/>\n\u2192 Jedes Mitglied der Genossenschaft hat ein Stimmrecht.<\/p>\n<p>Weitere Informationen: <a href=\"https:\/\/www.ekr.lu\/\">www.ekr.lu<\/a><\/p>\n<p>&nbsp;<\/p>\n<h2><span style=\"color: #339966\">NEWSLETTER 2024-04<\/span><\/h2>\n<p>Liebe Genossenschafter\/-innen, liebe Freunde der Sonne,<\/p>\n<p>Nach unserer Info-Versammlung in Lenningen, sind wir froh ein paar neue Kooperateure in unseren Reihen begr\u00fc\u00dfen zu d\u00fcrfen. Bevor wir das Projekt in Canach realisieren, ziehen wir die PV-Anlagen auf der Mondorfer Schule vor, da das Dach im Sommer erneuert wird. Wir haben interessante Angebote bekommen, so dass dieses, ein f\u00fcr uns gro\u00dfes Projekt, im Sommer 2024, realisiert werden kann.<\/p>\n<p>Deswegen machen wir an dieser Stelle erneut einen Aufruf f\u00fcr Ihre finanzielle Beteiligung: die Anlage kostet +\/- 86.600 \u20ac Inkl.Mwst. und aktuell haben wir noch nicht ausreichend Geld um das Projekt zu realisieren.<\/p>\n<p>Um uns zu unterst\u00fctzen, d\u00fcrfen Sie auch gerne Werbung in ihrem Bekanntenkreis machen.<\/p>\n<p>Die Gemeinde Mondorf steht auch bei diesem Projekt zu 100% hinter der EKR, das hei\u00dft, dass zu keinem Zeitpunkt ein Risiko besteht dass ihr Invest verloren w\u00e4re.<\/p>\n<p>Bereits jetzt bedanken wir uns bei allen Personen, die es der Kooperative erm\u00f6glichen eine weitere Anlage ans Netz schlie\u00dfen zu k\u00f6nnen.<\/p>\n<p>Desweiteren machen wir \u00fcber diesen Weg einen Aufruf: <strong>wir suchen 2 Kassenkontrolleure um so auch noch mehr Transparenz in unsere Arbeit zu bringen <\/strong>&gt;\u00a0 Kandidatur per Email an : <a href=\"mailto:info@ekr.lu\">info@ekr.lu<\/a>","protected":false},"excerpt":{"rendered":"<p>Energiekooperative Kanton Remich Die Energiekooperative Kanton Remich ist ein Team von engagierten Personen aus den Gemeinden Bous, Dalheim, Lenningen, Mondorf-les-bains, Remich, Schengen, Stadtbredimus und Waldbredimus. Mission Errichtung und Betrieb von Photovoltaikanlagen auf den D\u00e4chern \u00f6ffentlicher Geb\u00e4ude und Erzeugung von erneuerbarem Strom. Teilnahme Alle Einwohner des Kantons Remich k\u00f6nnen sich durch einen finanziellen Beitrag an den&#8230;  <a class=\"excerpt-read-more\" href=\"https:\/\/bierger.remich.lu\/de\/ville-de-remich\/umwelt\/energiekooperativ-kanton-remich\/\" title=\"ReadEnergiekooperativ Kanton Remich\">Mehr lesen \u00bb<\/a><\/p>\n","protected":false},"author":4,"featured_media":2038,"parent":50,"menu_order":30,"comment_status":"closed","ping_status":"closed","template":"","meta":{"_acf_changed":false,"xn-wppe-expiration":[],"xn-wppe-expiration-action":[],"xn-wppe-expiration-prefix":[],"footnotes":"","_links_to":"","_links_to_target":""},"class_list":["post-11875","page","type-page","status-publish","has-post-thumbnail","hentry","keyword-energie","keyword-infos"],"acf":[],"yoast_head":"<!-- This site is optimized with the Yoast SEO plugin v26.7 - https:\/\/yoast.com\/wordpress\/plugins\/seo\/ -->\n<title>Energiekooperativ Kanton Remich - Ville de Remich<\/title>\n<meta name=\"robots\" content=\"index, follow, max-snippet:-1, max-image-preview:large, max-video-preview:-1\" \/>\n<link rel=\"canonical\" href=\"https:\/\/bierger.remich.lu\/fr\/ville-de-remich\/umwelt\/energiekooperativ-kanton-remich\/\" \/>\n<meta property=\"og:locale\" content=\"de_DE\" \/>\n<meta property=\"og:type\" content=\"article\" \/>\n<meta property=\"og:title\" content=\"Energiekooperativ Kanton Remich - Ville de Remich\" \/>\n<meta property=\"og:description\" content=\"Energiekooperative Kanton Remich Die Energiekooperative Kanton Remich ist ein Team von engagierten Personen aus den Gemeinden Bous, Dalheim, Lenningen, Mondorf-les-bains, Remich, Schengen, Stadtbredimus und Waldbredimus. Mission Errichtung und Betrieb von Photovoltaikanlagen auf den D\u00e4chern \u00f6ffentlicher Geb\u00e4ude und Erzeugung von erneuerbarem Strom. Teilnahme Alle Einwohner des Kantons Remich k\u00f6nnen sich durch einen finanziellen Beitrag an den... Mehr lesen \u00bb\" \/>\n<meta property=\"og:url\" content=\"https:\/\/bierger.remich.lu\/fr\/ville-de-remich\/umwelt\/energiekooperativ-kanton-remich\/\" \/>\n<meta property=\"og:site_name\" content=\"Ville de Remich\" \/>\n<meta property=\"article:modified_time\" content=\"2024-04-29T15:47:34+00:00\" \/>\n<meta property=\"og:image\" content=\"https:\/\/bierger.remich.lu\/wp-content\/uploads\/sites\/3\/2017\/07\/andreas-gucklhorn-285602.jpg\" \/>\n\t<meta property=\"og:image:width\" content=\"2560\" \/>\n\t<meta property=\"og:image:height\" content=\"1440\" \/>\n\t<meta property=\"og:image:type\" content=\"image\/jpeg\" \/>\n<meta name=\"twitter:card\" content=\"summary_large_image\" \/>\n<meta name=\"twitter:label1\" content=\"Gesch\u00e4tzte Lesezeit\" \/>\n\t<meta name=\"twitter:data1\" content=\"6\u00a0Minuten\" \/>\n<script type=\"application\/ld+json\" class=\"yoast-schema-graph\">{\"@context\":\"https:\/\/schema.org\",\"@graph\":[{\"@type\":\"WebPage\",\"@id\":\"https:\/\/bierger.remich.lu\/fr\/ville-de-remich\/umwelt\/energiekooperativ-kanton-remich\/\",\"url\":\"https:\/\/bierger.remich.lu\/fr\/ville-de-remich\/umwelt\/energiekooperativ-kanton-remich\/\",\"name\":\"Energiekooperativ Kanton Remich - Ville de Remich\",\"isPartOf\":{\"@id\":\"https:\/\/bierger.remich.lu\/de\/#website\"},\"primaryImageOfPage\":{\"@id\":\"https:\/\/bierger.remich.lu\/fr\/ville-de-remich\/umwelt\/energiekooperativ-kanton-remich\/#primaryimage\"},\"image\":{\"@id\":\"https:\/\/bierger.remich.lu\/fr\/ville-de-remich\/umwelt\/energiekooperativ-kanton-remich\/#primaryimage\"},\"thumbnailUrl\":\"https:\/\/bierger.remich.lu\/wp-content\/uploads\/sites\/3\/2017\/07\/andreas-gucklhorn-285602.jpg\",\"datePublished\":\"2023-02-10T09:03:00+00:00\",\"dateModified\":\"2024-04-29T15:47:34+00:00\",\"breadcrumb\":{\"@id\":\"https:\/\/bierger.remich.lu\/fr\/ville-de-remich\/umwelt\/energiekooperativ-kanton-remich\/#breadcrumb\"},\"inLanguage\":\"de\",\"potentialAction\":[{\"@type\":\"ReadAction\",\"target\":[\"https:\/\/bierger.remich.lu\/fr\/ville-de-remich\/umwelt\/energiekooperativ-kanton-remich\/\"]}]},{\"@type\":\"ImageObject\",\"inLanguage\":\"de\",\"@id\":\"https:\/\/bierger.remich.lu\/fr\/ville-de-remich\/umwelt\/energiekooperativ-kanton-remich\/#primaryimage\",\"url\":\"https:\/\/bierger.remich.lu\/wp-content\/uploads\/sites\/3\/2017\/07\/andreas-gucklhorn-285602.jpg\",\"contentUrl\":\"https:\/\/bierger.remich.lu\/wp-content\/uploads\/sites\/3\/2017\/07\/andreas-gucklhorn-285602.jpg\",\"width\":2560,\"height\":1440},{\"@type\":\"BreadcrumbList\",\"@id\":\"https:\/\/bierger.remich.lu\/fr\/ville-de-remich\/umwelt\/energiekooperativ-kanton-remich\/#breadcrumb\",\"itemListElement\":[{\"@type\":\"ListItem\",\"position\":1,\"name\":\"Startseite\",\"item\":\"https:\/\/bierger.remich.lu\/de\/\"},{\"@type\":\"ListItem\",\"position\":2,\"name\":\"Stadt Remich\",\"item\":\"https:\/\/bierger.remich.lu\/de\/ville-de-remich\/\"},{\"@type\":\"ListItem\",\"position\":3,\"name\":\"Umwelt\",\"item\":\"https:\/\/bierger.remich.lu\/de\/ville-de-remich\/umwelt\/\"},{\"@type\":\"ListItem\",\"position\":4,\"name\":\"Energiekooperativ Kanton Remich\"}]},{\"@type\":\"WebSite\",\"@id\":\"https:\/\/bierger.remich.lu\/de\/#website\",\"url\":\"https:\/\/bierger.remich.lu\/de\/\",\"name\":\"Ville de Remich\",\"description\":\"\",\"potentialAction\":[{\"@type\":\"SearchAction\",\"target\":{\"@type\":\"EntryPoint\",\"urlTemplate\":\"https:\/\/bierger.remich.lu\/de\/?s={search_term_string}\"},\"query-input\":{\"@type\":\"PropertyValueSpecification\",\"valueRequired\":true,\"valueName\":\"search_term_string\"}}],\"inLanguage\":\"de\"}]}<\/script>\n<!-- \/ Yoast SEO plugin. -->","yoast_head_json":{"title":"Energiekooperativ Kanton Remich - Ville de Remich","robots":{"index":"index","follow":"follow","max-snippet":"max-snippet:-1","max-image-preview":"max-image-preview:large","max-video-preview":"max-video-preview:-1"},"canonical":"https:\/\/bierger.remich.lu\/fr\/ville-de-remich\/umwelt\/energiekooperativ-kanton-remich\/","og_locale":"de_DE","og_type":"article","og_title":"Energiekooperativ Kanton Remich - Ville de Remich","og_description":"Energiekooperative Kanton Remich Die Energiekooperative Kanton Remich ist ein Team von engagierten Personen aus den Gemeinden Bous, Dalheim, Lenningen, Mondorf-les-bains, Remich, Schengen, Stadtbredimus und Waldbredimus. Mission Errichtung und Betrieb von Photovoltaikanlagen auf den D\u00e4chern \u00f6ffentlicher Geb\u00e4ude und Erzeugung von erneuerbarem Strom. Teilnahme Alle Einwohner des Kantons Remich k\u00f6nnen sich durch einen finanziellen Beitrag an den... Mehr lesen \u00bb","og_url":"https:\/\/bierger.remich.lu\/fr\/ville-de-remich\/umwelt\/energiekooperativ-kanton-remich\/","og_site_name":"Ville de Remich","article_modified_time":"2024-04-29T15:47:34+00:00","og_image":[{"width":2560,"height":1440,"url":"https:\/\/bierger.remich.lu\/wp-content\/uploads\/sites\/3\/2017\/07\/andreas-gucklhorn-285602.jpg","type":"image\/jpeg"}],"twitter_card":"summary_large_image","twitter_misc":{"Gesch\u00e4tzte Lesezeit":"6\u00a0Minuten"},"schema":{"@context":"https:\/\/schema.org","@graph":[{"@type":"WebPage","@id":"https:\/\/bierger.remich.lu\/fr\/ville-de-remich\/umwelt\/energiekooperativ-kanton-remich\/","url":"https:\/\/bierger.remich.lu\/fr\/ville-de-remich\/umwelt\/energiekooperativ-kanton-remich\/","name":"Energiekooperativ Kanton Remich - Ville de Remich","isPartOf":{"@id":"https:\/\/bierger.remich.lu\/de\/#website"},"primaryImageOfPage":{"@id":"https:\/\/bierger.remich.lu\/fr\/ville-de-remich\/umwelt\/energiekooperativ-kanton-remich\/#primaryimage"},"image":{"@id":"https:\/\/bierger.remich.lu\/fr\/ville-de-remich\/umwelt\/energiekooperativ-kanton-remich\/#primaryimage"},"thumbnailUrl":"https:\/\/bierger.remich.lu\/wp-content\/uploads\/sites\/3\/2017\/07\/andreas-gucklhorn-285602.jpg","datePublished":"2023-02-10T09:03:00+00:00","dateModified":"2024-04-29T15:47:34+00:00","breadcrumb":{"@id":"https:\/\/bierger.remich.lu\/fr\/ville-de-remich\/umwelt\/energiekooperativ-kanton-remich\/#breadcrumb"},"inLanguage":"de","potentialAction":[{"@type":"ReadAction","target":["https:\/\/bierger.remich.lu\/fr\/ville-de-remich\/umwelt\/energiekooperativ-kanton-remich\/"]}]},{"@type":"ImageObject","inLanguage":"de","@id":"https:\/\/bierger.remich.lu\/fr\/ville-de-remich\/umwelt\/energiekooperativ-kanton-remich\/#primaryimage","url":"https:\/\/bierger.remich.lu\/wp-content\/uploads\/sites\/3\/2017\/07\/andreas-gucklhorn-285602.jpg","contentUrl":"https:\/\/bierger.remich.lu\/wp-content\/uploads\/sites\/3\/2017\/07\/andreas-gucklhorn-285602.jpg","width":2560,"height":1440},{"@type":"BreadcrumbList","@id":"https:\/\/bierger.remich.lu\/fr\/ville-de-remich\/umwelt\/energiekooperativ-kanton-remich\/#breadcrumb","itemListElement":[{"@type":"ListItem","position":1,"name":"Startseite","item":"https:\/\/bierger.remich.lu\/de\/"},{"@type":"ListItem","position":2,"name":"Stadt Remich","item":"https:\/\/bierger.remich.lu\/de\/ville-de-remich\/"},{"@type":"ListItem","position":3,"name":"Umwelt","item":"https:\/\/bierger.remich.lu\/de\/ville-de-remich\/umwelt\/"},{"@type":"ListItem","position":4,"name":"Energiekooperativ Kanton Remich"}]},{"@type":"WebSite","@id":"https:\/\/bierger.remich.lu\/de\/#website","url":"https:\/\/bierger.remich.lu\/de\/","name":"Ville de Remich","description":"","potentialAction":[{"@type":"SearchAction","target":{"@type":"EntryPoint","urlTemplate":"https:\/\/bierger.remich.lu\/de\/?s={search_term_string}"},"query-input":{"@type":"PropertyValueSpecification","valueRequired":true,"valueName":"search_term_string"}}],"inLanguage":"de"}]}},"_links":{"self":[{"href":"https:\/\/bierger.remich.lu\/de\/wp-json\/wp\/v2\/pages\/11875","targetHints":{"allow":["GET"]}}],"collection":[{"href":"https:\/\/bierger.remich.lu\/de\/wp-json\/wp\/v2\/pages"}],"about":[{"href":"https:\/\/bierger.remich.lu\/de\/wp-json\/wp\/v2\/types\/page"}],"author":[{"embeddable":true,"href":"https:\/\/bierger.remich.lu\/de\/wp-json\/wp\/v2\/users\/4"}],"replies":[{"embeddable":true,"href":"https:\/\/bierger.remich.lu\/de\/wp-json\/wp\/v2\/comments?post=11875"}],"version-history":[{"count":5,"href":"https:\/\/bierger.remich.lu\/de\/wp-json\/wp\/v2\/pages\/11875\/revisions"}],"predecessor-version":[{"id":14035,"href":"https:\/\/bierger.remich.lu\/de\/wp-json\/wp\/v2\/pages\/11875\/revisions\/14035"}],"up":[{"embeddable":true,"href":"https:\/\/bierger.remich.lu\/de\/wp-json\/wp\/v2\/pages\/50"}],"wp:featuredmedia":[{"embeddable":true,"href":"https:\/\/bierger.remich.lu\/de\/wp-json\/wp\/v2\/media\/2038"}],"wp:attachment":[{"href":"https:\/\/bierger.remich.lu\/de\/wp-json\/wp\/v2\/media?parent=11875"}],"curies":[{"name":"wp","href":"https:\/\/api.w.org\/{rel}","templated":true}]}}