{"id":12115,"date":"2023-03-30T10:51:38","date_gmt":"2023-03-30T08:51:38","guid":{"rendered":"https:\/\/bierger.remich.lu\/?page_id=12115"},"modified":"2023-03-30T14:17:46","modified_gmt":"2023-03-30T12:17:46","slug":"umweltberater","status":"publish","type":"page","link":"https:\/\/bierger.remich.lu\/de\/ville-de-remich\/umwelt\/umweltberater\/","title":{"rendered":"Umweltberater"},"content":{"rendered":"Am 31. Juli 2021 ist das Gesetz zum Naturpakt beschlossen worden. Mit diesem sollen die Gemeinden durch Anreize bei der Umsetzung von Naturschutzma\u00dfnahmen unterst\u00fctzt und ihrer wichtigen Rolle Rechnung getragen werden. F\u00fcr das Erreichen der Vorgaben wird den Gemeinden ein Naturpaktberater zur Seite gestellt, der sie bei den Vorhaben unterst\u00fctzt.<\/p>\n<p><strong>Der Umweltberater fungiert als Ansprechpartner f\u00fcr naturschutzrelevante Themen. Er bietet Informationen und Beratung zu natur- und wasserschutztechnischen Themen an.<\/strong><\/p>\n<p><strong>Bei Fragen zu Artenschutz, zu der nat\u00fcrlicher Gestaltung eines Grundst\u00fccks, zur Landwirtschaft, Biodiversit\u00e4tsprogrammen und \u00e4hnlichem kann der Umweltberater beratend einwirken und auch Projekte unterst\u00fctzen.<\/strong><\/p>\n<p>Beim Naturpakt gibt es ein mehrstufiges Zertifizierungsmodell. Je nach erreichter Stufe (Basis, Bronze, Silber oder Gold) gibt es f\u00fcr die Gemeinden Subventionen, die sie f\u00fcr ihre Leistungen erhalten.<\/p>\n<p>Der Naturpakt verfolgt nachstehende Ziele:<\/p>\n<ul>\n<li>Schutz und Erhaltung der Natur und der nat\u00fcrlichen Ressourcen im Allgemeinen<\/li>\n<li>Kampf gegen den R\u00fcckgang der biologischen Vielfalt und Wiederherstellung von Biotopen und Lebensr\u00e4umen<\/li>\n<li>Wiederherstellung der \u00f6kologischen Konnektivit\u00e4t<\/li>\n<li>Widerstandsf\u00e4higkeit von \u00d6kosystemen gegen\u00fcber verschiedenen St\u00f6rfaktoren<\/li>\n<li>Wiederherstellung von \u00d6kosystemdienstleistungen<\/li>\n<\/ul>\n<p>Weitere Infos zum Naturpakt: <a href=\"https:\/\/www.pactenature.lu\">pactenature.lu<\/a>","protected":false},"excerpt":{"rendered":"<p>Am 31. Juli 2021 ist das Gesetz zum Naturpakt beschlossen worden. Mit diesem sollen die Gemeinden durch Anreize bei der Umsetzung von Naturschutzma\u00dfnahmen unterst\u00fctzt und ihrer wichtigen Rolle Rechnung getragen werden. F\u00fcr das Erreichen der Vorgaben wird den Gemeinden ein Naturpaktberater zur Seite gestellt, der sie bei den Vorhaben unterst\u00fctzt. Der Umweltberater fungiert als Ansprechpartner&#8230;  <a class=\"excerpt-read-more\" href=\"https:\/\/bierger.remich.lu\/de\/ville-de-remich\/umwelt\/umweltberater\/\" title=\"ReadUmweltberater\">Mehr lesen \u00bb<\/a><\/p>\n","protected":false},"author":4,"featured_media":2156,"parent":50,"menu_order":40,"comment_status":"closed","ping_status":"closed","template":"","meta":{"_acf_changed":false,"xn-wppe-expiration":[],"xn-wppe-expiration-action":[],"xn-wppe-expiration-prefix":[],"footnotes":"","_links_to":"","_links_to_target":""},"class_list":["post-12115","page","type-page","status-publish","has-post-thumbnail","hentry","keyword-umwelt"],"acf":[],"yoast_head":"<!-- This site is optimized with the Yoast SEO plugin v26.7 - https:\/\/yoast.com\/wordpress\/plugins\/seo\/ -->\n<title>Umweltberater - Ville de Remich<\/title>\n<meta name=\"robots\" content=\"index, follow, max-snippet:-1, max-image-preview:large, max-video-preview:-1\" \/>\n<link rel=\"canonical\" href=\"https:\/\/bierger.remich.lu\/de\/ville-de-remich\/umwelt\/umweltberater\/\" \/>\n<meta property=\"og:locale\" content=\"de_DE\" \/>\n<meta property=\"og:type\" content=\"article\" \/>\n<meta property=\"og:title\" content=\"Umweltberater - Ville de Remich\" \/>\n<meta property=\"og:description\" content=\"Am 31. Juli 2021 ist das Gesetz zum Naturpakt beschlossen worden. Mit diesem sollen die Gemeinden durch Anreize bei der Umsetzung von Naturschutzma\u00dfnahmen unterst\u00fctzt und ihrer wichtigen Rolle Rechnung getragen werden. F\u00fcr das Erreichen der Vorgaben wird den Gemeinden ein Naturpaktberater zur Seite gestellt, der sie bei den Vorhaben unterst\u00fctzt. Der Umweltberater fungiert als Ansprechpartner... Mehr lesen \u00bb\" \/>\n<meta property=\"og:url\" content=\"https:\/\/bierger.remich.lu\/de\/ville-de-remich\/umwelt\/umweltberater\/\" \/>\n<meta property=\"og:site_name\" content=\"Ville de Remich\" \/>\n<meta property=\"article:modified_time\" content=\"2023-03-30T12:17:46+00:00\" \/>\n<meta property=\"og:image\" content=\"https:\/\/bierger.remich.lu\/wp-content\/uploads\/sites\/3\/2017\/09\/309B8013-1024x683.jpg\" \/>\n\t<meta property=\"og:image:width\" content=\"1024\" \/>\n\t<meta property=\"og:image:height\" content=\"683\" \/>\n\t<meta property=\"og:image:type\" content=\"image\/jpeg\" \/>\n<meta name=\"twitter:card\" content=\"summary_large_image\" \/>\n<meta name=\"twitter:label1\" content=\"Gesch\u00e4tzte Lesezeit\" \/>\n\t<meta name=\"twitter:data1\" content=\"4\u00a0Minuten\" \/>\n<script type=\"application\/ld+json\" class=\"yoast-schema-graph\">{\"@context\":\"https:\/\/schema.org\",\"@graph\":[{\"@type\":\"WebPage\",\"@id\":\"https:\/\/bierger.remich.lu\/de\/ville-de-remich\/umwelt\/umweltberater\/\",\"url\":\"https:\/\/bierger.remich.lu\/de\/ville-de-remich\/umwelt\/umweltberater\/\",\"name\":\"Umweltberater - Ville de Remich\",\"isPartOf\":{\"@id\":\"https:\/\/bierger.remich.lu\/de\/#website\"},\"primaryImageOfPage\":{\"@id\":\"https:\/\/bierger.remich.lu\/de\/ville-de-remich\/umwelt\/umweltberater\/#primaryimage\"},\"image\":{\"@id\":\"https:\/\/bierger.remich.lu\/de\/ville-de-remich\/umwelt\/umweltberater\/#primaryimage\"},\"thumbnailUrl\":\"https:\/\/bierger.remich.lu\/wp-content\/uploads\/sites\/3\/2017\/09\/309B8013.jpg\",\"datePublished\":\"2023-03-30T08:51:38+00:00\",\"dateModified\":\"2023-03-30T12:17:46+00:00\",\"breadcrumb\":{\"@id\":\"https:\/\/bierger.remich.lu\/de\/ville-de-remich\/umwelt\/umweltberater\/#breadcrumb\"},\"inLanguage\":\"de\",\"potentialAction\":[{\"@type\":\"ReadAction\",\"target\":[\"https:\/\/bierger.remich.lu\/de\/ville-de-remich\/umwelt\/umweltberater\/\"]}]},{\"@type\":\"ImageObject\",\"inLanguage\":\"de\",\"@id\":\"https:\/\/bierger.remich.lu\/de\/ville-de-remich\/umwelt\/umweltberater\/#primaryimage\",\"url\":\"https:\/\/bierger.remich.lu\/wp-content\/uploads\/sites\/3\/2017\/09\/309B8013.jpg\",\"contentUrl\":\"https:\/\/bierger.remich.lu\/wp-content\/uploads\/sites\/3\/2017\/09\/309B8013.jpg\",\"width\":5760,\"height\":3840},{\"@type\":\"BreadcrumbList\",\"@id\":\"https:\/\/bierger.remich.lu\/de\/ville-de-remich\/umwelt\/umweltberater\/#breadcrumb\",\"itemListElement\":[{\"@type\":\"ListItem\",\"position\":1,\"name\":\"Startseite\",\"item\":\"https:\/\/bierger.remich.lu\/de\/\"},{\"@type\":\"ListItem\",\"position\":2,\"name\":\"Stadt Remich\",\"item\":\"https:\/\/bierger.remich.lu\/de\/ville-de-remich\/\"},{\"@type\":\"ListItem\",\"position\":3,\"name\":\"Umwelt\",\"item\":\"https:\/\/bierger.remich.lu\/de\/ville-de-remich\/umwelt\/\"},{\"@type\":\"ListItem\",\"position\":4,\"name\":\"Umweltberater\"}]},{\"@type\":\"WebSite\",\"@id\":\"https:\/\/bierger.remich.lu\/de\/#website\",\"url\":\"https:\/\/bierger.remich.lu\/de\/\",\"name\":\"Ville de Remich\",\"description\":\"\",\"potentialAction\":[{\"@type\":\"SearchAction\",\"target\":{\"@type\":\"EntryPoint\",\"urlTemplate\":\"https:\/\/bierger.remich.lu\/de\/?s={search_term_string}\"},\"query-input\":{\"@type\":\"PropertyValueSpecification\",\"valueRequired\":true,\"valueName\":\"search_term_string\"}}],\"inLanguage\":\"de\"}]}<\/script>\n<!-- \/ Yoast SEO plugin. -->","yoast_head_json":{"title":"Umweltberater - Ville de Remich","robots":{"index":"index","follow":"follow","max-snippet":"max-snippet:-1","max-image-preview":"max-image-preview:large","max-video-preview":"max-video-preview:-1"},"canonical":"https:\/\/bierger.remich.lu\/de\/ville-de-remich\/umwelt\/umweltberater\/","og_locale":"de_DE","og_type":"article","og_title":"Umweltberater - Ville de Remich","og_description":"Am 31. Juli 2021 ist das Gesetz zum Naturpakt beschlossen worden. Mit diesem sollen die Gemeinden durch Anreize bei der Umsetzung von Naturschutzma\u00dfnahmen unterst\u00fctzt und ihrer wichtigen Rolle Rechnung getragen werden. F\u00fcr das Erreichen der Vorgaben wird den Gemeinden ein Naturpaktberater zur Seite gestellt, der sie bei den Vorhaben unterst\u00fctzt. Der Umweltberater fungiert als Ansprechpartner... Mehr lesen \u00bb","og_url":"https:\/\/bierger.remich.lu\/de\/ville-de-remich\/umwelt\/umweltberater\/","og_site_name":"Ville de Remich","article_modified_time":"2023-03-30T12:17:46+00:00","og_image":[{"width":1024,"height":683,"url":"https:\/\/bierger.remich.lu\/wp-content\/uploads\/sites\/3\/2017\/09\/309B8013-1024x683.jpg","type":"image\/jpeg"}],"twitter_card":"summary_large_image","twitter_misc":{"Gesch\u00e4tzte Lesezeit":"4\u00a0Minuten"},"schema":{"@context":"https:\/\/schema.org","@graph":[{"@type":"WebPage","@id":"https:\/\/bierger.remich.lu\/de\/ville-de-remich\/umwelt\/umweltberater\/","url":"https:\/\/bierger.remich.lu\/de\/ville-de-remich\/umwelt\/umweltberater\/","name":"Umweltberater - Ville de Remich","isPartOf":{"@id":"https:\/\/bierger.remich.lu\/de\/#website"},"primaryImageOfPage":{"@id":"https:\/\/bierger.remich.lu\/de\/ville-de-remich\/umwelt\/umweltberater\/#primaryimage"},"image":{"@id":"https:\/\/bierger.remich.lu\/de\/ville-de-remich\/umwelt\/umweltberater\/#primaryimage"},"thumbnailUrl":"https:\/\/bierger.remich.lu\/wp-content\/uploads\/sites\/3\/2017\/09\/309B8013.jpg","datePublished":"2023-03-30T08:51:38+00:00","dateModified":"2023-03-30T12:17:46+00:00","breadcrumb":{"@id":"https:\/\/bierger.remich.lu\/de\/ville-de-remich\/umwelt\/umweltberater\/#breadcrumb"},"inLanguage":"de","potentialAction":[{"@type":"ReadAction","target":["https:\/\/bierger.remich.lu\/de\/ville-de-remich\/umwelt\/umweltberater\/"]}]},{"@type":"ImageObject","inLanguage":"de","@id":"https:\/\/bierger.remich.lu\/de\/ville-de-remich\/umwelt\/umweltberater\/#primaryimage","url":"https:\/\/bierger.remich.lu\/wp-content\/uploads\/sites\/3\/2017\/09\/309B8013.jpg","contentUrl":"https:\/\/bierger.remich.lu\/wp-content\/uploads\/sites\/3\/2017\/09\/309B8013.jpg","width":5760,"height":3840},{"@type":"BreadcrumbList","@id":"https:\/\/bierger.remich.lu\/de\/ville-de-remich\/umwelt\/umweltberater\/#breadcrumb","itemListElement":[{"@type":"ListItem","position":1,"name":"Startseite","item":"https:\/\/bierger.remich.lu\/de\/"},{"@type":"ListItem","position":2,"name":"Stadt Remich","item":"https:\/\/bierger.remich.lu\/de\/ville-de-remich\/"},{"@type":"ListItem","position":3,"name":"Umwelt","item":"https:\/\/bierger.remich.lu\/de\/ville-de-remich\/umwelt\/"},{"@type":"ListItem","position":4,"name":"Umweltberater"}]},{"@type":"WebSite","@id":"https:\/\/bierger.remich.lu\/de\/#website","url":"https:\/\/bierger.remich.lu\/de\/","name":"Ville de Remich","description":"","potentialAction":[{"@type":"SearchAction","target":{"@type":"EntryPoint","urlTemplate":"https:\/\/bierger.remich.lu\/de\/?s={search_term_string}"},"query-input":{"@type":"PropertyValueSpecification","valueRequired":true,"valueName":"search_term_string"}}],"inLanguage":"de"}]}},"_links":{"self":[{"href":"https:\/\/bierger.remich.lu\/de\/wp-json\/wp\/v2\/pages\/12115","targetHints":{"allow":["GET"]}}],"collection":[{"href":"https:\/\/bierger.remich.lu\/de\/wp-json\/wp\/v2\/pages"}],"about":[{"href":"https:\/\/bierger.remich.lu\/de\/wp-json\/wp\/v2\/types\/page"}],"author":[{"embeddable":true,"href":"https:\/\/bierger.remich.lu\/de\/wp-json\/wp\/v2\/users\/4"}],"replies":[{"embeddable":true,"href":"https:\/\/bierger.remich.lu\/de\/wp-json\/wp\/v2\/comments?post=12115"}],"version-history":[{"count":12,"href":"https:\/\/bierger.remich.lu\/de\/wp-json\/wp\/v2\/pages\/12115\/revisions"}],"predecessor-version":[{"id":12134,"href":"https:\/\/bierger.remich.lu\/de\/wp-json\/wp\/v2\/pages\/12115\/revisions\/12134"}],"up":[{"embeddable":true,"href":"https:\/\/bierger.remich.lu\/de\/wp-json\/wp\/v2\/pages\/50"}],"wp:featuredmedia":[{"embeddable":true,"href":"https:\/\/bierger.remich.lu\/de\/wp-json\/wp\/v2\/media\/2156"}],"wp:attachment":[{"href":"https:\/\/bierger.remich.lu\/de\/wp-json\/wp\/v2\/media?parent=12115"}],"curies":[{"name":"wp","href":"https:\/\/api.w.org\/{rel}","templated":true}]}}