{"id":122,"date":"2016-08-30T13:58:35","date_gmt":"2016-08-30T12:58:35","guid":{"rendered":"http:\/\/reimech.lu\/?page_id=122"},"modified":"2026-01-09T11:36:54","modified_gmt":"2026-01-09T10:36:54","slug":"francais-secretariat","status":"publish","type":"page","link":"https:\/\/bierger.remich.lu\/de\/services-au-citoyen\/administration\/francais-secretariat\/","title":{"rendered":"Sekretariat"},"content":{"rendered":"<ul>\n<li class=\"abel20\">Koordination der Akten welche dem Sch\u00f6ffen- und Gemeinderat vorzulegen sind<\/li>\n<li>Allgemeine Koordination zwischen den verschiedenen Gemeindeabteilungen<\/li>\n<li>Unterst\u00fctzung des Sch\u00f6ffenrates in dessen Aus\u00fcbung seiner Aufgaben<\/li>\n<li>Aufstellen der Tagesordnungen der Sch\u00f6ffen- und Gemeinderates<\/li>\n<li>Organisation der Sch\u00f6ffen- und Gemeinderatsitzungen<\/li>\n<li>Verfassen der Beschlussfassungen des Sch\u00f6ffen- und Gemeinderates<\/li>\n<li>Verfassen und Aktualisieren der Gemeindeverordnungen<\/li>\n<li>Verschiedene administrative Arbeiten und Schriftverkehr<\/li>\n<li>Rechnungsanweisungen \/ Verwaltung der Eingangsrechnungen<\/li>\n<\/ul>","protected":false},"excerpt":{"rendered":"<p>Koordination der Akten welche dem Sch\u00f6ffen- und Gemeinderat vorzulegen sind Allgemeine Koordination zwischen den verschiedenen Gemeindeabteilungen Unterst\u00fctzung des Sch\u00f6ffenrates in dessen Aus\u00fcbung seiner Aufgaben Aufstellen der Tagesordnungen der Sch\u00f6ffen- und Gemeinderates Organisation der Sch\u00f6ffen- und Gemeinderatsitzungen Verfassen der Beschlussfassungen des Sch\u00f6ffen- und Gemeinderates Verfassen und Aktualisieren der Gemeindeverordnungen Verschiedene administrative Arbeiten und Schriftverkehr Rechnungsanweisungen \/&#8230;  <a class=\"excerpt-read-more\" href=\"https:\/\/bierger.remich.lu\/de\/services-au-citoyen\/administration\/francais-secretariat\/\" title=\"ReadSekretariat\">Mehr lesen \u00bb<\/a><\/p>\n","protected":false},"author":1,"featured_media":2070,"parent":54,"menu_order":73,"comment_status":"closed","ping_status":"closed","template":"","meta":{"_acf_changed":false,"xn-wppe-expiration":[],"xn-wppe-expiration-action":[],"xn-wppe-expiration-prefix":[],"footnotes":"","_links_to":"","_links_to_target":""},"class_list":["post-122","page","type-page","status-publish","has-post-thumbnail","hentry","keyword-conseil-communal","keyword-gemeinderatssitzung","keyword-genehmigung","keyword-marche","keyword-eau"],"acf":[],"yoast_head":"<!-- This site is optimized with the Yoast SEO plugin v26.7 - https:\/\/yoast.com\/wordpress\/plugins\/seo\/ -->\n<title>Sekretariat - Ville de Remich<\/title>\n<meta name=\"robots\" content=\"index, follow, max-snippet:-1, max-image-preview:large, max-video-preview:-1\" \/>\n<link rel=\"canonical\" href=\"https:\/\/bierger.remich.lu\/services-au-citoyen\/administration\/francais-secretariat\/\" \/>\n<meta property=\"og:locale\" content=\"de_DE\" \/>\n<meta property=\"og:type\" content=\"article\" \/>\n<meta property=\"og:title\" content=\"Sekretariat - Ville de Remich\" \/>\n<meta property=\"og:description\" content=\"Koordination der Akten welche dem Sch\u00f6ffen- und Gemeinderat vorzulegen sind Allgemeine Koordination zwischen den verschiedenen Gemeindeabteilungen Unterst\u00fctzung des Sch\u00f6ffenrates in dessen Aus\u00fcbung seiner Aufgaben Aufstellen der Tagesordnungen der Sch\u00f6ffen- und Gemeinderates Organisation der Sch\u00f6ffen- und Gemeinderatsitzungen Verfassen der Beschlussfassungen des Sch\u00f6ffen- und Gemeinderates Verfassen und Aktualisieren der Gemeindeverordnungen Verschiedene administrative Arbeiten und Schriftverkehr Rechnungsanweisungen \/... Mehr lesen \u00bb\" \/>\n<meta property=\"og:url\" content=\"https:\/\/bierger.remich.lu\/services-au-citoyen\/administration\/francais-secretariat\/\" \/>\n<meta property=\"og:site_name\" content=\"Ville de Remich\" \/>\n<meta property=\"article:modified_time\" content=\"2026-01-09T10:36:54+00:00\" \/>\n<meta property=\"og:image\" content=\"https:\/\/bierger.remich.lu\/wp-content\/uploads\/sites\/3\/2016\/08\/glenn-carstens-peters-203007-e1505308875384.jpg\" \/>\n\t<meta property=\"og:image:width\" content=\"1334\" \/>\n\t<meta property=\"og:image:height\" content=\"2608\" \/>\n\t<meta property=\"og:image:type\" content=\"image\/jpeg\" \/>\n<meta name=\"twitter:card\" content=\"summary_large_image\" \/>\n<meta name=\"twitter:label1\" content=\"Gesch\u00e4tzte Lesezeit\" \/>\n\t<meta name=\"twitter:data1\" content=\"1\u00a0Minute\" \/>\n<script type=\"application\/ld+json\" class=\"yoast-schema-graph\">{\"@context\":\"https:\/\/schema.org\",\"@graph\":[{\"@type\":\"WebPage\",\"@id\":\"https:\/\/bierger.remich.lu\/services-au-citoyen\/administration\/francais-secretariat\/\",\"url\":\"https:\/\/bierger.remich.lu\/services-au-citoyen\/administration\/francais-secretariat\/\",\"name\":\"Sekretariat - Ville de Remich\",\"isPartOf\":{\"@id\":\"https:\/\/bierger.remich.lu\/de\/#website\"},\"primaryImageOfPage\":{\"@id\":\"https:\/\/bierger.remich.lu\/services-au-citoyen\/administration\/francais-secretariat\/#primaryimage\"},\"image\":{\"@id\":\"https:\/\/bierger.remich.lu\/services-au-citoyen\/administration\/francais-secretariat\/#primaryimage\"},\"thumbnailUrl\":\"https:\/\/bierger.remich.lu\/wp-content\/uploads\/sites\/3\/2016\/08\/glenn-carstens-peters-203007-e1505308875384.jpg\",\"datePublished\":\"2016-08-30T12:58:35+00:00\",\"dateModified\":\"2026-01-09T10:36:54+00:00\",\"breadcrumb\":{\"@id\":\"https:\/\/bierger.remich.lu\/services-au-citoyen\/administration\/francais-secretariat\/#breadcrumb\"},\"inLanguage\":\"de\",\"potentialAction\":[{\"@type\":\"ReadAction\",\"target\":[\"https:\/\/bierger.remich.lu\/services-au-citoyen\/administration\/francais-secretariat\/\"]}]},{\"@type\":\"ImageObject\",\"inLanguage\":\"de\",\"@id\":\"https:\/\/bierger.remich.lu\/services-au-citoyen\/administration\/francais-secretariat\/#primaryimage\",\"url\":\"https:\/\/bierger.remich.lu\/wp-content\/uploads\/sites\/3\/2016\/08\/glenn-carstens-peters-203007-e1505308875384.jpg\",\"contentUrl\":\"https:\/\/bierger.remich.lu\/wp-content\/uploads\/sites\/3\/2016\/08\/glenn-carstens-peters-203007-e1505308875384.jpg\",\"width\":1334,\"height\":2608},{\"@type\":\"BreadcrumbList\",\"@id\":\"https:\/\/bierger.remich.lu\/services-au-citoyen\/administration\/francais-secretariat\/#breadcrumb\",\"itemListElement\":[{\"@type\":\"ListItem\",\"position\":1,\"name\":\"Startseite\",\"item\":\"https:\/\/bierger.remich.lu\/de\/\"},{\"@type\":\"ListItem\",\"position\":2,\"name\":\"B\u00fcrgerdienste\",\"item\":\"https:\/\/bierger.remich.lu\/de\/services-au-citoyen\/\"},{\"@type\":\"ListItem\",\"position\":3,\"name\":\"Verwaltung\",\"item\":\"https:\/\/bierger.remich.lu\/services-au-citoyen\/administration\/\"},{\"@type\":\"ListItem\",\"position\":4,\"name\":\"Sekretariat\"}]},{\"@type\":\"WebSite\",\"@id\":\"https:\/\/bierger.remich.lu\/de\/#website\",\"url\":\"https:\/\/bierger.remich.lu\/de\/\",\"name\":\"Ville de Remich\",\"description\":\"\",\"potentialAction\":[{\"@type\":\"SearchAction\",\"target\":{\"@type\":\"EntryPoint\",\"urlTemplate\":\"https:\/\/bierger.remich.lu\/de\/?s={search_term_string}\"},\"query-input\":{\"@type\":\"PropertyValueSpecification\",\"valueRequired\":true,\"valueName\":\"search_term_string\"}}],\"inLanguage\":\"de\"}]}<\/script>\n<!-- \/ Yoast SEO plugin. -->","yoast_head_json":{"title":"Sekretariat - Ville de Remich","robots":{"index":"index","follow":"follow","max-snippet":"max-snippet:-1","max-image-preview":"max-image-preview:large","max-video-preview":"max-video-preview:-1"},"canonical":"https:\/\/bierger.remich.lu\/services-au-citoyen\/administration\/francais-secretariat\/","og_locale":"de_DE","og_type":"article","og_title":"Sekretariat - Ville de Remich","og_description":"Koordination der Akten welche dem Sch\u00f6ffen- und Gemeinderat vorzulegen sind Allgemeine Koordination zwischen den verschiedenen Gemeindeabteilungen Unterst\u00fctzung des Sch\u00f6ffenrates in dessen Aus\u00fcbung seiner Aufgaben Aufstellen der Tagesordnungen der Sch\u00f6ffen- und Gemeinderates Organisation der Sch\u00f6ffen- und Gemeinderatsitzungen Verfassen der Beschlussfassungen des Sch\u00f6ffen- und Gemeinderates Verfassen und Aktualisieren der Gemeindeverordnungen Verschiedene administrative Arbeiten und Schriftverkehr Rechnungsanweisungen \/... Mehr lesen \u00bb","og_url":"https:\/\/bierger.remich.lu\/services-au-citoyen\/administration\/francais-secretariat\/","og_site_name":"Ville de Remich","article_modified_time":"2026-01-09T10:36:54+00:00","og_image":[{"width":1334,"height":2608,"url":"https:\/\/bierger.remich.lu\/wp-content\/uploads\/sites\/3\/2016\/08\/glenn-carstens-peters-203007-e1505308875384.jpg","type":"image\/jpeg"}],"twitter_card":"summary_large_image","twitter_misc":{"Gesch\u00e4tzte Lesezeit":"1\u00a0Minute"},"schema":{"@context":"https:\/\/schema.org","@graph":[{"@type":"WebPage","@id":"https:\/\/bierger.remich.lu\/services-au-citoyen\/administration\/francais-secretariat\/","url":"https:\/\/bierger.remich.lu\/services-au-citoyen\/administration\/francais-secretariat\/","name":"Sekretariat - Ville de Remich","isPartOf":{"@id":"https:\/\/bierger.remich.lu\/de\/#website"},"primaryImageOfPage":{"@id":"https:\/\/bierger.remich.lu\/services-au-citoyen\/administration\/francais-secretariat\/#primaryimage"},"image":{"@id":"https:\/\/bierger.remich.lu\/services-au-citoyen\/administration\/francais-secretariat\/#primaryimage"},"thumbnailUrl":"https:\/\/bierger.remich.lu\/wp-content\/uploads\/sites\/3\/2016\/08\/glenn-carstens-peters-203007-e1505308875384.jpg","datePublished":"2016-08-30T12:58:35+00:00","dateModified":"2026-01-09T10:36:54+00:00","breadcrumb":{"@id":"https:\/\/bierger.remich.lu\/services-au-citoyen\/administration\/francais-secretariat\/#breadcrumb"},"inLanguage":"de","potentialAction":[{"@type":"ReadAction","target":["https:\/\/bierger.remich.lu\/services-au-citoyen\/administration\/francais-secretariat\/"]}]},{"@type":"ImageObject","inLanguage":"de","@id":"https:\/\/bierger.remich.lu\/services-au-citoyen\/administration\/francais-secretariat\/#primaryimage","url":"https:\/\/bierger.remich.lu\/wp-content\/uploads\/sites\/3\/2016\/08\/glenn-carstens-peters-203007-e1505308875384.jpg","contentUrl":"https:\/\/bierger.remich.lu\/wp-content\/uploads\/sites\/3\/2016\/08\/glenn-carstens-peters-203007-e1505308875384.jpg","width":1334,"height":2608},{"@type":"BreadcrumbList","@id":"https:\/\/bierger.remich.lu\/services-au-citoyen\/administration\/francais-secretariat\/#breadcrumb","itemListElement":[{"@type":"ListItem","position":1,"name":"Startseite","item":"https:\/\/bierger.remich.lu\/de\/"},{"@type":"ListItem","position":2,"name":"B\u00fcrgerdienste","item":"https:\/\/bierger.remich.lu\/de\/services-au-citoyen\/"},{"@type":"ListItem","position":3,"name":"Verwaltung","item":"https:\/\/bierger.remich.lu\/services-au-citoyen\/administration\/"},{"@type":"ListItem","position":4,"name":"Sekretariat"}]},{"@type":"WebSite","@id":"https:\/\/bierger.remich.lu\/de\/#website","url":"https:\/\/bierger.remich.lu\/de\/","name":"Ville de Remich","description":"","potentialAction":[{"@type":"SearchAction","target":{"@type":"EntryPoint","urlTemplate":"https:\/\/bierger.remich.lu\/de\/?s={search_term_string}"},"query-input":{"@type":"PropertyValueSpecification","valueRequired":true,"valueName":"search_term_string"}}],"inLanguage":"de"}]}},"_links":{"self":[{"href":"https:\/\/bierger.remich.lu\/de\/wp-json\/wp\/v2\/pages\/122","targetHints":{"allow":["GET"]}}],"collection":[{"href":"https:\/\/bierger.remich.lu\/de\/wp-json\/wp\/v2\/pages"}],"about":[{"href":"https:\/\/bierger.remich.lu\/de\/wp-json\/wp\/v2\/types\/page"}],"author":[{"embeddable":true,"href":"https:\/\/bierger.remich.lu\/de\/wp-json\/wp\/v2\/users\/1"}],"replies":[{"embeddable":true,"href":"https:\/\/bierger.remich.lu\/de\/wp-json\/wp\/v2\/comments?post=122"}],"version-history":[{"count":14,"href":"https:\/\/bierger.remich.lu\/de\/wp-json\/wp\/v2\/pages\/122\/revisions"}],"predecessor-version":[{"id":7182,"href":"https:\/\/bierger.remich.lu\/de\/wp-json\/wp\/v2\/pages\/122\/revisions\/7182"}],"up":[{"embeddable":true,"href":"https:\/\/bierger.remich.lu\/de\/wp-json\/wp\/v2\/pages\/54"}],"wp:featuredmedia":[{"embeddable":true,"href":"https:\/\/bierger.remich.lu\/de\/wp-json\/wp\/v2\/media\/2070"}],"wp:attachment":[{"href":"https:\/\/bierger.remich.lu\/de\/wp-json\/wp\/v2\/media?parent=122"}],"curies":[{"name":"wp","href":"https:\/\/api.w.org\/{rel}","templated":true}]}}