{"id":1262,"date":"2017-07-20T09:34:34","date_gmt":"2017-07-20T08:34:34","guid":{"rendered":"http:\/\/reimech.lu\/?page_id=1262"},"modified":"2026-04-02T17:24:26","modified_gmt":"2026-04-02T15:24:26","slug":"francais-gestion-des-dechets","status":"publish","type":"page","link":"https:\/\/bierger.remich.lu\/de\/ville-de-remich\/umwelt\/francais-gestion-des-dechets\/","title":{"rendered":"Abfallentsorgung"},"content":{"rendered":"<h2>Recycling<\/h2>\n<p>Seit Januar 2017 bietet die Stadt Remich separate Sammlungen f\u00fcr wiederverwertbare Abf\u00e4lle an.<\/p>\n<p>Neben den recycelbaren M\u00fcllsammlungen k\u00f6nnen die Einwohner der Stadt Remich auch das Recyclingcenter in Bech-Kleinmacher nutzen, welches nur den Inhabern einer Zugangskarte vorbehalten ist.<\/p>\n<p>Auch der SIGRE bietet Dienstleistungen im Berich der Entsorgung und Wiederverwertung von Abf\u00e4llen, so wie auch den Verkauf von Kompost an.<\/p>\n<p>Bei der SuperDrecksK\u00ebscht\u00ae k\u00f6nnen Sie Problemabf\u00e4lle entsorgen.<\/p>\n<p>Alle Infos finden Sie in unserem Abfall-Leitfaden.<\/p>\n<h2>Einf\u00fchrung eines Ident-Systems f\u00fcr Abfallbeh\u00e4lter<\/h2>\n<p>Um eine genaue Erfassung der Abfallmengen zu erm\u00f6glichen und der Gemeinde die Bestandsverwaltung zu vereinfachen, wurden die grauen Restabfallbeh\u00e4lter (M\u00fclltonnen und Container aller Gr\u00f6\u00dfen) mit einem elektronischen Chip ausgestattet. Deshalb werden auch keine Jahresetiketten mehr auf den Beh\u00e4ltern angebracht.<\/p>\n<p>Die nach der Inbetriebnahme des Systems festgestellte Entleerungsfrequenz des grauen Beh\u00e4lters wird in Zukunft und nach der Anpassung der kommunalen Abfallgeb\u00fchr zur Berechnung der abgefahrenen Menge dienen. D.h. die B\u00fcrger k\u00f6nnen durch die verst\u00e4rkte Nutzung der Recyclingm\u00f6glichkeiten selbst die H\u00f6he der zu bezahlenden Geb\u00fchren positiv beeinflussen!<\/p>\n<p>Die Chips sind passiv und k\u00f6nnen weder Daten senden noch speichern.<\/p>\n<p style=\"font-weight: 400\"><span style=\"color: #ff0000\"><em>Falls Ihr grauer M\u00fcllbeh\u00e4lter noch keinen Chip und kein Identifikationsetikett mit Barcode hat, dann melden Sie sich bitte bei der Gemeinde um einen Termin zu vereinbaren: (+352) 621 243 902.\u00a0Ab dem 4. Juli werden M\u00fcllbeh\u00e4lter ohne Chip nicht mehr entleert.<\/em><\/span><\/p>","protected":false},"excerpt":{"rendered":"<p>Recycling Seit Januar 2017 bietet die Stadt Remich separate Sammlungen f\u00fcr wiederverwertbare Abf\u00e4lle an. Neben den recycelbaren M\u00fcllsammlungen k\u00f6nnen die Einwohner der Stadt Remich auch das Recyclingcenter in Bech-Kleinmacher nutzen, welches nur den Inhabern einer Zugangskarte vorbehalten ist. Auch der SIGRE bietet Dienstleistungen im Berich der Entsorgung und Wiederverwertung von Abf\u00e4llen, so wie auch den&#8230;  <a class=\"excerpt-read-more\" href=\"https:\/\/bierger.remich.lu\/de\/ville-de-remich\/umwelt\/francais-gestion-des-dechets\/\" title=\"ReadAbfallentsorgung\">Mehr lesen \u00bb<\/a><\/p>\n","protected":false},"author":4,"featured_media":2045,"parent":50,"menu_order":1,"comment_status":"closed","ping_status":"closed","template":"","meta":{"_acf_changed":false,"xn-wppe-expiration":[],"xn-wppe-expiration-action":[],"xn-wppe-expiration-prefix":[],"footnotes":"","_links_to":"","_links_to_target":""},"class_list":["post-1262","page","type-page","status-publish","has-post-thumbnail","hentry","keyword-abfall","keyword-hein","keyword-mulleimer","keyword-recyclage","keyword-sigre","keyword-superdreckskescht","keyword-valorlux"],"acf":[],"yoast_head":"<!-- This site is optimized with the Yoast SEO plugin v26.7 - https:\/\/yoast.com\/wordpress\/plugins\/seo\/ -->\n<title>Abfallentsorgung - Ville de Remich<\/title>\n<meta name=\"robots\" content=\"index, follow, max-snippet:-1, max-image-preview:large, max-video-preview:-1\" \/>\n<link rel=\"canonical\" href=\"https:\/\/bierger.remich.lu\/ville-de-remich\/umwelt\/francais-gestion-des-dechets\/\" \/>\n<meta property=\"og:locale\" content=\"de_DE\" \/>\n<meta property=\"og:type\" content=\"article\" \/>\n<meta property=\"og:title\" content=\"Abfallentsorgung - Ville de Remich\" \/>\n<meta property=\"og:description\" content=\"Recycling Seit Januar 2017 bietet die Stadt Remich separate Sammlungen f\u00fcr wiederverwertbare Abf\u00e4lle an. Neben den recycelbaren M\u00fcllsammlungen k\u00f6nnen die Einwohner der Stadt Remich auch das Recyclingcenter in Bech-Kleinmacher nutzen, welches nur den Inhabern einer Zugangskarte vorbehalten ist. Auch der SIGRE bietet Dienstleistungen im Berich der Entsorgung und Wiederverwertung von Abf\u00e4llen, so wie auch den... Mehr lesen \u00bb\" \/>\n<meta property=\"og:url\" content=\"https:\/\/bierger.remich.lu\/ville-de-remich\/umwelt\/francais-gestion-des-dechets\/\" \/>\n<meta property=\"og:site_name\" content=\"Ville de Remich\" \/>\n<meta property=\"article:modified_time\" content=\"2026-04-02T15:24:26+00:00\" \/>\n<meta property=\"og:image\" content=\"https:\/\/bierger.remich.lu\/wp-content\/uploads\/sites\/3\/2017\/07\/Bildschirmfoto-2017-09-12-um-11.11.58.png\" \/>\n\t<meta property=\"og:image:width\" content=\"420\" \/>\n\t<meta property=\"og:image:height\" content=\"1158\" \/>\n\t<meta property=\"og:image:type\" content=\"image\/png\" \/>\n<meta name=\"twitter:card\" content=\"summary_large_image\" \/>\n<meta name=\"twitter:label1\" content=\"Gesch\u00e4tzte Lesezeit\" \/>\n\t<meta name=\"twitter:data1\" content=\"2\u00a0Minuten\" \/>\n<script type=\"application\/ld+json\" class=\"yoast-schema-graph\">{\"@context\":\"https:\/\/schema.org\",\"@graph\":[{\"@type\":\"WebPage\",\"@id\":\"https:\/\/bierger.remich.lu\/ville-de-remich\/umwelt\/francais-gestion-des-dechets\/\",\"url\":\"https:\/\/bierger.remich.lu\/ville-de-remich\/umwelt\/francais-gestion-des-dechets\/\",\"name\":\"Abfallentsorgung - Ville de Remich\",\"isPartOf\":{\"@id\":\"https:\/\/bierger.remich.lu\/de\/#website\"},\"primaryImageOfPage\":{\"@id\":\"https:\/\/bierger.remich.lu\/ville-de-remich\/umwelt\/francais-gestion-des-dechets\/#primaryimage\"},\"image\":{\"@id\":\"https:\/\/bierger.remich.lu\/ville-de-remich\/umwelt\/francais-gestion-des-dechets\/#primaryimage\"},\"thumbnailUrl\":\"https:\/\/bierger.remich.lu\/wp-content\/uploads\/sites\/3\/2017\/07\/Bildschirmfoto-2017-09-12-um-11.11.58.png\",\"datePublished\":\"2017-07-20T08:34:34+00:00\",\"dateModified\":\"2026-04-02T15:24:26+00:00\",\"breadcrumb\":{\"@id\":\"https:\/\/bierger.remich.lu\/ville-de-remich\/umwelt\/francais-gestion-des-dechets\/#breadcrumb\"},\"inLanguage\":\"de\",\"potentialAction\":[{\"@type\":\"ReadAction\",\"target\":[\"https:\/\/bierger.remich.lu\/ville-de-remich\/umwelt\/francais-gestion-des-dechets\/\"]}]},{\"@type\":\"ImageObject\",\"inLanguage\":\"de\",\"@id\":\"https:\/\/bierger.remich.lu\/ville-de-remich\/umwelt\/francais-gestion-des-dechets\/#primaryimage\",\"url\":\"https:\/\/bierger.remich.lu\/wp-content\/uploads\/sites\/3\/2017\/07\/Bildschirmfoto-2017-09-12-um-11.11.58.png\",\"contentUrl\":\"https:\/\/bierger.remich.lu\/wp-content\/uploads\/sites\/3\/2017\/07\/Bildschirmfoto-2017-09-12-um-11.11.58.png\",\"width\":420,\"height\":1158},{\"@type\":\"BreadcrumbList\",\"@id\":\"https:\/\/bierger.remich.lu\/ville-de-remich\/umwelt\/francais-gestion-des-dechets\/#breadcrumb\",\"itemListElement\":[{\"@type\":\"ListItem\",\"position\":1,\"name\":\"Startseite\",\"item\":\"https:\/\/bierger.remich.lu\/de\/\"},{\"@type\":\"ListItem\",\"position\":2,\"name\":\"Stadt Remich\",\"item\":\"https:\/\/bierger.remich.lu\/de\/ville-de-remich\/\"},{\"@type\":\"ListItem\",\"position\":3,\"name\":\"Umwelt\",\"item\":\"https:\/\/bierger.remich.lu\/de\/ville-de-remich\/umwelt\/\"},{\"@type\":\"ListItem\",\"position\":4,\"name\":\"Abfallentsorgung\"}]},{\"@type\":\"WebSite\",\"@id\":\"https:\/\/bierger.remich.lu\/de\/#website\",\"url\":\"https:\/\/bierger.remich.lu\/de\/\",\"name\":\"Ville de Remich\",\"description\":\"\",\"potentialAction\":[{\"@type\":\"SearchAction\",\"target\":{\"@type\":\"EntryPoint\",\"urlTemplate\":\"https:\/\/bierger.remich.lu\/de\/?s={search_term_string}\"},\"query-input\":{\"@type\":\"PropertyValueSpecification\",\"valueRequired\":true,\"valueName\":\"search_term_string\"}}],\"inLanguage\":\"de\"}]}<\/script>\n<!-- \/ Yoast SEO plugin. -->","yoast_head_json":{"title":"Abfallentsorgung - Ville de Remich","robots":{"index":"index","follow":"follow","max-snippet":"max-snippet:-1","max-image-preview":"max-image-preview:large","max-video-preview":"max-video-preview:-1"},"canonical":"https:\/\/bierger.remich.lu\/ville-de-remich\/umwelt\/francais-gestion-des-dechets\/","og_locale":"de_DE","og_type":"article","og_title":"Abfallentsorgung - Ville de Remich","og_description":"Recycling Seit Januar 2017 bietet die Stadt Remich separate Sammlungen f\u00fcr wiederverwertbare Abf\u00e4lle an. Neben den recycelbaren M\u00fcllsammlungen k\u00f6nnen die Einwohner der Stadt Remich auch das Recyclingcenter in Bech-Kleinmacher nutzen, welches nur den Inhabern einer Zugangskarte vorbehalten ist. Auch der SIGRE bietet Dienstleistungen im Berich der Entsorgung und Wiederverwertung von Abf\u00e4llen, so wie auch den... Mehr lesen \u00bb","og_url":"https:\/\/bierger.remich.lu\/ville-de-remich\/umwelt\/francais-gestion-des-dechets\/","og_site_name":"Ville de Remich","article_modified_time":"2026-04-02T15:24:26+00:00","og_image":[{"width":420,"height":1158,"url":"https:\/\/bierger.remich.lu\/wp-content\/uploads\/sites\/3\/2017\/07\/Bildschirmfoto-2017-09-12-um-11.11.58.png","type":"image\/png"}],"twitter_card":"summary_large_image","twitter_misc":{"Gesch\u00e4tzte Lesezeit":"2\u00a0Minuten"},"schema":{"@context":"https:\/\/schema.org","@graph":[{"@type":"WebPage","@id":"https:\/\/bierger.remich.lu\/ville-de-remich\/umwelt\/francais-gestion-des-dechets\/","url":"https:\/\/bierger.remich.lu\/ville-de-remich\/umwelt\/francais-gestion-des-dechets\/","name":"Abfallentsorgung - Ville de Remich","isPartOf":{"@id":"https:\/\/bierger.remich.lu\/de\/#website"},"primaryImageOfPage":{"@id":"https:\/\/bierger.remich.lu\/ville-de-remich\/umwelt\/francais-gestion-des-dechets\/#primaryimage"},"image":{"@id":"https:\/\/bierger.remich.lu\/ville-de-remich\/umwelt\/francais-gestion-des-dechets\/#primaryimage"},"thumbnailUrl":"https:\/\/bierger.remich.lu\/wp-content\/uploads\/sites\/3\/2017\/07\/Bildschirmfoto-2017-09-12-um-11.11.58.png","datePublished":"2017-07-20T08:34:34+00:00","dateModified":"2026-04-02T15:24:26+00:00","breadcrumb":{"@id":"https:\/\/bierger.remich.lu\/ville-de-remich\/umwelt\/francais-gestion-des-dechets\/#breadcrumb"},"inLanguage":"de","potentialAction":[{"@type":"ReadAction","target":["https:\/\/bierger.remich.lu\/ville-de-remich\/umwelt\/francais-gestion-des-dechets\/"]}]},{"@type":"ImageObject","inLanguage":"de","@id":"https:\/\/bierger.remich.lu\/ville-de-remich\/umwelt\/francais-gestion-des-dechets\/#primaryimage","url":"https:\/\/bierger.remich.lu\/wp-content\/uploads\/sites\/3\/2017\/07\/Bildschirmfoto-2017-09-12-um-11.11.58.png","contentUrl":"https:\/\/bierger.remich.lu\/wp-content\/uploads\/sites\/3\/2017\/07\/Bildschirmfoto-2017-09-12-um-11.11.58.png","width":420,"height":1158},{"@type":"BreadcrumbList","@id":"https:\/\/bierger.remich.lu\/ville-de-remich\/umwelt\/francais-gestion-des-dechets\/#breadcrumb","itemListElement":[{"@type":"ListItem","position":1,"name":"Startseite","item":"https:\/\/bierger.remich.lu\/de\/"},{"@type":"ListItem","position":2,"name":"Stadt Remich","item":"https:\/\/bierger.remich.lu\/de\/ville-de-remich\/"},{"@type":"ListItem","position":3,"name":"Umwelt","item":"https:\/\/bierger.remich.lu\/de\/ville-de-remich\/umwelt\/"},{"@type":"ListItem","position":4,"name":"Abfallentsorgung"}]},{"@type":"WebSite","@id":"https:\/\/bierger.remich.lu\/de\/#website","url":"https:\/\/bierger.remich.lu\/de\/","name":"Ville de Remich","description":"","potentialAction":[{"@type":"SearchAction","target":{"@type":"EntryPoint","urlTemplate":"https:\/\/bierger.remich.lu\/de\/?s={search_term_string}"},"query-input":{"@type":"PropertyValueSpecification","valueRequired":true,"valueName":"search_term_string"}}],"inLanguage":"de"}]}},"_links":{"self":[{"href":"https:\/\/bierger.remich.lu\/de\/wp-json\/wp\/v2\/pages\/1262","targetHints":{"allow":["GET"]}}],"collection":[{"href":"https:\/\/bierger.remich.lu\/de\/wp-json\/wp\/v2\/pages"}],"about":[{"href":"https:\/\/bierger.remich.lu\/de\/wp-json\/wp\/v2\/types\/page"}],"author":[{"embeddable":true,"href":"https:\/\/bierger.remich.lu\/de\/wp-json\/wp\/v2\/users\/4"}],"replies":[{"embeddable":true,"href":"https:\/\/bierger.remich.lu\/de\/wp-json\/wp\/v2\/comments?post=1262"}],"version-history":[{"count":24,"href":"https:\/\/bierger.remich.lu\/de\/wp-json\/wp\/v2\/pages\/1262\/revisions"}],"predecessor-version":[{"id":12750,"href":"https:\/\/bierger.remich.lu\/de\/wp-json\/wp\/v2\/pages\/1262\/revisions\/12750"}],"up":[{"embeddable":true,"href":"https:\/\/bierger.remich.lu\/de\/wp-json\/wp\/v2\/pages\/50"}],"wp:featuredmedia":[{"embeddable":true,"href":"https:\/\/bierger.remich.lu\/de\/wp-json\/wp\/v2\/media\/2045"}],"wp:attachment":[{"href":"https:\/\/bierger.remich.lu\/de\/wp-json\/wp\/v2\/media?parent=1262"}],"curies":[{"name":"wp","href":"https:\/\/api.w.org\/{rel}","templated":true}]}}