{"id":1284,"date":"2017-07-20T10:18:56","date_gmt":"2017-07-20T09:18:56","guid":{"rendered":"http:\/\/reimech.lu\/?page_id=1284"},"modified":"2025-04-30T11:07:18","modified_gmt":"2025-04-30T09:07:18","slug":"trinkwasser","status":"publish","type":"page","link":"https:\/\/bierger.remich.lu\/de\/ville-de-remich\/umwelt\/trinkwasser\/","title":{"rendered":"Trinkwasser"},"content":{"rendered":"Gem\u00e4\u00df dem gro\u00dfherzoglichen Reglement vom 7. Oktober 2002 betreffend die Trinkwasserqualit\u00e4t werden Sie in dieser Rubrik regelm\u00e4\u00dfig \u00fcber die Resultate der Trinkwasseranalysen auf dem laufenden gehalten.<\/p>\n<p>Ausserdem finden Sie hier n\u00fctzliche Informationen zum Trinkwasser.","protected":false},"excerpt":{"rendered":"<p>Gem\u00e4\u00df dem gro\u00dfherzoglichen Reglement vom 7. Oktober 2002 betreffend die Trinkwasserqualit\u00e4t werden Sie in dieser Rubrik regelm\u00e4\u00dfig \u00fcber die Resultate der Trinkwasseranalysen auf dem laufenden gehalten. Ausserdem finden Sie hier n\u00fctzliche Informationen zum Trinkwasser.<\/p>\n","protected":false},"author":4,"featured_media":2047,"parent":50,"menu_order":39,"comment_status":"closed","ping_status":"closed","template":"","meta":{"_acf_changed":false,"xn-wppe-expiration":[],"xn-wppe-expiration-action":[],"xn-wppe-expiration-prefix":[],"footnotes":"","_links_to":"","_links_to_target":""},"class_list":["post-1284","page","type-page","status-publish","has-post-thumbnail","hentry","keyword-eau"],"acf":[],"yoast_head":"<!-- This site is optimized with the Yoast SEO plugin v26.7 - https:\/\/yoast.com\/wordpress\/plugins\/seo\/ -->\n<title>Trinkwasser - Ville de Remich<\/title>\n<meta name=\"robots\" content=\"index, follow, max-snippet:-1, max-image-preview:large, max-video-preview:-1\" \/>\n<link rel=\"canonical\" href=\"https:\/\/bierger.remich.lu\/de\/ville-de-remich\/umwelt\/trinkwasser\/\" \/>\n<meta property=\"og:locale\" content=\"de_DE\" \/>\n<meta property=\"og:type\" content=\"article\" \/>\n<meta property=\"og:title\" content=\"Trinkwasser - Ville de Remich\" \/>\n<meta property=\"og:description\" content=\"Gem\u00e4\u00df dem gro\u00dfherzoglichen Reglement vom 7. Oktober 2002 betreffend die Trinkwasserqualit\u00e4t werden Sie in dieser Rubrik regelm\u00e4\u00dfig \u00fcber die Resultate der Trinkwasseranalysen auf dem laufenden gehalten. Ausserdem finden Sie hier n\u00fctzliche Informationen zum Trinkwasser.\" \/>\n<meta property=\"og:url\" content=\"https:\/\/bierger.remich.lu\/de\/ville-de-remich\/umwelt\/trinkwasser\/\" \/>\n<meta property=\"og:site_name\" content=\"Ville de Remich\" \/>\n<meta property=\"article:modified_time\" content=\"2025-04-30T09:07:18+00:00\" \/>\n<meta property=\"og:image\" content=\"https:\/\/bierger.remich.lu\/wp-content\/uploads\/sites\/3\/2017\/07\/luis-tosta-266667-e1505209099212.jpg\" \/>\n\t<meta property=\"og:image:width\" content=\"1022\" \/>\n\t<meta property=\"og:image:height\" content=\"2219\" \/>\n\t<meta property=\"og:image:type\" content=\"image\/jpeg\" \/>\n<meta name=\"twitter:card\" content=\"summary_large_image\" \/>\n<script type=\"application\/ld+json\" class=\"yoast-schema-graph\">{\"@context\":\"https:\/\/schema.org\",\"@graph\":[{\"@type\":\"WebPage\",\"@id\":\"https:\/\/bierger.remich.lu\/de\/ville-de-remich\/umwelt\/trinkwasser\/\",\"url\":\"https:\/\/bierger.remich.lu\/de\/ville-de-remich\/umwelt\/trinkwasser\/\",\"name\":\"Trinkwasser - Ville de Remich\",\"isPartOf\":{\"@id\":\"https:\/\/bierger.remich.lu\/de\/#website\"},\"primaryImageOfPage\":{\"@id\":\"https:\/\/bierger.remich.lu\/de\/ville-de-remich\/umwelt\/trinkwasser\/#primaryimage\"},\"image\":{\"@id\":\"https:\/\/bierger.remich.lu\/de\/ville-de-remich\/umwelt\/trinkwasser\/#primaryimage\"},\"thumbnailUrl\":\"https:\/\/bierger.remich.lu\/wp-content\/uploads\/sites\/3\/2017\/07\/luis-tosta-266667-e1505209099212.jpg\",\"datePublished\":\"2017-07-20T09:18:56+00:00\",\"dateModified\":\"2025-04-30T09:07:18+00:00\",\"breadcrumb\":{\"@id\":\"https:\/\/bierger.remich.lu\/de\/ville-de-remich\/umwelt\/trinkwasser\/#breadcrumb\"},\"inLanguage\":\"de\",\"potentialAction\":[{\"@type\":\"ReadAction\",\"target\":[\"https:\/\/bierger.remich.lu\/de\/ville-de-remich\/umwelt\/trinkwasser\/\"]}]},{\"@type\":\"ImageObject\",\"inLanguage\":\"de\",\"@id\":\"https:\/\/bierger.remich.lu\/de\/ville-de-remich\/umwelt\/trinkwasser\/#primaryimage\",\"url\":\"https:\/\/bierger.remich.lu\/wp-content\/uploads\/sites\/3\/2017\/07\/luis-tosta-266667-e1505209099212.jpg\",\"contentUrl\":\"https:\/\/bierger.remich.lu\/wp-content\/uploads\/sites\/3\/2017\/07\/luis-tosta-266667-e1505209099212.jpg\",\"width\":1022,\"height\":2219},{\"@type\":\"BreadcrumbList\",\"@id\":\"https:\/\/bierger.remich.lu\/de\/ville-de-remich\/umwelt\/trinkwasser\/#breadcrumb\",\"itemListElement\":[{\"@type\":\"ListItem\",\"position\":1,\"name\":\"Startseite\",\"item\":\"https:\/\/bierger.remich.lu\/de\/\"},{\"@type\":\"ListItem\",\"position\":2,\"name\":\"Stadt Remich\",\"item\":\"https:\/\/bierger.remich.lu\/de\/ville-de-remich\/\"},{\"@type\":\"ListItem\",\"position\":3,\"name\":\"Umwelt\",\"item\":\"https:\/\/bierger.remich.lu\/de\/ville-de-remich\/umwelt\/\"},{\"@type\":\"ListItem\",\"position\":4,\"name\":\"Trinkwasser\"}]},{\"@type\":\"WebSite\",\"@id\":\"https:\/\/bierger.remich.lu\/de\/#website\",\"url\":\"https:\/\/bierger.remich.lu\/de\/\",\"name\":\"Ville de Remich\",\"description\":\"\",\"potentialAction\":[{\"@type\":\"SearchAction\",\"target\":{\"@type\":\"EntryPoint\",\"urlTemplate\":\"https:\/\/bierger.remich.lu\/de\/?s={search_term_string}\"},\"query-input\":{\"@type\":\"PropertyValueSpecification\",\"valueRequired\":true,\"valueName\":\"search_term_string\"}}],\"inLanguage\":\"de\"}]}<\/script>\n<!-- \/ Yoast SEO plugin. -->","yoast_head_json":{"title":"Trinkwasser - Ville de Remich","robots":{"index":"index","follow":"follow","max-snippet":"max-snippet:-1","max-image-preview":"max-image-preview:large","max-video-preview":"max-video-preview:-1"},"canonical":"https:\/\/bierger.remich.lu\/de\/ville-de-remich\/umwelt\/trinkwasser\/","og_locale":"de_DE","og_type":"article","og_title":"Trinkwasser - Ville de Remich","og_description":"Gem\u00e4\u00df dem gro\u00dfherzoglichen Reglement vom 7. Oktober 2002 betreffend die Trinkwasserqualit\u00e4t werden Sie in dieser Rubrik regelm\u00e4\u00dfig \u00fcber die Resultate der Trinkwasseranalysen auf dem laufenden gehalten. Ausserdem finden Sie hier n\u00fctzliche Informationen zum Trinkwasser.","og_url":"https:\/\/bierger.remich.lu\/de\/ville-de-remich\/umwelt\/trinkwasser\/","og_site_name":"Ville de Remich","article_modified_time":"2025-04-30T09:07:18+00:00","og_image":[{"width":1022,"height":2219,"url":"https:\/\/bierger.remich.lu\/wp-content\/uploads\/sites\/3\/2017\/07\/luis-tosta-266667-e1505209099212.jpg","type":"image\/jpeg"}],"twitter_card":"summary_large_image","schema":{"@context":"https:\/\/schema.org","@graph":[{"@type":"WebPage","@id":"https:\/\/bierger.remich.lu\/de\/ville-de-remich\/umwelt\/trinkwasser\/","url":"https:\/\/bierger.remich.lu\/de\/ville-de-remich\/umwelt\/trinkwasser\/","name":"Trinkwasser - Ville de Remich","isPartOf":{"@id":"https:\/\/bierger.remich.lu\/de\/#website"},"primaryImageOfPage":{"@id":"https:\/\/bierger.remich.lu\/de\/ville-de-remich\/umwelt\/trinkwasser\/#primaryimage"},"image":{"@id":"https:\/\/bierger.remich.lu\/de\/ville-de-remich\/umwelt\/trinkwasser\/#primaryimage"},"thumbnailUrl":"https:\/\/bierger.remich.lu\/wp-content\/uploads\/sites\/3\/2017\/07\/luis-tosta-266667-e1505209099212.jpg","datePublished":"2017-07-20T09:18:56+00:00","dateModified":"2025-04-30T09:07:18+00:00","breadcrumb":{"@id":"https:\/\/bierger.remich.lu\/de\/ville-de-remich\/umwelt\/trinkwasser\/#breadcrumb"},"inLanguage":"de","potentialAction":[{"@type":"ReadAction","target":["https:\/\/bierger.remich.lu\/de\/ville-de-remich\/umwelt\/trinkwasser\/"]}]},{"@type":"ImageObject","inLanguage":"de","@id":"https:\/\/bierger.remich.lu\/de\/ville-de-remich\/umwelt\/trinkwasser\/#primaryimage","url":"https:\/\/bierger.remich.lu\/wp-content\/uploads\/sites\/3\/2017\/07\/luis-tosta-266667-e1505209099212.jpg","contentUrl":"https:\/\/bierger.remich.lu\/wp-content\/uploads\/sites\/3\/2017\/07\/luis-tosta-266667-e1505209099212.jpg","width":1022,"height":2219},{"@type":"BreadcrumbList","@id":"https:\/\/bierger.remich.lu\/de\/ville-de-remich\/umwelt\/trinkwasser\/#breadcrumb","itemListElement":[{"@type":"ListItem","position":1,"name":"Startseite","item":"https:\/\/bierger.remich.lu\/de\/"},{"@type":"ListItem","position":2,"name":"Stadt Remich","item":"https:\/\/bierger.remich.lu\/de\/ville-de-remich\/"},{"@type":"ListItem","position":3,"name":"Umwelt","item":"https:\/\/bierger.remich.lu\/de\/ville-de-remich\/umwelt\/"},{"@type":"ListItem","position":4,"name":"Trinkwasser"}]},{"@type":"WebSite","@id":"https:\/\/bierger.remich.lu\/de\/#website","url":"https:\/\/bierger.remich.lu\/de\/","name":"Ville de Remich","description":"","potentialAction":[{"@type":"SearchAction","target":{"@type":"EntryPoint","urlTemplate":"https:\/\/bierger.remich.lu\/de\/?s={search_term_string}"},"query-input":{"@type":"PropertyValueSpecification","valueRequired":true,"valueName":"search_term_string"}}],"inLanguage":"de"}]}},"_links":{"self":[{"href":"https:\/\/bierger.remich.lu\/de\/wp-json\/wp\/v2\/pages\/1284","targetHints":{"allow":["GET"]}}],"collection":[{"href":"https:\/\/bierger.remich.lu\/de\/wp-json\/wp\/v2\/pages"}],"about":[{"href":"https:\/\/bierger.remich.lu\/de\/wp-json\/wp\/v2\/types\/page"}],"author":[{"embeddable":true,"href":"https:\/\/bierger.remich.lu\/de\/wp-json\/wp\/v2\/users\/4"}],"replies":[{"embeddable":true,"href":"https:\/\/bierger.remich.lu\/de\/wp-json\/wp\/v2\/comments?post=1284"}],"version-history":[{"count":4,"href":"https:\/\/bierger.remich.lu\/de\/wp-json\/wp\/v2\/pages\/1284\/revisions"}],"predecessor-version":[{"id":1299,"href":"https:\/\/bierger.remich.lu\/de\/wp-json\/wp\/v2\/pages\/1284\/revisions\/1299"}],"up":[{"embeddable":true,"href":"https:\/\/bierger.remich.lu\/de\/wp-json\/wp\/v2\/pages\/50"}],"wp:featuredmedia":[{"embeddable":true,"href":"https:\/\/bierger.remich.lu\/de\/wp-json\/wp\/v2\/media\/2047"}],"wp:attachment":[{"href":"https:\/\/bierger.remich.lu\/de\/wp-json\/wp\/v2\/media?parent=1284"}],"curies":[{"name":"wp","href":"https:\/\/api.w.org\/{rel}","templated":true}]}}