{"id":134,"date":"2016-08-30T14:00:20","date_gmt":"2016-08-30T13:00:20","guid":{"rendered":"http:\/\/reimech.lu\/?page_id=134"},"modified":"2018-01-09T12:02:57","modified_gmt":"2018-01-09T11:02:57","slug":"francais-service-forestier","status":"publish","type":"page","link":"https:\/\/bierger.remich.lu\/de\/services-au-citoyen\/administration\/francais-service-forestier\/","title":{"rendered":"F\u00f6rster"},"content":{"rendered":"<ul>\n<li>forstwirtschaftliche Verwaltung und Unterhalt der Gemeindew\u00e4lder<\/li>\n<li>\u00dcberwachung der Arbeiten in Privalw\u00e4ldern<\/li>\n<li><span style=\"color: #303030\">Beaufsichtigung des<\/span>\u00a0Vollzugs<span style=\"color: #303030\"> d<\/span><span style=\"color: #242424\">er gese<\/span><span style=\"color: #181818\">tzli<\/span><span style=\"color: #0c0c0c\">ch<\/span><span style=\"color: #000000\">en Bestimmungen betreffend den Naturschutz und die Jagd<\/span><\/li>\n<li>Unterhalt der Waldwege und Einrichtung sowie Wiederherstellung von Biotopen<\/li>\n<\/ul>","protected":false},"excerpt":{"rendered":"<p>forstwirtschaftliche Verwaltung und Unterhalt der Gemeindew\u00e4lder \u00dcberwachung der Arbeiten in Privalw\u00e4ldern Beaufsichtigung des\u00a0Vollzugs der gesetzlichen Bestimmungen betreffend den Naturschutz und die Jagd Unterhalt der Waldwege und Einrichtung sowie Wiederherstellung von Biotopen<\/p>\n","protected":false},"author":1,"featured_media":2075,"parent":54,"menu_order":70,"comment_status":"closed","ping_status":"closed","template":"","meta":{"_acf_changed":false,"xn-wppe-expiration":[],"xn-wppe-expiration-action":[],"xn-wppe-expiration-prefix":[],"footnotes":"","_links_to":"","_links_to_target":""},"class_list":["post-134","page","type-page","status-publish","has-post-thumbnail","hentry","keyword-eau"],"acf":[],"yoast_head":"<!-- This site is optimized with the Yoast SEO plugin v26.7 - https:\/\/yoast.com\/wordpress\/plugins\/seo\/ -->\n<title>F\u00f6rster - Ville de Remich<\/title>\n<meta name=\"robots\" content=\"index, follow, max-snippet:-1, max-image-preview:large, max-video-preview:-1\" \/>\n<link rel=\"canonical\" href=\"https:\/\/bierger.remich.lu\/services-au-citoyen\/administration\/francais-service-forestier\/\" \/>\n<meta property=\"og:locale\" content=\"de_DE\" \/>\n<meta property=\"og:type\" content=\"article\" \/>\n<meta property=\"og:title\" content=\"F\u00f6rster - Ville de Remich\" \/>\n<meta property=\"og:description\" content=\"forstwirtschaftliche Verwaltung und Unterhalt der Gemeindew\u00e4lder \u00dcberwachung der Arbeiten in Privalw\u00e4ldern Beaufsichtigung des\u00a0Vollzugs der gesetzlichen Bestimmungen betreffend den Naturschutz und die Jagd Unterhalt der Waldwege und Einrichtung sowie Wiederherstellung von Biotopen\" \/>\n<meta property=\"og:url\" content=\"https:\/\/bierger.remich.lu\/services-au-citoyen\/administration\/francais-service-forestier\/\" \/>\n<meta property=\"og:site_name\" content=\"Ville de Remich\" \/>\n<meta property=\"article:modified_time\" content=\"2018-01-09T11:02:57+00:00\" \/>\n<meta property=\"og:image\" content=\"https:\/\/bierger.remich.lu\/wp-content\/uploads\/sites\/3\/2016\/08\/b16-678x1024.jpg\" \/>\n\t<meta property=\"og:image:width\" content=\"678\" \/>\n\t<meta property=\"og:image:height\" content=\"1024\" \/>\n\t<meta property=\"og:image:type\" content=\"image\/jpeg\" \/>\n<meta name=\"twitter:card\" content=\"summary_large_image\" \/>\n<script type=\"application\/ld+json\" class=\"yoast-schema-graph\">{\"@context\":\"https:\/\/schema.org\",\"@graph\":[{\"@type\":\"WebPage\",\"@id\":\"https:\/\/bierger.remich.lu\/services-au-citoyen\/administration\/francais-service-forestier\/\",\"url\":\"https:\/\/bierger.remich.lu\/services-au-citoyen\/administration\/francais-service-forestier\/\",\"name\":\"F\u00f6rster - Ville de Remich\",\"isPartOf\":{\"@id\":\"https:\/\/bierger.remich.lu\/de\/#website\"},\"primaryImageOfPage\":{\"@id\":\"https:\/\/bierger.remich.lu\/services-au-citoyen\/administration\/francais-service-forestier\/#primaryimage\"},\"image\":{\"@id\":\"https:\/\/bierger.remich.lu\/services-au-citoyen\/administration\/francais-service-forestier\/#primaryimage\"},\"thumbnailUrl\":\"https:\/\/bierger.remich.lu\/wp-content\/uploads\/sites\/3\/2016\/08\/b16.jpg\",\"datePublished\":\"2016-08-30T13:00:20+00:00\",\"dateModified\":\"2018-01-09T11:02:57+00:00\",\"breadcrumb\":{\"@id\":\"https:\/\/bierger.remich.lu\/services-au-citoyen\/administration\/francais-service-forestier\/#breadcrumb\"},\"inLanguage\":\"de\",\"potentialAction\":[{\"@type\":\"ReadAction\",\"target\":[\"https:\/\/bierger.remich.lu\/services-au-citoyen\/administration\/francais-service-forestier\/\"]}]},{\"@type\":\"ImageObject\",\"inLanguage\":\"de\",\"@id\":\"https:\/\/bierger.remich.lu\/services-au-citoyen\/administration\/francais-service-forestier\/#primaryimage\",\"url\":\"https:\/\/bierger.remich.lu\/wp-content\/uploads\/sites\/3\/2016\/08\/b16.jpg\",\"contentUrl\":\"https:\/\/bierger.remich.lu\/wp-content\/uploads\/sites\/3\/2016\/08\/b16.jpg\",\"width\":3264,\"height\":4928},{\"@type\":\"BreadcrumbList\",\"@id\":\"https:\/\/bierger.remich.lu\/services-au-citoyen\/administration\/francais-service-forestier\/#breadcrumb\",\"itemListElement\":[{\"@type\":\"ListItem\",\"position\":1,\"name\":\"Startseite\",\"item\":\"https:\/\/bierger.remich.lu\/de\/\"},{\"@type\":\"ListItem\",\"position\":2,\"name\":\"B\u00fcrgerdienste\",\"item\":\"https:\/\/bierger.remich.lu\/de\/services-au-citoyen\/\"},{\"@type\":\"ListItem\",\"position\":3,\"name\":\"Verwaltung\",\"item\":\"https:\/\/bierger.remich.lu\/services-au-citoyen\/administration\/\"},{\"@type\":\"ListItem\",\"position\":4,\"name\":\"F\u00f6rster\"}]},{\"@type\":\"WebSite\",\"@id\":\"https:\/\/bierger.remich.lu\/de\/#website\",\"url\":\"https:\/\/bierger.remich.lu\/de\/\",\"name\":\"Ville de Remich\",\"description\":\"\",\"potentialAction\":[{\"@type\":\"SearchAction\",\"target\":{\"@type\":\"EntryPoint\",\"urlTemplate\":\"https:\/\/bierger.remich.lu\/de\/?s={search_term_string}\"},\"query-input\":{\"@type\":\"PropertyValueSpecification\",\"valueRequired\":true,\"valueName\":\"search_term_string\"}}],\"inLanguage\":\"de\"}]}<\/script>\n<!-- \/ Yoast SEO plugin. -->","yoast_head_json":{"title":"F\u00f6rster - Ville de Remich","robots":{"index":"index","follow":"follow","max-snippet":"max-snippet:-1","max-image-preview":"max-image-preview:large","max-video-preview":"max-video-preview:-1"},"canonical":"https:\/\/bierger.remich.lu\/services-au-citoyen\/administration\/francais-service-forestier\/","og_locale":"de_DE","og_type":"article","og_title":"F\u00f6rster - Ville de Remich","og_description":"forstwirtschaftliche Verwaltung und Unterhalt der Gemeindew\u00e4lder \u00dcberwachung der Arbeiten in Privalw\u00e4ldern Beaufsichtigung des\u00a0Vollzugs der gesetzlichen Bestimmungen betreffend den Naturschutz und die Jagd Unterhalt der Waldwege und Einrichtung sowie Wiederherstellung von Biotopen","og_url":"https:\/\/bierger.remich.lu\/services-au-citoyen\/administration\/francais-service-forestier\/","og_site_name":"Ville de Remich","article_modified_time":"2018-01-09T11:02:57+00:00","og_image":[{"width":678,"height":1024,"url":"https:\/\/bierger.remich.lu\/wp-content\/uploads\/sites\/3\/2016\/08\/b16-678x1024.jpg","type":"image\/jpeg"}],"twitter_card":"summary_large_image","schema":{"@context":"https:\/\/schema.org","@graph":[{"@type":"WebPage","@id":"https:\/\/bierger.remich.lu\/services-au-citoyen\/administration\/francais-service-forestier\/","url":"https:\/\/bierger.remich.lu\/services-au-citoyen\/administration\/francais-service-forestier\/","name":"F\u00f6rster - Ville de Remich","isPartOf":{"@id":"https:\/\/bierger.remich.lu\/de\/#website"},"primaryImageOfPage":{"@id":"https:\/\/bierger.remich.lu\/services-au-citoyen\/administration\/francais-service-forestier\/#primaryimage"},"image":{"@id":"https:\/\/bierger.remich.lu\/services-au-citoyen\/administration\/francais-service-forestier\/#primaryimage"},"thumbnailUrl":"https:\/\/bierger.remich.lu\/wp-content\/uploads\/sites\/3\/2016\/08\/b16.jpg","datePublished":"2016-08-30T13:00:20+00:00","dateModified":"2018-01-09T11:02:57+00:00","breadcrumb":{"@id":"https:\/\/bierger.remich.lu\/services-au-citoyen\/administration\/francais-service-forestier\/#breadcrumb"},"inLanguage":"de","potentialAction":[{"@type":"ReadAction","target":["https:\/\/bierger.remich.lu\/services-au-citoyen\/administration\/francais-service-forestier\/"]}]},{"@type":"ImageObject","inLanguage":"de","@id":"https:\/\/bierger.remich.lu\/services-au-citoyen\/administration\/francais-service-forestier\/#primaryimage","url":"https:\/\/bierger.remich.lu\/wp-content\/uploads\/sites\/3\/2016\/08\/b16.jpg","contentUrl":"https:\/\/bierger.remich.lu\/wp-content\/uploads\/sites\/3\/2016\/08\/b16.jpg","width":3264,"height":4928},{"@type":"BreadcrumbList","@id":"https:\/\/bierger.remich.lu\/services-au-citoyen\/administration\/francais-service-forestier\/#breadcrumb","itemListElement":[{"@type":"ListItem","position":1,"name":"Startseite","item":"https:\/\/bierger.remich.lu\/de\/"},{"@type":"ListItem","position":2,"name":"B\u00fcrgerdienste","item":"https:\/\/bierger.remich.lu\/de\/services-au-citoyen\/"},{"@type":"ListItem","position":3,"name":"Verwaltung","item":"https:\/\/bierger.remich.lu\/services-au-citoyen\/administration\/"},{"@type":"ListItem","position":4,"name":"F\u00f6rster"}]},{"@type":"WebSite","@id":"https:\/\/bierger.remich.lu\/de\/#website","url":"https:\/\/bierger.remich.lu\/de\/","name":"Ville de Remich","description":"","potentialAction":[{"@type":"SearchAction","target":{"@type":"EntryPoint","urlTemplate":"https:\/\/bierger.remich.lu\/de\/?s={search_term_string}"},"query-input":{"@type":"PropertyValueSpecification","valueRequired":true,"valueName":"search_term_string"}}],"inLanguage":"de"}]}},"_links":{"self":[{"href":"https:\/\/bierger.remich.lu\/de\/wp-json\/wp\/v2\/pages\/134","targetHints":{"allow":["GET"]}}],"collection":[{"href":"https:\/\/bierger.remich.lu\/de\/wp-json\/wp\/v2\/pages"}],"about":[{"href":"https:\/\/bierger.remich.lu\/de\/wp-json\/wp\/v2\/types\/page"}],"author":[{"embeddable":true,"href":"https:\/\/bierger.remich.lu\/de\/wp-json\/wp\/v2\/users\/1"}],"replies":[{"embeddable":true,"href":"https:\/\/bierger.remich.lu\/de\/wp-json\/wp\/v2\/comments?post=134"}],"version-history":[{"count":4,"href":"https:\/\/bierger.remich.lu\/de\/wp-json\/wp\/v2\/pages\/134\/revisions"}],"predecessor-version":[{"id":2098,"href":"https:\/\/bierger.remich.lu\/de\/wp-json\/wp\/v2\/pages\/134\/revisions\/2098"}],"up":[{"embeddable":true,"href":"https:\/\/bierger.remich.lu\/de\/wp-json\/wp\/v2\/pages\/54"}],"wp:featuredmedia":[{"embeddable":true,"href":"https:\/\/bierger.remich.lu\/de\/wp-json\/wp\/v2\/media\/2075"}],"wp:attachment":[{"href":"https:\/\/bierger.remich.lu\/de\/wp-json\/wp\/v2\/media?parent=134"}],"curies":[{"name":"wp","href":"https:\/\/api.w.org\/{rel}","templated":true}]}}