{"id":136,"date":"2016-08-30T14:00:39","date_gmt":"2016-08-30T13:00:39","guid":{"rendered":"http:\/\/reimech.lu\/?page_id=136"},"modified":"2025-09-10T10:06:16","modified_gmt":"2025-09-10T08:06:16","slug":"francais-recette-3","status":"publish","type":"page","link":"https:\/\/bierger.remich.lu\/de\/services-au-citoyen\/administration\/francais-recette-3\/","title":{"rendered":"Einnehmerb\u00fcro"},"content":{"rendered":"<ul>\n<li class=\"abel20\">Verwaltung der Gemeindebuchhaltung<\/li>\n<li class=\"abel20\">Verwaltung der Finanzen<\/li>\n<li class=\"abel20\">Auszahl und Abrechnung von Sicherheiten und Anzahlungen<\/li>\n<li>Bezahlung der eingehenden Rechnungen<\/li>\n<li>Zahlungseingang<\/li>\n<li>\u00dcberwachen der Zahlungsfristen und &#8211; abmachungen<\/li>\n<li>Schuldeneintreibung und Gerichtsverfahren gegen die Schuldner<\/li>\n<li>Verwalten der Abbuchungs- und Dauerauftr\u00e4ge<\/li>\n<li>Rechnungserstelung (Gemeindegeb\u00fchren, Musikschule, Standgelder f\u00fcr Terrassen und M\u00e4rkte, usw.)<\/li>\n<li>Erstellen des Verwaltungskonten und des Restantenetats<\/li>\n<li>Gemeindeabgaben<\/li>\n<li>Friedhofskonzessionen<\/li>\n<li>Grundsteuer<\/li>\n<\/ul>","protected":false},"excerpt":{"rendered":"<p>Verwaltung der Gemeindebuchhaltung Verwaltung der Finanzen Auszahl und Abrechnung von Sicherheiten und Anzahlungen Bezahlung der eingehenden Rechnungen Zahlungseingang \u00dcberwachen der Zahlungsfristen und &#8211; abmachungen Schuldeneintreibung und Gerichtsverfahren gegen die Schuldner Verwalten der Abbuchungs- und Dauerauftr\u00e4ge Rechnungserstelung (Gemeindegeb\u00fchren, Musikschule, Standgelder f\u00fcr Terrassen und M\u00e4rkte, usw.) Erstellen des Verwaltungskonten und des Restantenetats Gemeindeabgaben Friedhofskonzessionen Grundsteuer<\/p>\n","protected":false},"author":1,"featured_media":0,"parent":54,"menu_order":78,"comment_status":"closed","ping_status":"closed","template":"","meta":{"_acf_changed":false,"xn-wppe-expiration":[],"xn-wppe-expiration-action":[],"xn-wppe-expiration-prefix":[],"footnotes":"","_links_to":"","_links_to_target":""},"class_list":["post-136","page","type-page","status-publish","hentry","keyword-rechnung"],"acf":[],"yoast_head":"<!-- This site is optimized with the Yoast SEO plugin v26.7 - https:\/\/yoast.com\/wordpress\/plugins\/seo\/ -->\n<title>Einnehmerb\u00fcro - Ville de Remich<\/title>\n<meta name=\"robots\" content=\"index, follow, max-snippet:-1, max-image-preview:large, max-video-preview:-1\" \/>\n<link rel=\"canonical\" href=\"https:\/\/bierger.remich.lu\/services-au-citoyen\/administration\/francais-recette-3\/\" \/>\n<meta property=\"og:locale\" content=\"de_DE\" \/>\n<meta property=\"og:type\" content=\"article\" \/>\n<meta property=\"og:title\" content=\"Einnehmerb\u00fcro - Ville de Remich\" \/>\n<meta property=\"og:description\" content=\"Verwaltung der Gemeindebuchhaltung Verwaltung der Finanzen Auszahl und Abrechnung von Sicherheiten und Anzahlungen Bezahlung der eingehenden Rechnungen Zahlungseingang \u00dcberwachen der Zahlungsfristen und &#8211; abmachungen Schuldeneintreibung und Gerichtsverfahren gegen die Schuldner Verwalten der Abbuchungs- und Dauerauftr\u00e4ge Rechnungserstelung (Gemeindegeb\u00fchren, Musikschule, Standgelder f\u00fcr Terrassen und M\u00e4rkte, usw.) Erstellen des Verwaltungskonten und des Restantenetats Gemeindeabgaben Friedhofskonzessionen Grundsteuer\" \/>\n<meta property=\"og:url\" content=\"https:\/\/bierger.remich.lu\/services-au-citoyen\/administration\/francais-recette-3\/\" \/>\n<meta property=\"og:site_name\" content=\"Ville de Remich\" \/>\n<meta property=\"article:modified_time\" content=\"2025-09-10T08:06:16+00:00\" \/>\n<meta name=\"twitter:card\" content=\"summary_large_image\" \/>\n<meta name=\"twitter:label1\" content=\"Gesch\u00e4tzte Lesezeit\" \/>\n\t<meta name=\"twitter:data1\" content=\"1\u00a0Minute\" \/>\n<script type=\"application\/ld+json\" class=\"yoast-schema-graph\">{\"@context\":\"https:\/\/schema.org\",\"@graph\":[{\"@type\":\"WebPage\",\"@id\":\"https:\/\/bierger.remich.lu\/services-au-citoyen\/administration\/francais-recette-3\/\",\"url\":\"https:\/\/bierger.remich.lu\/services-au-citoyen\/administration\/francais-recette-3\/\",\"name\":\"Einnehmerb\u00fcro - Ville de Remich\",\"isPartOf\":{\"@id\":\"https:\/\/bierger.remich.lu\/de\/#website\"},\"datePublished\":\"2016-08-30T13:00:39+00:00\",\"dateModified\":\"2025-09-10T08:06:16+00:00\",\"breadcrumb\":{\"@id\":\"https:\/\/bierger.remich.lu\/services-au-citoyen\/administration\/francais-recette-3\/#breadcrumb\"},\"inLanguage\":\"de\",\"potentialAction\":[{\"@type\":\"ReadAction\",\"target\":[\"https:\/\/bierger.remich.lu\/services-au-citoyen\/administration\/francais-recette-3\/\"]}]},{\"@type\":\"BreadcrumbList\",\"@id\":\"https:\/\/bierger.remich.lu\/services-au-citoyen\/administration\/francais-recette-3\/#breadcrumb\",\"itemListElement\":[{\"@type\":\"ListItem\",\"position\":1,\"name\":\"Startseite\",\"item\":\"https:\/\/bierger.remich.lu\/de\/\"},{\"@type\":\"ListItem\",\"position\":2,\"name\":\"B\u00fcrgerdienste\",\"item\":\"https:\/\/bierger.remich.lu\/de\/services-au-citoyen\/\"},{\"@type\":\"ListItem\",\"position\":3,\"name\":\"Verwaltung\",\"item\":\"https:\/\/bierger.remich.lu\/services-au-citoyen\/administration\/\"},{\"@type\":\"ListItem\",\"position\":4,\"name\":\"Einnehmerb\u00fcro\"}]},{\"@type\":\"WebSite\",\"@id\":\"https:\/\/bierger.remich.lu\/de\/#website\",\"url\":\"https:\/\/bierger.remich.lu\/de\/\",\"name\":\"Ville de Remich\",\"description\":\"\",\"potentialAction\":[{\"@type\":\"SearchAction\",\"target\":{\"@type\":\"EntryPoint\",\"urlTemplate\":\"https:\/\/bierger.remich.lu\/de\/?s={search_term_string}\"},\"query-input\":{\"@type\":\"PropertyValueSpecification\",\"valueRequired\":true,\"valueName\":\"search_term_string\"}}],\"inLanguage\":\"de\"}]}<\/script>\n<!-- \/ Yoast SEO plugin. -->","yoast_head_json":{"title":"Einnehmerb\u00fcro - Ville de Remich","robots":{"index":"index","follow":"follow","max-snippet":"max-snippet:-1","max-image-preview":"max-image-preview:large","max-video-preview":"max-video-preview:-1"},"canonical":"https:\/\/bierger.remich.lu\/services-au-citoyen\/administration\/francais-recette-3\/","og_locale":"de_DE","og_type":"article","og_title":"Einnehmerb\u00fcro - Ville de Remich","og_description":"Verwaltung der Gemeindebuchhaltung Verwaltung der Finanzen Auszahl und Abrechnung von Sicherheiten und Anzahlungen Bezahlung der eingehenden Rechnungen Zahlungseingang \u00dcberwachen der Zahlungsfristen und &#8211; abmachungen Schuldeneintreibung und Gerichtsverfahren gegen die Schuldner Verwalten der Abbuchungs- und Dauerauftr\u00e4ge Rechnungserstelung (Gemeindegeb\u00fchren, Musikschule, Standgelder f\u00fcr Terrassen und M\u00e4rkte, usw.) Erstellen des Verwaltungskonten und des Restantenetats Gemeindeabgaben Friedhofskonzessionen Grundsteuer","og_url":"https:\/\/bierger.remich.lu\/services-au-citoyen\/administration\/francais-recette-3\/","og_site_name":"Ville de Remich","article_modified_time":"2025-09-10T08:06:16+00:00","twitter_card":"summary_large_image","twitter_misc":{"Gesch\u00e4tzte Lesezeit":"1\u00a0Minute"},"schema":{"@context":"https:\/\/schema.org","@graph":[{"@type":"WebPage","@id":"https:\/\/bierger.remich.lu\/services-au-citoyen\/administration\/francais-recette-3\/","url":"https:\/\/bierger.remich.lu\/services-au-citoyen\/administration\/francais-recette-3\/","name":"Einnehmerb\u00fcro - Ville de Remich","isPartOf":{"@id":"https:\/\/bierger.remich.lu\/de\/#website"},"datePublished":"2016-08-30T13:00:39+00:00","dateModified":"2025-09-10T08:06:16+00:00","breadcrumb":{"@id":"https:\/\/bierger.remich.lu\/services-au-citoyen\/administration\/francais-recette-3\/#breadcrumb"},"inLanguage":"de","potentialAction":[{"@type":"ReadAction","target":["https:\/\/bierger.remich.lu\/services-au-citoyen\/administration\/francais-recette-3\/"]}]},{"@type":"BreadcrumbList","@id":"https:\/\/bierger.remich.lu\/services-au-citoyen\/administration\/francais-recette-3\/#breadcrumb","itemListElement":[{"@type":"ListItem","position":1,"name":"Startseite","item":"https:\/\/bierger.remich.lu\/de\/"},{"@type":"ListItem","position":2,"name":"B\u00fcrgerdienste","item":"https:\/\/bierger.remich.lu\/de\/services-au-citoyen\/"},{"@type":"ListItem","position":3,"name":"Verwaltung","item":"https:\/\/bierger.remich.lu\/services-au-citoyen\/administration\/"},{"@type":"ListItem","position":4,"name":"Einnehmerb\u00fcro"}]},{"@type":"WebSite","@id":"https:\/\/bierger.remich.lu\/de\/#website","url":"https:\/\/bierger.remich.lu\/de\/","name":"Ville de Remich","description":"","potentialAction":[{"@type":"SearchAction","target":{"@type":"EntryPoint","urlTemplate":"https:\/\/bierger.remich.lu\/de\/?s={search_term_string}"},"query-input":{"@type":"PropertyValueSpecification","valueRequired":true,"valueName":"search_term_string"}}],"inLanguage":"de"}]}},"_links":{"self":[{"href":"https:\/\/bierger.remich.lu\/de\/wp-json\/wp\/v2\/pages\/136","targetHints":{"allow":["GET"]}}],"collection":[{"href":"https:\/\/bierger.remich.lu\/de\/wp-json\/wp\/v2\/pages"}],"about":[{"href":"https:\/\/bierger.remich.lu\/de\/wp-json\/wp\/v2\/types\/page"}],"author":[{"embeddable":true,"href":"https:\/\/bierger.remich.lu\/de\/wp-json\/wp\/v2\/users\/1"}],"replies":[{"embeddable":true,"href":"https:\/\/bierger.remich.lu\/de\/wp-json\/wp\/v2\/comments?post=136"}],"version-history":[{"count":6,"href":"https:\/\/bierger.remich.lu\/de\/wp-json\/wp\/v2\/pages\/136\/revisions"}],"predecessor-version":[{"id":1671,"href":"https:\/\/bierger.remich.lu\/de\/wp-json\/wp\/v2\/pages\/136\/revisions\/1671"}],"up":[{"embeddable":true,"href":"https:\/\/bierger.remich.lu\/de\/wp-json\/wp\/v2\/pages\/54"}],"wp:attachment":[{"href":"https:\/\/bierger.remich.lu\/de\/wp-json\/wp\/v2\/media?parent=136"}],"curies":[{"name":"wp","href":"https:\/\/api.w.org\/{rel}","templated":true}]}}