{"id":138,"date":"2016-08-30T14:00:56","date_gmt":"2016-08-30T14:00:56","guid":{"rendered":"http:\/\/reimech.lu\/?page_id=138"},"modified":"2026-02-12T15:12:20","modified_gmt":"2026-02-12T14:12:20","slug":"francais-transports-publics","status":"publish","type":"page","link":"https:\/\/bierger.remich.lu\/de\/services-au-citoyen\/francais-mobilite\/francais-transports-publics\/","title":{"rendered":"\u00d6ffentliche Verkehrsmittel"},"content":{"rendered":"<h3>Mobiliteit.lu<\/h3>\n<a href=\"http:\/\/www.mobilite.lu\"><img loading=\"lazy\" decoding=\"async\" class=\"alignnone wp-image-1800\" src=\"http:\/\/reimech.lu\/wp-content\/uploads\/sites\/3\/2016\/08\/Logo-Mobilit\u00e9itszentral.jpg\" alt=\"Logo Mobilit\u00e9itszentral\" width=\"273\" height=\"118\" \/><\/a>\n<p>&nbsp;<\/p>\n<p>Viele Buslinien haben Ihre Abfahrt, Durchfahrt\u00a0und Ankunft in Remich.<\/p>\n<p>Um Ihnen die Suche nach der richtigen Fahrstrecke und Buslinie zu erleichtern, haben das Transportministerium und der Verkehrsverbund die Mobilit\u00e4tszentrale gegr\u00fcndet.<\/p>\n<p>Sie k\u00f6nnen alle Fahrpl\u00e4ne sowie auch andere n\u00fctzliche Informationen rund um den \u00f6ffentlichen Transport unter <a href=\"http:\/\/www.mobilite.lu\">www.mobilite.lu<\/a>\u00a0einsehen.<\/p>\n<p>Die Mobilit\u00e4tszentrale ist auch telefonisch erreichbar f\u00fcr all Ihre Fragen, Probleme und Beschwerden\u00a0unter der Nummer\u00a0(+352) 2465 2465.<\/p>\n<h3>Buslinien mit einer Haltestelle in Remich | Neue Nummerierung ab dem 17.07.2022<\/h3>\n<ul>\n<li>Linie 341 | Grevenmacher &#8211; Wormeldange &#8211; Remich (ehemalige Linie 450)<\/li>\n<li>Linie 342 | Grevenmacher &#8211; Niederdonven &#8211; Remich (ehemalige Linie 451)<\/li>\n<li>Linie 401 | Luxemburg-Kirchberg &#8211; Losheim (ehemalige Linie 159)<\/li>\n<li>Linie 403 | Luxemburg-Kirchberg &#8211; Remich &#8211; Merzig (D) (ehemalige Linie 158)<\/li>\n<li>Linie 406 | Luxemburg-Kirchberg &#8211; Moutfort &#8211; Remich (ehemalige Linie 184)<\/li>\n<li>Linie 411 | Howald &#8211; Stadtbredimus &#8211; Remich (ehemalige Linie 160).<\/li>\n<li>Linie 412 | Luxembourg-Gare &#8211; Ellange &#8211; Erpeldange &#8211; Remcih (ehemalige Linie 177)<\/li>\n<li>Linie 413 | Luxembourg-Gare &#8211; Mondorf &#8211; Remich (ehemalige Linie 175)<\/li>\n<li>Linie 431 | Mondorf-les-Bains &#8211; Dahlheim &#8211; Remich (ehemalige Linie 180)<\/li>\n<li>Linie 432 | Emerange &#8211; Schengen &#8211; Remich (ehemalige Linie 185)<\/li>\n<li>Linie 550 | Bettemburg &#8211; Mondorf &#8211; Remich (ehemalige Linie 309)<\/li>\n<\/ul>","protected":false},"excerpt":{"rendered":"<p>Mobiliteit.lu &nbsp; Viele Buslinien haben Ihre Abfahrt, Durchfahrt\u00a0und Ankunft in Remich. Um Ihnen die Suche nach der richtigen Fahrstrecke und Buslinie zu erleichtern, haben das Transportministerium und der Verkehrsverbund die Mobilit\u00e4tszentrale gegr\u00fcndet. Sie k\u00f6nnen alle Fahrpl\u00e4ne sowie auch andere n\u00fctzliche Informationen rund um den \u00f6ffentlichen Transport unter www.mobilite.lu\u00a0einsehen. Die Mobilit\u00e4tszentrale ist auch telefonisch erreichbar f\u00fcr&#8230;  <a class=\"excerpt-read-more\" href=\"https:\/\/bierger.remich.lu\/de\/services-au-citoyen\/francais-mobilite\/francais-transports-publics\/\" title=\"Read\u00d6ffentliche Verkehrsmittel\">Mehr lesen \u00bb<\/a><\/p>\n","protected":false},"author":1,"featured_media":2134,"parent":70,"menu_order":64,"comment_status":"closed","ping_status":"closed","template":"","meta":{"_acf_changed":false,"xn-wppe-expiration":[],"xn-wppe-expiration-action":[],"xn-wppe-expiration-prefix":[],"footnotes":"","_links_to":"","_links_to_target":""},"class_list":["post-138","page","type-page","status-publish","has-post-thumbnail","hentry","keyword-mobilitat"],"acf":[],"yoast_head":"<!-- This site is optimized with the Yoast SEO plugin v26.7 - https:\/\/yoast.com\/wordpress\/plugins\/seo\/ -->\n<title>\u00d6ffentliche Verkehrsmittel - Ville de Remich<\/title>\n<meta name=\"robots\" content=\"index, follow, max-snippet:-1, max-image-preview:large, max-video-preview:-1\" \/>\n<link rel=\"canonical\" href=\"https:\/\/bierger.remich.lu\/services-au-citoyen\/francais-mobilite\/francais-transports-publics\/\" \/>\n<meta property=\"og:locale\" content=\"de_DE\" \/>\n<meta property=\"og:type\" content=\"article\" \/>\n<meta property=\"og:title\" content=\"\u00d6ffentliche Verkehrsmittel - Ville de Remich\" \/>\n<meta property=\"og:description\" content=\"Mobiliteit.lu &nbsp; Viele Buslinien haben Ihre Abfahrt, Durchfahrt\u00a0und Ankunft in Remich. Um Ihnen die Suche nach der richtigen Fahrstrecke und Buslinie zu erleichtern, haben das Transportministerium und der Verkehrsverbund die Mobilit\u00e4tszentrale gegr\u00fcndet. Sie k\u00f6nnen alle Fahrpl\u00e4ne sowie auch andere n\u00fctzliche Informationen rund um den \u00f6ffentlichen Transport unter www.mobilite.lu\u00a0einsehen. Die Mobilit\u00e4tszentrale ist auch telefonisch erreichbar f\u00fcr... Mehr lesen \u00bb\" \/>\n<meta property=\"og:url\" content=\"https:\/\/bierger.remich.lu\/services-au-citoyen\/francais-mobilite\/francais-transports-publics\/\" \/>\n<meta property=\"og:site_name\" content=\"Ville de Remich\" \/>\n<meta property=\"article:modified_time\" content=\"2026-02-12T14:12:20+00:00\" \/>\n<meta property=\"og:image\" content=\"https:\/\/bierger.remich.lu\/wp-content\/uploads\/sites\/3\/2016\/08\/matthew-henry-6205-1024x683.jpg\" \/>\n\t<meta property=\"og:image:width\" content=\"1024\" \/>\n\t<meta property=\"og:image:height\" content=\"683\" \/>\n\t<meta property=\"og:image:type\" content=\"image\/jpeg\" \/>\n<meta name=\"twitter:card\" content=\"summary_large_image\" \/>\n<meta name=\"twitter:label1\" content=\"Gesch\u00e4tzte Lesezeit\" \/>\n\t<meta name=\"twitter:data1\" content=\"1\u00a0Minute\" \/>\n<script type=\"application\/ld+json\" class=\"yoast-schema-graph\">{\"@context\":\"https:\/\/schema.org\",\"@graph\":[{\"@type\":\"WebPage\",\"@id\":\"https:\/\/bierger.remich.lu\/services-au-citoyen\/francais-mobilite\/francais-transports-publics\/\",\"url\":\"https:\/\/bierger.remich.lu\/services-au-citoyen\/francais-mobilite\/francais-transports-publics\/\",\"name\":\"\u00d6ffentliche Verkehrsmittel - Ville de Remich\",\"isPartOf\":{\"@id\":\"https:\/\/bierger.remich.lu\/de\/#website\"},\"primaryImageOfPage\":{\"@id\":\"https:\/\/bierger.remich.lu\/services-au-citoyen\/francais-mobilite\/francais-transports-publics\/#primaryimage\"},\"image\":{\"@id\":\"https:\/\/bierger.remich.lu\/services-au-citoyen\/francais-mobilite\/francais-transports-publics\/#primaryimage\"},\"thumbnailUrl\":\"https:\/\/bierger.remich.lu\/wp-content\/uploads\/sites\/3\/2016\/08\/matthew-henry-6205.jpg\",\"datePublished\":\"2016-08-30T14:00:56+00:00\",\"dateModified\":\"2026-02-12T14:12:20+00:00\",\"breadcrumb\":{\"@id\":\"https:\/\/bierger.remich.lu\/services-au-citoyen\/francais-mobilite\/francais-transports-publics\/#breadcrumb\"},\"inLanguage\":\"de\",\"potentialAction\":[{\"@type\":\"ReadAction\",\"target\":[\"https:\/\/bierger.remich.lu\/services-au-citoyen\/francais-mobilite\/francais-transports-publics\/\"]}]},{\"@type\":\"ImageObject\",\"inLanguage\":\"de\",\"@id\":\"https:\/\/bierger.remich.lu\/services-au-citoyen\/francais-mobilite\/francais-transports-publics\/#primaryimage\",\"url\":\"https:\/\/bierger.remich.lu\/wp-content\/uploads\/sites\/3\/2016\/08\/matthew-henry-6205.jpg\",\"contentUrl\":\"https:\/\/bierger.remich.lu\/wp-content\/uploads\/sites\/3\/2016\/08\/matthew-henry-6205.jpg\",\"width\":5760,\"height\":3840},{\"@type\":\"BreadcrumbList\",\"@id\":\"https:\/\/bierger.remich.lu\/services-au-citoyen\/francais-mobilite\/francais-transports-publics\/#breadcrumb\",\"itemListElement\":[{\"@type\":\"ListItem\",\"position\":1,\"name\":\"Startseite\",\"item\":\"https:\/\/bierger.remich.lu\/de\/\"},{\"@type\":\"ListItem\",\"position\":2,\"name\":\"B\u00fcrgerdienste\",\"item\":\"https:\/\/bierger.remich.lu\/de\/services-au-citoyen\/\"},{\"@type\":\"ListItem\",\"position\":3,\"name\":\"Mobilit\u00e4t\",\"item\":\"https:\/\/bierger.remich.lu\/de\/services-au-citoyen\/francais-mobilite\/\"},{\"@type\":\"ListItem\",\"position\":4,\"name\":\"\u00d6ffentliche Verkehrsmittel\"}]},{\"@type\":\"WebSite\",\"@id\":\"https:\/\/bierger.remich.lu\/de\/#website\",\"url\":\"https:\/\/bierger.remich.lu\/de\/\",\"name\":\"Ville de Remich\",\"description\":\"\",\"potentialAction\":[{\"@type\":\"SearchAction\",\"target\":{\"@type\":\"EntryPoint\",\"urlTemplate\":\"https:\/\/bierger.remich.lu\/de\/?s={search_term_string}\"},\"query-input\":{\"@type\":\"PropertyValueSpecification\",\"valueRequired\":true,\"valueName\":\"search_term_string\"}}],\"inLanguage\":\"de\"}]}<\/script>\n<!-- \/ Yoast SEO plugin. -->","yoast_head_json":{"title":"\u00d6ffentliche Verkehrsmittel - Ville de Remich","robots":{"index":"index","follow":"follow","max-snippet":"max-snippet:-1","max-image-preview":"max-image-preview:large","max-video-preview":"max-video-preview:-1"},"canonical":"https:\/\/bierger.remich.lu\/services-au-citoyen\/francais-mobilite\/francais-transports-publics\/","og_locale":"de_DE","og_type":"article","og_title":"\u00d6ffentliche Verkehrsmittel - Ville de Remich","og_description":"Mobiliteit.lu &nbsp; Viele Buslinien haben Ihre Abfahrt, Durchfahrt\u00a0und Ankunft in Remich. Um Ihnen die Suche nach der richtigen Fahrstrecke und Buslinie zu erleichtern, haben das Transportministerium und der Verkehrsverbund die Mobilit\u00e4tszentrale gegr\u00fcndet. Sie k\u00f6nnen alle Fahrpl\u00e4ne sowie auch andere n\u00fctzliche Informationen rund um den \u00f6ffentlichen Transport unter www.mobilite.lu\u00a0einsehen. Die Mobilit\u00e4tszentrale ist auch telefonisch erreichbar f\u00fcr... Mehr lesen \u00bb","og_url":"https:\/\/bierger.remich.lu\/services-au-citoyen\/francais-mobilite\/francais-transports-publics\/","og_site_name":"Ville de Remich","article_modified_time":"2026-02-12T14:12:20+00:00","og_image":[{"width":1024,"height":683,"url":"https:\/\/bierger.remich.lu\/wp-content\/uploads\/sites\/3\/2016\/08\/matthew-henry-6205-1024x683.jpg","type":"image\/jpeg"}],"twitter_card":"summary_large_image","twitter_misc":{"Gesch\u00e4tzte Lesezeit":"1\u00a0Minute"},"schema":{"@context":"https:\/\/schema.org","@graph":[{"@type":"WebPage","@id":"https:\/\/bierger.remich.lu\/services-au-citoyen\/francais-mobilite\/francais-transports-publics\/","url":"https:\/\/bierger.remich.lu\/services-au-citoyen\/francais-mobilite\/francais-transports-publics\/","name":"\u00d6ffentliche Verkehrsmittel - Ville de Remich","isPartOf":{"@id":"https:\/\/bierger.remich.lu\/de\/#website"},"primaryImageOfPage":{"@id":"https:\/\/bierger.remich.lu\/services-au-citoyen\/francais-mobilite\/francais-transports-publics\/#primaryimage"},"image":{"@id":"https:\/\/bierger.remich.lu\/services-au-citoyen\/francais-mobilite\/francais-transports-publics\/#primaryimage"},"thumbnailUrl":"https:\/\/bierger.remich.lu\/wp-content\/uploads\/sites\/3\/2016\/08\/matthew-henry-6205.jpg","datePublished":"2016-08-30T14:00:56+00:00","dateModified":"2026-02-12T14:12:20+00:00","breadcrumb":{"@id":"https:\/\/bierger.remich.lu\/services-au-citoyen\/francais-mobilite\/francais-transports-publics\/#breadcrumb"},"inLanguage":"de","potentialAction":[{"@type":"ReadAction","target":["https:\/\/bierger.remich.lu\/services-au-citoyen\/francais-mobilite\/francais-transports-publics\/"]}]},{"@type":"ImageObject","inLanguage":"de","@id":"https:\/\/bierger.remich.lu\/services-au-citoyen\/francais-mobilite\/francais-transports-publics\/#primaryimage","url":"https:\/\/bierger.remich.lu\/wp-content\/uploads\/sites\/3\/2016\/08\/matthew-henry-6205.jpg","contentUrl":"https:\/\/bierger.remich.lu\/wp-content\/uploads\/sites\/3\/2016\/08\/matthew-henry-6205.jpg","width":5760,"height":3840},{"@type":"BreadcrumbList","@id":"https:\/\/bierger.remich.lu\/services-au-citoyen\/francais-mobilite\/francais-transports-publics\/#breadcrumb","itemListElement":[{"@type":"ListItem","position":1,"name":"Startseite","item":"https:\/\/bierger.remich.lu\/de\/"},{"@type":"ListItem","position":2,"name":"B\u00fcrgerdienste","item":"https:\/\/bierger.remich.lu\/de\/services-au-citoyen\/"},{"@type":"ListItem","position":3,"name":"Mobilit\u00e4t","item":"https:\/\/bierger.remich.lu\/de\/services-au-citoyen\/francais-mobilite\/"},{"@type":"ListItem","position":4,"name":"\u00d6ffentliche Verkehrsmittel"}]},{"@type":"WebSite","@id":"https:\/\/bierger.remich.lu\/de\/#website","url":"https:\/\/bierger.remich.lu\/de\/","name":"Ville de Remich","description":"","potentialAction":[{"@type":"SearchAction","target":{"@type":"EntryPoint","urlTemplate":"https:\/\/bierger.remich.lu\/de\/?s={search_term_string}"},"query-input":{"@type":"PropertyValueSpecification","valueRequired":true,"valueName":"search_term_string"}}],"inLanguage":"de"}]}},"_links":{"self":[{"href":"https:\/\/bierger.remich.lu\/de\/wp-json\/wp\/v2\/pages\/138","targetHints":{"allow":["GET"]}}],"collection":[{"href":"https:\/\/bierger.remich.lu\/de\/wp-json\/wp\/v2\/pages"}],"about":[{"href":"https:\/\/bierger.remich.lu\/de\/wp-json\/wp\/v2\/types\/page"}],"author":[{"embeddable":true,"href":"https:\/\/bierger.remich.lu\/de\/wp-json\/wp\/v2\/users\/1"}],"replies":[{"embeddable":true,"href":"https:\/\/bierger.remich.lu\/de\/wp-json\/wp\/v2\/comments?post=138"}],"version-history":[{"count":31,"href":"https:\/\/bierger.remich.lu\/de\/wp-json\/wp\/v2\/pages\/138\/revisions"}],"predecessor-version":[{"id":13554,"href":"https:\/\/bierger.remich.lu\/de\/wp-json\/wp\/v2\/pages\/138\/revisions\/13554"}],"up":[{"embeddable":true,"href":"https:\/\/bierger.remich.lu\/de\/wp-json\/wp\/v2\/pages\/70"}],"wp:featuredmedia":[{"embeddable":true,"href":"https:\/\/bierger.remich.lu\/de\/wp-json\/wp\/v2\/media\/2134"}],"wp:attachment":[{"href":"https:\/\/bierger.remich.lu\/de\/wp-json\/wp\/v2\/media?parent=138"}],"curies":[{"name":"wp","href":"https:\/\/api.w.org\/{rel}","templated":true}]}}