{"id":142,"date":"2016-08-30T14:01:21","date_gmt":"2016-08-30T14:01:21","guid":{"rendered":"http:\/\/reimech.lu\/?page_id=142"},"modified":"2025-01-31T07:57:10","modified_gmt":"2025-01-31T06:57:10","slug":"francais-rent-a-bike","status":"publish","type":"page","link":"https:\/\/bierger.remich.lu\/de\/services-au-citoyen\/francais-mobilite\/francais-rent-a-bike\/","title":{"rendered":"Rent a bike"},"content":{"rendered":"<h4>Information und Reservation<\/h4>\n<p>Ein Fahrrad bei Rent a bike miselerland zu mieten ist ganz einfach :<\/p>\n<ul>\n<li>Wenden Sie sich an eine Station Rent a bike<\/li>\n<li>Legen Sie einen g\u00fcltigen Personalausweis vor<\/li>\n<li>W\u00e4hlen Sie Ihr Fahrrad in der passenden Gr\u00f6\u00dfe aus<\/li>\n<li>Unterschreiben Sie den Mietvertrag zu den allgemeinen Gesch\u00e4ftsbedingungen<\/li>\n<li>Bezahlen Sie mit EUR in bar (an einigen Stationen ist auch Kreditkartenzahlung m\u00f6glich)<\/li>\n<\/ul>\n<p>* Falls Sie Teil einer Gruppe von mehr als 6 Personen sind, reservieren Sie bitte Ihr Material 24 Stunden im Voraus.<\/p>\n<div class=\"activity-entry-infos-contact\">\n<p>Telefon: (+352) 26 74 63 888<br \/>\nEmail: <a href=\"mailto:info@rentabike-miselerland.lu\">info@rentabike-miselerland.lu<\/a><\/p>\n<\/div>\n<div class=\"activity-entry-infos-hours\">\n<h4>\u00d6ffnungszeiten:<\/h4>\n<p>Die Rent a Bike Station in Remich befindet sich am Busbahnhof.<br \/>\nGe\u00f6ffnet t\u00e4glich von 10 Uhr bis 18 Uhr von 01. April bis zum 15. Oktober.<\/p>\n<\/div>","protected":false},"excerpt":{"rendered":"<p>Information und Reservation Ein Fahrrad bei Rent a bike miselerland zu mieten ist ganz einfach : Wenden Sie sich an eine Station Rent a bike Legen Sie einen g\u00fcltigen Personalausweis vor W\u00e4hlen Sie Ihr Fahrrad in der passenden Gr\u00f6\u00dfe aus Unterschreiben Sie den Mietvertrag zu den allgemeinen Gesch\u00e4ftsbedingungen Bezahlen Sie mit EUR in bar (an&#8230;  <a class=\"excerpt-read-more\" href=\"https:\/\/bierger.remich.lu\/de\/services-au-citoyen\/francais-mobilite\/francais-rent-a-bike\/\" title=\"ReadRent a bike\">Mehr lesen \u00bb<\/a><\/p>\n","protected":false},"author":1,"featured_media":2129,"parent":70,"menu_order":61,"comment_status":"closed","ping_status":"closed","template":"","meta":{"_acf_changed":false,"xn-wppe-expiration":[],"xn-wppe-expiration-action":[],"xn-wppe-expiration-prefix":[],"footnotes":"","_links_to":"","_links_to_target":""},"class_list":["post-142","page","type-page","status-publish","has-post-thumbnail","hentry","keyword-infos","keyword-mobilitat"],"acf":[],"yoast_head":"<!-- This site is optimized with the Yoast SEO plugin v26.7 - https:\/\/yoast.com\/wordpress\/plugins\/seo\/ -->\n<title>Rent a bike - Ville de Remich<\/title>\n<meta name=\"robots\" content=\"index, follow, max-snippet:-1, max-image-preview:large, max-video-preview:-1\" \/>\n<link rel=\"canonical\" href=\"https:\/\/bierger.remich.lu\/fr\/services-au-citoyen\/francais-mobilite\/francais-rent-a-bike\/\" \/>\n<meta property=\"og:locale\" content=\"de_DE\" \/>\n<meta property=\"og:type\" content=\"article\" \/>\n<meta property=\"og:title\" content=\"Rent a bike - Ville de Remich\" \/>\n<meta property=\"og:description\" content=\"Information und Reservation Ein Fahrrad bei Rent a bike miselerland zu mieten ist ganz einfach : Wenden Sie sich an eine Station Rent a bike Legen Sie einen g\u00fcltigen Personalausweis vor W\u00e4hlen Sie Ihr Fahrrad in der passenden Gr\u00f6\u00dfe aus Unterschreiben Sie den Mietvertrag zu den allgemeinen Gesch\u00e4ftsbedingungen Bezahlen Sie mit EUR in bar (an... Mehr lesen \u00bb\" \/>\n<meta property=\"og:url\" content=\"https:\/\/bierger.remich.lu\/fr\/services-au-citoyen\/francais-mobilite\/francais-rent-a-bike\/\" \/>\n<meta property=\"og:site_name\" content=\"Ville de Remich\" \/>\n<meta property=\"article:modified_time\" content=\"2025-01-31T06:57:10+00:00\" \/>\n<meta property=\"og:image\" content=\"https:\/\/bierger.remich.lu\/wp-content\/uploads\/sites\/3\/2016\/08\/309B8995-1-e1505470348447.jpg\" \/>\n\t<meta property=\"og:image:width\" content=\"2490\" \/>\n\t<meta property=\"og:image:height\" content=\"5615\" \/>\n\t<meta property=\"og:image:type\" content=\"image\/jpeg\" \/>\n<meta name=\"twitter:card\" content=\"summary_large_image\" \/>\n<meta name=\"twitter:label1\" content=\"Gesch\u00e4tzte Lesezeit\" \/>\n\t<meta name=\"twitter:data1\" content=\"1\u00a0Minute\" \/>\n<script type=\"application\/ld+json\" class=\"yoast-schema-graph\">{\"@context\":\"https:\/\/schema.org\",\"@graph\":[{\"@type\":\"WebPage\",\"@id\":\"https:\/\/bierger.remich.lu\/fr\/services-au-citoyen\/francais-mobilite\/francais-rent-a-bike\/\",\"url\":\"https:\/\/bierger.remich.lu\/fr\/services-au-citoyen\/francais-mobilite\/francais-rent-a-bike\/\",\"name\":\"Rent a bike - Ville de Remich\",\"isPartOf\":{\"@id\":\"https:\/\/bierger.remich.lu\/de\/#website\"},\"primaryImageOfPage\":{\"@id\":\"https:\/\/bierger.remich.lu\/fr\/services-au-citoyen\/francais-mobilite\/francais-rent-a-bike\/#primaryimage\"},\"image\":{\"@id\":\"https:\/\/bierger.remich.lu\/fr\/services-au-citoyen\/francais-mobilite\/francais-rent-a-bike\/#primaryimage\"},\"thumbnailUrl\":\"https:\/\/bierger.remich.lu\/wp-content\/uploads\/sites\/3\/2016\/08\/309B8995-1-e1505470348447.jpg\",\"datePublished\":\"2016-08-30T14:01:21+00:00\",\"dateModified\":\"2025-01-31T06:57:10+00:00\",\"breadcrumb\":{\"@id\":\"https:\/\/bierger.remich.lu\/fr\/services-au-citoyen\/francais-mobilite\/francais-rent-a-bike\/#breadcrumb\"},\"inLanguage\":\"de\",\"potentialAction\":[{\"@type\":\"ReadAction\",\"target\":[\"https:\/\/bierger.remich.lu\/fr\/services-au-citoyen\/francais-mobilite\/francais-rent-a-bike\/\"]}]},{\"@type\":\"ImageObject\",\"inLanguage\":\"de\",\"@id\":\"https:\/\/bierger.remich.lu\/fr\/services-au-citoyen\/francais-mobilite\/francais-rent-a-bike\/#primaryimage\",\"url\":\"https:\/\/bierger.remich.lu\/wp-content\/uploads\/sites\/3\/2016\/08\/309B8995-1-e1505470348447.jpg\",\"contentUrl\":\"https:\/\/bierger.remich.lu\/wp-content\/uploads\/sites\/3\/2016\/08\/309B8995-1-e1505470348447.jpg\",\"width\":2490,\"height\":5615},{\"@type\":\"BreadcrumbList\",\"@id\":\"https:\/\/bierger.remich.lu\/fr\/services-au-citoyen\/francais-mobilite\/francais-rent-a-bike\/#breadcrumb\",\"itemListElement\":[{\"@type\":\"ListItem\",\"position\":1,\"name\":\"Startseite\",\"item\":\"https:\/\/bierger.remich.lu\/de\/\"},{\"@type\":\"ListItem\",\"position\":2,\"name\":\"B\u00fcrgerdienste\",\"item\":\"https:\/\/bierger.remich.lu\/de\/services-au-citoyen\/\"},{\"@type\":\"ListItem\",\"position\":3,\"name\":\"Mobilit\u00e4t\",\"item\":\"https:\/\/bierger.remich.lu\/de\/services-au-citoyen\/francais-mobilite\/\"},{\"@type\":\"ListItem\",\"position\":4,\"name\":\"Rent a bike\"}]},{\"@type\":\"WebSite\",\"@id\":\"https:\/\/bierger.remich.lu\/de\/#website\",\"url\":\"https:\/\/bierger.remich.lu\/de\/\",\"name\":\"Ville de Remich\",\"description\":\"\",\"potentialAction\":[{\"@type\":\"SearchAction\",\"target\":{\"@type\":\"EntryPoint\",\"urlTemplate\":\"https:\/\/bierger.remich.lu\/de\/?s={search_term_string}\"},\"query-input\":{\"@type\":\"PropertyValueSpecification\",\"valueRequired\":true,\"valueName\":\"search_term_string\"}}],\"inLanguage\":\"de\"}]}<\/script>\n<!-- \/ Yoast SEO plugin. -->","yoast_head_json":{"title":"Rent a bike - Ville de Remich","robots":{"index":"index","follow":"follow","max-snippet":"max-snippet:-1","max-image-preview":"max-image-preview:large","max-video-preview":"max-video-preview:-1"},"canonical":"https:\/\/bierger.remich.lu\/fr\/services-au-citoyen\/francais-mobilite\/francais-rent-a-bike\/","og_locale":"de_DE","og_type":"article","og_title":"Rent a bike - Ville de Remich","og_description":"Information und Reservation Ein Fahrrad bei Rent a bike miselerland zu mieten ist ganz einfach : Wenden Sie sich an eine Station Rent a bike Legen Sie einen g\u00fcltigen Personalausweis vor W\u00e4hlen Sie Ihr Fahrrad in der passenden Gr\u00f6\u00dfe aus Unterschreiben Sie den Mietvertrag zu den allgemeinen Gesch\u00e4ftsbedingungen Bezahlen Sie mit EUR in bar (an... Mehr lesen \u00bb","og_url":"https:\/\/bierger.remich.lu\/fr\/services-au-citoyen\/francais-mobilite\/francais-rent-a-bike\/","og_site_name":"Ville de Remich","article_modified_time":"2025-01-31T06:57:10+00:00","og_image":[{"width":2490,"height":5615,"url":"https:\/\/bierger.remich.lu\/wp-content\/uploads\/sites\/3\/2016\/08\/309B8995-1-e1505470348447.jpg","type":"image\/jpeg"}],"twitter_card":"summary_large_image","twitter_misc":{"Gesch\u00e4tzte Lesezeit":"1\u00a0Minute"},"schema":{"@context":"https:\/\/schema.org","@graph":[{"@type":"WebPage","@id":"https:\/\/bierger.remich.lu\/fr\/services-au-citoyen\/francais-mobilite\/francais-rent-a-bike\/","url":"https:\/\/bierger.remich.lu\/fr\/services-au-citoyen\/francais-mobilite\/francais-rent-a-bike\/","name":"Rent a bike - Ville de Remich","isPartOf":{"@id":"https:\/\/bierger.remich.lu\/de\/#website"},"primaryImageOfPage":{"@id":"https:\/\/bierger.remich.lu\/fr\/services-au-citoyen\/francais-mobilite\/francais-rent-a-bike\/#primaryimage"},"image":{"@id":"https:\/\/bierger.remich.lu\/fr\/services-au-citoyen\/francais-mobilite\/francais-rent-a-bike\/#primaryimage"},"thumbnailUrl":"https:\/\/bierger.remich.lu\/wp-content\/uploads\/sites\/3\/2016\/08\/309B8995-1-e1505470348447.jpg","datePublished":"2016-08-30T14:01:21+00:00","dateModified":"2025-01-31T06:57:10+00:00","breadcrumb":{"@id":"https:\/\/bierger.remich.lu\/fr\/services-au-citoyen\/francais-mobilite\/francais-rent-a-bike\/#breadcrumb"},"inLanguage":"de","potentialAction":[{"@type":"ReadAction","target":["https:\/\/bierger.remich.lu\/fr\/services-au-citoyen\/francais-mobilite\/francais-rent-a-bike\/"]}]},{"@type":"ImageObject","inLanguage":"de","@id":"https:\/\/bierger.remich.lu\/fr\/services-au-citoyen\/francais-mobilite\/francais-rent-a-bike\/#primaryimage","url":"https:\/\/bierger.remich.lu\/wp-content\/uploads\/sites\/3\/2016\/08\/309B8995-1-e1505470348447.jpg","contentUrl":"https:\/\/bierger.remich.lu\/wp-content\/uploads\/sites\/3\/2016\/08\/309B8995-1-e1505470348447.jpg","width":2490,"height":5615},{"@type":"BreadcrumbList","@id":"https:\/\/bierger.remich.lu\/fr\/services-au-citoyen\/francais-mobilite\/francais-rent-a-bike\/#breadcrumb","itemListElement":[{"@type":"ListItem","position":1,"name":"Startseite","item":"https:\/\/bierger.remich.lu\/de\/"},{"@type":"ListItem","position":2,"name":"B\u00fcrgerdienste","item":"https:\/\/bierger.remich.lu\/de\/services-au-citoyen\/"},{"@type":"ListItem","position":3,"name":"Mobilit\u00e4t","item":"https:\/\/bierger.remich.lu\/de\/services-au-citoyen\/francais-mobilite\/"},{"@type":"ListItem","position":4,"name":"Rent a bike"}]},{"@type":"WebSite","@id":"https:\/\/bierger.remich.lu\/de\/#website","url":"https:\/\/bierger.remich.lu\/de\/","name":"Ville de Remich","description":"","potentialAction":[{"@type":"SearchAction","target":{"@type":"EntryPoint","urlTemplate":"https:\/\/bierger.remich.lu\/de\/?s={search_term_string}"},"query-input":{"@type":"PropertyValueSpecification","valueRequired":true,"valueName":"search_term_string"}}],"inLanguage":"de"}]}},"_links":{"self":[{"href":"https:\/\/bierger.remich.lu\/de\/wp-json\/wp\/v2\/pages\/142","targetHints":{"allow":["GET"]}}],"collection":[{"href":"https:\/\/bierger.remich.lu\/de\/wp-json\/wp\/v2\/pages"}],"about":[{"href":"https:\/\/bierger.remich.lu\/de\/wp-json\/wp\/v2\/types\/page"}],"author":[{"embeddable":true,"href":"https:\/\/bierger.remich.lu\/de\/wp-json\/wp\/v2\/users\/1"}],"replies":[{"embeddable":true,"href":"https:\/\/bierger.remich.lu\/de\/wp-json\/wp\/v2\/comments?post=142"}],"version-history":[{"count":9,"href":"https:\/\/bierger.remich.lu\/de\/wp-json\/wp\/v2\/pages\/142\/revisions"}],"predecessor-version":[{"id":15626,"href":"https:\/\/bierger.remich.lu\/de\/wp-json\/wp\/v2\/pages\/142\/revisions\/15626"}],"up":[{"embeddable":true,"href":"https:\/\/bierger.remich.lu\/de\/wp-json\/wp\/v2\/pages\/70"}],"wp:featuredmedia":[{"embeddable":true,"href":"https:\/\/bierger.remich.lu\/de\/wp-json\/wp\/v2\/media\/2129"}],"wp:attachment":[{"href":"https:\/\/bierger.remich.lu\/de\/wp-json\/wp\/v2\/media?parent=142"}],"curies":[{"name":"wp","href":"https:\/\/api.w.org\/{rel}","templated":true}]}}