{"id":144,"date":"2016-08-30T14:01:32","date_gmt":"2016-08-30T14:01:32","guid":{"rendered":"http:\/\/reimech.lu\/?page_id=144"},"modified":"2023-03-10T09:22:57","modified_gmt":"2023-03-10T08:22:57","slug":"francais-navette","status":"publish","type":"page","link":"https:\/\/bierger.remich.lu\/de\/services-au-citoyen\/francais-mobilite\/francais-navette\/","title":{"rendered":"Pendelbus"},"content":{"rendered":"<p align=\"LEFT\">Eink\u00e4ufe t\u00e4tigen oder\u00a0andere Fahrten\u00a0ohne das eigene Auto zu benutzen \u2013 Der Shuttlebus der Stadt Remich macht dies m\u00f6glich und bringt Sie bequem \u00fcberall in Remich hin.<\/p>\n<p>Der Pendelbus ist ein kostenloser Dienst der Stadt Remich, welcher von montags bis freitags innerhalb der Stadt Remich gem\u00e4\u00df <a href=\"http:\/\/bierger.remich.lu\/wp-content\/uploads\/sites\/3\/2020\/03\/NOUVEAU-TOUR-NAVETTE-2020.pdf\">Fahrplan<\/a> f\u00e4hrt ausser an folgenden Tagen:<\/p>\n<ul>\n<li>Neujahr<\/li>\n<li>Fastnachtsdienstag nachmittags<\/li>\n<li>Ostermontag<\/li>\n<li>1. Mai<\/li>\n<li>Christi Himmelfahrt<\/li>\n<li>Pfingstmontag und Pfingstdienstag nachmittags<\/li>\n<li>23. Juni (Nationalfeiertag)<\/li>\n<li>15. August (Maria Himmelfahrt)<\/li>\n<li>Kirmesdienstag<\/li>\n<li>Allerheiligen<\/li>\n<li>Heiligabend nachmittags<\/li>\n<li>1. und 2. Weihnachtsfeiertag<\/li>\n<li>Silvester nachmittags<\/li>\n<\/ul>\n<section class=\"entry-content clearfix\"><span style=\"color: #ff0000\">ACHTUNG: Aufgrund der Baustelle in der Rue de la Cit\u00e9 wird die Haltestelle des Pendelbusses in der Rue Maatebierg (Kreuzung Maatebierg\/Rue de la Cit\u00e9) bis mindestens zum 5. Mai 2023 in die Rue Dicks auf H\u00f6he der Kellerei Desom verlegt.<\/span><span style=\"color: #ff0000\">Wir danken Ihnen f\u00fcr Ihr Verst\u00e4ndnis.<\/span><\/section>\n<p>&nbsp;","protected":false},"excerpt":{"rendered":"<p>Eink\u00e4ufe t\u00e4tigen oder\u00a0andere Fahrten\u00a0ohne das eigene Auto zu benutzen \u2013 Der Shuttlebus der Stadt Remich macht dies m\u00f6glich und bringt Sie bequem \u00fcberall in Remich hin. Der Pendelbus ist ein kostenloser Dienst der Stadt Remich, welcher von montags bis freitags innerhalb der Stadt Remich gem\u00e4\u00df Fahrplan f\u00e4hrt ausser an folgenden Tagen: Neujahr Fastnachtsdienstag nachmittags Ostermontag&#8230;  <a class=\"excerpt-read-more\" href=\"https:\/\/bierger.remich.lu\/de\/services-au-citoyen\/francais-mobilite\/francais-navette\/\" title=\"ReadPendelbus\">Mehr lesen \u00bb<\/a><\/p>\n","protected":false},"author":1,"featured_media":10872,"parent":70,"menu_order":56,"comment_status":"closed","ping_status":"closed","template":"","meta":{"_acf_changed":false,"xn-wppe-expiration":[],"xn-wppe-expiration-action":[],"xn-wppe-expiration-prefix":[],"footnotes":"","_links_to":"","_links_to_target":""},"class_list":["post-144","page","type-page","status-publish","has-post-thumbnail","hentry","keyword-eau"],"acf":[],"yoast_head":"<!-- This site is optimized with the Yoast SEO plugin v26.7 - https:\/\/yoast.com\/wordpress\/plugins\/seo\/ -->\n<title>Pendelbus - Ville de Remich<\/title>\n<meta name=\"robots\" content=\"index, follow, max-snippet:-1, max-image-preview:large, max-video-preview:-1\" \/>\n<link rel=\"canonical\" href=\"https:\/\/bierger.remich.lu\/de\/services-au-citoyen\/francais-mobilite\/francais-navette\/\" \/>\n<meta property=\"og:locale\" content=\"de_DE\" \/>\n<meta property=\"og:type\" content=\"article\" \/>\n<meta property=\"og:title\" content=\"Pendelbus - Ville de Remich\" \/>\n<meta property=\"og:description\" content=\"Eink\u00e4ufe t\u00e4tigen oder\u00a0andere Fahrten\u00a0ohne das eigene Auto zu benutzen \u2013 Der Shuttlebus der Stadt Remich macht dies m\u00f6glich und bringt Sie bequem \u00fcberall in Remich hin. Der Pendelbus ist ein kostenloser Dienst der Stadt Remich, welcher von montags bis freitags innerhalb der Stadt Remich gem\u00e4\u00df Fahrplan f\u00e4hrt ausser an folgenden Tagen: Neujahr Fastnachtsdienstag nachmittags Ostermontag... Mehr lesen \u00bb\" \/>\n<meta property=\"og:url\" content=\"https:\/\/bierger.remich.lu\/de\/services-au-citoyen\/francais-mobilite\/francais-navette\/\" \/>\n<meta property=\"og:site_name\" content=\"Ville de Remich\" \/>\n<meta property=\"article:modified_time\" content=\"2023-03-10T08:22:57+00:00\" \/>\n<meta property=\"og:image\" content=\"https:\/\/bierger.remich.lu\/wp-content\/uploads\/sites\/3\/2022\/08\/2020-06-12-06.10.02-1-scaled-e1659946035591.jpg\" \/>\n\t<meta property=\"og:image:width\" content=\"1520\" \/>\n\t<meta property=\"og:image:height\" content=\"1920\" \/>\n\t<meta property=\"og:image:type\" content=\"image\/jpeg\" \/>\n<meta name=\"twitter:card\" content=\"summary_large_image\" \/>\n<meta name=\"twitter:label1\" content=\"Gesch\u00e4tzte Lesezeit\" \/>\n\t<meta name=\"twitter:data1\" content=\"1\u00a0Minute\" \/>\n<script type=\"application\/ld+json\" class=\"yoast-schema-graph\">{\"@context\":\"https:\/\/schema.org\",\"@graph\":[{\"@type\":\"WebPage\",\"@id\":\"https:\/\/bierger.remich.lu\/de\/services-au-citoyen\/francais-mobilite\/francais-navette\/\",\"url\":\"https:\/\/bierger.remich.lu\/de\/services-au-citoyen\/francais-mobilite\/francais-navette\/\",\"name\":\"Pendelbus - Ville de Remich\",\"isPartOf\":{\"@id\":\"https:\/\/bierger.remich.lu\/de\/#website\"},\"primaryImageOfPage\":{\"@id\":\"https:\/\/bierger.remich.lu\/de\/services-au-citoyen\/francais-mobilite\/francais-navette\/#primaryimage\"},\"image\":{\"@id\":\"https:\/\/bierger.remich.lu\/de\/services-au-citoyen\/francais-mobilite\/francais-navette\/#primaryimage\"},\"thumbnailUrl\":\"https:\/\/bierger.remich.lu\/wp-content\/uploads\/sites\/3\/2022\/08\/2020-06-12-06.10.02-1-scaled-e1659946035591.jpg\",\"datePublished\":\"2016-08-30T14:01:32+00:00\",\"dateModified\":\"2023-03-10T08:22:57+00:00\",\"breadcrumb\":{\"@id\":\"https:\/\/bierger.remich.lu\/de\/services-au-citoyen\/francais-mobilite\/francais-navette\/#breadcrumb\"},\"inLanguage\":\"de\",\"potentialAction\":[{\"@type\":\"ReadAction\",\"target\":[\"https:\/\/bierger.remich.lu\/de\/services-au-citoyen\/francais-mobilite\/francais-navette\/\"]}]},{\"@type\":\"ImageObject\",\"inLanguage\":\"de\",\"@id\":\"https:\/\/bierger.remich.lu\/de\/services-au-citoyen\/francais-mobilite\/francais-navette\/#primaryimage\",\"url\":\"https:\/\/bierger.remich.lu\/wp-content\/uploads\/sites\/3\/2022\/08\/2020-06-12-06.10.02-1-scaled-e1659946035591.jpg\",\"contentUrl\":\"https:\/\/bierger.remich.lu\/wp-content\/uploads\/sites\/3\/2022\/08\/2020-06-12-06.10.02-1-scaled-e1659946035591.jpg\",\"width\":1520,\"height\":1920},{\"@type\":\"BreadcrumbList\",\"@id\":\"https:\/\/bierger.remich.lu\/de\/services-au-citoyen\/francais-mobilite\/francais-navette\/#breadcrumb\",\"itemListElement\":[{\"@type\":\"ListItem\",\"position\":1,\"name\":\"Startseite\",\"item\":\"https:\/\/bierger.remich.lu\/de\/\"},{\"@type\":\"ListItem\",\"position\":2,\"name\":\"B\u00fcrgerdienste\",\"item\":\"https:\/\/bierger.remich.lu\/de\/services-au-citoyen\/\"},{\"@type\":\"ListItem\",\"position\":3,\"name\":\"Mobilit\u00e4t\",\"item\":\"https:\/\/bierger.remich.lu\/de\/services-au-citoyen\/francais-mobilite\/\"},{\"@type\":\"ListItem\",\"position\":4,\"name\":\"Pendelbus\"}]},{\"@type\":\"WebSite\",\"@id\":\"https:\/\/bierger.remich.lu\/de\/#website\",\"url\":\"https:\/\/bierger.remich.lu\/de\/\",\"name\":\"Ville de Remich\",\"description\":\"\",\"potentialAction\":[{\"@type\":\"SearchAction\",\"target\":{\"@type\":\"EntryPoint\",\"urlTemplate\":\"https:\/\/bierger.remich.lu\/de\/?s={search_term_string}\"},\"query-input\":{\"@type\":\"PropertyValueSpecification\",\"valueRequired\":true,\"valueName\":\"search_term_string\"}}],\"inLanguage\":\"de\"}]}<\/script>\n<!-- \/ Yoast SEO plugin. -->","yoast_head_json":{"title":"Pendelbus - Ville de Remich","robots":{"index":"index","follow":"follow","max-snippet":"max-snippet:-1","max-image-preview":"max-image-preview:large","max-video-preview":"max-video-preview:-1"},"canonical":"https:\/\/bierger.remich.lu\/de\/services-au-citoyen\/francais-mobilite\/francais-navette\/","og_locale":"de_DE","og_type":"article","og_title":"Pendelbus - Ville de Remich","og_description":"Eink\u00e4ufe t\u00e4tigen oder\u00a0andere Fahrten\u00a0ohne das eigene Auto zu benutzen \u2013 Der Shuttlebus der Stadt Remich macht dies m\u00f6glich und bringt Sie bequem \u00fcberall in Remich hin. Der Pendelbus ist ein kostenloser Dienst der Stadt Remich, welcher von montags bis freitags innerhalb der Stadt Remich gem\u00e4\u00df Fahrplan f\u00e4hrt ausser an folgenden Tagen: Neujahr Fastnachtsdienstag nachmittags Ostermontag... Mehr lesen \u00bb","og_url":"https:\/\/bierger.remich.lu\/de\/services-au-citoyen\/francais-mobilite\/francais-navette\/","og_site_name":"Ville de Remich","article_modified_time":"2023-03-10T08:22:57+00:00","og_image":[{"width":1520,"height":1920,"url":"https:\/\/bierger.remich.lu\/wp-content\/uploads\/sites\/3\/2022\/08\/2020-06-12-06.10.02-1-scaled-e1659946035591.jpg","type":"image\/jpeg"}],"twitter_card":"summary_large_image","twitter_misc":{"Gesch\u00e4tzte Lesezeit":"1\u00a0Minute"},"schema":{"@context":"https:\/\/schema.org","@graph":[{"@type":"WebPage","@id":"https:\/\/bierger.remich.lu\/de\/services-au-citoyen\/francais-mobilite\/francais-navette\/","url":"https:\/\/bierger.remich.lu\/de\/services-au-citoyen\/francais-mobilite\/francais-navette\/","name":"Pendelbus - Ville de Remich","isPartOf":{"@id":"https:\/\/bierger.remich.lu\/de\/#website"},"primaryImageOfPage":{"@id":"https:\/\/bierger.remich.lu\/de\/services-au-citoyen\/francais-mobilite\/francais-navette\/#primaryimage"},"image":{"@id":"https:\/\/bierger.remich.lu\/de\/services-au-citoyen\/francais-mobilite\/francais-navette\/#primaryimage"},"thumbnailUrl":"https:\/\/bierger.remich.lu\/wp-content\/uploads\/sites\/3\/2022\/08\/2020-06-12-06.10.02-1-scaled-e1659946035591.jpg","datePublished":"2016-08-30T14:01:32+00:00","dateModified":"2023-03-10T08:22:57+00:00","breadcrumb":{"@id":"https:\/\/bierger.remich.lu\/de\/services-au-citoyen\/francais-mobilite\/francais-navette\/#breadcrumb"},"inLanguage":"de","potentialAction":[{"@type":"ReadAction","target":["https:\/\/bierger.remich.lu\/de\/services-au-citoyen\/francais-mobilite\/francais-navette\/"]}]},{"@type":"ImageObject","inLanguage":"de","@id":"https:\/\/bierger.remich.lu\/de\/services-au-citoyen\/francais-mobilite\/francais-navette\/#primaryimage","url":"https:\/\/bierger.remich.lu\/wp-content\/uploads\/sites\/3\/2022\/08\/2020-06-12-06.10.02-1-scaled-e1659946035591.jpg","contentUrl":"https:\/\/bierger.remich.lu\/wp-content\/uploads\/sites\/3\/2022\/08\/2020-06-12-06.10.02-1-scaled-e1659946035591.jpg","width":1520,"height":1920},{"@type":"BreadcrumbList","@id":"https:\/\/bierger.remich.lu\/de\/services-au-citoyen\/francais-mobilite\/francais-navette\/#breadcrumb","itemListElement":[{"@type":"ListItem","position":1,"name":"Startseite","item":"https:\/\/bierger.remich.lu\/de\/"},{"@type":"ListItem","position":2,"name":"B\u00fcrgerdienste","item":"https:\/\/bierger.remich.lu\/de\/services-au-citoyen\/"},{"@type":"ListItem","position":3,"name":"Mobilit\u00e4t","item":"https:\/\/bierger.remich.lu\/de\/services-au-citoyen\/francais-mobilite\/"},{"@type":"ListItem","position":4,"name":"Pendelbus"}]},{"@type":"WebSite","@id":"https:\/\/bierger.remich.lu\/de\/#website","url":"https:\/\/bierger.remich.lu\/de\/","name":"Ville de Remich","description":"","potentialAction":[{"@type":"SearchAction","target":{"@type":"EntryPoint","urlTemplate":"https:\/\/bierger.remich.lu\/de\/?s={search_term_string}"},"query-input":{"@type":"PropertyValueSpecification","valueRequired":true,"valueName":"search_term_string"}}],"inLanguage":"de"}]}},"_links":{"self":[{"href":"https:\/\/bierger.remich.lu\/de\/wp-json\/wp\/v2\/pages\/144","targetHints":{"allow":["GET"]}}],"collection":[{"href":"https:\/\/bierger.remich.lu\/de\/wp-json\/wp\/v2\/pages"}],"about":[{"href":"https:\/\/bierger.remich.lu\/de\/wp-json\/wp\/v2\/types\/page"}],"author":[{"embeddable":true,"href":"https:\/\/bierger.remich.lu\/de\/wp-json\/wp\/v2\/users\/1"}],"replies":[{"embeddable":true,"href":"https:\/\/bierger.remich.lu\/de\/wp-json\/wp\/v2\/comments?post=144"}],"version-history":[{"count":13,"href":"https:\/\/bierger.remich.lu\/de\/wp-json\/wp\/v2\/pages\/144\/revisions"}],"predecessor-version":[{"id":12003,"href":"https:\/\/bierger.remich.lu\/de\/wp-json\/wp\/v2\/pages\/144\/revisions\/12003"}],"up":[{"embeddable":true,"href":"https:\/\/bierger.remich.lu\/de\/wp-json\/wp\/v2\/pages\/70"}],"wp:featuredmedia":[{"embeddable":true,"href":"https:\/\/bierger.remich.lu\/de\/wp-json\/wp\/v2\/media\/10872"}],"wp:attachment":[{"href":"https:\/\/bierger.remich.lu\/de\/wp-json\/wp\/v2\/media?parent=144"}],"curies":[{"name":"wp","href":"https:\/\/api.w.org\/{rel}","templated":true}]}}