{"id":146,"date":"2016-08-30T14:01:43","date_gmt":"2016-08-30T14:01:43","guid":{"rendered":"http:\/\/reimech.lu\/?page_id=146"},"modified":"2026-02-23T16:10:34","modified_gmt":"2026-02-23T15:10:34","slug":"francais-nightlifebus","status":"publish","type":"page","link":"https:\/\/bierger.remich.lu\/de\/services-au-citoyen\/francais-mobilite\/francais-nightlifebus\/","title":{"rendered":"Nightlifebus"},"content":{"rendered":"<span lang=\"de-DE\"><img decoding=\"async\" src=\"https:\/\/bierger.remich.lu\/wp-content\/uploads\/sites\/3\/2026\/02\/Banner-Horaires-Remich-1024x293.png\" \/><\/span><\/p>\n<p><span lang=\"de-DE\">Mobil bleiben ohne Einschr\u00e4nkungen und Sorgen um Parkpl\u00e4tze oder Bu\u00dfgelder.<\/span><\/p>\n<p>Der Nightlifebus ist ein gratis Dienst f\u00fcr junge Leute und jung gebliebene.<\/p>\n<p>Die Linie\u00a0f\u00e4hrt jeden Freitag und Samstag und bedient folgende Ortschaften: Luxembourg-Waldbredimus-Bous-Remich-Stadtbredimus-Greiveldange.<\/p>\n<p>Haltestellen mit diesem Zeichen * werden nur auf Anfrage beim Busfahrer bedient.<\/p>\n<p>F\u00fcr die Hinfahrt bitte RGTR-Linien nutzen.","protected":false},"excerpt":{"rendered":"<p>Mobil bleiben ohne Einschr\u00e4nkungen und Sorgen um Parkpl\u00e4tze oder Bu\u00dfgelder. Der Nightlifebus ist ein gratis Dienst f\u00fcr junge Leute und jung gebliebene. Die Linie\u00a0f\u00e4hrt jeden Freitag und Samstag und bedient folgende Ortschaften: Luxembourg-Waldbredimus-Bous-Remich-Stadtbredimus-Greiveldange. Haltestellen mit diesem Zeichen * werden nur auf Anfrage beim Busfahrer bedient. F\u00fcr die Hinfahrt bitte RGTR-Linien nutzen.<\/p>\n","protected":false},"author":1,"featured_media":8185,"parent":70,"menu_order":57,"comment_status":"closed","ping_status":"closed","template":"","meta":{"_acf_changed":false,"xn-wppe-expiration":[],"xn-wppe-expiration-action":[],"xn-wppe-expiration-prefix":[],"footnotes":"","_links_to":"","_links_to_target":""},"class_list":["post-146","page","type-page","status-publish","has-post-thumbnail","hentry"],"acf":[],"yoast_head":"<!-- This site is optimized with the Yoast SEO plugin v26.7 - https:\/\/yoast.com\/wordpress\/plugins\/seo\/ -->\n<title>Nightlifebus - Ville de Remich<\/title>\n<meta name=\"robots\" content=\"index, follow, max-snippet:-1, max-image-preview:large, max-video-preview:-1\" \/>\n<link rel=\"canonical\" href=\"https:\/\/bierger.remich.lu\/services-au-citoyen\/francais-mobilite\/francais-nightlifebus\/\" \/>\n<meta property=\"og:locale\" content=\"de_DE\" \/>\n<meta property=\"og:type\" content=\"article\" \/>\n<meta property=\"og:title\" content=\"Nightlifebus - Ville de Remich\" \/>\n<meta property=\"og:description\" content=\"Mobil bleiben ohne Einschr\u00e4nkungen und Sorgen um Parkpl\u00e4tze oder Bu\u00dfgelder. Der Nightlifebus ist ein gratis Dienst f\u00fcr junge Leute und jung gebliebene. Die Linie\u00a0f\u00e4hrt jeden Freitag und Samstag und bedient folgende Ortschaften: Luxembourg-Waldbredimus-Bous-Remich-Stadtbredimus-Greiveldange. Haltestellen mit diesem Zeichen * werden nur auf Anfrage beim Busfahrer bedient. F\u00fcr die Hinfahrt bitte RGTR-Linien nutzen.\" \/>\n<meta property=\"og:url\" content=\"https:\/\/bierger.remich.lu\/services-au-citoyen\/francais-mobilite\/francais-nightlifebus\/\" \/>\n<meta property=\"og:site_name\" content=\"Ville de Remich\" \/>\n<meta property=\"article:modified_time\" content=\"2026-02-23T15:10:34+00:00\" \/>\n<meta property=\"og:image\" content=\"https:\/\/bierger.remich.lu\/wp-content\/uploads\/sites\/3\/2022\/01\/osman-rana-190412-scaled.jpg\" \/>\n\t<meta property=\"og:image:width\" content=\"2560\" \/>\n\t<meta property=\"og:image:height\" content=\"1707\" \/>\n\t<meta property=\"og:image:type\" content=\"image\/jpeg\" \/>\n<meta name=\"twitter:card\" content=\"summary_large_image\" \/>\n<meta name=\"twitter:label1\" content=\"Gesch\u00e4tzte Lesezeit\" \/>\n\t<meta name=\"twitter:data1\" content=\"1\u00a0Minute\" \/>\n<script type=\"application\/ld+json\" class=\"yoast-schema-graph\">{\"@context\":\"https:\/\/schema.org\",\"@graph\":[{\"@type\":\"WebPage\",\"@id\":\"https:\/\/bierger.remich.lu\/services-au-citoyen\/francais-mobilite\/francais-nightlifebus\/\",\"url\":\"https:\/\/bierger.remich.lu\/services-au-citoyen\/francais-mobilite\/francais-nightlifebus\/\",\"name\":\"Nightlifebus - Ville de Remich\",\"isPartOf\":{\"@id\":\"https:\/\/bierger.remich.lu\/de\/#website\"},\"primaryImageOfPage\":{\"@id\":\"https:\/\/bierger.remich.lu\/services-au-citoyen\/francais-mobilite\/francais-nightlifebus\/#primaryimage\"},\"image\":{\"@id\":\"https:\/\/bierger.remich.lu\/services-au-citoyen\/francais-mobilite\/francais-nightlifebus\/#primaryimage\"},\"thumbnailUrl\":\"https:\/\/bierger.remich.lu\/wp-content\/uploads\/sites\/3\/2022\/01\/osman-rana-190412-scaled.jpg\",\"datePublished\":\"2016-08-30T14:01:43+00:00\",\"dateModified\":\"2026-02-23T15:10:34+00:00\",\"breadcrumb\":{\"@id\":\"https:\/\/bierger.remich.lu\/services-au-citoyen\/francais-mobilite\/francais-nightlifebus\/#breadcrumb\"},\"inLanguage\":\"de\",\"potentialAction\":[{\"@type\":\"ReadAction\",\"target\":[\"https:\/\/bierger.remich.lu\/services-au-citoyen\/francais-mobilite\/francais-nightlifebus\/\"]}]},{\"@type\":\"ImageObject\",\"inLanguage\":\"de\",\"@id\":\"https:\/\/bierger.remich.lu\/services-au-citoyen\/francais-mobilite\/francais-nightlifebus\/#primaryimage\",\"url\":\"https:\/\/bierger.remich.lu\/wp-content\/uploads\/sites\/3\/2022\/01\/osman-rana-190412-scaled.jpg\",\"contentUrl\":\"https:\/\/bierger.remich.lu\/wp-content\/uploads\/sites\/3\/2022\/01\/osman-rana-190412-scaled.jpg\",\"width\":2560,\"height\":1707},{\"@type\":\"BreadcrumbList\",\"@id\":\"https:\/\/bierger.remich.lu\/services-au-citoyen\/francais-mobilite\/francais-nightlifebus\/#breadcrumb\",\"itemListElement\":[{\"@type\":\"ListItem\",\"position\":1,\"name\":\"Startseite\",\"item\":\"https:\/\/bierger.remich.lu\/de\/\"},{\"@type\":\"ListItem\",\"position\":2,\"name\":\"B\u00fcrgerdienste\",\"item\":\"https:\/\/bierger.remich.lu\/de\/services-au-citoyen\/\"},{\"@type\":\"ListItem\",\"position\":3,\"name\":\"Mobilit\u00e4t\",\"item\":\"https:\/\/bierger.remich.lu\/de\/services-au-citoyen\/francais-mobilite\/\"},{\"@type\":\"ListItem\",\"position\":4,\"name\":\"Nightlifebus\"}]},{\"@type\":\"WebSite\",\"@id\":\"https:\/\/bierger.remich.lu\/de\/#website\",\"url\":\"https:\/\/bierger.remich.lu\/de\/\",\"name\":\"Ville de Remich\",\"description\":\"\",\"potentialAction\":[{\"@type\":\"SearchAction\",\"target\":{\"@type\":\"EntryPoint\",\"urlTemplate\":\"https:\/\/bierger.remich.lu\/de\/?s={search_term_string}\"},\"query-input\":{\"@type\":\"PropertyValueSpecification\",\"valueRequired\":true,\"valueName\":\"search_term_string\"}}],\"inLanguage\":\"de\"}]}<\/script>\n<!-- \/ Yoast SEO plugin. -->","yoast_head_json":{"title":"Nightlifebus - Ville de Remich","robots":{"index":"index","follow":"follow","max-snippet":"max-snippet:-1","max-image-preview":"max-image-preview:large","max-video-preview":"max-video-preview:-1"},"canonical":"https:\/\/bierger.remich.lu\/services-au-citoyen\/francais-mobilite\/francais-nightlifebus\/","og_locale":"de_DE","og_type":"article","og_title":"Nightlifebus - Ville de Remich","og_description":"Mobil bleiben ohne Einschr\u00e4nkungen und Sorgen um Parkpl\u00e4tze oder Bu\u00dfgelder. Der Nightlifebus ist ein gratis Dienst f\u00fcr junge Leute und jung gebliebene. Die Linie\u00a0f\u00e4hrt jeden Freitag und Samstag und bedient folgende Ortschaften: Luxembourg-Waldbredimus-Bous-Remich-Stadtbredimus-Greiveldange. Haltestellen mit diesem Zeichen * werden nur auf Anfrage beim Busfahrer bedient. F\u00fcr die Hinfahrt bitte RGTR-Linien nutzen.","og_url":"https:\/\/bierger.remich.lu\/services-au-citoyen\/francais-mobilite\/francais-nightlifebus\/","og_site_name":"Ville de Remich","article_modified_time":"2026-02-23T15:10:34+00:00","og_image":[{"width":2560,"height":1707,"url":"https:\/\/bierger.remich.lu\/wp-content\/uploads\/sites\/3\/2022\/01\/osman-rana-190412-scaled.jpg","type":"image\/jpeg"}],"twitter_card":"summary_large_image","twitter_misc":{"Gesch\u00e4tzte Lesezeit":"1\u00a0Minute"},"schema":{"@context":"https:\/\/schema.org","@graph":[{"@type":"WebPage","@id":"https:\/\/bierger.remich.lu\/services-au-citoyen\/francais-mobilite\/francais-nightlifebus\/","url":"https:\/\/bierger.remich.lu\/services-au-citoyen\/francais-mobilite\/francais-nightlifebus\/","name":"Nightlifebus - Ville de Remich","isPartOf":{"@id":"https:\/\/bierger.remich.lu\/de\/#website"},"primaryImageOfPage":{"@id":"https:\/\/bierger.remich.lu\/services-au-citoyen\/francais-mobilite\/francais-nightlifebus\/#primaryimage"},"image":{"@id":"https:\/\/bierger.remich.lu\/services-au-citoyen\/francais-mobilite\/francais-nightlifebus\/#primaryimage"},"thumbnailUrl":"https:\/\/bierger.remich.lu\/wp-content\/uploads\/sites\/3\/2022\/01\/osman-rana-190412-scaled.jpg","datePublished":"2016-08-30T14:01:43+00:00","dateModified":"2026-02-23T15:10:34+00:00","breadcrumb":{"@id":"https:\/\/bierger.remich.lu\/services-au-citoyen\/francais-mobilite\/francais-nightlifebus\/#breadcrumb"},"inLanguage":"de","potentialAction":[{"@type":"ReadAction","target":["https:\/\/bierger.remich.lu\/services-au-citoyen\/francais-mobilite\/francais-nightlifebus\/"]}]},{"@type":"ImageObject","inLanguage":"de","@id":"https:\/\/bierger.remich.lu\/services-au-citoyen\/francais-mobilite\/francais-nightlifebus\/#primaryimage","url":"https:\/\/bierger.remich.lu\/wp-content\/uploads\/sites\/3\/2022\/01\/osman-rana-190412-scaled.jpg","contentUrl":"https:\/\/bierger.remich.lu\/wp-content\/uploads\/sites\/3\/2022\/01\/osman-rana-190412-scaled.jpg","width":2560,"height":1707},{"@type":"BreadcrumbList","@id":"https:\/\/bierger.remich.lu\/services-au-citoyen\/francais-mobilite\/francais-nightlifebus\/#breadcrumb","itemListElement":[{"@type":"ListItem","position":1,"name":"Startseite","item":"https:\/\/bierger.remich.lu\/de\/"},{"@type":"ListItem","position":2,"name":"B\u00fcrgerdienste","item":"https:\/\/bierger.remich.lu\/de\/services-au-citoyen\/"},{"@type":"ListItem","position":3,"name":"Mobilit\u00e4t","item":"https:\/\/bierger.remich.lu\/de\/services-au-citoyen\/francais-mobilite\/"},{"@type":"ListItem","position":4,"name":"Nightlifebus"}]},{"@type":"WebSite","@id":"https:\/\/bierger.remich.lu\/de\/#website","url":"https:\/\/bierger.remich.lu\/de\/","name":"Ville de Remich","description":"","potentialAction":[{"@type":"SearchAction","target":{"@type":"EntryPoint","urlTemplate":"https:\/\/bierger.remich.lu\/de\/?s={search_term_string}"},"query-input":{"@type":"PropertyValueSpecification","valueRequired":true,"valueName":"search_term_string"}}],"inLanguage":"de"}]}},"_links":{"self":[{"href":"https:\/\/bierger.remich.lu\/de\/wp-json\/wp\/v2\/pages\/146","targetHints":{"allow":["GET"]}}],"collection":[{"href":"https:\/\/bierger.remich.lu\/de\/wp-json\/wp\/v2\/pages"}],"about":[{"href":"https:\/\/bierger.remich.lu\/de\/wp-json\/wp\/v2\/types\/page"}],"author":[{"embeddable":true,"href":"https:\/\/bierger.remich.lu\/de\/wp-json\/wp\/v2\/users\/1"}],"replies":[{"embeddable":true,"href":"https:\/\/bierger.remich.lu\/de\/wp-json\/wp\/v2\/comments?post=146"}],"version-history":[{"count":21,"href":"https:\/\/bierger.remich.lu\/de\/wp-json\/wp\/v2\/pages\/146\/revisions"}],"predecessor-version":[{"id":19218,"href":"https:\/\/bierger.remich.lu\/de\/wp-json\/wp\/v2\/pages\/146\/revisions\/19218"}],"up":[{"embeddable":true,"href":"https:\/\/bierger.remich.lu\/de\/wp-json\/wp\/v2\/pages\/70"}],"wp:featuredmedia":[{"embeddable":true,"href":"https:\/\/bierger.remich.lu\/de\/wp-json\/wp\/v2\/media\/8185"}],"wp:attachment":[{"href":"https:\/\/bierger.remich.lu\/de\/wp-json\/wp\/v2\/media?parent=146"}],"curies":[{"name":"wp","href":"https:\/\/api.w.org\/{rel}","templated":true}]}}