{"id":14632,"date":"2024-07-29T11:49:49","date_gmt":"2024-07-29T09:49:49","guid":{"rendered":"https:\/\/bierger.remich.lu\/?page_id=14632"},"modified":"2024-10-03T11:24:01","modified_gmt":"2024-10-03T09:24:01","slug":"ladestation-fur-e-bikes-co","status":"publish","type":"page","link":"https:\/\/bierger.remich.lu\/de\/services-au-citoyen\/francais-mobilite\/ladestation-fur-e-bikes-co\/","title":{"rendered":"Ladestation f\u00fcr E-bikes &amp; Co."},"content":{"rendered":"<section class=\"entry-content clearfix\">Das Modell Sun &amp; Wind ist eine netzunabh\u00e4ngige Ladel\u00f6sung. Dank eines integrierten Solarmoduls und einer effizienten Windkraftanlage kann die Ladestation unabh\u00e4ngig von den Wetterbedingungen Strom erzeugen. Der Strom wird im Ger\u00e4t gespeichert und steht bei jedem Druck auf den gr\u00fcnen Knopf f\u00fcr die Dauer von einer Stunde zur Verf\u00fcgung.<\/p>\n<p>Die Bedienung ist ganz einfach:<\/p>\n<ul>\n<li>dr\u00fccken Sie den gr\u00fcnen Knopf <img decoding=\"async\" class=\"emoji\" src=\"https:\/\/s.w.org\/images\/core\/emoji\/13.0.0\/svg\/1f7e2.svg\" alt=\"\ud83d\udfe2\" \/><img decoding=\"async\" class=\"emoji\" src=\"https:\/\/s.w.org\/images\/core\/emoji\/13.0.0\/svg\/1f7e2.svg\" alt=\"\ud83d\udfe2\" \/>.<\/li>\n<li>sobald das Licht leuchtet haben Sie eine kostenlose Ladezeit von einer Stunde.<\/li>\n<\/ul>\n<p><img loading=\"lazy\" decoding=\"async\" class=\"alignnone size-medium wp-image-14627\" src=\"https:\/\/bierger.remich.lu\/wp-content\/uploads\/sites\/3\/2024\/07\/IMG_1500-scaled-225x300.jpg\" alt=\"\" width=\"225\" height=\"300\" srcset=\"https:\/\/bierger.remich.lu\/wp-content\/uploads\/sites\/3\/2024\/07\/IMG_1500-scaled-225x300.jpg 225w, https:\/\/bierger.remich.lu\/wp-content\/uploads\/sites\/3\/2024\/07\/IMG_1500-scaled-768x1024.jpg 768w, https:\/\/bierger.remich.lu\/wp-content\/uploads\/sites\/3\/2024\/07\/IMG_1500-scaled.jpg 1920w\" sizes=\"auto, (max-width: 225px) 100vw, 225px\" \/>\u00a0 <img loading=\"lazy\" decoding=\"async\" class=\"alignnone size-medium wp-image-14628\" src=\"https:\/\/bierger.remich.lu\/wp-content\/uploads\/sites\/3\/2024\/07\/IMG_1501-scaled-225x300.jpg\" alt=\"\" width=\"225\" height=\"300\" srcset=\"https:\/\/bierger.remich.lu\/wp-content\/uploads\/sites\/3\/2024\/07\/IMG_1501-scaled-225x300.jpg 225w, https:\/\/bierger.remich.lu\/wp-content\/uploads\/sites\/3\/2024\/07\/IMG_1501-scaled-768x1024.jpg 768w, https:\/\/bierger.remich.lu\/wp-content\/uploads\/sites\/3\/2024\/07\/IMG_1501-scaled.jpg 1920w\" sizes=\"auto, (max-width: 225px) 100vw, 225px\" \/>\u00a0 <img loading=\"lazy\" decoding=\"async\" class=\"alignnone size-medium wp-image-14629\" src=\"https:\/\/bierger.remich.lu\/wp-content\/uploads\/sites\/3\/2024\/07\/IMG_1503-scaled-225x300.jpg\" alt=\"\" width=\"225\" height=\"300\" srcset=\"https:\/\/bierger.remich.lu\/wp-content\/uploads\/sites\/3\/2024\/07\/IMG_1503-scaled-225x300.jpg 225w, https:\/\/bierger.remich.lu\/wp-content\/uploads\/sites\/3\/2024\/07\/IMG_1503-scaled-768x1024.jpg 768w, https:\/\/bierger.remich.lu\/wp-content\/uploads\/sites\/3\/2024\/07\/IMG_1503-scaled.jpg 1920w\" sizes=\"auto, (max-width: 225px) 100vw, 225px\" \/>\u00a0 <img loading=\"lazy\" decoding=\"async\" class=\"alignnone size-medium wp-image-14630\" src=\"https:\/\/bierger.remich.lu\/wp-content\/uploads\/sites\/3\/2024\/07\/IMG_1505-scaled-225x300.jpg\" alt=\"\" width=\"225\" height=\"300\" srcset=\"https:\/\/bierger.remich.lu\/wp-content\/uploads\/sites\/3\/2024\/07\/IMG_1505-scaled-225x300.jpg 225w, https:\/\/bierger.remich.lu\/wp-content\/uploads\/sites\/3\/2024\/07\/IMG_1505-scaled-768x1024.jpg 768w, https:\/\/bierger.remich.lu\/wp-content\/uploads\/sites\/3\/2024\/07\/IMG_1505-scaled.jpg 1920w\" sizes=\"auto, (max-width: 225px) 100vw, 225px\" \/><img decoding=\"async\" class=\"emoji\" role=\"img\" src=\"https:\/\/s.w.org\/images\/core\/emoji\/13.0.0\/svg\/2139.svg\" alt=\"\u2139\ufe0f\" \/> Aufladen \u00fcber eine normale Steckdose und\/oder USB<\/p>\n<\/section>","protected":false},"excerpt":{"rendered":"<p>Das Modell Sun &amp; Wind ist eine netzunabh\u00e4ngige Ladel\u00f6sung. Dank eines integrierten Solarmoduls und einer effizienten Windkraftanlage kann die Ladestation unabh\u00e4ngig von den Wetterbedingungen Strom erzeugen. Der Strom wird im Ger\u00e4t gespeichert und steht bei jedem Druck auf den gr\u00fcnen Knopf f\u00fcr die Dauer von einer Stunde zur Verf\u00fcgung. Die Bedienung ist ganz einfach: dr\u00fccken&#8230;  <a class=\"excerpt-read-more\" href=\"https:\/\/bierger.remich.lu\/de\/services-au-citoyen\/francais-mobilite\/ladestation-fur-e-bikes-co\/\" title=\"ReadLadestation f\u00fcr E-bikes &amp; Co.\">Mehr lesen \u00bb<\/a><\/p>\n","protected":false},"author":4,"featured_media":0,"parent":70,"menu_order":52,"comment_status":"closed","ping_status":"closed","template":"","meta":{"_acf_changed":false,"xn-wppe-expiration":[],"xn-wppe-expiration-action":[],"xn-wppe-expiration-prefix":[],"footnotes":"","_links_to":"","_links_to_target":""},"class_list":["post-14632","page","type-page","status-publish","hentry","keyword-eau"],"acf":[],"yoast_head":"<!-- This site is optimized with the Yoast SEO plugin v26.7 - https:\/\/yoast.com\/wordpress\/plugins\/seo\/ -->\n<title>Ladestation f\u00fcr E-bikes &amp; Co. - Ville de Remich<\/title>\n<meta name=\"robots\" content=\"index, follow, max-snippet:-1, max-image-preview:large, max-video-preview:-1\" \/>\n<link rel=\"canonical\" href=\"https:\/\/bierger.remich.lu\/de\/services-au-citoyen\/francais-mobilite\/ladestation-fur-e-bikes-co\/\" \/>\n<meta property=\"og:locale\" content=\"de_DE\" \/>\n<meta property=\"og:type\" content=\"article\" \/>\n<meta property=\"og:title\" content=\"Ladestation f\u00fcr E-bikes &amp; Co. - Ville de Remich\" \/>\n<meta property=\"og:description\" content=\"Das Modell Sun &amp; Wind ist eine netzunabh\u00e4ngige Ladel\u00f6sung. Dank eines integrierten Solarmoduls und einer effizienten Windkraftanlage kann die Ladestation unabh\u00e4ngig von den Wetterbedingungen Strom erzeugen. Der Strom wird im Ger\u00e4t gespeichert und steht bei jedem Druck auf den gr\u00fcnen Knopf f\u00fcr die Dauer von einer Stunde zur Verf\u00fcgung. Die Bedienung ist ganz einfach: dr\u00fccken... Mehr lesen \u00bb\" \/>\n<meta property=\"og:url\" content=\"https:\/\/bierger.remich.lu\/de\/services-au-citoyen\/francais-mobilite\/ladestation-fur-e-bikes-co\/\" \/>\n<meta property=\"og:site_name\" content=\"Ville de Remich\" \/>\n<meta property=\"article:modified_time\" content=\"2024-10-03T09:24:01+00:00\" \/>\n<meta property=\"og:image\" content=\"https:\/\/bierger.remich.lu\/wp-content\/uploads\/sites\/3\/2024\/07\/IMG_1500-scaled-225x300.jpg\" \/>\n<meta name=\"twitter:card\" content=\"summary_large_image\" \/>\n<meta name=\"twitter:label1\" content=\"Gesch\u00e4tzte Lesezeit\" \/>\n\t<meta name=\"twitter:data1\" content=\"2\u00a0Minuten\" \/>\n<script type=\"application\/ld+json\" class=\"yoast-schema-graph\">{\"@context\":\"https:\/\/schema.org\",\"@graph\":[{\"@type\":\"WebPage\",\"@id\":\"https:\/\/bierger.remich.lu\/de\/services-au-citoyen\/francais-mobilite\/ladestation-fur-e-bikes-co\/\",\"url\":\"https:\/\/bierger.remich.lu\/de\/services-au-citoyen\/francais-mobilite\/ladestation-fur-e-bikes-co\/\",\"name\":\"Ladestation f\u00fcr E-bikes &amp; Co. - Ville de Remich\",\"isPartOf\":{\"@id\":\"https:\/\/bierger.remich.lu\/de\/#website\"},\"primaryImageOfPage\":{\"@id\":\"https:\/\/bierger.remich.lu\/de\/services-au-citoyen\/francais-mobilite\/ladestation-fur-e-bikes-co\/#primaryimage\"},\"image\":{\"@id\":\"https:\/\/bierger.remich.lu\/de\/services-au-citoyen\/francais-mobilite\/ladestation-fur-e-bikes-co\/#primaryimage\"},\"thumbnailUrl\":\"https:\/\/bierger.remich.lu\/wp-content\/uploads\/sites\/3\/2024\/07\/IMG_1500-scaled-225x300.jpg\",\"datePublished\":\"2024-07-29T09:49:49+00:00\",\"dateModified\":\"2024-10-03T09:24:01+00:00\",\"breadcrumb\":{\"@id\":\"https:\/\/bierger.remich.lu\/de\/services-au-citoyen\/francais-mobilite\/ladestation-fur-e-bikes-co\/#breadcrumb\"},\"inLanguage\":\"de\",\"potentialAction\":[{\"@type\":\"ReadAction\",\"target\":[\"https:\/\/bierger.remich.lu\/de\/services-au-citoyen\/francais-mobilite\/ladestation-fur-e-bikes-co\/\"]}]},{\"@type\":\"ImageObject\",\"inLanguage\":\"de\",\"@id\":\"https:\/\/bierger.remich.lu\/de\/services-au-citoyen\/francais-mobilite\/ladestation-fur-e-bikes-co\/#primaryimage\",\"url\":\"https:\/\/bierger.remich.lu\/wp-content\/uploads\/sites\/3\/2024\/07\/IMG_1500-scaled-225x300.jpg\",\"contentUrl\":\"https:\/\/bierger.remich.lu\/wp-content\/uploads\/sites\/3\/2024\/07\/IMG_1500-scaled-225x300.jpg\"},{\"@type\":\"BreadcrumbList\",\"@id\":\"https:\/\/bierger.remich.lu\/de\/services-au-citoyen\/francais-mobilite\/ladestation-fur-e-bikes-co\/#breadcrumb\",\"itemListElement\":[{\"@type\":\"ListItem\",\"position\":1,\"name\":\"Startseite\",\"item\":\"https:\/\/bierger.remich.lu\/de\/\"},{\"@type\":\"ListItem\",\"position\":2,\"name\":\"B\u00fcrgerdienste\",\"item\":\"https:\/\/bierger.remich.lu\/de\/services-au-citoyen\/\"},{\"@type\":\"ListItem\",\"position\":3,\"name\":\"Mobilit\u00e4t\",\"item\":\"https:\/\/bierger.remich.lu\/de\/services-au-citoyen\/francais-mobilite\/\"},{\"@type\":\"ListItem\",\"position\":4,\"name\":\"Ladestation f\u00fcr E-bikes &amp; Co.\"}]},{\"@type\":\"WebSite\",\"@id\":\"https:\/\/bierger.remich.lu\/de\/#website\",\"url\":\"https:\/\/bierger.remich.lu\/de\/\",\"name\":\"Ville de Remich\",\"description\":\"\",\"potentialAction\":[{\"@type\":\"SearchAction\",\"target\":{\"@type\":\"EntryPoint\",\"urlTemplate\":\"https:\/\/bierger.remich.lu\/de\/?s={search_term_string}\"},\"query-input\":{\"@type\":\"PropertyValueSpecification\",\"valueRequired\":true,\"valueName\":\"search_term_string\"}}],\"inLanguage\":\"de\"}]}<\/script>\n<!-- \/ Yoast SEO plugin. -->","yoast_head_json":{"title":"Ladestation f\u00fcr E-bikes &amp; Co. - Ville de Remich","robots":{"index":"index","follow":"follow","max-snippet":"max-snippet:-1","max-image-preview":"max-image-preview:large","max-video-preview":"max-video-preview:-1"},"canonical":"https:\/\/bierger.remich.lu\/de\/services-au-citoyen\/francais-mobilite\/ladestation-fur-e-bikes-co\/","og_locale":"de_DE","og_type":"article","og_title":"Ladestation f\u00fcr E-bikes &amp; Co. - Ville de Remich","og_description":"Das Modell Sun &amp; Wind ist eine netzunabh\u00e4ngige Ladel\u00f6sung. Dank eines integrierten Solarmoduls und einer effizienten Windkraftanlage kann die Ladestation unabh\u00e4ngig von den Wetterbedingungen Strom erzeugen. Der Strom wird im Ger\u00e4t gespeichert und steht bei jedem Druck auf den gr\u00fcnen Knopf f\u00fcr die Dauer von einer Stunde zur Verf\u00fcgung. Die Bedienung ist ganz einfach: dr\u00fccken... Mehr lesen \u00bb","og_url":"https:\/\/bierger.remich.lu\/de\/services-au-citoyen\/francais-mobilite\/ladestation-fur-e-bikes-co\/","og_site_name":"Ville de Remich","article_modified_time":"2024-10-03T09:24:01+00:00","og_image":[{"url":"https:\/\/bierger.remich.lu\/wp-content\/uploads\/sites\/3\/2024\/07\/IMG_1500-scaled-225x300.jpg","type":"","width":"","height":""}],"twitter_card":"summary_large_image","twitter_misc":{"Gesch\u00e4tzte Lesezeit":"2\u00a0Minuten"},"schema":{"@context":"https:\/\/schema.org","@graph":[{"@type":"WebPage","@id":"https:\/\/bierger.remich.lu\/de\/services-au-citoyen\/francais-mobilite\/ladestation-fur-e-bikes-co\/","url":"https:\/\/bierger.remich.lu\/de\/services-au-citoyen\/francais-mobilite\/ladestation-fur-e-bikes-co\/","name":"Ladestation f\u00fcr E-bikes &amp; Co. - Ville de Remich","isPartOf":{"@id":"https:\/\/bierger.remich.lu\/de\/#website"},"primaryImageOfPage":{"@id":"https:\/\/bierger.remich.lu\/de\/services-au-citoyen\/francais-mobilite\/ladestation-fur-e-bikes-co\/#primaryimage"},"image":{"@id":"https:\/\/bierger.remich.lu\/de\/services-au-citoyen\/francais-mobilite\/ladestation-fur-e-bikes-co\/#primaryimage"},"thumbnailUrl":"https:\/\/bierger.remich.lu\/wp-content\/uploads\/sites\/3\/2024\/07\/IMG_1500-scaled-225x300.jpg","datePublished":"2024-07-29T09:49:49+00:00","dateModified":"2024-10-03T09:24:01+00:00","breadcrumb":{"@id":"https:\/\/bierger.remich.lu\/de\/services-au-citoyen\/francais-mobilite\/ladestation-fur-e-bikes-co\/#breadcrumb"},"inLanguage":"de","potentialAction":[{"@type":"ReadAction","target":["https:\/\/bierger.remich.lu\/de\/services-au-citoyen\/francais-mobilite\/ladestation-fur-e-bikes-co\/"]}]},{"@type":"ImageObject","inLanguage":"de","@id":"https:\/\/bierger.remich.lu\/de\/services-au-citoyen\/francais-mobilite\/ladestation-fur-e-bikes-co\/#primaryimage","url":"https:\/\/bierger.remich.lu\/wp-content\/uploads\/sites\/3\/2024\/07\/IMG_1500-scaled-225x300.jpg","contentUrl":"https:\/\/bierger.remich.lu\/wp-content\/uploads\/sites\/3\/2024\/07\/IMG_1500-scaled-225x300.jpg"},{"@type":"BreadcrumbList","@id":"https:\/\/bierger.remich.lu\/de\/services-au-citoyen\/francais-mobilite\/ladestation-fur-e-bikes-co\/#breadcrumb","itemListElement":[{"@type":"ListItem","position":1,"name":"Startseite","item":"https:\/\/bierger.remich.lu\/de\/"},{"@type":"ListItem","position":2,"name":"B\u00fcrgerdienste","item":"https:\/\/bierger.remich.lu\/de\/services-au-citoyen\/"},{"@type":"ListItem","position":3,"name":"Mobilit\u00e4t","item":"https:\/\/bierger.remich.lu\/de\/services-au-citoyen\/francais-mobilite\/"},{"@type":"ListItem","position":4,"name":"Ladestation f\u00fcr E-bikes &amp; Co."}]},{"@type":"WebSite","@id":"https:\/\/bierger.remich.lu\/de\/#website","url":"https:\/\/bierger.remich.lu\/de\/","name":"Ville de Remich","description":"","potentialAction":[{"@type":"SearchAction","target":{"@type":"EntryPoint","urlTemplate":"https:\/\/bierger.remich.lu\/de\/?s={search_term_string}"},"query-input":{"@type":"PropertyValueSpecification","valueRequired":true,"valueName":"search_term_string"}}],"inLanguage":"de"}]}},"_links":{"self":[{"href":"https:\/\/bierger.remich.lu\/de\/wp-json\/wp\/v2\/pages\/14632","targetHints":{"allow":["GET"]}}],"collection":[{"href":"https:\/\/bierger.remich.lu\/de\/wp-json\/wp\/v2\/pages"}],"about":[{"href":"https:\/\/bierger.remich.lu\/de\/wp-json\/wp\/v2\/types\/page"}],"author":[{"embeddable":true,"href":"https:\/\/bierger.remich.lu\/de\/wp-json\/wp\/v2\/users\/4"}],"replies":[{"embeddable":true,"href":"https:\/\/bierger.remich.lu\/de\/wp-json\/wp\/v2\/comments?post=14632"}],"version-history":[{"count":3,"href":"https:\/\/bierger.remich.lu\/de\/wp-json\/wp\/v2\/pages\/14632\/revisions"}],"predecessor-version":[{"id":14900,"href":"https:\/\/bierger.remich.lu\/de\/wp-json\/wp\/v2\/pages\/14632\/revisions\/14900"}],"up":[{"embeddable":true,"href":"https:\/\/bierger.remich.lu\/de\/wp-json\/wp\/v2\/pages\/70"}],"wp:attachment":[{"href":"https:\/\/bierger.remich.lu\/de\/wp-json\/wp\/v2\/media?parent=14632"}],"curies":[{"name":"wp","href":"https:\/\/api.w.org\/{rel}","templated":true}]}}