{"id":148,"date":"2016-08-30T14:02:07","date_gmt":"2016-08-30T14:02:07","guid":{"rendered":"http:\/\/reimech.lu\/?page_id=148"},"modified":"2018-08-07T13:42:55","modified_gmt":"2018-08-07T11:42:55","slug":"francais-schengi-bicherteik","status":"publish","type":"page","link":"https:\/\/bierger.remich.lu\/de\/services-au-citoyen\/francais-mobilite\/francais-schengi-bicherteik\/","title":{"rendered":"Schengi-Bicherth\u00e9ik"},"content":{"rendered":"<p align=\"LEFT\">F\u00fcr den Besuch in der Bicherth\u00e9ik in Schwebsingen steht Schengi, der individuelle Minibusdienst\u00a0der Gemeinde Schengen nun auch den Einwohnern von\u00a0Remich von Montags bis Freitags von 08h30 bis 12h30 und von 13h30 bis 17h30 f\u00fcr Ihren Besuch in der Bicherth\u00e9ik\u00a0zur Verf\u00fcgung.<\/p>\n<p align=\"LEFT\">Jede Fahrt muss telefonisch\u00a0vobestellt werden. Die Reservierung erfolgt unter der Telefonnummer\u00a023 66 40 28 88 jeweils von Montag bis Freitag, von 8.30 bis 11:30 Uhr und bis zu einem Tag vor Antritt der Fahrt unter\u00a0Angabe Ihres Abholortes und der Teilnehmerzahl.<\/p>\n<p align=\"LEFT\">Rollst\u00fchle oder Kinderwagen k\u00f6nnen auch transportiert werden.<\/p>\n<p align=\"LEFT\">Eine Fahrt kostet 1 \u20ac.<\/p>\n<p>&nbsp;","protected":false},"excerpt":{"rendered":"<p>F\u00fcr den Besuch in der Bicherth\u00e9ik in Schwebsingen steht Schengi, der individuelle Minibusdienst\u00a0der Gemeinde Schengen nun auch den Einwohnern von\u00a0Remich von Montags bis Freitags von 08h30 bis 12h30 und von 13h30 bis 17h30 f\u00fcr Ihren Besuch in der Bicherth\u00e9ik\u00a0zur Verf\u00fcgung. Jede Fahrt muss telefonisch\u00a0vobestellt werden. Die Reservierung erfolgt unter der Telefonnummer\u00a023 66 40 28 88&#8230;  <a class=\"excerpt-read-more\" href=\"https:\/\/bierger.remich.lu\/de\/services-au-citoyen\/francais-mobilite\/francais-schengi-bicherteik\/\" title=\"ReadSchengi-Bicherth\u00e9ik\">Mehr lesen \u00bb<\/a><\/p>\n","protected":false},"author":1,"featured_media":2131,"parent":70,"menu_order":62,"comment_status":"closed","ping_status":"closed","template":"","meta":{"_acf_changed":false,"xn-wppe-expiration":[],"xn-wppe-expiration-action":[],"xn-wppe-expiration-prefix":[],"footnotes":"","_links_to":"","_links_to_target":""},"class_list":["post-148","page","type-page","status-publish","has-post-thumbnail","hentry","keyword-einwohner","keyword-mobilitat"],"acf":[],"yoast_head":"<!-- This site is optimized with the Yoast SEO plugin v26.7 - https:\/\/yoast.com\/wordpress\/plugins\/seo\/ -->\n<title>Schengi-Bicherth\u00e9ik - Ville de Remich<\/title>\n<meta name=\"robots\" content=\"index, follow, max-snippet:-1, max-image-preview:large, max-video-preview:-1\" \/>\n<link rel=\"canonical\" href=\"https:\/\/bierger.remich.lu\/de\/services-au-citoyen\/francais-mobilite\/francais-schengi-bicherteik\/\" \/>\n<meta property=\"og:locale\" content=\"de_DE\" \/>\n<meta property=\"og:type\" content=\"article\" \/>\n<meta property=\"og:title\" content=\"Schengi-Bicherth\u00e9ik - Ville de Remich\" \/>\n<meta property=\"og:description\" content=\"F\u00fcr den Besuch in der Bicherth\u00e9ik in Schwebsingen steht Schengi, der individuelle Minibusdienst\u00a0der Gemeinde Schengen nun auch den Einwohnern von\u00a0Remich von Montags bis Freitags von 08h30 bis 12h30 und von 13h30 bis 17h30 f\u00fcr Ihren Besuch in der Bicherth\u00e9ik\u00a0zur Verf\u00fcgung. Jede Fahrt muss telefonisch\u00a0vobestellt werden. Die Reservierung erfolgt unter der Telefonnummer\u00a023 66 40 28 88... Mehr lesen \u00bb\" \/>\n<meta property=\"og:url\" content=\"https:\/\/bierger.remich.lu\/de\/services-au-citoyen\/francais-mobilite\/francais-schengi-bicherteik\/\" \/>\n<meta property=\"og:site_name\" content=\"Ville de Remich\" \/>\n<meta property=\"article:modified_time\" content=\"2018-08-07T11:42:55+00:00\" \/>\n<meta property=\"og:image\" content=\"https:\/\/bierger.remich.lu\/wp-content\/uploads\/sites\/3\/2016\/08\/chuttersnap-350551-1024x684.jpg\" \/>\n\t<meta property=\"og:image:width\" content=\"1024\" \/>\n\t<meta property=\"og:image:height\" content=\"684\" \/>\n\t<meta property=\"og:image:type\" content=\"image\/jpeg\" \/>\n<meta name=\"twitter:card\" content=\"summary_large_image\" \/>\n<meta name=\"twitter:label1\" content=\"Gesch\u00e4tzte Lesezeit\" \/>\n\t<meta name=\"twitter:data1\" content=\"1\u00a0Minute\" \/>\n<script type=\"application\/ld+json\" class=\"yoast-schema-graph\">{\"@context\":\"https:\/\/schema.org\",\"@graph\":[{\"@type\":\"WebPage\",\"@id\":\"https:\/\/bierger.remich.lu\/de\/services-au-citoyen\/francais-mobilite\/francais-schengi-bicherteik\/\",\"url\":\"https:\/\/bierger.remich.lu\/de\/services-au-citoyen\/francais-mobilite\/francais-schengi-bicherteik\/\",\"name\":\"Schengi-Bicherth\u00e9ik - Ville de Remich\",\"isPartOf\":{\"@id\":\"https:\/\/bierger.remich.lu\/de\/#website\"},\"primaryImageOfPage\":{\"@id\":\"https:\/\/bierger.remich.lu\/de\/services-au-citoyen\/francais-mobilite\/francais-schengi-bicherteik\/#primaryimage\"},\"image\":{\"@id\":\"https:\/\/bierger.remich.lu\/de\/services-au-citoyen\/francais-mobilite\/francais-schengi-bicherteik\/#primaryimage\"},\"thumbnailUrl\":\"https:\/\/bierger.remich.lu\/wp-content\/uploads\/sites\/3\/2016\/08\/chuttersnap-350551.jpg\",\"datePublished\":\"2016-08-30T14:02:07+00:00\",\"dateModified\":\"2018-08-07T11:42:55+00:00\",\"breadcrumb\":{\"@id\":\"https:\/\/bierger.remich.lu\/de\/services-au-citoyen\/francais-mobilite\/francais-schengi-bicherteik\/#breadcrumb\"},\"inLanguage\":\"de\",\"potentialAction\":[{\"@type\":\"ReadAction\",\"target\":[\"https:\/\/bierger.remich.lu\/de\/services-au-citoyen\/francais-mobilite\/francais-schengi-bicherteik\/\"]}]},{\"@type\":\"ImageObject\",\"inLanguage\":\"de\",\"@id\":\"https:\/\/bierger.remich.lu\/de\/services-au-citoyen\/francais-mobilite\/francais-schengi-bicherteik\/#primaryimage\",\"url\":\"https:\/\/bierger.remich.lu\/wp-content\/uploads\/sites\/3\/2016\/08\/chuttersnap-350551.jpg\",\"contentUrl\":\"https:\/\/bierger.remich.lu\/wp-content\/uploads\/sites\/3\/2016\/08\/chuttersnap-350551.jpg\",\"width\":6016,\"height\":4016},{\"@type\":\"BreadcrumbList\",\"@id\":\"https:\/\/bierger.remich.lu\/de\/services-au-citoyen\/francais-mobilite\/francais-schengi-bicherteik\/#breadcrumb\",\"itemListElement\":[{\"@type\":\"ListItem\",\"position\":1,\"name\":\"Startseite\",\"item\":\"https:\/\/bierger.remich.lu\/de\/\"},{\"@type\":\"ListItem\",\"position\":2,\"name\":\"B\u00fcrgerdienste\",\"item\":\"https:\/\/bierger.remich.lu\/de\/services-au-citoyen\/\"},{\"@type\":\"ListItem\",\"position\":3,\"name\":\"Mobilit\u00e4t\",\"item\":\"https:\/\/bierger.remich.lu\/de\/services-au-citoyen\/francais-mobilite\/\"},{\"@type\":\"ListItem\",\"position\":4,\"name\":\"Schengi-Bicherth\u00e9ik\"}]},{\"@type\":\"WebSite\",\"@id\":\"https:\/\/bierger.remich.lu\/de\/#website\",\"url\":\"https:\/\/bierger.remich.lu\/de\/\",\"name\":\"Ville de Remich\",\"description\":\"\",\"potentialAction\":[{\"@type\":\"SearchAction\",\"target\":{\"@type\":\"EntryPoint\",\"urlTemplate\":\"https:\/\/bierger.remich.lu\/de\/?s={search_term_string}\"},\"query-input\":{\"@type\":\"PropertyValueSpecification\",\"valueRequired\":true,\"valueName\":\"search_term_string\"}}],\"inLanguage\":\"de\"}]}<\/script>\n<!-- \/ Yoast SEO plugin. -->","yoast_head_json":{"title":"Schengi-Bicherth\u00e9ik - Ville de Remich","robots":{"index":"index","follow":"follow","max-snippet":"max-snippet:-1","max-image-preview":"max-image-preview:large","max-video-preview":"max-video-preview:-1"},"canonical":"https:\/\/bierger.remich.lu\/de\/services-au-citoyen\/francais-mobilite\/francais-schengi-bicherteik\/","og_locale":"de_DE","og_type":"article","og_title":"Schengi-Bicherth\u00e9ik - Ville de Remich","og_description":"F\u00fcr den Besuch in der Bicherth\u00e9ik in Schwebsingen steht Schengi, der individuelle Minibusdienst\u00a0der Gemeinde Schengen nun auch den Einwohnern von\u00a0Remich von Montags bis Freitags von 08h30 bis 12h30 und von 13h30 bis 17h30 f\u00fcr Ihren Besuch in der Bicherth\u00e9ik\u00a0zur Verf\u00fcgung. Jede Fahrt muss telefonisch\u00a0vobestellt werden. Die Reservierung erfolgt unter der Telefonnummer\u00a023 66 40 28 88... Mehr lesen \u00bb","og_url":"https:\/\/bierger.remich.lu\/de\/services-au-citoyen\/francais-mobilite\/francais-schengi-bicherteik\/","og_site_name":"Ville de Remich","article_modified_time":"2018-08-07T11:42:55+00:00","og_image":[{"width":1024,"height":684,"url":"https:\/\/bierger.remich.lu\/wp-content\/uploads\/sites\/3\/2016\/08\/chuttersnap-350551-1024x684.jpg","type":"image\/jpeg"}],"twitter_card":"summary_large_image","twitter_misc":{"Gesch\u00e4tzte Lesezeit":"1\u00a0Minute"},"schema":{"@context":"https:\/\/schema.org","@graph":[{"@type":"WebPage","@id":"https:\/\/bierger.remich.lu\/de\/services-au-citoyen\/francais-mobilite\/francais-schengi-bicherteik\/","url":"https:\/\/bierger.remich.lu\/de\/services-au-citoyen\/francais-mobilite\/francais-schengi-bicherteik\/","name":"Schengi-Bicherth\u00e9ik - Ville de Remich","isPartOf":{"@id":"https:\/\/bierger.remich.lu\/de\/#website"},"primaryImageOfPage":{"@id":"https:\/\/bierger.remich.lu\/de\/services-au-citoyen\/francais-mobilite\/francais-schengi-bicherteik\/#primaryimage"},"image":{"@id":"https:\/\/bierger.remich.lu\/de\/services-au-citoyen\/francais-mobilite\/francais-schengi-bicherteik\/#primaryimage"},"thumbnailUrl":"https:\/\/bierger.remich.lu\/wp-content\/uploads\/sites\/3\/2016\/08\/chuttersnap-350551.jpg","datePublished":"2016-08-30T14:02:07+00:00","dateModified":"2018-08-07T11:42:55+00:00","breadcrumb":{"@id":"https:\/\/bierger.remich.lu\/de\/services-au-citoyen\/francais-mobilite\/francais-schengi-bicherteik\/#breadcrumb"},"inLanguage":"de","potentialAction":[{"@type":"ReadAction","target":["https:\/\/bierger.remich.lu\/de\/services-au-citoyen\/francais-mobilite\/francais-schengi-bicherteik\/"]}]},{"@type":"ImageObject","inLanguage":"de","@id":"https:\/\/bierger.remich.lu\/de\/services-au-citoyen\/francais-mobilite\/francais-schengi-bicherteik\/#primaryimage","url":"https:\/\/bierger.remich.lu\/wp-content\/uploads\/sites\/3\/2016\/08\/chuttersnap-350551.jpg","contentUrl":"https:\/\/bierger.remich.lu\/wp-content\/uploads\/sites\/3\/2016\/08\/chuttersnap-350551.jpg","width":6016,"height":4016},{"@type":"BreadcrumbList","@id":"https:\/\/bierger.remich.lu\/de\/services-au-citoyen\/francais-mobilite\/francais-schengi-bicherteik\/#breadcrumb","itemListElement":[{"@type":"ListItem","position":1,"name":"Startseite","item":"https:\/\/bierger.remich.lu\/de\/"},{"@type":"ListItem","position":2,"name":"B\u00fcrgerdienste","item":"https:\/\/bierger.remich.lu\/de\/services-au-citoyen\/"},{"@type":"ListItem","position":3,"name":"Mobilit\u00e4t","item":"https:\/\/bierger.remich.lu\/de\/services-au-citoyen\/francais-mobilite\/"},{"@type":"ListItem","position":4,"name":"Schengi-Bicherth\u00e9ik"}]},{"@type":"WebSite","@id":"https:\/\/bierger.remich.lu\/de\/#website","url":"https:\/\/bierger.remich.lu\/de\/","name":"Ville de Remich","description":"","potentialAction":[{"@type":"SearchAction","target":{"@type":"EntryPoint","urlTemplate":"https:\/\/bierger.remich.lu\/de\/?s={search_term_string}"},"query-input":{"@type":"PropertyValueSpecification","valueRequired":true,"valueName":"search_term_string"}}],"inLanguage":"de"}]}},"_links":{"self":[{"href":"https:\/\/bierger.remich.lu\/de\/wp-json\/wp\/v2\/pages\/148","targetHints":{"allow":["GET"]}}],"collection":[{"href":"https:\/\/bierger.remich.lu\/de\/wp-json\/wp\/v2\/pages"}],"about":[{"href":"https:\/\/bierger.remich.lu\/de\/wp-json\/wp\/v2\/types\/page"}],"author":[{"embeddable":true,"href":"https:\/\/bierger.remich.lu\/de\/wp-json\/wp\/v2\/users\/1"}],"replies":[{"embeddable":true,"href":"https:\/\/bierger.remich.lu\/de\/wp-json\/wp\/v2\/comments?post=148"}],"version-history":[{"count":6,"href":"https:\/\/bierger.remich.lu\/de\/wp-json\/wp\/v2\/pages\/148\/revisions"}],"predecessor-version":[{"id":1775,"href":"https:\/\/bierger.remich.lu\/de\/wp-json\/wp\/v2\/pages\/148\/revisions\/1775"}],"up":[{"embeddable":true,"href":"https:\/\/bierger.remich.lu\/de\/wp-json\/wp\/v2\/pages\/70"}],"wp:featuredmedia":[{"embeddable":true,"href":"https:\/\/bierger.remich.lu\/de\/wp-json\/wp\/v2\/media\/2131"}],"wp:attachment":[{"href":"https:\/\/bierger.remich.lu\/de\/wp-json\/wp\/v2\/media?parent=148"}],"curies":[{"name":"wp","href":"https:\/\/api.w.org\/{rel}","templated":true}]}}