{"id":150,"date":"2016-08-30T14:02:20","date_gmt":"2016-08-30T14:02:20","guid":{"rendered":"http:\/\/reimech.lu\/?page_id=150"},"modified":"2017-09-15T08:32:19","modified_gmt":"2017-09-15T07:32:19","slug":"francais-drauwi","status":"publish","type":"page","link":"https:\/\/bierger.remich.lu\/de\/services-au-citoyen\/francais-mobilite\/francais-drauwi\/","title":{"rendered":"Drauwi &amp; Schultransport"},"content":{"rendered":"&nbsp;<\/p>\n<ol>\n<li class=\"alignnone\"><img loading=\"lazy\" decoding=\"async\" class=\"wp-image-1727 alignleft\" src=\"http:\/\/reimech.lu\/wp-content\/uploads\/sites\/3\/2017\/08\/COMR02-REMICH-DRAUWI-LOGO-FINAL-286x300.jpg\" alt=\"Logo DRAUWI\" width=\"161\" height=\"169\" srcset=\"https:\/\/bierger.remich.lu\/wp-content\/uploads\/sites\/3\/2017\/08\/COMR02-REMICH-DRAUWI-LOGO-FINAL-286x300.jpg 286w, https:\/\/bierger.remich.lu\/wp-content\/uploads\/sites\/3\/2017\/08\/COMR02-REMICH-DRAUWI-LOGO-FINAL-977x1024.jpg 977w, https:\/\/bierger.remich.lu\/wp-content\/uploads\/sites\/3\/2017\/08\/COMR02-REMICH-DRAUWI-LOGO-FINAL.jpg 1800w\" sizes=\"auto, (max-width: 161px) 100vw, 161px\" \/>&#8222;Drauwi&#8220; heisst das von den Schulkindern gezeichnete Logo welches\u00a0die 3 gesicherten Hauptschulwege kennzeichnet.Verschiedene Ma\u00dfnahmen wurden bereits\u00a0getroffen um die ausgewiesenen Wege sicherer zu gestalten. So wurden unter anderem die Fu\u00dfg\u00e4nger\u00fcberwege an der Schule Gew\u00e4nnchen und in der rue Hierzigsberg in rot gekennzeichnet,\u00a0Warndreiecke f\u00fcr die Kinder wurden auf den Bordsteinen markiert und zu Beginn jedes Schuljahres werden kostenlos Warnwesten verteilt.Ziel des gesichtern Schulweges ist es die Kinder zu motivieren wieder mehr zu Fu\u00df zu gehen und ihnen das richtige Verhalten im<br \/>\nStra\u00dfenverkehr zu vermitteln.<\/li>\n<li>Desweiteren bietet die Stadt Remich den Grundsch\u00fclern einen gratis Bustransport an. Weitere Infos hierzu finden Sie auf der <a href=\"http:\/\/www.schoul-remich.lu\">Internetseite der Grundschule Remich<\/a>.<\/li>\n<\/ol>","protected":false},"excerpt":{"rendered":"<p>&nbsp; &#8222;Drauwi&#8220; heisst das von den Schulkindern gezeichnete Logo welches\u00a0die 3 gesicherten Hauptschulwege kennzeichnet.Verschiedene Ma\u00dfnahmen wurden bereits\u00a0getroffen um die ausgewiesenen Wege sicherer zu gestalten. So wurden unter anderem die Fu\u00dfg\u00e4nger\u00fcberwege an der Schule Gew\u00e4nnchen und in der rue Hierzigsberg in rot gekennzeichnet,\u00a0Warndreiecke f\u00fcr die Kinder wurden auf den Bordsteinen markiert und zu Beginn jedes Schuljahres&#8230;  <a class=\"excerpt-read-more\" href=\"https:\/\/bierger.remich.lu\/de\/services-au-citoyen\/francais-mobilite\/francais-drauwi\/\" title=\"ReadDrauwi &amp; Schultransport\">Mehr lesen \u00bb<\/a><\/p>\n","protected":false},"author":1,"featured_media":2121,"parent":70,"menu_order":55,"comment_status":"closed","ping_status":"closed","template":"","meta":{"_acf_changed":false,"xn-wppe-expiration":[],"xn-wppe-expiration-action":[],"xn-wppe-expiration-prefix":[],"footnotes":"","_links_to":"","_links_to_target":""},"class_list":["post-150","page","type-page","status-publish","has-post-thumbnail","hentry","keyword-infos"],"acf":[],"yoast_head":"<!-- This site is optimized with the Yoast SEO plugin v26.7 - https:\/\/yoast.com\/wordpress\/plugins\/seo\/ -->\n<title>Drauwi &amp; Schultransport - Ville de Remich<\/title>\n<meta name=\"robots\" content=\"index, follow, max-snippet:-1, max-image-preview:large, max-video-preview:-1\" \/>\n<link rel=\"canonical\" href=\"https:\/\/bierger.remich.lu\/de\/services-au-citoyen\/francais-mobilite\/francais-drauwi\/\" \/>\n<meta property=\"og:locale\" content=\"de_DE\" \/>\n<meta property=\"og:type\" content=\"article\" \/>\n<meta property=\"og:title\" content=\"Drauwi &amp; Schultransport - Ville de Remich\" \/>\n<meta property=\"og:description\" content=\"&nbsp; &#8222;Drauwi&#8220; heisst das von den Schulkindern gezeichnete Logo welches\u00a0die 3 gesicherten Hauptschulwege kennzeichnet.Verschiedene Ma\u00dfnahmen wurden bereits\u00a0getroffen um die ausgewiesenen Wege sicherer zu gestalten. So wurden unter anderem die Fu\u00dfg\u00e4nger\u00fcberwege an der Schule Gew\u00e4nnchen und in der rue Hierzigsberg in rot gekennzeichnet,\u00a0Warndreiecke f\u00fcr die Kinder wurden auf den Bordsteinen markiert und zu Beginn jedes Schuljahres... Mehr lesen \u00bb\" \/>\n<meta property=\"og:url\" content=\"https:\/\/bierger.remich.lu\/de\/services-au-citoyen\/francais-mobilite\/francais-drauwi\/\" \/>\n<meta property=\"og:site_name\" content=\"Ville de Remich\" \/>\n<meta property=\"article:modified_time\" content=\"2017-09-15T07:32:19+00:00\" \/>\n<meta property=\"og:image\" content=\"https:\/\/bierger.remich.lu\/wp-content\/uploads\/sites\/3\/2016\/08\/daiga-ellaby-354484-683x1024.jpg\" \/>\n\t<meta property=\"og:image:width\" content=\"683\" \/>\n\t<meta property=\"og:image:height\" content=\"1024\" \/>\n\t<meta property=\"og:image:type\" content=\"image\/jpeg\" \/>\n<meta name=\"twitter:card\" content=\"summary_large_image\" \/>\n<meta name=\"twitter:label1\" content=\"Gesch\u00e4tzte Lesezeit\" \/>\n\t<meta name=\"twitter:data1\" content=\"1\u00a0Minute\" \/>\n<script type=\"application\/ld+json\" class=\"yoast-schema-graph\">{\"@context\":\"https:\/\/schema.org\",\"@graph\":[{\"@type\":\"WebPage\",\"@id\":\"https:\/\/bierger.remich.lu\/de\/services-au-citoyen\/francais-mobilite\/francais-drauwi\/\",\"url\":\"https:\/\/bierger.remich.lu\/de\/services-au-citoyen\/francais-mobilite\/francais-drauwi\/\",\"name\":\"Drauwi &amp; Schultransport - Ville de Remich\",\"isPartOf\":{\"@id\":\"https:\/\/bierger.remich.lu\/de\/#website\"},\"primaryImageOfPage\":{\"@id\":\"https:\/\/bierger.remich.lu\/de\/services-au-citoyen\/francais-mobilite\/francais-drauwi\/#primaryimage\"},\"image\":{\"@id\":\"https:\/\/bierger.remich.lu\/de\/services-au-citoyen\/francais-mobilite\/francais-drauwi\/#primaryimage\"},\"thumbnailUrl\":\"https:\/\/bierger.remich.lu\/wp-content\/uploads\/sites\/3\/2016\/08\/daiga-ellaby-354484.jpg\",\"datePublished\":\"2016-08-30T14:02:20+00:00\",\"dateModified\":\"2017-09-15T07:32:19+00:00\",\"breadcrumb\":{\"@id\":\"https:\/\/bierger.remich.lu\/de\/services-au-citoyen\/francais-mobilite\/francais-drauwi\/#breadcrumb\"},\"inLanguage\":\"de\",\"potentialAction\":[{\"@type\":\"ReadAction\",\"target\":[\"https:\/\/bierger.remich.lu\/de\/services-au-citoyen\/francais-mobilite\/francais-drauwi\/\"]}]},{\"@type\":\"ImageObject\",\"inLanguage\":\"de\",\"@id\":\"https:\/\/bierger.remich.lu\/de\/services-au-citoyen\/francais-mobilite\/francais-drauwi\/#primaryimage\",\"url\":\"https:\/\/bierger.remich.lu\/wp-content\/uploads\/sites\/3\/2016\/08\/daiga-ellaby-354484.jpg\",\"contentUrl\":\"https:\/\/bierger.remich.lu\/wp-content\/uploads\/sites\/3\/2016\/08\/daiga-ellaby-354484.jpg\",\"width\":3648,\"height\":5472},{\"@type\":\"BreadcrumbList\",\"@id\":\"https:\/\/bierger.remich.lu\/de\/services-au-citoyen\/francais-mobilite\/francais-drauwi\/#breadcrumb\",\"itemListElement\":[{\"@type\":\"ListItem\",\"position\":1,\"name\":\"Startseite\",\"item\":\"https:\/\/bierger.remich.lu\/de\/\"},{\"@type\":\"ListItem\",\"position\":2,\"name\":\"B\u00fcrgerdienste\",\"item\":\"https:\/\/bierger.remich.lu\/de\/services-au-citoyen\/\"},{\"@type\":\"ListItem\",\"position\":3,\"name\":\"Mobilit\u00e4t\",\"item\":\"https:\/\/bierger.remich.lu\/de\/services-au-citoyen\/francais-mobilite\/\"},{\"@type\":\"ListItem\",\"position\":4,\"name\":\"Drauwi &amp; Schultransport\"}]},{\"@type\":\"WebSite\",\"@id\":\"https:\/\/bierger.remich.lu\/de\/#website\",\"url\":\"https:\/\/bierger.remich.lu\/de\/\",\"name\":\"Ville de Remich\",\"description\":\"\",\"potentialAction\":[{\"@type\":\"SearchAction\",\"target\":{\"@type\":\"EntryPoint\",\"urlTemplate\":\"https:\/\/bierger.remich.lu\/de\/?s={search_term_string}\"},\"query-input\":{\"@type\":\"PropertyValueSpecification\",\"valueRequired\":true,\"valueName\":\"search_term_string\"}}],\"inLanguage\":\"de\"}]}<\/script>\n<!-- \/ Yoast SEO plugin. -->","yoast_head_json":{"title":"Drauwi &amp; Schultransport - Ville de Remich","robots":{"index":"index","follow":"follow","max-snippet":"max-snippet:-1","max-image-preview":"max-image-preview:large","max-video-preview":"max-video-preview:-1"},"canonical":"https:\/\/bierger.remich.lu\/de\/services-au-citoyen\/francais-mobilite\/francais-drauwi\/","og_locale":"de_DE","og_type":"article","og_title":"Drauwi &amp; Schultransport - Ville de Remich","og_description":"&nbsp; &#8222;Drauwi&#8220; heisst das von den Schulkindern gezeichnete Logo welches\u00a0die 3 gesicherten Hauptschulwege kennzeichnet.Verschiedene Ma\u00dfnahmen wurden bereits\u00a0getroffen um die ausgewiesenen Wege sicherer zu gestalten. So wurden unter anderem die Fu\u00dfg\u00e4nger\u00fcberwege an der Schule Gew\u00e4nnchen und in der rue Hierzigsberg in rot gekennzeichnet,\u00a0Warndreiecke f\u00fcr die Kinder wurden auf den Bordsteinen markiert und zu Beginn jedes Schuljahres... Mehr lesen \u00bb","og_url":"https:\/\/bierger.remich.lu\/de\/services-au-citoyen\/francais-mobilite\/francais-drauwi\/","og_site_name":"Ville de Remich","article_modified_time":"2017-09-15T07:32:19+00:00","og_image":[{"width":683,"height":1024,"url":"https:\/\/bierger.remich.lu\/wp-content\/uploads\/sites\/3\/2016\/08\/daiga-ellaby-354484-683x1024.jpg","type":"image\/jpeg"}],"twitter_card":"summary_large_image","twitter_misc":{"Gesch\u00e4tzte Lesezeit":"1\u00a0Minute"},"schema":{"@context":"https:\/\/schema.org","@graph":[{"@type":"WebPage","@id":"https:\/\/bierger.remich.lu\/de\/services-au-citoyen\/francais-mobilite\/francais-drauwi\/","url":"https:\/\/bierger.remich.lu\/de\/services-au-citoyen\/francais-mobilite\/francais-drauwi\/","name":"Drauwi &amp; Schultransport - Ville de Remich","isPartOf":{"@id":"https:\/\/bierger.remich.lu\/de\/#website"},"primaryImageOfPage":{"@id":"https:\/\/bierger.remich.lu\/de\/services-au-citoyen\/francais-mobilite\/francais-drauwi\/#primaryimage"},"image":{"@id":"https:\/\/bierger.remich.lu\/de\/services-au-citoyen\/francais-mobilite\/francais-drauwi\/#primaryimage"},"thumbnailUrl":"https:\/\/bierger.remich.lu\/wp-content\/uploads\/sites\/3\/2016\/08\/daiga-ellaby-354484.jpg","datePublished":"2016-08-30T14:02:20+00:00","dateModified":"2017-09-15T07:32:19+00:00","breadcrumb":{"@id":"https:\/\/bierger.remich.lu\/de\/services-au-citoyen\/francais-mobilite\/francais-drauwi\/#breadcrumb"},"inLanguage":"de","potentialAction":[{"@type":"ReadAction","target":["https:\/\/bierger.remich.lu\/de\/services-au-citoyen\/francais-mobilite\/francais-drauwi\/"]}]},{"@type":"ImageObject","inLanguage":"de","@id":"https:\/\/bierger.remich.lu\/de\/services-au-citoyen\/francais-mobilite\/francais-drauwi\/#primaryimage","url":"https:\/\/bierger.remich.lu\/wp-content\/uploads\/sites\/3\/2016\/08\/daiga-ellaby-354484.jpg","contentUrl":"https:\/\/bierger.remich.lu\/wp-content\/uploads\/sites\/3\/2016\/08\/daiga-ellaby-354484.jpg","width":3648,"height":5472},{"@type":"BreadcrumbList","@id":"https:\/\/bierger.remich.lu\/de\/services-au-citoyen\/francais-mobilite\/francais-drauwi\/#breadcrumb","itemListElement":[{"@type":"ListItem","position":1,"name":"Startseite","item":"https:\/\/bierger.remich.lu\/de\/"},{"@type":"ListItem","position":2,"name":"B\u00fcrgerdienste","item":"https:\/\/bierger.remich.lu\/de\/services-au-citoyen\/"},{"@type":"ListItem","position":3,"name":"Mobilit\u00e4t","item":"https:\/\/bierger.remich.lu\/de\/services-au-citoyen\/francais-mobilite\/"},{"@type":"ListItem","position":4,"name":"Drauwi &amp; Schultransport"}]},{"@type":"WebSite","@id":"https:\/\/bierger.remich.lu\/de\/#website","url":"https:\/\/bierger.remich.lu\/de\/","name":"Ville de Remich","description":"","potentialAction":[{"@type":"SearchAction","target":{"@type":"EntryPoint","urlTemplate":"https:\/\/bierger.remich.lu\/de\/?s={search_term_string}"},"query-input":{"@type":"PropertyValueSpecification","valueRequired":true,"valueName":"search_term_string"}}],"inLanguage":"de"}]}},"_links":{"self":[{"href":"https:\/\/bierger.remich.lu\/de\/wp-json\/wp\/v2\/pages\/150","targetHints":{"allow":["GET"]}}],"collection":[{"href":"https:\/\/bierger.remich.lu\/de\/wp-json\/wp\/v2\/pages"}],"about":[{"href":"https:\/\/bierger.remich.lu\/de\/wp-json\/wp\/v2\/types\/page"}],"author":[{"embeddable":true,"href":"https:\/\/bierger.remich.lu\/de\/wp-json\/wp\/v2\/users\/1"}],"replies":[{"embeddable":true,"href":"https:\/\/bierger.remich.lu\/de\/wp-json\/wp\/v2\/comments?post=150"}],"version-history":[{"count":14,"href":"https:\/\/bierger.remich.lu\/de\/wp-json\/wp\/v2\/pages\/150\/revisions"}],"predecessor-version":[{"id":1793,"href":"https:\/\/bierger.remich.lu\/de\/wp-json\/wp\/v2\/pages\/150\/revisions\/1793"}],"up":[{"embeddable":true,"href":"https:\/\/bierger.remich.lu\/de\/wp-json\/wp\/v2\/pages\/70"}],"wp:featuredmedia":[{"embeddable":true,"href":"https:\/\/bierger.remich.lu\/de\/wp-json\/wp\/v2\/media\/2121"}],"wp:attachment":[{"href":"https:\/\/bierger.remich.lu\/de\/wp-json\/wp\/v2\/media?parent=150"}],"curies":[{"name":"wp","href":"https:\/\/api.w.org\/{rel}","templated":true}]}}