{"id":1504,"date":"2017-07-26T07:52:11","date_gmt":"2017-07-26T06:52:11","guid":{"rendered":"http:\/\/reimech.lu\/?page_id=1504"},"modified":"2018-01-09T12:23:02","modified_gmt":"2018-01-09T11:23:02","slug":"grunflachen","status":"publish","type":"page","link":"https:\/\/bierger.remich.lu\/de\/ville-de-remich\/umwelt\/grunflachen\/","title":{"rendered":"Gr\u00fcnfl\u00e4chen"},"content":{"rendered":"Unsere Mitarbeiter der Gr\u00fcnfl\u00e4cheninstandhaltung setzen, in Zusammenarbeit mit der Umweltverwaltung,\u00a0seit einigen Jahren einen naturnahen Unterhalt von Gr\u00fcnfl\u00e4chen um.<\/p>\n<p>Nach diesem Ideal werden Beete zu Wiesenfl\u00e4chen umgewandelt, Wiesen d\u00fcrfen l\u00e4nger wachsen und Geh\u00f6lze sich nat\u00fcrlich entwickeln. Ausserdem wird ganz bewusst auf den Einsatz von Herbiziden und D\u00fcngemitteln verzichtet und so der Eintrag von Schadstoffen ins Grundwasser vermieden.<\/p>\n<p>Ziel ist die Entwicklung naturnaher, artenreicher Gr\u00fcnfl\u00e4chen, die dem urspr\u00fcnglichen Ortsbild und der Region entsprechen.<\/p>\n<p>Neben den Pflanzen profitieren von dem Konzept auch viele Tiere, wie Bienen und Schmetterlinge, f\u00fcr die neue Lebensr\u00e4ume und Nahrungspl\u00e4tze entstehen. F\u00fcr den Menschen wird die Natur wieder erlebbar. Der naturnahe Unterhalt ist ein Beitrag zur Gesundheit und zur optischen Aufwertung der Fl\u00e4chen und f\u00fchrt somit zu einer steigenden Lebensqualit\u00e4t im Ort.","protected":false},"excerpt":{"rendered":"<p>Unsere Mitarbeiter der Gr\u00fcnfl\u00e4cheninstandhaltung setzen, in Zusammenarbeit mit der Umweltverwaltung,\u00a0seit einigen Jahren einen naturnahen Unterhalt von Gr\u00fcnfl\u00e4chen um. Nach diesem Ideal werden Beete zu Wiesenfl\u00e4chen umgewandelt, Wiesen d\u00fcrfen l\u00e4nger wachsen und Geh\u00f6lze sich nat\u00fcrlich entwickeln. Ausserdem wird ganz bewusst auf den Einsatz von Herbiziden und D\u00fcngemitteln verzichtet und so der Eintrag von Schadstoffen ins Grundwasser&#8230;  <a class=\"excerpt-read-more\" href=\"https:\/\/bierger.remich.lu\/de\/ville-de-remich\/umwelt\/grunflachen\/\" title=\"ReadGr\u00fcnfl\u00e4chen\">Mehr lesen \u00bb<\/a><\/p>\n","protected":false},"author":4,"featured_media":2043,"parent":50,"menu_order":33,"comment_status":"closed","ping_status":"closed","template":"","meta":{"_acf_changed":false,"xn-wppe-expiration":[],"xn-wppe-expiration-action":[],"xn-wppe-expiration-prefix":[],"footnotes":"","_links_to":"","_links_to_target":""},"class_list":["post-1504","page","type-page","status-publish","has-post-thumbnail","hentry","keyword-umwelt"],"acf":[],"yoast_head":"<!-- This site is optimized with the Yoast SEO plugin v26.7 - https:\/\/yoast.com\/wordpress\/plugins\/seo\/ -->\n<title>Gr\u00fcnfl\u00e4chen - Ville de Remich<\/title>\n<meta name=\"robots\" content=\"index, follow, max-snippet:-1, max-image-preview:large, max-video-preview:-1\" \/>\n<link rel=\"canonical\" href=\"https:\/\/bierger.remich.lu\/de\/ville-de-remich\/umwelt\/grunflachen\/\" \/>\n<meta property=\"og:locale\" content=\"de_DE\" \/>\n<meta property=\"og:type\" content=\"article\" \/>\n<meta property=\"og:title\" content=\"Gr\u00fcnfl\u00e4chen - Ville de Remich\" \/>\n<meta property=\"og:description\" content=\"Unsere Mitarbeiter der Gr\u00fcnfl\u00e4cheninstandhaltung setzen, in Zusammenarbeit mit der Umweltverwaltung,\u00a0seit einigen Jahren einen naturnahen Unterhalt von Gr\u00fcnfl\u00e4chen um. Nach diesem Ideal werden Beete zu Wiesenfl\u00e4chen umgewandelt, Wiesen d\u00fcrfen l\u00e4nger wachsen und Geh\u00f6lze sich nat\u00fcrlich entwickeln. Ausserdem wird ganz bewusst auf den Einsatz von Herbiziden und D\u00fcngemitteln verzichtet und so der Eintrag von Schadstoffen ins Grundwasser... Mehr lesen \u00bb\" \/>\n<meta property=\"og:url\" content=\"https:\/\/bierger.remich.lu\/de\/ville-de-remich\/umwelt\/grunflachen\/\" \/>\n<meta property=\"og:site_name\" content=\"Ville de Remich\" \/>\n<meta property=\"article:modified_time\" content=\"2018-01-09T11:23:02+00:00\" \/>\n<meta property=\"og:image\" content=\"https:\/\/bierger.remich.lu\/wp-content\/uploads\/sites\/3\/2017\/07\/Wiss.jpg\" \/>\n\t<meta property=\"og:image:width\" content=\"3872\" \/>\n\t<meta property=\"og:image:height\" content=\"2592\" \/>\n\t<meta property=\"og:image:type\" content=\"image\/jpeg\" \/>\n<meta name=\"twitter:card\" content=\"summary_large_image\" \/>\n<meta name=\"twitter:label1\" content=\"Gesch\u00e4tzte Lesezeit\" \/>\n\t<meta name=\"twitter:data1\" content=\"1\u00a0Minute\" \/>\n<script type=\"application\/ld+json\" class=\"yoast-schema-graph\">{\"@context\":\"https:\/\/schema.org\",\"@graph\":[{\"@type\":\"WebPage\",\"@id\":\"https:\/\/bierger.remich.lu\/de\/ville-de-remich\/umwelt\/grunflachen\/\",\"url\":\"https:\/\/bierger.remich.lu\/de\/ville-de-remich\/umwelt\/grunflachen\/\",\"name\":\"Gr\u00fcnfl\u00e4chen - Ville de Remich\",\"isPartOf\":{\"@id\":\"https:\/\/bierger.remich.lu\/de\/#website\"},\"primaryImageOfPage\":{\"@id\":\"https:\/\/bierger.remich.lu\/de\/ville-de-remich\/umwelt\/grunflachen\/#primaryimage\"},\"image\":{\"@id\":\"https:\/\/bierger.remich.lu\/de\/ville-de-remich\/umwelt\/grunflachen\/#primaryimage\"},\"thumbnailUrl\":\"https:\/\/bierger.remich.lu\/wp-content\/uploads\/sites\/3\/2017\/07\/Wiss.jpg\",\"datePublished\":\"2017-07-26T06:52:11+00:00\",\"dateModified\":\"2018-01-09T11:23:02+00:00\",\"breadcrumb\":{\"@id\":\"https:\/\/bierger.remich.lu\/de\/ville-de-remich\/umwelt\/grunflachen\/#breadcrumb\"},\"inLanguage\":\"de\",\"potentialAction\":[{\"@type\":\"ReadAction\",\"target\":[\"https:\/\/bierger.remich.lu\/de\/ville-de-remich\/umwelt\/grunflachen\/\"]}]},{\"@type\":\"ImageObject\",\"inLanguage\":\"de\",\"@id\":\"https:\/\/bierger.remich.lu\/de\/ville-de-remich\/umwelt\/grunflachen\/#primaryimage\",\"url\":\"https:\/\/bierger.remich.lu\/wp-content\/uploads\/sites\/3\/2017\/07\/Wiss.jpg\",\"contentUrl\":\"https:\/\/bierger.remich.lu\/wp-content\/uploads\/sites\/3\/2017\/07\/Wiss.jpg\",\"width\":3872,\"height\":2592},{\"@type\":\"BreadcrumbList\",\"@id\":\"https:\/\/bierger.remich.lu\/de\/ville-de-remich\/umwelt\/grunflachen\/#breadcrumb\",\"itemListElement\":[{\"@type\":\"ListItem\",\"position\":1,\"name\":\"Startseite\",\"item\":\"https:\/\/bierger.remich.lu\/de\/\"},{\"@type\":\"ListItem\",\"position\":2,\"name\":\"Stadt Remich\",\"item\":\"https:\/\/bierger.remich.lu\/de\/ville-de-remich\/\"},{\"@type\":\"ListItem\",\"position\":3,\"name\":\"Umwelt\",\"item\":\"https:\/\/bierger.remich.lu\/de\/ville-de-remich\/umwelt\/\"},{\"@type\":\"ListItem\",\"position\":4,\"name\":\"Gr\u00fcnfl\u00e4chen\"}]},{\"@type\":\"WebSite\",\"@id\":\"https:\/\/bierger.remich.lu\/de\/#website\",\"url\":\"https:\/\/bierger.remich.lu\/de\/\",\"name\":\"Ville de Remich\",\"description\":\"\",\"potentialAction\":[{\"@type\":\"SearchAction\",\"target\":{\"@type\":\"EntryPoint\",\"urlTemplate\":\"https:\/\/bierger.remich.lu\/de\/?s={search_term_string}\"},\"query-input\":{\"@type\":\"PropertyValueSpecification\",\"valueRequired\":true,\"valueName\":\"search_term_string\"}}],\"inLanguage\":\"de\"}]}<\/script>\n<!-- \/ Yoast SEO plugin. -->","yoast_head_json":{"title":"Gr\u00fcnfl\u00e4chen - Ville de Remich","robots":{"index":"index","follow":"follow","max-snippet":"max-snippet:-1","max-image-preview":"max-image-preview:large","max-video-preview":"max-video-preview:-1"},"canonical":"https:\/\/bierger.remich.lu\/de\/ville-de-remich\/umwelt\/grunflachen\/","og_locale":"de_DE","og_type":"article","og_title":"Gr\u00fcnfl\u00e4chen - Ville de Remich","og_description":"Unsere Mitarbeiter der Gr\u00fcnfl\u00e4cheninstandhaltung setzen, in Zusammenarbeit mit der Umweltverwaltung,\u00a0seit einigen Jahren einen naturnahen Unterhalt von Gr\u00fcnfl\u00e4chen um. Nach diesem Ideal werden Beete zu Wiesenfl\u00e4chen umgewandelt, Wiesen d\u00fcrfen l\u00e4nger wachsen und Geh\u00f6lze sich nat\u00fcrlich entwickeln. Ausserdem wird ganz bewusst auf den Einsatz von Herbiziden und D\u00fcngemitteln verzichtet und so der Eintrag von Schadstoffen ins Grundwasser... Mehr lesen \u00bb","og_url":"https:\/\/bierger.remich.lu\/de\/ville-de-remich\/umwelt\/grunflachen\/","og_site_name":"Ville de Remich","article_modified_time":"2018-01-09T11:23:02+00:00","og_image":[{"width":3872,"height":2592,"url":"https:\/\/bierger.remich.lu\/wp-content\/uploads\/sites\/3\/2017\/07\/Wiss.jpg","type":"image\/jpeg"}],"twitter_card":"summary_large_image","twitter_misc":{"Gesch\u00e4tzte Lesezeit":"1\u00a0Minute"},"schema":{"@context":"https:\/\/schema.org","@graph":[{"@type":"WebPage","@id":"https:\/\/bierger.remich.lu\/de\/ville-de-remich\/umwelt\/grunflachen\/","url":"https:\/\/bierger.remich.lu\/de\/ville-de-remich\/umwelt\/grunflachen\/","name":"Gr\u00fcnfl\u00e4chen - Ville de Remich","isPartOf":{"@id":"https:\/\/bierger.remich.lu\/de\/#website"},"primaryImageOfPage":{"@id":"https:\/\/bierger.remich.lu\/de\/ville-de-remich\/umwelt\/grunflachen\/#primaryimage"},"image":{"@id":"https:\/\/bierger.remich.lu\/de\/ville-de-remich\/umwelt\/grunflachen\/#primaryimage"},"thumbnailUrl":"https:\/\/bierger.remich.lu\/wp-content\/uploads\/sites\/3\/2017\/07\/Wiss.jpg","datePublished":"2017-07-26T06:52:11+00:00","dateModified":"2018-01-09T11:23:02+00:00","breadcrumb":{"@id":"https:\/\/bierger.remich.lu\/de\/ville-de-remich\/umwelt\/grunflachen\/#breadcrumb"},"inLanguage":"de","potentialAction":[{"@type":"ReadAction","target":["https:\/\/bierger.remich.lu\/de\/ville-de-remich\/umwelt\/grunflachen\/"]}]},{"@type":"ImageObject","inLanguage":"de","@id":"https:\/\/bierger.remich.lu\/de\/ville-de-remich\/umwelt\/grunflachen\/#primaryimage","url":"https:\/\/bierger.remich.lu\/wp-content\/uploads\/sites\/3\/2017\/07\/Wiss.jpg","contentUrl":"https:\/\/bierger.remich.lu\/wp-content\/uploads\/sites\/3\/2017\/07\/Wiss.jpg","width":3872,"height":2592},{"@type":"BreadcrumbList","@id":"https:\/\/bierger.remich.lu\/de\/ville-de-remich\/umwelt\/grunflachen\/#breadcrumb","itemListElement":[{"@type":"ListItem","position":1,"name":"Startseite","item":"https:\/\/bierger.remich.lu\/de\/"},{"@type":"ListItem","position":2,"name":"Stadt Remich","item":"https:\/\/bierger.remich.lu\/de\/ville-de-remich\/"},{"@type":"ListItem","position":3,"name":"Umwelt","item":"https:\/\/bierger.remich.lu\/de\/ville-de-remich\/umwelt\/"},{"@type":"ListItem","position":4,"name":"Gr\u00fcnfl\u00e4chen"}]},{"@type":"WebSite","@id":"https:\/\/bierger.remich.lu\/de\/#website","url":"https:\/\/bierger.remich.lu\/de\/","name":"Ville de Remich","description":"","potentialAction":[{"@type":"SearchAction","target":{"@type":"EntryPoint","urlTemplate":"https:\/\/bierger.remich.lu\/de\/?s={search_term_string}"},"query-input":{"@type":"PropertyValueSpecification","valueRequired":true,"valueName":"search_term_string"}}],"inLanguage":"de"}]}},"_links":{"self":[{"href":"https:\/\/bierger.remich.lu\/de\/wp-json\/wp\/v2\/pages\/1504","targetHints":{"allow":["GET"]}}],"collection":[{"href":"https:\/\/bierger.remich.lu\/de\/wp-json\/wp\/v2\/pages"}],"about":[{"href":"https:\/\/bierger.remich.lu\/de\/wp-json\/wp\/v2\/types\/page"}],"author":[{"embeddable":true,"href":"https:\/\/bierger.remich.lu\/de\/wp-json\/wp\/v2\/users\/4"}],"replies":[{"embeddable":true,"href":"https:\/\/bierger.remich.lu\/de\/wp-json\/wp\/v2\/comments?post=1504"}],"version-history":[{"count":5,"href":"https:\/\/bierger.remich.lu\/de\/wp-json\/wp\/v2\/pages\/1504\/revisions"}],"predecessor-version":[{"id":1509,"href":"https:\/\/bierger.remich.lu\/de\/wp-json\/wp\/v2\/pages\/1504\/revisions\/1509"}],"up":[{"embeddable":true,"href":"https:\/\/bierger.remich.lu\/de\/wp-json\/wp\/v2\/pages\/50"}],"wp:featuredmedia":[{"embeddable":true,"href":"https:\/\/bierger.remich.lu\/de\/wp-json\/wp\/v2\/media\/2043"}],"wp:attachment":[{"href":"https:\/\/bierger.remich.lu\/de\/wp-json\/wp\/v2\/media?parent=1504"}],"curies":[{"name":"wp","href":"https:\/\/api.w.org\/{rel}","templated":true}]}}