{"id":1522,"date":"2017-07-26T11:16:38","date_gmt":"2017-07-26T10:16:38","guid":{"rendered":"http:\/\/reimech.lu\/?page_id=1522"},"modified":"2023-07-04T13:06:35","modified_gmt":"2023-07-04T11:06:35","slug":"klimabundis","status":"publish","type":"page","link":"https:\/\/bierger.remich.lu\/de\/ville-de-remich\/umwelt\/klimabundis\/","title":{"rendered":"Klima-B\u00fcndis Luxemburg"},"content":{"rendered":"Seit mehr als 25 Jahren setzen sich die Mitgliedskommunen des Klima-B\u00fcndnis mit ihren indigenen Partnern der Regenw\u00e4lder f\u00fcr das Weltklima ein. Mit \u00fcber 1.700 Mitgliedern aus 26 europ\u00e4ischen L\u00e4ndern ist das Klima-B\u00fcndnis das weltweit gr\u00f6\u00dfte St\u00e4dtenetzwerk, das sich dem Klimaschutz widmet, und das einzige, das konkrete Ziele setzt: Jede Klima-B\u00fcndnis-Kommune hat sich verpflichtet, ihre Treibhausgasemissionen alle f\u00fcnf Jahre um zehn Prozent zu reduzieren.<\/p>\n<p>Da sich unser Lebensstil direkt auf besonders bedrohte V\u00f6lker und Orte dieser Erde auswirkt, verbindet das Klima-B\u00fcndnis lokales Handeln mit globaler Verantwortung. Das Netzwerk f\u00f6rdert die Zusammenarbeit mit indigenen V\u00f6lkern, f\u00fchrt Kampagnen zur Bewusstseinsbildung durch und entwickelt Instrumente f\u00fcr die Klimaschutzplanung. Es bietet den Mitgliedern zahlreiche M\u00f6glichkeiten zur Partizipation sowie zum Austausch untereinander und vertritt ihre Interessen auf nationaler, europ\u00e4ischer und internationaler Ebene.<\/p>\n<p>In Luxemburg gr\u00fcndeten 1995 einige Gemeinden zusammen mit den Nichtregierungs-Organisationen \u201eAction Solidarit\u00e9 Tiers Monde \u201c und \u201eMouvement Ecologique\u201c das Klima-B\u00fcndnis L\u00ebtzebuerg.<\/p>\n<p>Momentan sind\u00a037 Luxemburger Kommunen (Stand 2017) hierin Mitglied. Um die gesetzten Ziele zu erreichen, werden u.a. untereinander Erfahrungen ausgetauscht, Vorschl\u00e4ge f\u00fcr Initiativen unterbreitet, gemeinsame Aktionen durchgef\u00fchrt, Sensibilisierungskampagnen in Schulen und Jugendh\u00e4usern angeboten \u2026. Ausserdem fungiert das Klima-B\u00fcndnis auch als Sprachrohr der Gemeinden \u00a0in Sachen Klima-, Entwicklungs- und Energiepolitik gegen\u00fcber der nationalen und europ\u00e4ischen Ebene. Auch wenn jede Gemeinde autonom handelt, profitiert sie doch von den Erfahrungen und Initiativen der anderen Mitglieder in Luxemburg und Europa sowie der Partnerorganisationen ASTM und Mouvement Ecologique.<\/p>\n<p>Die Arbeit des Klima-B\u00fcndnis L\u00ebtzebuerg wird durch die luxemburgischen Ministerien zust\u00e4ndig f\u00fcr Kooperation\/Entwicklungshilfe und Nachhaltige Entwicklung unterst\u00fctzt.<\/p>\n<p><em>Quelle: Klimab\u00fcndnis Luxemburg<\/em><\/p>\n<p>Im Jahr 2013\u00a0ist Remich dem Klima-B\u00fcndnis Luxemburg\u00a0beigetreten.","protected":false},"excerpt":{"rendered":"<p>Seit mehr als 25 Jahren setzen sich die Mitgliedskommunen des Klima-B\u00fcndnis mit ihren indigenen Partnern der Regenw\u00e4lder f\u00fcr das Weltklima ein. Mit \u00fcber 1.700 Mitgliedern aus 26 europ\u00e4ischen L\u00e4ndern ist das Klima-B\u00fcndnis das weltweit gr\u00f6\u00dfte St\u00e4dtenetzwerk, das sich dem Klimaschutz widmet, und das einzige, das konkrete Ziele setzt: Jede Klima-B\u00fcndnis-Kommune hat sich verpflichtet, ihre Treibhausgasemissionen&#8230;  <a class=\"excerpt-read-more\" href=\"https:\/\/bierger.remich.lu\/de\/ville-de-remich\/umwelt\/klimabundis\/\" title=\"ReadKlima-B\u00fcndis Luxemburg\">Mehr lesen \u00bb<\/a><\/p>\n","protected":false},"author":4,"featured_media":2053,"parent":50,"menu_order":35,"comment_status":"closed","ping_status":"closed","template":"","meta":{"_acf_changed":false,"xn-wppe-expiration":[],"xn-wppe-expiration-action":[],"xn-wppe-expiration-prefix":[],"footnotes":"","_links_to":"","_links_to_target":""},"class_list":["post-1522","page","type-page","status-publish","has-post-thumbnail","hentry","keyword-umwelt"],"acf":[],"yoast_head":"<!-- This site is optimized with the Yoast SEO plugin v26.7 - https:\/\/yoast.com\/wordpress\/plugins\/seo\/ -->\n<title>Klima-B\u00fcndis Luxemburg - Ville de Remich<\/title>\n<meta name=\"robots\" content=\"index, follow, max-snippet:-1, max-image-preview:large, max-video-preview:-1\" \/>\n<link rel=\"canonical\" href=\"https:\/\/bierger.remich.lu\/en\/ville-de-remich\/umwelt\/klimabundis\/\" \/>\n<meta property=\"og:locale\" content=\"de_DE\" \/>\n<meta property=\"og:type\" content=\"article\" \/>\n<meta property=\"og:title\" content=\"Klima-B\u00fcndis Luxemburg - Ville de Remich\" \/>\n<meta property=\"og:description\" content=\"Seit mehr als 25 Jahren setzen sich die Mitgliedskommunen des Klima-B\u00fcndnis mit ihren indigenen Partnern der Regenw\u00e4lder f\u00fcr das Weltklima ein. Mit \u00fcber 1.700 Mitgliedern aus 26 europ\u00e4ischen L\u00e4ndern ist das Klima-B\u00fcndnis das weltweit gr\u00f6\u00dfte St\u00e4dtenetzwerk, das sich dem Klimaschutz widmet, und das einzige, das konkrete Ziele setzt: Jede Klima-B\u00fcndnis-Kommune hat sich verpflichtet, ihre Treibhausgasemissionen... Mehr lesen \u00bb\" \/>\n<meta property=\"og:url\" content=\"https:\/\/bierger.remich.lu\/en\/ville-de-remich\/umwelt\/klimabundis\/\" \/>\n<meta property=\"og:site_name\" content=\"Ville de Remich\" \/>\n<meta property=\"article:modified_time\" content=\"2023-07-04T11:06:35+00:00\" \/>\n<meta property=\"og:image\" content=\"https:\/\/bierger.remich.lu\/wp-content\/uploads\/sites\/3\/2017\/07\/aniek-wessel-351449-e1505208969867-779x1024.jpg\" \/>\n\t<meta property=\"og:image:width\" content=\"779\" \/>\n\t<meta property=\"og:image:height\" content=\"1024\" \/>\n\t<meta property=\"og:image:type\" content=\"image\/jpeg\" \/>\n<meta name=\"twitter:card\" content=\"summary_large_image\" \/>\n<meta name=\"twitter:label1\" content=\"Gesch\u00e4tzte Lesezeit\" \/>\n\t<meta name=\"twitter:data1\" content=\"3\u00a0Minuten\" \/>\n<script type=\"application\/ld+json\" class=\"yoast-schema-graph\">{\"@context\":\"https:\/\/schema.org\",\"@graph\":[{\"@type\":\"WebPage\",\"@id\":\"https:\/\/bierger.remich.lu\/en\/ville-de-remich\/umwelt\/klimabundis\/\",\"url\":\"https:\/\/bierger.remich.lu\/en\/ville-de-remich\/umwelt\/klimabundis\/\",\"name\":\"Klima-B\u00fcndis Luxemburg - Ville de Remich\",\"isPartOf\":{\"@id\":\"https:\/\/bierger.remich.lu\/de\/#website\"},\"primaryImageOfPage\":{\"@id\":\"https:\/\/bierger.remich.lu\/en\/ville-de-remich\/umwelt\/klimabundis\/#primaryimage\"},\"image\":{\"@id\":\"https:\/\/bierger.remich.lu\/en\/ville-de-remich\/umwelt\/klimabundis\/#primaryimage\"},\"thumbnailUrl\":\"https:\/\/bierger.remich.lu\/wp-content\/uploads\/sites\/3\/2017\/07\/aniek-wessel-351449-e1505208969867.jpg\",\"datePublished\":\"2017-07-26T10:16:38+00:00\",\"dateModified\":\"2023-07-04T11:06:35+00:00\",\"breadcrumb\":{\"@id\":\"https:\/\/bierger.remich.lu\/en\/ville-de-remich\/umwelt\/klimabundis\/#breadcrumb\"},\"inLanguage\":\"de\",\"potentialAction\":[{\"@type\":\"ReadAction\",\"target\":[\"https:\/\/bierger.remich.lu\/en\/ville-de-remich\/umwelt\/klimabundis\/\"]}]},{\"@type\":\"ImageObject\",\"inLanguage\":\"de\",\"@id\":\"https:\/\/bierger.remich.lu\/en\/ville-de-remich\/umwelt\/klimabundis\/#primaryimage\",\"url\":\"https:\/\/bierger.remich.lu\/wp-content\/uploads\/sites\/3\/2017\/07\/aniek-wessel-351449-e1505208969867.jpg\",\"contentUrl\":\"https:\/\/bierger.remich.lu\/wp-content\/uploads\/sites\/3\/2017\/07\/aniek-wessel-351449-e1505208969867.jpg\",\"width\":3410,\"height\":4480},{\"@type\":\"BreadcrumbList\",\"@id\":\"https:\/\/bierger.remich.lu\/en\/ville-de-remich\/umwelt\/klimabundis\/#breadcrumb\",\"itemListElement\":[{\"@type\":\"ListItem\",\"position\":1,\"name\":\"Startseite\",\"item\":\"https:\/\/bierger.remich.lu\/de\/\"},{\"@type\":\"ListItem\",\"position\":2,\"name\":\"Stadt Remich\",\"item\":\"https:\/\/bierger.remich.lu\/de\/ville-de-remich\/\"},{\"@type\":\"ListItem\",\"position\":3,\"name\":\"Umwelt\",\"item\":\"https:\/\/bierger.remich.lu\/de\/ville-de-remich\/umwelt\/\"},{\"@type\":\"ListItem\",\"position\":4,\"name\":\"Climate Alliance Luxembourg\"}]},{\"@type\":\"WebSite\",\"@id\":\"https:\/\/bierger.remich.lu\/de\/#website\",\"url\":\"https:\/\/bierger.remich.lu\/de\/\",\"name\":\"Ville de Remich\",\"description\":\"\",\"potentialAction\":[{\"@type\":\"SearchAction\",\"target\":{\"@type\":\"EntryPoint\",\"urlTemplate\":\"https:\/\/bierger.remich.lu\/de\/?s={search_term_string}\"},\"query-input\":{\"@type\":\"PropertyValueSpecification\",\"valueRequired\":true,\"valueName\":\"search_term_string\"}}],\"inLanguage\":\"de\"}]}<\/script>\n<!-- \/ Yoast SEO plugin. -->","yoast_head_json":{"title":"Klima-B\u00fcndis Luxemburg - Ville de Remich","robots":{"index":"index","follow":"follow","max-snippet":"max-snippet:-1","max-image-preview":"max-image-preview:large","max-video-preview":"max-video-preview:-1"},"canonical":"https:\/\/bierger.remich.lu\/en\/ville-de-remich\/umwelt\/klimabundis\/","og_locale":"de_DE","og_type":"article","og_title":"Klima-B\u00fcndis Luxemburg - Ville de Remich","og_description":"Seit mehr als 25 Jahren setzen sich die Mitgliedskommunen des Klima-B\u00fcndnis mit ihren indigenen Partnern der Regenw\u00e4lder f\u00fcr das Weltklima ein. Mit \u00fcber 1.700 Mitgliedern aus 26 europ\u00e4ischen L\u00e4ndern ist das Klima-B\u00fcndnis das weltweit gr\u00f6\u00dfte St\u00e4dtenetzwerk, das sich dem Klimaschutz widmet, und das einzige, das konkrete Ziele setzt: Jede Klima-B\u00fcndnis-Kommune hat sich verpflichtet, ihre Treibhausgasemissionen... Mehr lesen \u00bb","og_url":"https:\/\/bierger.remich.lu\/en\/ville-de-remich\/umwelt\/klimabundis\/","og_site_name":"Ville de Remich","article_modified_time":"2023-07-04T11:06:35+00:00","og_image":[{"width":779,"height":1024,"url":"https:\/\/bierger.remich.lu\/wp-content\/uploads\/sites\/3\/2017\/07\/aniek-wessel-351449-e1505208969867-779x1024.jpg","type":"image\/jpeg"}],"twitter_card":"summary_large_image","twitter_misc":{"Gesch\u00e4tzte Lesezeit":"3\u00a0Minuten"},"schema":{"@context":"https:\/\/schema.org","@graph":[{"@type":"WebPage","@id":"https:\/\/bierger.remich.lu\/en\/ville-de-remich\/umwelt\/klimabundis\/","url":"https:\/\/bierger.remich.lu\/en\/ville-de-remich\/umwelt\/klimabundis\/","name":"Klima-B\u00fcndis Luxemburg - Ville de Remich","isPartOf":{"@id":"https:\/\/bierger.remich.lu\/de\/#website"},"primaryImageOfPage":{"@id":"https:\/\/bierger.remich.lu\/en\/ville-de-remich\/umwelt\/klimabundis\/#primaryimage"},"image":{"@id":"https:\/\/bierger.remich.lu\/en\/ville-de-remich\/umwelt\/klimabundis\/#primaryimage"},"thumbnailUrl":"https:\/\/bierger.remich.lu\/wp-content\/uploads\/sites\/3\/2017\/07\/aniek-wessel-351449-e1505208969867.jpg","datePublished":"2017-07-26T10:16:38+00:00","dateModified":"2023-07-04T11:06:35+00:00","breadcrumb":{"@id":"https:\/\/bierger.remich.lu\/en\/ville-de-remich\/umwelt\/klimabundis\/#breadcrumb"},"inLanguage":"de","potentialAction":[{"@type":"ReadAction","target":["https:\/\/bierger.remich.lu\/en\/ville-de-remich\/umwelt\/klimabundis\/"]}]},{"@type":"ImageObject","inLanguage":"de","@id":"https:\/\/bierger.remich.lu\/en\/ville-de-remich\/umwelt\/klimabundis\/#primaryimage","url":"https:\/\/bierger.remich.lu\/wp-content\/uploads\/sites\/3\/2017\/07\/aniek-wessel-351449-e1505208969867.jpg","contentUrl":"https:\/\/bierger.remich.lu\/wp-content\/uploads\/sites\/3\/2017\/07\/aniek-wessel-351449-e1505208969867.jpg","width":3410,"height":4480},{"@type":"BreadcrumbList","@id":"https:\/\/bierger.remich.lu\/en\/ville-de-remich\/umwelt\/klimabundis\/#breadcrumb","itemListElement":[{"@type":"ListItem","position":1,"name":"Startseite","item":"https:\/\/bierger.remich.lu\/de\/"},{"@type":"ListItem","position":2,"name":"Stadt Remich","item":"https:\/\/bierger.remich.lu\/de\/ville-de-remich\/"},{"@type":"ListItem","position":3,"name":"Umwelt","item":"https:\/\/bierger.remich.lu\/de\/ville-de-remich\/umwelt\/"},{"@type":"ListItem","position":4,"name":"Climate Alliance Luxembourg"}]},{"@type":"WebSite","@id":"https:\/\/bierger.remich.lu\/de\/#website","url":"https:\/\/bierger.remich.lu\/de\/","name":"Ville de Remich","description":"","potentialAction":[{"@type":"SearchAction","target":{"@type":"EntryPoint","urlTemplate":"https:\/\/bierger.remich.lu\/de\/?s={search_term_string}"},"query-input":{"@type":"PropertyValueSpecification","valueRequired":true,"valueName":"search_term_string"}}],"inLanguage":"de"}]}},"_links":{"self":[{"href":"https:\/\/bierger.remich.lu\/de\/wp-json\/wp\/v2\/pages\/1522","targetHints":{"allow":["GET"]}}],"collection":[{"href":"https:\/\/bierger.remich.lu\/de\/wp-json\/wp\/v2\/pages"}],"about":[{"href":"https:\/\/bierger.remich.lu\/de\/wp-json\/wp\/v2\/types\/page"}],"author":[{"embeddable":true,"href":"https:\/\/bierger.remich.lu\/de\/wp-json\/wp\/v2\/users\/4"}],"replies":[{"embeddable":true,"href":"https:\/\/bierger.remich.lu\/de\/wp-json\/wp\/v2\/comments?post=1522"}],"version-history":[{"count":9,"href":"https:\/\/bierger.remich.lu\/de\/wp-json\/wp\/v2\/pages\/1522\/revisions"}],"predecessor-version":[{"id":12563,"href":"https:\/\/bierger.remich.lu\/de\/wp-json\/wp\/v2\/pages\/1522\/revisions\/12563"}],"up":[{"embeddable":true,"href":"https:\/\/bierger.remich.lu\/de\/wp-json\/wp\/v2\/pages\/50"}],"wp:featuredmedia":[{"embeddable":true,"href":"https:\/\/bierger.remich.lu\/de\/wp-json\/wp\/v2\/media\/2053"}],"wp:attachment":[{"href":"https:\/\/bierger.remich.lu\/de\/wp-json\/wp\/v2\/media?parent=1522"}],"curies":[{"name":"wp","href":"https:\/\/api.w.org\/{rel}","templated":true}]}}