{"id":1530,"date":"2017-07-26T13:26:31","date_gmt":"2017-07-26T12:26:31","guid":{"rendered":"http:\/\/reimech.lu\/?page_id=1530"},"modified":"2024-07-03T11:26:32","modified_gmt":"2024-07-03T09:26:32","slug":"klimapakt","status":"publish","type":"page","link":"https:\/\/bierger.remich.lu\/de\/ville-de-remich\/umwelt\/klimapakt\/","title":{"rendered":"Klimapakt"},"content":{"rendered":"<img loading=\"lazy\" decoding=\"async\" class=\"alignleft wp-image-14569 \" src=\"https:\/\/bierger.remich.lu\/wp-content\/uploads\/sites\/3\/2024\/07\/LOGO_Pacte-Climat_cmjn-scaled-1024x246.jpg\" alt=\"\" width=\"441\" height=\"106\" srcset=\"https:\/\/bierger.remich.lu\/wp-content\/uploads\/sites\/3\/2024\/07\/LOGO_Pacte-Climat_cmjn-scaled-1024x246.jpg 1024w, https:\/\/bierger.remich.lu\/wp-content\/uploads\/sites\/3\/2024\/07\/LOGO_Pacte-Climat_cmjn-scaled-300x72.jpg 300w\" sizes=\"auto, (max-width: 441px) 100vw, 441px\" \/><\/p>\n<p>&nbsp;<\/p>\n<p>&nbsp;<\/p>\n<p>&nbsp;<\/p>\n<p>&nbsp;<\/p>\n<p>Um den Aussto\u00df an Treibhausgasen zu reduzieren, will der Staat verst\u00e4rkt mit den Gemeinden Luxemburgs zusammenarbeiten. Im Juli 2012 wurde ein Gesetz gestimmt, welches ein Abkommen (Klimapakt) zwischen dem Staat und den Gemeinden erm\u00f6glicht.<\/p>\n<p>Ziel dieses Klimapaktes ist es die Treibhausemissionen, sowie den Energieverbrauch und die damit verbundenen Kosten zu senken. Der Klimapakt trat am 01. Januar 2013 in Kraft.<\/p>\n<p>Der Gemeinderat Remich hat am 27. Dezember 2012 einstimmig den Beitritt zum Klimapakt beschlossen.<\/p>\n<p>Die Unterzeichnung des Klimapaktes bringt Verpflichtungen f\u00fcr beide Parteien mit sich:<\/p>\n<ul>\n<li>Die Gemeinde Remich verpflichtet sich zur Umsetzung des European Energy Award (eea) und die Schaffung einer Energiebuchhaltung f\u00fcr die gemeindeeigenen Geb\u00e4ude und technische Ausr\u00fcstung.<\/li>\n<li>Der Staat garantiert finanzielle und technische Unterst\u00fctzung.<\/li>\n<\/ul>\n<h3><strong>Der eea-Ma\u00dfnahmenkatalog<\/strong><\/h3>\n<p>Durch den Beitritt verpflichtet sich die Gemeinde Remich eine nachhaltige Politik in den Bereichen Klimawandel, Energie und Mobilit\u00e4t durchzuf\u00fchren. Die vorgenommenen Energie- und Klimaschutzaktivit\u00e4ten werden regelm\u00e4ssig mit Hilfe eines europ\u00e4ischen Programmes, dem European Energy Award, \u00fcberpr\u00fcft und bewertet.<\/p>\n<p>Das eea-Programm, das seit mehr als 20 Jahren in rund zehn europ\u00e4ischen L\u00e4ndern zur Anwendung kommt, umfasst einen Katalog von 79 Einzelma\u00dfnahmen, in welchen die Gemeinden in den Bereichen Klimawandel, Energie und Mobilit\u00e4t aktiv werden k\u00f6nnen. Das ausgearbeitete Programm wurde an die nationalen Gegebenheiten angepasst. Ist einer der Aktionsvorschl\u00e4ge f\u00fcr die Gemeinde nicht durchf\u00fchrbar, so wird dieser Punkt bei der Auswertung nicht ber\u00fccksichtigt.<\/p>\n<p>Die Ma\u00dfnahmen betreffen haupts\u00e4chlich folgende 6 Kategorien :<\/p>\n<ul>\n<li>Raumplanung und Konstruktionen<\/li>\n<li>Kommunale Bauten und Anlagen<\/li>\n<li>Ver- und Entsorgung<\/li>\n<li>Mobilit\u00e4t<\/li>\n<li>Interne Organisation<\/li>\n<li>Kommunikation und Kooperation<\/li>\n<\/ul>\n<h3><strong>Kommunales Klimateam<\/strong><\/h3>\n<p>Verantwortlich f\u00fcr die Umsetzung der oben erw\u00e4hnten Ma\u00dfnahmen ist ein kommunales Klimateam, welches die Gemeinde einsetzen muss. Dieses setzt sich zusammen aus einem Klimaberater, Vertretern aus der Politik, der Verwaltung, aus kommunalen Kommissionen, Experten, Unternehmensverantwortlichen und interessierten B\u00fcrgern. Das Klimateam macht eine Bestandsaufnahme und erstellt ein Aktionsprogramm f\u00fcr die Gemeinde. Die F\u00fchrung des Klimateams obliegt dem Klimaberater. Beim Klimaberater kann es sich um einen externen oder internen Mitarbeiter handeln. Es besteht die M\u00f6glichkeit, dass mehrere Gemeinden einen Klimaberater gemeinsam einstellen.<\/p>\n<p><strong>Klimateam der Stadt Remich:<\/strong><\/p>\n<ul>\n<li><span style=\"color: #000000\">Bruno Barboni<\/span><\/li>\n<li><span style=\"color: #000000\">Robert Braquet<\/span><\/li>\n<li><span style=\"color: #000000\">Martin Dritter<\/span><\/li>\n<li><span style=\"color: #000000\">Daniel Fr\u00e8res<\/span><\/li>\n<li><span style=\"color: #000000\">Jean-Paul Kieffer<\/span><\/li>\n<li><span style=\"color: #000000\">Guy Mathay<\/span><\/li>\n<li><span style=\"color: #000000\">Jean-Paul Meyers<\/span><\/li>\n<li><span style=\"color: #000000\">Jacques Sitz (Klimasch\u00f6ffe)<\/span><\/li>\n<li><span style=\"color: #000000\">Laurent Thiel<\/span><\/li>\n<li><span style=\"color: #000000\">Jean-Paul Wiltz<\/span><\/li>\n<\/ul>\n<p><em>Das Klimateam der Stadt Remich ist weiterhin auf der Suche nach neuen Mitgliedern. Melden Sie sich unter info@remich.lu .<\/em><\/p>\n<h3><strong>Finanzielle Unterst\u00fctzung der Gemeinden<\/strong><\/h3>\n<p>Die Umsetzung der Ma\u00dfnahmen wird durch den Staat wie folgt mit Mitteln aus dem Umweltfonds unterst\u00fctzt:<\/p>\n<ul>\n<li>Die Kosten f\u00fcr den Klimaberater werden zum Teil \u00fcbernommen (25 \u2013 50 Tage pro Jahr, je nach Einwohnerzahl der Gemeinde).<\/li>\n<li>Eine fixe j\u00e4hrliche Unterst\u00fctzung von 10.000 \u20ac als Beteiligung an den Funktionskosten zur Umsetzung der Massnahmen.<\/li>\n<\/ul>\n<p>Eine variable j\u00e4hrliche Unterst\u00fctzung, welche abh\u00e4ngig ist vom Grad der Umsetzung der eea-Ma\u00dfnahmen. F\u00fcr eine 40% Zielerreichung werden 15 \u20ac pro Einwohner bis zum 31.12.2015, 10 \u20ac von 2016 bis 2018 und 5 \u20ac f\u00fcr 2019 und 2020 ausbezahlt. F\u00fcr eine 50% Zielerreichung betragen die S\u00e4tze 25, 20 und 15 \u20ac pro Einwohner. F\u00fcr eine 75% Zielerreichung sind die S\u00e4tze 35, 30 und 25 \u20ac pro Einwohner. Ab dem zweiten Jahr sind 30% der j\u00e4hrlich variablen Zuwendungen abh\u00e4ngig von den messbaren Resultaten bei der Reduktion von Treibhausgasen. F\u00fcr 20% der Subventionen werden die Resultate im Bereich der gemeindeeigenen Infrastrukturen ber\u00fccksichtigt und f\u00fcr 10% diejenigen im Bereich der Haushalte. Die anderen 70% h\u00e4ngen vom Grad der Umsetzung der eea-Ma\u00dfnahmen ab.<\/p>\n<h3>Klimapakt-Zertifizierung der Stadt Remich<\/h3>\n<img loading=\"lazy\" decoding=\"async\" class=\"alignnone wp-image-14578 size-large\" src=\"https:\/\/bierger.remich.lu\/wp-content\/uploads\/sites\/3\/2024\/07\/20240607_Pacte-Climat-1024x683.jpg\" alt=\"\" width=\"1024\" height=\"683\" srcset=\"https:\/\/bierger.remich.lu\/wp-content\/uploads\/sites\/3\/2024\/07\/20240607_Pacte-Climat-1024x683.jpg 1024w, https:\/\/bierger.remich.lu\/wp-content\/uploads\/sites\/3\/2024\/07\/20240607_Pacte-Climat-300x200.jpg 300w, https:\/\/bierger.remich.lu\/wp-content\/uploads\/sites\/3\/2024\/07\/20240607_Pacte-Climat.jpg 1280w\" sizes=\"auto, (max-width: 1024px) 100vw, 1024px\" \/>\n<p><em>(von links nach rechts: Minister Serge Wilmes, Sch\u00f6ffin Rita Wallerich, Klimateam-Mitglied Martin Dritter)<\/em><\/p>\n<p>Am 07.06.2024 anl\u00e4sslich des 12. Klimapakttages in der Handwerkerkammer wurde der Stadt Remich in Anwesenheit der Minister Serge Wilmes sowie Lex Delles die Auszeichnung f\u00fcr die<strong> Zertifizierungsstufe von 50%<\/strong> \u00fcberreicht.<\/p>\n<p>Besonders hervorzuheben ist die Leistung im Bereich \u201eKommunikation und Kooperation\u201c, in dem wir 63,2 % der Punkte des Ma\u00dfnahmenkatalogs erreicht haben. Dies zeigt, dass unser Engagement im Klimapakt Fr\u00fcchte tr\u00e4gt.<\/p>\n<p>Mehr Informationen unter: <a href=\"https:\/\/pacteclimat.lu\/de\/acteur-engage\/news\/journee-pacte-climat-2024\">Klimapakttag<\/a>","protected":false},"excerpt":{"rendered":"<p>&nbsp; &nbsp; &nbsp; &nbsp; Um den Aussto\u00df an Treibhausgasen zu reduzieren, will der Staat verst\u00e4rkt mit den Gemeinden Luxemburgs zusammenarbeiten. Im Juli 2012 wurde ein Gesetz gestimmt, welches ein Abkommen (Klimapakt) zwischen dem Staat und den Gemeinden erm\u00f6glicht. Ziel dieses Klimapaktes ist es die Treibhausemissionen, sowie den Energieverbrauch und die damit verbundenen Kosten zu senken&#8230;.  <a class=\"excerpt-read-more\" href=\"https:\/\/bierger.remich.lu\/de\/ville-de-remich\/umwelt\/klimapakt\/\" title=\"ReadKlimapakt\">Mehr lesen \u00bb<\/a><\/p>\n","protected":false},"author":4,"featured_media":2039,"parent":50,"menu_order":36,"comment_status":"closed","ping_status":"closed","template":"","meta":{"_acf_changed":false,"xn-wppe-expiration":[],"xn-wppe-expiration-action":[],"xn-wppe-expiration-prefix":[],"footnotes":"","_links_to":"","_links_to_target":""},"class_list":["post-1530","page","type-page","status-publish","has-post-thumbnail","hentry","keyword-pacte-climat","keyword-equipe-climat","keyword-umwelt"],"acf":[],"yoast_head":"<!-- This site is optimized with the Yoast SEO plugin v26.7 - https:\/\/yoast.com\/wordpress\/plugins\/seo\/ -->\n<title>Klimapakt - Ville de Remich<\/title>\n<meta name=\"robots\" content=\"index, follow, max-snippet:-1, max-image-preview:large, max-video-preview:-1\" \/>\n<link rel=\"canonical\" href=\"https:\/\/bierger.remich.lu\/fr\/ville-de-remich\/umwelt\/klimapakt\/\" \/>\n<meta property=\"og:locale\" content=\"de_DE\" \/>\n<meta property=\"og:type\" content=\"article\" \/>\n<meta property=\"og:title\" content=\"Klimapakt - Ville de Remich\" \/>\n<meta property=\"og:description\" content=\"&nbsp; &nbsp; &nbsp; &nbsp; Um den Aussto\u00df an Treibhausgasen zu reduzieren, will der Staat verst\u00e4rkt mit den Gemeinden Luxemburgs zusammenarbeiten. Im Juli 2012 wurde ein Gesetz gestimmt, welches ein Abkommen (Klimapakt) zwischen dem Staat und den Gemeinden erm\u00f6glicht. Ziel dieses Klimapaktes ist es die Treibhausemissionen, sowie den Energieverbrauch und die damit verbundenen Kosten zu senken.... Mehr lesen \u00bb\" \/>\n<meta property=\"og:url\" content=\"https:\/\/bierger.remich.lu\/fr\/ville-de-remich\/umwelt\/klimapakt\/\" \/>\n<meta property=\"og:site_name\" content=\"Ville de Remich\" \/>\n<meta property=\"article:modified_time\" content=\"2024-07-03T09:26:32+00:00\" \/>\n<meta property=\"og:image\" content=\"https:\/\/bierger.remich.lu\/wp-content\/uploads\/sites\/3\/2017\/07\/Bee-loic-mermilliod-219293.jpg\" \/>\n\t<meta property=\"og:image:width\" content=\"709\" \/>\n\t<meta property=\"og:image:height\" content=\"472\" \/>\n\t<meta property=\"og:image:type\" content=\"image\/jpeg\" \/>\n<meta name=\"twitter:card\" content=\"summary_large_image\" \/>\n<meta name=\"twitter:label1\" content=\"Gesch\u00e4tzte Lesezeit\" \/>\n\t<meta name=\"twitter:data1\" content=\"7\u00a0Minuten\" \/>\n<script type=\"application\/ld+json\" class=\"yoast-schema-graph\">{\"@context\":\"https:\/\/schema.org\",\"@graph\":[{\"@type\":\"WebPage\",\"@id\":\"https:\/\/bierger.remich.lu\/fr\/ville-de-remich\/umwelt\/klimapakt\/\",\"url\":\"https:\/\/bierger.remich.lu\/fr\/ville-de-remich\/umwelt\/klimapakt\/\",\"name\":\"Klimapakt - Ville de Remich\",\"isPartOf\":{\"@id\":\"https:\/\/bierger.remich.lu\/de\/#website\"},\"primaryImageOfPage\":{\"@id\":\"https:\/\/bierger.remich.lu\/fr\/ville-de-remich\/umwelt\/klimapakt\/#primaryimage\"},\"image\":{\"@id\":\"https:\/\/bierger.remich.lu\/fr\/ville-de-remich\/umwelt\/klimapakt\/#primaryimage\"},\"thumbnailUrl\":\"https:\/\/bierger.remich.lu\/wp-content\/uploads\/sites\/3\/2017\/07\/Bee-loic-mermilliod-219293.jpg\",\"datePublished\":\"2017-07-26T12:26:31+00:00\",\"dateModified\":\"2024-07-03T09:26:32+00:00\",\"breadcrumb\":{\"@id\":\"https:\/\/bierger.remich.lu\/fr\/ville-de-remich\/umwelt\/klimapakt\/#breadcrumb\"},\"inLanguage\":\"de\",\"potentialAction\":[{\"@type\":\"ReadAction\",\"target\":[\"https:\/\/bierger.remich.lu\/fr\/ville-de-remich\/umwelt\/klimapakt\/\"]}]},{\"@type\":\"ImageObject\",\"inLanguage\":\"de\",\"@id\":\"https:\/\/bierger.remich.lu\/fr\/ville-de-remich\/umwelt\/klimapakt\/#primaryimage\",\"url\":\"https:\/\/bierger.remich.lu\/wp-content\/uploads\/sites\/3\/2017\/07\/Bee-loic-mermilliod-219293.jpg\",\"contentUrl\":\"https:\/\/bierger.remich.lu\/wp-content\/uploads\/sites\/3\/2017\/07\/Bee-loic-mermilliod-219293.jpg\",\"width\":709,\"height\":472},{\"@type\":\"BreadcrumbList\",\"@id\":\"https:\/\/bierger.remich.lu\/fr\/ville-de-remich\/umwelt\/klimapakt\/#breadcrumb\",\"itemListElement\":[{\"@type\":\"ListItem\",\"position\":1,\"name\":\"Startseite\",\"item\":\"https:\/\/bierger.remich.lu\/de\/\"},{\"@type\":\"ListItem\",\"position\":2,\"name\":\"Stadt Remich\",\"item\":\"https:\/\/bierger.remich.lu\/de\/ville-de-remich\/\"},{\"@type\":\"ListItem\",\"position\":3,\"name\":\"Umwelt\",\"item\":\"https:\/\/bierger.remich.lu\/de\/ville-de-remich\/umwelt\/\"},{\"@type\":\"ListItem\",\"position\":4,\"name\":\"Pacte climat\"}]},{\"@type\":\"WebSite\",\"@id\":\"https:\/\/bierger.remich.lu\/de\/#website\",\"url\":\"https:\/\/bierger.remich.lu\/de\/\",\"name\":\"Ville de Remich\",\"description\":\"\",\"potentialAction\":[{\"@type\":\"SearchAction\",\"target\":{\"@type\":\"EntryPoint\",\"urlTemplate\":\"https:\/\/bierger.remich.lu\/de\/?s={search_term_string}\"},\"query-input\":{\"@type\":\"PropertyValueSpecification\",\"valueRequired\":true,\"valueName\":\"search_term_string\"}}],\"inLanguage\":\"de\"}]}<\/script>\n<!-- \/ Yoast SEO plugin. -->","yoast_head_json":{"title":"Klimapakt - Ville de Remich","robots":{"index":"index","follow":"follow","max-snippet":"max-snippet:-1","max-image-preview":"max-image-preview:large","max-video-preview":"max-video-preview:-1"},"canonical":"https:\/\/bierger.remich.lu\/fr\/ville-de-remich\/umwelt\/klimapakt\/","og_locale":"de_DE","og_type":"article","og_title":"Klimapakt - Ville de Remich","og_description":"&nbsp; &nbsp; &nbsp; &nbsp; Um den Aussto\u00df an Treibhausgasen zu reduzieren, will der Staat verst\u00e4rkt mit den Gemeinden Luxemburgs zusammenarbeiten. Im Juli 2012 wurde ein Gesetz gestimmt, welches ein Abkommen (Klimapakt) zwischen dem Staat und den Gemeinden erm\u00f6glicht. Ziel dieses Klimapaktes ist es die Treibhausemissionen, sowie den Energieverbrauch und die damit verbundenen Kosten zu senken.... Mehr lesen \u00bb","og_url":"https:\/\/bierger.remich.lu\/fr\/ville-de-remich\/umwelt\/klimapakt\/","og_site_name":"Ville de Remich","article_modified_time":"2024-07-03T09:26:32+00:00","og_image":[{"width":709,"height":472,"url":"https:\/\/bierger.remich.lu\/wp-content\/uploads\/sites\/3\/2017\/07\/Bee-loic-mermilliod-219293.jpg","type":"image\/jpeg"}],"twitter_card":"summary_large_image","twitter_misc":{"Gesch\u00e4tzte Lesezeit":"7\u00a0Minuten"},"schema":{"@context":"https:\/\/schema.org","@graph":[{"@type":"WebPage","@id":"https:\/\/bierger.remich.lu\/fr\/ville-de-remich\/umwelt\/klimapakt\/","url":"https:\/\/bierger.remich.lu\/fr\/ville-de-remich\/umwelt\/klimapakt\/","name":"Klimapakt - Ville de Remich","isPartOf":{"@id":"https:\/\/bierger.remich.lu\/de\/#website"},"primaryImageOfPage":{"@id":"https:\/\/bierger.remich.lu\/fr\/ville-de-remich\/umwelt\/klimapakt\/#primaryimage"},"image":{"@id":"https:\/\/bierger.remich.lu\/fr\/ville-de-remich\/umwelt\/klimapakt\/#primaryimage"},"thumbnailUrl":"https:\/\/bierger.remich.lu\/wp-content\/uploads\/sites\/3\/2017\/07\/Bee-loic-mermilliod-219293.jpg","datePublished":"2017-07-26T12:26:31+00:00","dateModified":"2024-07-03T09:26:32+00:00","breadcrumb":{"@id":"https:\/\/bierger.remich.lu\/fr\/ville-de-remich\/umwelt\/klimapakt\/#breadcrumb"},"inLanguage":"de","potentialAction":[{"@type":"ReadAction","target":["https:\/\/bierger.remich.lu\/fr\/ville-de-remich\/umwelt\/klimapakt\/"]}]},{"@type":"ImageObject","inLanguage":"de","@id":"https:\/\/bierger.remich.lu\/fr\/ville-de-remich\/umwelt\/klimapakt\/#primaryimage","url":"https:\/\/bierger.remich.lu\/wp-content\/uploads\/sites\/3\/2017\/07\/Bee-loic-mermilliod-219293.jpg","contentUrl":"https:\/\/bierger.remich.lu\/wp-content\/uploads\/sites\/3\/2017\/07\/Bee-loic-mermilliod-219293.jpg","width":709,"height":472},{"@type":"BreadcrumbList","@id":"https:\/\/bierger.remich.lu\/fr\/ville-de-remich\/umwelt\/klimapakt\/#breadcrumb","itemListElement":[{"@type":"ListItem","position":1,"name":"Startseite","item":"https:\/\/bierger.remich.lu\/de\/"},{"@type":"ListItem","position":2,"name":"Stadt Remich","item":"https:\/\/bierger.remich.lu\/de\/ville-de-remich\/"},{"@type":"ListItem","position":3,"name":"Umwelt","item":"https:\/\/bierger.remich.lu\/de\/ville-de-remich\/umwelt\/"},{"@type":"ListItem","position":4,"name":"Pacte climat"}]},{"@type":"WebSite","@id":"https:\/\/bierger.remich.lu\/de\/#website","url":"https:\/\/bierger.remich.lu\/de\/","name":"Ville de Remich","description":"","potentialAction":[{"@type":"SearchAction","target":{"@type":"EntryPoint","urlTemplate":"https:\/\/bierger.remich.lu\/de\/?s={search_term_string}"},"query-input":{"@type":"PropertyValueSpecification","valueRequired":true,"valueName":"search_term_string"}}],"inLanguage":"de"}]}},"_links":{"self":[{"href":"https:\/\/bierger.remich.lu\/de\/wp-json\/wp\/v2\/pages\/1530","targetHints":{"allow":["GET"]}}],"collection":[{"href":"https:\/\/bierger.remich.lu\/de\/wp-json\/wp\/v2\/pages"}],"about":[{"href":"https:\/\/bierger.remich.lu\/de\/wp-json\/wp\/v2\/types\/page"}],"author":[{"embeddable":true,"href":"https:\/\/bierger.remich.lu\/de\/wp-json\/wp\/v2\/users\/4"}],"replies":[{"embeddable":true,"href":"https:\/\/bierger.remich.lu\/de\/wp-json\/wp\/v2\/comments?post=1530"}],"version-history":[{"count":19,"href":"https:\/\/bierger.remich.lu\/de\/wp-json\/wp\/v2\/pages\/1530\/revisions"}],"predecessor-version":[{"id":14583,"href":"https:\/\/bierger.remich.lu\/de\/wp-json\/wp\/v2\/pages\/1530\/revisions\/14583"}],"up":[{"embeddable":true,"href":"https:\/\/bierger.remich.lu\/de\/wp-json\/wp\/v2\/pages\/50"}],"wp:featuredmedia":[{"embeddable":true,"href":"https:\/\/bierger.remich.lu\/de\/wp-json\/wp\/v2\/media\/2039"}],"wp:attachment":[{"href":"https:\/\/bierger.remich.lu\/de\/wp-json\/wp\/v2\/media?parent=1530"}],"curies":[{"name":"wp","href":"https:\/\/api.w.org\/{rel}","templated":true}]}}