{"id":1538,"date":"2017-07-26T13:52:57","date_gmt":"2017-07-26T12:52:57","guid":{"rendered":"http:\/\/reimech.lu\/?page_id=1538"},"modified":"2026-01-22T16:37:25","modified_gmt":"2026-01-22T15:37:25","slug":"energieberatung-myenergy","status":"publish","type":"page","link":"https:\/\/bierger.remich.lu\/de\/ville-de-remich\/umwelt\/energieberatung-myenergy\/","title":{"rendered":"Energieberatung | Klima Agence"},"content":{"rendered":"<img loading=\"lazy\" decoding=\"async\" class=\"alignnone size-medium wp-image-12460\" src=\"https:\/\/bierger.remich.lu\/wp-content\/uploads\/sites\/3\/2023\/06\/KLIMAAGENCE_LOGO_RGB-300x195.png\" alt=\"\" width=\"300\" height=\"195\" srcset=\"https:\/\/bierger.remich.lu\/wp-content\/uploads\/sites\/3\/2023\/06\/KLIMAAGENCE_LOGO_RGB-300x195.png 300w, https:\/\/bierger.remich.lu\/wp-content\/uploads\/sites\/3\/2023\/06\/KLIMAAGENCE_LOGO_RGB-1024x667.png 1024w, https:\/\/bierger.remich.lu\/wp-content\/uploads\/sites\/3\/2023\/06\/KLIMAAGENCE_LOGO_RGB.png 1768w\" sizes=\"auto, (max-width: 300px) 100vw, 300px\" \/><\/p>\n<div><b><span lang=\"DE\">Gut informiert \u00fcber die Energiewende und Klimaschutz<\/span><\/b><\/div>\n<div>\n<p style=\"font-weight: 400\">Die energetische Grundberatung ist neutral und kostenlos. Sie erm\u00f6glicht Ihnen, die notwendigen Schritte anzugehen, um Ihr Projekt f\u00fcr nachhaltiges Wohnen oder Mobilit\u00e4t zu verwirklichen, Ihren alten Heizkessel durch eine umweltfreundlichere L\u00f6sung zu ersetzen oder sauberen Strom mit Hilfe der Sonne zu erzeugen.<\/p>\n<p style=\"font-weight: 400\">Es handelt sich um eine Partnerschaft zwischen Ihrer Gemeinde und Klima-Agence, Ihrem Partner f\u00fcr Energie und Klima.<\/p>\n<p style=\"font-weight: 400\">Ziel der Beratung ist es, Sie zu folgenden Themen zu informieren, zu beraten und zu sensibilisieren:<\/p>\n<ul>\n<li>Energiesparen im Alltag;<\/li>\n<li>nachhaltige und energetische Renovierung;<\/li>\n<li>nachhaltiges Bauen;<\/li>\n<li>Heizl\u00f6sungen f\u00fcr Ihr Zuhause;<\/li>\n<li>erneuerbare Energien;<\/li>\n<li>Stromerzeugung und Eigenverbrauch;<\/li>\n<li>elektrische Mobilit\u00e4t;<\/li>\n<li>den Energiepass;<\/li>\n<li>die verschiedenen F\u00f6rderm\u00f6glichkeiten.<\/li>\n<\/ul>\n<img loading=\"lazy\" decoding=\"async\" class=\"alignnone size-medium wp-image-12556\" src=\"https:\/\/bierger.remich.lu\/wp-content\/uploads\/sites\/3\/2023\/07\/Rosace-pdf-300x257.jpg\" alt=\"\" width=\"300\" height=\"257\" srcset=\"https:\/\/bierger.remich.lu\/wp-content\/uploads\/sites\/3\/2023\/07\/Rosace-pdf-300x257.jpg 300w, https:\/\/bierger.remich.lu\/wp-content\/uploads\/sites\/3\/2023\/07\/Rosace-pdf-1024x878.jpg 1024w, https:\/\/bierger.remich.lu\/wp-content\/uploads\/sites\/3\/2023\/07\/Rosace-pdf.jpg 1240w\" sizes=\"auto, (max-width: 300px) 100vw, 300px\" \/>\n<p style=\"font-weight: 400\"><strong>Ihr personalisierter Energiecheck nach Terminvereinbarung<\/strong><\/p>\n<p style=\"font-weight: 400\">Die pers\u00f6nliche Energiegrundberatung wird entweder bei Ihnen zu Hause (ausschlie\u00dflich bei Renovierungsprojekten) oder per Videokonferenz oder Telefon durchgef\u00fchrt. Sie kann auf Luxemburgisch, Deutsch, Franz\u00f6sisch oder Englisch abgehalten werden. Die gesamten Kosten werden von Klima-Agence und Ihrer Gemeinde \u00fcbernommen.<\/p>\n<p style=\"font-weight: 400\"><a href=\"https:\/\/www.klima-agence.lu\/de\/termin\"><strong>Vereinbaren Sie noch heute einen Termin!<\/strong><\/a><\/p>\n<img loading=\"lazy\" decoding=\"async\" class=\"alignnone size-medium wp-image-12561\" src=\"https:\/\/bierger.remich.lu\/wp-content\/uploads\/sites\/3\/2023\/07\/Hotline-Klima-Agence-300x153.jpg\" alt=\"\" width=\"300\" height=\"153\" srcset=\"https:\/\/bierger.remich.lu\/wp-content\/uploads\/sites\/3\/2023\/07\/Hotline-Klima-Agence-300x153.jpg 300w, https:\/\/bierger.remich.lu\/wp-content\/uploads\/sites\/3\/2023\/07\/Hotline-Klima-Agence.jpg 798w\" sizes=\"auto, (max-width: 300px) 100vw, 300px\" \/>\n<h3>Weitere Artikel:<\/h3>\n<ul>\n<li>\n<p style=\"font-weight: 400\"><a href=\"https:\/\/bierger.remich.lu\/2023\/07\/24\/wie-waere-es-wenn-sie-energie-erzeugen-koennten-mit-der-sonne-und-auf-ihrem-balkon\/\">Wie w\u00e4re es, wenn Sie Energie erzeugen k\u00f6nnten &#8230; mit der Sonne und auf Ihrem Balkon?<\/a><\/p>\n<\/li>\n<\/ul>\n<\/div>","protected":false},"excerpt":{"rendered":"<p>Gut informiert \u00fcber die Energiewende und Klimaschutz Die energetische Grundberatung ist neutral und kostenlos. Sie erm\u00f6glicht Ihnen, die notwendigen Schritte anzugehen, um Ihr Projekt f\u00fcr nachhaltiges Wohnen oder Mobilit\u00e4t zu verwirklichen, Ihren alten Heizkessel durch eine umweltfreundlichere L\u00f6sung zu ersetzen oder sauberen Strom mit Hilfe der Sonne zu erzeugen. Es handelt sich um eine Partnerschaft&#8230;  <a class=\"excerpt-read-more\" href=\"https:\/\/bierger.remich.lu\/de\/ville-de-remich\/umwelt\/energieberatung-myenergy\/\" title=\"ReadEnergieberatung | Klima Agence\">Mehr lesen \u00bb<\/a><\/p>\n","protected":false},"author":4,"featured_media":2044,"parent":50,"menu_order":3,"comment_status":"closed","ping_status":"closed","template":"","meta":{"_acf_changed":false,"xn-wppe-expiration":[],"xn-wppe-expiration-action":[],"xn-wppe-expiration-prefix":[],"footnotes":"","_links_to":"","_links_to_target":""},"class_list":["post-1538","page","type-page","status-publish","has-post-thumbnail","hentry","keyword-energie","keyword-conseil-energie"],"acf":[],"yoast_head":"<!-- This site is optimized with the Yoast SEO plugin v26.7 - https:\/\/yoast.com\/wordpress\/plugins\/seo\/ -->\n<title>Energieberatung | Klima Agence - Ville de Remich<\/title>\n<meta name=\"robots\" content=\"index, follow, max-snippet:-1, max-image-preview:large, max-video-preview:-1\" \/>\n<link rel=\"canonical\" href=\"https:\/\/bierger.remich.lu\/ville-de-remich\/umwelt\/energieberatung-myenergy\/\" \/>\n<meta property=\"og:locale\" content=\"de_DE\" \/>\n<meta property=\"og:type\" content=\"article\" \/>\n<meta property=\"og:title\" content=\"Energieberatung | Klima Agence - Ville de Remich\" \/>\n<meta property=\"og:description\" content=\"Gut informiert \u00fcber die Energiewende und Klimaschutz Die energetische Grundberatung ist neutral und kostenlos. Sie erm\u00f6glicht Ihnen, die notwendigen Schritte anzugehen, um Ihr Projekt f\u00fcr nachhaltiges Wohnen oder Mobilit\u00e4t zu verwirklichen, Ihren alten Heizkessel durch eine umweltfreundlichere L\u00f6sung zu ersetzen oder sauberen Strom mit Hilfe der Sonne zu erzeugen. Es handelt sich um eine Partnerschaft... Mehr lesen \u00bb\" \/>\n<meta property=\"og:url\" content=\"https:\/\/bierger.remich.lu\/ville-de-remich\/umwelt\/energieberatung-myenergy\/\" \/>\n<meta property=\"og:site_name\" content=\"Ville de Remich\" \/>\n<meta property=\"article:modified_time\" content=\"2026-01-22T15:37:25+00:00\" \/>\n<meta property=\"og:image\" content=\"https:\/\/bierger.remich.lu\/wp-content\/uploads\/sites\/3\/2017\/07\/diz-play-31367-1024x683.jpg\" \/>\n\t<meta property=\"og:image:width\" content=\"1024\" \/>\n\t<meta property=\"og:image:height\" content=\"683\" \/>\n\t<meta property=\"og:image:type\" content=\"image\/jpeg\" \/>\n<meta name=\"twitter:card\" content=\"summary_large_image\" \/>\n<meta name=\"twitter:label1\" content=\"Gesch\u00e4tzte Lesezeit\" \/>\n\t<meta name=\"twitter:data1\" content=\"2\u00a0Minuten\" \/>\n<script type=\"application\/ld+json\" class=\"yoast-schema-graph\">{\"@context\":\"https:\/\/schema.org\",\"@graph\":[{\"@type\":\"WebPage\",\"@id\":\"https:\/\/bierger.remich.lu\/ville-de-remich\/umwelt\/energieberatung-myenergy\/\",\"url\":\"https:\/\/bierger.remich.lu\/ville-de-remich\/umwelt\/energieberatung-myenergy\/\",\"name\":\"Energieberatung | Klima Agence - Ville de Remich\",\"isPartOf\":{\"@id\":\"https:\/\/bierger.remich.lu\/de\/#website\"},\"primaryImageOfPage\":{\"@id\":\"https:\/\/bierger.remich.lu\/ville-de-remich\/umwelt\/energieberatung-myenergy\/#primaryimage\"},\"image\":{\"@id\":\"https:\/\/bierger.remich.lu\/ville-de-remich\/umwelt\/energieberatung-myenergy\/#primaryimage\"},\"thumbnailUrl\":\"https:\/\/bierger.remich.lu\/wp-content\/uploads\/sites\/3\/2017\/07\/diz-play-31367.jpg\",\"datePublished\":\"2017-07-26T12:52:57+00:00\",\"dateModified\":\"2026-01-22T15:37:25+00:00\",\"breadcrumb\":{\"@id\":\"https:\/\/bierger.remich.lu\/ville-de-remich\/umwelt\/energieberatung-myenergy\/#breadcrumb\"},\"inLanguage\":\"de\",\"potentialAction\":[{\"@type\":\"ReadAction\",\"target\":[\"https:\/\/bierger.remich.lu\/ville-de-remich\/umwelt\/energieberatung-myenergy\/\"]}]},{\"@type\":\"ImageObject\",\"inLanguage\":\"de\",\"@id\":\"https:\/\/bierger.remich.lu\/ville-de-remich\/umwelt\/energieberatung-myenergy\/#primaryimage\",\"url\":\"https:\/\/bierger.remich.lu\/wp-content\/uploads\/sites\/3\/2017\/07\/diz-play-31367.jpg\",\"contentUrl\":\"https:\/\/bierger.remich.lu\/wp-content\/uploads\/sites\/3\/2017\/07\/diz-play-31367.jpg\",\"width\":4898,\"height\":3265},{\"@type\":\"BreadcrumbList\",\"@id\":\"https:\/\/bierger.remich.lu\/ville-de-remich\/umwelt\/energieberatung-myenergy\/#breadcrumb\",\"itemListElement\":[{\"@type\":\"ListItem\",\"position\":1,\"name\":\"Startseite\",\"item\":\"https:\/\/bierger.remich.lu\/de\/\"},{\"@type\":\"ListItem\",\"position\":2,\"name\":\"Stadt Remich\",\"item\":\"https:\/\/bierger.remich.lu\/de\/ville-de-remich\/\"},{\"@type\":\"ListItem\",\"position\":3,\"name\":\"Umwelt\",\"item\":\"https:\/\/bierger.remich.lu\/de\/ville-de-remich\/umwelt\/\"},{\"@type\":\"ListItem\",\"position\":4,\"name\":\"[:lb]Energie-Berodung | Klima Agence[:fr]Conseils en \u00e9nergie | Klima Agence[:de]Energieberatung | Klima Agence[:en]Energy advisory service | Klima Agence[:]\"}]},{\"@type\":\"WebSite\",\"@id\":\"https:\/\/bierger.remich.lu\/de\/#website\",\"url\":\"https:\/\/bierger.remich.lu\/de\/\",\"name\":\"Ville de Remich\",\"description\":\"\",\"potentialAction\":[{\"@type\":\"SearchAction\",\"target\":{\"@type\":\"EntryPoint\",\"urlTemplate\":\"https:\/\/bierger.remich.lu\/de\/?s={search_term_string}\"},\"query-input\":{\"@type\":\"PropertyValueSpecification\",\"valueRequired\":true,\"valueName\":\"search_term_string\"}}],\"inLanguage\":\"de\"}]}<\/script>\n<!-- \/ Yoast SEO plugin. -->","yoast_head_json":{"title":"Energieberatung | Klima Agence - Ville de Remich","robots":{"index":"index","follow":"follow","max-snippet":"max-snippet:-1","max-image-preview":"max-image-preview:large","max-video-preview":"max-video-preview:-1"},"canonical":"https:\/\/bierger.remich.lu\/ville-de-remich\/umwelt\/energieberatung-myenergy\/","og_locale":"de_DE","og_type":"article","og_title":"Energieberatung | Klima Agence - Ville de Remich","og_description":"Gut informiert \u00fcber die Energiewende und Klimaschutz Die energetische Grundberatung ist neutral und kostenlos. Sie erm\u00f6glicht Ihnen, die notwendigen Schritte anzugehen, um Ihr Projekt f\u00fcr nachhaltiges Wohnen oder Mobilit\u00e4t zu verwirklichen, Ihren alten Heizkessel durch eine umweltfreundlichere L\u00f6sung zu ersetzen oder sauberen Strom mit Hilfe der Sonne zu erzeugen. Es handelt sich um eine Partnerschaft... Mehr lesen \u00bb","og_url":"https:\/\/bierger.remich.lu\/ville-de-remich\/umwelt\/energieberatung-myenergy\/","og_site_name":"Ville de Remich","article_modified_time":"2026-01-22T15:37:25+00:00","og_image":[{"width":1024,"height":683,"url":"https:\/\/bierger.remich.lu\/wp-content\/uploads\/sites\/3\/2017\/07\/diz-play-31367-1024x683.jpg","type":"image\/jpeg"}],"twitter_card":"summary_large_image","twitter_misc":{"Gesch\u00e4tzte Lesezeit":"2\u00a0Minuten"},"schema":{"@context":"https:\/\/schema.org","@graph":[{"@type":"WebPage","@id":"https:\/\/bierger.remich.lu\/ville-de-remich\/umwelt\/energieberatung-myenergy\/","url":"https:\/\/bierger.remich.lu\/ville-de-remich\/umwelt\/energieberatung-myenergy\/","name":"Energieberatung | Klima Agence - Ville de Remich","isPartOf":{"@id":"https:\/\/bierger.remich.lu\/de\/#website"},"primaryImageOfPage":{"@id":"https:\/\/bierger.remich.lu\/ville-de-remich\/umwelt\/energieberatung-myenergy\/#primaryimage"},"image":{"@id":"https:\/\/bierger.remich.lu\/ville-de-remich\/umwelt\/energieberatung-myenergy\/#primaryimage"},"thumbnailUrl":"https:\/\/bierger.remich.lu\/wp-content\/uploads\/sites\/3\/2017\/07\/diz-play-31367.jpg","datePublished":"2017-07-26T12:52:57+00:00","dateModified":"2026-01-22T15:37:25+00:00","breadcrumb":{"@id":"https:\/\/bierger.remich.lu\/ville-de-remich\/umwelt\/energieberatung-myenergy\/#breadcrumb"},"inLanguage":"de","potentialAction":[{"@type":"ReadAction","target":["https:\/\/bierger.remich.lu\/ville-de-remich\/umwelt\/energieberatung-myenergy\/"]}]},{"@type":"ImageObject","inLanguage":"de","@id":"https:\/\/bierger.remich.lu\/ville-de-remich\/umwelt\/energieberatung-myenergy\/#primaryimage","url":"https:\/\/bierger.remich.lu\/wp-content\/uploads\/sites\/3\/2017\/07\/diz-play-31367.jpg","contentUrl":"https:\/\/bierger.remich.lu\/wp-content\/uploads\/sites\/3\/2017\/07\/diz-play-31367.jpg","width":4898,"height":3265},{"@type":"BreadcrumbList","@id":"https:\/\/bierger.remich.lu\/ville-de-remich\/umwelt\/energieberatung-myenergy\/#breadcrumb","itemListElement":[{"@type":"ListItem","position":1,"name":"Startseite","item":"https:\/\/bierger.remich.lu\/de\/"},{"@type":"ListItem","position":2,"name":"Stadt Remich","item":"https:\/\/bierger.remich.lu\/de\/ville-de-remich\/"},{"@type":"ListItem","position":3,"name":"Umwelt","item":"https:\/\/bierger.remich.lu\/de\/ville-de-remich\/umwelt\/"},{"@type":"ListItem","position":4,"name":"[:lb]Energie-Berodung | Klima Agence[:fr]Conseils en \u00e9nergie | Klima Agence[:de]Energieberatung | Klima Agence[:en]Energy advisory service | Klima Agence[:]"}]},{"@type":"WebSite","@id":"https:\/\/bierger.remich.lu\/de\/#website","url":"https:\/\/bierger.remich.lu\/de\/","name":"Ville de Remich","description":"","potentialAction":[{"@type":"SearchAction","target":{"@type":"EntryPoint","urlTemplate":"https:\/\/bierger.remich.lu\/de\/?s={search_term_string}"},"query-input":{"@type":"PropertyValueSpecification","valueRequired":true,"valueName":"search_term_string"}}],"inLanguage":"de"}]}},"_links":{"self":[{"href":"https:\/\/bierger.remich.lu\/de\/wp-json\/wp\/v2\/pages\/1538","targetHints":{"allow":["GET"]}}],"collection":[{"href":"https:\/\/bierger.remich.lu\/de\/wp-json\/wp\/v2\/pages"}],"about":[{"href":"https:\/\/bierger.remich.lu\/de\/wp-json\/wp\/v2\/types\/page"}],"author":[{"embeddable":true,"href":"https:\/\/bierger.remich.lu\/de\/wp-json\/wp\/v2\/users\/4"}],"replies":[{"embeddable":true,"href":"https:\/\/bierger.remich.lu\/de\/wp-json\/wp\/v2\/comments?post=1538"}],"version-history":[{"count":21,"href":"https:\/\/bierger.remich.lu\/de\/wp-json\/wp\/v2\/pages\/1538\/revisions"}],"predecessor-version":[{"id":12679,"href":"https:\/\/bierger.remich.lu\/de\/wp-json\/wp\/v2\/pages\/1538\/revisions\/12679"}],"up":[{"embeddable":true,"href":"https:\/\/bierger.remich.lu\/de\/wp-json\/wp\/v2\/pages\/50"}],"wp:featuredmedia":[{"embeddable":true,"href":"https:\/\/bierger.remich.lu\/de\/wp-json\/wp\/v2\/media\/2044"}],"wp:attachment":[{"href":"https:\/\/bierger.remich.lu\/de\/wp-json\/wp\/v2\/media?parent=1538"}],"curies":[{"name":"wp","href":"https:\/\/api.w.org\/{rel}","templated":true}]}}