{"id":154,"date":"2016-08-30T14:02:54","date_gmt":"2016-08-30T14:02:54","guid":{"rendered":"http:\/\/reimech.lu\/?page_id=154"},"modified":"2025-08-01T10:05:16","modified_gmt":"2025-08-01T08:05:16","slug":"francais-cours","status":"publish","type":"page","link":"https:\/\/bierger.remich.lu\/de\/services-au-citoyen\/francais-sports-et-loisirs\/francais-cours\/","title":{"rendered":"Sportkurse &#8211; Indoor"},"content":{"rendered":"<h2>Bewegung im Alltag ist wichtig f\u00fcr die Gesundheit!<\/h2>\n<h3>Nehmen Sie an einem unserer Kurse teil, es ist f\u00fcr jeden etwas dabei!<\/h3>\n<p>Die Anmeldung erfolgt vor Ort mittels eines Anmeldeformulars. Die Rechnung wird Ihnen zu gegebener Zeit von der Stadt Remich zugestellt.<\/p>\n<p>W\u00e4hrend der Schulferien finden keine Kurse statt.<\/p>\n<ol>\n<li><strong>Seniorenturnen<\/strong><br \/>\nOrg. Stadt Remich in Zusammenarbeit mit dem Turnverein<br \/>\nMittwochs von 16h00 bis 17h00 \u2013 Sporthalle der Schule \u00ab rue Enz \u00bb<br \/>\nBeginn: 17.09.2025<br \/>\nPreis: 60 \u20ac<\/li>\n<li><strong>Zumba Gold<\/strong><br \/>\nOrg. Stadt Remich \/ Kursleitung: Adeline Trouillot \u2013 Zumba Zin Instruktor f\u00fcr ac-ademic<br \/>\nMontags von 16h00 bis 17h00 \u2013 Sporthalle der Schule \u00abrue Enz \u00bb<br \/>\nBeginn:\u00a0 22.09.2025<br \/>\nPreis: 60 \u20ac<br \/>\nDurch das reduzierte Tempo und einfachere Bewegungen eignet sich Zumba Gold besonders f\u00fcr \u00e4ltere Menschen um etwas f\u00fcr Ihre Fitness und Gesundheit zu tun.<\/li>\n<li><strong>Bodyshape<\/strong><br \/>\nOrg. Stadt Remich \/ Kursleiterin: C\u00e9line Malapelle<br \/>\nMontags von 20:00 bis 21:00 Uhr &#8211; Sporthalle der Schule \u201erue Enz\u201c.<br \/>\nBeginn: 22.09.2025<br \/>\nPreis: 60 \u20ac.<br \/>\nDiese Kurse richten sich an alle, die sich um ihr k\u00f6rperliches Wohlbefinden sorgen, egal ob Anf\u00e4nger oder Fortgeschrittene. Sie sind nicht nur gut f\u00fcr Herz und Figur, sondern bauen auch Stress ab &#8211; ein komplettes \u201eBody Shape\u201c-Programm.<\/li>\n<li><strong><strong><strong>Yoga (<span style=\"color: #339966\">NEU<\/span>)<br \/>\n<\/strong><\/strong><\/strong>Org.: Stadt Remich<br \/>\nMittwochs: 08:05-09:00 &#8211; Sporthalle der Schule \u201eRue Enz\u201c<br \/>\nBeginn: Ab dem 17.09.2025<br \/>\nPreis: 60 \u20ac.<br \/>\nKursleitung: Liz Knoch<br \/>\nSprache: LB &amp; EN<br \/>\nDer Kurs eignet sich f\u00fcr alle, egal ob Einsteiger oder Fortgeschrittene. Aus\u00fcben verschiedener Asanas, ein Wechsel zwischen Kraft und Entspannung! Bitte bringen Sie Ihre eigene Yogamatte mit, gerne auch einen Yoga-Block falls vorhanden.<\/li>\n<li><strong>Sportaktivit\u00e4ten 50+<\/strong><br \/>\nMehr Informationen: Club W\u00eblle W\u00e4in |\u00a0 T. 28 13 74 | M. 621 74 13 55 | E. clubwellewain@inter-actions.lu | W. clubwellewain.lu<\/li>\n<\/ol>","protected":false},"excerpt":{"rendered":"<p>Bewegung im Alltag ist wichtig f\u00fcr die Gesundheit! Nehmen Sie an einem unserer Kurse teil, es ist f\u00fcr jeden etwas dabei! Die Anmeldung erfolgt vor Ort mittels eines Anmeldeformulars. Die Rechnung wird Ihnen zu gegebener Zeit von der Stadt Remich zugestellt. W\u00e4hrend der Schulferien finden keine Kurse statt. Seniorenturnen Org. Stadt Remich in Zusammenarbeit mit&#8230;  <a class=\"excerpt-read-more\" href=\"https:\/\/bierger.remich.lu\/de\/services-au-citoyen\/francais-sports-et-loisirs\/francais-cours\/\" title=\"ReadSportkurse &#8211; Indoor\">Mehr lesen \u00bb<\/a><\/p>\n","protected":false},"author":1,"featured_media":6769,"parent":72,"menu_order":98,"comment_status":"closed","ping_status":"closed","template":"","meta":{"_acf_changed":false,"xn-wppe-expiration":[],"xn-wppe-expiration-action":[],"xn-wppe-expiration-prefix":[],"footnotes":"","_links_to":"","_links_to_target":""},"class_list":["post-154","page","type-page","status-publish","has-post-thumbnail","hentry","keyword-verein"],"acf":[],"yoast_head":"<!-- This site is optimized with the Yoast SEO plugin v26.7 - https:\/\/yoast.com\/wordpress\/plugins\/seo\/ -->\n<title>Sportkurse - Indoor - Ville de Remich<\/title>\n<meta name=\"robots\" content=\"index, follow, max-snippet:-1, max-image-preview:large, max-video-preview:-1\" \/>\n<link rel=\"canonical\" href=\"https:\/\/bierger.remich.lu\/fr\/services-au-citoyen\/francais-sports-et-loisirs\/francais-cours\/\" \/>\n<meta property=\"og:locale\" content=\"de_DE\" \/>\n<meta property=\"og:type\" content=\"article\" \/>\n<meta property=\"og:title\" content=\"Sportkurse - Indoor - Ville de Remich\" \/>\n<meta property=\"og:description\" content=\"Bewegung im Alltag ist wichtig f\u00fcr die Gesundheit! Nehmen Sie an einem unserer Kurse teil, es ist f\u00fcr jeden etwas dabei! Die Anmeldung erfolgt vor Ort mittels eines Anmeldeformulars. Die Rechnung wird Ihnen zu gegebener Zeit von der Stadt Remich zugestellt. W\u00e4hrend der Schulferien finden keine Kurse statt. Seniorenturnen Org. Stadt Remich in Zusammenarbeit mit... Mehr lesen \u00bb\" \/>\n<meta property=\"og:url\" content=\"https:\/\/bierger.remich.lu\/fr\/services-au-citoyen\/francais-sports-et-loisirs\/francais-cours\/\" \/>\n<meta property=\"og:site_name\" content=\"Ville de Remich\" \/>\n<meta property=\"article:modified_time\" content=\"2025-08-01T08:05:16+00:00\" \/>\n<meta property=\"og:image\" content=\"https:\/\/bierger.remich.lu\/wp-content\/uploads\/sites\/3\/2020\/08\/jonathan-borba-lrQPTQs7nQQ-unsplash1.jpg\" \/>\n\t<meta property=\"og:image:width\" content=\"4680\" \/>\n\t<meta property=\"og:image:height\" content=\"3120\" \/>\n\t<meta property=\"og:image:type\" content=\"image\/jpeg\" \/>\n<meta name=\"twitter:card\" content=\"summary_large_image\" \/>\n<meta name=\"twitter:label1\" content=\"Gesch\u00e4tzte Lesezeit\" \/>\n\t<meta name=\"twitter:data1\" content=\"5\u00a0Minuten\" \/>\n<script type=\"application\/ld+json\" class=\"yoast-schema-graph\">{\"@context\":\"https:\/\/schema.org\",\"@graph\":[{\"@type\":\"WebPage\",\"@id\":\"https:\/\/bierger.remich.lu\/fr\/services-au-citoyen\/francais-sports-et-loisirs\/francais-cours\/\",\"url\":\"https:\/\/bierger.remich.lu\/fr\/services-au-citoyen\/francais-sports-et-loisirs\/francais-cours\/\",\"name\":\"Sportkurse - Indoor - Ville de Remich\",\"isPartOf\":{\"@id\":\"https:\/\/bierger.remich.lu\/de\/#website\"},\"primaryImageOfPage\":{\"@id\":\"https:\/\/bierger.remich.lu\/fr\/services-au-citoyen\/francais-sports-et-loisirs\/francais-cours\/#primaryimage\"},\"image\":{\"@id\":\"https:\/\/bierger.remich.lu\/fr\/services-au-citoyen\/francais-sports-et-loisirs\/francais-cours\/#primaryimage\"},\"thumbnailUrl\":\"https:\/\/bierger.remich.lu\/wp-content\/uploads\/sites\/3\/2020\/08\/jonathan-borba-lrQPTQs7nQQ-unsplash1.jpg\",\"datePublished\":\"2016-08-30T14:02:54+00:00\",\"dateModified\":\"2025-08-01T08:05:16+00:00\",\"breadcrumb\":{\"@id\":\"https:\/\/bierger.remich.lu\/fr\/services-au-citoyen\/francais-sports-et-loisirs\/francais-cours\/#breadcrumb\"},\"inLanguage\":\"de\",\"potentialAction\":[{\"@type\":\"ReadAction\",\"target\":[\"https:\/\/bierger.remich.lu\/fr\/services-au-citoyen\/francais-sports-et-loisirs\/francais-cours\/\"]}]},{\"@type\":\"ImageObject\",\"inLanguage\":\"de\",\"@id\":\"https:\/\/bierger.remich.lu\/fr\/services-au-citoyen\/francais-sports-et-loisirs\/francais-cours\/#primaryimage\",\"url\":\"https:\/\/bierger.remich.lu\/wp-content\/uploads\/sites\/3\/2020\/08\/jonathan-borba-lrQPTQs7nQQ-unsplash1.jpg\",\"contentUrl\":\"https:\/\/bierger.remich.lu\/wp-content\/uploads\/sites\/3\/2020\/08\/jonathan-borba-lrQPTQs7nQQ-unsplash1.jpg\",\"width\":4680,\"height\":3120},{\"@type\":\"BreadcrumbList\",\"@id\":\"https:\/\/bierger.remich.lu\/fr\/services-au-citoyen\/francais-sports-et-loisirs\/francais-cours\/#breadcrumb\",\"itemListElement\":[{\"@type\":\"ListItem\",\"position\":1,\"name\":\"Startseite\",\"item\":\"https:\/\/bierger.remich.lu\/de\/\"},{\"@type\":\"ListItem\",\"position\":2,\"name\":\"B\u00fcrgerdienste\",\"item\":\"https:\/\/bierger.remich.lu\/de\/services-au-citoyen\/\"},{\"@type\":\"ListItem\",\"position\":3,\"name\":\"Sport und Freizeit\",\"item\":\"https:\/\/bierger.remich.lu\/de\/services-au-citoyen\/francais-sports-et-loisirs\/\"},{\"@type\":\"ListItem\",\"position\":4,\"name\":\"Cours de sport &#8211; Indoor\"}]},{\"@type\":\"WebSite\",\"@id\":\"https:\/\/bierger.remich.lu\/de\/#website\",\"url\":\"https:\/\/bierger.remich.lu\/de\/\",\"name\":\"Ville de Remich\",\"description\":\"\",\"potentialAction\":[{\"@type\":\"SearchAction\",\"target\":{\"@type\":\"EntryPoint\",\"urlTemplate\":\"https:\/\/bierger.remich.lu\/de\/?s={search_term_string}\"},\"query-input\":{\"@type\":\"PropertyValueSpecification\",\"valueRequired\":true,\"valueName\":\"search_term_string\"}}],\"inLanguage\":\"de\"}]}<\/script>\n<!-- \/ Yoast SEO plugin. -->","yoast_head_json":{"title":"Sportkurse - Indoor - Ville de Remich","robots":{"index":"index","follow":"follow","max-snippet":"max-snippet:-1","max-image-preview":"max-image-preview:large","max-video-preview":"max-video-preview:-1"},"canonical":"https:\/\/bierger.remich.lu\/fr\/services-au-citoyen\/francais-sports-et-loisirs\/francais-cours\/","og_locale":"de_DE","og_type":"article","og_title":"Sportkurse - Indoor - Ville de Remich","og_description":"Bewegung im Alltag ist wichtig f\u00fcr die Gesundheit! Nehmen Sie an einem unserer Kurse teil, es ist f\u00fcr jeden etwas dabei! Die Anmeldung erfolgt vor Ort mittels eines Anmeldeformulars. Die Rechnung wird Ihnen zu gegebener Zeit von der Stadt Remich zugestellt. W\u00e4hrend der Schulferien finden keine Kurse statt. Seniorenturnen Org. Stadt Remich in Zusammenarbeit mit... Mehr lesen \u00bb","og_url":"https:\/\/bierger.remich.lu\/fr\/services-au-citoyen\/francais-sports-et-loisirs\/francais-cours\/","og_site_name":"Ville de Remich","article_modified_time":"2025-08-01T08:05:16+00:00","og_image":[{"width":4680,"height":3120,"url":"https:\/\/bierger.remich.lu\/wp-content\/uploads\/sites\/3\/2020\/08\/jonathan-borba-lrQPTQs7nQQ-unsplash1.jpg","type":"image\/jpeg"}],"twitter_card":"summary_large_image","twitter_misc":{"Gesch\u00e4tzte Lesezeit":"5\u00a0Minuten"},"schema":{"@context":"https:\/\/schema.org","@graph":[{"@type":"WebPage","@id":"https:\/\/bierger.remich.lu\/fr\/services-au-citoyen\/francais-sports-et-loisirs\/francais-cours\/","url":"https:\/\/bierger.remich.lu\/fr\/services-au-citoyen\/francais-sports-et-loisirs\/francais-cours\/","name":"Sportkurse - Indoor - Ville de Remich","isPartOf":{"@id":"https:\/\/bierger.remich.lu\/de\/#website"},"primaryImageOfPage":{"@id":"https:\/\/bierger.remich.lu\/fr\/services-au-citoyen\/francais-sports-et-loisirs\/francais-cours\/#primaryimage"},"image":{"@id":"https:\/\/bierger.remich.lu\/fr\/services-au-citoyen\/francais-sports-et-loisirs\/francais-cours\/#primaryimage"},"thumbnailUrl":"https:\/\/bierger.remich.lu\/wp-content\/uploads\/sites\/3\/2020\/08\/jonathan-borba-lrQPTQs7nQQ-unsplash1.jpg","datePublished":"2016-08-30T14:02:54+00:00","dateModified":"2025-08-01T08:05:16+00:00","breadcrumb":{"@id":"https:\/\/bierger.remich.lu\/fr\/services-au-citoyen\/francais-sports-et-loisirs\/francais-cours\/#breadcrumb"},"inLanguage":"de","potentialAction":[{"@type":"ReadAction","target":["https:\/\/bierger.remich.lu\/fr\/services-au-citoyen\/francais-sports-et-loisirs\/francais-cours\/"]}]},{"@type":"ImageObject","inLanguage":"de","@id":"https:\/\/bierger.remich.lu\/fr\/services-au-citoyen\/francais-sports-et-loisirs\/francais-cours\/#primaryimage","url":"https:\/\/bierger.remich.lu\/wp-content\/uploads\/sites\/3\/2020\/08\/jonathan-borba-lrQPTQs7nQQ-unsplash1.jpg","contentUrl":"https:\/\/bierger.remich.lu\/wp-content\/uploads\/sites\/3\/2020\/08\/jonathan-borba-lrQPTQs7nQQ-unsplash1.jpg","width":4680,"height":3120},{"@type":"BreadcrumbList","@id":"https:\/\/bierger.remich.lu\/fr\/services-au-citoyen\/francais-sports-et-loisirs\/francais-cours\/#breadcrumb","itemListElement":[{"@type":"ListItem","position":1,"name":"Startseite","item":"https:\/\/bierger.remich.lu\/de\/"},{"@type":"ListItem","position":2,"name":"B\u00fcrgerdienste","item":"https:\/\/bierger.remich.lu\/de\/services-au-citoyen\/"},{"@type":"ListItem","position":3,"name":"Sport und Freizeit","item":"https:\/\/bierger.remich.lu\/de\/services-au-citoyen\/francais-sports-et-loisirs\/"},{"@type":"ListItem","position":4,"name":"Cours de sport &#8211; Indoor"}]},{"@type":"WebSite","@id":"https:\/\/bierger.remich.lu\/de\/#website","url":"https:\/\/bierger.remich.lu\/de\/","name":"Ville de Remich","description":"","potentialAction":[{"@type":"SearchAction","target":{"@type":"EntryPoint","urlTemplate":"https:\/\/bierger.remich.lu\/de\/?s={search_term_string}"},"query-input":{"@type":"PropertyValueSpecification","valueRequired":true,"valueName":"search_term_string"}}],"inLanguage":"de"}]}},"_links":{"self":[{"href":"https:\/\/bierger.remich.lu\/de\/wp-json\/wp\/v2\/pages\/154","targetHints":{"allow":["GET"]}}],"collection":[{"href":"https:\/\/bierger.remich.lu\/de\/wp-json\/wp\/v2\/pages"}],"about":[{"href":"https:\/\/bierger.remich.lu\/de\/wp-json\/wp\/v2\/types\/page"}],"author":[{"embeddable":true,"href":"https:\/\/bierger.remich.lu\/de\/wp-json\/wp\/v2\/users\/1"}],"replies":[{"embeddable":true,"href":"https:\/\/bierger.remich.lu\/de\/wp-json\/wp\/v2\/comments?post=154"}],"version-history":[{"count":47,"href":"https:\/\/bierger.remich.lu\/de\/wp-json\/wp\/v2\/pages\/154\/revisions"}],"predecessor-version":[{"id":17986,"href":"https:\/\/bierger.remich.lu\/de\/wp-json\/wp\/v2\/pages\/154\/revisions\/17986"}],"up":[{"embeddable":true,"href":"https:\/\/bierger.remich.lu\/de\/wp-json\/wp\/v2\/pages\/72"}],"wp:featuredmedia":[{"embeddable":true,"href":"https:\/\/bierger.remich.lu\/de\/wp-json\/wp\/v2\/media\/6769"}],"wp:attachment":[{"href":"https:\/\/bierger.remich.lu\/de\/wp-json\/wp\/v2\/media?parent=154"}],"curies":[{"name":"wp","href":"https:\/\/api.w.org\/{rel}","templated":true}]}}