{"id":1577,"date":"2017-07-26T15:35:28","date_gmt":"2017-07-26T14:35:28","guid":{"rendered":"http:\/\/reimech.lu\/?page_id=1577"},"modified":"2018-01-09T12:23:02","modified_gmt":"2018-01-09T11:23:02","slug":"solarkataster","status":"publish","type":"page","link":"https:\/\/bierger.remich.lu\/de\/ville-de-remich\/umwelt\/solarkataster\/","title":{"rendered":"Solarkataster"},"content":{"rendered":"Im Rahmen ihrer Energiepolitik hat die Stadt\u00a0Remich ein Solarkataster erstellt, welches sie unter folgendem Link einsehen k\u00f6nnen: <a href=\"http:\/\/www.cadastresolaire.remich.lu\/kartendienst\/17002001\/\">www.cadastresolaire.remich.lu<\/a> .<\/p>\n<p>Sinn und Zweck des Solarkatasters ist es, Informationen \u00fcber das Energiepotenzial (Sonnenenergie, Photovoltaik, thermische Energie) zu liefern. Mithilfe des Solarkatasters wurde ein Grundkonzept\u00a0bestimmt inwiefern eine Solaranlage auf einem bestimmten Dachtypus die gew\u00fcnschten Resultate erbringt, dies u.a. unter Ber\u00fccksichtigung der Sonneneinstrahlung, der Dachneigung, der Sonnenorientierung, der Dachfl\u00e4che (ohne Luken und Schornsteine \u2026) oder aber auch der direkten benachbarten Elemente, die die Sonneneinstrahlung eventuell beeintr\u00e4chtigen durch etwaige Schattenprojektionen auf die besagten Dachfl\u00e4chen.<\/p>\n<p>Mithilfe des Solarkatasters versucht die Stadt\u00a0Remich ihre B\u00fcrger zu sensibilisieren und zu informieren \u00fcber m\u00f6gliche Solaranlagen auf Privatd\u00e4chern, die es ihnen einerseits erm\u00f6glichen die Energiekosten zu senken und andererseits einen Beitrag zur dauerhaften Entwicklung durch die Nutzung erneuerbarer Energien zu leisten.<\/p>\n<p>Weitere Informationen und Ratschl\u00e4ge diesbez\u00fcglich sowie die Energie im Allgemeinen betreffend, werden den interessierten B\u00fcrgern auf Anfrage und nach Terminabsprache unter der\u00a0gratis Hotline 8002 11 90 (im Rahmen des myenergy-infopoint\/Stadt Remich) erteilt.","protected":false},"excerpt":{"rendered":"<p>Im Rahmen ihrer Energiepolitik hat die Stadt\u00a0Remich ein Solarkataster erstellt, welches sie unter folgendem Link einsehen k\u00f6nnen: www.cadastresolaire.remich.lu . Sinn und Zweck des Solarkatasters ist es, Informationen \u00fcber das Energiepotenzial (Sonnenenergie, Photovoltaik, thermische Energie) zu liefern. Mithilfe des Solarkatasters wurde ein Grundkonzept\u00a0bestimmt inwiefern eine Solaranlage auf einem bestimmten Dachtypus die gew\u00fcnschten Resultate erbringt, dies u.a&#8230;.  <a class=\"excerpt-read-more\" href=\"https:\/\/bierger.remich.lu\/de\/ville-de-remich\/umwelt\/solarkataster\/\" title=\"ReadSolarkataster\">Mehr lesen \u00bb<\/a><\/p>\n","protected":false},"author":4,"featured_media":2038,"parent":50,"menu_order":38,"comment_status":"closed","ping_status":"closed","template":"","meta":{"_acf_changed":false,"xn-wppe-expiration":[],"xn-wppe-expiration-action":[],"xn-wppe-expiration-prefix":[],"footnotes":"","_links_to":"","_links_to_target":""},"class_list":["post-1577","page","type-page","status-publish","has-post-thumbnail","hentry","keyword-energie","keyword-solarkataster","keyword-umwelt"],"acf":[],"yoast_head":"<!-- This site is optimized with the Yoast SEO plugin v26.7 - https:\/\/yoast.com\/wordpress\/plugins\/seo\/ -->\n<title>Solarkataster - Ville de Remich<\/title>\n<meta name=\"robots\" content=\"index, follow, max-snippet:-1, max-image-preview:large, max-video-preview:-1\" \/>\n<link rel=\"canonical\" href=\"https:\/\/bierger.remich.lu\/de\/ville-de-remich\/umwelt\/solarkataster\/\" \/>\n<meta property=\"og:locale\" content=\"de_DE\" \/>\n<meta property=\"og:type\" content=\"article\" \/>\n<meta property=\"og:title\" content=\"Solarkataster - Ville de Remich\" \/>\n<meta property=\"og:description\" content=\"Im Rahmen ihrer Energiepolitik hat die Stadt\u00a0Remich ein Solarkataster erstellt, welches sie unter folgendem Link einsehen k\u00f6nnen: www.cadastresolaire.remich.lu . Sinn und Zweck des Solarkatasters ist es, Informationen \u00fcber das Energiepotenzial (Sonnenenergie, Photovoltaik, thermische Energie) zu liefern. Mithilfe des Solarkatasters wurde ein Grundkonzept\u00a0bestimmt inwiefern eine Solaranlage auf einem bestimmten Dachtypus die gew\u00fcnschten Resultate erbringt, dies u.a.... Mehr lesen \u00bb\" \/>\n<meta property=\"og:url\" content=\"https:\/\/bierger.remich.lu\/de\/ville-de-remich\/umwelt\/solarkataster\/\" \/>\n<meta property=\"og:site_name\" content=\"Ville de Remich\" \/>\n<meta property=\"article:modified_time\" content=\"2018-01-09T11:23:02+00:00\" \/>\n<meta property=\"og:image\" content=\"https:\/\/bierger.remich.lu\/wp-content\/uploads\/sites\/3\/2017\/07\/andreas-gucklhorn-285602.jpg\" \/>\n\t<meta property=\"og:image:width\" content=\"2560\" \/>\n\t<meta property=\"og:image:height\" content=\"1440\" \/>\n\t<meta property=\"og:image:type\" content=\"image\/jpeg\" \/>\n<meta name=\"twitter:card\" content=\"summary_large_image\" \/>\n<meta name=\"twitter:label1\" content=\"Gesch\u00e4tzte Lesezeit\" \/>\n\t<meta name=\"twitter:data1\" content=\"2\u00a0Minuten\" \/>\n<script type=\"application\/ld+json\" class=\"yoast-schema-graph\">{\"@context\":\"https:\/\/schema.org\",\"@graph\":[{\"@type\":\"WebPage\",\"@id\":\"https:\/\/bierger.remich.lu\/de\/ville-de-remich\/umwelt\/solarkataster\/\",\"url\":\"https:\/\/bierger.remich.lu\/de\/ville-de-remich\/umwelt\/solarkataster\/\",\"name\":\"Solarkataster - Ville de Remich\",\"isPartOf\":{\"@id\":\"https:\/\/bierger.remich.lu\/de\/#website\"},\"primaryImageOfPage\":{\"@id\":\"https:\/\/bierger.remich.lu\/de\/ville-de-remich\/umwelt\/solarkataster\/#primaryimage\"},\"image\":{\"@id\":\"https:\/\/bierger.remich.lu\/de\/ville-de-remich\/umwelt\/solarkataster\/#primaryimage\"},\"thumbnailUrl\":\"https:\/\/bierger.remich.lu\/wp-content\/uploads\/sites\/3\/2017\/07\/andreas-gucklhorn-285602.jpg\",\"datePublished\":\"2017-07-26T14:35:28+00:00\",\"dateModified\":\"2018-01-09T11:23:02+00:00\",\"breadcrumb\":{\"@id\":\"https:\/\/bierger.remich.lu\/de\/ville-de-remich\/umwelt\/solarkataster\/#breadcrumb\"},\"inLanguage\":\"de\",\"potentialAction\":[{\"@type\":\"ReadAction\",\"target\":[\"https:\/\/bierger.remich.lu\/de\/ville-de-remich\/umwelt\/solarkataster\/\"]}]},{\"@type\":\"ImageObject\",\"inLanguage\":\"de\",\"@id\":\"https:\/\/bierger.remich.lu\/de\/ville-de-remich\/umwelt\/solarkataster\/#primaryimage\",\"url\":\"https:\/\/bierger.remich.lu\/wp-content\/uploads\/sites\/3\/2017\/07\/andreas-gucklhorn-285602.jpg\",\"contentUrl\":\"https:\/\/bierger.remich.lu\/wp-content\/uploads\/sites\/3\/2017\/07\/andreas-gucklhorn-285602.jpg\",\"width\":2560,\"height\":1440},{\"@type\":\"BreadcrumbList\",\"@id\":\"https:\/\/bierger.remich.lu\/de\/ville-de-remich\/umwelt\/solarkataster\/#breadcrumb\",\"itemListElement\":[{\"@type\":\"ListItem\",\"position\":1,\"name\":\"Startseite\",\"item\":\"https:\/\/bierger.remich.lu\/de\/\"},{\"@type\":\"ListItem\",\"position\":2,\"name\":\"Stadt Remich\",\"item\":\"https:\/\/bierger.remich.lu\/de\/ville-de-remich\/\"},{\"@type\":\"ListItem\",\"position\":3,\"name\":\"Umwelt\",\"item\":\"https:\/\/bierger.remich.lu\/de\/ville-de-remich\/umwelt\/\"},{\"@type\":\"ListItem\",\"position\":4,\"name\":\"Solarkataster\"}]},{\"@type\":\"WebSite\",\"@id\":\"https:\/\/bierger.remich.lu\/de\/#website\",\"url\":\"https:\/\/bierger.remich.lu\/de\/\",\"name\":\"Ville de Remich\",\"description\":\"\",\"potentialAction\":[{\"@type\":\"SearchAction\",\"target\":{\"@type\":\"EntryPoint\",\"urlTemplate\":\"https:\/\/bierger.remich.lu\/de\/?s={search_term_string}\"},\"query-input\":{\"@type\":\"PropertyValueSpecification\",\"valueRequired\":true,\"valueName\":\"search_term_string\"}}],\"inLanguage\":\"de\"}]}<\/script>\n<!-- \/ Yoast SEO plugin. -->","yoast_head_json":{"title":"Solarkataster - Ville de Remich","robots":{"index":"index","follow":"follow","max-snippet":"max-snippet:-1","max-image-preview":"max-image-preview:large","max-video-preview":"max-video-preview:-1"},"canonical":"https:\/\/bierger.remich.lu\/de\/ville-de-remich\/umwelt\/solarkataster\/","og_locale":"de_DE","og_type":"article","og_title":"Solarkataster - Ville de Remich","og_description":"Im Rahmen ihrer Energiepolitik hat die Stadt\u00a0Remich ein Solarkataster erstellt, welches sie unter folgendem Link einsehen k\u00f6nnen: www.cadastresolaire.remich.lu . Sinn und Zweck des Solarkatasters ist es, Informationen \u00fcber das Energiepotenzial (Sonnenenergie, Photovoltaik, thermische Energie) zu liefern. Mithilfe des Solarkatasters wurde ein Grundkonzept\u00a0bestimmt inwiefern eine Solaranlage auf einem bestimmten Dachtypus die gew\u00fcnschten Resultate erbringt, dies u.a.... Mehr lesen \u00bb","og_url":"https:\/\/bierger.remich.lu\/de\/ville-de-remich\/umwelt\/solarkataster\/","og_site_name":"Ville de Remich","article_modified_time":"2018-01-09T11:23:02+00:00","og_image":[{"width":2560,"height":1440,"url":"https:\/\/bierger.remich.lu\/wp-content\/uploads\/sites\/3\/2017\/07\/andreas-gucklhorn-285602.jpg","type":"image\/jpeg"}],"twitter_card":"summary_large_image","twitter_misc":{"Gesch\u00e4tzte Lesezeit":"2\u00a0Minuten"},"schema":{"@context":"https:\/\/schema.org","@graph":[{"@type":"WebPage","@id":"https:\/\/bierger.remich.lu\/de\/ville-de-remich\/umwelt\/solarkataster\/","url":"https:\/\/bierger.remich.lu\/de\/ville-de-remich\/umwelt\/solarkataster\/","name":"Solarkataster - Ville de Remich","isPartOf":{"@id":"https:\/\/bierger.remich.lu\/de\/#website"},"primaryImageOfPage":{"@id":"https:\/\/bierger.remich.lu\/de\/ville-de-remich\/umwelt\/solarkataster\/#primaryimage"},"image":{"@id":"https:\/\/bierger.remich.lu\/de\/ville-de-remich\/umwelt\/solarkataster\/#primaryimage"},"thumbnailUrl":"https:\/\/bierger.remich.lu\/wp-content\/uploads\/sites\/3\/2017\/07\/andreas-gucklhorn-285602.jpg","datePublished":"2017-07-26T14:35:28+00:00","dateModified":"2018-01-09T11:23:02+00:00","breadcrumb":{"@id":"https:\/\/bierger.remich.lu\/de\/ville-de-remich\/umwelt\/solarkataster\/#breadcrumb"},"inLanguage":"de","potentialAction":[{"@type":"ReadAction","target":["https:\/\/bierger.remich.lu\/de\/ville-de-remich\/umwelt\/solarkataster\/"]}]},{"@type":"ImageObject","inLanguage":"de","@id":"https:\/\/bierger.remich.lu\/de\/ville-de-remich\/umwelt\/solarkataster\/#primaryimage","url":"https:\/\/bierger.remich.lu\/wp-content\/uploads\/sites\/3\/2017\/07\/andreas-gucklhorn-285602.jpg","contentUrl":"https:\/\/bierger.remich.lu\/wp-content\/uploads\/sites\/3\/2017\/07\/andreas-gucklhorn-285602.jpg","width":2560,"height":1440},{"@type":"BreadcrumbList","@id":"https:\/\/bierger.remich.lu\/de\/ville-de-remich\/umwelt\/solarkataster\/#breadcrumb","itemListElement":[{"@type":"ListItem","position":1,"name":"Startseite","item":"https:\/\/bierger.remich.lu\/de\/"},{"@type":"ListItem","position":2,"name":"Stadt Remich","item":"https:\/\/bierger.remich.lu\/de\/ville-de-remich\/"},{"@type":"ListItem","position":3,"name":"Umwelt","item":"https:\/\/bierger.remich.lu\/de\/ville-de-remich\/umwelt\/"},{"@type":"ListItem","position":4,"name":"Solarkataster"}]},{"@type":"WebSite","@id":"https:\/\/bierger.remich.lu\/de\/#website","url":"https:\/\/bierger.remich.lu\/de\/","name":"Ville de Remich","description":"","potentialAction":[{"@type":"SearchAction","target":{"@type":"EntryPoint","urlTemplate":"https:\/\/bierger.remich.lu\/de\/?s={search_term_string}"},"query-input":{"@type":"PropertyValueSpecification","valueRequired":true,"valueName":"search_term_string"}}],"inLanguage":"de"}]}},"_links":{"self":[{"href":"https:\/\/bierger.remich.lu\/de\/wp-json\/wp\/v2\/pages\/1577","targetHints":{"allow":["GET"]}}],"collection":[{"href":"https:\/\/bierger.remich.lu\/de\/wp-json\/wp\/v2\/pages"}],"about":[{"href":"https:\/\/bierger.remich.lu\/de\/wp-json\/wp\/v2\/types\/page"}],"author":[{"embeddable":true,"href":"https:\/\/bierger.remich.lu\/de\/wp-json\/wp\/v2\/users\/4"}],"replies":[{"embeddable":true,"href":"https:\/\/bierger.remich.lu\/de\/wp-json\/wp\/v2\/comments?post=1577"}],"version-history":[{"count":7,"href":"https:\/\/bierger.remich.lu\/de\/wp-json\/wp\/v2\/pages\/1577\/revisions"}],"predecessor-version":[{"id":2497,"href":"https:\/\/bierger.remich.lu\/de\/wp-json\/wp\/v2\/pages\/1577\/revisions\/2497"}],"up":[{"embeddable":true,"href":"https:\/\/bierger.remich.lu\/de\/wp-json\/wp\/v2\/pages\/50"}],"wp:featuredmedia":[{"embeddable":true,"href":"https:\/\/bierger.remich.lu\/de\/wp-json\/wp\/v2\/media\/2038"}],"wp:attachment":[{"href":"https:\/\/bierger.remich.lu\/de\/wp-json\/wp\/v2\/media?parent=1577"}],"curies":[{"name":"wp","href":"https:\/\/api.w.org\/{rel}","templated":true}]}}