{"id":1702,"date":"2017-08-01T13:18:14","date_gmt":"2017-08-01T12:18:14","guid":{"rendered":"http:\/\/reimech.lu\/?page_id=1702"},"modified":"2020-03-17T07:59:09","modified_gmt":"2020-03-17T06:59:09","slug":"francais-epicerie-sociale","status":"publish","type":"page","link":"https:\/\/bierger.remich.lu\/de\/services-au-citoyen\/soziales-und-3-alter\/francais-epicerie-sociale\/","title":{"rendered":"Sozialladen"},"content":{"rendered":"Am 4. Januar 2016 hat der 8. Sozialladen &#8222;Croix-Rouge Buttek&#8220; seit der Einf\u00fchrung im Jahre 2009 seine T\u00fcren in Remich ge\u00f6ffnet.<\/p>\n<p>Dieser Laden\u00a0bietet von Armut betroffenen Menschen der Gemeinden\u00a0Bous, Lenningen, Remich, Schengen, Stadtbredimus, Waldbredimus, Dalheim\u00a0und Mondorf-les-Bains Lebensmittel und Produkte des t\u00e4glichen Gebrauchs gegen eine finanzielle Beteiligung von etwa einem Drittel des Marktpreises. Durch diese solidarische Initiative k\u00f6nnen Personen mit geringen finanziellen Mitteln ihre Kaufkraft steigern, ohne auf qualitativ hochwertige und frische Produkte verzichten zu m\u00fcssen.<\/p>\n<p>Nur die Personen, deren Bed\u00fcrftigkeit zuvor objektiv von\u00a0Sozialamt\u00a0des Wohnsitzes festgestellt wurde, haben das Recht gegen Vorlage einer pers\u00f6nlichen Zugangskarte im Sozialladen\u00a0vom Roten Kreuz einzukaufen.<\/p>\n<p>Die Zielsetzungen des Sozialladens gehen jedoch weit \u00fcber die Nahrungsmittelhilfe und materielle Unterst\u00fctzung\u00a0hinaus. So stellt des Laden auch einen Treffpunkt dar f\u00fcr gesellige Beisammensein, Austausch und soziale Integration dar.<\/p>\n<p><strong>Praktikum im \u201eCroix-Rouge Buttek\u201c <\/strong>im Rahmen der schulischen Ausbildung oder im Rahmen des SNJ f\u00fcr Jugendliche<strong><br \/>\n<\/strong>zwischen 18 und 30 Jahren.<\/p>\n<p><strong>Werden Sie ehrenamtlicher Helfer beim \u00ab Croix-Rouge Buttek \u00bb in Remich<br \/>\n<\/strong>Sie m\u00f6chten Ihre Freizeit sinnvoll nutzen und schutzbed\u00fcrftigen Menschen helfen?<br \/>\nJe nach Verf\u00fcgbarkeit, k\u00f6nnen Sie uns gerne in der Kundenbetreuung und der Kleiderstube helfen wenn Sie zwischen 18 und 55 Jahre alt sind, und wenn Sie zwischen 18 und 55 Jahre alt sind gerne auch beim Aufr\u00e4umendes Ladens sowie des Lagers.<\/p>\n<p><strong>Kleiderspenden f\u00fcr den<\/strong> <strong>\u00ab Croix-Rouge Buttek \u00bb in Remich und Wollspenden f\u00fcr die Werkstatt<br \/>\n<\/strong>Spenden Sie alte Kleidungsst\u00fccke an diejenigen, die es am N\u00f6tigsten brauchen. Sie k\u00f6nnen Damen-, Herren- und Kinderkleidung sowie Schuhe w\u00e4hrend den \u00d6ffnungszeiten bei uns abgeben.","protected":false},"excerpt":{"rendered":"<p>Am 4. Januar 2016 hat der 8. Sozialladen &#8222;Croix-Rouge Buttek&#8220; seit der Einf\u00fchrung im Jahre 2009 seine T\u00fcren in Remich ge\u00f6ffnet. Dieser Laden\u00a0bietet von Armut betroffenen Menschen der Gemeinden\u00a0Bous, Lenningen, Remich, Schengen, Stadtbredimus, Waldbredimus, Dalheim\u00a0und Mondorf-les-Bains Lebensmittel und Produkte des t\u00e4glichen Gebrauchs gegen eine finanzielle Beteiligung von etwa einem Drittel des Marktpreises. Durch diese solidarische&#8230;  <a class=\"excerpt-read-more\" href=\"https:\/\/bierger.remich.lu\/de\/services-au-citoyen\/soziales-und-3-alter\/francais-epicerie-sociale\/\" title=\"ReadSozialladen\">Mehr lesen \u00bb<\/a><\/p>\n","protected":false},"author":4,"featured_media":2080,"parent":2917,"menu_order":87,"comment_status":"closed","ping_status":"closed","template":"","meta":{"_acf_changed":false,"xn-wppe-expiration":[],"xn-wppe-expiration-action":[],"xn-wppe-expiration-prefix":[],"footnotes":"","_links_to":"","_links_to_target":""},"class_list":["post-1702","page","type-page","status-publish","has-post-thumbnail","hentry","keyword-geburt","keyword-marche"],"acf":[],"yoast_head":"<!-- This site is optimized with the Yoast SEO plugin v26.7 - https:\/\/yoast.com\/wordpress\/plugins\/seo\/ -->\n<title>Sozialladen - Ville de Remich<\/title>\n<meta name=\"robots\" content=\"index, follow, max-snippet:-1, max-image-preview:large, max-video-preview:-1\" \/>\n<link rel=\"canonical\" href=\"https:\/\/bierger.remich.lu\/de\/services-au-citoyen\/soziales-und-3-alter\/francais-epicerie-sociale\/\" \/>\n<meta property=\"og:locale\" content=\"de_DE\" \/>\n<meta property=\"og:type\" content=\"article\" \/>\n<meta property=\"og:title\" content=\"Sozialladen - Ville de Remich\" \/>\n<meta property=\"og:description\" content=\"Am 4. Januar 2016 hat der 8. Sozialladen &#8222;Croix-Rouge Buttek&#8220; seit der Einf\u00fchrung im Jahre 2009 seine T\u00fcren in Remich ge\u00f6ffnet. Dieser Laden\u00a0bietet von Armut betroffenen Menschen der Gemeinden\u00a0Bous, Lenningen, Remich, Schengen, Stadtbredimus, Waldbredimus, Dalheim\u00a0und Mondorf-les-Bains Lebensmittel und Produkte des t\u00e4glichen Gebrauchs gegen eine finanzielle Beteiligung von etwa einem Drittel des Marktpreises. Durch diese solidarische... Mehr lesen \u00bb\" \/>\n<meta property=\"og:url\" content=\"https:\/\/bierger.remich.lu\/de\/services-au-citoyen\/soziales-und-3-alter\/francais-epicerie-sociale\/\" \/>\n<meta property=\"og:site_name\" content=\"Ville de Remich\" \/>\n<meta property=\"article:modified_time\" content=\"2020-03-17T06:59:09+00:00\" \/>\n<meta property=\"og:image\" content=\"https:\/\/bierger.remich.lu\/wp-content\/uploads\/sites\/3\/2017\/08\/kai-oberhauser-224745-1024x684.jpg\" \/>\n\t<meta property=\"og:image:width\" content=\"1024\" \/>\n\t<meta property=\"og:image:height\" content=\"684\" \/>\n\t<meta property=\"og:image:type\" content=\"image\/jpeg\" \/>\n<meta name=\"twitter:card\" content=\"summary_large_image\" \/>\n<meta name=\"twitter:label1\" content=\"Gesch\u00e4tzte Lesezeit\" \/>\n\t<meta name=\"twitter:data1\" content=\"3\u00a0Minuten\" \/>\n<script type=\"application\/ld+json\" class=\"yoast-schema-graph\">{\"@context\":\"https:\/\/schema.org\",\"@graph\":[{\"@type\":\"WebPage\",\"@id\":\"https:\/\/bierger.remich.lu\/de\/services-au-citoyen\/soziales-und-3-alter\/francais-epicerie-sociale\/\",\"url\":\"https:\/\/bierger.remich.lu\/de\/services-au-citoyen\/soziales-und-3-alter\/francais-epicerie-sociale\/\",\"name\":\"Sozialladen - Ville de Remich\",\"isPartOf\":{\"@id\":\"https:\/\/bierger.remich.lu\/de\/#website\"},\"primaryImageOfPage\":{\"@id\":\"https:\/\/bierger.remich.lu\/de\/services-au-citoyen\/soziales-und-3-alter\/francais-epicerie-sociale\/#primaryimage\"},\"image\":{\"@id\":\"https:\/\/bierger.remich.lu\/de\/services-au-citoyen\/soziales-und-3-alter\/francais-epicerie-sociale\/#primaryimage\"},\"thumbnailUrl\":\"https:\/\/bierger.remich.lu\/wp-content\/uploads\/sites\/3\/2017\/08\/kai-oberhauser-224745.jpg\",\"datePublished\":\"2017-08-01T12:18:14+00:00\",\"dateModified\":\"2020-03-17T06:59:09+00:00\",\"breadcrumb\":{\"@id\":\"https:\/\/bierger.remich.lu\/de\/services-au-citoyen\/soziales-und-3-alter\/francais-epicerie-sociale\/#breadcrumb\"},\"inLanguage\":\"de\",\"potentialAction\":[{\"@type\":\"ReadAction\",\"target\":[\"https:\/\/bierger.remich.lu\/de\/services-au-citoyen\/soziales-und-3-alter\/francais-epicerie-sociale\/\"]}]},{\"@type\":\"ImageObject\",\"inLanguage\":\"de\",\"@id\":\"https:\/\/bierger.remich.lu\/de\/services-au-citoyen\/soziales-und-3-alter\/francais-epicerie-sociale\/#primaryimage\",\"url\":\"https:\/\/bierger.remich.lu\/wp-content\/uploads\/sites\/3\/2017\/08\/kai-oberhauser-224745.jpg\",\"contentUrl\":\"https:\/\/bierger.remich.lu\/wp-content\/uploads\/sites\/3\/2017\/08\/kai-oberhauser-224745.jpg\",\"width\":5576,\"height\":3722},{\"@type\":\"BreadcrumbList\",\"@id\":\"https:\/\/bierger.remich.lu\/de\/services-au-citoyen\/soziales-und-3-alter\/francais-epicerie-sociale\/#breadcrumb\",\"itemListElement\":[{\"@type\":\"ListItem\",\"position\":1,\"name\":\"Startseite\",\"item\":\"https:\/\/bierger.remich.lu\/de\/\"},{\"@type\":\"ListItem\",\"position\":2,\"name\":\"B\u00fcrgerdienste\",\"item\":\"https:\/\/bierger.remich.lu\/de\/services-au-citoyen\/\"},{\"@type\":\"ListItem\",\"position\":3,\"name\":\"Soziales und 3. Alter\",\"item\":\"https:\/\/bierger.remich.lu\/de\/services-au-citoyen\/soziales-und-3-alter\/\"},{\"@type\":\"ListItem\",\"position\":4,\"name\":\"Sozialladen\"}]},{\"@type\":\"WebSite\",\"@id\":\"https:\/\/bierger.remich.lu\/de\/#website\",\"url\":\"https:\/\/bierger.remich.lu\/de\/\",\"name\":\"Ville de Remich\",\"description\":\"\",\"potentialAction\":[{\"@type\":\"SearchAction\",\"target\":{\"@type\":\"EntryPoint\",\"urlTemplate\":\"https:\/\/bierger.remich.lu\/de\/?s={search_term_string}\"},\"query-input\":{\"@type\":\"PropertyValueSpecification\",\"valueRequired\":true,\"valueName\":\"search_term_string\"}}],\"inLanguage\":\"de\"}]}<\/script>\n<!-- \/ Yoast SEO plugin. -->","yoast_head_json":{"title":"Sozialladen - Ville de Remich","robots":{"index":"index","follow":"follow","max-snippet":"max-snippet:-1","max-image-preview":"max-image-preview:large","max-video-preview":"max-video-preview:-1"},"canonical":"https:\/\/bierger.remich.lu\/de\/services-au-citoyen\/soziales-und-3-alter\/francais-epicerie-sociale\/","og_locale":"de_DE","og_type":"article","og_title":"Sozialladen - Ville de Remich","og_description":"Am 4. Januar 2016 hat der 8. Sozialladen &#8222;Croix-Rouge Buttek&#8220; seit der Einf\u00fchrung im Jahre 2009 seine T\u00fcren in Remich ge\u00f6ffnet. Dieser Laden\u00a0bietet von Armut betroffenen Menschen der Gemeinden\u00a0Bous, Lenningen, Remich, Schengen, Stadtbredimus, Waldbredimus, Dalheim\u00a0und Mondorf-les-Bains Lebensmittel und Produkte des t\u00e4glichen Gebrauchs gegen eine finanzielle Beteiligung von etwa einem Drittel des Marktpreises. Durch diese solidarische... Mehr lesen \u00bb","og_url":"https:\/\/bierger.remich.lu\/de\/services-au-citoyen\/soziales-und-3-alter\/francais-epicerie-sociale\/","og_site_name":"Ville de Remich","article_modified_time":"2020-03-17T06:59:09+00:00","og_image":[{"width":1024,"height":684,"url":"https:\/\/bierger.remich.lu\/wp-content\/uploads\/sites\/3\/2017\/08\/kai-oberhauser-224745-1024x684.jpg","type":"image\/jpeg"}],"twitter_card":"summary_large_image","twitter_misc":{"Gesch\u00e4tzte Lesezeit":"3\u00a0Minuten"},"schema":{"@context":"https:\/\/schema.org","@graph":[{"@type":"WebPage","@id":"https:\/\/bierger.remich.lu\/de\/services-au-citoyen\/soziales-und-3-alter\/francais-epicerie-sociale\/","url":"https:\/\/bierger.remich.lu\/de\/services-au-citoyen\/soziales-und-3-alter\/francais-epicerie-sociale\/","name":"Sozialladen - Ville de Remich","isPartOf":{"@id":"https:\/\/bierger.remich.lu\/de\/#website"},"primaryImageOfPage":{"@id":"https:\/\/bierger.remich.lu\/de\/services-au-citoyen\/soziales-und-3-alter\/francais-epicerie-sociale\/#primaryimage"},"image":{"@id":"https:\/\/bierger.remich.lu\/de\/services-au-citoyen\/soziales-und-3-alter\/francais-epicerie-sociale\/#primaryimage"},"thumbnailUrl":"https:\/\/bierger.remich.lu\/wp-content\/uploads\/sites\/3\/2017\/08\/kai-oberhauser-224745.jpg","datePublished":"2017-08-01T12:18:14+00:00","dateModified":"2020-03-17T06:59:09+00:00","breadcrumb":{"@id":"https:\/\/bierger.remich.lu\/de\/services-au-citoyen\/soziales-und-3-alter\/francais-epicerie-sociale\/#breadcrumb"},"inLanguage":"de","potentialAction":[{"@type":"ReadAction","target":["https:\/\/bierger.remich.lu\/de\/services-au-citoyen\/soziales-und-3-alter\/francais-epicerie-sociale\/"]}]},{"@type":"ImageObject","inLanguage":"de","@id":"https:\/\/bierger.remich.lu\/de\/services-au-citoyen\/soziales-und-3-alter\/francais-epicerie-sociale\/#primaryimage","url":"https:\/\/bierger.remich.lu\/wp-content\/uploads\/sites\/3\/2017\/08\/kai-oberhauser-224745.jpg","contentUrl":"https:\/\/bierger.remich.lu\/wp-content\/uploads\/sites\/3\/2017\/08\/kai-oberhauser-224745.jpg","width":5576,"height":3722},{"@type":"BreadcrumbList","@id":"https:\/\/bierger.remich.lu\/de\/services-au-citoyen\/soziales-und-3-alter\/francais-epicerie-sociale\/#breadcrumb","itemListElement":[{"@type":"ListItem","position":1,"name":"Startseite","item":"https:\/\/bierger.remich.lu\/de\/"},{"@type":"ListItem","position":2,"name":"B\u00fcrgerdienste","item":"https:\/\/bierger.remich.lu\/de\/services-au-citoyen\/"},{"@type":"ListItem","position":3,"name":"Soziales und 3. Alter","item":"https:\/\/bierger.remich.lu\/de\/services-au-citoyen\/soziales-und-3-alter\/"},{"@type":"ListItem","position":4,"name":"Sozialladen"}]},{"@type":"WebSite","@id":"https:\/\/bierger.remich.lu\/de\/#website","url":"https:\/\/bierger.remich.lu\/de\/","name":"Ville de Remich","description":"","potentialAction":[{"@type":"SearchAction","target":{"@type":"EntryPoint","urlTemplate":"https:\/\/bierger.remich.lu\/de\/?s={search_term_string}"},"query-input":{"@type":"PropertyValueSpecification","valueRequired":true,"valueName":"search_term_string"}}],"inLanguage":"de"}]}},"_links":{"self":[{"href":"https:\/\/bierger.remich.lu\/de\/wp-json\/wp\/v2\/pages\/1702","targetHints":{"allow":["GET"]}}],"collection":[{"href":"https:\/\/bierger.remich.lu\/de\/wp-json\/wp\/v2\/pages"}],"about":[{"href":"https:\/\/bierger.remich.lu\/de\/wp-json\/wp\/v2\/types\/page"}],"author":[{"embeddable":true,"href":"https:\/\/bierger.remich.lu\/de\/wp-json\/wp\/v2\/users\/4"}],"replies":[{"embeddable":true,"href":"https:\/\/bierger.remich.lu\/de\/wp-json\/wp\/v2\/comments?post=1702"}],"version-history":[{"count":11,"href":"https:\/\/bierger.remich.lu\/de\/wp-json\/wp\/v2\/pages\/1702\/revisions"}],"predecessor-version":[{"id":6294,"href":"https:\/\/bierger.remich.lu\/de\/wp-json\/wp\/v2\/pages\/1702\/revisions\/6294"}],"up":[{"embeddable":true,"href":"https:\/\/bierger.remich.lu\/de\/wp-json\/wp\/v2\/pages\/2917"}],"wp:featuredmedia":[{"embeddable":true,"href":"https:\/\/bierger.remich.lu\/de\/wp-json\/wp\/v2\/media\/2080"}],"wp:attachment":[{"href":"https:\/\/bierger.remich.lu\/de\/wp-json\/wp\/v2\/media?parent=1702"}],"curies":[{"name":"wp","href":"https:\/\/api.w.org\/{rel}","templated":true}]}}