{"id":1903,"date":"2017-08-04T09:25:17","date_gmt":"2017-08-04T08:25:17","guid":{"rendered":"http:\/\/reimech.lu\/?page_id=1903"},"modified":"2025-12-10T10:40:52","modified_gmt":"2025-12-10T09:40:52","slug":"abendkurse","status":"publish","type":"page","link":"https:\/\/bierger.remich.lu\/de\/ville-de-remich\/schulwesen\/abendkurse\/","title":{"rendered":"Weiterbildung"},"content":{"rendered":"<h1>Kurse vom Maacher Lyc\u00e9e<\/h1>\n<p>Wie jedes Jahr bietet das Maacher Lyc\u00e9e wieder eine Vielzahl an Kursen an.<\/p>\n<p>Die komplette Kursliste der verschiedenen Gemeinden finden sie\u00a0auf der Internetseite <a href=\"https:\/\/mlg.lu\/content_fr\/coursDuSoir.php\">www.maacherlycee.lu\u00a0<\/a> .<\/p>\n<p>Einschreiben k\u00f6nnen Sie sich \u00fcber die Internetseite des Maacher Lyc\u00e9e.<\/p>\n<p><strong>Weitere Informationen:<\/strong><br \/>\nSekretariat der Abendkurse am Maacher Lyc\u00e9e : T.\u00a0 75 06 65 &#8211; 5255 | e-mail: <a href=\"mailto:csa@mlg.lu\">csa@mlg.lu<\/a>.<\/p>\n<h1>Kurse vom Sozialamt Remich<\/h1>\n<h3 class=\"entry-content clearfix\"><strong><em>Ort<\/em> <\/strong><\/h3>\n<section class=\"entry-content clearfix\">Ver\u00e4inshaus | 5, Mont\u00e9e de l\u2019\u00c9glise \u2013 L-5530 Remich<\/section>\n<section><\/section>\n<section><\/section>\n<section><\/section>\n<h3 class=\"entry-content clearfix\"><em><strong><br \/>\nKurse<\/strong><\/em><\/h3>\n<section>Diese Kurse werden vom Sozialamt, in Zusammenarbeit mit dem Maacher Lyc\u00e9e organisiert.<\/section>\n<section class=\"entry-content clearfix\">\n<ul>\n<li>FRANZ\u00d6SICH (Stufe A.1.2.)<br \/>\nTermine: 03.03-09.07.2026 | Frequenz: Dienstag und Donnerstag | Uhrzeit: 08:30-10:30<\/li>\n<li>FRANZ\u00d6SICH (Stufe A.2.2.)<br \/>\nTermine: 03.03-09.07.2026 | Frequenz: Dienstag und Donnerstag | Uhrzeit: 10:30-12:30<\/li>\n<\/ul>\n<h3><em><strong>Informationen &amp; Anmeldung<\/strong><\/em><\/h3>\n<ul>\n<li><a href=\"http:\/\/www.oscr.lu\">Anmeldeformular &gt; Office social commun Remich <\/a><\/li>\n<li><a href=\"\/\/www.maacherlycee.lu\/content_fr\/coursDuSoir.php\">Online beim Maacher Lyc\u00e9e<\/a> (Luxtrust Zertifikat wird ben\u00f6tigt)<\/li>\n<\/ul>\n<p>Die Pl\u00e4tze sind begrenzt.<\/p>\n<h3><em><strong>Preis<\/strong><\/em><\/h3>\n<ul>\n<li>168 \u20ac | Die von verschiedenen Beh\u00f6rden oder Sozialdiensten (ADEM, ONA, ONIS, Sozial\u00e4mter, &#8230;) verteilten Gutscheine k\u00f6nnen f\u00fcr diese Kurse verwendet werden.<\/li>\n<li>Die Anmeldegeb\u00fchren sind erst nach Erhalt der Rechnung, sp\u00e4testens jedoch 15 Tage nach Kursbeginn zu zahlen.<br \/>\n<section><\/section>\n<section class=\"entry-content clearfix\"><\/section>\n<\/li>\n<\/ul>\n<\/section>","protected":false},"excerpt":{"rendered":"<p>Kurse vom Maacher Lyc\u00e9e Wie jedes Jahr bietet das Maacher Lyc\u00e9e wieder eine Vielzahl an Kursen an. Die komplette Kursliste der verschiedenen Gemeinden finden sie\u00a0auf der Internetseite www.maacherlycee.lu\u00a0 . Einschreiben k\u00f6nnen Sie sich \u00fcber die Internetseite des Maacher Lyc\u00e9e. Weitere Informationen: Sekretariat der Abendkurse am Maacher Lyc\u00e9e : T.\u00a0 75 06 65 &#8211; 5255 |&#8230;  <a class=\"excerpt-read-more\" href=\"https:\/\/bierger.remich.lu\/de\/ville-de-remich\/schulwesen\/abendkurse\/\" title=\"ReadWeiterbildung\">Mehr lesen \u00bb<\/a><\/p>\n","protected":false},"author":4,"featured_media":2054,"parent":1852,"menu_order":19,"comment_status":"closed","ping_status":"closed","template":"","meta":{"_acf_changed":false,"xn-wppe-expiration":[],"xn-wppe-expiration-action":[],"xn-wppe-expiration-prefix":[],"footnotes":"","_links_to":"","_links_to_target":""},"class_list":["post-1903","page","type-page","status-publish","has-post-thumbnail","hentry","keyword-infos"],"acf":[],"yoast_head":"<!-- This site is optimized with the Yoast SEO plugin v26.7 - https:\/\/yoast.com\/wordpress\/plugins\/seo\/ -->\n<title>Weiterbildung - Ville de Remich<\/title>\n<meta name=\"robots\" content=\"index, follow, max-snippet:-1, max-image-preview:large, max-video-preview:-1\" \/>\n<link rel=\"canonical\" href=\"https:\/\/bierger.remich.lu\/ville-de-remich\/schulwesen\/abendkurse\/\" \/>\n<meta property=\"og:locale\" content=\"de_DE\" \/>\n<meta property=\"og:type\" content=\"article\" \/>\n<meta property=\"og:title\" content=\"Weiterbildung - Ville de Remich\" \/>\n<meta property=\"og:description\" content=\"Kurse vom Maacher Lyc\u00e9e Wie jedes Jahr bietet das Maacher Lyc\u00e9e wieder eine Vielzahl an Kursen an. Die komplette Kursliste der verschiedenen Gemeinden finden sie\u00a0auf der Internetseite www.maacherlycee.lu\u00a0 . Einschreiben k\u00f6nnen Sie sich \u00fcber die Internetseite des Maacher Lyc\u00e9e. Weitere Informationen: Sekretariat der Abendkurse am Maacher Lyc\u00e9e : T.\u00a0 75 06 65 &#8211; 5255 |... Mehr lesen \u00bb\" \/>\n<meta property=\"og:url\" content=\"https:\/\/bierger.remich.lu\/ville-de-remich\/schulwesen\/abendkurse\/\" \/>\n<meta property=\"og:site_name\" content=\"Ville de Remich\" \/>\n<meta property=\"article:modified_time\" content=\"2025-12-10T09:40:52+00:00\" \/>\n<meta property=\"og:image\" content=\"https:\/\/bierger.remich.lu\/wp-content\/uploads\/sites\/3\/2017\/08\/gaelle-marcel-8992-684x1024.jpg\" \/>\n\t<meta property=\"og:image:width\" content=\"684\" \/>\n\t<meta property=\"og:image:height\" content=\"1024\" \/>\n\t<meta property=\"og:image:type\" content=\"image\/jpeg\" \/>\n<meta name=\"twitter:card\" content=\"summary_large_image\" \/>\n<meta name=\"twitter:label1\" content=\"Gesch\u00e4tzte Lesezeit\" \/>\n\t<meta name=\"twitter:data1\" content=\"2\u00a0Minuten\" \/>\n<script type=\"application\/ld+json\" class=\"yoast-schema-graph\">{\"@context\":\"https:\/\/schema.org\",\"@graph\":[{\"@type\":\"WebPage\",\"@id\":\"https:\/\/bierger.remich.lu\/ville-de-remich\/schulwesen\/abendkurse\/\",\"url\":\"https:\/\/bierger.remich.lu\/ville-de-remich\/schulwesen\/abendkurse\/\",\"name\":\"Weiterbildung - Ville de Remich\",\"isPartOf\":{\"@id\":\"https:\/\/bierger.remich.lu\/de\/#website\"},\"primaryImageOfPage\":{\"@id\":\"https:\/\/bierger.remich.lu\/ville-de-remich\/schulwesen\/abendkurse\/#primaryimage\"},\"image\":{\"@id\":\"https:\/\/bierger.remich.lu\/ville-de-remich\/schulwesen\/abendkurse\/#primaryimage\"},\"thumbnailUrl\":\"https:\/\/bierger.remich.lu\/wp-content\/uploads\/sites\/3\/2017\/08\/gaelle-marcel-8992.jpg\",\"datePublished\":\"2017-08-04T08:25:17+00:00\",\"dateModified\":\"2025-12-10T09:40:52+00:00\",\"breadcrumb\":{\"@id\":\"https:\/\/bierger.remich.lu\/ville-de-remich\/schulwesen\/abendkurse\/#breadcrumb\"},\"inLanguage\":\"de\",\"potentialAction\":[{\"@type\":\"ReadAction\",\"target\":[\"https:\/\/bierger.remich.lu\/ville-de-remich\/schulwesen\/abendkurse\/\"]}]},{\"@type\":\"ImageObject\",\"inLanguage\":\"de\",\"@id\":\"https:\/\/bierger.remich.lu\/ville-de-remich\/schulwesen\/abendkurse\/#primaryimage\",\"url\":\"https:\/\/bierger.remich.lu\/wp-content\/uploads\/sites\/3\/2017\/08\/gaelle-marcel-8992.jpg\",\"contentUrl\":\"https:\/\/bierger.remich.lu\/wp-content\/uploads\/sites\/3\/2017\/08\/gaelle-marcel-8992.jpg\",\"width\":4016,\"height\":6016},{\"@type\":\"BreadcrumbList\",\"@id\":\"https:\/\/bierger.remich.lu\/ville-de-remich\/schulwesen\/abendkurse\/#breadcrumb\",\"itemListElement\":[{\"@type\":\"ListItem\",\"position\":1,\"name\":\"Startseite\",\"item\":\"https:\/\/bierger.remich.lu\/de\/\"},{\"@type\":\"ListItem\",\"position\":2,\"name\":\"Stadt Remich\",\"item\":\"https:\/\/bierger.remich.lu\/de\/ville-de-remich\/\"},{\"@type\":\"ListItem\",\"position\":3,\"name\":\"Bildung und Kinder\",\"item\":\"https:\/\/bierger.remich.lu\/de\/ville-de-remich\/schulwesen\/\"},{\"@type\":\"ListItem\",\"position\":4,\"name\":\"Weiterbildung\"}]},{\"@type\":\"WebSite\",\"@id\":\"https:\/\/bierger.remich.lu\/de\/#website\",\"url\":\"https:\/\/bierger.remich.lu\/de\/\",\"name\":\"Ville de Remich\",\"description\":\"\",\"potentialAction\":[{\"@type\":\"SearchAction\",\"target\":{\"@type\":\"EntryPoint\",\"urlTemplate\":\"https:\/\/bierger.remich.lu\/de\/?s={search_term_string}\"},\"query-input\":{\"@type\":\"PropertyValueSpecification\",\"valueRequired\":true,\"valueName\":\"search_term_string\"}}],\"inLanguage\":\"de\"}]}<\/script>\n<!-- \/ Yoast SEO plugin. -->","yoast_head_json":{"title":"Weiterbildung - Ville de Remich","robots":{"index":"index","follow":"follow","max-snippet":"max-snippet:-1","max-image-preview":"max-image-preview:large","max-video-preview":"max-video-preview:-1"},"canonical":"https:\/\/bierger.remich.lu\/ville-de-remich\/schulwesen\/abendkurse\/","og_locale":"de_DE","og_type":"article","og_title":"Weiterbildung - Ville de Remich","og_description":"Kurse vom Maacher Lyc\u00e9e Wie jedes Jahr bietet das Maacher Lyc\u00e9e wieder eine Vielzahl an Kursen an. Die komplette Kursliste der verschiedenen Gemeinden finden sie\u00a0auf der Internetseite www.maacherlycee.lu\u00a0 . Einschreiben k\u00f6nnen Sie sich \u00fcber die Internetseite des Maacher Lyc\u00e9e. Weitere Informationen: Sekretariat der Abendkurse am Maacher Lyc\u00e9e : T.\u00a0 75 06 65 &#8211; 5255 |... Mehr lesen \u00bb","og_url":"https:\/\/bierger.remich.lu\/ville-de-remich\/schulwesen\/abendkurse\/","og_site_name":"Ville de Remich","article_modified_time":"2025-12-10T09:40:52+00:00","og_image":[{"width":684,"height":1024,"url":"https:\/\/bierger.remich.lu\/wp-content\/uploads\/sites\/3\/2017\/08\/gaelle-marcel-8992-684x1024.jpg","type":"image\/jpeg"}],"twitter_card":"summary_large_image","twitter_misc":{"Gesch\u00e4tzte Lesezeit":"2\u00a0Minuten"},"schema":{"@context":"https:\/\/schema.org","@graph":[{"@type":"WebPage","@id":"https:\/\/bierger.remich.lu\/ville-de-remich\/schulwesen\/abendkurse\/","url":"https:\/\/bierger.remich.lu\/ville-de-remich\/schulwesen\/abendkurse\/","name":"Weiterbildung - Ville de Remich","isPartOf":{"@id":"https:\/\/bierger.remich.lu\/de\/#website"},"primaryImageOfPage":{"@id":"https:\/\/bierger.remich.lu\/ville-de-remich\/schulwesen\/abendkurse\/#primaryimage"},"image":{"@id":"https:\/\/bierger.remich.lu\/ville-de-remich\/schulwesen\/abendkurse\/#primaryimage"},"thumbnailUrl":"https:\/\/bierger.remich.lu\/wp-content\/uploads\/sites\/3\/2017\/08\/gaelle-marcel-8992.jpg","datePublished":"2017-08-04T08:25:17+00:00","dateModified":"2025-12-10T09:40:52+00:00","breadcrumb":{"@id":"https:\/\/bierger.remich.lu\/ville-de-remich\/schulwesen\/abendkurse\/#breadcrumb"},"inLanguage":"de","potentialAction":[{"@type":"ReadAction","target":["https:\/\/bierger.remich.lu\/ville-de-remich\/schulwesen\/abendkurse\/"]}]},{"@type":"ImageObject","inLanguage":"de","@id":"https:\/\/bierger.remich.lu\/ville-de-remich\/schulwesen\/abendkurse\/#primaryimage","url":"https:\/\/bierger.remich.lu\/wp-content\/uploads\/sites\/3\/2017\/08\/gaelle-marcel-8992.jpg","contentUrl":"https:\/\/bierger.remich.lu\/wp-content\/uploads\/sites\/3\/2017\/08\/gaelle-marcel-8992.jpg","width":4016,"height":6016},{"@type":"BreadcrumbList","@id":"https:\/\/bierger.remich.lu\/ville-de-remich\/schulwesen\/abendkurse\/#breadcrumb","itemListElement":[{"@type":"ListItem","position":1,"name":"Startseite","item":"https:\/\/bierger.remich.lu\/de\/"},{"@type":"ListItem","position":2,"name":"Stadt Remich","item":"https:\/\/bierger.remich.lu\/de\/ville-de-remich\/"},{"@type":"ListItem","position":3,"name":"Bildung und Kinder","item":"https:\/\/bierger.remich.lu\/de\/ville-de-remich\/schulwesen\/"},{"@type":"ListItem","position":4,"name":"Weiterbildung"}]},{"@type":"WebSite","@id":"https:\/\/bierger.remich.lu\/de\/#website","url":"https:\/\/bierger.remich.lu\/de\/","name":"Ville de Remich","description":"","potentialAction":[{"@type":"SearchAction","target":{"@type":"EntryPoint","urlTemplate":"https:\/\/bierger.remich.lu\/de\/?s={search_term_string}"},"query-input":{"@type":"PropertyValueSpecification","valueRequired":true,"valueName":"search_term_string"}}],"inLanguage":"de"}]}},"_links":{"self":[{"href":"https:\/\/bierger.remich.lu\/de\/wp-json\/wp\/v2\/pages\/1903","targetHints":{"allow":["GET"]}}],"collection":[{"href":"https:\/\/bierger.remich.lu\/de\/wp-json\/wp\/v2\/pages"}],"about":[{"href":"https:\/\/bierger.remich.lu\/de\/wp-json\/wp\/v2\/types\/page"}],"author":[{"embeddable":true,"href":"https:\/\/bierger.remich.lu\/de\/wp-json\/wp\/v2\/users\/4"}],"replies":[{"embeddable":true,"href":"https:\/\/bierger.remich.lu\/de\/wp-json\/wp\/v2\/comments?post=1903"}],"version-history":[{"count":35,"href":"https:\/\/bierger.remich.lu\/de\/wp-json\/wp\/v2\/pages\/1903\/revisions"}],"predecessor-version":[{"id":18865,"href":"https:\/\/bierger.remich.lu\/de\/wp-json\/wp\/v2\/pages\/1903\/revisions\/18865"}],"up":[{"embeddable":true,"href":"https:\/\/bierger.remich.lu\/de\/wp-json\/wp\/v2\/pages\/1852"}],"wp:featuredmedia":[{"embeddable":true,"href":"https:\/\/bierger.remich.lu\/de\/wp-json\/wp\/v2\/media\/2054"}],"wp:attachment":[{"href":"https:\/\/bierger.remich.lu\/de\/wp-json\/wp\/v2\/media?parent=1903"}],"curies":[{"name":"wp","href":"https:\/\/api.w.org\/{rel}","templated":true}]}}