{"id":1926,"date":"2017-08-04T10:27:47","date_gmt":"2017-08-04T09:27:47","guid":{"rendered":"http:\/\/reimech.lu\/?page_id=1926"},"modified":"2023-07-25T16:19:57","modified_gmt":"2023-07-25T14:19:57","slug":"elternschule","status":"publish","type":"page","link":"https:\/\/bierger.remich.lu\/de\/ville-de-remich\/schulwesen\/elternschule\/","title":{"rendered":"Elternschule"},"content":{"rendered":"Die Elternschule ist der pr\u00e4ventive Dienst der Stiftung Kannerschlass.<\/p>\n<p>Sie wurde 2002 gegr\u00fcndet und richtet sich an alle Eltern (von werdenden Eltern bis zu Eltern von Jugendlichen), die Lust haben, sich zu treffen, zu diskutieren und sich in einer Gruppe \u00fcber Elternschaft, Kindererziehung und den Familienalltag auszutauschen.<\/p>\n<p>Die Antenne Est umfasst mittlerweile 6 Gemeinden: Betzdorf, Echternach, Grevenmacher, Junglinster, Remich und Schengen. Diese Initiative erm\u00f6glicht es der Elternschule, ihren T\u00e4tigkeitsbereich in dieser Region des Landes zu erweitern und so auf die Nachfrage von Eltern und Fachleuten zu reagieren.<\/p>\n<p>Das B\u00fcro der Ostantenne der Elternschule befindet sich in Remich und wird von Patrice Moes-Gretsch, diplomierte Erzieherin und Familientherapeutin, koordiniert.<\/p>\n<p><strong>Die Aktivit\u00e4ten sind f\u00fcr:<\/strong><\/p>\n<ol>\n<li>Eltern<br \/>\nDie Elternschule unterst\u00fctzt und begleitet Eltern bei der Erziehung ihres Kindes\/ihrer Kinder und ist ein Projekt mit pr\u00e4ventivem Charakter.<br \/>\nDie Elternschule ist keine individuelle Beratungsstelle, jedoch k\u00f6nnen sich Eltern an die Elternschule wenden, um einen ersten Orientierungsaustausch zu f\u00fchren.<\/li>\n<li>Professionelle aus dem Erziehungs- &amp; Sozialbereich<br \/>\nUm m\u00f6glichst viele Eltern zu erreichen, wirkt die Elternschule in enger Zusammenarbeit und sucht Kooperationsm\u00f6glichkeiten mit Gemeinden, Elternvereinigungen, Kindertagesst\u00e4tten, Maisons relais, Schulen,\u2026 Wir stellen ihnen unser Wissen, unsere Themenbereiche und Veranstaltungen zum Thema Elternschaft zur Verf\u00fcgung.<\/li>\n<li>Unternehmen, Firmen, Banken &#8230;<br \/>\nSeit kurzem widmet sich die Elternschule einer neuen Form von Partnerschaft. Wir reagieren somit auf Anfragen von Unternehmen, die ein Angebot zur Unterst\u00fctzung ihrer Angestellten, die Eltern sind, bef\u00fcrworten und ihnen auf diesem Weg ein besseres Gleichgewicht zwischen Berufsalltag und Familienleben erm\u00f6glichen.<\/li>\n<\/ol>\n<p><strong>Programm<\/strong><\/p>\n<p><span style=\"color: #008000\">Die Elternschule in Pr\u00e4senzform &#8211; Angebot f\u00fcr Kindertagesst\u00e4tten, Maison Relais, Schulen &#8230;<\/span><\/p>\n<p>Das Konzept sieht eine enge Zusammenarbeit mit Einrichtungen und Diensten aus dem Sozial- und Bildungsbereich vor, die es erm\u00f6glicht, die Eltern &#8222;dort, wo sie sich befinden&#8220; zu treffen.<\/p>\n<p><span style=\"color: #008000\">Die Elternschule online &#8211; Webinare f\u00fcr Eltern&#8230;<\/span><\/p>\n<p>Wir bieten eine ganze Reihe von Webinaren zum Thema Erziehung an. Unsere Themen sind sehr vielf\u00e4ltig, so dass Eltern von Kindern jeden Alters immer ein Thema finden k\u00f6nnen, das sie interessiert. Diese Webinare sind kostenlos und werden in LU, FR oder EN angeboten.<\/p>\n<p>Die Elternschule hat auch einen Podcast \u00fcber Erziehung in luxemburgischer Sprache. Die einzelnen Episoden sind auf unserer Website und auf den g\u00e4ngigen Plattformen verf\u00fcgbar.<\/p>\n<p><span style=\"color: #008000\">Die Elternschule im Freien<\/span><\/p>\n<p>Im Rahmen von Eltereschoul Dobaussen sind unsere Mitarbeiter auf Spielpl\u00e4tzen, M\u00e4rkten oder an anderen \u00f6ffentlichen Pl\u00e4tzen anwesend, um Eltern Ratschl\u00e4ge, spontane Hilfe oder Diskussionen \u00fcber die Erziehung ihrer Kinder anzubieten.<\/p>\n<p><span style=\"color: #008000\">Elterncaf\u00e9<\/span><strong><em><br \/>\n<\/em><\/strong><\/p>\n<p>Unsere Elterncaf\u00e9s hei\u00dfen Eltern, Gro\u00dfeltern und alle, die sich f\u00fcr Erziehung interessieren, herzlich willkommen. Kommen Sie mit oder ohne Kinder, um sich in einem freundlichen und einladenden Rahmen auszutauschen und zu diskutieren! Wir freuen uns, Sie zu treffen.<\/p>\n<p>&nbsp;<\/p>\n<p><em>Das gesamte Programm finden sie unter:<\/em><em>\u00a0<\/em><a href=\"https:\/\/www.kannerschlass.lu\/fr\/nos-services\/eltereschoul\/agenda\"><em>https:\/\/www.kannerschlass.lu\/fr\/nos-services\/eltereschoul\/agenda<\/em><\/a><\/p>\n<p>&nbsp;","protected":false},"excerpt":{"rendered":"<p>Die Elternschule ist der pr\u00e4ventive Dienst der Stiftung Kannerschlass. Sie wurde 2002 gegr\u00fcndet und richtet sich an alle Eltern (von werdenden Eltern bis zu Eltern von Jugendlichen), die Lust haben, sich zu treffen, zu diskutieren und sich in einer Gruppe \u00fcber Elternschaft, Kindererziehung und den Familienalltag auszutauschen. Die Antenne Est umfasst mittlerweile 6 Gemeinden: Betzdorf,&#8230;  <a class=\"excerpt-read-more\" href=\"https:\/\/bierger.remich.lu\/de\/ville-de-remich\/schulwesen\/elternschule\/\" title=\"ReadElternschule\">Mehr lesen \u00bb<\/a><\/p>\n","protected":false},"author":4,"featured_media":2035,"parent":1852,"menu_order":20,"comment_status":"closed","ping_status":"closed","template":"","meta":{"_acf_changed":false,"xn-wppe-expiration":[],"xn-wppe-expiration-action":[],"xn-wppe-expiration-prefix":[],"footnotes":"","_links_to":"","_links_to_target":""},"class_list":["post-1926","page","type-page","status-publish","has-post-thumbnail","hentry","keyword-verein"],"acf":[],"yoast_head":"<!-- This site is optimized with the Yoast SEO plugin v26.7 - https:\/\/yoast.com\/wordpress\/plugins\/seo\/ -->\n<title>Elternschule - Ville de Remich<\/title>\n<meta name=\"robots\" content=\"index, follow, max-snippet:-1, max-image-preview:large, max-video-preview:-1\" \/>\n<link rel=\"canonical\" href=\"https:\/\/bierger.remich.lu\/de\/ville-de-remich\/schulwesen\/elternschule\/\" \/>\n<meta property=\"og:locale\" content=\"de_DE\" \/>\n<meta property=\"og:type\" content=\"article\" \/>\n<meta property=\"og:title\" content=\"Elternschule - Ville de Remich\" \/>\n<meta property=\"og:description\" content=\"Die Elternschule ist der pr\u00e4ventive Dienst der Stiftung Kannerschlass. Sie wurde 2002 gegr\u00fcndet und richtet sich an alle Eltern (von werdenden Eltern bis zu Eltern von Jugendlichen), die Lust haben, sich zu treffen, zu diskutieren und sich in einer Gruppe \u00fcber Elternschaft, Kindererziehung und den Familienalltag auszutauschen. Die Antenne Est umfasst mittlerweile 6 Gemeinden: Betzdorf,... Mehr lesen \u00bb\" \/>\n<meta property=\"og:url\" content=\"https:\/\/bierger.remich.lu\/de\/ville-de-remich\/schulwesen\/elternschule\/\" \/>\n<meta property=\"og:site_name\" content=\"Ville de Remich\" \/>\n<meta property=\"article:modified_time\" content=\"2023-07-25T14:19:57+00:00\" \/>\n<meta property=\"og:image\" content=\"https:\/\/bierger.remich.lu\/wp-content\/uploads\/sites\/3\/2017\/08\/christin-hume-316558-e1505206761841.jpg\" \/>\n\t<meta property=\"og:image:width\" content=\"2910\" \/>\n\t<meta property=\"og:image:height\" content=\"3970\" \/>\n\t<meta property=\"og:image:type\" content=\"image\/jpeg\" \/>\n<meta name=\"twitter:card\" content=\"summary_large_image\" \/>\n<meta name=\"twitter:label1\" content=\"Gesch\u00e4tzte Lesezeit\" \/>\n\t<meta name=\"twitter:data1\" content=\"10\u00a0Minuten\" \/>\n<script type=\"application\/ld+json\" class=\"yoast-schema-graph\">{\"@context\":\"https:\/\/schema.org\",\"@graph\":[{\"@type\":\"WebPage\",\"@id\":\"https:\/\/bierger.remich.lu\/de\/ville-de-remich\/schulwesen\/elternschule\/\",\"url\":\"https:\/\/bierger.remich.lu\/de\/ville-de-remich\/schulwesen\/elternschule\/\",\"name\":\"Elternschule - Ville de Remich\",\"isPartOf\":{\"@id\":\"https:\/\/bierger.remich.lu\/de\/#website\"},\"primaryImageOfPage\":{\"@id\":\"https:\/\/bierger.remich.lu\/de\/ville-de-remich\/schulwesen\/elternschule\/#primaryimage\"},\"image\":{\"@id\":\"https:\/\/bierger.remich.lu\/de\/ville-de-remich\/schulwesen\/elternschule\/#primaryimage\"},\"thumbnailUrl\":\"https:\/\/bierger.remich.lu\/wp-content\/uploads\/sites\/3\/2017\/08\/christin-hume-316558-e1505206761841.jpg\",\"datePublished\":\"2017-08-04T09:27:47+00:00\",\"dateModified\":\"2023-07-25T14:19:57+00:00\",\"breadcrumb\":{\"@id\":\"https:\/\/bierger.remich.lu\/de\/ville-de-remich\/schulwesen\/elternschule\/#breadcrumb\"},\"inLanguage\":\"de\",\"potentialAction\":[{\"@type\":\"ReadAction\",\"target\":[\"https:\/\/bierger.remich.lu\/de\/ville-de-remich\/schulwesen\/elternschule\/\"]}]},{\"@type\":\"ImageObject\",\"inLanguage\":\"de\",\"@id\":\"https:\/\/bierger.remich.lu\/de\/ville-de-remich\/schulwesen\/elternschule\/#primaryimage\",\"url\":\"https:\/\/bierger.remich.lu\/wp-content\/uploads\/sites\/3\/2017\/08\/christin-hume-316558-e1505206761841.jpg\",\"contentUrl\":\"https:\/\/bierger.remich.lu\/wp-content\/uploads\/sites\/3\/2017\/08\/christin-hume-316558-e1505206761841.jpg\",\"width\":2910,\"height\":3970},{\"@type\":\"BreadcrumbList\",\"@id\":\"https:\/\/bierger.remich.lu\/de\/ville-de-remich\/schulwesen\/elternschule\/#breadcrumb\",\"itemListElement\":[{\"@type\":\"ListItem\",\"position\":1,\"name\":\"Startseite\",\"item\":\"https:\/\/bierger.remich.lu\/de\/\"},{\"@type\":\"ListItem\",\"position\":2,\"name\":\"Stadt Remich\",\"item\":\"https:\/\/bierger.remich.lu\/de\/ville-de-remich\/\"},{\"@type\":\"ListItem\",\"position\":3,\"name\":\"Bildung und Kinder\",\"item\":\"https:\/\/bierger.remich.lu\/de\/ville-de-remich\/schulwesen\/\"},{\"@type\":\"ListItem\",\"position\":4,\"name\":\"Elternschule\"}]},{\"@type\":\"WebSite\",\"@id\":\"https:\/\/bierger.remich.lu\/de\/#website\",\"url\":\"https:\/\/bierger.remich.lu\/de\/\",\"name\":\"Ville de Remich\",\"description\":\"\",\"potentialAction\":[{\"@type\":\"SearchAction\",\"target\":{\"@type\":\"EntryPoint\",\"urlTemplate\":\"https:\/\/bierger.remich.lu\/de\/?s={search_term_string}\"},\"query-input\":{\"@type\":\"PropertyValueSpecification\",\"valueRequired\":true,\"valueName\":\"search_term_string\"}}],\"inLanguage\":\"de\"}]}<\/script>\n<!-- \/ Yoast SEO plugin. -->","yoast_head_json":{"title":"Elternschule - Ville de Remich","robots":{"index":"index","follow":"follow","max-snippet":"max-snippet:-1","max-image-preview":"max-image-preview:large","max-video-preview":"max-video-preview:-1"},"canonical":"https:\/\/bierger.remich.lu\/de\/ville-de-remich\/schulwesen\/elternschule\/","og_locale":"de_DE","og_type":"article","og_title":"Elternschule - Ville de Remich","og_description":"Die Elternschule ist der pr\u00e4ventive Dienst der Stiftung Kannerschlass. Sie wurde 2002 gegr\u00fcndet und richtet sich an alle Eltern (von werdenden Eltern bis zu Eltern von Jugendlichen), die Lust haben, sich zu treffen, zu diskutieren und sich in einer Gruppe \u00fcber Elternschaft, Kindererziehung und den Familienalltag auszutauschen. Die Antenne Est umfasst mittlerweile 6 Gemeinden: Betzdorf,... Mehr lesen \u00bb","og_url":"https:\/\/bierger.remich.lu\/de\/ville-de-remich\/schulwesen\/elternschule\/","og_site_name":"Ville de Remich","article_modified_time":"2023-07-25T14:19:57+00:00","og_image":[{"width":2910,"height":3970,"url":"https:\/\/bierger.remich.lu\/wp-content\/uploads\/sites\/3\/2017\/08\/christin-hume-316558-e1505206761841.jpg","type":"image\/jpeg"}],"twitter_card":"summary_large_image","twitter_misc":{"Gesch\u00e4tzte Lesezeit":"10\u00a0Minuten"},"schema":{"@context":"https:\/\/schema.org","@graph":[{"@type":"WebPage","@id":"https:\/\/bierger.remich.lu\/de\/ville-de-remich\/schulwesen\/elternschule\/","url":"https:\/\/bierger.remich.lu\/de\/ville-de-remich\/schulwesen\/elternschule\/","name":"Elternschule - Ville de Remich","isPartOf":{"@id":"https:\/\/bierger.remich.lu\/de\/#website"},"primaryImageOfPage":{"@id":"https:\/\/bierger.remich.lu\/de\/ville-de-remich\/schulwesen\/elternschule\/#primaryimage"},"image":{"@id":"https:\/\/bierger.remich.lu\/de\/ville-de-remich\/schulwesen\/elternschule\/#primaryimage"},"thumbnailUrl":"https:\/\/bierger.remich.lu\/wp-content\/uploads\/sites\/3\/2017\/08\/christin-hume-316558-e1505206761841.jpg","datePublished":"2017-08-04T09:27:47+00:00","dateModified":"2023-07-25T14:19:57+00:00","breadcrumb":{"@id":"https:\/\/bierger.remich.lu\/de\/ville-de-remich\/schulwesen\/elternschule\/#breadcrumb"},"inLanguage":"de","potentialAction":[{"@type":"ReadAction","target":["https:\/\/bierger.remich.lu\/de\/ville-de-remich\/schulwesen\/elternschule\/"]}]},{"@type":"ImageObject","inLanguage":"de","@id":"https:\/\/bierger.remich.lu\/de\/ville-de-remich\/schulwesen\/elternschule\/#primaryimage","url":"https:\/\/bierger.remich.lu\/wp-content\/uploads\/sites\/3\/2017\/08\/christin-hume-316558-e1505206761841.jpg","contentUrl":"https:\/\/bierger.remich.lu\/wp-content\/uploads\/sites\/3\/2017\/08\/christin-hume-316558-e1505206761841.jpg","width":2910,"height":3970},{"@type":"BreadcrumbList","@id":"https:\/\/bierger.remich.lu\/de\/ville-de-remich\/schulwesen\/elternschule\/#breadcrumb","itemListElement":[{"@type":"ListItem","position":1,"name":"Startseite","item":"https:\/\/bierger.remich.lu\/de\/"},{"@type":"ListItem","position":2,"name":"Stadt Remich","item":"https:\/\/bierger.remich.lu\/de\/ville-de-remich\/"},{"@type":"ListItem","position":3,"name":"Bildung und Kinder","item":"https:\/\/bierger.remich.lu\/de\/ville-de-remich\/schulwesen\/"},{"@type":"ListItem","position":4,"name":"Elternschule"}]},{"@type":"WebSite","@id":"https:\/\/bierger.remich.lu\/de\/#website","url":"https:\/\/bierger.remich.lu\/de\/","name":"Ville de Remich","description":"","potentialAction":[{"@type":"SearchAction","target":{"@type":"EntryPoint","urlTemplate":"https:\/\/bierger.remich.lu\/de\/?s={search_term_string}"},"query-input":{"@type":"PropertyValueSpecification","valueRequired":true,"valueName":"search_term_string"}}],"inLanguage":"de"}]}},"_links":{"self":[{"href":"https:\/\/bierger.remich.lu\/de\/wp-json\/wp\/v2\/pages\/1926","targetHints":{"allow":["GET"]}}],"collection":[{"href":"https:\/\/bierger.remich.lu\/de\/wp-json\/wp\/v2\/pages"}],"about":[{"href":"https:\/\/bierger.remich.lu\/de\/wp-json\/wp\/v2\/types\/page"}],"author":[{"embeddable":true,"href":"https:\/\/bierger.remich.lu\/de\/wp-json\/wp\/v2\/users\/4"}],"replies":[{"embeddable":true,"href":"https:\/\/bierger.remich.lu\/de\/wp-json\/wp\/v2\/comments?post=1926"}],"version-history":[{"count":10,"href":"https:\/\/bierger.remich.lu\/de\/wp-json\/wp\/v2\/pages\/1926\/revisions"}],"predecessor-version":[{"id":12697,"href":"https:\/\/bierger.remich.lu\/de\/wp-json\/wp\/v2\/pages\/1926\/revisions\/12697"}],"up":[{"embeddable":true,"href":"https:\/\/bierger.remich.lu\/de\/wp-json\/wp\/v2\/pages\/1852"}],"wp:featuredmedia":[{"embeddable":true,"href":"https:\/\/bierger.remich.lu\/de\/wp-json\/wp\/v2\/media\/2035"}],"wp:attachment":[{"href":"https:\/\/bierger.remich.lu\/de\/wp-json\/wp\/v2\/media?parent=1926"}],"curies":[{"name":"wp","href":"https:\/\/api.w.org\/{rel}","templated":true}]}}