{"id":1930,"date":"2017-08-04T10:34:09","date_gmt":"2017-08-04T09:34:09","guid":{"rendered":"http:\/\/reimech.lu\/?page_id=1930"},"modified":"2024-10-03T09:37:08","modified_gmt":"2024-10-03T07:37:08","slug":"ezeiungs-a-familjeberodung-asbl","status":"publish","type":"page","link":"https:\/\/bierger.remich.lu\/de\/ville-de-remich\/schulwesen\/ezeiungs-a-familjeberodung-asbl\/","title":{"rendered":"Erz\u00e9iongs- a Familljeberodung asbl"},"content":{"rendered":"<p>Seit September 2016 hat die Erziehungs- und Familienberatung asbl auch eine Zweigstelle in Remich.<\/p>\n<p>Manchmal stellen die Entwicklung von Kindern oder Jugendlichen, die famili\u00e4ren Beziehungen oder belastende Ereignisse eine gro\u00dfe Herausforderung dar, bei denen eine Unterst\u00fctzung von au\u00dfen hilfreich ist.<\/p>\n<p>Unterst\u00fctzung durch Erziehungsberatung, Familien- und Paarberatung sowie Therapie und Begleitung von Kindern, Jugendlichen und Familien durch unser Team von P\u00e4dagogen, Psychologen und Psychotherapeuten, bilden seit vielen Jahren den Schwerpunkt unseres Angebotes in der Stadt Luxemburg sowie in Ettelbruck.<\/p>\n<p>In unserer Arbeit mit Kindern, Jugendlichen und Familien begegnen wir insbesondere folgenden Themenbereichen:<\/p>\n<ul>\n<li>Bindung, Eltern-Kind Interaktion, soziale Interaktionen<\/li>\n<li>Entwicklungsaufgaben und \u2013 \u00fcberg\u00e4nge<\/li>\n<li>Entwicklung von Probleml\u00f6sungsstrategien<\/li>\n<li>Emotionale Belastungen<\/li>\n<li>Abl\u00f6sung und Verselbst\u00e4ndigung<\/li>\n<li>Umgang mit Aggressionen, schulische Probleme, Unf\u00e4lle, erlebte Traumata, Essst\u00f6rungen, Schlafst\u00f6rungen, sexuelle Verhaltensprobleme<\/li>\n<li>Trennung\/Scheidung<\/li>\n<\/ul>\n<p>Das Angebot der Beratung und Therapie wird durch Gruppen- und Weiterbildungsangebote erg\u00e4nzt:<\/p>\n<ul>\n<li>Marte Meo Kompetenzzentrum, Licensed Supervising Marte Meo Institute, Ausbildung in allen Levels<\/li>\n<li>Babysitterausbildung- und Vermittlung<\/li>\n<li>&#8220; Kinder aus der Klemme &#8220; &#8211; Ein Programm f\u00fcr Familien in hochstrittigen Trennungskonflikten zur Bef\u00e4higung kindbezogenen Handelns<\/li>\n<li>&#8220; D\u2019Nuetseil &#8220; &#8211; therapeutische Gruppe f\u00fcr Kinder mit Schlafschwierigkeiten<\/li>\n<li>Elterngruppe &#8211; &#8220; Versteesdemech &#8220; mit Marte Meo<\/li>\n<li>Familiengruppe &#8220; Musikalisch und k\u00fcnstlerisch in Bindung &#8220; &#8211; Mit Hilfe von Musik und k\u00fcnstlerischen Prozessen Eltern Anregungen geben, mit ihren Kindern in Beziehung zu kommen<\/li>\n<li>Stressbew\u00e4ltigung f\u00fcr Eltern<\/li>\n<li>Projekte mit anderen Einrichtungen (Schulen, Maison Relais, Foyers, Universit\u00e4ten)<\/li>\n<li>Diverse Themenabende und Konferenzen<\/li>\n<\/ul>","protected":false},"excerpt":{"rendered":"<p>Seit September 2016 hat die Erziehungs- und Familienberatung asbl auch eine Zweigstelle in Remich. Manchmal stellen die Entwicklung von Kindern oder Jugendlichen, die famili\u00e4ren Beziehungen oder belastende Ereignisse eine gro\u00dfe Herausforderung dar, bei denen eine Unterst\u00fctzung von au\u00dfen hilfreich ist. Unterst\u00fctzung durch Erziehungsberatung, Familien- und Paarberatung sowie Therapie und Begleitung von Kindern, Jugendlichen und Familien&#8230;  <a class=\"excerpt-read-more\" href=\"https:\/\/bierger.remich.lu\/de\/ville-de-remich\/schulwesen\/ezeiungs-a-familjeberodung-asbl\/\" title=\"ReadErz\u00e9iongs- a Familljeberodung asbl\">Mehr lesen \u00bb<\/a><\/p>\n","protected":false},"author":4,"featured_media":2164,"parent":1852,"menu_order":21,"comment_status":"closed","ping_status":"closed","template":"","meta":{"_acf_changed":false,"xn-wppe-expiration":[],"xn-wppe-expiration-action":[],"xn-wppe-expiration-prefix":[],"footnotes":"","_links_to":"","_links_to_target":""},"class_list":["post-1930","page","type-page","status-publish","has-post-thumbnail","hentry","keyword-gemeinderatssitzung"],"acf":[],"yoast_head":"<!-- This site is optimized with the Yoast SEO plugin v26.7 - https:\/\/yoast.com\/wordpress\/plugins\/seo\/ -->\n<title>Erz\u00e9iongs- a Familljeberodung asbl - Ville de Remich<\/title>\n<meta name=\"robots\" content=\"index, follow, max-snippet:-1, max-image-preview:large, max-video-preview:-1\" \/>\n<link rel=\"canonical\" href=\"https:\/\/bierger.remich.lu\/de\/ville-de-remich\/schulwesen\/ezeiungs-a-familjeberodung-asbl\/\" \/>\n<meta property=\"og:locale\" content=\"de_DE\" \/>\n<meta property=\"og:type\" content=\"article\" \/>\n<meta property=\"og:title\" content=\"Erz\u00e9iongs- a Familljeberodung asbl - Ville de Remich\" \/>\n<meta property=\"og:description\" content=\"Seit September 2016 hat die Erziehungs- und Familienberatung asbl auch eine Zweigstelle in Remich. Manchmal stellen die Entwicklung von Kindern oder Jugendlichen, die famili\u00e4ren Beziehungen oder belastende Ereignisse eine gro\u00dfe Herausforderung dar, bei denen eine Unterst\u00fctzung von au\u00dfen hilfreich ist. Unterst\u00fctzung durch Erziehungsberatung, Familien- und Paarberatung sowie Therapie und Begleitung von Kindern, Jugendlichen und Familien... Mehr lesen \u00bb\" \/>\n<meta property=\"og:url\" content=\"https:\/\/bierger.remich.lu\/de\/ville-de-remich\/schulwesen\/ezeiungs-a-familjeberodung-asbl\/\" \/>\n<meta property=\"og:site_name\" content=\"Ville de Remich\" \/>\n<meta property=\"article:modified_time\" content=\"2024-10-03T07:37:08+00:00\" \/>\n<meta property=\"og:image\" content=\"https:\/\/bierger.remich.lu\/wp-content\/uploads\/sites\/3\/2017\/09\/liv-bruce-361674-1024x683.jpg\" \/>\n\t<meta property=\"og:image:width\" content=\"1024\" \/>\n\t<meta property=\"og:image:height\" content=\"683\" \/>\n\t<meta property=\"og:image:type\" content=\"image\/jpeg\" \/>\n<meta name=\"twitter:card\" content=\"summary_large_image\" \/>\n<meta name=\"twitter:label1\" content=\"Gesch\u00e4tzte Lesezeit\" \/>\n\t<meta name=\"twitter:data1\" content=\"5\u00a0Minuten\" \/>\n<script type=\"application\/ld+json\" class=\"yoast-schema-graph\">{\"@context\":\"https:\/\/schema.org\",\"@graph\":[{\"@type\":\"WebPage\",\"@id\":\"https:\/\/bierger.remich.lu\/de\/ville-de-remich\/schulwesen\/ezeiungs-a-familjeberodung-asbl\/\",\"url\":\"https:\/\/bierger.remich.lu\/de\/ville-de-remich\/schulwesen\/ezeiungs-a-familjeberodung-asbl\/\",\"name\":\"Erz\u00e9iongs- a Familljeberodung asbl - Ville de Remich\",\"isPartOf\":{\"@id\":\"https:\/\/bierger.remich.lu\/de\/#website\"},\"primaryImageOfPage\":{\"@id\":\"https:\/\/bierger.remich.lu\/de\/ville-de-remich\/schulwesen\/ezeiungs-a-familjeberodung-asbl\/#primaryimage\"},\"image\":{\"@id\":\"https:\/\/bierger.remich.lu\/de\/ville-de-remich\/schulwesen\/ezeiungs-a-familjeberodung-asbl\/#primaryimage\"},\"thumbnailUrl\":\"https:\/\/bierger.remich.lu\/wp-content\/uploads\/sites\/3\/2017\/09\/liv-bruce-361674.jpg\",\"datePublished\":\"2017-08-04T09:34:09+00:00\",\"dateModified\":\"2024-10-03T07:37:08+00:00\",\"breadcrumb\":{\"@id\":\"https:\/\/bierger.remich.lu\/de\/ville-de-remich\/schulwesen\/ezeiungs-a-familjeberodung-asbl\/#breadcrumb\"},\"inLanguage\":\"de\",\"potentialAction\":[{\"@type\":\"ReadAction\",\"target\":[\"https:\/\/bierger.remich.lu\/de\/ville-de-remich\/schulwesen\/ezeiungs-a-familjeberodung-asbl\/\"]}]},{\"@type\":\"ImageObject\",\"inLanguage\":\"de\",\"@id\":\"https:\/\/bierger.remich.lu\/de\/ville-de-remich\/schulwesen\/ezeiungs-a-familjeberodung-asbl\/#primaryimage\",\"url\":\"https:\/\/bierger.remich.lu\/wp-content\/uploads\/sites\/3\/2017\/09\/liv-bruce-361674.jpg\",\"contentUrl\":\"https:\/\/bierger.remich.lu\/wp-content\/uploads\/sites\/3\/2017\/09\/liv-bruce-361674.jpg\",\"width\":4961,\"height\":3307},{\"@type\":\"BreadcrumbList\",\"@id\":\"https:\/\/bierger.remich.lu\/de\/ville-de-remich\/schulwesen\/ezeiungs-a-familjeberodung-asbl\/#breadcrumb\",\"itemListElement\":[{\"@type\":\"ListItem\",\"position\":1,\"name\":\"Startseite\",\"item\":\"https:\/\/bierger.remich.lu\/de\/\"},{\"@type\":\"ListItem\",\"position\":2,\"name\":\"Stadt Remich\",\"item\":\"https:\/\/bierger.remich.lu\/de\/ville-de-remich\/\"},{\"@type\":\"ListItem\",\"position\":3,\"name\":\"Bildung und Kinder\",\"item\":\"https:\/\/bierger.remich.lu\/de\/ville-de-remich\/schulwesen\/\"},{\"@type\":\"ListItem\",\"position\":4,\"name\":\"Erz\u00e9iongs- a Familljeberodung asbl\"}]},{\"@type\":\"WebSite\",\"@id\":\"https:\/\/bierger.remich.lu\/de\/#website\",\"url\":\"https:\/\/bierger.remich.lu\/de\/\",\"name\":\"Ville de Remich\",\"description\":\"\",\"potentialAction\":[{\"@type\":\"SearchAction\",\"target\":{\"@type\":\"EntryPoint\",\"urlTemplate\":\"https:\/\/bierger.remich.lu\/de\/?s={search_term_string}\"},\"query-input\":{\"@type\":\"PropertyValueSpecification\",\"valueRequired\":true,\"valueName\":\"search_term_string\"}}],\"inLanguage\":\"de\"}]}<\/script>\n<!-- \/ Yoast SEO plugin. -->","yoast_head_json":{"title":"Erz\u00e9iongs- a Familljeberodung asbl - Ville de Remich","robots":{"index":"index","follow":"follow","max-snippet":"max-snippet:-1","max-image-preview":"max-image-preview:large","max-video-preview":"max-video-preview:-1"},"canonical":"https:\/\/bierger.remich.lu\/de\/ville-de-remich\/schulwesen\/ezeiungs-a-familjeberodung-asbl\/","og_locale":"de_DE","og_type":"article","og_title":"Erz\u00e9iongs- a Familljeberodung asbl - Ville de Remich","og_description":"Seit September 2016 hat die Erziehungs- und Familienberatung asbl auch eine Zweigstelle in Remich. Manchmal stellen die Entwicklung von Kindern oder Jugendlichen, die famili\u00e4ren Beziehungen oder belastende Ereignisse eine gro\u00dfe Herausforderung dar, bei denen eine Unterst\u00fctzung von au\u00dfen hilfreich ist. Unterst\u00fctzung durch Erziehungsberatung, Familien- und Paarberatung sowie Therapie und Begleitung von Kindern, Jugendlichen und Familien... Mehr lesen \u00bb","og_url":"https:\/\/bierger.remich.lu\/de\/ville-de-remich\/schulwesen\/ezeiungs-a-familjeberodung-asbl\/","og_site_name":"Ville de Remich","article_modified_time":"2024-10-03T07:37:08+00:00","og_image":[{"width":1024,"height":683,"url":"https:\/\/bierger.remich.lu\/wp-content\/uploads\/sites\/3\/2017\/09\/liv-bruce-361674-1024x683.jpg","type":"image\/jpeg"}],"twitter_card":"summary_large_image","twitter_misc":{"Gesch\u00e4tzte Lesezeit":"5\u00a0Minuten"},"schema":{"@context":"https:\/\/schema.org","@graph":[{"@type":"WebPage","@id":"https:\/\/bierger.remich.lu\/de\/ville-de-remich\/schulwesen\/ezeiungs-a-familjeberodung-asbl\/","url":"https:\/\/bierger.remich.lu\/de\/ville-de-remich\/schulwesen\/ezeiungs-a-familjeberodung-asbl\/","name":"Erz\u00e9iongs- a Familljeberodung asbl - Ville de Remich","isPartOf":{"@id":"https:\/\/bierger.remich.lu\/de\/#website"},"primaryImageOfPage":{"@id":"https:\/\/bierger.remich.lu\/de\/ville-de-remich\/schulwesen\/ezeiungs-a-familjeberodung-asbl\/#primaryimage"},"image":{"@id":"https:\/\/bierger.remich.lu\/de\/ville-de-remich\/schulwesen\/ezeiungs-a-familjeberodung-asbl\/#primaryimage"},"thumbnailUrl":"https:\/\/bierger.remich.lu\/wp-content\/uploads\/sites\/3\/2017\/09\/liv-bruce-361674.jpg","datePublished":"2017-08-04T09:34:09+00:00","dateModified":"2024-10-03T07:37:08+00:00","breadcrumb":{"@id":"https:\/\/bierger.remich.lu\/de\/ville-de-remich\/schulwesen\/ezeiungs-a-familjeberodung-asbl\/#breadcrumb"},"inLanguage":"de","potentialAction":[{"@type":"ReadAction","target":["https:\/\/bierger.remich.lu\/de\/ville-de-remich\/schulwesen\/ezeiungs-a-familjeberodung-asbl\/"]}]},{"@type":"ImageObject","inLanguage":"de","@id":"https:\/\/bierger.remich.lu\/de\/ville-de-remich\/schulwesen\/ezeiungs-a-familjeberodung-asbl\/#primaryimage","url":"https:\/\/bierger.remich.lu\/wp-content\/uploads\/sites\/3\/2017\/09\/liv-bruce-361674.jpg","contentUrl":"https:\/\/bierger.remich.lu\/wp-content\/uploads\/sites\/3\/2017\/09\/liv-bruce-361674.jpg","width":4961,"height":3307},{"@type":"BreadcrumbList","@id":"https:\/\/bierger.remich.lu\/de\/ville-de-remich\/schulwesen\/ezeiungs-a-familjeberodung-asbl\/#breadcrumb","itemListElement":[{"@type":"ListItem","position":1,"name":"Startseite","item":"https:\/\/bierger.remich.lu\/de\/"},{"@type":"ListItem","position":2,"name":"Stadt Remich","item":"https:\/\/bierger.remich.lu\/de\/ville-de-remich\/"},{"@type":"ListItem","position":3,"name":"Bildung und Kinder","item":"https:\/\/bierger.remich.lu\/de\/ville-de-remich\/schulwesen\/"},{"@type":"ListItem","position":4,"name":"Erz\u00e9iongs- a Familljeberodung asbl"}]},{"@type":"WebSite","@id":"https:\/\/bierger.remich.lu\/de\/#website","url":"https:\/\/bierger.remich.lu\/de\/","name":"Ville de Remich","description":"","potentialAction":[{"@type":"SearchAction","target":{"@type":"EntryPoint","urlTemplate":"https:\/\/bierger.remich.lu\/de\/?s={search_term_string}"},"query-input":{"@type":"PropertyValueSpecification","valueRequired":true,"valueName":"search_term_string"}}],"inLanguage":"de"}]}},"_links":{"self":[{"href":"https:\/\/bierger.remich.lu\/de\/wp-json\/wp\/v2\/pages\/1930","targetHints":{"allow":["GET"]}}],"collection":[{"href":"https:\/\/bierger.remich.lu\/de\/wp-json\/wp\/v2\/pages"}],"about":[{"href":"https:\/\/bierger.remich.lu\/de\/wp-json\/wp\/v2\/types\/page"}],"author":[{"embeddable":true,"href":"https:\/\/bierger.remich.lu\/de\/wp-json\/wp\/v2\/users\/4"}],"replies":[{"embeddable":true,"href":"https:\/\/bierger.remich.lu\/de\/wp-json\/wp\/v2\/comments?post=1930"}],"version-history":[{"count":11,"href":"https:\/\/bierger.remich.lu\/de\/wp-json\/wp\/v2\/pages\/1930\/revisions"}],"predecessor-version":[{"id":14898,"href":"https:\/\/bierger.remich.lu\/de\/wp-json\/wp\/v2\/pages\/1930\/revisions\/14898"}],"up":[{"embeddable":true,"href":"https:\/\/bierger.remich.lu\/de\/wp-json\/wp\/v2\/pages\/1852"}],"wp:featuredmedia":[{"embeddable":true,"href":"https:\/\/bierger.remich.lu\/de\/wp-json\/wp\/v2\/media\/2164"}],"wp:attachment":[{"href":"https:\/\/bierger.remich.lu\/de\/wp-json\/wp\/v2\/media?parent=1930"}],"curies":[{"name":"wp","href":"https:\/\/api.w.org\/{rel}","templated":true}]}}