{"id":1938,"date":"2017-08-04T10:41:14","date_gmt":"2017-08-04T09:41:14","guid":{"rendered":"http:\/\/reimech.lu\/?page_id=1938"},"modified":"2024-07-23T15:09:28","modified_gmt":"2024-07-23T13:09:28","slug":"jumelage","status":"publish","type":"page","link":"https:\/\/bierger.remich.lu\/de\/ville-de-remich\/jumelage\/","title":{"rendered":"St\u00e4dtepartnerschaft"},"content":{"rendered":"Seit dem Jahr 2003 sind die St\u00e4dte Remich und Bessan durch eine St\u00e4dtepartnerschaft miteinander verbunden.<\/p>\n<p>Bessan ist\u00a0eine kleine charmante Stadt\u00a0im D\u00e9partement H\u00e9rault und der Region Languedoc Roussillon mit etwa 4600 Einwohnern und einer Fl\u00e4che von 2765 ha. Die Stadt liegt malerisch inmitten einer jahrtausenalten Kulturlandschaft, die vom Weinbau und dem Fluss H\u00e9rault gepr\u00e4gt ist. Der Besucher\u00a0findet unz\u00e4hlige reizvolle und ruhige Pl\u00e4tze, welche zum Entspannen und Verweilen einladen.<\/p>\n<p>Zahlreiche historische Spuren und Legenden lassen das Herz des Geschichtsinteressierten h\u00f6her schlagen und der H\u00f6hepunkt eines jeden Jahres bilden die Festlichkeiten um den heiligen Laurentius mit dem gro\u00dfen folkloristischen Umzug, der ganz im Zeichen des Wappentieres der Stadt steht: einem Esel.<\/p>\n<p>Lernen Sie Bessan kennen:<\/p>\n<ul>\n<li><a href=\"https:\/\/fb.watch\/tnvSvIildk\/\">Video zur Vorstellung der Stadt: Ein Jahr in Bessan<\/a><\/li>\n<li><a href=\"https:\/\/fb.watch\/tnvSvIildk\/\">Video des Fremdenverkehrsamts Cap d&#8217;Agde M\u00e9diterran\u00e9e: Wir waren in Bessan.<\/a><\/li>\n<li><a href=\"https:\/\/www.youtube.com\/watch?v=inV4EcI0Pvw\">Video der Wassersportbasis La Guinguette<\/a><\/li>\n<li><a href=\"https:\/\/www.youtube.com\/watch?v=O-Hxad93l-8\">Video der Genossenschaftskellerei Le Ros\u00e9 de Bessan<\/a><\/li>\n<\/ul>\n<p>Regelm\u00e4ssig findet im Rahmen\u00a0der Partnerschaft ein Austausch statt, sei es auf kulturelles, sportlicher oder Vereinsebene, um somit Erfahrungen zu teilen und Freundschaftsbande zu kn\u00fcpfen und zu erhalten.\u00a0Dabei d\u00fcrfen wir den j\u00e4hrlichen Sch\u00fcleraustausch nicht vergessen, welcher einen wertvollen Beitrag im Schulalltag darstellt.<\/p>\n<p>Den Austausch zwischen unseren Einwohnern zu\u00a0f\u00f6rdern und f\u00fcr gegenseitiges Verst\u00e4ndnis und aktives Miteinander zu werden, bilden die Grundpfeiler dieser Partnerschaft.<\/p>\n<div class=\"source_url_spacer\"><\/div>","protected":false},"excerpt":{"rendered":"<p>Seit dem Jahr 2003 sind die St\u00e4dte Remich und Bessan durch eine St\u00e4dtepartnerschaft miteinander verbunden. Bessan ist\u00a0eine kleine charmante Stadt\u00a0im D\u00e9partement H\u00e9rault und der Region Languedoc Roussillon mit etwa 4600 Einwohnern und einer Fl\u00e4che von 2765 ha. Die Stadt liegt malerisch inmitten einer jahrtausenalten Kulturlandschaft, die vom Weinbau und dem Fluss H\u00e9rault gepr\u00e4gt ist. Der&#8230;  <a class=\"excerpt-read-more\" href=\"https:\/\/bierger.remich.lu\/de\/ville-de-remich\/jumelage\/\" title=\"ReadSt\u00e4dtepartnerschaft\">Mehr lesen \u00bb<\/a><\/p>\n","protected":false},"author":4,"featured_media":2283,"parent":13,"menu_order":41,"comment_status":"closed","ping_status":"closed","template":"","meta":{"_acf_changed":false,"xn-wppe-expiration":[],"xn-wppe-expiration-action":[],"xn-wppe-expiration-prefix":[],"footnotes":"","_links_to":"","_links_to_target":""},"class_list":["post-1938","page","type-page","status-publish","has-post-thumbnail","hentry","keyword-stadtepartnerschaft"],"acf":[],"yoast_head":"<!-- This site is optimized with the Yoast SEO plugin v26.7 - https:\/\/yoast.com\/wordpress\/plugins\/seo\/ -->\n<title>St\u00e4dtepartnerschaft - Ville de Remich<\/title>\n<meta name=\"robots\" content=\"index, follow, max-snippet:-1, max-image-preview:large, max-video-preview:-1\" \/>\n<link rel=\"canonical\" href=\"https:\/\/bierger.remich.lu\/de\/ville-de-remich\/jumelage\/\" \/>\n<meta property=\"og:locale\" content=\"de_DE\" \/>\n<meta property=\"og:type\" content=\"article\" \/>\n<meta property=\"og:title\" content=\"St\u00e4dtepartnerschaft - Ville de Remich\" \/>\n<meta property=\"og:description\" content=\"Seit dem Jahr 2003 sind die St\u00e4dte Remich und Bessan durch eine St\u00e4dtepartnerschaft miteinander verbunden. Bessan ist\u00a0eine kleine charmante Stadt\u00a0im D\u00e9partement H\u00e9rault und der Region Languedoc Roussillon mit etwa 4600 Einwohnern und einer Fl\u00e4che von 2765 ha. Die Stadt liegt malerisch inmitten einer jahrtausenalten Kulturlandschaft, die vom Weinbau und dem Fluss H\u00e9rault gepr\u00e4gt ist. Der... Mehr lesen \u00bb\" \/>\n<meta property=\"og:url\" content=\"https:\/\/bierger.remich.lu\/de\/ville-de-remich\/jumelage\/\" \/>\n<meta property=\"og:site_name\" content=\"Ville de Remich\" \/>\n<meta property=\"article:modified_time\" content=\"2024-07-23T13:09:28+00:00\" \/>\n<meta property=\"og:image\" content=\"https:\/\/bierger.remich.lu\/wp-content\/uploads\/sites\/3\/2017\/08\/IMG_3574.jpg\" \/>\n\t<meta property=\"og:image:width\" content=\"1704\" \/>\n\t<meta property=\"og:image:height\" content=\"2272\" \/>\n\t<meta property=\"og:image:type\" content=\"image\/jpeg\" \/>\n<meta name=\"twitter:card\" content=\"summary_large_image\" \/>\n<meta name=\"twitter:label1\" content=\"Gesch\u00e4tzte Lesezeit\" \/>\n\t<meta name=\"twitter:data1\" content=\"2\u00a0Minuten\" \/>\n<script type=\"application\/ld+json\" class=\"yoast-schema-graph\">{\"@context\":\"https:\/\/schema.org\",\"@graph\":[{\"@type\":\"WebPage\",\"@id\":\"https:\/\/bierger.remich.lu\/de\/ville-de-remich\/jumelage\/\",\"url\":\"https:\/\/bierger.remich.lu\/de\/ville-de-remich\/jumelage\/\",\"name\":\"St\u00e4dtepartnerschaft - Ville de Remich\",\"isPartOf\":{\"@id\":\"https:\/\/bierger.remich.lu\/de\/#website\"},\"primaryImageOfPage\":{\"@id\":\"https:\/\/bierger.remich.lu\/de\/ville-de-remich\/jumelage\/#primaryimage\"},\"image\":{\"@id\":\"https:\/\/bierger.remich.lu\/de\/ville-de-remich\/jumelage\/#primaryimage\"},\"thumbnailUrl\":\"https:\/\/bierger.remich.lu\/wp-content\/uploads\/sites\/3\/2017\/08\/IMG_3574.jpg\",\"datePublished\":\"2017-08-04T09:41:14+00:00\",\"dateModified\":\"2024-07-23T13:09:28+00:00\",\"breadcrumb\":{\"@id\":\"https:\/\/bierger.remich.lu\/de\/ville-de-remich\/jumelage\/#breadcrumb\"},\"inLanguage\":\"de\",\"potentialAction\":[{\"@type\":\"ReadAction\",\"target\":[\"https:\/\/bierger.remich.lu\/de\/ville-de-remich\/jumelage\/\"]}]},{\"@type\":\"ImageObject\",\"inLanguage\":\"de\",\"@id\":\"https:\/\/bierger.remich.lu\/de\/ville-de-remich\/jumelage\/#primaryimage\",\"url\":\"https:\/\/bierger.remich.lu\/wp-content\/uploads\/sites\/3\/2017\/08\/IMG_3574.jpg\",\"contentUrl\":\"https:\/\/bierger.remich.lu\/wp-content\/uploads\/sites\/3\/2017\/08\/IMG_3574.jpg\",\"width\":1704,\"height\":2272},{\"@type\":\"BreadcrumbList\",\"@id\":\"https:\/\/bierger.remich.lu\/de\/ville-de-remich\/jumelage\/#breadcrumb\",\"itemListElement\":[{\"@type\":\"ListItem\",\"position\":1,\"name\":\"Startseite\",\"item\":\"https:\/\/bierger.remich.lu\/de\/\"},{\"@type\":\"ListItem\",\"position\":2,\"name\":\"Stadt Remich\",\"item\":\"https:\/\/bierger.remich.lu\/de\/ville-de-remich\/\"},{\"@type\":\"ListItem\",\"position\":3,\"name\":\"St\u00e4dtepartnerschaft\"}]},{\"@type\":\"WebSite\",\"@id\":\"https:\/\/bierger.remich.lu\/de\/#website\",\"url\":\"https:\/\/bierger.remich.lu\/de\/\",\"name\":\"Ville de Remich\",\"description\":\"\",\"potentialAction\":[{\"@type\":\"SearchAction\",\"target\":{\"@type\":\"EntryPoint\",\"urlTemplate\":\"https:\/\/bierger.remich.lu\/de\/?s={search_term_string}\"},\"query-input\":{\"@type\":\"PropertyValueSpecification\",\"valueRequired\":true,\"valueName\":\"search_term_string\"}}],\"inLanguage\":\"de\"}]}<\/script>\n<!-- \/ Yoast SEO plugin. -->","yoast_head_json":{"title":"St\u00e4dtepartnerschaft - Ville de Remich","robots":{"index":"index","follow":"follow","max-snippet":"max-snippet:-1","max-image-preview":"max-image-preview:large","max-video-preview":"max-video-preview:-1"},"canonical":"https:\/\/bierger.remich.lu\/de\/ville-de-remich\/jumelage\/","og_locale":"de_DE","og_type":"article","og_title":"St\u00e4dtepartnerschaft - Ville de Remich","og_description":"Seit dem Jahr 2003 sind die St\u00e4dte Remich und Bessan durch eine St\u00e4dtepartnerschaft miteinander verbunden. Bessan ist\u00a0eine kleine charmante Stadt\u00a0im D\u00e9partement H\u00e9rault und der Region Languedoc Roussillon mit etwa 4600 Einwohnern und einer Fl\u00e4che von 2765 ha. Die Stadt liegt malerisch inmitten einer jahrtausenalten Kulturlandschaft, die vom Weinbau und dem Fluss H\u00e9rault gepr\u00e4gt ist. Der... Mehr lesen \u00bb","og_url":"https:\/\/bierger.remich.lu\/de\/ville-de-remich\/jumelage\/","og_site_name":"Ville de Remich","article_modified_time":"2024-07-23T13:09:28+00:00","og_image":[{"width":1704,"height":2272,"url":"https:\/\/bierger.remich.lu\/wp-content\/uploads\/sites\/3\/2017\/08\/IMG_3574.jpg","type":"image\/jpeg"}],"twitter_card":"summary_large_image","twitter_misc":{"Gesch\u00e4tzte Lesezeit":"2\u00a0Minuten"},"schema":{"@context":"https:\/\/schema.org","@graph":[{"@type":"WebPage","@id":"https:\/\/bierger.remich.lu\/de\/ville-de-remich\/jumelage\/","url":"https:\/\/bierger.remich.lu\/de\/ville-de-remich\/jumelage\/","name":"St\u00e4dtepartnerschaft - Ville de Remich","isPartOf":{"@id":"https:\/\/bierger.remich.lu\/de\/#website"},"primaryImageOfPage":{"@id":"https:\/\/bierger.remich.lu\/de\/ville-de-remich\/jumelage\/#primaryimage"},"image":{"@id":"https:\/\/bierger.remich.lu\/de\/ville-de-remich\/jumelage\/#primaryimage"},"thumbnailUrl":"https:\/\/bierger.remich.lu\/wp-content\/uploads\/sites\/3\/2017\/08\/IMG_3574.jpg","datePublished":"2017-08-04T09:41:14+00:00","dateModified":"2024-07-23T13:09:28+00:00","breadcrumb":{"@id":"https:\/\/bierger.remich.lu\/de\/ville-de-remich\/jumelage\/#breadcrumb"},"inLanguage":"de","potentialAction":[{"@type":"ReadAction","target":["https:\/\/bierger.remich.lu\/de\/ville-de-remich\/jumelage\/"]}]},{"@type":"ImageObject","inLanguage":"de","@id":"https:\/\/bierger.remich.lu\/de\/ville-de-remich\/jumelage\/#primaryimage","url":"https:\/\/bierger.remich.lu\/wp-content\/uploads\/sites\/3\/2017\/08\/IMG_3574.jpg","contentUrl":"https:\/\/bierger.remich.lu\/wp-content\/uploads\/sites\/3\/2017\/08\/IMG_3574.jpg","width":1704,"height":2272},{"@type":"BreadcrumbList","@id":"https:\/\/bierger.remich.lu\/de\/ville-de-remich\/jumelage\/#breadcrumb","itemListElement":[{"@type":"ListItem","position":1,"name":"Startseite","item":"https:\/\/bierger.remich.lu\/de\/"},{"@type":"ListItem","position":2,"name":"Stadt Remich","item":"https:\/\/bierger.remich.lu\/de\/ville-de-remich\/"},{"@type":"ListItem","position":3,"name":"St\u00e4dtepartnerschaft"}]},{"@type":"WebSite","@id":"https:\/\/bierger.remich.lu\/de\/#website","url":"https:\/\/bierger.remich.lu\/de\/","name":"Ville de Remich","description":"","potentialAction":[{"@type":"SearchAction","target":{"@type":"EntryPoint","urlTemplate":"https:\/\/bierger.remich.lu\/de\/?s={search_term_string}"},"query-input":{"@type":"PropertyValueSpecification","valueRequired":true,"valueName":"search_term_string"}}],"inLanguage":"de"}]}},"_links":{"self":[{"href":"https:\/\/bierger.remich.lu\/de\/wp-json\/wp\/v2\/pages\/1938","targetHints":{"allow":["GET"]}}],"collection":[{"href":"https:\/\/bierger.remich.lu\/de\/wp-json\/wp\/v2\/pages"}],"about":[{"href":"https:\/\/bierger.remich.lu\/de\/wp-json\/wp\/v2\/types\/page"}],"author":[{"embeddable":true,"href":"https:\/\/bierger.remich.lu\/de\/wp-json\/wp\/v2\/users\/4"}],"replies":[{"embeddable":true,"href":"https:\/\/bierger.remich.lu\/de\/wp-json\/wp\/v2\/comments?post=1938"}],"version-history":[{"count":15,"href":"https:\/\/bierger.remich.lu\/de\/wp-json\/wp\/v2\/pages\/1938\/revisions"}],"predecessor-version":[{"id":14623,"href":"https:\/\/bierger.remich.lu\/de\/wp-json\/wp\/v2\/pages\/1938\/revisions\/14623"}],"up":[{"embeddable":true,"href":"https:\/\/bierger.remich.lu\/de\/wp-json\/wp\/v2\/pages\/13"}],"wp:featuredmedia":[{"embeddable":true,"href":"https:\/\/bierger.remich.lu\/de\/wp-json\/wp\/v2\/media\/2283"}],"wp:attachment":[{"href":"https:\/\/bierger.remich.lu\/de\/wp-json\/wp\/v2\/media?parent=1938"}],"curies":[{"name":"wp","href":"https:\/\/api.w.org\/{rel}","templated":true}]}}