{"id":1972,"date":"2017-08-17T09:47:31","date_gmt":"2017-08-17T08:47:31","guid":{"rendered":"http:\/\/reimech.lu\/?page_id=1972"},"modified":"2025-10-21T16:31:32","modified_gmt":"2025-10-21T14:31:32","slug":"hochwasser-der-mosel","status":"publish","type":"page","link":"https:\/\/bierger.remich.lu\/de\/ville-de-remich\/hochwasser-der-mosel\/","title":{"rendered":"Hochwasser der Mosel"},"content":{"rendered":"<h4>Die aktuellen Daten \u00fcber den Wasserstand der Mosel k\u00f6nnen unter folgender Telefonnummer abgerufen werden:<\/h4>\n<ul>\n<li>Pegel Remich:\n<ul>\n<li><span style=\"color: #000000\">Das ganze Jahr \u00fcber: (+352) 26 66 09 18<\/span><\/li>\n<li><span style=\"color: #000000\"><strong>Bei Hochwasser<\/strong>: (+352) 90 07 18 26<\/span><\/li>\n<\/ul>\n<\/li>\n<li>Alle Informationen finden Sie auch auf der <a href=\"https:\/\/www.inondations.lu\/?lang=de\">Internetseite des Wasserwirtschaftsamtes<\/a>.<\/li>\n<\/ul>\n<h4>Richtwerte im Falle von Hochwasser in Remich:<\/h4>\n<ul>\n<li><span style=\"color: #ff6600\">450 cm | Beginn der Wachsamkeitsstufe in Remich<br \/>\n<\/span><\/li>\n<li>ca 460 | Beginn \u00dcberschwemmung Parking du Port (unter der Br\u00fccke)<\/li>\n<li>495 cm | Kreuzung Busbahnhof<\/li>\n<li>518 cm | Rue du Pont \/ Esplanade<\/li>\n<li>535 cm | Rue de Macher \/ Rue du Camping<\/li>\n<li>550 cm | Rue de l&#8217;Hospice \/ Rue de Macher<\/li>\n<li>555 cm | Rue de Macher \/ Rue Neuve<\/li>\n<li>575 cm |Rue de Macher (ehemalige Apotheke)<\/li>\n<li>625 cm | Kreuzung Maatebierg \/ Route de Stadtbredimus<\/li>\n<li>650 cm | 15, place du March\u00e9<\/li>\n<\/ul>\n<img loading=\"lazy\" decoding=\"async\" class=\"alignnone wp-image-7640 size-large\" src=\"http:\/\/bierger.remich.lu\/wp-content\/uploads\/sites\/3\/2021\/07\/Crue-echelle.001-1024x768.jpeg\" alt=\"\" width=\"1024\" height=\"768\" srcset=\"https:\/\/bierger.remich.lu\/wp-content\/uploads\/sites\/3\/2021\/07\/Crue-echelle.001.jpeg 1024w, https:\/\/bierger.remich.lu\/wp-content\/uploads\/sites\/3\/2021\/07\/Crue-echelle.001-300x225.jpeg 300w\" sizes=\"auto, (max-width: 1024px) 100vw, 1024px\" \/>\n<h4><strong>An die Haushalte im potentiellen \u00dcberschwemmungsgebiet:<\/strong><\/h4>\n<ul>\n<li>Gummistiefel, ggfs. sogenannte Wathosen sollten zur Grundausstattung geh\u00f6ren.<\/li>\n<li>Ab einem gewissen Pegelstand bringt ein Taxi-Boot die Einwohner aus Ihren H\u00e4usern, damit diese ihrem all-t\u00e4glichen Leben nachgehen k\u00f6nnen. Das Taxi-Boot kann unter der Nummer 621 888 111 (Nummer nur aktiv ab einem gewissen Pegelstand) zwischen 6 und 22 Uhr bestellt werden. Au\u00dferhalb von diesen Zeiten muss der Hilfsdienst unter der Nummer 112 kontaktiert werden.<\/li>\n<\/ul>\n<h4>Informationen zu \u00f6ffentlichem Personennahverkehr :<\/h4>\n<p>Bei Hochwasser mit gesperrter N10 (Kreuzung Place du March\u00e9-Route du Vin) werden die Haltestellen am Busbahnhof nicht angefahren:<\/p>\n<ul>\n<li>Richtung Grevenmacher muss die Haltestelle \u201eMaatebierg\u201c benutzt werden.<\/li>\n<li>Richtung Luxemburg-Stadt oder Schengener Lyc\u00e9e muss man die Haltestelle \u201ePlace Nico Klopp\u201c benutzen.<\/li>\n<li>Informationen zum Schultransport der Grundschule: bitte informieren Sie sich im \u201eSchoulbuet\u201c oder fragen Sie beim Schuldienst nach (servicescolaire@remich.lu)<\/li>\n<\/ul>","protected":false},"excerpt":{"rendered":"<p>Die aktuellen Daten \u00fcber den Wasserstand der Mosel k\u00f6nnen unter folgender Telefonnummer abgerufen werden: Pegel Remich: Das ganze Jahr \u00fcber: (+352) 26 66 09 18 Bei Hochwasser: (+352) 90 07 18 26 Alle Informationen finden Sie auch auf der Internetseite des Wasserwirtschaftsamtes. Richtwerte im Falle von Hochwasser in Remich: 450 cm | Beginn der Wachsamkeitsstufe&#8230;  <a class=\"excerpt-read-more\" href=\"https:\/\/bierger.remich.lu\/de\/ville-de-remich\/hochwasser-der-mosel\/\" title=\"ReadHochwasser der Mosel\">Mehr lesen \u00bb<\/a><\/p>\n","protected":false},"author":4,"featured_media":2020,"parent":13,"menu_order":2,"comment_status":"closed","ping_status":"closed","template":"","meta":{"_acf_changed":false,"xn-wppe-expiration":[],"xn-wppe-expiration-action":[],"xn-wppe-expiration-prefix":[],"footnotes":"","_links_to":"","_links_to_target":""},"class_list":["post-1972","page","type-page","status-publish","has-post-thumbnail","hentry","keyword-eau"],"acf":[],"yoast_head":"<!-- This site is optimized with the Yoast SEO plugin v26.7 - https:\/\/yoast.com\/wordpress\/plugins\/seo\/ -->\n<title>Hochwasser der Mosel - Ville de Remich<\/title>\n<meta name=\"robots\" content=\"index, follow, max-snippet:-1, max-image-preview:large, max-video-preview:-1\" \/>\n<link rel=\"canonical\" href=\"https:\/\/bierger.remich.lu\/ville-de-remich\/hochwasser-der-mosel\/\" \/>\n<meta property=\"og:locale\" content=\"de_DE\" \/>\n<meta property=\"og:type\" content=\"article\" \/>\n<meta property=\"og:title\" content=\"Hochwasser der Mosel - Ville de Remich\" \/>\n<meta property=\"og:description\" content=\"Die aktuellen Daten \u00fcber den Wasserstand der Mosel k\u00f6nnen unter folgender Telefonnummer abgerufen werden: Pegel Remich: Das ganze Jahr \u00fcber: (+352) 26 66 09 18 Bei Hochwasser: (+352) 90 07 18 26 Alle Informationen finden Sie auch auf der Internetseite des Wasserwirtschaftsamtes. Richtwerte im Falle von Hochwasser in Remich: 450 cm | Beginn der Wachsamkeitsstufe... Mehr lesen \u00bb\" \/>\n<meta property=\"og:url\" content=\"https:\/\/bierger.remich.lu\/ville-de-remich\/hochwasser-der-mosel\/\" \/>\n<meta property=\"og:site_name\" content=\"Ville de Remich\" \/>\n<meta property=\"article:modified_time\" content=\"2025-10-21T14:31:32+00:00\" \/>\n<meta property=\"og:image\" content=\"https:\/\/bierger.remich.lu\/wp-content\/uploads\/sites\/3\/2017\/08\/Photo_-6-e1505204289297.jpg\" \/>\n\t<meta property=\"og:image:width\" content=\"2365\" \/>\n\t<meta property=\"og:image:height\" content=\"3766\" \/>\n\t<meta property=\"og:image:type\" content=\"image\/jpeg\" \/>\n<meta name=\"twitter:card\" content=\"summary_large_image\" \/>\n<meta name=\"twitter:label1\" content=\"Gesch\u00e4tzte Lesezeit\" \/>\n\t<meta name=\"twitter:data1\" content=\"5\u00a0Minuten\" \/>\n<script type=\"application\/ld+json\" class=\"yoast-schema-graph\">{\"@context\":\"https:\/\/schema.org\",\"@graph\":[{\"@type\":\"WebPage\",\"@id\":\"https:\/\/bierger.remich.lu\/ville-de-remich\/hochwasser-der-mosel\/\",\"url\":\"https:\/\/bierger.remich.lu\/ville-de-remich\/hochwasser-der-mosel\/\",\"name\":\"Hochwasser der Mosel - Ville de Remich\",\"isPartOf\":{\"@id\":\"https:\/\/bierger.remich.lu\/de\/#website\"},\"primaryImageOfPage\":{\"@id\":\"https:\/\/bierger.remich.lu\/ville-de-remich\/hochwasser-der-mosel\/#primaryimage\"},\"image\":{\"@id\":\"https:\/\/bierger.remich.lu\/ville-de-remich\/hochwasser-der-mosel\/#primaryimage\"},\"thumbnailUrl\":\"https:\/\/bierger.remich.lu\/wp-content\/uploads\/sites\/3\/2017\/08\/Photo_-6-e1505204289297.jpg\",\"datePublished\":\"2017-08-17T08:47:31+00:00\",\"dateModified\":\"2025-10-21T14:31:32+00:00\",\"breadcrumb\":{\"@id\":\"https:\/\/bierger.remich.lu\/ville-de-remich\/hochwasser-der-mosel\/#breadcrumb\"},\"inLanguage\":\"de\",\"potentialAction\":[{\"@type\":\"ReadAction\",\"target\":[\"https:\/\/bierger.remich.lu\/ville-de-remich\/hochwasser-der-mosel\/\"]}]},{\"@type\":\"ImageObject\",\"inLanguage\":\"de\",\"@id\":\"https:\/\/bierger.remich.lu\/ville-de-remich\/hochwasser-der-mosel\/#primaryimage\",\"url\":\"https:\/\/bierger.remich.lu\/wp-content\/uploads\/sites\/3\/2017\/08\/Photo_-6-e1505204289297.jpg\",\"contentUrl\":\"https:\/\/bierger.remich.lu\/wp-content\/uploads\/sites\/3\/2017\/08\/Photo_-6-e1505204289297.jpg\",\"width\":2365,\"height\":3766},{\"@type\":\"BreadcrumbList\",\"@id\":\"https:\/\/bierger.remich.lu\/ville-de-remich\/hochwasser-der-mosel\/#breadcrumb\",\"itemListElement\":[{\"@type\":\"ListItem\",\"position\":1,\"name\":\"Startseite\",\"item\":\"https:\/\/bierger.remich.lu\/de\/\"},{\"@type\":\"ListItem\",\"position\":2,\"name\":\"Stadt Remich\",\"item\":\"https:\/\/bierger.remich.lu\/de\/ville-de-remich\/\"},{\"@type\":\"ListItem\",\"position\":3,\"name\":\"[:lb]H\u00e9ichwaasser[:fr]Crue de la Moselle[:de]Hochwasser der Mosel[:en]Flooding[:]\"}]},{\"@type\":\"WebSite\",\"@id\":\"https:\/\/bierger.remich.lu\/de\/#website\",\"url\":\"https:\/\/bierger.remich.lu\/de\/\",\"name\":\"Ville de Remich\",\"description\":\"\",\"potentialAction\":[{\"@type\":\"SearchAction\",\"target\":{\"@type\":\"EntryPoint\",\"urlTemplate\":\"https:\/\/bierger.remich.lu\/de\/?s={search_term_string}\"},\"query-input\":{\"@type\":\"PropertyValueSpecification\",\"valueRequired\":true,\"valueName\":\"search_term_string\"}}],\"inLanguage\":\"de\"}]}<\/script>\n<!-- \/ Yoast SEO plugin. -->","yoast_head_json":{"title":"Hochwasser der Mosel - Ville de Remich","robots":{"index":"index","follow":"follow","max-snippet":"max-snippet:-1","max-image-preview":"max-image-preview:large","max-video-preview":"max-video-preview:-1"},"canonical":"https:\/\/bierger.remich.lu\/ville-de-remich\/hochwasser-der-mosel\/","og_locale":"de_DE","og_type":"article","og_title":"Hochwasser der Mosel - Ville de Remich","og_description":"Die aktuellen Daten \u00fcber den Wasserstand der Mosel k\u00f6nnen unter folgender Telefonnummer abgerufen werden: Pegel Remich: Das ganze Jahr \u00fcber: (+352) 26 66 09 18 Bei Hochwasser: (+352) 90 07 18 26 Alle Informationen finden Sie auch auf der Internetseite des Wasserwirtschaftsamtes. Richtwerte im Falle von Hochwasser in Remich: 450 cm | Beginn der Wachsamkeitsstufe... Mehr lesen \u00bb","og_url":"https:\/\/bierger.remich.lu\/ville-de-remich\/hochwasser-der-mosel\/","og_site_name":"Ville de Remich","article_modified_time":"2025-10-21T14:31:32+00:00","og_image":[{"width":2365,"height":3766,"url":"https:\/\/bierger.remich.lu\/wp-content\/uploads\/sites\/3\/2017\/08\/Photo_-6-e1505204289297.jpg","type":"image\/jpeg"}],"twitter_card":"summary_large_image","twitter_misc":{"Gesch\u00e4tzte Lesezeit":"5\u00a0Minuten"},"schema":{"@context":"https:\/\/schema.org","@graph":[{"@type":"WebPage","@id":"https:\/\/bierger.remich.lu\/ville-de-remich\/hochwasser-der-mosel\/","url":"https:\/\/bierger.remich.lu\/ville-de-remich\/hochwasser-der-mosel\/","name":"Hochwasser der Mosel - Ville de Remich","isPartOf":{"@id":"https:\/\/bierger.remich.lu\/de\/#website"},"primaryImageOfPage":{"@id":"https:\/\/bierger.remich.lu\/ville-de-remich\/hochwasser-der-mosel\/#primaryimage"},"image":{"@id":"https:\/\/bierger.remich.lu\/ville-de-remich\/hochwasser-der-mosel\/#primaryimage"},"thumbnailUrl":"https:\/\/bierger.remich.lu\/wp-content\/uploads\/sites\/3\/2017\/08\/Photo_-6-e1505204289297.jpg","datePublished":"2017-08-17T08:47:31+00:00","dateModified":"2025-10-21T14:31:32+00:00","breadcrumb":{"@id":"https:\/\/bierger.remich.lu\/ville-de-remich\/hochwasser-der-mosel\/#breadcrumb"},"inLanguage":"de","potentialAction":[{"@type":"ReadAction","target":["https:\/\/bierger.remich.lu\/ville-de-remich\/hochwasser-der-mosel\/"]}]},{"@type":"ImageObject","inLanguage":"de","@id":"https:\/\/bierger.remich.lu\/ville-de-remich\/hochwasser-der-mosel\/#primaryimage","url":"https:\/\/bierger.remich.lu\/wp-content\/uploads\/sites\/3\/2017\/08\/Photo_-6-e1505204289297.jpg","contentUrl":"https:\/\/bierger.remich.lu\/wp-content\/uploads\/sites\/3\/2017\/08\/Photo_-6-e1505204289297.jpg","width":2365,"height":3766},{"@type":"BreadcrumbList","@id":"https:\/\/bierger.remich.lu\/ville-de-remich\/hochwasser-der-mosel\/#breadcrumb","itemListElement":[{"@type":"ListItem","position":1,"name":"Startseite","item":"https:\/\/bierger.remich.lu\/de\/"},{"@type":"ListItem","position":2,"name":"Stadt Remich","item":"https:\/\/bierger.remich.lu\/de\/ville-de-remich\/"},{"@type":"ListItem","position":3,"name":"[:lb]H\u00e9ichwaasser[:fr]Crue de la Moselle[:de]Hochwasser der Mosel[:en]Flooding[:]"}]},{"@type":"WebSite","@id":"https:\/\/bierger.remich.lu\/de\/#website","url":"https:\/\/bierger.remich.lu\/de\/","name":"Ville de Remich","description":"","potentialAction":[{"@type":"SearchAction","target":{"@type":"EntryPoint","urlTemplate":"https:\/\/bierger.remich.lu\/de\/?s={search_term_string}"},"query-input":{"@type":"PropertyValueSpecification","valueRequired":true,"valueName":"search_term_string"}}],"inLanguage":"de"}]}},"_links":{"self":[{"href":"https:\/\/bierger.remich.lu\/de\/wp-json\/wp\/v2\/pages\/1972","targetHints":{"allow":["GET"]}}],"collection":[{"href":"https:\/\/bierger.remich.lu\/de\/wp-json\/wp\/v2\/pages"}],"about":[{"href":"https:\/\/bierger.remich.lu\/de\/wp-json\/wp\/v2\/types\/page"}],"author":[{"embeddable":true,"href":"https:\/\/bierger.remich.lu\/de\/wp-json\/wp\/v2\/users\/4"}],"replies":[{"embeddable":true,"href":"https:\/\/bierger.remich.lu\/de\/wp-json\/wp\/v2\/comments?post=1972"}],"version-history":[{"count":22,"href":"https:\/\/bierger.remich.lu\/de\/wp-json\/wp\/v2\/pages\/1972\/revisions"}],"predecessor-version":[{"id":15585,"href":"https:\/\/bierger.remich.lu\/de\/wp-json\/wp\/v2\/pages\/1972\/revisions\/15585"}],"up":[{"embeddable":true,"href":"https:\/\/bierger.remich.lu\/de\/wp-json\/wp\/v2\/pages\/13"}],"wp:featuredmedia":[{"embeddable":true,"href":"https:\/\/bierger.remich.lu\/de\/wp-json\/wp\/v2\/media\/2020"}],"wp:attachment":[{"href":"https:\/\/bierger.remich.lu\/de\/wp-json\/wp\/v2\/media?parent=1972"}],"curies":[{"name":"wp","href":"https:\/\/api.w.org\/{rel}","templated":true}]}}