{"id":2165,"date":"2017-09-15T14:24:09","date_gmt":"2017-09-15T13:24:09","guid":{"rendered":"http:\/\/reimech.lu\/?page_id=2165"},"modified":"2024-10-02T17:26:15","modified_gmt":"2024-10-02T15:26:15","slug":"musikschule","status":"publish","type":"page","link":"https:\/\/bierger.remich.lu\/de\/ville-de-remich\/schulwesen\/musikschule\/","title":{"rendered":"Musikschule"},"content":{"rendered":"<h1>Regional Museksschoul Munneref<\/h1>\n<p>Seit dem Schuljahr 2022\/2023 werden die allgemeinen Einschreibegeb\u00fchren f\u00fcr die Musikkurse der &#8222;Regional Museksschoul Munneref&#8220; wie folgt festgelegt:<\/p>\n<ul>\n<li>kostenlose Teilnahme an allen Kursen und Stufen f\u00fcr alle Sch\u00fcler, die am 1. September vor dem betreffenden Schuljahr nicht \u00e4lter als 25 Jahre sind<\/li>\n<li>Minerval von 100 \u20ac pro Schuljahr und Kurs, alle Kurse und Stufen zusammen, f\u00fcr alle Sch\u00fcler, die am 1. September vor dem betreffenden Schuljahr 26 Jahre oder \u00e4lter sind<\/li>\n<li>f\u00fcr die Teilnahme an Orchesterformationen (Instrumentalensembles) ist keine Geb\u00fchr zu entrichten<\/li>\n<li>nach drei Wochen Unterricht ist die gesamte Einschreibegeb\u00fchr f\u00fcr den gesamten Abrechnungszeitraum f\u00e4llig, auch bei vorzeitigem Abbruch<\/li>\n<li>die Anmeldungen zu den Kursen erfolgen online \u00fcber die offizielle Internetseite der &#8222;Regional Museksschoul Munneref&#8220;. Die Anmeldung wird als Unterschrift gewertet.<\/li>\n<\/ul>\n<h1>Regional Museksschoul Sydrall<\/h1>\n<p>Seit dem Schuljahr 2022\/2023 werden die Anmeldegeb\u00fchren f\u00fcr den Musikunterricht wie folgt festgelegt:<\/p>\n<p><strong>Artikel 1: Anmeldegeb\u00fchren<\/strong><\/p>\n<p><u>Kollektivkurse<\/u><\/p>\n<table>\n<tbody>\n<tr>\n<td width=\"349\"><\/td>\n<td width=\"132\">Kinder (Studenten)<\/td>\n<td width=\"141\">Erwachsene<\/td>\n<\/tr>\n<tr>\n<td width=\"349\">Musikalische Fr\u00fcherziehung<\/td>\n<td width=\"132\">Gratis<\/td>\n<td width=\"141\">\/<\/td>\n<\/tr>\n<tr>\n<td width=\"349\">Musikalische Ausbildung (1-4)<\/td>\n<td width=\"132\">Gratis<\/td>\n<td width=\"141\">100 \u20ac<\/td>\n<\/tr>\n<tr>\n<td width=\"349\">Musikalische Ausbildung (5-6)<\/td>\n<td width=\"132\">50 \u20ac<\/td>\n<td width=\"141\">100 \u20ac<\/td>\n<\/tr>\n<tr>\n<td width=\"349\">Chorgesang<\/td>\n<td width=\"132\">Gratis<\/td>\n<td width=\"141\">100 \u20ac<\/td>\n<\/tr>\n<tr>\n<td width=\"349\">Kammermusik<\/td>\n<td width=\"132\">75 \u20ac<\/td>\n<td width=\"141\">100 \u20ac<\/td>\n<\/tr>\n<tr>\n<td width=\"349\">Instrumentalensemble Perkussion<\/td>\n<td width=\"132\">75 \u20ac<\/td>\n<td width=\"141\">100 \u20ac<\/td>\n<\/tr>\n<tr>\n<td width=\"349\">Instrumentalensemble \/ Instrumentalensemble Fortgeschrittene<\/td>\n<td width=\"132\">Gratis<\/td>\n<td width=\"141\">Gratis<\/td>\n<\/tr>\n<\/tbody>\n<\/table>\n<p><u>Einzelunterricht<\/u> (Instrumente, klassischer Gesang, Gesang f\u00fcr Musicals)<\/p>\n<table>\n<tbody>\n<tr>\n<td width=\"349\"><\/td>\n<td width=\"132\">Kinder (Studenten)<\/td>\n<td width=\"141\">Erwachsene<\/td>\n<\/tr>\n<tr>\n<td width=\"349\">Instrumentale Fr\u00fcherziehung<\/td>\n<td width=\"132\">Gratis<\/td>\n<td width=\"141\">\/<\/td>\n<\/tr>\n<tr>\n<td width=\"349\">Untere Stufe (1-2)<\/td>\n<td width=\"132\">Gratis<\/td>\n<td width=\"141\">100 \u20ac<\/td>\n<\/tr>\n<tr>\n<td width=\"349\">Untere Stufe (3-4)<\/td>\n<td width=\"132\">75 \u20ac<\/td>\n<td width=\"141\">100 \u20ac<\/td>\n<\/tr>\n<tr>\n<td width=\"349\">Mittelstufe<\/td>\n<td width=\"132\">75 \u20ac<\/td>\n<td width=\"141\">100 \u20ac<\/td>\n<\/tr>\n<tr>\n<td width=\"349\">Erwachsenenausbildung (Erstausbildung, Weiterbildung)<\/td>\n<td width=\"132\">\/<\/td>\n<td width=\"141\">100 \u20ac<\/td>\n<\/tr>\n<\/tbody>\n<\/table>\n<p><strong>Artikel 2:<\/strong><\/p>\n<p>Als erwachsen ist jede Person zu betrachten, die am 1. September des betreffenden Schuljahres vollj\u00e4hrig ist.<\/p>\n<p><strong>Artikel 3:<\/strong><\/p>\n<p>Akzeptiert werden:<\/p>\n<ul>\n<li>Nicht-Einwohner, wenn sie oder ihre Eltern seit mindestens zwei Jahren eine aktive Mitgliedschaft in einem der Musikvereine der Stadt Remich besitzen;<\/li>\n<li>Nicht-Einwohner, wenn sie die Grundschule der Stadt Remich besuchen, sofern die Schulorganisation dies zul\u00e4sst.<\/li>\n<li>Nichtbewohner, die bereits eingeschrieben sind.<\/li>\n<\/ul>\n<p>Andere Nicht-Einwohner werden abgelehnt.<\/p>\n<p><strong>Artikel 4:<\/strong><\/p>\n<p>Bei jeder (kostenpflichtigen) Einschreibung muss ein Drittel der f\u00e4lligen Einschreibegeb\u00fchr bezahlt werden, auch wenn der Teilnehmer nicht zum Unterricht erscheint bzw. sich entscheidet, im Laufe des ersten Trimesters, das am 31. Dezember des Jahres endet, auszusteigen.<\/p>\n<p>Bei einem Abbruch nach dem ersten Trimester ist die volle Anmeldegeb\u00fchr zu entrichten.<\/p>\n<p><strong>Artikel 5: Miete und Reparatur der Instrumente<\/strong><\/p>\n<p>Eine Geb\u00fchr von 100 \u20ac f\u00fcr die Bereitstellung eines Holz- oder Blasinstruments ist zu Beginn jedes Schuljahres zu entrichten.<\/p>\n<p>Diese Geb\u00fchr stellt eine Pauschale f\u00fcr die Aufarbeitung und Reparatur der Instrumente (normale Abnutzung) dar.<\/p>\n<p><strong>Artikel 6:<\/strong><\/p>\n<p>Alle fr\u00fcheren Beschl\u00fcsse des Gemeinderats \u00fcber die Einschreibegeb\u00fchren f\u00fcr Musikunterricht werden mit Inkrafttreten dieser Geb\u00fchrenordnung aufgehoben.","protected":false},"excerpt":{"rendered":"<p>Regional Museksschoul Munneref Seit dem Schuljahr 2022\/2023 werden die allgemeinen Einschreibegeb\u00fchren f\u00fcr die Musikkurse der &#8222;Regional Museksschoul Munneref&#8220; wie folgt festgelegt: kostenlose Teilnahme an allen Kursen und Stufen f\u00fcr alle Sch\u00fcler, die am 1. September vor dem betreffenden Schuljahr nicht \u00e4lter als 25 Jahre sind Minerval von 100 \u20ac pro Schuljahr und Kurs, alle Kurse&#8230;  <a class=\"excerpt-read-more\" href=\"https:\/\/bierger.remich.lu\/de\/ville-de-remich\/schulwesen\/musikschule\/\" title=\"ReadMusikschule\">Mehr lesen \u00bb<\/a><\/p>\n","protected":false},"author":4,"featured_media":2168,"parent":1852,"menu_order":18,"comment_status":"closed","ping_status":"closed","template":"","meta":{"_acf_changed":false,"xn-wppe-expiration":[],"xn-wppe-expiration-action":[],"xn-wppe-expiration-prefix":[],"footnotes":"","_links_to":"","_links_to_target":""},"class_list":["post-2165","page","type-page","status-publish","has-post-thumbnail","hentry","keyword-formulare","keyword-einwohner","keyword-tourismus"],"acf":[],"yoast_head":"<!-- This site is optimized with the Yoast SEO plugin v26.7 - https:\/\/yoast.com\/wordpress\/plugins\/seo\/ -->\n<title>Musikschule - Ville de Remich<\/title>\n<meta name=\"robots\" content=\"index, follow, max-snippet:-1, max-image-preview:large, max-video-preview:-1\" \/>\n<link rel=\"canonical\" href=\"https:\/\/bierger.remich.lu\/de\/ville-de-remich\/schulwesen\/musikschule\/\" \/>\n<meta property=\"og:locale\" content=\"de_DE\" \/>\n<meta property=\"og:type\" content=\"article\" \/>\n<meta property=\"og:title\" content=\"Musikschule - Ville de Remich\" \/>\n<meta property=\"og:description\" content=\"Regional Museksschoul Munneref Seit dem Schuljahr 2022\/2023 werden die allgemeinen Einschreibegeb\u00fchren f\u00fcr die Musikkurse der &#8222;Regional Museksschoul Munneref&#8220; wie folgt festgelegt: kostenlose Teilnahme an allen Kursen und Stufen f\u00fcr alle Sch\u00fcler, die am 1. September vor dem betreffenden Schuljahr nicht \u00e4lter als 25 Jahre sind Minerval von 100 \u20ac pro Schuljahr und Kurs, alle Kurse... Mehr lesen \u00bb\" \/>\n<meta property=\"og:url\" content=\"https:\/\/bierger.remich.lu\/de\/ville-de-remich\/schulwesen\/musikschule\/\" \/>\n<meta property=\"og:site_name\" content=\"Ville de Remich\" \/>\n<meta property=\"article:modified_time\" content=\"2024-10-02T15:26:15+00:00\" \/>\n<meta property=\"og:image\" content=\"https:\/\/bierger.remich.lu\/wp-content\/uploads\/sites\/3\/2017\/09\/jordan-mixson-372435.jpg\" \/>\n\t<meta property=\"og:image:width\" content=\"1536\" \/>\n\t<meta property=\"og:image:height\" content=\"2048\" \/>\n\t<meta property=\"og:image:type\" content=\"image\/jpeg\" \/>\n<meta name=\"twitter:card\" content=\"summary_large_image\" \/>\n<meta name=\"twitter:label1\" content=\"Gesch\u00e4tzte Lesezeit\" \/>\n\t<meta name=\"twitter:data1\" content=\"8\u00a0Minuten\" \/>\n<script type=\"application\/ld+json\" class=\"yoast-schema-graph\">{\"@context\":\"https:\/\/schema.org\",\"@graph\":[{\"@type\":\"WebPage\",\"@id\":\"https:\/\/bierger.remich.lu\/de\/ville-de-remich\/schulwesen\/musikschule\/\",\"url\":\"https:\/\/bierger.remich.lu\/de\/ville-de-remich\/schulwesen\/musikschule\/\",\"name\":\"Musikschule - Ville de Remich\",\"isPartOf\":{\"@id\":\"https:\/\/bierger.remich.lu\/de\/#website\"},\"primaryImageOfPage\":{\"@id\":\"https:\/\/bierger.remich.lu\/de\/ville-de-remich\/schulwesen\/musikschule\/#primaryimage\"},\"image\":{\"@id\":\"https:\/\/bierger.remich.lu\/de\/ville-de-remich\/schulwesen\/musikschule\/#primaryimage\"},\"thumbnailUrl\":\"https:\/\/bierger.remich.lu\/wp-content\/uploads\/sites\/3\/2017\/09\/jordan-mixson-372435.jpg\",\"datePublished\":\"2017-09-15T13:24:09+00:00\",\"dateModified\":\"2024-10-02T15:26:15+00:00\",\"breadcrumb\":{\"@id\":\"https:\/\/bierger.remich.lu\/de\/ville-de-remich\/schulwesen\/musikschule\/#breadcrumb\"},\"inLanguage\":\"de\",\"potentialAction\":[{\"@type\":\"ReadAction\",\"target\":[\"https:\/\/bierger.remich.lu\/de\/ville-de-remich\/schulwesen\/musikschule\/\"]}]},{\"@type\":\"ImageObject\",\"inLanguage\":\"de\",\"@id\":\"https:\/\/bierger.remich.lu\/de\/ville-de-remich\/schulwesen\/musikschule\/#primaryimage\",\"url\":\"https:\/\/bierger.remich.lu\/wp-content\/uploads\/sites\/3\/2017\/09\/jordan-mixson-372435.jpg\",\"contentUrl\":\"https:\/\/bierger.remich.lu\/wp-content\/uploads\/sites\/3\/2017\/09\/jordan-mixson-372435.jpg\",\"width\":1536,\"height\":2048},{\"@type\":\"BreadcrumbList\",\"@id\":\"https:\/\/bierger.remich.lu\/de\/ville-de-remich\/schulwesen\/musikschule\/#breadcrumb\",\"itemListElement\":[{\"@type\":\"ListItem\",\"position\":1,\"name\":\"Startseite\",\"item\":\"https:\/\/bierger.remich.lu\/de\/\"},{\"@type\":\"ListItem\",\"position\":2,\"name\":\"Stadt Remich\",\"item\":\"https:\/\/bierger.remich.lu\/de\/ville-de-remich\/\"},{\"@type\":\"ListItem\",\"position\":3,\"name\":\"Bildung und Kinder\",\"item\":\"https:\/\/bierger.remich.lu\/de\/ville-de-remich\/schulwesen\/\"},{\"@type\":\"ListItem\",\"position\":4,\"name\":\"Musikschule\"}]},{\"@type\":\"WebSite\",\"@id\":\"https:\/\/bierger.remich.lu\/de\/#website\",\"url\":\"https:\/\/bierger.remich.lu\/de\/\",\"name\":\"Ville de Remich\",\"description\":\"\",\"potentialAction\":[{\"@type\":\"SearchAction\",\"target\":{\"@type\":\"EntryPoint\",\"urlTemplate\":\"https:\/\/bierger.remich.lu\/de\/?s={search_term_string}\"},\"query-input\":{\"@type\":\"PropertyValueSpecification\",\"valueRequired\":true,\"valueName\":\"search_term_string\"}}],\"inLanguage\":\"de\"}]}<\/script>\n<!-- \/ Yoast SEO plugin. -->","yoast_head_json":{"title":"Musikschule - Ville de Remich","robots":{"index":"index","follow":"follow","max-snippet":"max-snippet:-1","max-image-preview":"max-image-preview:large","max-video-preview":"max-video-preview:-1"},"canonical":"https:\/\/bierger.remich.lu\/de\/ville-de-remich\/schulwesen\/musikschule\/","og_locale":"de_DE","og_type":"article","og_title":"Musikschule - Ville de Remich","og_description":"Regional Museksschoul Munneref Seit dem Schuljahr 2022\/2023 werden die allgemeinen Einschreibegeb\u00fchren f\u00fcr die Musikkurse der &#8222;Regional Museksschoul Munneref&#8220; wie folgt festgelegt: kostenlose Teilnahme an allen Kursen und Stufen f\u00fcr alle Sch\u00fcler, die am 1. September vor dem betreffenden Schuljahr nicht \u00e4lter als 25 Jahre sind Minerval von 100 \u20ac pro Schuljahr und Kurs, alle Kurse... Mehr lesen \u00bb","og_url":"https:\/\/bierger.remich.lu\/de\/ville-de-remich\/schulwesen\/musikschule\/","og_site_name":"Ville de Remich","article_modified_time":"2024-10-02T15:26:15+00:00","og_image":[{"width":1536,"height":2048,"url":"https:\/\/bierger.remich.lu\/wp-content\/uploads\/sites\/3\/2017\/09\/jordan-mixson-372435.jpg","type":"image\/jpeg"}],"twitter_card":"summary_large_image","twitter_misc":{"Gesch\u00e4tzte Lesezeit":"8\u00a0Minuten"},"schema":{"@context":"https:\/\/schema.org","@graph":[{"@type":"WebPage","@id":"https:\/\/bierger.remich.lu\/de\/ville-de-remich\/schulwesen\/musikschule\/","url":"https:\/\/bierger.remich.lu\/de\/ville-de-remich\/schulwesen\/musikschule\/","name":"Musikschule - Ville de Remich","isPartOf":{"@id":"https:\/\/bierger.remich.lu\/de\/#website"},"primaryImageOfPage":{"@id":"https:\/\/bierger.remich.lu\/de\/ville-de-remich\/schulwesen\/musikschule\/#primaryimage"},"image":{"@id":"https:\/\/bierger.remich.lu\/de\/ville-de-remich\/schulwesen\/musikschule\/#primaryimage"},"thumbnailUrl":"https:\/\/bierger.remich.lu\/wp-content\/uploads\/sites\/3\/2017\/09\/jordan-mixson-372435.jpg","datePublished":"2017-09-15T13:24:09+00:00","dateModified":"2024-10-02T15:26:15+00:00","breadcrumb":{"@id":"https:\/\/bierger.remich.lu\/de\/ville-de-remich\/schulwesen\/musikschule\/#breadcrumb"},"inLanguage":"de","potentialAction":[{"@type":"ReadAction","target":["https:\/\/bierger.remich.lu\/de\/ville-de-remich\/schulwesen\/musikschule\/"]}]},{"@type":"ImageObject","inLanguage":"de","@id":"https:\/\/bierger.remich.lu\/de\/ville-de-remich\/schulwesen\/musikschule\/#primaryimage","url":"https:\/\/bierger.remich.lu\/wp-content\/uploads\/sites\/3\/2017\/09\/jordan-mixson-372435.jpg","contentUrl":"https:\/\/bierger.remich.lu\/wp-content\/uploads\/sites\/3\/2017\/09\/jordan-mixson-372435.jpg","width":1536,"height":2048},{"@type":"BreadcrumbList","@id":"https:\/\/bierger.remich.lu\/de\/ville-de-remich\/schulwesen\/musikschule\/#breadcrumb","itemListElement":[{"@type":"ListItem","position":1,"name":"Startseite","item":"https:\/\/bierger.remich.lu\/de\/"},{"@type":"ListItem","position":2,"name":"Stadt Remich","item":"https:\/\/bierger.remich.lu\/de\/ville-de-remich\/"},{"@type":"ListItem","position":3,"name":"Bildung und Kinder","item":"https:\/\/bierger.remich.lu\/de\/ville-de-remich\/schulwesen\/"},{"@type":"ListItem","position":4,"name":"Musikschule"}]},{"@type":"WebSite","@id":"https:\/\/bierger.remich.lu\/de\/#website","url":"https:\/\/bierger.remich.lu\/de\/","name":"Ville de Remich","description":"","potentialAction":[{"@type":"SearchAction","target":{"@type":"EntryPoint","urlTemplate":"https:\/\/bierger.remich.lu\/de\/?s={search_term_string}"},"query-input":{"@type":"PropertyValueSpecification","valueRequired":true,"valueName":"search_term_string"}}],"inLanguage":"de"}]}},"_links":{"self":[{"href":"https:\/\/bierger.remich.lu\/de\/wp-json\/wp\/v2\/pages\/2165","targetHints":{"allow":["GET"]}}],"collection":[{"href":"https:\/\/bierger.remich.lu\/de\/wp-json\/wp\/v2\/pages"}],"about":[{"href":"https:\/\/bierger.remich.lu\/de\/wp-json\/wp\/v2\/types\/page"}],"author":[{"embeddable":true,"href":"https:\/\/bierger.remich.lu\/de\/wp-json\/wp\/v2\/users\/4"}],"replies":[{"embeddable":true,"href":"https:\/\/bierger.remich.lu\/de\/wp-json\/wp\/v2\/comments?post=2165"}],"version-history":[{"count":25,"href":"https:\/\/bierger.remich.lu\/de\/wp-json\/wp\/v2\/pages\/2165\/revisions"}],"predecessor-version":[{"id":14888,"href":"https:\/\/bierger.remich.lu\/de\/wp-json\/wp\/v2\/pages\/2165\/revisions\/14888"}],"up":[{"embeddable":true,"href":"https:\/\/bierger.remich.lu\/de\/wp-json\/wp\/v2\/pages\/1852"}],"wp:featuredmedia":[{"embeddable":true,"href":"https:\/\/bierger.remich.lu\/de\/wp-json\/wp\/v2\/media\/2168"}],"wp:attachment":[{"href":"https:\/\/bierger.remich.lu\/de\/wp-json\/wp\/v2\/media?parent=2165"}],"curies":[{"name":"wp","href":"https:\/\/api.w.org\/{rel}","templated":true}]}}