{"id":2272,"date":"2017-09-22T13:20:23","date_gmt":"2017-09-22T12:20:23","guid":{"rendered":"http:\/\/reimech.lu\/?page_id=2272"},"modified":"2025-04-04T15:07:25","modified_gmt":"2025-04-04T13:07:25","slug":"kindertagesstatte-muselnascht","status":"publish","type":"page","link":"https:\/\/bierger.remich.lu\/de\/ville-de-remich\/schulwesen\/kindertagesstatte-muselnascht\/","title":{"rendered":"Kindertagesst\u00e4tte Muselnascht"},"content":{"rendered":"<img loading=\"lazy\" decoding=\"async\" class=\"alignnone wp-image-16434 \" src=\"https:\/\/bierger.remich.lu\/wp-content\/uploads\/sites\/3\/2025\/04\/Muselnascht_Logo_2-1024x387.jpg\" alt=\"\" width=\"751\" height=\"284\" srcset=\"https:\/\/bierger.remich.lu\/wp-content\/uploads\/sites\/3\/2025\/04\/Muselnascht_Logo_2-1024x387.jpg 1024w, https:\/\/bierger.remich.lu\/wp-content\/uploads\/sites\/3\/2025\/04\/Muselnascht_Logo_2-300x113.jpg 300w\" sizes=\"auto, (max-width: 751px) 100vw, 751px\" \/><\/p>\n<p>Das 1993 gegr\u00fcndete Foyer du Jour MUSELNASCHT ist eine Betreuungseinrichtung, die mit dem Ministerium f\u00fcr Bildung, Kinder und Jugend konventionniert ist und von der gemeinn\u00fctzigen Organisation Foyer de Jour Muselnascht verwaltet wird.<\/p>\n<h2>\u00d6ffnungszeiten<\/h2>\n<ul>\n<li>Montag &#8211; Freitag von 07:00 bis 19:00 Uhr<\/li>\n<\/ul>\n<h2>Altersgruppen<\/h2>\n<ul>\n<li>Gruppe &#8222;Maisercher&#8220; &#8211; Kinder von 2 bis 18 Monaten<\/li>\n<li>Gruppe &#8222;Himmelsd\u00e9iercher&#8220; &#8211; Kinder von 18 Monaten bis 4 Jahren<\/li>\n<\/ul>\n<h2>Weitere Informationen<\/h2>\n<ul>\n<li>Aufnahmekapazit\u00e4t: 32 Pl\u00e4tze<\/li>\n<li>Anmeldung: halbtags oder ganztags<\/li>\n<li>Ch\u00e8que-service: Profitieren Sie von einer finanziellen Unterst\u00fctzung f\u00fcr die Betreuung Ihres Kindes, einschlie\u00dflich 20 kostenlosen Stunden pro Woche ab dem Alter von 12 Monaten<\/li>\n<\/ul>\n<h2>Warum sollten Sie sich f\u00fcr das Foyer du Jour Muselnascht entscheiden?<\/h2>\n<ol>\n<li>Ein idealer Standort<br \/>\nIn der N\u00e4he des Altenheims gelegen, bietet das Foyer de Jour Muselnascht eine ruhige und anregende Umgebung mit einem privaten und gesicherten Garten zum Spielen und Erkunden, einem nahegelegenen Park f\u00fcr Spazierg\u00e4nge und Aktivit\u00e4ten im Freien und einem sicheren Spielplatz, der die motorische Entwicklung f\u00f6rdert und f\u00fcr Unterhaltung bei den Kindern sorgt.<\/li>\n<li>Lokales und inklusives Engagement<br \/>\nDie Pl\u00e4tze werden vorrangig an Kinder mit Wohnsitz in Remich und an Kinder aus sozial benachteiligten Verh\u00e4ltnissen vergeben, um ihnen einen gleichberechtigten Zugang zu einem bereichernden und f\u00fcrsorglichen Umfeld zu erm\u00f6glichen.<\/li>\n<li>Ein mehrsprachiger Ansatz<br \/>\nDas nat\u00fcrliche Eintauchen in ein mehrsprachiges Umfeld erm\u00f6glicht es den Kindern, von klein auf mit Sprachen vertraut zu werden.<\/li>\n<li>Ein qualifiziertes und engagiertes Team<br \/>\nDas Team besteht aus erfahrenen Fachkr\u00e4ften (Erzieher, Kinderkrankenschwestern, Betreuer und Erziehungshelfer) und begleitet jedes Kind mit F\u00fcrsorge und Engagement in seiner physischen, sozialen, emotionalen und sprachlichen Entwicklung.<\/li>\n<li>Ein f\u00fcrsorglicher und bereicherndes Umfeld<br \/>\nAbwechslungsreiche Aktivit\u00e4ten (kreative Workshops, Spiele im Freien, sensorische Entdeckungen, Besichtigungen und Ausfl\u00fcge, Gymnastik mit Senioren&#8230;.), Ruhepausen f\u00fcr ein Gleichgewicht zwischen Anregung und Entspannung und ein besonderes Augenmerk auf die Partnerschaft mit den Familien durch eine offene Kommunikation.<\/li>\n<\/ol>\n<h2>Anmeldung und Kontakt<\/h2>\n<ul>\n<li>Anmeldung: mittels <a href=\"https:\/\/bierger.remich.lu\/wp-content\/uploads\/sites\/3\/2025\/04\/Muselnascht_Formular2025_DE.pdf\">Anmeldeformular<\/a><\/li>\n<li>Kontakt: T. (+352) 23 69 97 15 | E. muselnascht@remich.lu<\/li>\n<\/ul>","protected":false},"excerpt":{"rendered":"<p>Das 1993 gegr\u00fcndete Foyer du Jour MUSELNASCHT ist eine Betreuungseinrichtung, die mit dem Ministerium f\u00fcr Bildung, Kinder und Jugend konventionniert ist und von der gemeinn\u00fctzigen Organisation Foyer de Jour Muselnascht verwaltet wird. \u00d6ffnungszeiten Montag &#8211; Freitag von 07:00 bis 19:00 Uhr Altersgruppen Gruppe &#8222;Maisercher&#8220; &#8211; Kinder von 2 bis 18 Monaten Gruppe &#8222;Himmelsd\u00e9iercher&#8220; &#8211; Kinder&#8230;  <a class=\"excerpt-read-more\" href=\"https:\/\/bierger.remich.lu\/de\/ville-de-remich\/schulwesen\/kindertagesstatte-muselnascht\/\" title=\"ReadKindertagesst\u00e4tte Muselnascht\">Mehr lesen \u00bb<\/a><\/p>\n","protected":false},"author":4,"featured_media":2279,"parent":1852,"menu_order":17,"comment_status":"closed","ping_status":"closed","template":"","meta":{"_acf_changed":false,"xn-wppe-expiration":[],"xn-wppe-expiration-action":[],"xn-wppe-expiration-prefix":[],"footnotes":"","_links_to":"","_links_to_target":""},"class_list":["post-2272","page","type-page","status-publish","has-post-thumbnail","hentry","keyword-hein"],"acf":[],"yoast_head":"<!-- This site is optimized with the Yoast SEO plugin v26.7 - https:\/\/yoast.com\/wordpress\/plugins\/seo\/ -->\n<title>Kindertagesst\u00e4tte Muselnascht - Ville de Remich<\/title>\n<meta name=\"robots\" content=\"index, follow, max-snippet:-1, max-image-preview:large, max-video-preview:-1\" \/>\n<link rel=\"canonical\" href=\"https:\/\/bierger.remich.lu\/fr\/ville-de-remich\/schulwesen\/kindertagesstatte-muselnascht\/\" \/>\n<meta property=\"og:locale\" content=\"de_DE\" \/>\n<meta property=\"og:type\" content=\"article\" \/>\n<meta property=\"og:title\" content=\"Kindertagesst\u00e4tte Muselnascht - Ville de Remich\" \/>\n<meta property=\"og:description\" content=\"Das 1993 gegr\u00fcndete Foyer du Jour MUSELNASCHT ist eine Betreuungseinrichtung, die mit dem Ministerium f\u00fcr Bildung, Kinder und Jugend konventionniert ist und von der gemeinn\u00fctzigen Organisation Foyer de Jour Muselnascht verwaltet wird. \u00d6ffnungszeiten Montag &#8211; Freitag von 07:00 bis 19:00 Uhr Altersgruppen Gruppe &#8222;Maisercher&#8220; &#8211; Kinder von 2 bis 18 Monaten Gruppe &#8222;Himmelsd\u00e9iercher&#8220; &#8211; Kinder... Mehr lesen \u00bb\" \/>\n<meta property=\"og:url\" content=\"https:\/\/bierger.remich.lu\/fr\/ville-de-remich\/schulwesen\/kindertagesstatte-muselnascht\/\" \/>\n<meta property=\"og:site_name\" content=\"Ville de Remich\" \/>\n<meta property=\"article:modified_time\" content=\"2025-04-04T13:07:25+00:00\" \/>\n<meta property=\"og:image\" content=\"https:\/\/bierger.remich.lu\/wp-content\/uploads\/sites\/3\/2017\/09\/markus-spiske-193031-683x1024.jpg\" \/>\n\t<meta property=\"og:image:width\" content=\"683\" \/>\n\t<meta property=\"og:image:height\" content=\"1024\" \/>\n\t<meta property=\"og:image:type\" content=\"image\/jpeg\" \/>\n<meta name=\"twitter:card\" content=\"summary_large_image\" \/>\n<meta name=\"twitter:label1\" content=\"Gesch\u00e4tzte Lesezeit\" \/>\n\t<meta name=\"twitter:data1\" content=\"7\u00a0Minuten\" \/>\n<script type=\"application\/ld+json\" class=\"yoast-schema-graph\">{\"@context\":\"https:\/\/schema.org\",\"@graph\":[{\"@type\":\"WebPage\",\"@id\":\"https:\/\/bierger.remich.lu\/fr\/ville-de-remich\/schulwesen\/kindertagesstatte-muselnascht\/\",\"url\":\"https:\/\/bierger.remich.lu\/fr\/ville-de-remich\/schulwesen\/kindertagesstatte-muselnascht\/\",\"name\":\"Kindertagesst\u00e4tte Muselnascht - Ville de Remich\",\"isPartOf\":{\"@id\":\"https:\/\/bierger.remich.lu\/de\/#website\"},\"primaryImageOfPage\":{\"@id\":\"https:\/\/bierger.remich.lu\/fr\/ville-de-remich\/schulwesen\/kindertagesstatte-muselnascht\/#primaryimage\"},\"image\":{\"@id\":\"https:\/\/bierger.remich.lu\/fr\/ville-de-remich\/schulwesen\/kindertagesstatte-muselnascht\/#primaryimage\"},\"thumbnailUrl\":\"https:\/\/bierger.remich.lu\/wp-content\/uploads\/sites\/3\/2017\/09\/markus-spiske-193031.jpg\",\"datePublished\":\"2017-09-22T12:20:23+00:00\",\"dateModified\":\"2025-04-04T13:07:25+00:00\",\"breadcrumb\":{\"@id\":\"https:\/\/bierger.remich.lu\/fr\/ville-de-remich\/schulwesen\/kindertagesstatte-muselnascht\/#breadcrumb\"},\"inLanguage\":\"de\",\"potentialAction\":[{\"@type\":\"ReadAction\",\"target\":[\"https:\/\/bierger.remich.lu\/fr\/ville-de-remich\/schulwesen\/kindertagesstatte-muselnascht\/\"]}]},{\"@type\":\"ImageObject\",\"inLanguage\":\"de\",\"@id\":\"https:\/\/bierger.remich.lu\/fr\/ville-de-remich\/schulwesen\/kindertagesstatte-muselnascht\/#primaryimage\",\"url\":\"https:\/\/bierger.remich.lu\/wp-content\/uploads\/sites\/3\/2017\/09\/markus-spiske-193031.jpg\",\"contentUrl\":\"https:\/\/bierger.remich.lu\/wp-content\/uploads\/sites\/3\/2017\/09\/markus-spiske-193031.jpg\",\"width\":3840,\"height\":5760},{\"@type\":\"BreadcrumbList\",\"@id\":\"https:\/\/bierger.remich.lu\/fr\/ville-de-remich\/schulwesen\/kindertagesstatte-muselnascht\/#breadcrumb\",\"itemListElement\":[{\"@type\":\"ListItem\",\"position\":1,\"name\":\"Startseite\",\"item\":\"https:\/\/bierger.remich.lu\/de\/\"},{\"@type\":\"ListItem\",\"position\":2,\"name\":\"Stadt Remich\",\"item\":\"https:\/\/bierger.remich.lu\/de\/ville-de-remich\/\"},{\"@type\":\"ListItem\",\"position\":3,\"name\":\"Bildung und Kinder\",\"item\":\"https:\/\/bierger.remich.lu\/de\/ville-de-remich\/schulwesen\/\"},{\"@type\":\"ListItem\",\"position\":4,\"name\":\"Foyer du jour Muselnascht\"}]},{\"@type\":\"WebSite\",\"@id\":\"https:\/\/bierger.remich.lu\/de\/#website\",\"url\":\"https:\/\/bierger.remich.lu\/de\/\",\"name\":\"Ville de Remich\",\"description\":\"\",\"potentialAction\":[{\"@type\":\"SearchAction\",\"target\":{\"@type\":\"EntryPoint\",\"urlTemplate\":\"https:\/\/bierger.remich.lu\/de\/?s={search_term_string}\"},\"query-input\":{\"@type\":\"PropertyValueSpecification\",\"valueRequired\":true,\"valueName\":\"search_term_string\"}}],\"inLanguage\":\"de\"}]}<\/script>\n<!-- \/ Yoast SEO plugin. -->","yoast_head_json":{"title":"Kindertagesst\u00e4tte Muselnascht - Ville de Remich","robots":{"index":"index","follow":"follow","max-snippet":"max-snippet:-1","max-image-preview":"max-image-preview:large","max-video-preview":"max-video-preview:-1"},"canonical":"https:\/\/bierger.remich.lu\/fr\/ville-de-remich\/schulwesen\/kindertagesstatte-muselnascht\/","og_locale":"de_DE","og_type":"article","og_title":"Kindertagesst\u00e4tte Muselnascht - Ville de Remich","og_description":"Das 1993 gegr\u00fcndete Foyer du Jour MUSELNASCHT ist eine Betreuungseinrichtung, die mit dem Ministerium f\u00fcr Bildung, Kinder und Jugend konventionniert ist und von der gemeinn\u00fctzigen Organisation Foyer de Jour Muselnascht verwaltet wird. \u00d6ffnungszeiten Montag &#8211; Freitag von 07:00 bis 19:00 Uhr Altersgruppen Gruppe &#8222;Maisercher&#8220; &#8211; Kinder von 2 bis 18 Monaten Gruppe &#8222;Himmelsd\u00e9iercher&#8220; &#8211; Kinder... Mehr lesen \u00bb","og_url":"https:\/\/bierger.remich.lu\/fr\/ville-de-remich\/schulwesen\/kindertagesstatte-muselnascht\/","og_site_name":"Ville de Remich","article_modified_time":"2025-04-04T13:07:25+00:00","og_image":[{"width":683,"height":1024,"url":"https:\/\/bierger.remich.lu\/wp-content\/uploads\/sites\/3\/2017\/09\/markus-spiske-193031-683x1024.jpg","type":"image\/jpeg"}],"twitter_card":"summary_large_image","twitter_misc":{"Gesch\u00e4tzte Lesezeit":"7\u00a0Minuten"},"schema":{"@context":"https:\/\/schema.org","@graph":[{"@type":"WebPage","@id":"https:\/\/bierger.remich.lu\/fr\/ville-de-remich\/schulwesen\/kindertagesstatte-muselnascht\/","url":"https:\/\/bierger.remich.lu\/fr\/ville-de-remich\/schulwesen\/kindertagesstatte-muselnascht\/","name":"Kindertagesst\u00e4tte Muselnascht - Ville de Remich","isPartOf":{"@id":"https:\/\/bierger.remich.lu\/de\/#website"},"primaryImageOfPage":{"@id":"https:\/\/bierger.remich.lu\/fr\/ville-de-remich\/schulwesen\/kindertagesstatte-muselnascht\/#primaryimage"},"image":{"@id":"https:\/\/bierger.remich.lu\/fr\/ville-de-remich\/schulwesen\/kindertagesstatte-muselnascht\/#primaryimage"},"thumbnailUrl":"https:\/\/bierger.remich.lu\/wp-content\/uploads\/sites\/3\/2017\/09\/markus-spiske-193031.jpg","datePublished":"2017-09-22T12:20:23+00:00","dateModified":"2025-04-04T13:07:25+00:00","breadcrumb":{"@id":"https:\/\/bierger.remich.lu\/fr\/ville-de-remich\/schulwesen\/kindertagesstatte-muselnascht\/#breadcrumb"},"inLanguage":"de","potentialAction":[{"@type":"ReadAction","target":["https:\/\/bierger.remich.lu\/fr\/ville-de-remich\/schulwesen\/kindertagesstatte-muselnascht\/"]}]},{"@type":"ImageObject","inLanguage":"de","@id":"https:\/\/bierger.remich.lu\/fr\/ville-de-remich\/schulwesen\/kindertagesstatte-muselnascht\/#primaryimage","url":"https:\/\/bierger.remich.lu\/wp-content\/uploads\/sites\/3\/2017\/09\/markus-spiske-193031.jpg","contentUrl":"https:\/\/bierger.remich.lu\/wp-content\/uploads\/sites\/3\/2017\/09\/markus-spiske-193031.jpg","width":3840,"height":5760},{"@type":"BreadcrumbList","@id":"https:\/\/bierger.remich.lu\/fr\/ville-de-remich\/schulwesen\/kindertagesstatte-muselnascht\/#breadcrumb","itemListElement":[{"@type":"ListItem","position":1,"name":"Startseite","item":"https:\/\/bierger.remich.lu\/de\/"},{"@type":"ListItem","position":2,"name":"Stadt Remich","item":"https:\/\/bierger.remich.lu\/de\/ville-de-remich\/"},{"@type":"ListItem","position":3,"name":"Bildung und Kinder","item":"https:\/\/bierger.remich.lu\/de\/ville-de-remich\/schulwesen\/"},{"@type":"ListItem","position":4,"name":"Foyer du jour Muselnascht"}]},{"@type":"WebSite","@id":"https:\/\/bierger.remich.lu\/de\/#website","url":"https:\/\/bierger.remich.lu\/de\/","name":"Ville de Remich","description":"","potentialAction":[{"@type":"SearchAction","target":{"@type":"EntryPoint","urlTemplate":"https:\/\/bierger.remich.lu\/de\/?s={search_term_string}"},"query-input":{"@type":"PropertyValueSpecification","valueRequired":true,"valueName":"search_term_string"}}],"inLanguage":"de"}]}},"_links":{"self":[{"href":"https:\/\/bierger.remich.lu\/de\/wp-json\/wp\/v2\/pages\/2272","targetHints":{"allow":["GET"]}}],"collection":[{"href":"https:\/\/bierger.remich.lu\/de\/wp-json\/wp\/v2\/pages"}],"about":[{"href":"https:\/\/bierger.remich.lu\/de\/wp-json\/wp\/v2\/types\/page"}],"author":[{"embeddable":true,"href":"https:\/\/bierger.remich.lu\/de\/wp-json\/wp\/v2\/users\/4"}],"replies":[{"embeddable":true,"href":"https:\/\/bierger.remich.lu\/de\/wp-json\/wp\/v2\/comments?post=2272"}],"version-history":[{"count":38,"href":"https:\/\/bierger.remich.lu\/de\/wp-json\/wp\/v2\/pages\/2272\/revisions"}],"predecessor-version":[{"id":16453,"href":"https:\/\/bierger.remich.lu\/de\/wp-json\/wp\/v2\/pages\/2272\/revisions\/16453"}],"up":[{"embeddable":true,"href":"https:\/\/bierger.remich.lu\/de\/wp-json\/wp\/v2\/pages\/1852"}],"wp:featuredmedia":[{"embeddable":true,"href":"https:\/\/bierger.remich.lu\/de\/wp-json\/wp\/v2\/media\/2279"}],"wp:attachment":[{"href":"https:\/\/bierger.remich.lu\/de\/wp-json\/wp\/v2\/media?parent=2272"}],"curies":[{"name":"wp","href":"https:\/\/api.w.org\/{rel}","templated":true}]}}