{"id":2383,"date":"2017-09-27T12:12:41","date_gmt":"2017-09-27T10:12:41","guid":{"rendered":"http:\/\/reimech.lu\/?page_id=2383"},"modified":"2024-01-31T15:50:52","modified_gmt":"2024-01-31T14:50:52","slug":"bichertheik","status":"publish","type":"page","link":"https:\/\/bierger.remich.lu\/de\/services-au-citoyen\/francais-sports-et-loisirs\/bichertheik\/","title":{"rendered":"Bicherth\u00e9ik"},"content":{"rendered":"<img loading=\"lazy\" decoding=\"async\" class=\"alignnone size-medium wp-image-13406\" src=\"https:\/\/bierger.remich.lu\/wp-content\/uploads\/sites\/3\/2024\/01\/Logo-Bichertheik-300x78.png\" alt=\"\" width=\"300\" height=\"78\" srcset=\"https:\/\/bierger.remich.lu\/wp-content\/uploads\/sites\/3\/2024\/01\/Logo-Bichertheik-300x78.png 300w, https:\/\/bierger.remich.lu\/wp-content\/uploads\/sites\/3\/2024\/01\/Logo-Bichertheik-1024x267.png 1024w\" sizes=\"auto, (max-width: 300px) 100vw, 300px\" \/><\/p>\n<p>Seit 2011 gibt es in Schwebsingen die Gemeindebibliothek \u201eBicherth\u00e9ik-Gemeng Schengen\u201c. Sie befindet sich in der alten \u201eSchw\u00e9idsbenger Schoul\u201c, einem stilvollen Bauwerk aus dem Jahre 1905.<\/p>\n<p>Tr\u00e4gerin der Bibliothek ist die Gemeinde Schengen.<\/p>\n<p>Eine interkommunale Zusammenarbeit mit den Gemeinden Bous, Mondorf, Perl und Remich und deren finanzieller Beteiligung an den j\u00e4hrlichen Betriebskosten von 1000\u20ac erm\u00f6glicht es sowohl den Einwohnern der Gemeinde Schengen als auch den B\u00fcrgern aus den angrenzenden Gemeinden von dem attraktiven B\u00fccherangebot zu profitieren. Zus\u00e4tzlich wurden Konventionen mit mit dem Schengen-Lyzeum, und der Maison Relais der Gemeinde Schengen unterzeichnet.<\/p>\n<p>Die \u201eBicherth\u00e9ik\u201c verf\u00fcgt \u00fcber etwa 18.000 B\u00fccher, hinzukommen eine ganze Reihe von historischen und aktuellen Dokumenten. Au\u00dferdem verf\u00fcgt die &#8222;Bicherth\u00e9ik&#8220; \u00fcber eine Fotothek, in der jegliche Fotos aus der Gemeinde gesammelt werden. Im Angebot sind deutsche, franz\u00f6sische und englische Romane und Krimis f\u00fcr Erwachsene, Sachb\u00fccher in Politik, Philosophie, Religion, Krieg, Kultur und Erziehung, sowie etliche Luxemburgensia, auf die die Verantwortlichen besonders stolz sind. Weiterhin k\u00f6nnen Mitglieder die drei Luxemburger Tageszeitungen, Revue und T\u00e9l\u00e9cran, ausleihen.<\/p>\n<p>Im ersten Stockwerk der \u201eBicherth\u00e9ik\u201c befindet sich die Kinder-und Jugendabteilung, in der Bilderb\u00fccher f\u00fcr kleine Kinder, spannende luxemburgische, deutsche und franz\u00f6sische Romane ab dem ersten Lesealter, ein gro\u00dfes Angebot an Sachb\u00fcchern f\u00fcr Kinder und Jugendliche, sowie die beliebten Micky-Maus-Hefte, Comics und Mangas, zu finden sind.<\/p>\n<p>Des \u00d6fteren besuchen Schulklassen die \u201eBicherth\u00e9ik\u201c, um zusammen mit ihren Lehrern B\u00fccher vorzulesen, b\u00fccherbezogene Spiele zu spielen und dergleichen mehr. Zus\u00e4tzlich organisiert die \u201eBicherth\u00e9ik\u201c f\u00fcr die 11- und 12-j\u00e4hrigen Diskussionsrunden zu bestimmten Themen.<\/p>\n<p>Im <a href=\"https:\/\/www.biblino.de\/index.php?id=124\">Online-Katalog<\/a> der \u201eBicherth\u00e9ik\u201c unter\u00a0<a href=\"https:\/\/www.schengen.lu\/bichertheik\/\">www.schengen.lu.<\/a> findet der Leser alle Informationen bez\u00fcglich der in der Bibliothek vorhandenen B\u00fccher.<\/p>\n<p>Menschen mit nachgewiesener eingeschr\u00e4nkter Mobilit\u00e4t (z.B. Alter, Krankheit, Handicap) k\u00f6nnen B\u00fccher in der \u201eBicherth\u00e9ik\u201c per Anruf bestellen und bekommen diese dann mit dem Gemeindebus \u201eSchengi\u201c zu sich nach Hause gebracht.<\/p>\n<p>Es besteht au\u00dferdem die M\u00f6glichkeit auf Anruf direkt mit dem \u201e<a href=\"http:\/\/reimech.lu\/wp-content\/uploads\/sites\/3\/2017\/08\/Minibus-Service-Schengi-Bichertheik.pdf\">Schengi<\/a>\u201c zur \u201eBicherth\u00e9ik\u201c nach Schwebsingen zu fahren und zur\u00fcck.<\/p>\n<p>Speziell f\u00fcr Menschen mit Sehst\u00f6rungen, hat die \u201eBicherth\u00e9ik\u201c ein erweitertes Angebot an aktuellen Romanen, die in gro\u00dfer Fettschrift gedruckt sind. Jeder Einwohner, ob gro\u00df oder klein, aus den f\u00fcnf Gemeinden ist herzlich willkommen!<\/p>\n<p>Die Mitgliedschaft ist gratis.","protected":false},"excerpt":{"rendered":"<p>Seit 2011 gibt es in Schwebsingen die Gemeindebibliothek \u201eBicherth\u00e9ik-Gemeng Schengen\u201c. Sie befindet sich in der alten \u201eSchw\u00e9idsbenger Schoul\u201c, einem stilvollen Bauwerk aus dem Jahre 1905. Tr\u00e4gerin der Bibliothek ist die Gemeinde Schengen. Eine interkommunale Zusammenarbeit mit den Gemeinden Bous, Mondorf, Perl und Remich und deren finanzieller Beteiligung an den j\u00e4hrlichen Betriebskosten von 1000\u20ac erm\u00f6glicht es&#8230;  <a class=\"excerpt-read-more\" href=\"https:\/\/bierger.remich.lu\/de\/services-au-citoyen\/francais-sports-et-loisirs\/bichertheik\/\" title=\"ReadBicherth\u00e9ik\">Mehr lesen \u00bb<\/a><\/p>\n","protected":false},"author":4,"featured_media":2392,"parent":72,"menu_order":97,"comment_status":"closed","ping_status":"closed","template":"","meta":{"_acf_changed":false,"xn-wppe-expiration":[],"xn-wppe-expiration-action":[],"xn-wppe-expiration-prefix":[],"footnotes":"","_links_to":"","_links_to_target":""},"class_list":["post-2383","page","type-page","status-publish","has-post-thumbnail","hentry","keyword-einwohner","keyword-mobilitat"],"acf":[],"yoast_head":"<!-- This site is optimized with the Yoast SEO plugin v26.7 - https:\/\/yoast.com\/wordpress\/plugins\/seo\/ -->\n<title>Bicherth\u00e9ik - Ville de Remich<\/title>\n<meta name=\"robots\" content=\"index, follow, max-snippet:-1, max-image-preview:large, max-video-preview:-1\" \/>\n<link rel=\"canonical\" href=\"https:\/\/bierger.remich.lu\/de\/services-au-citoyen\/francais-sports-et-loisirs\/bichertheik\/\" \/>\n<meta property=\"og:locale\" content=\"de_DE\" \/>\n<meta property=\"og:type\" content=\"article\" \/>\n<meta property=\"og:title\" content=\"Bicherth\u00e9ik - Ville de Remich\" \/>\n<meta property=\"og:description\" content=\"Seit 2011 gibt es in Schwebsingen die Gemeindebibliothek \u201eBicherth\u00e9ik-Gemeng Schengen\u201c. Sie befindet sich in der alten \u201eSchw\u00e9idsbenger Schoul\u201c, einem stilvollen Bauwerk aus dem Jahre 1905. Tr\u00e4gerin der Bibliothek ist die Gemeinde Schengen. Eine interkommunale Zusammenarbeit mit den Gemeinden Bous, Mondorf, Perl und Remich und deren finanzieller Beteiligung an den j\u00e4hrlichen Betriebskosten von 1000\u20ac erm\u00f6glicht es... Mehr lesen \u00bb\" \/>\n<meta property=\"og:url\" content=\"https:\/\/bierger.remich.lu\/de\/services-au-citoyen\/francais-sports-et-loisirs\/bichertheik\/\" \/>\n<meta property=\"og:site_name\" content=\"Ville de Remich\" \/>\n<meta property=\"article:modified_time\" content=\"2024-01-31T14:50:52+00:00\" \/>\n<meta property=\"og:image\" content=\"https:\/\/bierger.remich.lu\/wp-content\/uploads\/sites\/3\/2017\/09\/Schengen.Bibl_.Int_.1st.floor_.25.08.2016-28.JPG-11.jpg\" \/>\n\t<meta property=\"og:image:width\" content=\"1600\" \/>\n\t<meta property=\"og:image:height\" content=\"1200\" \/>\n\t<meta property=\"og:image:type\" content=\"image\/jpeg\" \/>\n<meta name=\"twitter:card\" content=\"summary_large_image\" \/>\n<meta name=\"twitter:label1\" content=\"Gesch\u00e4tzte Lesezeit\" \/>\n\t<meta name=\"twitter:data1\" content=\"4\u00a0Minuten\" \/>\n<script type=\"application\/ld+json\" class=\"yoast-schema-graph\">{\"@context\":\"https:\/\/schema.org\",\"@graph\":[{\"@type\":\"WebPage\",\"@id\":\"https:\/\/bierger.remich.lu\/de\/services-au-citoyen\/francais-sports-et-loisirs\/bichertheik\/\",\"url\":\"https:\/\/bierger.remich.lu\/de\/services-au-citoyen\/francais-sports-et-loisirs\/bichertheik\/\",\"name\":\"Bicherth\u00e9ik - Ville de Remich\",\"isPartOf\":{\"@id\":\"https:\/\/bierger.remich.lu\/de\/#website\"},\"primaryImageOfPage\":{\"@id\":\"https:\/\/bierger.remich.lu\/de\/services-au-citoyen\/francais-sports-et-loisirs\/bichertheik\/#primaryimage\"},\"image\":{\"@id\":\"https:\/\/bierger.remich.lu\/de\/services-au-citoyen\/francais-sports-et-loisirs\/bichertheik\/#primaryimage\"},\"thumbnailUrl\":\"https:\/\/bierger.remich.lu\/wp-content\/uploads\/sites\/3\/2017\/09\/Schengen.Bibl_.Int_.1st.floor_.25.08.2016-28.JPG-11.jpg\",\"datePublished\":\"2017-09-27T10:12:41+00:00\",\"dateModified\":\"2024-01-31T14:50:52+00:00\",\"breadcrumb\":{\"@id\":\"https:\/\/bierger.remich.lu\/de\/services-au-citoyen\/francais-sports-et-loisirs\/bichertheik\/#breadcrumb\"},\"inLanguage\":\"de\",\"potentialAction\":[{\"@type\":\"ReadAction\",\"target\":[\"https:\/\/bierger.remich.lu\/de\/services-au-citoyen\/francais-sports-et-loisirs\/bichertheik\/\"]}]},{\"@type\":\"ImageObject\",\"inLanguage\":\"de\",\"@id\":\"https:\/\/bierger.remich.lu\/de\/services-au-citoyen\/francais-sports-et-loisirs\/bichertheik\/#primaryimage\",\"url\":\"https:\/\/bierger.remich.lu\/wp-content\/uploads\/sites\/3\/2017\/09\/Schengen.Bibl_.Int_.1st.floor_.25.08.2016-28.JPG-11.jpg\",\"contentUrl\":\"https:\/\/bierger.remich.lu\/wp-content\/uploads\/sites\/3\/2017\/09\/Schengen.Bibl_.Int_.1st.floor_.25.08.2016-28.JPG-11.jpg\",\"width\":1600,\"height\":1200},{\"@type\":\"BreadcrumbList\",\"@id\":\"https:\/\/bierger.remich.lu\/de\/services-au-citoyen\/francais-sports-et-loisirs\/bichertheik\/#breadcrumb\",\"itemListElement\":[{\"@type\":\"ListItem\",\"position\":1,\"name\":\"Startseite\",\"item\":\"https:\/\/bierger.remich.lu\/de\/\"},{\"@type\":\"ListItem\",\"position\":2,\"name\":\"B\u00fcrgerdienste\",\"item\":\"https:\/\/bierger.remich.lu\/de\/services-au-citoyen\/\"},{\"@type\":\"ListItem\",\"position\":3,\"name\":\"Sport und Freizeit\",\"item\":\"https:\/\/bierger.remich.lu\/de\/services-au-citoyen\/francais-sports-et-loisirs\/\"},{\"@type\":\"ListItem\",\"position\":4,\"name\":\"Bicherth\u00e9ik\"}]},{\"@type\":\"WebSite\",\"@id\":\"https:\/\/bierger.remich.lu\/de\/#website\",\"url\":\"https:\/\/bierger.remich.lu\/de\/\",\"name\":\"Ville de Remich\",\"description\":\"\",\"potentialAction\":[{\"@type\":\"SearchAction\",\"target\":{\"@type\":\"EntryPoint\",\"urlTemplate\":\"https:\/\/bierger.remich.lu\/de\/?s={search_term_string}\"},\"query-input\":{\"@type\":\"PropertyValueSpecification\",\"valueRequired\":true,\"valueName\":\"search_term_string\"}}],\"inLanguage\":\"de\"}]}<\/script>\n<!-- \/ Yoast SEO plugin. -->","yoast_head_json":{"title":"Bicherth\u00e9ik - Ville de Remich","robots":{"index":"index","follow":"follow","max-snippet":"max-snippet:-1","max-image-preview":"max-image-preview:large","max-video-preview":"max-video-preview:-1"},"canonical":"https:\/\/bierger.remich.lu\/de\/services-au-citoyen\/francais-sports-et-loisirs\/bichertheik\/","og_locale":"de_DE","og_type":"article","og_title":"Bicherth\u00e9ik - Ville de Remich","og_description":"Seit 2011 gibt es in Schwebsingen die Gemeindebibliothek \u201eBicherth\u00e9ik-Gemeng Schengen\u201c. Sie befindet sich in der alten \u201eSchw\u00e9idsbenger Schoul\u201c, einem stilvollen Bauwerk aus dem Jahre 1905. Tr\u00e4gerin der Bibliothek ist die Gemeinde Schengen. Eine interkommunale Zusammenarbeit mit den Gemeinden Bous, Mondorf, Perl und Remich und deren finanzieller Beteiligung an den j\u00e4hrlichen Betriebskosten von 1000\u20ac erm\u00f6glicht es... Mehr lesen \u00bb","og_url":"https:\/\/bierger.remich.lu\/de\/services-au-citoyen\/francais-sports-et-loisirs\/bichertheik\/","og_site_name":"Ville de Remich","article_modified_time":"2024-01-31T14:50:52+00:00","og_image":[{"width":1600,"height":1200,"url":"https:\/\/bierger.remich.lu\/wp-content\/uploads\/sites\/3\/2017\/09\/Schengen.Bibl_.Int_.1st.floor_.25.08.2016-28.JPG-11.jpg","type":"image\/jpeg"}],"twitter_card":"summary_large_image","twitter_misc":{"Gesch\u00e4tzte Lesezeit":"4\u00a0Minuten"},"schema":{"@context":"https:\/\/schema.org","@graph":[{"@type":"WebPage","@id":"https:\/\/bierger.remich.lu\/de\/services-au-citoyen\/francais-sports-et-loisirs\/bichertheik\/","url":"https:\/\/bierger.remich.lu\/de\/services-au-citoyen\/francais-sports-et-loisirs\/bichertheik\/","name":"Bicherth\u00e9ik - Ville de Remich","isPartOf":{"@id":"https:\/\/bierger.remich.lu\/de\/#website"},"primaryImageOfPage":{"@id":"https:\/\/bierger.remich.lu\/de\/services-au-citoyen\/francais-sports-et-loisirs\/bichertheik\/#primaryimage"},"image":{"@id":"https:\/\/bierger.remich.lu\/de\/services-au-citoyen\/francais-sports-et-loisirs\/bichertheik\/#primaryimage"},"thumbnailUrl":"https:\/\/bierger.remich.lu\/wp-content\/uploads\/sites\/3\/2017\/09\/Schengen.Bibl_.Int_.1st.floor_.25.08.2016-28.JPG-11.jpg","datePublished":"2017-09-27T10:12:41+00:00","dateModified":"2024-01-31T14:50:52+00:00","breadcrumb":{"@id":"https:\/\/bierger.remich.lu\/de\/services-au-citoyen\/francais-sports-et-loisirs\/bichertheik\/#breadcrumb"},"inLanguage":"de","potentialAction":[{"@type":"ReadAction","target":["https:\/\/bierger.remich.lu\/de\/services-au-citoyen\/francais-sports-et-loisirs\/bichertheik\/"]}]},{"@type":"ImageObject","inLanguage":"de","@id":"https:\/\/bierger.remich.lu\/de\/services-au-citoyen\/francais-sports-et-loisirs\/bichertheik\/#primaryimage","url":"https:\/\/bierger.remich.lu\/wp-content\/uploads\/sites\/3\/2017\/09\/Schengen.Bibl_.Int_.1st.floor_.25.08.2016-28.JPG-11.jpg","contentUrl":"https:\/\/bierger.remich.lu\/wp-content\/uploads\/sites\/3\/2017\/09\/Schengen.Bibl_.Int_.1st.floor_.25.08.2016-28.JPG-11.jpg","width":1600,"height":1200},{"@type":"BreadcrumbList","@id":"https:\/\/bierger.remich.lu\/de\/services-au-citoyen\/francais-sports-et-loisirs\/bichertheik\/#breadcrumb","itemListElement":[{"@type":"ListItem","position":1,"name":"Startseite","item":"https:\/\/bierger.remich.lu\/de\/"},{"@type":"ListItem","position":2,"name":"B\u00fcrgerdienste","item":"https:\/\/bierger.remich.lu\/de\/services-au-citoyen\/"},{"@type":"ListItem","position":3,"name":"Sport und Freizeit","item":"https:\/\/bierger.remich.lu\/de\/services-au-citoyen\/francais-sports-et-loisirs\/"},{"@type":"ListItem","position":4,"name":"Bicherth\u00e9ik"}]},{"@type":"WebSite","@id":"https:\/\/bierger.remich.lu\/de\/#website","url":"https:\/\/bierger.remich.lu\/de\/","name":"Ville de Remich","description":"","potentialAction":[{"@type":"SearchAction","target":{"@type":"EntryPoint","urlTemplate":"https:\/\/bierger.remich.lu\/de\/?s={search_term_string}"},"query-input":{"@type":"PropertyValueSpecification","valueRequired":true,"valueName":"search_term_string"}}],"inLanguage":"de"}]}},"_links":{"self":[{"href":"https:\/\/bierger.remich.lu\/de\/wp-json\/wp\/v2\/pages\/2383","targetHints":{"allow":["GET"]}}],"collection":[{"href":"https:\/\/bierger.remich.lu\/de\/wp-json\/wp\/v2\/pages"}],"about":[{"href":"https:\/\/bierger.remich.lu\/de\/wp-json\/wp\/v2\/types\/page"}],"author":[{"embeddable":true,"href":"https:\/\/bierger.remich.lu\/de\/wp-json\/wp\/v2\/users\/4"}],"replies":[{"embeddable":true,"href":"https:\/\/bierger.remich.lu\/de\/wp-json\/wp\/v2\/comments?post=2383"}],"version-history":[{"count":8,"href":"https:\/\/bierger.remich.lu\/de\/wp-json\/wp\/v2\/pages\/2383\/revisions"}],"predecessor-version":[{"id":13407,"href":"https:\/\/bierger.remich.lu\/de\/wp-json\/wp\/v2\/pages\/2383\/revisions\/13407"}],"up":[{"embeddable":true,"href":"https:\/\/bierger.remich.lu\/de\/wp-json\/wp\/v2\/pages\/72"}],"wp:featuredmedia":[{"embeddable":true,"href":"https:\/\/bierger.remich.lu\/de\/wp-json\/wp\/v2\/media\/2392"}],"wp:attachment":[{"href":"https:\/\/bierger.remich.lu\/de\/wp-json\/wp\/v2\/media?parent=2383"}],"curies":[{"name":"wp","href":"https:\/\/api.w.org\/{rel}","templated":true}]}}