{"id":2753,"date":"2017-12-12T11:01:56","date_gmt":"2017-12-12T10:01:56","guid":{"rendered":"http:\/\/reimech.lu\/?page_id=2753"},"modified":"2023-07-21T11:02:33","modified_gmt":"2023-07-21T09:02:33","slug":"consultations-pour-nourrissons","status":"publish","type":"page","link":"https:\/\/bierger.remich.lu\/de\/ville-de-remich\/schulwesen\/consultations-pour-nourrissons\/","title":{"rendered":"Sprechstunde f\u00fcr S\u00e4uglinge und Kleinkinder"},"content":{"rendered":"In diesen Sprechstunden liegt das Augenmerk darauf die Gesundheit von Kindern zwischen 0 und 4 Jahren zu f\u00f6rdern, zu \u00fcberwachen und zu erhalten, nicht jedoch kranke Kinder zu behandeln.<\/p>\n<p><strong>Ziele :<\/strong><\/p>\n<ul>\n<li>den Eltern einen Ansprechpartner zu bieten<\/li>\n<li>die Eltern zu verstehen, zu informieren und zu beraten<\/li>\n<\/ul>\n<p><strong>Leistungen<\/strong>:<\/p>\n<ul>\n<li>die Kinder messen, wiegen und untersuchen<\/li>\n<li>Informationen und Ratschl\u00e4ge betreffend Pr\u00e4vention, Stillen, Ern\u00e4hrung von S\u00e4uglingen, Babyartikel, Gesundheit, harmonische Entwicklung und Wohlbefinden des Kindes<\/li>\n<li>soziale Beratung und Begleitung durch eine Sozialarbeiterin<\/li>\n<li>Orientierungshilfe bei Verwaltungsg\u00e4ngen<\/li>\n<\/ul>\n<p><strong>Empfang und Beratung durch<\/strong>:<\/p>\n<ul>\n<li>einen Arzt<\/li>\n<li>eine Kinderkrankenschwester oder eine Sozialarbeiterin<\/li>\n<\/ul>","protected":false},"excerpt":{"rendered":"<p>In diesen Sprechstunden liegt das Augenmerk darauf die Gesundheit von Kindern zwischen 0 und 4 Jahren zu f\u00f6rdern, zu \u00fcberwachen und zu erhalten, nicht jedoch kranke Kinder zu behandeln. Ziele : den Eltern einen Ansprechpartner zu bieten die Eltern zu verstehen, zu informieren und zu beraten Leistungen: die Kinder messen, wiegen und untersuchen Informationen und&#8230;  <a class=\"excerpt-read-more\" href=\"https:\/\/bierger.remich.lu\/de\/ville-de-remich\/schulwesen\/consultations-pour-nourrissons\/\" title=\"ReadSprechstunde f\u00fcr S\u00e4uglinge und Kleinkinder\">Mehr lesen \u00bb<\/a><\/p>\n","protected":false},"author":4,"featured_media":2758,"parent":1852,"menu_order":16,"comment_status":"closed","ping_status":"closed","template":"","meta":{"_acf_changed":false,"xn-wppe-expiration":[],"xn-wppe-expiration-action":[],"xn-wppe-expiration-prefix":[],"footnotes":"","_links_to":"","_links_to_target":""},"class_list":["post-2753","page","type-page","status-publish","has-post-thumbnail","hentry","keyword-kinder","keyword-social"],"acf":[],"yoast_head":"<!-- This site is optimized with the Yoast SEO plugin v26.7 - https:\/\/yoast.com\/wordpress\/plugins\/seo\/ -->\n<title>Sprechstunde f\u00fcr S\u00e4uglinge und Kleinkinder - Ville de Remich<\/title>\n<meta name=\"robots\" content=\"index, follow, max-snippet:-1, max-image-preview:large, max-video-preview:-1\" \/>\n<link rel=\"canonical\" href=\"https:\/\/bierger.remich.lu\/de\/ville-de-remich\/schulwesen\/consultations-pour-nourrissons\/\" \/>\n<meta property=\"og:locale\" content=\"de_DE\" \/>\n<meta property=\"og:type\" content=\"article\" \/>\n<meta property=\"og:title\" content=\"Sprechstunde f\u00fcr S\u00e4uglinge und Kleinkinder - Ville de Remich\" \/>\n<meta property=\"og:description\" content=\"In diesen Sprechstunden liegt das Augenmerk darauf die Gesundheit von Kindern zwischen 0 und 4 Jahren zu f\u00f6rdern, zu \u00fcberwachen und zu erhalten, nicht jedoch kranke Kinder zu behandeln. Ziele : den Eltern einen Ansprechpartner zu bieten die Eltern zu verstehen, zu informieren und zu beraten Leistungen: die Kinder messen, wiegen und untersuchen Informationen und... Mehr lesen \u00bb\" \/>\n<meta property=\"og:url\" content=\"https:\/\/bierger.remich.lu\/de\/ville-de-remich\/schulwesen\/consultations-pour-nourrissons\/\" \/>\n<meta property=\"og:site_name\" content=\"Ville de Remich\" \/>\n<meta property=\"article:modified_time\" content=\"2023-07-21T09:02:33+00:00\" \/>\n<meta property=\"og:image\" content=\"https:\/\/bierger.remich.lu\/wp-content\/uploads\/sites\/3\/2017\/12\/manuel-schinner-349153.jpg\" \/>\n\t<meta property=\"og:image:width\" content=\"6000\" \/>\n\t<meta property=\"og:image:height\" content=\"4000\" \/>\n\t<meta property=\"og:image:type\" content=\"image\/jpeg\" \/>\n<meta name=\"twitter:card\" content=\"summary_large_image\" \/>\n<meta name=\"twitter:label1\" content=\"Gesch\u00e4tzte Lesezeit\" \/>\n\t<meta name=\"twitter:data1\" content=\"2\u00a0Minuten\" \/>\n<script type=\"application\/ld+json\" class=\"yoast-schema-graph\">{\"@context\":\"https:\/\/schema.org\",\"@graph\":[{\"@type\":\"WebPage\",\"@id\":\"https:\/\/bierger.remich.lu\/de\/ville-de-remich\/schulwesen\/consultations-pour-nourrissons\/\",\"url\":\"https:\/\/bierger.remich.lu\/de\/ville-de-remich\/schulwesen\/consultations-pour-nourrissons\/\",\"name\":\"Sprechstunde f\u00fcr S\u00e4uglinge und Kleinkinder - Ville de Remich\",\"isPartOf\":{\"@id\":\"https:\/\/bierger.remich.lu\/de\/#website\"},\"primaryImageOfPage\":{\"@id\":\"https:\/\/bierger.remich.lu\/de\/ville-de-remich\/schulwesen\/consultations-pour-nourrissons\/#primaryimage\"},\"image\":{\"@id\":\"https:\/\/bierger.remich.lu\/de\/ville-de-remich\/schulwesen\/consultations-pour-nourrissons\/#primaryimage\"},\"thumbnailUrl\":\"https:\/\/bierger.remich.lu\/wp-content\/uploads\/sites\/3\/2017\/12\/manuel-schinner-349153.jpg\",\"datePublished\":\"2017-12-12T10:01:56+00:00\",\"dateModified\":\"2023-07-21T09:02:33+00:00\",\"breadcrumb\":{\"@id\":\"https:\/\/bierger.remich.lu\/de\/ville-de-remich\/schulwesen\/consultations-pour-nourrissons\/#breadcrumb\"},\"inLanguage\":\"de\",\"potentialAction\":[{\"@type\":\"ReadAction\",\"target\":[\"https:\/\/bierger.remich.lu\/de\/ville-de-remich\/schulwesen\/consultations-pour-nourrissons\/\"]}]},{\"@type\":\"ImageObject\",\"inLanguage\":\"de\",\"@id\":\"https:\/\/bierger.remich.lu\/de\/ville-de-remich\/schulwesen\/consultations-pour-nourrissons\/#primaryimage\",\"url\":\"https:\/\/bierger.remich.lu\/wp-content\/uploads\/sites\/3\/2017\/12\/manuel-schinner-349153.jpg\",\"contentUrl\":\"https:\/\/bierger.remich.lu\/wp-content\/uploads\/sites\/3\/2017\/12\/manuel-schinner-349153.jpg\",\"width\":6000,\"height\":4000},{\"@type\":\"BreadcrumbList\",\"@id\":\"https:\/\/bierger.remich.lu\/de\/ville-de-remich\/schulwesen\/consultations-pour-nourrissons\/#breadcrumb\",\"itemListElement\":[{\"@type\":\"ListItem\",\"position\":1,\"name\":\"Startseite\",\"item\":\"https:\/\/bierger.remich.lu\/de\/\"},{\"@type\":\"ListItem\",\"position\":2,\"name\":\"Stadt Remich\",\"item\":\"https:\/\/bierger.remich.lu\/de\/ville-de-remich\/\"},{\"@type\":\"ListItem\",\"position\":3,\"name\":\"Bildung und Kinder\",\"item\":\"https:\/\/bierger.remich.lu\/de\/ville-de-remich\/schulwesen\/\"},{\"@type\":\"ListItem\",\"position\":4,\"name\":\"Sprechstunde f\u00fcr S\u00e4uglinge und Kleinkinder\"}]},{\"@type\":\"WebSite\",\"@id\":\"https:\/\/bierger.remich.lu\/de\/#website\",\"url\":\"https:\/\/bierger.remich.lu\/de\/\",\"name\":\"Ville de Remich\",\"description\":\"\",\"potentialAction\":[{\"@type\":\"SearchAction\",\"target\":{\"@type\":\"EntryPoint\",\"urlTemplate\":\"https:\/\/bierger.remich.lu\/de\/?s={search_term_string}\"},\"query-input\":{\"@type\":\"PropertyValueSpecification\",\"valueRequired\":true,\"valueName\":\"search_term_string\"}}],\"inLanguage\":\"de\"}]}<\/script>\n<!-- \/ Yoast SEO plugin. -->","yoast_head_json":{"title":"Sprechstunde f\u00fcr S\u00e4uglinge und Kleinkinder - Ville de Remich","robots":{"index":"index","follow":"follow","max-snippet":"max-snippet:-1","max-image-preview":"max-image-preview:large","max-video-preview":"max-video-preview:-1"},"canonical":"https:\/\/bierger.remich.lu\/de\/ville-de-remich\/schulwesen\/consultations-pour-nourrissons\/","og_locale":"de_DE","og_type":"article","og_title":"Sprechstunde f\u00fcr S\u00e4uglinge und Kleinkinder - Ville de Remich","og_description":"In diesen Sprechstunden liegt das Augenmerk darauf die Gesundheit von Kindern zwischen 0 und 4 Jahren zu f\u00f6rdern, zu \u00fcberwachen und zu erhalten, nicht jedoch kranke Kinder zu behandeln. Ziele : den Eltern einen Ansprechpartner zu bieten die Eltern zu verstehen, zu informieren und zu beraten Leistungen: die Kinder messen, wiegen und untersuchen Informationen und... Mehr lesen \u00bb","og_url":"https:\/\/bierger.remich.lu\/de\/ville-de-remich\/schulwesen\/consultations-pour-nourrissons\/","og_site_name":"Ville de Remich","article_modified_time":"2023-07-21T09:02:33+00:00","og_image":[{"width":6000,"height":4000,"url":"https:\/\/bierger.remich.lu\/wp-content\/uploads\/sites\/3\/2017\/12\/manuel-schinner-349153.jpg","type":"image\/jpeg"}],"twitter_card":"summary_large_image","twitter_misc":{"Gesch\u00e4tzte Lesezeit":"2\u00a0Minuten"},"schema":{"@context":"https:\/\/schema.org","@graph":[{"@type":"WebPage","@id":"https:\/\/bierger.remich.lu\/de\/ville-de-remich\/schulwesen\/consultations-pour-nourrissons\/","url":"https:\/\/bierger.remich.lu\/de\/ville-de-remich\/schulwesen\/consultations-pour-nourrissons\/","name":"Sprechstunde f\u00fcr S\u00e4uglinge und Kleinkinder - Ville de Remich","isPartOf":{"@id":"https:\/\/bierger.remich.lu\/de\/#website"},"primaryImageOfPage":{"@id":"https:\/\/bierger.remich.lu\/de\/ville-de-remich\/schulwesen\/consultations-pour-nourrissons\/#primaryimage"},"image":{"@id":"https:\/\/bierger.remich.lu\/de\/ville-de-remich\/schulwesen\/consultations-pour-nourrissons\/#primaryimage"},"thumbnailUrl":"https:\/\/bierger.remich.lu\/wp-content\/uploads\/sites\/3\/2017\/12\/manuel-schinner-349153.jpg","datePublished":"2017-12-12T10:01:56+00:00","dateModified":"2023-07-21T09:02:33+00:00","breadcrumb":{"@id":"https:\/\/bierger.remich.lu\/de\/ville-de-remich\/schulwesen\/consultations-pour-nourrissons\/#breadcrumb"},"inLanguage":"de","potentialAction":[{"@type":"ReadAction","target":["https:\/\/bierger.remich.lu\/de\/ville-de-remich\/schulwesen\/consultations-pour-nourrissons\/"]}]},{"@type":"ImageObject","inLanguage":"de","@id":"https:\/\/bierger.remich.lu\/de\/ville-de-remich\/schulwesen\/consultations-pour-nourrissons\/#primaryimage","url":"https:\/\/bierger.remich.lu\/wp-content\/uploads\/sites\/3\/2017\/12\/manuel-schinner-349153.jpg","contentUrl":"https:\/\/bierger.remich.lu\/wp-content\/uploads\/sites\/3\/2017\/12\/manuel-schinner-349153.jpg","width":6000,"height":4000},{"@type":"BreadcrumbList","@id":"https:\/\/bierger.remich.lu\/de\/ville-de-remich\/schulwesen\/consultations-pour-nourrissons\/#breadcrumb","itemListElement":[{"@type":"ListItem","position":1,"name":"Startseite","item":"https:\/\/bierger.remich.lu\/de\/"},{"@type":"ListItem","position":2,"name":"Stadt Remich","item":"https:\/\/bierger.remich.lu\/de\/ville-de-remich\/"},{"@type":"ListItem","position":3,"name":"Bildung und Kinder","item":"https:\/\/bierger.remich.lu\/de\/ville-de-remich\/schulwesen\/"},{"@type":"ListItem","position":4,"name":"Sprechstunde f\u00fcr S\u00e4uglinge und Kleinkinder"}]},{"@type":"WebSite","@id":"https:\/\/bierger.remich.lu\/de\/#website","url":"https:\/\/bierger.remich.lu\/de\/","name":"Ville de Remich","description":"","potentialAction":[{"@type":"SearchAction","target":{"@type":"EntryPoint","urlTemplate":"https:\/\/bierger.remich.lu\/de\/?s={search_term_string}"},"query-input":{"@type":"PropertyValueSpecification","valueRequired":true,"valueName":"search_term_string"}}],"inLanguage":"de"}]}},"_links":{"self":[{"href":"https:\/\/bierger.remich.lu\/de\/wp-json\/wp\/v2\/pages\/2753","targetHints":{"allow":["GET"]}}],"collection":[{"href":"https:\/\/bierger.remich.lu\/de\/wp-json\/wp\/v2\/pages"}],"about":[{"href":"https:\/\/bierger.remich.lu\/de\/wp-json\/wp\/v2\/types\/page"}],"author":[{"embeddable":true,"href":"https:\/\/bierger.remich.lu\/de\/wp-json\/wp\/v2\/users\/4"}],"replies":[{"embeddable":true,"href":"https:\/\/bierger.remich.lu\/de\/wp-json\/wp\/v2\/comments?post=2753"}],"version-history":[{"count":5,"href":"https:\/\/bierger.remich.lu\/de\/wp-json\/wp\/v2\/pages\/2753\/revisions"}],"predecessor-version":[{"id":12657,"href":"https:\/\/bierger.remich.lu\/de\/wp-json\/wp\/v2\/pages\/2753\/revisions\/12657"}],"up":[{"embeddable":true,"href":"https:\/\/bierger.remich.lu\/de\/wp-json\/wp\/v2\/pages\/1852"}],"wp:featuredmedia":[{"embeddable":true,"href":"https:\/\/bierger.remich.lu\/de\/wp-json\/wp\/v2\/media\/2758"}],"wp:attachment":[{"href":"https:\/\/bierger.remich.lu\/de\/wp-json\/wp\/v2\/media?parent=2753"}],"curies":[{"name":"wp","href":"https:\/\/api.w.org\/{rel}","templated":true}]}}