{"id":2932,"date":"2018-01-10T14:43:46","date_gmt":"2018-01-10T13:43:46","guid":{"rendered":"http:\/\/reimech.lu\/?page_id=2932"},"modified":"2018-01-11T11:52:24","modified_gmt":"2018-01-11T10:52:24","slug":"help","status":"publish","type":"page","link":"https:\/\/bierger.remich.lu\/de\/services-au-citoyen\/soziales-und-3-alter\/help\/","title":{"rendered":"HELP"},"content":{"rendered":"\u201eHELP 24&#8243;<\/p>\n<p>Die Dienstleistung \u201eHELP 24\u201c des Hilfs- und Pflegedienstes HELP, welche sich an \u00e4ltere, kranke und\/oder auf Hilfe angewiesene Personen richtet, bietet den Einwohnern der Stadt Remich einen telefonischen Bereitschaftsdienst, der rund um die Uhr betreut wird und sofort auf die Bed\u00fcrfnisse der Patienten reagiert.<\/p>\n<p>Ganz gleich, ob Sie zu Hause, unterwegs oder auf Reisen sind: Mit dem Alarmknopf erreichen Sie das Help24-Hilfsteam und Ihre Angeh\u00f6rigen jederzeit, auf einfachen Knopfdruck.<\/p>\n<p>Mit der satellitengest\u00fctzten Geolokalisierungsfunktion (optional) informieren sie Sie \u00fcber Ihre genaue geografische Lage.<\/p>\n<p>Beg\u00fcnstigte des telefonischen Bereitschaftsdienstes \u201eHELP 24\u201c sind Personen, die<\/p>\n<ul>\n<li>in der Stadt Remich wohnen.<\/li>\n<li>die zeitweise oder dauernd alleine in ihrem Haus sind und\/oder die unter dem Verlust der geistigen und\/oder k\u00f6rperlichen Unabh\u00e4ngigkeit leiden und somit auf externe Hilfe angewiesen sind.<\/li>\n<\/ul>\n<p>\u201eHELP 24\u201c bietet sowohl zahlreiche standardm\u00e4\u00dfige Leistungen, als auch eine Reihe von Diensten an, die auf das Bed\u00fcrfnis des Einzelnen zugeschnitten sind.<br \/>\nAlle angebotenen Leistungen sowie die entsprechenden Tarife finden Sie unter <a href=\"http:\/\/www.help.lu\">www.help.lu<\/a>.<\/p>\n<p>Mittels einem Abkommen welches zwischen der Stadt Remich und HELP geschlossen wurde, k\u00f6nnen 50% der Kosten f\u00fcr den Bereitschaftsdienst &#8222;HELP 24&#8220; von der Stadt Remich \u00fcbernommen werden.<\/p>\n<p>Kontakt: T. 26 70 26 | info@help.lu | www.help.lu","protected":false},"excerpt":{"rendered":"<p>\u201eHELP 24&#8243; Die Dienstleistung \u201eHELP 24\u201c des Hilfs- und Pflegedienstes HELP, welche sich an \u00e4ltere, kranke und\/oder auf Hilfe angewiesene Personen richtet, bietet den Einwohnern der Stadt Remich einen telefonischen Bereitschaftsdienst, der rund um die Uhr betreut wird und sofort auf die Bed\u00fcrfnisse der Patienten reagiert. Ganz gleich, ob Sie zu Hause, unterwegs oder auf&#8230;  <a class=\"excerpt-read-more\" href=\"https:\/\/bierger.remich.lu\/de\/services-au-citoyen\/soziales-und-3-alter\/help\/\" title=\"ReadHELP\">Mehr lesen \u00bb<\/a><\/p>\n","protected":false},"author":4,"featured_media":0,"parent":2917,"menu_order":93,"comment_status":"closed","ping_status":"closed","template":"","meta":{"_acf_changed":false,"xn-wppe-expiration":[],"xn-wppe-expiration-action":[],"xn-wppe-expiration-prefix":[],"footnotes":"","_links_to":"","_links_to_target":""},"class_list":["post-2932","page","type-page","status-publish","hentry","keyword-einwohner"],"acf":[],"yoast_head":"<!-- This site is optimized with the Yoast SEO plugin v26.7 - https:\/\/yoast.com\/wordpress\/plugins\/seo\/ -->\n<title>HELP - Ville de Remich<\/title>\n<meta name=\"robots\" content=\"index, follow, max-snippet:-1, max-image-preview:large, max-video-preview:-1\" \/>\n<link rel=\"canonical\" href=\"https:\/\/bierger.remich.lu\/en\/services-au-citoyen\/soziales-und-3-alter\/help\/\" \/>\n<meta property=\"og:locale\" content=\"de_DE\" \/>\n<meta property=\"og:type\" content=\"article\" \/>\n<meta property=\"og:title\" content=\"HELP - Ville de Remich\" \/>\n<meta property=\"og:description\" content=\"\u201eHELP 24&#8243; Die Dienstleistung \u201eHELP 24\u201c des Hilfs- und Pflegedienstes HELP, welche sich an \u00e4ltere, kranke und\/oder auf Hilfe angewiesene Personen richtet, bietet den Einwohnern der Stadt Remich einen telefonischen Bereitschaftsdienst, der rund um die Uhr betreut wird und sofort auf die Bed\u00fcrfnisse der Patienten reagiert. Ganz gleich, ob Sie zu Hause, unterwegs oder auf... Mehr lesen \u00bb\" \/>\n<meta property=\"og:url\" content=\"https:\/\/bierger.remich.lu\/en\/services-au-citoyen\/soziales-und-3-alter\/help\/\" \/>\n<meta property=\"og:site_name\" content=\"Ville de Remich\" \/>\n<meta property=\"article:modified_time\" content=\"2018-01-11T10:52:24+00:00\" \/>\n<meta name=\"twitter:card\" content=\"summary_large_image\" \/>\n<meta name=\"twitter:label1\" content=\"Gesch\u00e4tzte Lesezeit\" \/>\n\t<meta name=\"twitter:data1\" content=\"2\u00a0Minuten\" \/>\n<script type=\"application\/ld+json\" class=\"yoast-schema-graph\">{\"@context\":\"https:\/\/schema.org\",\"@graph\":[{\"@type\":\"WebPage\",\"@id\":\"https:\/\/bierger.remich.lu\/en\/services-au-citoyen\/soziales-und-3-alter\/help\/\",\"url\":\"https:\/\/bierger.remich.lu\/en\/services-au-citoyen\/soziales-und-3-alter\/help\/\",\"name\":\"HELP - Ville de Remich\",\"isPartOf\":{\"@id\":\"https:\/\/bierger.remich.lu\/de\/#website\"},\"datePublished\":\"2018-01-10T13:43:46+00:00\",\"dateModified\":\"2018-01-11T10:52:24+00:00\",\"breadcrumb\":{\"@id\":\"https:\/\/bierger.remich.lu\/en\/services-au-citoyen\/soziales-und-3-alter\/help\/#breadcrumb\"},\"inLanguage\":\"de\",\"potentialAction\":[{\"@type\":\"ReadAction\",\"target\":[\"https:\/\/bierger.remich.lu\/en\/services-au-citoyen\/soziales-und-3-alter\/help\/\"]}]},{\"@type\":\"BreadcrumbList\",\"@id\":\"https:\/\/bierger.remich.lu\/en\/services-au-citoyen\/soziales-und-3-alter\/help\/#breadcrumb\",\"itemListElement\":[{\"@type\":\"ListItem\",\"position\":1,\"name\":\"Startseite\",\"item\":\"https:\/\/bierger.remich.lu\/de\/\"},{\"@type\":\"ListItem\",\"position\":2,\"name\":\"B\u00fcrgerdienste\",\"item\":\"https:\/\/bierger.remich.lu\/de\/services-au-citoyen\/\"},{\"@type\":\"ListItem\",\"position\":3,\"name\":\"Soziales und 3. Alter\",\"item\":\"https:\/\/bierger.remich.lu\/de\/services-au-citoyen\/soziales-und-3-alter\/\"},{\"@type\":\"ListItem\",\"position\":4,\"name\":\"HELP\"}]},{\"@type\":\"WebSite\",\"@id\":\"https:\/\/bierger.remich.lu\/de\/#website\",\"url\":\"https:\/\/bierger.remich.lu\/de\/\",\"name\":\"Ville de Remich\",\"description\":\"\",\"potentialAction\":[{\"@type\":\"SearchAction\",\"target\":{\"@type\":\"EntryPoint\",\"urlTemplate\":\"https:\/\/bierger.remich.lu\/de\/?s={search_term_string}\"},\"query-input\":{\"@type\":\"PropertyValueSpecification\",\"valueRequired\":true,\"valueName\":\"search_term_string\"}}],\"inLanguage\":\"de\"}]}<\/script>\n<!-- \/ Yoast SEO plugin. -->","yoast_head_json":{"title":"HELP - Ville de Remich","robots":{"index":"index","follow":"follow","max-snippet":"max-snippet:-1","max-image-preview":"max-image-preview:large","max-video-preview":"max-video-preview:-1"},"canonical":"https:\/\/bierger.remich.lu\/en\/services-au-citoyen\/soziales-und-3-alter\/help\/","og_locale":"de_DE","og_type":"article","og_title":"HELP - Ville de Remich","og_description":"\u201eHELP 24&#8243; Die Dienstleistung \u201eHELP 24\u201c des Hilfs- und Pflegedienstes HELP, welche sich an \u00e4ltere, kranke und\/oder auf Hilfe angewiesene Personen richtet, bietet den Einwohnern der Stadt Remich einen telefonischen Bereitschaftsdienst, der rund um die Uhr betreut wird und sofort auf die Bed\u00fcrfnisse der Patienten reagiert. Ganz gleich, ob Sie zu Hause, unterwegs oder auf... Mehr lesen \u00bb","og_url":"https:\/\/bierger.remich.lu\/en\/services-au-citoyen\/soziales-und-3-alter\/help\/","og_site_name":"Ville de Remich","article_modified_time":"2018-01-11T10:52:24+00:00","twitter_card":"summary_large_image","twitter_misc":{"Gesch\u00e4tzte Lesezeit":"2\u00a0Minuten"},"schema":{"@context":"https:\/\/schema.org","@graph":[{"@type":"WebPage","@id":"https:\/\/bierger.remich.lu\/en\/services-au-citoyen\/soziales-und-3-alter\/help\/","url":"https:\/\/bierger.remich.lu\/en\/services-au-citoyen\/soziales-und-3-alter\/help\/","name":"HELP - Ville de Remich","isPartOf":{"@id":"https:\/\/bierger.remich.lu\/de\/#website"},"datePublished":"2018-01-10T13:43:46+00:00","dateModified":"2018-01-11T10:52:24+00:00","breadcrumb":{"@id":"https:\/\/bierger.remich.lu\/en\/services-au-citoyen\/soziales-und-3-alter\/help\/#breadcrumb"},"inLanguage":"de","potentialAction":[{"@type":"ReadAction","target":["https:\/\/bierger.remich.lu\/en\/services-au-citoyen\/soziales-und-3-alter\/help\/"]}]},{"@type":"BreadcrumbList","@id":"https:\/\/bierger.remich.lu\/en\/services-au-citoyen\/soziales-und-3-alter\/help\/#breadcrumb","itemListElement":[{"@type":"ListItem","position":1,"name":"Startseite","item":"https:\/\/bierger.remich.lu\/de\/"},{"@type":"ListItem","position":2,"name":"B\u00fcrgerdienste","item":"https:\/\/bierger.remich.lu\/de\/services-au-citoyen\/"},{"@type":"ListItem","position":3,"name":"Soziales und 3. Alter","item":"https:\/\/bierger.remich.lu\/de\/services-au-citoyen\/soziales-und-3-alter\/"},{"@type":"ListItem","position":4,"name":"HELP"}]},{"@type":"WebSite","@id":"https:\/\/bierger.remich.lu\/de\/#website","url":"https:\/\/bierger.remich.lu\/de\/","name":"Ville de Remich","description":"","potentialAction":[{"@type":"SearchAction","target":{"@type":"EntryPoint","urlTemplate":"https:\/\/bierger.remich.lu\/de\/?s={search_term_string}"},"query-input":{"@type":"PropertyValueSpecification","valueRequired":true,"valueName":"search_term_string"}}],"inLanguage":"de"}]}},"_links":{"self":[{"href":"https:\/\/bierger.remich.lu\/de\/wp-json\/wp\/v2\/pages\/2932","targetHints":{"allow":["GET"]}}],"collection":[{"href":"https:\/\/bierger.remich.lu\/de\/wp-json\/wp\/v2\/pages"}],"about":[{"href":"https:\/\/bierger.remich.lu\/de\/wp-json\/wp\/v2\/types\/page"}],"author":[{"embeddable":true,"href":"https:\/\/bierger.remich.lu\/de\/wp-json\/wp\/v2\/users\/4"}],"replies":[{"embeddable":true,"href":"https:\/\/bierger.remich.lu\/de\/wp-json\/wp\/v2\/comments?post=2932"}],"version-history":[{"count":1,"href":"https:\/\/bierger.remich.lu\/de\/wp-json\/wp\/v2\/pages\/2932\/revisions"}],"predecessor-version":[{"id":2933,"href":"https:\/\/bierger.remich.lu\/de\/wp-json\/wp\/v2\/pages\/2932\/revisions\/2933"}],"up":[{"embeddable":true,"href":"https:\/\/bierger.remich.lu\/de\/wp-json\/wp\/v2\/pages\/2917"}],"wp:attachment":[{"href":"https:\/\/bierger.remich.lu\/de\/wp-json\/wp\/v2\/media?parent=2932"}],"curies":[{"name":"wp","href":"https:\/\/api.w.org\/{rel}","templated":true}]}}