{"id":2936,"date":"2018-01-10T14:59:30","date_gmt":"2018-01-10T13:59:30","guid":{"rendered":"http:\/\/reimech.lu\/?page_id=2936"},"modified":"2025-10-27T14:23:08","modified_gmt":"2025-10-27T13:23:08","slug":"secher-doheem","status":"publish","type":"page","link":"https:\/\/bierger.remich.lu\/de\/services-au-citoyen\/soziales-und-3-alter\/secher-doheem\/","title":{"rendered":"S\u00e9cher Doheem"},"content":{"rendered":"TELEFONISCHER BEREITSCHAFTSDIENST<\/p>\n<p>Der externe telefonische Bereitschaftsdienst der Stiftung \u201eSecher doheem\u201c bietet \u00e4lteren, kranken und\/oder auf Hilfe angewiesenen Personen eine Notfall-Hotline an.<\/p>\n<p>Das so genannte Hausnotrufsystem besteht aus einem Empfangsger\u00e4t, welches an die Telefonleitung angeschlossen wird sowie einem korrespondierenden Minisender. In einem Notfall kann mittels des Senders \u2013 als Armband, Halskette, Sturzmelder \u2013 ein Notruf ausgel\u00f6st werden.<\/p>\n<p>Alternativ dazu gibt es mobile Ger\u00e4te, die \u00fcber das GSM-Netz funktionieren und zus\u00e4tzlich eine GPS-Ortung erm\u00f6glichen.<\/p>\n<p>Das Empfangsger\u00e4t verbindet sich somit auf Knopfdruck mit unserer Notrufzentrale. Diese gew\u00e4hrleistet Ihnen sofortige und effiziente Hilfe in Notf\u00e4llen an 7 Tagen der Woche, 24 Stunden am Tag.<\/p>\n<p>M\u00f6gliche Beg\u00fcnstigte des telefonischen Bereitschaftsdienstes sind Personen, die<\/p>\n<ul>\n<li>in der Stadt Remich wohnen<\/li>\n<li>die zeitweise oder dauernd alleine in ihrem Haus sind und\/oder die unter dem Verlust der geistigen und\/oder k\u00f6rperlichen Unabh\u00e4ngigkeit leiden und somit auf externe Hilfe angewiesen sind.<\/li>\n<\/ul>\n<p>Eine Auflistung der angebotenen Leistungen sowie die entsprechenden Tarife finden Sie unter www.sdh.lu.<\/p>\n<p>Mittels einem Abkommen welches zwischen der Stadt Remich und SECHER DOHEEM geschlossen wurde, k\u00f6nnen 50% der Kosten f\u00fcr den telefonischen Bereitschaftsdienst von der Stadt Remich \u00fcbernommen werden.<\/p>\n<p>Kontakt: T. 26 32 66 | info@shd.lu | www.shd.lu","protected":false},"excerpt":{"rendered":"<p>TELEFONISCHER BEREITSCHAFTSDIENST Der externe telefonische Bereitschaftsdienst der Stiftung \u201eSecher doheem\u201c bietet \u00e4lteren, kranken und\/oder auf Hilfe angewiesenen Personen eine Notfall-Hotline an. Das so genannte Hausnotrufsystem besteht aus einem Empfangsger\u00e4t, welches an die Telefonleitung angeschlossen wird sowie einem korrespondierenden Minisender. In einem Notfall kann mittels des Senders \u2013 als Armband, Halskette, Sturzmelder \u2013 ein Notruf ausgel\u00f6st&#8230;  <a class=\"excerpt-read-more\" href=\"https:\/\/bierger.remich.lu\/de\/services-au-citoyen\/soziales-und-3-alter\/secher-doheem\/\" title=\"ReadS\u00e9cher Doheem\">Mehr lesen \u00bb<\/a><\/p>\n","protected":false},"author":4,"featured_media":0,"parent":2917,"menu_order":94,"comment_status":"closed","ping_status":"closed","template":"","meta":{"_acf_changed":false,"xn-wppe-expiration":[],"xn-wppe-expiration-action":[],"xn-wppe-expiration-prefix":[],"footnotes":"","_links_to":"","_links_to_target":""},"class_list":["post-2936","page","type-page","status-publish","hentry","keyword-eau"],"acf":[],"yoast_head":"<!-- This site is optimized with the Yoast SEO plugin v26.7 - https:\/\/yoast.com\/wordpress\/plugins\/seo\/ -->\n<title>S\u00e9cher Doheem - Ville de Remich<\/title>\n<meta name=\"robots\" content=\"index, follow, max-snippet:-1, max-image-preview:large, max-video-preview:-1\" \/>\n<link rel=\"canonical\" href=\"https:\/\/bierger.remich.lu\/services-au-citoyen\/soziales-und-3-alter\/secher-doheem\/\" \/>\n<meta property=\"og:locale\" content=\"de_DE\" \/>\n<meta property=\"og:type\" content=\"article\" \/>\n<meta property=\"og:title\" content=\"S\u00e9cher Doheem - Ville de Remich\" \/>\n<meta property=\"og:description\" content=\"TELEFONISCHER BEREITSCHAFTSDIENST Der externe telefonische Bereitschaftsdienst der Stiftung \u201eSecher doheem\u201c bietet \u00e4lteren, kranken und\/oder auf Hilfe angewiesenen Personen eine Notfall-Hotline an. Das so genannte Hausnotrufsystem besteht aus einem Empfangsger\u00e4t, welches an die Telefonleitung angeschlossen wird sowie einem korrespondierenden Minisender. In einem Notfall kann mittels des Senders \u2013 als Armband, Halskette, Sturzmelder \u2013 ein Notruf ausgel\u00f6st... Mehr lesen \u00bb\" \/>\n<meta property=\"og:url\" content=\"https:\/\/bierger.remich.lu\/services-au-citoyen\/soziales-und-3-alter\/secher-doheem\/\" \/>\n<meta property=\"og:site_name\" content=\"Ville de Remich\" \/>\n<meta property=\"article:modified_time\" content=\"2025-10-27T13:23:08+00:00\" \/>\n<meta name=\"twitter:card\" content=\"summary_large_image\" \/>\n<meta name=\"twitter:label1\" content=\"Gesch\u00e4tzte Lesezeit\" \/>\n\t<meta name=\"twitter:data1\" content=\"1\u00a0Minute\" \/>\n<script type=\"application\/ld+json\" class=\"yoast-schema-graph\">{\"@context\":\"https:\/\/schema.org\",\"@graph\":[{\"@type\":\"WebPage\",\"@id\":\"https:\/\/bierger.remich.lu\/services-au-citoyen\/soziales-und-3-alter\/secher-doheem\/\",\"url\":\"https:\/\/bierger.remich.lu\/services-au-citoyen\/soziales-und-3-alter\/secher-doheem\/\",\"name\":\"S\u00e9cher Doheem - Ville de Remich\",\"isPartOf\":{\"@id\":\"https:\/\/bierger.remich.lu\/de\/#website\"},\"datePublished\":\"2018-01-10T13:59:30+00:00\",\"dateModified\":\"2025-10-27T13:23:08+00:00\",\"breadcrumb\":{\"@id\":\"https:\/\/bierger.remich.lu\/services-au-citoyen\/soziales-und-3-alter\/secher-doheem\/#breadcrumb\"},\"inLanguage\":\"de\",\"potentialAction\":[{\"@type\":\"ReadAction\",\"target\":[\"https:\/\/bierger.remich.lu\/services-au-citoyen\/soziales-und-3-alter\/secher-doheem\/\"]}]},{\"@type\":\"BreadcrumbList\",\"@id\":\"https:\/\/bierger.remich.lu\/services-au-citoyen\/soziales-und-3-alter\/secher-doheem\/#breadcrumb\",\"itemListElement\":[{\"@type\":\"ListItem\",\"position\":1,\"name\":\"Startseite\",\"item\":\"https:\/\/bierger.remich.lu\/de\/\"},{\"@type\":\"ListItem\",\"position\":2,\"name\":\"B\u00fcrgerdienste\",\"item\":\"https:\/\/bierger.remich.lu\/de\/services-au-citoyen\/\"},{\"@type\":\"ListItem\",\"position\":3,\"name\":\"Soziales und 3. Alter\",\"item\":\"https:\/\/bierger.remich.lu\/de\/services-au-citoyen\/soziales-und-3-alter\/\"},{\"@type\":\"ListItem\",\"position\":4,\"name\":\"S\u00e9cher Doheem\"}]},{\"@type\":\"WebSite\",\"@id\":\"https:\/\/bierger.remich.lu\/de\/#website\",\"url\":\"https:\/\/bierger.remich.lu\/de\/\",\"name\":\"Ville de Remich\",\"description\":\"\",\"potentialAction\":[{\"@type\":\"SearchAction\",\"target\":{\"@type\":\"EntryPoint\",\"urlTemplate\":\"https:\/\/bierger.remich.lu\/de\/?s={search_term_string}\"},\"query-input\":{\"@type\":\"PropertyValueSpecification\",\"valueRequired\":true,\"valueName\":\"search_term_string\"}}],\"inLanguage\":\"de\"}]}<\/script>\n<!-- \/ Yoast SEO plugin. -->","yoast_head_json":{"title":"S\u00e9cher Doheem - Ville de Remich","robots":{"index":"index","follow":"follow","max-snippet":"max-snippet:-1","max-image-preview":"max-image-preview:large","max-video-preview":"max-video-preview:-1"},"canonical":"https:\/\/bierger.remich.lu\/services-au-citoyen\/soziales-und-3-alter\/secher-doheem\/","og_locale":"de_DE","og_type":"article","og_title":"S\u00e9cher Doheem - Ville de Remich","og_description":"TELEFONISCHER BEREITSCHAFTSDIENST Der externe telefonische Bereitschaftsdienst der Stiftung \u201eSecher doheem\u201c bietet \u00e4lteren, kranken und\/oder auf Hilfe angewiesenen Personen eine Notfall-Hotline an. Das so genannte Hausnotrufsystem besteht aus einem Empfangsger\u00e4t, welches an die Telefonleitung angeschlossen wird sowie einem korrespondierenden Minisender. In einem Notfall kann mittels des Senders \u2013 als Armband, Halskette, Sturzmelder \u2013 ein Notruf ausgel\u00f6st... Mehr lesen \u00bb","og_url":"https:\/\/bierger.remich.lu\/services-au-citoyen\/soziales-und-3-alter\/secher-doheem\/","og_site_name":"Ville de Remich","article_modified_time":"2025-10-27T13:23:08+00:00","twitter_card":"summary_large_image","twitter_misc":{"Gesch\u00e4tzte Lesezeit":"1\u00a0Minute"},"schema":{"@context":"https:\/\/schema.org","@graph":[{"@type":"WebPage","@id":"https:\/\/bierger.remich.lu\/services-au-citoyen\/soziales-und-3-alter\/secher-doheem\/","url":"https:\/\/bierger.remich.lu\/services-au-citoyen\/soziales-und-3-alter\/secher-doheem\/","name":"S\u00e9cher Doheem - Ville de Remich","isPartOf":{"@id":"https:\/\/bierger.remich.lu\/de\/#website"},"datePublished":"2018-01-10T13:59:30+00:00","dateModified":"2025-10-27T13:23:08+00:00","breadcrumb":{"@id":"https:\/\/bierger.remich.lu\/services-au-citoyen\/soziales-und-3-alter\/secher-doheem\/#breadcrumb"},"inLanguage":"de","potentialAction":[{"@type":"ReadAction","target":["https:\/\/bierger.remich.lu\/services-au-citoyen\/soziales-und-3-alter\/secher-doheem\/"]}]},{"@type":"BreadcrumbList","@id":"https:\/\/bierger.remich.lu\/services-au-citoyen\/soziales-und-3-alter\/secher-doheem\/#breadcrumb","itemListElement":[{"@type":"ListItem","position":1,"name":"Startseite","item":"https:\/\/bierger.remich.lu\/de\/"},{"@type":"ListItem","position":2,"name":"B\u00fcrgerdienste","item":"https:\/\/bierger.remich.lu\/de\/services-au-citoyen\/"},{"@type":"ListItem","position":3,"name":"Soziales und 3. Alter","item":"https:\/\/bierger.remich.lu\/de\/services-au-citoyen\/soziales-und-3-alter\/"},{"@type":"ListItem","position":4,"name":"S\u00e9cher Doheem"}]},{"@type":"WebSite","@id":"https:\/\/bierger.remich.lu\/de\/#website","url":"https:\/\/bierger.remich.lu\/de\/","name":"Ville de Remich","description":"","potentialAction":[{"@type":"SearchAction","target":{"@type":"EntryPoint","urlTemplate":"https:\/\/bierger.remich.lu\/de\/?s={search_term_string}"},"query-input":{"@type":"PropertyValueSpecification","valueRequired":true,"valueName":"search_term_string"}}],"inLanguage":"de"}]}},"_links":{"self":[{"href":"https:\/\/bierger.remich.lu\/de\/wp-json\/wp\/v2\/pages\/2936","targetHints":{"allow":["GET"]}}],"collection":[{"href":"https:\/\/bierger.remich.lu\/de\/wp-json\/wp\/v2\/pages"}],"about":[{"href":"https:\/\/bierger.remich.lu\/de\/wp-json\/wp\/v2\/types\/page"}],"author":[{"embeddable":true,"href":"https:\/\/bierger.remich.lu\/de\/wp-json\/wp\/v2\/users\/4"}],"replies":[{"embeddable":true,"href":"https:\/\/bierger.remich.lu\/de\/wp-json\/wp\/v2\/comments?post=2936"}],"version-history":[{"count":10,"href":"https:\/\/bierger.remich.lu\/de\/wp-json\/wp\/v2\/pages\/2936\/revisions"}],"predecessor-version":[{"id":18648,"href":"https:\/\/bierger.remich.lu\/de\/wp-json\/wp\/v2\/pages\/2936\/revisions\/18648"}],"up":[{"embeddable":true,"href":"https:\/\/bierger.remich.lu\/de\/wp-json\/wp\/v2\/pages\/2917"}],"wp:attachment":[{"href":"https:\/\/bierger.remich.lu\/de\/wp-json\/wp\/v2\/media?parent=2936"}],"curies":[{"name":"wp","href":"https:\/\/api.w.org\/{rel}","templated":true}]}}