{"id":2950,"date":"2018-01-11T11:33:04","date_gmt":"2018-01-11T10:33:04","guid":{"rendered":"http:\/\/reimech.lu\/?page_id=2950"},"modified":"2023-01-13T11:36:08","modified_gmt":"2023-01-13T10:36:08","slug":"regionaler-sozialer-schlichtungsdienst","status":"publish","type":"page","link":"https:\/\/bierger.remich.lu\/de\/services-au-citoyen\/soziales-und-3-alter\/regionaler-sozialer-schlichtungsdienst\/","title":{"rendered":"MEC asbl"},"content":{"rendered":"Ziel des Vereins ist es, den sozialen Zusammenhalt, die Integration und das gute Zusammenleben zu f\u00f6rdern!<\/p>\n<p>Die verschiedenen Aktivit\u00e4ten:<\/p>\n<ul>\n<li>Bildung<\/li>\n<li>Sensibilisierung f\u00fcr den sozialen Zusammenhalt<\/li>\n<li>Ein Dienst f\u00fcr soziale Mediation zur Bew\u00e4ltigung von Nachbarschaftskonflikten<\/li>\n<li>Eine generations\u00fcbergreifende Schulbegleitung f\u00fcr Kinder in Grundschulen durch Senioren.<\/li>\n<li>Konzeption und Umsetzung von sozialen Projekten<\/li>\n<\/ul>","protected":false},"excerpt":{"rendered":"<p>Ziel des Vereins ist es, den sozialen Zusammenhalt, die Integration und das gute Zusammenleben zu f\u00f6rdern! Die verschiedenen Aktivit\u00e4ten: Bildung Sensibilisierung f\u00fcr den sozialen Zusammenhalt Ein Dienst f\u00fcr soziale Mediation zur Bew\u00e4ltigung von Nachbarschaftskonflikten Eine generations\u00fcbergreifende Schulbegleitung f\u00fcr Kinder in Grundschulen durch Senioren. Konzeption und Umsetzung von sozialen Projekten<\/p>\n","protected":false},"author":4,"featured_media":2952,"parent":2917,"menu_order":90,"comment_status":"closed","ping_status":"closed","template":"","meta":{"_acf_changed":false,"xn-wppe-expiration":[],"xn-wppe-expiration-action":[],"xn-wppe-expiration-prefix":[],"footnotes":"","_links_to":"","_links_to_target":""},"class_list":["post-2950","page","type-page","status-publish","has-post-thumbnail","hentry","keyword-social"],"acf":[],"yoast_head":"<!-- This site is optimized with the Yoast SEO plugin v26.7 - https:\/\/yoast.com\/wordpress\/plugins\/seo\/ -->\n<title>MEC asbl - Ville de Remich<\/title>\n<meta name=\"robots\" content=\"index, follow, max-snippet:-1, max-image-preview:large, max-video-preview:-1\" \/>\n<link rel=\"canonical\" href=\"https:\/\/bierger.remich.lu\/de\/services-au-citoyen\/soziales-und-3-alter\/regionaler-sozialer-schlichtungsdienst\/\" \/>\n<meta property=\"og:locale\" content=\"de_DE\" \/>\n<meta property=\"og:type\" content=\"article\" \/>\n<meta property=\"og:title\" content=\"MEC asbl - Ville de Remich\" \/>\n<meta property=\"og:description\" content=\"Ziel des Vereins ist es, den sozialen Zusammenhalt, die Integration und das gute Zusammenleben zu f\u00f6rdern! Die verschiedenen Aktivit\u00e4ten: Bildung Sensibilisierung f\u00fcr den sozialen Zusammenhalt Ein Dienst f\u00fcr soziale Mediation zur Bew\u00e4ltigung von Nachbarschaftskonflikten Eine generations\u00fcbergreifende Schulbegleitung f\u00fcr Kinder in Grundschulen durch Senioren. Konzeption und Umsetzung von sozialen Projekten\" \/>\n<meta property=\"og:url\" content=\"https:\/\/bierger.remich.lu\/de\/services-au-citoyen\/soziales-und-3-alter\/regionaler-sozialer-schlichtungsdienst\/\" \/>\n<meta property=\"og:site_name\" content=\"Ville de Remich\" \/>\n<meta property=\"article:modified_time\" content=\"2023-01-13T10:36:08+00:00\" \/>\n<meta property=\"og:image\" content=\"https:\/\/bierger.remich.lu\/wp-content\/uploads\/sites\/3\/2018\/01\/rawpixel-com-351765-e1515667835158.jpg\" \/>\n\t<meta property=\"og:image:width\" content=\"2745\" \/>\n\t<meta property=\"og:image:height\" content=\"3955\" \/>\n\t<meta property=\"og:image:type\" content=\"image\/jpeg\" \/>\n<meta name=\"twitter:card\" content=\"summary_large_image\" \/>\n<meta name=\"twitter:label1\" content=\"Gesch\u00e4tzte Lesezeit\" \/>\n\t<meta name=\"twitter:data1\" content=\"1\u00a0Minute\" \/>\n<script type=\"application\/ld+json\" class=\"yoast-schema-graph\">{\"@context\":\"https:\/\/schema.org\",\"@graph\":[{\"@type\":\"WebPage\",\"@id\":\"https:\/\/bierger.remich.lu\/de\/services-au-citoyen\/soziales-und-3-alter\/regionaler-sozialer-schlichtungsdienst\/\",\"url\":\"https:\/\/bierger.remich.lu\/de\/services-au-citoyen\/soziales-und-3-alter\/regionaler-sozialer-schlichtungsdienst\/\",\"name\":\"MEC asbl - Ville de Remich\",\"isPartOf\":{\"@id\":\"https:\/\/bierger.remich.lu\/de\/#website\"},\"primaryImageOfPage\":{\"@id\":\"https:\/\/bierger.remich.lu\/de\/services-au-citoyen\/soziales-und-3-alter\/regionaler-sozialer-schlichtungsdienst\/#primaryimage\"},\"image\":{\"@id\":\"https:\/\/bierger.remich.lu\/de\/services-au-citoyen\/soziales-und-3-alter\/regionaler-sozialer-schlichtungsdienst\/#primaryimage\"},\"thumbnailUrl\":\"https:\/\/bierger.remich.lu\/wp-content\/uploads\/sites\/3\/2018\/01\/rawpixel-com-351765-e1515667835158.jpg\",\"datePublished\":\"2018-01-11T10:33:04+00:00\",\"dateModified\":\"2023-01-13T10:36:08+00:00\",\"breadcrumb\":{\"@id\":\"https:\/\/bierger.remich.lu\/de\/services-au-citoyen\/soziales-und-3-alter\/regionaler-sozialer-schlichtungsdienst\/#breadcrumb\"},\"inLanguage\":\"de\",\"potentialAction\":[{\"@type\":\"ReadAction\",\"target\":[\"https:\/\/bierger.remich.lu\/de\/services-au-citoyen\/soziales-und-3-alter\/regionaler-sozialer-schlichtungsdienst\/\"]}]},{\"@type\":\"ImageObject\",\"inLanguage\":\"de\",\"@id\":\"https:\/\/bierger.remich.lu\/de\/services-au-citoyen\/soziales-und-3-alter\/regionaler-sozialer-schlichtungsdienst\/#primaryimage\",\"url\":\"https:\/\/bierger.remich.lu\/wp-content\/uploads\/sites\/3\/2018\/01\/rawpixel-com-351765-e1515667835158.jpg\",\"contentUrl\":\"https:\/\/bierger.remich.lu\/wp-content\/uploads\/sites\/3\/2018\/01\/rawpixel-com-351765-e1515667835158.jpg\",\"width\":2745,\"height\":3955},{\"@type\":\"BreadcrumbList\",\"@id\":\"https:\/\/bierger.remich.lu\/de\/services-au-citoyen\/soziales-und-3-alter\/regionaler-sozialer-schlichtungsdienst\/#breadcrumb\",\"itemListElement\":[{\"@type\":\"ListItem\",\"position\":1,\"name\":\"Startseite\",\"item\":\"https:\/\/bierger.remich.lu\/de\/\"},{\"@type\":\"ListItem\",\"position\":2,\"name\":\"B\u00fcrgerdienste\",\"item\":\"https:\/\/bierger.remich.lu\/de\/services-au-citoyen\/\"},{\"@type\":\"ListItem\",\"position\":3,\"name\":\"Soziales und 3. Alter\",\"item\":\"https:\/\/bierger.remich.lu\/de\/services-au-citoyen\/soziales-und-3-alter\/\"},{\"@type\":\"ListItem\",\"position\":4,\"name\":\"MEC asbl\"}]},{\"@type\":\"WebSite\",\"@id\":\"https:\/\/bierger.remich.lu\/de\/#website\",\"url\":\"https:\/\/bierger.remich.lu\/de\/\",\"name\":\"Ville de Remich\",\"description\":\"\",\"potentialAction\":[{\"@type\":\"SearchAction\",\"target\":{\"@type\":\"EntryPoint\",\"urlTemplate\":\"https:\/\/bierger.remich.lu\/de\/?s={search_term_string}\"},\"query-input\":{\"@type\":\"PropertyValueSpecification\",\"valueRequired\":true,\"valueName\":\"search_term_string\"}}],\"inLanguage\":\"de\"}]}<\/script>\n<!-- \/ Yoast SEO plugin. -->","yoast_head_json":{"title":"MEC asbl - Ville de Remich","robots":{"index":"index","follow":"follow","max-snippet":"max-snippet:-1","max-image-preview":"max-image-preview:large","max-video-preview":"max-video-preview:-1"},"canonical":"https:\/\/bierger.remich.lu\/de\/services-au-citoyen\/soziales-und-3-alter\/regionaler-sozialer-schlichtungsdienst\/","og_locale":"de_DE","og_type":"article","og_title":"MEC asbl - Ville de Remich","og_description":"Ziel des Vereins ist es, den sozialen Zusammenhalt, die Integration und das gute Zusammenleben zu f\u00f6rdern! Die verschiedenen Aktivit\u00e4ten: Bildung Sensibilisierung f\u00fcr den sozialen Zusammenhalt Ein Dienst f\u00fcr soziale Mediation zur Bew\u00e4ltigung von Nachbarschaftskonflikten Eine generations\u00fcbergreifende Schulbegleitung f\u00fcr Kinder in Grundschulen durch Senioren. Konzeption und Umsetzung von sozialen Projekten","og_url":"https:\/\/bierger.remich.lu\/de\/services-au-citoyen\/soziales-und-3-alter\/regionaler-sozialer-schlichtungsdienst\/","og_site_name":"Ville de Remich","article_modified_time":"2023-01-13T10:36:08+00:00","og_image":[{"width":2745,"height":3955,"url":"https:\/\/bierger.remich.lu\/wp-content\/uploads\/sites\/3\/2018\/01\/rawpixel-com-351765-e1515667835158.jpg","type":"image\/jpeg"}],"twitter_card":"summary_large_image","twitter_misc":{"Gesch\u00e4tzte Lesezeit":"1\u00a0Minute"},"schema":{"@context":"https:\/\/schema.org","@graph":[{"@type":"WebPage","@id":"https:\/\/bierger.remich.lu\/de\/services-au-citoyen\/soziales-und-3-alter\/regionaler-sozialer-schlichtungsdienst\/","url":"https:\/\/bierger.remich.lu\/de\/services-au-citoyen\/soziales-und-3-alter\/regionaler-sozialer-schlichtungsdienst\/","name":"MEC asbl - Ville de Remich","isPartOf":{"@id":"https:\/\/bierger.remich.lu\/de\/#website"},"primaryImageOfPage":{"@id":"https:\/\/bierger.remich.lu\/de\/services-au-citoyen\/soziales-und-3-alter\/regionaler-sozialer-schlichtungsdienst\/#primaryimage"},"image":{"@id":"https:\/\/bierger.remich.lu\/de\/services-au-citoyen\/soziales-und-3-alter\/regionaler-sozialer-schlichtungsdienst\/#primaryimage"},"thumbnailUrl":"https:\/\/bierger.remich.lu\/wp-content\/uploads\/sites\/3\/2018\/01\/rawpixel-com-351765-e1515667835158.jpg","datePublished":"2018-01-11T10:33:04+00:00","dateModified":"2023-01-13T10:36:08+00:00","breadcrumb":{"@id":"https:\/\/bierger.remich.lu\/de\/services-au-citoyen\/soziales-und-3-alter\/regionaler-sozialer-schlichtungsdienst\/#breadcrumb"},"inLanguage":"de","potentialAction":[{"@type":"ReadAction","target":["https:\/\/bierger.remich.lu\/de\/services-au-citoyen\/soziales-und-3-alter\/regionaler-sozialer-schlichtungsdienst\/"]}]},{"@type":"ImageObject","inLanguage":"de","@id":"https:\/\/bierger.remich.lu\/de\/services-au-citoyen\/soziales-und-3-alter\/regionaler-sozialer-schlichtungsdienst\/#primaryimage","url":"https:\/\/bierger.remich.lu\/wp-content\/uploads\/sites\/3\/2018\/01\/rawpixel-com-351765-e1515667835158.jpg","contentUrl":"https:\/\/bierger.remich.lu\/wp-content\/uploads\/sites\/3\/2018\/01\/rawpixel-com-351765-e1515667835158.jpg","width":2745,"height":3955},{"@type":"BreadcrumbList","@id":"https:\/\/bierger.remich.lu\/de\/services-au-citoyen\/soziales-und-3-alter\/regionaler-sozialer-schlichtungsdienst\/#breadcrumb","itemListElement":[{"@type":"ListItem","position":1,"name":"Startseite","item":"https:\/\/bierger.remich.lu\/de\/"},{"@type":"ListItem","position":2,"name":"B\u00fcrgerdienste","item":"https:\/\/bierger.remich.lu\/de\/services-au-citoyen\/"},{"@type":"ListItem","position":3,"name":"Soziales und 3. Alter","item":"https:\/\/bierger.remich.lu\/de\/services-au-citoyen\/soziales-und-3-alter\/"},{"@type":"ListItem","position":4,"name":"MEC asbl"}]},{"@type":"WebSite","@id":"https:\/\/bierger.remich.lu\/de\/#website","url":"https:\/\/bierger.remich.lu\/de\/","name":"Ville de Remich","description":"","potentialAction":[{"@type":"SearchAction","target":{"@type":"EntryPoint","urlTemplate":"https:\/\/bierger.remich.lu\/de\/?s={search_term_string}"},"query-input":{"@type":"PropertyValueSpecification","valueRequired":true,"valueName":"search_term_string"}}],"inLanguage":"de"}]}},"_links":{"self":[{"href":"https:\/\/bierger.remich.lu\/de\/wp-json\/wp\/v2\/pages\/2950","targetHints":{"allow":["GET"]}}],"collection":[{"href":"https:\/\/bierger.remich.lu\/de\/wp-json\/wp\/v2\/pages"}],"about":[{"href":"https:\/\/bierger.remich.lu\/de\/wp-json\/wp\/v2\/types\/page"}],"author":[{"embeddable":true,"href":"https:\/\/bierger.remich.lu\/de\/wp-json\/wp\/v2\/users\/4"}],"replies":[{"embeddable":true,"href":"https:\/\/bierger.remich.lu\/de\/wp-json\/wp\/v2\/comments?post=2950"}],"version-history":[{"count":4,"href":"https:\/\/bierger.remich.lu\/de\/wp-json\/wp\/v2\/pages\/2950\/revisions"}],"predecessor-version":[{"id":11690,"href":"https:\/\/bierger.remich.lu\/de\/wp-json\/wp\/v2\/pages\/2950\/revisions\/11690"}],"up":[{"embeddable":true,"href":"https:\/\/bierger.remich.lu\/de\/wp-json\/wp\/v2\/pages\/2917"}],"wp:featuredmedia":[{"embeddable":true,"href":"https:\/\/bierger.remich.lu\/de\/wp-json\/wp\/v2\/media\/2952"}],"wp:attachment":[{"href":"https:\/\/bierger.remich.lu\/de\/wp-json\/wp\/v2\/media?parent=2950"}],"curies":[{"name":"wp","href":"https:\/\/api.w.org\/{rel}","templated":true}]}}