{"id":3863,"date":"2018-07-27T13:56:03","date_gmt":"2018-07-27T11:56:03","guid":{"rendered":"http:\/\/bierger.remich.lu\/?page_id=3863"},"modified":"2025-03-11T11:01:31","modified_gmt":"2025-03-11T10:01:31","slug":"termes-et-conditions","status":"publish","type":"page","link":"https:\/\/bierger.remich.lu\/de\/termes-et-conditions\/","title":{"rendered":"Impressum"},"content":{"rendered":"<h2 class=\"p1\">Ausgabe \u2013 Konzeption \u2013 Entwicklung der Website<\/h2>\n<p class=\"p1\">Diese Website wird von der Stadt Remich herausgegeben.<\/p>\n<p class=\"p1\">Die Website wurde von der Firma Lightbulb erstellt, die auch f\u00fcr das Hosting zust\u00e4ndig ist.<\/p>\n<p class=\"p1\">Bei Fragen zu dieser Website und zu ihrem Inhalt oder wenn Sie Kontakt mit der Stadt Remich aufnehmen wollen, k\u00f6nnen Sie eine Mitteilung an muriel.kayser@remich.lu senden oder das Kontaktformular auf der Internetseite benutzen.<\/p>\n<h2 class=\"p1\">Rechtliche Aspekte<\/h2>\n<p class=\"p1\">Die Stadt Remich unterh\u00e4lt diese Seite, um den \u00f6ffentlichen Zugang zu Informationen \u00fcber die Stadt zu f\u00f6rdern. Ziel ist es, aktuelle und genaue Informationen zu verbreiten. Wir werden uns bem\u00fchen, alle uns zur Kenntnis gebrachten Fehler zu korrigieren.<\/p>\n<p class=\"p1\">Die Stadt Remich \u00fcbernimmt jedoch keinerlei Haftung f\u00fcr das Material auf dieser Website: Die Stadt Remich lehnt jede Verantwortung f\u00fcr die Nutzung der Informationen auf den auf dieser Website ver\u00f6ffentlichten Seiten ab.<\/p>\n<p class=\"p1\">Der Inhalt wird Ihnen unverbindlich zur Verf\u00fcgung gestellt. Er enth\u00e4lt Informationen, die nicht notwendigerweise vollst\u00e4ndig, l\u00fcckenlos, genau oder aktuell sind. Bei Abweichungen zwischen den auf dieser Website ver\u00f6ffentlichten Texten und den Originaldokumenten gelten die Originaldokumente in der Form, in der sie ver\u00f6ffentlicht wurden.<\/p>\n<p class=\"p1\">Die Website verweist gelegentlich auf fremde Websites, auf die die Stadt Remich keinen Einfluss hat und f\u00fcr die sie jede Haftung ablehnt. Die Stadt Remich ist nicht f\u00fcr Sch\u00e4den verantwortlich, die durch die Nutzung dieser Website an Ihrer EDV-Anlage entstehen. Dieser Haftungsausschluss soll nicht dazu dienen, Anforderungen in den anwendbaren Gesetzen zu umgehen oder die Haftung in F\u00e4llen auszuschlie\u00dfen, in denen sie nach diesen geltendem Gesetzen nicht ausgeschlossen werden kann.<\/p>\n<h2 class=\"p1\">Datenschutz<\/h2>\n<p class=\"p1\">Die auf unserer Website erhobenen Daten stammen ausschlie\u00dflich aus der freiwilligen Registrierung Ihrer personenbezogenen Daten, z.B. aus der Anmeldung zu unserem Newsletter oder der Benutzung des Kontaktformulars.<\/p>\n<p class=\"p1\">Sie werden keiner Handelsgesellschaft oder einer anderen Organisation als der Stadt Remich \u00fcberlassen.<\/p>\n<p class=\"p1\">Gem\u00e4\u00df Kapitel VI des Gesetzes vom 2. August 2002 zum Schutz der Personen bei der Verarbeitung personenbezogener Daten (siehe http:\/\/www.legilux.lu\/) stehen Ihnen bestimmte Rechte zu, darunter insbesondere das Recht auf Zugang und Berichtigung unrichtiger Angaben.<\/p>\n<p class=\"p1\">Wenn Sie diese Rechte aus\u00fcben wollen, senden Sie bitte eine Nachricht an dpd@remich.lu. Diese Adresse sollte nur f\u00fcr Fragen bez\u00fcglich der Verwaltung Ihrer pers\u00f6nlichen Daten verwendet werden. F\u00fcr alle anderen Fragen oder Nachrichten an die Gemeinde verwenden Sie bitte das Kontaktformular (klicken Sie auf das Symbol oben auf dieser Seite).<\/p>\n<h2 class=\"p1\">Copyright<\/h2>\n<p class=\"p1\">\u00a9 Stadt Remich<\/p>\n<p class=\"p1\">Sofern nicht anders angegeben, ist die Vervielf\u00e4ltigung der auf dieser Website enthaltenen Informationen f\u00fcr nicht-kommerzielle Zwecke unter der Voraussetzung gestattet, dass die Quelle ausdr\u00fccklich genannt wird.<\/p>\n<h2 class=\"p1\">Cookies<\/h2>\n<p class=\"p1\">Diese Website verwendet Cookies, um das Online-Erlebnis in Ihrem Browser zu verbessern und anonyme Statistiken \u00fcber die Nutzung der Website zu erstellen. Indem Sie Ihre Navigation auf dieser Website fortsetzen, stimmen Sie der Verwendung von Cookies zu.<\/p>","protected":false},"excerpt":{"rendered":"<p>Ausgabe \u2013 Konzeption \u2013 Entwicklung der Website Diese Website wird von der Stadt Remich herausgegeben. Die Website wurde von der Firma Lightbulb erstellt, die auch f\u00fcr das Hosting zust\u00e4ndig ist. Bei Fragen zu dieser Website und zu ihrem Inhalt oder wenn Sie Kontakt mit der Stadt Remich aufnehmen wollen, k\u00f6nnen Sie eine Mitteilung an muriel.kayser@remich.lu&#8230;  <a class=\"excerpt-read-more\" href=\"https:\/\/bierger.remich.lu\/de\/termes-et-conditions\/\" title=\"ReadImpressum\">Mehr lesen \u00bb<\/a><\/p>\n","protected":false},"author":1,"featured_media":0,"parent":0,"menu_order":0,"comment_status":"closed","ping_status":"closed","template":"","meta":{"_acf_changed":false,"xn-wppe-expiration":[],"xn-wppe-expiration-action":[],"xn-wppe-expiration-prefix":[],"footnotes":"","_links_to":"","_links_to_target":""},"class_list":["post-3863","page","type-page","status-publish","hentry"],"acf":[],"yoast_head":"<!-- This site is optimized with the Yoast SEO plugin v26.7 - https:\/\/yoast.com\/wordpress\/plugins\/seo\/ -->\n<title>Impressum - Ville de Remich<\/title>\n<meta name=\"robots\" content=\"index, follow, max-snippet:-1, max-image-preview:large, max-video-preview:-1\" \/>\n<link rel=\"canonical\" href=\"https:\/\/bierger.remich.lu\/de\/termes-et-conditions\/\" \/>\n<meta property=\"og:locale\" content=\"de_DE\" \/>\n<meta property=\"og:type\" content=\"article\" \/>\n<meta property=\"og:title\" content=\"Impressum - Ville de Remich\" \/>\n<meta property=\"og:description\" content=\"Ausgabe \u2013 Konzeption \u2013 Entwicklung der Website Diese Website wird von der Stadt Remich herausgegeben. Die Website wurde von der Firma Lightbulb erstellt, die auch f\u00fcr das Hosting zust\u00e4ndig ist. Bei Fragen zu dieser Website und zu ihrem Inhalt oder wenn Sie Kontakt mit der Stadt Remich aufnehmen wollen, k\u00f6nnen Sie eine Mitteilung an muriel.kayser@remich.lu... Mehr lesen \u00bb\" \/>\n<meta property=\"og:url\" content=\"https:\/\/bierger.remich.lu\/de\/termes-et-conditions\/\" \/>\n<meta property=\"og:site_name\" content=\"Ville de Remich\" \/>\n<meta property=\"article:modified_time\" content=\"2025-03-11T10:01:31+00:00\" \/>\n<meta name=\"twitter:card\" content=\"summary_large_image\" \/>\n<meta name=\"twitter:label1\" content=\"Gesch\u00e4tzte Lesezeit\" \/>\n\t<meta name=\"twitter:data1\" content=\"5\u00a0Minuten\" \/>\n<script type=\"application\/ld+json\" class=\"yoast-schema-graph\">{\"@context\":\"https:\/\/schema.org\",\"@graph\":[{\"@type\":\"WebPage\",\"@id\":\"https:\/\/bierger.remich.lu\/de\/termes-et-conditions\/\",\"url\":\"https:\/\/bierger.remich.lu\/de\/termes-et-conditions\/\",\"name\":\"Impressum - Ville de Remich\",\"isPartOf\":{\"@id\":\"https:\/\/bierger.remich.lu\/de\/#website\"},\"datePublished\":\"2018-07-27T11:56:03+00:00\",\"dateModified\":\"2025-03-11T10:01:31+00:00\",\"breadcrumb\":{\"@id\":\"https:\/\/bierger.remich.lu\/de\/termes-et-conditions\/#breadcrumb\"},\"inLanguage\":\"de\",\"potentialAction\":[{\"@type\":\"ReadAction\",\"target\":[\"https:\/\/bierger.remich.lu\/de\/termes-et-conditions\/\"]}]},{\"@type\":\"BreadcrumbList\",\"@id\":\"https:\/\/bierger.remich.lu\/de\/termes-et-conditions\/#breadcrumb\",\"itemListElement\":[{\"@type\":\"ListItem\",\"position\":1,\"name\":\"Startseite\",\"item\":\"https:\/\/bierger.remich.lu\/de\/\"},{\"@type\":\"ListItem\",\"position\":2,\"name\":\"Impressum\"}]},{\"@type\":\"WebSite\",\"@id\":\"https:\/\/bierger.remich.lu\/de\/#website\",\"url\":\"https:\/\/bierger.remich.lu\/de\/\",\"name\":\"Ville de Remich\",\"description\":\"\",\"potentialAction\":[{\"@type\":\"SearchAction\",\"target\":{\"@type\":\"EntryPoint\",\"urlTemplate\":\"https:\/\/bierger.remich.lu\/de\/?s={search_term_string}\"},\"query-input\":{\"@type\":\"PropertyValueSpecification\",\"valueRequired\":true,\"valueName\":\"search_term_string\"}}],\"inLanguage\":\"de\"}]}<\/script>\n<!-- \/ Yoast SEO plugin. -->","yoast_head_json":{"title":"Impressum - Ville de Remich","robots":{"index":"index","follow":"follow","max-snippet":"max-snippet:-1","max-image-preview":"max-image-preview:large","max-video-preview":"max-video-preview:-1"},"canonical":"https:\/\/bierger.remich.lu\/de\/termes-et-conditions\/","og_locale":"de_DE","og_type":"article","og_title":"Impressum - Ville de Remich","og_description":"Ausgabe \u2013 Konzeption \u2013 Entwicklung der Website Diese Website wird von der Stadt Remich herausgegeben. Die Website wurde von der Firma Lightbulb erstellt, die auch f\u00fcr das Hosting zust\u00e4ndig ist. Bei Fragen zu dieser Website und zu ihrem Inhalt oder wenn Sie Kontakt mit der Stadt Remich aufnehmen wollen, k\u00f6nnen Sie eine Mitteilung an muriel.kayser@remich.lu... Mehr lesen \u00bb","og_url":"https:\/\/bierger.remich.lu\/de\/termes-et-conditions\/","og_site_name":"Ville de Remich","article_modified_time":"2025-03-11T10:01:31+00:00","twitter_card":"summary_large_image","twitter_misc":{"Gesch\u00e4tzte Lesezeit":"5\u00a0Minuten"},"schema":{"@context":"https:\/\/schema.org","@graph":[{"@type":"WebPage","@id":"https:\/\/bierger.remich.lu\/de\/termes-et-conditions\/","url":"https:\/\/bierger.remich.lu\/de\/termes-et-conditions\/","name":"Impressum - Ville de Remich","isPartOf":{"@id":"https:\/\/bierger.remich.lu\/de\/#website"},"datePublished":"2018-07-27T11:56:03+00:00","dateModified":"2025-03-11T10:01:31+00:00","breadcrumb":{"@id":"https:\/\/bierger.remich.lu\/de\/termes-et-conditions\/#breadcrumb"},"inLanguage":"de","potentialAction":[{"@type":"ReadAction","target":["https:\/\/bierger.remich.lu\/de\/termes-et-conditions\/"]}]},{"@type":"BreadcrumbList","@id":"https:\/\/bierger.remich.lu\/de\/termes-et-conditions\/#breadcrumb","itemListElement":[{"@type":"ListItem","position":1,"name":"Startseite","item":"https:\/\/bierger.remich.lu\/de\/"},{"@type":"ListItem","position":2,"name":"Impressum"}]},{"@type":"WebSite","@id":"https:\/\/bierger.remich.lu\/de\/#website","url":"https:\/\/bierger.remich.lu\/de\/","name":"Ville de Remich","description":"","potentialAction":[{"@type":"SearchAction","target":{"@type":"EntryPoint","urlTemplate":"https:\/\/bierger.remich.lu\/de\/?s={search_term_string}"},"query-input":{"@type":"PropertyValueSpecification","valueRequired":true,"valueName":"search_term_string"}}],"inLanguage":"de"}]}},"_links":{"self":[{"href":"https:\/\/bierger.remich.lu\/de\/wp-json\/wp\/v2\/pages\/3863","targetHints":{"allow":["GET"]}}],"collection":[{"href":"https:\/\/bierger.remich.lu\/de\/wp-json\/wp\/v2\/pages"}],"about":[{"href":"https:\/\/bierger.remich.lu\/de\/wp-json\/wp\/v2\/types\/page"}],"author":[{"embeddable":true,"href":"https:\/\/bierger.remich.lu\/de\/wp-json\/wp\/v2\/users\/1"}],"replies":[{"embeddable":true,"href":"https:\/\/bierger.remich.lu\/de\/wp-json\/wp\/v2\/comments?post=3863"}],"version-history":[{"count":3,"href":"https:\/\/bierger.remich.lu\/de\/wp-json\/wp\/v2\/pages\/3863\/revisions"}],"predecessor-version":[{"id":16168,"href":"https:\/\/bierger.remich.lu\/de\/wp-json\/wp\/v2\/pages\/3863\/revisions\/16168"}],"wp:attachment":[{"href":"https:\/\/bierger.remich.lu\/de\/wp-json\/wp\/v2\/media?parent=3863"}],"curies":[{"name":"wp","href":"https:\/\/api.w.org\/{rel}","templated":true}]}}