{"id":3906,"date":"2018-07-31T11:06:49","date_gmt":"2018-07-31T09:06:49","guid":{"rendered":"http:\/\/bierger.remich.lu\/?page_id=3906"},"modified":"2024-10-14T17:14:50","modified_gmt":"2024-10-14T15:14:50","slug":"cours-de-sport-outdoor","status":"publish","type":"page","link":"https:\/\/bierger.remich.lu\/de\/services-au-citoyen\/francais-sports-et-loisirs\/cours-de-sport-outdoor\/","title":{"rendered":"Sportkurse &#8211; Outdoor"},"content":{"rendered":"<ol>\n<li>\n<h3>Zumba Fitness<\/h3>\n<div id=\"main\" class=\"clearfix\" role=\"main\">\n<article id=\"post-3906\" class=\"clearfix post-3906 page type-page status-publish has-post-thumbnail hentry keyword-infos\">\n<section class=\"entry-content clearfix\">\n<div class=\"standard-sidebar\">Tanzen Sie sich fit \u2013 f\u00fchlen Sie die Energie, die hei\u00dfen Rythmen und den Spa\u00df!<\/div>\n<\/section>\n<\/article>\n<\/div>\n<div class=\"event-details\">\n<p>Zumba an der frischen Luft in Remich mit Adeline Trouillot.<\/p>\n<p><strong>N\u00e4chste Termine:<br \/>\n<\/strong>19.10 | 09.11 | 16.11 | 23.11 | 30.11 | 07.12 | 14.12 | 21.12 &gt; 09h30-10h30<\/p>\n<p><strong>Preis:<\/strong><br \/>\n8 \u20ac je Kurs und Person \/ 7er-Kartr: 49 \u20ac \/ 14er-Karte: 84 \u20ac<\/p>\n<p><strong>Kontakt:<br \/>\n<\/strong>Facebook: <a href=\"https:\/\/www.facebook.com\/profile.php?id=100010015801429\">Zumba Adeline<\/a><br \/>\nE. adeline@ac-ademic.com | Anmeldung obligatorisch &#8211; Mitteilung des Kursortes nach Anmeldung<br \/>\nT. (+352) 621 888 327<\/p>\n<\/div>\n<\/li>\n<li>\n<h3>Yoga (Sommer)<\/h3>\n<div>\n<p>Dieser Vinyasa-Yoga-Kurs im Freien richtet sich an alle, egal ob Anf\u00e4nger oder Fortgeschrittene.<\/p>\n<p>Die Vinyasa-Yoga-Methode verbindet Bewegung mit Atmung und schafft so einen Fluss, der sowohl energetisierend als auch entspannend wirkt.<\/p>\n<p>Weitere Informationen sowie die Termine finden Sie in unserer Agenda!<strong>Kontakt &amp; Veranstalter :<br \/>\n<\/strong>BojanaFLOW | Bojana Nagy<br \/>\nE. info@bojanaflow.com<\/p>\n<\/div>\n<\/li>\n<li>\n<h3>Lauftraining<\/h3>\n<p>W\u00f6chentliches Lauftraining mit einer Kombination aus Laufen und dem Fitnesspfad \u201eBacchus Fitness Trail\u201c im Wald.Treffpunkt ist jeden Sonntag um 10:00 Uhr am Schul- und Sportzentrum \u201eGew\u00e4nnchen\u201c.Der Kurs richtet sich an alle, egal ob Anf\u00e4nger oder Fortgeschrittene.<\/p>\n<p>Anmeldung vor Ort | Preis: 60 \u20ac \/ Schuljahr<\/p>\n<p><strong>Veranstalter:<\/strong><br \/>\nMusel\u2019s Laf asbl &amp; Stadt Remich<\/li>\n<\/ol>","protected":false},"excerpt":{"rendered":"<p>Zumba Fitness Tanzen Sie sich fit \u2013 f\u00fchlen Sie die Energie, die hei\u00dfen Rythmen und den Spa\u00df! Zumba an der frischen Luft in Remich mit Adeline Trouillot. N\u00e4chste Termine: 19.10 | 09.11 | 16.11 | 23.11 | 30.11 | 07.12 | 14.12 | 21.12 &gt; 09h30-10h30 Preis: 8 \u20ac je Kurs und Person \/ 7er-Kartr:&#8230;  <a class=\"excerpt-read-more\" href=\"https:\/\/bierger.remich.lu\/de\/services-au-citoyen\/francais-sports-et-loisirs\/cours-de-sport-outdoor\/\" title=\"ReadSportkurse &#8211; Outdoor\">Mehr lesen \u00bb<\/a><\/p>\n","protected":false},"author":4,"featured_media":3908,"parent":72,"menu_order":99,"comment_status":"closed","ping_status":"closed","template":"","meta":{"_acf_changed":false,"xn-wppe-expiration":[],"xn-wppe-expiration-action":[],"xn-wppe-expiration-prefix":[],"footnotes":"","_links_to":"","_links_to_target":""},"class_list":["post-3906","page","type-page","status-publish","has-post-thumbnail","hentry","keyword-infos"],"acf":[],"yoast_head":"<!-- This site is optimized with the Yoast SEO plugin v26.7 - https:\/\/yoast.com\/wordpress\/plugins\/seo\/ -->\n<title>Sportkurse - Outdoor - Ville de Remich<\/title>\n<meta name=\"robots\" content=\"index, follow, max-snippet:-1, max-image-preview:large, max-video-preview:-1\" \/>\n<link rel=\"canonical\" href=\"https:\/\/bierger.remich.lu\/de\/services-au-citoyen\/francais-sports-et-loisirs\/cours-de-sport-outdoor\/\" \/>\n<meta property=\"og:locale\" content=\"de_DE\" \/>\n<meta property=\"og:type\" content=\"article\" \/>\n<meta property=\"og:title\" content=\"Sportkurse - Outdoor - Ville de Remich\" \/>\n<meta property=\"og:description\" content=\"Zumba Fitness Tanzen Sie sich fit \u2013 f\u00fchlen Sie die Energie, die hei\u00dfen Rythmen und den Spa\u00df! Zumba an der frischen Luft in Remich mit Adeline Trouillot. N\u00e4chste Termine: 19.10 | 09.11 | 16.11 | 23.11 | 30.11 | 07.12 | 14.12 | 21.12 &gt; 09h30-10h30 Preis: 8 \u20ac je Kurs und Person \/ 7er-Kartr:... Mehr lesen \u00bb\" \/>\n<meta property=\"og:url\" content=\"https:\/\/bierger.remich.lu\/de\/services-au-citoyen\/francais-sports-et-loisirs\/cours-de-sport-outdoor\/\" \/>\n<meta property=\"og:site_name\" content=\"Ville de Remich\" \/>\n<meta property=\"article:modified_time\" content=\"2024-10-14T15:14:50+00:00\" \/>\n<meta property=\"og:image\" content=\"https:\/\/bierger.remich.lu\/wp-content\/uploads\/sites\/3\/2018\/07\/autumn-goodman-230240-unsplash-1024x681.jpg\" \/>\n\t<meta property=\"og:image:width\" content=\"1024\" \/>\n\t<meta property=\"og:image:height\" content=\"681\" \/>\n\t<meta property=\"og:image:type\" content=\"image\/jpeg\" \/>\n<meta name=\"twitter:card\" content=\"summary_large_image\" \/>\n<meta name=\"twitter:label1\" content=\"Gesch\u00e4tzte Lesezeit\" \/>\n\t<meta name=\"twitter:data1\" content=\"3\u00a0Minuten\" \/>\n<script type=\"application\/ld+json\" class=\"yoast-schema-graph\">{\"@context\":\"https:\/\/schema.org\",\"@graph\":[{\"@type\":\"WebPage\",\"@id\":\"https:\/\/bierger.remich.lu\/de\/services-au-citoyen\/francais-sports-et-loisirs\/cours-de-sport-outdoor\/\",\"url\":\"https:\/\/bierger.remich.lu\/de\/services-au-citoyen\/francais-sports-et-loisirs\/cours-de-sport-outdoor\/\",\"name\":\"Sportkurse - Outdoor - Ville de Remich\",\"isPartOf\":{\"@id\":\"https:\/\/bierger.remich.lu\/de\/#website\"},\"primaryImageOfPage\":{\"@id\":\"https:\/\/bierger.remich.lu\/de\/services-au-citoyen\/francais-sports-et-loisirs\/cours-de-sport-outdoor\/#primaryimage\"},\"image\":{\"@id\":\"https:\/\/bierger.remich.lu\/de\/services-au-citoyen\/francais-sports-et-loisirs\/cours-de-sport-outdoor\/#primaryimage\"},\"thumbnailUrl\":\"https:\/\/bierger.remich.lu\/wp-content\/uploads\/sites\/3\/2018\/07\/autumn-goodman-230240-unsplash.jpg\",\"datePublished\":\"2018-07-31T09:06:49+00:00\",\"dateModified\":\"2024-10-14T15:14:50+00:00\",\"breadcrumb\":{\"@id\":\"https:\/\/bierger.remich.lu\/de\/services-au-citoyen\/francais-sports-et-loisirs\/cours-de-sport-outdoor\/#breadcrumb\"},\"inLanguage\":\"de\",\"potentialAction\":[{\"@type\":\"ReadAction\",\"target\":[\"https:\/\/bierger.remich.lu\/de\/services-au-citoyen\/francais-sports-et-loisirs\/cours-de-sport-outdoor\/\"]}]},{\"@type\":\"ImageObject\",\"inLanguage\":\"de\",\"@id\":\"https:\/\/bierger.remich.lu\/de\/services-au-citoyen\/francais-sports-et-loisirs\/cours-de-sport-outdoor\/#primaryimage\",\"url\":\"https:\/\/bierger.remich.lu\/wp-content\/uploads\/sites\/3\/2018\/07\/autumn-goodman-230240-unsplash.jpg\",\"contentUrl\":\"https:\/\/bierger.remich.lu\/wp-content\/uploads\/sites\/3\/2018\/07\/autumn-goodman-230240-unsplash.jpg\",\"width\":6016,\"height\":4000},{\"@type\":\"BreadcrumbList\",\"@id\":\"https:\/\/bierger.remich.lu\/de\/services-au-citoyen\/francais-sports-et-loisirs\/cours-de-sport-outdoor\/#breadcrumb\",\"itemListElement\":[{\"@type\":\"ListItem\",\"position\":1,\"name\":\"Startseite\",\"item\":\"https:\/\/bierger.remich.lu\/de\/\"},{\"@type\":\"ListItem\",\"position\":2,\"name\":\"B\u00fcrgerdienste\",\"item\":\"https:\/\/bierger.remich.lu\/de\/services-au-citoyen\/\"},{\"@type\":\"ListItem\",\"position\":3,\"name\":\"Sport und Freizeit\",\"item\":\"https:\/\/bierger.remich.lu\/de\/services-au-citoyen\/francais-sports-et-loisirs\/\"},{\"@type\":\"ListItem\",\"position\":4,\"name\":\"Sportkurse &#8211; Outdoor\"}]},{\"@type\":\"WebSite\",\"@id\":\"https:\/\/bierger.remich.lu\/de\/#website\",\"url\":\"https:\/\/bierger.remich.lu\/de\/\",\"name\":\"Ville de Remich\",\"description\":\"\",\"potentialAction\":[{\"@type\":\"SearchAction\",\"target\":{\"@type\":\"EntryPoint\",\"urlTemplate\":\"https:\/\/bierger.remich.lu\/de\/?s={search_term_string}\"},\"query-input\":{\"@type\":\"PropertyValueSpecification\",\"valueRequired\":true,\"valueName\":\"search_term_string\"}}],\"inLanguage\":\"de\"}]}<\/script>\n<!-- \/ Yoast SEO plugin. -->","yoast_head_json":{"title":"Sportkurse - Outdoor - Ville de Remich","robots":{"index":"index","follow":"follow","max-snippet":"max-snippet:-1","max-image-preview":"max-image-preview:large","max-video-preview":"max-video-preview:-1"},"canonical":"https:\/\/bierger.remich.lu\/de\/services-au-citoyen\/francais-sports-et-loisirs\/cours-de-sport-outdoor\/","og_locale":"de_DE","og_type":"article","og_title":"Sportkurse - Outdoor - Ville de Remich","og_description":"Zumba Fitness Tanzen Sie sich fit \u2013 f\u00fchlen Sie die Energie, die hei\u00dfen Rythmen und den Spa\u00df! Zumba an der frischen Luft in Remich mit Adeline Trouillot. N\u00e4chste Termine: 19.10 | 09.11 | 16.11 | 23.11 | 30.11 | 07.12 | 14.12 | 21.12 &gt; 09h30-10h30 Preis: 8 \u20ac je Kurs und Person \/ 7er-Kartr:... Mehr lesen \u00bb","og_url":"https:\/\/bierger.remich.lu\/de\/services-au-citoyen\/francais-sports-et-loisirs\/cours-de-sport-outdoor\/","og_site_name":"Ville de Remich","article_modified_time":"2024-10-14T15:14:50+00:00","og_image":[{"width":1024,"height":681,"url":"https:\/\/bierger.remich.lu\/wp-content\/uploads\/sites\/3\/2018\/07\/autumn-goodman-230240-unsplash-1024x681.jpg","type":"image\/jpeg"}],"twitter_card":"summary_large_image","twitter_misc":{"Gesch\u00e4tzte Lesezeit":"3\u00a0Minuten"},"schema":{"@context":"https:\/\/schema.org","@graph":[{"@type":"WebPage","@id":"https:\/\/bierger.remich.lu\/de\/services-au-citoyen\/francais-sports-et-loisirs\/cours-de-sport-outdoor\/","url":"https:\/\/bierger.remich.lu\/de\/services-au-citoyen\/francais-sports-et-loisirs\/cours-de-sport-outdoor\/","name":"Sportkurse - Outdoor - Ville de Remich","isPartOf":{"@id":"https:\/\/bierger.remich.lu\/de\/#website"},"primaryImageOfPage":{"@id":"https:\/\/bierger.remich.lu\/de\/services-au-citoyen\/francais-sports-et-loisirs\/cours-de-sport-outdoor\/#primaryimage"},"image":{"@id":"https:\/\/bierger.remich.lu\/de\/services-au-citoyen\/francais-sports-et-loisirs\/cours-de-sport-outdoor\/#primaryimage"},"thumbnailUrl":"https:\/\/bierger.remich.lu\/wp-content\/uploads\/sites\/3\/2018\/07\/autumn-goodman-230240-unsplash.jpg","datePublished":"2018-07-31T09:06:49+00:00","dateModified":"2024-10-14T15:14:50+00:00","breadcrumb":{"@id":"https:\/\/bierger.remich.lu\/de\/services-au-citoyen\/francais-sports-et-loisirs\/cours-de-sport-outdoor\/#breadcrumb"},"inLanguage":"de","potentialAction":[{"@type":"ReadAction","target":["https:\/\/bierger.remich.lu\/de\/services-au-citoyen\/francais-sports-et-loisirs\/cours-de-sport-outdoor\/"]}]},{"@type":"ImageObject","inLanguage":"de","@id":"https:\/\/bierger.remich.lu\/de\/services-au-citoyen\/francais-sports-et-loisirs\/cours-de-sport-outdoor\/#primaryimage","url":"https:\/\/bierger.remich.lu\/wp-content\/uploads\/sites\/3\/2018\/07\/autumn-goodman-230240-unsplash.jpg","contentUrl":"https:\/\/bierger.remich.lu\/wp-content\/uploads\/sites\/3\/2018\/07\/autumn-goodman-230240-unsplash.jpg","width":6016,"height":4000},{"@type":"BreadcrumbList","@id":"https:\/\/bierger.remich.lu\/de\/services-au-citoyen\/francais-sports-et-loisirs\/cours-de-sport-outdoor\/#breadcrumb","itemListElement":[{"@type":"ListItem","position":1,"name":"Startseite","item":"https:\/\/bierger.remich.lu\/de\/"},{"@type":"ListItem","position":2,"name":"B\u00fcrgerdienste","item":"https:\/\/bierger.remich.lu\/de\/services-au-citoyen\/"},{"@type":"ListItem","position":3,"name":"Sport und Freizeit","item":"https:\/\/bierger.remich.lu\/de\/services-au-citoyen\/francais-sports-et-loisirs\/"},{"@type":"ListItem","position":4,"name":"Sportkurse &#8211; Outdoor"}]},{"@type":"WebSite","@id":"https:\/\/bierger.remich.lu\/de\/#website","url":"https:\/\/bierger.remich.lu\/de\/","name":"Ville de Remich","description":"","potentialAction":[{"@type":"SearchAction","target":{"@type":"EntryPoint","urlTemplate":"https:\/\/bierger.remich.lu\/de\/?s={search_term_string}"},"query-input":{"@type":"PropertyValueSpecification","valueRequired":true,"valueName":"search_term_string"}}],"inLanguage":"de"}]}},"_links":{"self":[{"href":"https:\/\/bierger.remich.lu\/de\/wp-json\/wp\/v2\/pages\/3906","targetHints":{"allow":["GET"]}}],"collection":[{"href":"https:\/\/bierger.remich.lu\/de\/wp-json\/wp\/v2\/pages"}],"about":[{"href":"https:\/\/bierger.remich.lu\/de\/wp-json\/wp\/v2\/types\/page"}],"author":[{"embeddable":true,"href":"https:\/\/bierger.remich.lu\/de\/wp-json\/wp\/v2\/users\/4"}],"replies":[{"embeddable":true,"href":"https:\/\/bierger.remich.lu\/de\/wp-json\/wp\/v2\/comments?post=3906"}],"version-history":[{"count":19,"href":"https:\/\/bierger.remich.lu\/de\/wp-json\/wp\/v2\/pages\/3906\/revisions"}],"predecessor-version":[{"id":14973,"href":"https:\/\/bierger.remich.lu\/de\/wp-json\/wp\/v2\/pages\/3906\/revisions\/14973"}],"up":[{"embeddable":true,"href":"https:\/\/bierger.remich.lu\/de\/wp-json\/wp\/v2\/pages\/72"}],"wp:featuredmedia":[{"embeddable":true,"href":"https:\/\/bierger.remich.lu\/de\/wp-json\/wp\/v2\/media\/3908"}],"wp:attachment":[{"href":"https:\/\/bierger.remich.lu\/de\/wp-json\/wp\/v2\/media?parent=3906"}],"curies":[{"name":"wp","href":"https:\/\/api.w.org\/{rel}","templated":true}]}}