{"id":3934,"date":"2018-08-07T13:39:24","date_gmt":"2018-08-07T11:39:24","guid":{"rendered":"http:\/\/bierger.remich.lu\/?page_id=3934"},"modified":"2025-07-02T13:04:57","modified_gmt":"2025-07-02T11:04:57","slug":"parking-residentiel","status":"publish","type":"page","link":"https:\/\/bierger.remich.lu\/de\/services-au-citoyen\/francais-mobilite\/parking-residentiel\/","title":{"rendered":"Parken in Remich | Parkausweise"},"content":{"rendered":"<h1>Parkausweis &amp; Uhranzeigekarte (carte-horloge)<\/h1>\n<h2>Der Parkausweis<\/h2>\n<h3>Einwohnerparkausweis<\/h3>\n<img loading=\"lazy\" decoding=\"async\" class=\"alignnone size-medium wp-image-17534\" src=\"https:\/\/bierger.remich.lu\/wp-content\/uploads\/sites\/3\/2025\/06\/Vignette-residentielle-2025-300x215.jpg\" alt=\"\" width=\"300\" height=\"215\" srcset=\"https:\/\/bierger.remich.lu\/wp-content\/uploads\/sites\/3\/2025\/06\/Vignette-residentielle-2025-300x215.jpg 300w, https:\/\/bierger.remich.lu\/wp-content\/uploads\/sites\/3\/2025\/06\/Vignette-residentielle-2025.jpg 385w\" sizes=\"auto, (max-width: 300px) 100vw, 300px\" \/>\n<p>Gem\u00e4\u00df der Verkehrsordnung der Stadt Remich kann jeder Haushalt, welcher im Einwohnermeldeamt eingeschrieben ist, einen Einwohnerparkausweis beantragen.<\/p>\n<p>Der Parkausweis erm\u00f6glicht dem Fahrzeugf\u00fchrer ein zeitlich begrenztes Parken gem\u00e4\u00df der Beschilderung in verschiedenen Zonen.<\/p>\n<p>Das Auslegen des Parkausweises ist nur dann notwendig, wenn die Verkehrsbeschilderung dies verlangt.<\/p>\n<p><u>Nutzungsberechtigte<\/u><\/p>\n<ul>\n<li>Einwohner von Remich<\/li>\n<\/ul>\n<p><u>Allgemeine Informationen:<\/u><\/p>\n<ul>\n<li>Antrag stellen: durch pers\u00f6nliches Erscheinen im Einwohnermeldeamt<\/li>\n<li>1 Ausweis pro Fahrzeug \u2013 max. 3 Ausweise pro Haushalt<\/li>\n<li>G\u00fcltigkeit: ab Aush\u00e4ndigung bis Ende des laufenden Jahres<\/li>\n<li>Anfallende Geb\u00fchren:\n<ul>\n<li>Ausweis: gratis<\/li>\n<li>Ausweis: 30,00\u20ac<\/li>\n<li>Ausweis: 45,00\u20ac<\/li>\n<\/ul>\n<\/li>\n<\/ul>\n<p><u>Ben\u00f6tigte Belege:<\/u><\/p>\n<ul>\n<li>Kopie Personalausweis &amp; Fahrzeugzulassung<\/li>\n<li>Kopie Mietvertrag oder Bereitstellungsvereinbarung<\/li>\n<\/ul>\n<h3>Parkausweis f\u00fcr gewerbliche Zwecke<\/h3>\n<img loading=\"lazy\" decoding=\"async\" class=\"alignnone size-medium wp-image-17535\" src=\"https:\/\/bierger.remich.lu\/wp-content\/uploads\/sites\/3\/2025\/06\/Vignette-professionnelle-2025-300x211.jpg\" alt=\"\" width=\"300\" height=\"211\" srcset=\"https:\/\/bierger.remich.lu\/wp-content\/uploads\/sites\/3\/2025\/06\/Vignette-professionnelle-2025-300x211.jpg 300w, https:\/\/bierger.remich.lu\/wp-content\/uploads\/sites\/3\/2025\/06\/Vignette-professionnelle-2025.jpg 387w\" sizes=\"auto, (max-width: 300px) 100vw, 300px\" \/>\n<p>Gem\u00e4\u00df der Verkehrsordnung der Stadt Remich kann auf Antrag eine Vignette f\u00fcr gewerbliche Zwecke ausgestellt werden.<\/p>\n<p>Der Parkausweis erm\u00f6glicht dem Fahrzeugf\u00fchrer ein zeitlich begrenztes Parken gem\u00e4\u00df der Beschilderung in verschiedenen Zonen.<\/p>\n<p>Das Auslegen des Parkausweises ist nur dann notwendig, wenn die Verkehrsbeschilderung dies verlangt.<\/p>\n<p><u>Nutzungsberechtigte<\/u><\/p>\n<p>Personen, welche<\/p>\n<ul>\n<li>einen medizinischen Beruf aus\u00fcben oder im Pflegedienst t\u00e4tig sind<\/li>\n<li>Montage- oder Wartungsarbeiten ausf\u00fchren<\/li>\n<li>im Auftrag einer Staats- oder Gemeindeverwaltung agieren<\/li>\n<li>eine Zulassung als Journalist haben oder als Journalist im Au\u00dfendienst arbeiten<\/li>\n<\/ul>\n<p><u>Allgemeine Informationen:<\/u><\/p>\n<ul>\n<li>Antrag des Parkausweises: vor Ort im Einwohnermeldeamt<\/li>\n<li>3 Fahrzeuge pro Parkausweis<\/li>\n<li>G\u00fcltigkeit: 1, 3, 6 oder 12 Monate<\/li>\n<li>G\u00fcltigkeit ab Ausstellungsdatum | G\u00fcltigkeit endet sp\u00e4testens am Ende des Kalenderjahres<\/li>\n<li>Anfallende Geb\u00fchren:\n<ul>\n<li>1 Monat: 30,00 \u20ac<\/li>\n<li>2 Monate: 90,00\u20ac<\/li>\n<li>6 Monate 180,00\u20ac<\/li>\n<li>12 Monate: 360,00 \u20ac<\/li>\n<\/ul>\n<\/li>\n<\/ul>\n<p><u>Ben\u00f6tigte Papiere:<\/u><\/p>\n<ul>\n<li>Berufszulassungsbescheinigung<\/li>\n<li>Fahrzeugzulassung<\/li>\n<li>Gegebenenfalls: Mietvertrag oder Bereitstellungsvereinbarung<\/li>\n<\/ul>\n<h2>Die wei\u00dfe Uhranzeigekarte (in den Zonen 1-3 zu benutzen)<\/h2>\n<p>Die wei\u00dfe Karte muss gleichzeitig mit dem Parkausweis ausgelegt werden.<\/p>\n<img loading=\"lazy\" decoding=\"async\" class=\"alignnone size-medium wp-image-17532\" src=\"https:\/\/bierger.remich.lu\/wp-content\/uploads\/sites\/3\/2025\/06\/carte-horloge-remich_-scaled-300x291.jpg\" alt=\"\" width=\"300\" height=\"291\" srcset=\"https:\/\/bierger.remich.lu\/wp-content\/uploads\/sites\/3\/2025\/06\/carte-horloge-remich_-scaled-300x291.jpg 300w, https:\/\/bierger.remich.lu\/wp-content\/uploads\/sites\/3\/2025\/06\/carte-horloge-remich_-scaled-1024x992.jpg 1024w\" sizes=\"auto, (max-width: 300px) 100vw, 300px\" \/>\n<p><u>Allgemeine Infos zur wei\u00dfen Karte:<\/u><\/p>\n<ul>\n<li>Nur zusammen mit dem Ausweis auslegen und unter Beachtung der Verkehrsordnung &gt; Anrecht auf gratis Parken bis zu maximal 2 Stunden auf dem Gebiet der Stadt Remich, sowohl entlang der Stra\u00dfe als auch auf ausgewiesenen Parkfl\u00e4chen.<\/li>\n<li>Der Fahrer muss den Pfeil auf die vermeintliche Abfahrzeit stellen (z.B. max. 30 Min. genehmigt &gt; Ankunft um 8 Uhr &gt; Pfeil auf 8:30 Uhr)<\/li>\n<li>Ein Umsetzen des Fahrzeugs unter 150 Metern erlaubt es nicht, die initialen Uhrzeiten zu ver\u00e4ndern.<\/li>\n<\/ul>\n<h2>Kontakt<\/h2>\n<p>Stadt Remich | B\u00fcrgeramt<br \/>\n6, rue Enz | L-5532 Remich<br \/>\nT. (+352) 23 692 \u2013 1<br \/>\nE. <a href=\"mailto:population@remich.lu\">population@remich.lu<\/a><\/p>\n<p><u>\u00d6ffnungszeiten<br \/>\n<\/u>Montag \u2013 Donnerstag\u00a0: 08:00-12:00 &amp; 13:00-16:00<br \/>\nFreitag\u00a0: 07:00-13:00<\/p>\n<p>&nbsp;<\/p>\n<h1>Die verschiedenen Zonen<\/h1>\n<h2>Zonen 1-3<\/h2>\n<ul>\n<li>Kostenlos f\u00fcr Fahrzeuge mit Parkausweis &amp; ausgelegter wei\u00dfer Zeitparkscheibe unter Angabe der maximal erlaubten Parkdauer (z.B. Ankunft 10 Uhr, maxi. Erlaubte Parkdauer 2 St. &gt; Uhr der Scheibe auf 12 Uhr stellen)<\/li>\n<li>Kostenpflichtig f\u00fcr Fahrzeuge ohne Parkausweis und\/oder ohne wei\u00dfe Zeitparkscheibe<\/li>\n<\/ul>\n<h3>Zone 1 (rot) | Montag &#8211; Freitag von 08:00 bis 18:00 | Max. 30 Min.<\/h3>\n<ul>\n<li>Minimale Parkdauer von 15 Minuten 0,10 \u20ac<\/li>\n<li>Parkdauer von 30 Minuten\u00a0 \u00a0 \u00a0 \u00a0 \u00a0 \u00a0 \u00a0 \u00a0 \u00a0 0,20 \u20ac<\/li>\n<\/ul>\n<h3>Zone 2 (violett) | Montag &#8211; Freitag von 08:00 bis 18:00 | Max. 30 Min.<\/h3>\n<ul>\n<li>Parkdauer von 30 Minuten kostenloses Ticket muss gezogen &amp; sichtbar hinter der Windschutzscheibe angebracht werden<\/li>\n<\/ul>\n<h3>Zone 3.1 (gelb) | Montag &#8211; Freitag von 08:00 bis 12:00 &amp; 13:00 bis 18:00 | max. 120 Min.<\/h3>\n<ul>\n<li>Minimale Parkdauer von 15 Minuten 0,10 \u20ac<\/li>\n<li>30 Minuten\u00a0 \u00a0 \u00a0 \u00a0 \u00a0 \u00a0 \u00a0 \u00a0 \u00a0 \u00a0 \u00a0 \u00a0 \u00a0 \u00a0 \u00a0 \u00a0 \u00a0 \u00a0 \u00a0 \u00a0 \u00a0 \u00a0 \u00a0 0,20 \u20ac<\/li>\n<li>1 Stunde\u00a0 \u00a0 \u00a0 \u00a0 \u00a0 \u00a0 \u00a0 \u00a0 \u00a0 \u00a0 \u00a0 \u00a0 \u00a0 \u00a0 \u00a0 \u00a0 \u00a0 \u00a0 \u00a0 \u00a0 \u00a0 \u00a0 \u00a0 \u00a0 \u00a0 \u00a0 0,40 \u20ac<\/li>\n<li>F\u00fcr die 2. Stunde\u00a0 \u00a0 \u00a0 \u00a0 \u00a0 \u00a0 \u00a0 \u00a0 \u00a0 \u00a0 \u00a0 \u00a0 \u00a0 \u00a0 \u00a0 \u00a0 \u00a0 \u00a0 0,80 \u20ac<\/li>\n<\/ul>\n<h3>Zone 3.2 (hellorange) | Montag &#8211; Freitag von 08:00 bis 12:00 &amp; 13:00 bis 18:00 | Max. 180 Min.<\/h3>\n<ul>\n<li>Minimale Parkdauer von 15 Minuten 0,10 \u20ac<\/li>\n<li>30 Minuten\u00a0 \u00a0 \u00a0 \u00a0 \u00a0 \u00a0 \u00a0 \u00a0 \u00a0 \u00a0 \u00a0 \u00a0 \u00a0 \u00a0 \u00a0 \u00a0 \u00a0 \u00a0 \u00a0 \u00a0 \u00a0 \u00a0 \u00a0 0,20 \u20ac<\/li>\n<li>1 Stunde\u00a0 \u00a0 \u00a0 \u00a0 \u00a0 \u00a0 \u00a0 \u00a0 \u00a0 \u00a0 \u00a0 \u00a0 \u00a0 \u00a0 \u00a0 \u00a0 \u00a0 \u00a0 \u00a0 \u00a0 \u00a0 \u00a0 \u00a0 \u00a0 \u00a0 \u00a00,40 \u20ac<\/li>\n<li>F\u00fcr die 2. und 3. Stunde\u00a0 \u00a0 \u00a0 \u00a0 \u00a0 \u00a0 \u00a0 \u00a0 \u00a0 \u00a0 \u00a0 \u00a00,80 \u20ac \/ Stunde<\/li>\n<\/ul>\n<h3>Zone 3.3 (dunkelorange) | Montag &#8211; Freitag von 08:00 bis 12:00 &amp; 13:00 bis 18:00 | Max. 240 Min.<\/h3>\n<ul>\n<li>Minimale Parkdauer von 15 Minuten 0,10 \u20ac<\/li>\n<li>30 Minuten\u00a0 \u00a0 \u00a0 \u00a0 \u00a0 \u00a0 \u00a0 \u00a0 \u00a0 \u00a0 \u00a0 \u00a0 \u00a0 \u00a0 \u00a0 \u00a0 \u00a0 \u00a0 \u00a0 \u00a0 \u00a0 \u00a0 \u00a0 0,20 \u20ac<\/li>\n<li>1 Stunde\u00a0 \u00a0 \u00a0 \u00a0 \u00a0 \u00a0 \u00a0 \u00a0 \u00a0 \u00a0 \u00a0 \u00a0 \u00a0 \u00a0 \u00a0 \u00a0 \u00a0 \u00a0 \u00a0 \u00a0 \u00a0 \u00a0 \u00a0 \u00a0 \u00a0 \u00a0 0,40 \u20ac<\/li>\n<li>F\u00fcr die 2., 3. und 4. Stunde\u00a0 \u00a0 \u00a0 \u00a0 \u00a0 \u00a0 \u00a0 \u00a0 \u00a0 0,80 \u20ac \/ Stunde<\/li>\n<\/ul>\n<h2>Zonen mit kostenlosem, jedoch zeitlich begrenztem Parken: Zonen 4-6<\/h2>\n<ul>\n<li>Parken ohne t\u00e4gliche Zeitbegrenzung (Achtung: das Parken auf demselben Parkplatz ist auf 48 Stunden begrenzt) f\u00fcr Fahrzeuge mit Vignette und blauer Parkscheibe unter Angabe der Ankunftszeit.<\/li>\n<li>Begrenztes Parken gem\u00e4\u00df Beschilderung und mit blauer Parkscheibe unter Angabe der Ankunfstzeit<\/li>\n<\/ul>\n<h3>Zone 4.1 (hellblau) | Montag \u2013 Freitag von 08:00 bis 12:00 &amp; 13:00 bis 18:00<\/h3>\n<ul>\n<li>mit Vignette\u00a0: max. 48 St.<\/li>\n<li>ohne vignette\u00a0: max. 2 St.<\/li>\n<\/ul>\n<h3>Zone 4.2 (dunkelblau) | Montag \u2013 Freitag von 08:00 bis 12:00 &amp; 13:00 bis 18:00<\/h3>\n<ul>\n<li>mit Vignette\u00a0: max. 48 St.<\/li>\n<li>ohne Vignette\u00a0: max. 5 St.<\/li>\n<\/ul>\n<h3>Zone 5.1 (hellgr\u00fcn) | Montag \u2013 Freitag von 08:00 bis 12:00 &amp; 13:00 bis 18:00<\/h3>\n<ul>\n<li>mit oder ohne Vignette\u00a0: max. 3 St.<\/li>\n<\/ul>\n<h3>Zone 5.2 (dunkelgr\u00fcn) | Montag \u2013 Freitag von 08:00 bis 12:00 &amp; 13:00 bis 18:00<\/h3>\n<ul>\n<li>Avec ou sans vignette\u00a0: max. 5 St.<\/li>\n<\/ul>\n<h3>Zone 6<\/h3>\n<p>Nicht reglementiert, von Amts wegen max. 48 St.<\/p>\n<p>&nbsp;<\/p>\n<h1>Der Plan<\/h1>\n<p><a href=\"https:\/\/bierger.remich.lu\/wp-content\/uploads\/sites\/3\/2025\/06\/Parkraumkonzept_Plan.pdf\"><img loading=\"lazy\" decoding=\"async\" class=\"alignnone wp-image-17530 size-full\" src=\"https:\/\/bierger.remich.lu\/wp-content\/uploads\/sites\/3\/2025\/06\/Parkraumkonzept.jpg\" alt=\"\" width=\"960\" height=\"720\" srcset=\"https:\/\/bierger.remich.lu\/wp-content\/uploads\/sites\/3\/2025\/06\/Parkraumkonzept.jpg 960w, https:\/\/bierger.remich.lu\/wp-content\/uploads\/sites\/3\/2025\/06\/Parkraumkonzept-300x225.jpg 300w\" sizes=\"auto, (max-width: 960px) 100vw, 960px\" \/><\/a>","protected":false},"excerpt":{"rendered":"<p>Parkausweis &amp; Uhranzeigekarte (carte-horloge) Der Parkausweis Einwohnerparkausweis Gem\u00e4\u00df der Verkehrsordnung der Stadt Remich kann jeder Haushalt, welcher im Einwohnermeldeamt eingeschrieben ist, einen Einwohnerparkausweis beantragen. Der Parkausweis erm\u00f6glicht dem Fahrzeugf\u00fchrer ein zeitlich begrenztes Parken gem\u00e4\u00df der Beschilderung in verschiedenen Zonen. Das Auslegen des Parkausweises ist nur dann notwendig, wenn die Verkehrsbeschilderung dies verlangt. Nutzungsberechtigte Einwohner von&#8230;  <a class=\"excerpt-read-more\" href=\"https:\/\/bierger.remich.lu\/de\/services-au-citoyen\/francais-mobilite\/parking-residentiel\/\" title=\"ReadParken in Remich | Parkausweise\">Mehr lesen \u00bb<\/a><\/p>\n","protected":false},"author":2,"featured_media":3935,"parent":70,"menu_order":60,"comment_status":"closed","ping_status":"closed","template":"","meta":{"_acf_changed":false,"xn-wppe-expiration":[],"xn-wppe-expiration-action":[],"xn-wppe-expiration-prefix":[],"footnotes":"","_links_to":"","_links_to_target":""},"class_list":["post-3934","page","type-page","status-publish","has-post-thumbnail","hentry","keyword-mobilitat"],"acf":[],"yoast_head":"<!-- This site is optimized with the Yoast SEO plugin v26.7 - https:\/\/yoast.com\/wordpress\/plugins\/seo\/ -->\n<title>Parken in Remich | Parkausweise - Ville de Remich<\/title>\n<meta name=\"robots\" content=\"index, follow, max-snippet:-1, max-image-preview:large, max-video-preview:-1\" \/>\n<link rel=\"canonical\" href=\"https:\/\/bierger.remich.lu\/de\/services-au-citoyen\/francais-mobilite\/parking-residentiel\/\" \/>\n<meta property=\"og:locale\" content=\"de_DE\" \/>\n<meta property=\"og:type\" content=\"article\" \/>\n<meta property=\"og:title\" content=\"Parken in Remich | Parkausweise - Ville de Remich\" \/>\n<meta property=\"og:description\" content=\"Parkausweis &amp; Uhranzeigekarte (carte-horloge) Der Parkausweis Einwohnerparkausweis Gem\u00e4\u00df der Verkehrsordnung der Stadt Remich kann jeder Haushalt, welcher im Einwohnermeldeamt eingeschrieben ist, einen Einwohnerparkausweis beantragen. Der Parkausweis erm\u00f6glicht dem Fahrzeugf\u00fchrer ein zeitlich begrenztes Parken gem\u00e4\u00df der Beschilderung in verschiedenen Zonen. Das Auslegen des Parkausweises ist nur dann notwendig, wenn die Verkehrsbeschilderung dies verlangt. Nutzungsberechtigte Einwohner von... Mehr lesen \u00bb\" \/>\n<meta property=\"og:url\" content=\"https:\/\/bierger.remich.lu\/de\/services-au-citoyen\/francais-mobilite\/parking-residentiel\/\" \/>\n<meta property=\"og:site_name\" content=\"Ville de Remich\" \/>\n<meta property=\"article:modified_time\" content=\"2025-07-02T11:04:57+00:00\" \/>\n<meta property=\"og:image\" content=\"https:\/\/bierger.remich.lu\/wp-content\/uploads\/sites\/3\/2018\/08\/john-matychuk-393455-unsplash-1024x683.jpg\" \/>\n\t<meta property=\"og:image:width\" content=\"1024\" \/>\n\t<meta property=\"og:image:height\" content=\"683\" \/>\n\t<meta property=\"og:image:type\" content=\"image\/jpeg\" \/>\n<meta name=\"twitter:card\" content=\"summary_large_image\" \/>\n<meta name=\"twitter:label1\" content=\"Gesch\u00e4tzte Lesezeit\" \/>\n\t<meta name=\"twitter:data1\" content=\"7\u00a0Minuten\" \/>\n<script type=\"application\/ld+json\" class=\"yoast-schema-graph\">{\"@context\":\"https:\/\/schema.org\",\"@graph\":[{\"@type\":\"WebPage\",\"@id\":\"https:\/\/bierger.remich.lu\/de\/services-au-citoyen\/francais-mobilite\/parking-residentiel\/\",\"url\":\"https:\/\/bierger.remich.lu\/de\/services-au-citoyen\/francais-mobilite\/parking-residentiel\/\",\"name\":\"Parken in Remich | Parkausweise - Ville de Remich\",\"isPartOf\":{\"@id\":\"https:\/\/bierger.remich.lu\/de\/#website\"},\"primaryImageOfPage\":{\"@id\":\"https:\/\/bierger.remich.lu\/de\/services-au-citoyen\/francais-mobilite\/parking-residentiel\/#primaryimage\"},\"image\":{\"@id\":\"https:\/\/bierger.remich.lu\/de\/services-au-citoyen\/francais-mobilite\/parking-residentiel\/#primaryimage\"},\"thumbnailUrl\":\"https:\/\/bierger.remich.lu\/wp-content\/uploads\/sites\/3\/2018\/08\/john-matychuk-393455-unsplash.jpg\",\"datePublished\":\"2018-08-07T11:39:24+00:00\",\"dateModified\":\"2025-07-02T11:04:57+00:00\",\"breadcrumb\":{\"@id\":\"https:\/\/bierger.remich.lu\/de\/services-au-citoyen\/francais-mobilite\/parking-residentiel\/#breadcrumb\"},\"inLanguage\":\"de\",\"potentialAction\":[{\"@type\":\"ReadAction\",\"target\":[\"https:\/\/bierger.remich.lu\/de\/services-au-citoyen\/francais-mobilite\/parking-residentiel\/\"]}]},{\"@type\":\"ImageObject\",\"inLanguage\":\"de\",\"@id\":\"https:\/\/bierger.remich.lu\/de\/services-au-citoyen\/francais-mobilite\/parking-residentiel\/#primaryimage\",\"url\":\"https:\/\/bierger.remich.lu\/wp-content\/uploads\/sites\/3\/2018\/08\/john-matychuk-393455-unsplash.jpg\",\"contentUrl\":\"https:\/\/bierger.remich.lu\/wp-content\/uploads\/sites\/3\/2018\/08\/john-matychuk-393455-unsplash.jpg\",\"width\":5184,\"height\":3456},{\"@type\":\"BreadcrumbList\",\"@id\":\"https:\/\/bierger.remich.lu\/de\/services-au-citoyen\/francais-mobilite\/parking-residentiel\/#breadcrumb\",\"itemListElement\":[{\"@type\":\"ListItem\",\"position\":1,\"name\":\"Startseite\",\"item\":\"https:\/\/bierger.remich.lu\/de\/\"},{\"@type\":\"ListItem\",\"position\":2,\"name\":\"B\u00fcrgerdienste\",\"item\":\"https:\/\/bierger.remich.lu\/de\/services-au-citoyen\/\"},{\"@type\":\"ListItem\",\"position\":3,\"name\":\"Mobilit\u00e4t\",\"item\":\"https:\/\/bierger.remich.lu\/de\/services-au-citoyen\/francais-mobilite\/\"},{\"@type\":\"ListItem\",\"position\":4,\"name\":\"Parken in Remich | Parkausweise\"}]},{\"@type\":\"WebSite\",\"@id\":\"https:\/\/bierger.remich.lu\/de\/#website\",\"url\":\"https:\/\/bierger.remich.lu\/de\/\",\"name\":\"Ville de Remich\",\"description\":\"\",\"potentialAction\":[{\"@type\":\"SearchAction\",\"target\":{\"@type\":\"EntryPoint\",\"urlTemplate\":\"https:\/\/bierger.remich.lu\/de\/?s={search_term_string}\"},\"query-input\":{\"@type\":\"PropertyValueSpecification\",\"valueRequired\":true,\"valueName\":\"search_term_string\"}}],\"inLanguage\":\"de\"}]}<\/script>\n<!-- \/ Yoast SEO plugin. -->","yoast_head_json":{"title":"Parken in Remich | Parkausweise - Ville de Remich","robots":{"index":"index","follow":"follow","max-snippet":"max-snippet:-1","max-image-preview":"max-image-preview:large","max-video-preview":"max-video-preview:-1"},"canonical":"https:\/\/bierger.remich.lu\/de\/services-au-citoyen\/francais-mobilite\/parking-residentiel\/","og_locale":"de_DE","og_type":"article","og_title":"Parken in Remich | Parkausweise - Ville de Remich","og_description":"Parkausweis &amp; Uhranzeigekarte (carte-horloge) Der Parkausweis Einwohnerparkausweis Gem\u00e4\u00df der Verkehrsordnung der Stadt Remich kann jeder Haushalt, welcher im Einwohnermeldeamt eingeschrieben ist, einen Einwohnerparkausweis beantragen. Der Parkausweis erm\u00f6glicht dem Fahrzeugf\u00fchrer ein zeitlich begrenztes Parken gem\u00e4\u00df der Beschilderung in verschiedenen Zonen. Das Auslegen des Parkausweises ist nur dann notwendig, wenn die Verkehrsbeschilderung dies verlangt. Nutzungsberechtigte Einwohner von... Mehr lesen \u00bb","og_url":"https:\/\/bierger.remich.lu\/de\/services-au-citoyen\/francais-mobilite\/parking-residentiel\/","og_site_name":"Ville de Remich","article_modified_time":"2025-07-02T11:04:57+00:00","og_image":[{"width":1024,"height":683,"url":"https:\/\/bierger.remich.lu\/wp-content\/uploads\/sites\/3\/2018\/08\/john-matychuk-393455-unsplash-1024x683.jpg","type":"image\/jpeg"}],"twitter_card":"summary_large_image","twitter_misc":{"Gesch\u00e4tzte Lesezeit":"7\u00a0Minuten"},"schema":{"@context":"https:\/\/schema.org","@graph":[{"@type":"WebPage","@id":"https:\/\/bierger.remich.lu\/de\/services-au-citoyen\/francais-mobilite\/parking-residentiel\/","url":"https:\/\/bierger.remich.lu\/de\/services-au-citoyen\/francais-mobilite\/parking-residentiel\/","name":"Parken in Remich | Parkausweise - Ville de Remich","isPartOf":{"@id":"https:\/\/bierger.remich.lu\/de\/#website"},"primaryImageOfPage":{"@id":"https:\/\/bierger.remich.lu\/de\/services-au-citoyen\/francais-mobilite\/parking-residentiel\/#primaryimage"},"image":{"@id":"https:\/\/bierger.remich.lu\/de\/services-au-citoyen\/francais-mobilite\/parking-residentiel\/#primaryimage"},"thumbnailUrl":"https:\/\/bierger.remich.lu\/wp-content\/uploads\/sites\/3\/2018\/08\/john-matychuk-393455-unsplash.jpg","datePublished":"2018-08-07T11:39:24+00:00","dateModified":"2025-07-02T11:04:57+00:00","breadcrumb":{"@id":"https:\/\/bierger.remich.lu\/de\/services-au-citoyen\/francais-mobilite\/parking-residentiel\/#breadcrumb"},"inLanguage":"de","potentialAction":[{"@type":"ReadAction","target":["https:\/\/bierger.remich.lu\/de\/services-au-citoyen\/francais-mobilite\/parking-residentiel\/"]}]},{"@type":"ImageObject","inLanguage":"de","@id":"https:\/\/bierger.remich.lu\/de\/services-au-citoyen\/francais-mobilite\/parking-residentiel\/#primaryimage","url":"https:\/\/bierger.remich.lu\/wp-content\/uploads\/sites\/3\/2018\/08\/john-matychuk-393455-unsplash.jpg","contentUrl":"https:\/\/bierger.remich.lu\/wp-content\/uploads\/sites\/3\/2018\/08\/john-matychuk-393455-unsplash.jpg","width":5184,"height":3456},{"@type":"BreadcrumbList","@id":"https:\/\/bierger.remich.lu\/de\/services-au-citoyen\/francais-mobilite\/parking-residentiel\/#breadcrumb","itemListElement":[{"@type":"ListItem","position":1,"name":"Startseite","item":"https:\/\/bierger.remich.lu\/de\/"},{"@type":"ListItem","position":2,"name":"B\u00fcrgerdienste","item":"https:\/\/bierger.remich.lu\/de\/services-au-citoyen\/"},{"@type":"ListItem","position":3,"name":"Mobilit\u00e4t","item":"https:\/\/bierger.remich.lu\/de\/services-au-citoyen\/francais-mobilite\/"},{"@type":"ListItem","position":4,"name":"Parken in Remich | Parkausweise"}]},{"@type":"WebSite","@id":"https:\/\/bierger.remich.lu\/de\/#website","url":"https:\/\/bierger.remich.lu\/de\/","name":"Ville de Remich","description":"","potentialAction":[{"@type":"SearchAction","target":{"@type":"EntryPoint","urlTemplate":"https:\/\/bierger.remich.lu\/de\/?s={search_term_string}"},"query-input":{"@type":"PropertyValueSpecification","valueRequired":true,"valueName":"search_term_string"}}],"inLanguage":"de"}]}},"_links":{"self":[{"href":"https:\/\/bierger.remich.lu\/de\/wp-json\/wp\/v2\/pages\/3934","targetHints":{"allow":["GET"]}}],"collection":[{"href":"https:\/\/bierger.remich.lu\/de\/wp-json\/wp\/v2\/pages"}],"about":[{"href":"https:\/\/bierger.remich.lu\/de\/wp-json\/wp\/v2\/types\/page"}],"author":[{"embeddable":true,"href":"https:\/\/bierger.remich.lu\/de\/wp-json\/wp\/v2\/users\/2"}],"replies":[{"embeddable":true,"href":"https:\/\/bierger.remich.lu\/de\/wp-json\/wp\/v2\/comments?post=3934"}],"version-history":[{"count":15,"href":"https:\/\/bierger.remich.lu\/de\/wp-json\/wp\/v2\/pages\/3934\/revisions"}],"predecessor-version":[{"id":17611,"href":"https:\/\/bierger.remich.lu\/de\/wp-json\/wp\/v2\/pages\/3934\/revisions\/17611"}],"up":[{"embeddable":true,"href":"https:\/\/bierger.remich.lu\/de\/wp-json\/wp\/v2\/pages\/70"}],"wp:featuredmedia":[{"embeddable":true,"href":"https:\/\/bierger.remich.lu\/de\/wp-json\/wp\/v2\/media\/3935"}],"wp:attachment":[{"href":"https:\/\/bierger.remich.lu\/de\/wp-json\/wp\/v2\/media?parent=3934"}],"curies":[{"name":"wp","href":"https:\/\/api.w.org\/{rel}","templated":true}]}}