{"id":46,"date":"2016-08-17T13:07:55","date_gmt":"2016-08-17T12:07:55","guid":{"rendered":"http:\/\/reimech.lu\/?page_id=46"},"modified":"2017-09-26T09:59:12","modified_gmt":"2017-09-26T08:59:12","slug":"die-gemeinde-stellt-sich-vor","status":"publish","type":"page","link":"https:\/\/bierger.remich.lu\/de\/ville-de-remich\/die-gemeinde-stellt-sich-vor\/","title":{"rendered":"Remich stellt sich vor"},"content":{"rendered":"Remich,\u00a0&#8220;\u00a0Die Perle der Mosel &#8222;.<\/p>\n<p>Remich ist eine kleine Touristenstadt und sowohl Verwaltungs- wie auch Einkaufszentrum, eingebettet in\u00a0ein romantisches Panorama von Weinbergen und W\u00e4ldern. Die 3 Kilometer lange und von Kirschb\u00e4umen und Linden ges\u00e4umte Uferpromenade bietet dem Spazierg\u00e4nger Erholung<\/p>\n<p>Abseits der Hauptpromenade findet man\u00a0<span id=\"Sp1.s2_o\" class=\"systran_seg\"><span id=\"token_1\" class=\"systran_token_word\">alte<\/span> <span id=\"token_3\" class=\"systran_token_word\">malerische<\/span> <span id=\"token_2\" class=\"systran_token_word\">Viertel<\/span> <span id=\"token_4\" class=\"systran_token_word\">mit <\/span><\/span>charmanten G\u00e4sschen und lauschige Eckchen, ein Stadtzentrum mit einigen L\u00e4den, kleinen Pl\u00e4tzen und dem Park Brill mit seinem Weiher.<\/p>\n<p><span id=\"Sp1.s2_o\" class=\"systran_seg\"><span id=\"token_0\" class=\"systran_token_word\">Die<\/span> <span id=\"token_2\" class=\"systran_token_word\">Stadt<\/span> <span id=\"token_3\" class=\"systran_token_word\">bleibt<\/span> <span id=\"token_4\" class=\"systran_token_word\">allerdings<\/span> <span id=\"token_5\" class=\"systran_token_word\">vor allem<\/span> <span id=\"token_0\" class=\"systran_token_word\">das<\/span> <span id=\"token_7\" class=\"systran_token_word\">Zentrum<\/span> <span id=\"token_0\" class=\"systran_token_word\">des<\/span> <span id=\"token_11\" class=\"systran_token_word\">luxemburgischen<\/span> <span id=\"token_10\" class=\"systran_token_word\">Weinbauss mit dem\u00a0<\/span><\/span>Weinbauinstitut (Institut Viti-vinicole) welches seinen Sitz in der Stadt hat. Ausserdem laden die zahlreichen Winzerbetriebe und Kellereien zu einer Weinverkostung ihrer besten und vielfach preisgekr\u00f6nten Produkte ein.<\/p>\n<p>F\u00fcr Sportbegeisterte:<\/p>\n<ul>\n<li>Freibad mit beheiztem Olympiaschwimmbecken und Kinderbereich<\/li>\n<li>Tennisplatz im Park Brill<\/li>\n<li>2 Fu\u00dfballfelder davon\u00a0ein Kunstrasenplatz (aktuell im Bau)<\/li>\n<li>Sportvereine wie z.B. Basketball, Turnen, Tischtennis, Tennis, Fu\u00dfball<\/li>\n<li>im Umkreis von 20 Kilometern befinden sich 4 Hallenschwimmb\u00e4der, sowie das Thermalbad in Mondorf. Sportbegeisterte k\u00f6nnen sich auch im Wasserski oder beim Fischen versuchen.<\/li>\n<li>Radwege entlang der luxemburgischen und deutschen Mosel<\/li>\n<li>Fitness-parcours im Wald.<\/li>\n<\/ul>\n<p>F\u00fcr Kinder:<\/p>\n<ul>\n<li>Grundschule mit Betreuungsstruktur auf zwei Standorten:\u00a0Gew\u00e4nnchen et rue Enz<\/li>\n<li>Gro\u00dfe Spielpl\u00e4tze auf der Esplanade,\u00a0im Park Brill und im Schulhof der Schule Gew\u00e4nnchen<\/li>\n<li>Mini-Carts Piste beim Minigolf.<\/li>\n<\/ul>\n<p>Weitere Infos:<\/p>\n<ul>\n<li>zwei Spielkasinos im Umkreis von\u00a010 Kilometern\u00a0(Casino 2000\u00a0in Mondorf-les-Bains\u00a0und Kasino Schloss Berg\u00a0in Nennig)<\/li>\n<li>von Juni bis September finden entlang der Mosel fast jedes Wochenende Wiesenfeste statt, das ganze Jahr \u00fcber viele Veranstaltungen wie z.B. Ironman, Halbmarathon, Kunst-und Hobbymarkt, Frischemarkt, Sonntagsmarkt, Flohmarkt,\u00a0Cr\u00e9mant und Kultur Festival, usw.<\/li>\n<li>mehrere Ausflugs- une Shoppingziele in weniger als\u00a040 Kilometern; um nur einige zu nennen, St\u00e4dte wie Luxemburg, Trier, Saarburg, Sierck,\u00a0usw.<\/li>\n<li>Weinmuseen in Ehnen und Bech-Kleinamcher<\/li>\n<\/ul>\n<p>Ausserdem:<\/p>\n<ul>\n<li>das Jugendhaus, genannt\u00a0&#8220;\u00a0Babylonia Jugenhaus\u00a0&#8220;\u00a0f\u00fcr Jugendliche im Alter\u00a0von 12 bis 25 Jahren<\/li>\n<li>der Multi-Sportplatz (Skate, BMX, Parcours-momentan im Bau)<\/li>\n<li>der\u00a0Bolzplatz mit kleinem Volleyballfeld<\/li>\n<li>l&#8217;\u00c9cole de musique de l&#8217;Union grand-duc Adolphe<\/li>\n<li>all unsere anderen lokalen Vereine (siehe unter wichtige Adressen)<\/li>\n<\/ul>","protected":false},"excerpt":{"rendered":"<p>Remich,\u00a0&#8220;\u00a0Die Perle der Mosel &#8222;. Remich ist eine kleine Touristenstadt und sowohl Verwaltungs- wie auch Einkaufszentrum, eingebettet in\u00a0ein romantisches Panorama von Weinbergen und W\u00e4ldern. Die 3 Kilometer lange und von Kirschb\u00e4umen und Linden ges\u00e4umte Uferpromenade bietet dem Spazierg\u00e4nger Erholung Abseits der Hauptpromenade findet man\u00a0alte malerische Viertel mit charmanten G\u00e4sschen und lauschige Eckchen, ein Stadtzentrum mit&#8230;  <a class=\"excerpt-read-more\" href=\"https:\/\/bierger.remich.lu\/de\/ville-de-remich\/die-gemeinde-stellt-sich-vor\/\" title=\"ReadRemich stellt sich vor\">Mehr lesen \u00bb<\/a><\/p>\n","protected":false},"author":1,"featured_media":1249,"parent":13,"menu_order":49,"comment_status":"closed","ping_status":"closed","template":"","meta":{"_acf_changed":false,"xn-wppe-expiration":[],"xn-wppe-expiration-action":[],"xn-wppe-expiration-prefix":[],"footnotes":"","_links_to":"","_links_to_target":""},"class_list":["post-46","page","type-page","status-publish","has-post-thumbnail","hentry","keyword-grundstuck","keyword-maison-des-jeunes","keyword-tourismus","keyword-verein"],"acf":[],"yoast_head":"<!-- This site is optimized with the Yoast SEO plugin v26.7 - https:\/\/yoast.com\/wordpress\/plugins\/seo\/ -->\n<title>Remich stellt sich vor - Ville de Remich<\/title>\n<meta name=\"robots\" content=\"index, follow, max-snippet:-1, max-image-preview:large, max-video-preview:-1\" \/>\n<link rel=\"canonical\" href=\"https:\/\/bierger.remich.lu\/fr\/ville-de-remich\/die-gemeinde-stellt-sich-vor\/\" \/>\n<meta property=\"og:locale\" content=\"de_DE\" \/>\n<meta property=\"og:type\" content=\"article\" \/>\n<meta property=\"og:title\" content=\"Remich stellt sich vor - Ville de Remich\" \/>\n<meta property=\"og:description\" content=\"Remich,\u00a0&#8220;\u00a0Die Perle der Mosel &#8222;. Remich ist eine kleine Touristenstadt und sowohl Verwaltungs- wie auch Einkaufszentrum, eingebettet in\u00a0ein romantisches Panorama von Weinbergen und W\u00e4ldern. Die 3 Kilometer lange und von Kirschb\u00e4umen und Linden ges\u00e4umte Uferpromenade bietet dem Spazierg\u00e4nger Erholung Abseits der Hauptpromenade findet man\u00a0alte malerische Viertel mit charmanten G\u00e4sschen und lauschige Eckchen, ein Stadtzentrum mit... Mehr lesen \u00bb\" \/>\n<meta property=\"og:url\" content=\"https:\/\/bierger.remich.lu\/fr\/ville-de-remich\/die-gemeinde-stellt-sich-vor\/\" \/>\n<meta property=\"og:site_name\" content=\"Ville de Remich\" \/>\n<meta property=\"article:modified_time\" content=\"2017-09-26T08:59:12+00:00\" \/>\n<meta property=\"og:image\" content=\"https:\/\/bierger.remich.lu\/wp-content\/uploads\/sites\/3\/2016\/08\/CE1A0242-e1501137420807-1024x683.jpg\" \/>\n\t<meta property=\"og:image:width\" content=\"1024\" \/>\n\t<meta property=\"og:image:height\" content=\"683\" \/>\n\t<meta property=\"og:image:type\" content=\"image\/jpeg\" \/>\n<meta name=\"twitter:card\" content=\"summary_large_image\" \/>\n<meta name=\"twitter:label1\" content=\"Gesch\u00e4tzte Lesezeit\" \/>\n\t<meta name=\"twitter:data1\" content=\"4\u00a0Minuten\" \/>\n<script type=\"application\/ld+json\" class=\"yoast-schema-graph\">{\"@context\":\"https:\/\/schema.org\",\"@graph\":[{\"@type\":\"WebPage\",\"@id\":\"https:\/\/bierger.remich.lu\/fr\/ville-de-remich\/die-gemeinde-stellt-sich-vor\/\",\"url\":\"https:\/\/bierger.remich.lu\/fr\/ville-de-remich\/die-gemeinde-stellt-sich-vor\/\",\"name\":\"Remich stellt sich vor - Ville de Remich\",\"isPartOf\":{\"@id\":\"https:\/\/bierger.remich.lu\/de\/#website\"},\"primaryImageOfPage\":{\"@id\":\"https:\/\/bierger.remich.lu\/fr\/ville-de-remich\/die-gemeinde-stellt-sich-vor\/#primaryimage\"},\"image\":{\"@id\":\"https:\/\/bierger.remich.lu\/fr\/ville-de-remich\/die-gemeinde-stellt-sich-vor\/#primaryimage\"},\"thumbnailUrl\":\"https:\/\/bierger.remich.lu\/wp-content\/uploads\/sites\/3\/2016\/08\/CE1A0242-e1501137420807.jpg\",\"datePublished\":\"2016-08-17T12:07:55+00:00\",\"dateModified\":\"2017-09-26T08:59:12+00:00\",\"breadcrumb\":{\"@id\":\"https:\/\/bierger.remich.lu\/fr\/ville-de-remich\/die-gemeinde-stellt-sich-vor\/#breadcrumb\"},\"inLanguage\":\"de\",\"potentialAction\":[{\"@type\":\"ReadAction\",\"target\":[\"https:\/\/bierger.remich.lu\/fr\/ville-de-remich\/die-gemeinde-stellt-sich-vor\/\"]}]},{\"@type\":\"ImageObject\",\"inLanguage\":\"de\",\"@id\":\"https:\/\/bierger.remich.lu\/fr\/ville-de-remich\/die-gemeinde-stellt-sich-vor\/#primaryimage\",\"url\":\"https:\/\/bierger.remich.lu\/wp-content\/uploads\/sites\/3\/2016\/08\/CE1A0242-e1501137420807.jpg\",\"contentUrl\":\"https:\/\/bierger.remich.lu\/wp-content\/uploads\/sites\/3\/2016\/08\/CE1A0242-e1501137420807.jpg\",\"width\":5760,\"height\":3840},{\"@type\":\"BreadcrumbList\",\"@id\":\"https:\/\/bierger.remich.lu\/fr\/ville-de-remich\/die-gemeinde-stellt-sich-vor\/#breadcrumb\",\"itemListElement\":[{\"@type\":\"ListItem\",\"position\":1,\"name\":\"Startseite\",\"item\":\"https:\/\/bierger.remich.lu\/de\/\"},{\"@type\":\"ListItem\",\"position\":2,\"name\":\"Stadt Remich\",\"item\":\"https:\/\/bierger.remich.lu\/de\/ville-de-remich\/\"},{\"@type\":\"ListItem\",\"position\":3,\"name\":\"Remich se pr\u00e9sente\"}]},{\"@type\":\"WebSite\",\"@id\":\"https:\/\/bierger.remich.lu\/de\/#website\",\"url\":\"https:\/\/bierger.remich.lu\/de\/\",\"name\":\"Ville de Remich\",\"description\":\"\",\"potentialAction\":[{\"@type\":\"SearchAction\",\"target\":{\"@type\":\"EntryPoint\",\"urlTemplate\":\"https:\/\/bierger.remich.lu\/de\/?s={search_term_string}\"},\"query-input\":{\"@type\":\"PropertyValueSpecification\",\"valueRequired\":true,\"valueName\":\"search_term_string\"}}],\"inLanguage\":\"de\"}]}<\/script>\n<!-- \/ Yoast SEO plugin. -->","yoast_head_json":{"title":"Remich stellt sich vor - Ville de Remich","robots":{"index":"index","follow":"follow","max-snippet":"max-snippet:-1","max-image-preview":"max-image-preview:large","max-video-preview":"max-video-preview:-1"},"canonical":"https:\/\/bierger.remich.lu\/fr\/ville-de-remich\/die-gemeinde-stellt-sich-vor\/","og_locale":"de_DE","og_type":"article","og_title":"Remich stellt sich vor - Ville de Remich","og_description":"Remich,\u00a0&#8220;\u00a0Die Perle der Mosel &#8222;. Remich ist eine kleine Touristenstadt und sowohl Verwaltungs- wie auch Einkaufszentrum, eingebettet in\u00a0ein romantisches Panorama von Weinbergen und W\u00e4ldern. Die 3 Kilometer lange und von Kirschb\u00e4umen und Linden ges\u00e4umte Uferpromenade bietet dem Spazierg\u00e4nger Erholung Abseits der Hauptpromenade findet man\u00a0alte malerische Viertel mit charmanten G\u00e4sschen und lauschige Eckchen, ein Stadtzentrum mit... Mehr lesen \u00bb","og_url":"https:\/\/bierger.remich.lu\/fr\/ville-de-remich\/die-gemeinde-stellt-sich-vor\/","og_site_name":"Ville de Remich","article_modified_time":"2017-09-26T08:59:12+00:00","og_image":[{"width":1024,"height":683,"url":"https:\/\/bierger.remich.lu\/wp-content\/uploads\/sites\/3\/2016\/08\/CE1A0242-e1501137420807-1024x683.jpg","type":"image\/jpeg"}],"twitter_card":"summary_large_image","twitter_misc":{"Gesch\u00e4tzte Lesezeit":"4\u00a0Minuten"},"schema":{"@context":"https:\/\/schema.org","@graph":[{"@type":"WebPage","@id":"https:\/\/bierger.remich.lu\/fr\/ville-de-remich\/die-gemeinde-stellt-sich-vor\/","url":"https:\/\/bierger.remich.lu\/fr\/ville-de-remich\/die-gemeinde-stellt-sich-vor\/","name":"Remich stellt sich vor - Ville de Remich","isPartOf":{"@id":"https:\/\/bierger.remich.lu\/de\/#website"},"primaryImageOfPage":{"@id":"https:\/\/bierger.remich.lu\/fr\/ville-de-remich\/die-gemeinde-stellt-sich-vor\/#primaryimage"},"image":{"@id":"https:\/\/bierger.remich.lu\/fr\/ville-de-remich\/die-gemeinde-stellt-sich-vor\/#primaryimage"},"thumbnailUrl":"https:\/\/bierger.remich.lu\/wp-content\/uploads\/sites\/3\/2016\/08\/CE1A0242-e1501137420807.jpg","datePublished":"2016-08-17T12:07:55+00:00","dateModified":"2017-09-26T08:59:12+00:00","breadcrumb":{"@id":"https:\/\/bierger.remich.lu\/fr\/ville-de-remich\/die-gemeinde-stellt-sich-vor\/#breadcrumb"},"inLanguage":"de","potentialAction":[{"@type":"ReadAction","target":["https:\/\/bierger.remich.lu\/fr\/ville-de-remich\/die-gemeinde-stellt-sich-vor\/"]}]},{"@type":"ImageObject","inLanguage":"de","@id":"https:\/\/bierger.remich.lu\/fr\/ville-de-remich\/die-gemeinde-stellt-sich-vor\/#primaryimage","url":"https:\/\/bierger.remich.lu\/wp-content\/uploads\/sites\/3\/2016\/08\/CE1A0242-e1501137420807.jpg","contentUrl":"https:\/\/bierger.remich.lu\/wp-content\/uploads\/sites\/3\/2016\/08\/CE1A0242-e1501137420807.jpg","width":5760,"height":3840},{"@type":"BreadcrumbList","@id":"https:\/\/bierger.remich.lu\/fr\/ville-de-remich\/die-gemeinde-stellt-sich-vor\/#breadcrumb","itemListElement":[{"@type":"ListItem","position":1,"name":"Startseite","item":"https:\/\/bierger.remich.lu\/de\/"},{"@type":"ListItem","position":2,"name":"Stadt Remich","item":"https:\/\/bierger.remich.lu\/de\/ville-de-remich\/"},{"@type":"ListItem","position":3,"name":"Remich se pr\u00e9sente"}]},{"@type":"WebSite","@id":"https:\/\/bierger.remich.lu\/de\/#website","url":"https:\/\/bierger.remich.lu\/de\/","name":"Ville de Remich","description":"","potentialAction":[{"@type":"SearchAction","target":{"@type":"EntryPoint","urlTemplate":"https:\/\/bierger.remich.lu\/de\/?s={search_term_string}"},"query-input":{"@type":"PropertyValueSpecification","valueRequired":true,"valueName":"search_term_string"}}],"inLanguage":"de"}]}},"_links":{"self":[{"href":"https:\/\/bierger.remich.lu\/de\/wp-json\/wp\/v2\/pages\/46","targetHints":{"allow":["GET"]}}],"collection":[{"href":"https:\/\/bierger.remich.lu\/de\/wp-json\/wp\/v2\/pages"}],"about":[{"href":"https:\/\/bierger.remich.lu\/de\/wp-json\/wp\/v2\/types\/page"}],"author":[{"embeddable":true,"href":"https:\/\/bierger.remich.lu\/de\/wp-json\/wp\/v2\/users\/1"}],"replies":[{"embeddable":true,"href":"https:\/\/bierger.remich.lu\/de\/wp-json\/wp\/v2\/comments?post=46"}],"version-history":[{"count":15,"href":"https:\/\/bierger.remich.lu\/de\/wp-json\/wp\/v2\/pages\/46\/revisions"}],"predecessor-version":[{"id":1600,"href":"https:\/\/bierger.remich.lu\/de\/wp-json\/wp\/v2\/pages\/46\/revisions\/1600"}],"up":[{"embeddable":true,"href":"https:\/\/bierger.remich.lu\/de\/wp-json\/wp\/v2\/pages\/13"}],"wp:featuredmedia":[{"embeddable":true,"href":"https:\/\/bierger.remich.lu\/de\/wp-json\/wp\/v2\/media\/1249"}],"wp:attachment":[{"href":"https:\/\/bierger.remich.lu\/de\/wp-json\/wp\/v2\/media?parent=46"}],"curies":[{"name":"wp","href":"https:\/\/api.w.org\/{rel}","templated":true}]}}