{"id":52,"date":"2016-08-17T14:47:49","date_gmt":"2016-08-17T13:47:49","guid":{"rendered":"http:\/\/reimech.lu\/?page_id=52"},"modified":"2018-03-13T09:02:58","modified_gmt":"2018-03-13T08:02:58","slug":"jugendhaus","status":"publish","type":"page","link":"https:\/\/bierger.remich.lu\/de\/ville-de-remich\/jugendhaus\/","title":{"rendered":"Jugendhaus"},"content":{"rendered":"Das Jugenhaus bietet Jugendlichen zwischen 12 und 26 Jahren die M\u00f6glichkeit sich in einem betreuten Umfeld zu begegnen, gesellige Momente miteinander zu verbringen und so ihr K\u00f6nnen und ihre Begabungen auszubauen.<\/p>\n<p>Die Betreuer haben stets ein offenes Ohr f\u00fcr die jungen Leute und begleiten und unterst\u00fctzen sie in ihren Einzel- und\/oder Gruppenprojekten. Ebenfalls wir auch eine Hausaufgabenhilfe angeboten.<\/p>\n<p>Mithilfe der Jugendlichen wir ein breitgef\u00e4chertes Angebot an Aktivit\u00e4ten, Projekten, Workshops, Diskussionsrunden und Infoabenden in den Bereichen Freizeit, Bildung, Weiterbildung, Arbeitswelt, usw. vorgeschlagen.<\/p>\n<p>Die Betreuer unterst\u00fctzen die jungen Leute auch bei ihren Verwaltungsangelegenheiten (Bewerbungsschreiben, Lebenslauf, anderem Schriftverkehr, &#8230;).<\/p>\n<p>Folgende Einrichtungen stehen im Jugendhaus zur Verf\u00fcgung:\u00a0Kicker, Billard,\u00a0Videospiele, Gesellschaftsspiele, verschiedene Zeitschriften, Zugang zu den Computern, eine kleine Bar mit alkoholfreien Getr\u00e4nken und Snacks, sowie ein schallisolierter Musikraum.","protected":false},"excerpt":{"rendered":"<p>Das Jugenhaus bietet Jugendlichen zwischen 12 und 26 Jahren die M\u00f6glichkeit sich in einem betreuten Umfeld zu begegnen, gesellige Momente miteinander zu verbringen und so ihr K\u00f6nnen und ihre Begabungen auszubauen. Die Betreuer haben stets ein offenes Ohr f\u00fcr die jungen Leute und begleiten und unterst\u00fctzen sie in ihren Einzel- und\/oder Gruppenprojekten. Ebenfalls wir auch&#8230;  <a class=\"excerpt-read-more\" href=\"https:\/\/bierger.remich.lu\/de\/ville-de-remich\/jugendhaus\/\" title=\"ReadJugendhaus\">Mehr lesen \u00bb<\/a><\/p>\n","protected":false},"author":1,"featured_media":2286,"parent":13,"menu_order":42,"comment_status":"closed","ping_status":"closed","template":"","meta":{"_acf_changed":false,"xn-wppe-expiration":[],"xn-wppe-expiration-action":[],"xn-wppe-expiration-prefix":[],"footnotes":"","_links_to":"","_links_to_target":""},"class_list":["post-52","page","type-page","status-publish","has-post-thumbnail","hentry","keyword-maison-des-jeunes"],"acf":[],"yoast_head":"<!-- This site is optimized with the Yoast SEO plugin v26.7 - https:\/\/yoast.com\/wordpress\/plugins\/seo\/ -->\n<title>Jugendhaus - Ville de Remich<\/title>\n<meta name=\"robots\" content=\"index, follow, max-snippet:-1, max-image-preview:large, max-video-preview:-1\" \/>\n<link rel=\"canonical\" href=\"https:\/\/bierger.remich.lu\/de\/ville-de-remich\/jugendhaus\/\" \/>\n<meta property=\"og:locale\" content=\"de_DE\" \/>\n<meta property=\"og:type\" content=\"article\" \/>\n<meta property=\"og:title\" content=\"Jugendhaus - Ville de Remich\" \/>\n<meta property=\"og:description\" content=\"Das Jugenhaus bietet Jugendlichen zwischen 12 und 26 Jahren die M\u00f6glichkeit sich in einem betreuten Umfeld zu begegnen, gesellige Momente miteinander zu verbringen und so ihr K\u00f6nnen und ihre Begabungen auszubauen. Die Betreuer haben stets ein offenes Ohr f\u00fcr die jungen Leute und begleiten und unterst\u00fctzen sie in ihren Einzel- und\/oder Gruppenprojekten. Ebenfalls wir auch... Mehr lesen \u00bb\" \/>\n<meta property=\"og:url\" content=\"https:\/\/bierger.remich.lu\/de\/ville-de-remich\/jugendhaus\/\" \/>\n<meta property=\"og:site_name\" content=\"Ville de Remich\" \/>\n<meta property=\"article:modified_time\" content=\"2018-03-13T08:02:58+00:00\" \/>\n<meta property=\"og:image\" content=\"https:\/\/bierger.remich.lu\/wp-content\/uploads\/sites\/3\/2016\/08\/lucas-gallone-228252-1024x681.jpg\" \/>\n\t<meta property=\"og:image:width\" content=\"1024\" \/>\n\t<meta property=\"og:image:height\" content=\"681\" \/>\n\t<meta property=\"og:image:type\" content=\"image\/jpeg\" \/>\n<meta name=\"twitter:card\" content=\"summary_large_image\" \/>\n<meta name=\"twitter:label1\" content=\"Gesch\u00e4tzte Lesezeit\" \/>\n\t<meta name=\"twitter:data1\" content=\"2\u00a0Minuten\" \/>\n<script type=\"application\/ld+json\" class=\"yoast-schema-graph\">{\"@context\":\"https:\/\/schema.org\",\"@graph\":[{\"@type\":\"WebPage\",\"@id\":\"https:\/\/bierger.remich.lu\/de\/ville-de-remich\/jugendhaus\/\",\"url\":\"https:\/\/bierger.remich.lu\/de\/ville-de-remich\/jugendhaus\/\",\"name\":\"Jugendhaus - Ville de Remich\",\"isPartOf\":{\"@id\":\"https:\/\/bierger.remich.lu\/de\/#website\"},\"primaryImageOfPage\":{\"@id\":\"https:\/\/bierger.remich.lu\/de\/ville-de-remich\/jugendhaus\/#primaryimage\"},\"image\":{\"@id\":\"https:\/\/bierger.remich.lu\/de\/ville-de-remich\/jugendhaus\/#primaryimage\"},\"thumbnailUrl\":\"https:\/\/bierger.remich.lu\/wp-content\/uploads\/sites\/3\/2016\/08\/lucas-gallone-228252.jpg\",\"datePublished\":\"2016-08-17T13:47:49+00:00\",\"dateModified\":\"2018-03-13T08:02:58+00:00\",\"breadcrumb\":{\"@id\":\"https:\/\/bierger.remich.lu\/de\/ville-de-remich\/jugendhaus\/#breadcrumb\"},\"inLanguage\":\"de\",\"potentialAction\":[{\"@type\":\"ReadAction\",\"target\":[\"https:\/\/bierger.remich.lu\/de\/ville-de-remich\/jugendhaus\/\"]}]},{\"@type\":\"ImageObject\",\"inLanguage\":\"de\",\"@id\":\"https:\/\/bierger.remich.lu\/de\/ville-de-remich\/jugendhaus\/#primaryimage\",\"url\":\"https:\/\/bierger.remich.lu\/wp-content\/uploads\/sites\/3\/2016\/08\/lucas-gallone-228252.jpg\",\"contentUrl\":\"https:\/\/bierger.remich.lu\/wp-content\/uploads\/sites\/3\/2016\/08\/lucas-gallone-228252.jpg\",\"width\":6016,\"height\":4000},{\"@type\":\"BreadcrumbList\",\"@id\":\"https:\/\/bierger.remich.lu\/de\/ville-de-remich\/jugendhaus\/#breadcrumb\",\"itemListElement\":[{\"@type\":\"ListItem\",\"position\":1,\"name\":\"Startseite\",\"item\":\"https:\/\/bierger.remich.lu\/de\/\"},{\"@type\":\"ListItem\",\"position\":2,\"name\":\"Stadt Remich\",\"item\":\"https:\/\/bierger.remich.lu\/de\/ville-de-remich\/\"},{\"@type\":\"ListItem\",\"position\":3,\"name\":\"Jugendhaus\"}]},{\"@type\":\"WebSite\",\"@id\":\"https:\/\/bierger.remich.lu\/de\/#website\",\"url\":\"https:\/\/bierger.remich.lu\/de\/\",\"name\":\"Ville de Remich\",\"description\":\"\",\"potentialAction\":[{\"@type\":\"SearchAction\",\"target\":{\"@type\":\"EntryPoint\",\"urlTemplate\":\"https:\/\/bierger.remich.lu\/de\/?s={search_term_string}\"},\"query-input\":{\"@type\":\"PropertyValueSpecification\",\"valueRequired\":true,\"valueName\":\"search_term_string\"}}],\"inLanguage\":\"de\"}]}<\/script>\n<!-- \/ Yoast SEO plugin. -->","yoast_head_json":{"title":"Jugendhaus - Ville de Remich","robots":{"index":"index","follow":"follow","max-snippet":"max-snippet:-1","max-image-preview":"max-image-preview:large","max-video-preview":"max-video-preview:-1"},"canonical":"https:\/\/bierger.remich.lu\/de\/ville-de-remich\/jugendhaus\/","og_locale":"de_DE","og_type":"article","og_title":"Jugendhaus - Ville de Remich","og_description":"Das Jugenhaus bietet Jugendlichen zwischen 12 und 26 Jahren die M\u00f6glichkeit sich in einem betreuten Umfeld zu begegnen, gesellige Momente miteinander zu verbringen und so ihr K\u00f6nnen und ihre Begabungen auszubauen. Die Betreuer haben stets ein offenes Ohr f\u00fcr die jungen Leute und begleiten und unterst\u00fctzen sie in ihren Einzel- und\/oder Gruppenprojekten. Ebenfalls wir auch... Mehr lesen \u00bb","og_url":"https:\/\/bierger.remich.lu\/de\/ville-de-remich\/jugendhaus\/","og_site_name":"Ville de Remich","article_modified_time":"2018-03-13T08:02:58+00:00","og_image":[{"width":1024,"height":681,"url":"https:\/\/bierger.remich.lu\/wp-content\/uploads\/sites\/3\/2016\/08\/lucas-gallone-228252-1024x681.jpg","type":"image\/jpeg"}],"twitter_card":"summary_large_image","twitter_misc":{"Gesch\u00e4tzte Lesezeit":"2\u00a0Minuten"},"schema":{"@context":"https:\/\/schema.org","@graph":[{"@type":"WebPage","@id":"https:\/\/bierger.remich.lu\/de\/ville-de-remich\/jugendhaus\/","url":"https:\/\/bierger.remich.lu\/de\/ville-de-remich\/jugendhaus\/","name":"Jugendhaus - Ville de Remich","isPartOf":{"@id":"https:\/\/bierger.remich.lu\/de\/#website"},"primaryImageOfPage":{"@id":"https:\/\/bierger.remich.lu\/de\/ville-de-remich\/jugendhaus\/#primaryimage"},"image":{"@id":"https:\/\/bierger.remich.lu\/de\/ville-de-remich\/jugendhaus\/#primaryimage"},"thumbnailUrl":"https:\/\/bierger.remich.lu\/wp-content\/uploads\/sites\/3\/2016\/08\/lucas-gallone-228252.jpg","datePublished":"2016-08-17T13:47:49+00:00","dateModified":"2018-03-13T08:02:58+00:00","breadcrumb":{"@id":"https:\/\/bierger.remich.lu\/de\/ville-de-remich\/jugendhaus\/#breadcrumb"},"inLanguage":"de","potentialAction":[{"@type":"ReadAction","target":["https:\/\/bierger.remich.lu\/de\/ville-de-remich\/jugendhaus\/"]}]},{"@type":"ImageObject","inLanguage":"de","@id":"https:\/\/bierger.remich.lu\/de\/ville-de-remich\/jugendhaus\/#primaryimage","url":"https:\/\/bierger.remich.lu\/wp-content\/uploads\/sites\/3\/2016\/08\/lucas-gallone-228252.jpg","contentUrl":"https:\/\/bierger.remich.lu\/wp-content\/uploads\/sites\/3\/2016\/08\/lucas-gallone-228252.jpg","width":6016,"height":4000},{"@type":"BreadcrumbList","@id":"https:\/\/bierger.remich.lu\/de\/ville-de-remich\/jugendhaus\/#breadcrumb","itemListElement":[{"@type":"ListItem","position":1,"name":"Startseite","item":"https:\/\/bierger.remich.lu\/de\/"},{"@type":"ListItem","position":2,"name":"Stadt Remich","item":"https:\/\/bierger.remich.lu\/de\/ville-de-remich\/"},{"@type":"ListItem","position":3,"name":"Jugendhaus"}]},{"@type":"WebSite","@id":"https:\/\/bierger.remich.lu\/de\/#website","url":"https:\/\/bierger.remich.lu\/de\/","name":"Ville de Remich","description":"","potentialAction":[{"@type":"SearchAction","target":{"@type":"EntryPoint","urlTemplate":"https:\/\/bierger.remich.lu\/de\/?s={search_term_string}"},"query-input":{"@type":"PropertyValueSpecification","valueRequired":true,"valueName":"search_term_string"}}],"inLanguage":"de"}]}},"_links":{"self":[{"href":"https:\/\/bierger.remich.lu\/de\/wp-json\/wp\/v2\/pages\/52","targetHints":{"allow":["GET"]}}],"collection":[{"href":"https:\/\/bierger.remich.lu\/de\/wp-json\/wp\/v2\/pages"}],"about":[{"href":"https:\/\/bierger.remich.lu\/de\/wp-json\/wp\/v2\/types\/page"}],"author":[{"embeddable":true,"href":"https:\/\/bierger.remich.lu\/de\/wp-json\/wp\/v2\/users\/1"}],"replies":[{"embeddable":true,"href":"https:\/\/bierger.remich.lu\/de\/wp-json\/wp\/v2\/comments?post=52"}],"version-history":[{"count":7,"href":"https:\/\/bierger.remich.lu\/de\/wp-json\/wp\/v2\/pages\/52\/revisions"}],"predecessor-version":[{"id":3221,"href":"https:\/\/bierger.remich.lu\/de\/wp-json\/wp\/v2\/pages\/52\/revisions\/3221"}],"up":[{"embeddable":true,"href":"https:\/\/bierger.remich.lu\/de\/wp-json\/wp\/v2\/pages\/13"}],"wp:featuredmedia":[{"embeddable":true,"href":"https:\/\/bierger.remich.lu\/de\/wp-json\/wp\/v2\/media\/2286"}],"wp:attachment":[{"href":"https:\/\/bierger.remich.lu\/de\/wp-json\/wp\/v2\/media?parent=52"}],"curies":[{"name":"wp","href":"https:\/\/api.w.org\/{rel}","templated":true}]}}