{"id":54,"date":"2016-08-17T14:48:45","date_gmt":"2016-08-17T14:48:45","guid":{"rendered":"http:\/\/reimech.lu\/?page_id=54"},"modified":"2025-12-16T14:25:30","modified_gmt":"2025-12-16T13:25:30","slug":"administration","status":"publish","type":"page","link":"https:\/\/bierger.remich.lu\/de\/services-au-citoyen\/administration\/","title":{"rendered":"Verwaltung"},"content":{"rendered":"<h3>Die Abteilungen:<\/h3>\n<ul>\n<li><a href=\"http:\/\/reimech.lu\/services-au-citoyen\/administration\/francais-recette\/\">Agent municipal<\/a><\/li>\n<li><a href=\"http:\/\/reimech.lu\/services-au-citoyen\/administration\/francais-secretariat-general\/\">Allgemeines Sekretariat<\/a><\/li>\n<li><a href=\"http:\/\/reimech.lu\/services-au-citoyen\/administration\/betriebshof\/\">Betriebshof<\/a><\/li>\n<li><a href=\"http:\/\/reimech.lu\/services-au-citoyen\/administration\/francais-recette-3\/\">Einnehmerb\u00fcro<\/a><\/li>\n<li><a href=\"http:\/\/reimech.lu\/services-au-citoyen\/administration\/francais-population-etat-civil\/\">Einwohnermeldeamt &amp; Standesamt<\/a><\/li>\n<li><a href=\"http:\/\/reimech.lu\/services-au-citoyen\/administration\/francais-accueil-reception\/\">Empfang-Rezeption<\/a><\/li>\n<li><a href=\"http:\/\/reimech.lu\/services-au-citoyen\/administration\/francais-service-forestier\/\">F\u00f6rster<\/a><\/li>\n<li><a href=\"http:\/\/reimech.lu\/services-au-citoyen\/administration\/francais-secretariat\/\">Gemeindesekretariat<\/a><\/li>\n<li><a href=\"http:\/\/reimech.lu\/services-au-citoyen\/administration\/francais-recette-2\/\">Schuldienst<\/a><\/li>\n<li><a href=\"http:\/\/reimech.lu\/services-au-citoyen\/administration\/francais-service-technique\/\">Technischer Dienst<\/a><\/li>\n<\/ul>\n<h3>Die \u00d6ffnungszeiten:<\/h3>\n<p><strong>Empfang und Einwohnermeldeamt<\/strong><\/p>\n<ul>\n<li>Montag \u2013 Donnerstag: 08:00-12:00 et 13:00-16:00<\/li>\n<li>Freitag: 07:00-13:00<\/li>\n<li><em>Jeden ersten Mittwoch im Monat : 07:00-12:00 et 13:00-18:00<\/em><\/li>\n<\/ul>\n<p>&nbsp;<\/p>\n<p><strong>Kommunale Kasse, Marketing- und Tourismusabteilung, Personalb\u00fcro und technischer Dienst<\/strong><\/p>\n<ul>\n<li>Montag \u2013 Donnerstag: 08:00-12:00 (bevorzugt mit Termin) und 13:00-16:00 (nur mit Termin)<\/li>\n<li>Freitag: 08:00-12:00 (mit Termin)<\/li>\n<\/ul>","protected":false},"excerpt":{"rendered":"<p>Die Abteilungen: Agent municipal Allgemeines Sekretariat Betriebshof Einnehmerb\u00fcro Einwohnermeldeamt &amp; Standesamt Empfang-Rezeption F\u00f6rster Gemeindesekretariat Schuldienst Technischer Dienst Die \u00d6ffnungszeiten: Empfang und Einwohnermeldeamt Montag \u2013 Donnerstag: 08:00-12:00 et 13:00-16:00 Freitag: 07:00-13:00 Jeden ersten Mittwoch im Monat : 07:00-12:00 et 13:00-18:00 &nbsp; Kommunale Kasse, Marketing- und Tourismusabteilung, Personalb\u00fcro und technischer Dienst Montag \u2013 Donnerstag: 08:00-12:00 (bevorzugt mit&#8230;  <a class=\"excerpt-read-more\" href=\"https:\/\/bierger.remich.lu\/de\/services-au-citoyen\/administration\/\" title=\"ReadVerwaltung\">Mehr lesen \u00bb<\/a><\/p>\n","protected":false},"author":1,"featured_media":2065,"parent":15,"menu_order":68,"comment_status":"closed","ping_status":"closed","template":"","meta":{"_acf_changed":false,"xn-wppe-expiration":[],"xn-wppe-expiration-action":[],"xn-wppe-expiration-prefix":[],"footnotes":"","_links_to":"","_links_to_target":""},"class_list":["post-54","page","type-page","status-publish","has-post-thumbnail","hentry","keyword-familienstand","keyword-zivilstand"],"acf":[],"yoast_head":"<!-- This site is optimized with the Yoast SEO plugin v26.7 - https:\/\/yoast.com\/wordpress\/plugins\/seo\/ -->\n<title>Verwaltung - Ville de Remich<\/title>\n<meta name=\"robots\" content=\"index, follow, max-snippet:-1, max-image-preview:large, max-video-preview:-1\" \/>\n<link rel=\"canonical\" href=\"https:\/\/bierger.remich.lu\/services-au-citoyen\/administration\/\" \/>\n<meta property=\"og:locale\" content=\"de_DE\" \/>\n<meta property=\"og:type\" content=\"article\" \/>\n<meta property=\"og:title\" content=\"Verwaltung - Ville de Remich\" \/>\n<meta property=\"og:description\" content=\"Die Abteilungen: Agent municipal Allgemeines Sekretariat Betriebshof Einnehmerb\u00fcro Einwohnermeldeamt &amp; Standesamt Empfang-Rezeption F\u00f6rster Gemeindesekretariat Schuldienst Technischer Dienst Die \u00d6ffnungszeiten: Empfang und Einwohnermeldeamt Montag \u2013 Donnerstag: 08:00-12:00 et 13:00-16:00 Freitag: 07:00-13:00 Jeden ersten Mittwoch im Monat : 07:00-12:00 et 13:00-18:00 &nbsp; Kommunale Kasse, Marketing- und Tourismusabteilung, Personalb\u00fcro und technischer Dienst Montag \u2013 Donnerstag: 08:00-12:00 (bevorzugt mit... Mehr lesen \u00bb\" \/>\n<meta property=\"og:url\" content=\"https:\/\/bierger.remich.lu\/services-au-citoyen\/administration\/\" \/>\n<meta property=\"og:site_name\" content=\"Ville de Remich\" \/>\n<meta property=\"article:modified_time\" content=\"2025-12-16T13:25:30+00:00\" \/>\n<meta property=\"og:image\" content=\"https:\/\/bierger.remich.lu\/wp-content\/uploads\/sites\/3\/2016\/08\/Hotel-de-ville.jpg\" \/>\n\t<meta property=\"og:image:width\" content=\"2576\" \/>\n\t<meta property=\"og:image:height\" content=\"1932\" \/>\n\t<meta property=\"og:image:type\" content=\"image\/jpeg\" \/>\n<meta name=\"twitter:card\" content=\"summary_large_image\" \/>\n<meta name=\"twitter:label1\" content=\"Gesch\u00e4tzte Lesezeit\" \/>\n\t<meta name=\"twitter:data1\" content=\"1\u00a0Minute\" \/>\n<script type=\"application\/ld+json\" class=\"yoast-schema-graph\">{\"@context\":\"https:\/\/schema.org\",\"@graph\":[{\"@type\":\"WebPage\",\"@id\":\"https:\/\/bierger.remich.lu\/services-au-citoyen\/administration\/\",\"url\":\"https:\/\/bierger.remich.lu\/services-au-citoyen\/administration\/\",\"name\":\"Verwaltung - Ville de Remich\",\"isPartOf\":{\"@id\":\"https:\/\/bierger.remich.lu\/de\/#website\"},\"primaryImageOfPage\":{\"@id\":\"https:\/\/bierger.remich.lu\/services-au-citoyen\/administration\/#primaryimage\"},\"image\":{\"@id\":\"https:\/\/bierger.remich.lu\/services-au-citoyen\/administration\/#primaryimage\"},\"thumbnailUrl\":\"https:\/\/bierger.remich.lu\/wp-content\/uploads\/sites\/3\/2016\/08\/Hotel-de-ville.jpg\",\"datePublished\":\"2016-08-17T14:48:45+00:00\",\"dateModified\":\"2025-12-16T13:25:30+00:00\",\"breadcrumb\":{\"@id\":\"https:\/\/bierger.remich.lu\/services-au-citoyen\/administration\/#breadcrumb\"},\"inLanguage\":\"de\",\"potentialAction\":[{\"@type\":\"ReadAction\",\"target\":[\"https:\/\/bierger.remich.lu\/services-au-citoyen\/administration\/\"]}]},{\"@type\":\"ImageObject\",\"inLanguage\":\"de\",\"@id\":\"https:\/\/bierger.remich.lu\/services-au-citoyen\/administration\/#primaryimage\",\"url\":\"https:\/\/bierger.remich.lu\/wp-content\/uploads\/sites\/3\/2016\/08\/Hotel-de-ville.jpg\",\"contentUrl\":\"https:\/\/bierger.remich.lu\/wp-content\/uploads\/sites\/3\/2016\/08\/Hotel-de-ville.jpg\",\"width\":2576,\"height\":1932},{\"@type\":\"BreadcrumbList\",\"@id\":\"https:\/\/bierger.remich.lu\/services-au-citoyen\/administration\/#breadcrumb\",\"itemListElement\":[{\"@type\":\"ListItem\",\"position\":1,\"name\":\"Startseite\",\"item\":\"https:\/\/bierger.remich.lu\/de\/\"},{\"@type\":\"ListItem\",\"position\":2,\"name\":\"B\u00fcrgerdienste\",\"item\":\"https:\/\/bierger.remich.lu\/de\/services-au-citoyen\/\"},{\"@type\":\"ListItem\",\"position\":3,\"name\":\"Verwaltung\"}]},{\"@type\":\"WebSite\",\"@id\":\"https:\/\/bierger.remich.lu\/de\/#website\",\"url\":\"https:\/\/bierger.remich.lu\/de\/\",\"name\":\"Ville de Remich\",\"description\":\"\",\"potentialAction\":[{\"@type\":\"SearchAction\",\"target\":{\"@type\":\"EntryPoint\",\"urlTemplate\":\"https:\/\/bierger.remich.lu\/de\/?s={search_term_string}\"},\"query-input\":{\"@type\":\"PropertyValueSpecification\",\"valueRequired\":true,\"valueName\":\"search_term_string\"}}],\"inLanguage\":\"de\"}]}<\/script>\n<!-- \/ Yoast SEO plugin. -->","yoast_head_json":{"title":"Verwaltung - Ville de Remich","robots":{"index":"index","follow":"follow","max-snippet":"max-snippet:-1","max-image-preview":"max-image-preview:large","max-video-preview":"max-video-preview:-1"},"canonical":"https:\/\/bierger.remich.lu\/services-au-citoyen\/administration\/","og_locale":"de_DE","og_type":"article","og_title":"Verwaltung - Ville de Remich","og_description":"Die Abteilungen: Agent municipal Allgemeines Sekretariat Betriebshof Einnehmerb\u00fcro Einwohnermeldeamt &amp; Standesamt Empfang-Rezeption F\u00f6rster Gemeindesekretariat Schuldienst Technischer Dienst Die \u00d6ffnungszeiten: Empfang und Einwohnermeldeamt Montag \u2013 Donnerstag: 08:00-12:00 et 13:00-16:00 Freitag: 07:00-13:00 Jeden ersten Mittwoch im Monat : 07:00-12:00 et 13:00-18:00 &nbsp; Kommunale Kasse, Marketing- und Tourismusabteilung, Personalb\u00fcro und technischer Dienst Montag \u2013 Donnerstag: 08:00-12:00 (bevorzugt mit... Mehr lesen \u00bb","og_url":"https:\/\/bierger.remich.lu\/services-au-citoyen\/administration\/","og_site_name":"Ville de Remich","article_modified_time":"2025-12-16T13:25:30+00:00","og_image":[{"width":2576,"height":1932,"url":"https:\/\/bierger.remich.lu\/wp-content\/uploads\/sites\/3\/2016\/08\/Hotel-de-ville.jpg","type":"image\/jpeg"}],"twitter_card":"summary_large_image","twitter_misc":{"Gesch\u00e4tzte Lesezeit":"1\u00a0Minute"},"schema":{"@context":"https:\/\/schema.org","@graph":[{"@type":"WebPage","@id":"https:\/\/bierger.remich.lu\/services-au-citoyen\/administration\/","url":"https:\/\/bierger.remich.lu\/services-au-citoyen\/administration\/","name":"Verwaltung - Ville de Remich","isPartOf":{"@id":"https:\/\/bierger.remich.lu\/de\/#website"},"primaryImageOfPage":{"@id":"https:\/\/bierger.remich.lu\/services-au-citoyen\/administration\/#primaryimage"},"image":{"@id":"https:\/\/bierger.remich.lu\/services-au-citoyen\/administration\/#primaryimage"},"thumbnailUrl":"https:\/\/bierger.remich.lu\/wp-content\/uploads\/sites\/3\/2016\/08\/Hotel-de-ville.jpg","datePublished":"2016-08-17T14:48:45+00:00","dateModified":"2025-12-16T13:25:30+00:00","breadcrumb":{"@id":"https:\/\/bierger.remich.lu\/services-au-citoyen\/administration\/#breadcrumb"},"inLanguage":"de","potentialAction":[{"@type":"ReadAction","target":["https:\/\/bierger.remich.lu\/services-au-citoyen\/administration\/"]}]},{"@type":"ImageObject","inLanguage":"de","@id":"https:\/\/bierger.remich.lu\/services-au-citoyen\/administration\/#primaryimage","url":"https:\/\/bierger.remich.lu\/wp-content\/uploads\/sites\/3\/2016\/08\/Hotel-de-ville.jpg","contentUrl":"https:\/\/bierger.remich.lu\/wp-content\/uploads\/sites\/3\/2016\/08\/Hotel-de-ville.jpg","width":2576,"height":1932},{"@type":"BreadcrumbList","@id":"https:\/\/bierger.remich.lu\/services-au-citoyen\/administration\/#breadcrumb","itemListElement":[{"@type":"ListItem","position":1,"name":"Startseite","item":"https:\/\/bierger.remich.lu\/de\/"},{"@type":"ListItem","position":2,"name":"B\u00fcrgerdienste","item":"https:\/\/bierger.remich.lu\/de\/services-au-citoyen\/"},{"@type":"ListItem","position":3,"name":"Verwaltung"}]},{"@type":"WebSite","@id":"https:\/\/bierger.remich.lu\/de\/#website","url":"https:\/\/bierger.remich.lu\/de\/","name":"Ville de Remich","description":"","potentialAction":[{"@type":"SearchAction","target":{"@type":"EntryPoint","urlTemplate":"https:\/\/bierger.remich.lu\/de\/?s={search_term_string}"},"query-input":{"@type":"PropertyValueSpecification","valueRequired":true,"valueName":"search_term_string"}}],"inLanguage":"de"}]}},"_links":{"self":[{"href":"https:\/\/bierger.remich.lu\/de\/wp-json\/wp\/v2\/pages\/54","targetHints":{"allow":["GET"]}}],"collection":[{"href":"https:\/\/bierger.remich.lu\/de\/wp-json\/wp\/v2\/pages"}],"about":[{"href":"https:\/\/bierger.remich.lu\/de\/wp-json\/wp\/v2\/types\/page"}],"author":[{"embeddable":true,"href":"https:\/\/bierger.remich.lu\/de\/wp-json\/wp\/v2\/users\/1"}],"replies":[{"embeddable":true,"href":"https:\/\/bierger.remich.lu\/de\/wp-json\/wp\/v2\/comments?post=54"}],"version-history":[{"count":19,"href":"https:\/\/bierger.remich.lu\/de\/wp-json\/wp\/v2\/pages\/54\/revisions"}],"predecessor-version":[{"id":18933,"href":"https:\/\/bierger.remich.lu\/de\/wp-json\/wp\/v2\/pages\/54\/revisions\/18933"}],"up":[{"embeddable":true,"href":"https:\/\/bierger.remich.lu\/de\/wp-json\/wp\/v2\/pages\/15"}],"wp:featuredmedia":[{"embeddable":true,"href":"https:\/\/bierger.remich.lu\/de\/wp-json\/wp\/v2\/media\/2065"}],"wp:attachment":[{"href":"https:\/\/bierger.remich.lu\/de\/wp-json\/wp\/v2\/media?parent=54"}],"curies":[{"name":"wp","href":"https:\/\/api.w.org\/{rel}","templated":true}]}}