{"id":580,"date":"2016-10-11T08:29:43","date_gmt":"2016-10-11T07:29:43","guid":{"rendered":"http:\/\/reimech.lu\/?page_id=580"},"modified":"2026-02-02T10:57:12","modified_gmt":"2026-02-02T09:57:12","slug":"francais-accueil-reception","status":"publish","type":"page","link":"https:\/\/bierger.remich.lu\/de\/services-au-citoyen\/administration\/francais-accueil-reception\/","title":{"rendered":"Empfang-Rezeption"},"content":{"rendered":"<ul>\n<li>Empfang<\/li>\n<li>Telefondienst<\/li>\n<li>allgemeine Informationen<\/li>\n<li>Verschiedene Antragsformulare<\/li>\n<li>Zusch\u00fcsse f\u00fcr Sch\u00fcler<\/li>\n<li>Musikschule<\/li>\n<li>Zugangskarten Recyclingcenter Hein<\/li>\n<li>Nightrider<\/li>\n<li>Verwaltung der mietbaren Stellpl\u00e4tze auf dem Parking &#8222;Gr\u00e9in&#8220; und &#8222;Jongeb\u00ebsch&#8220;<\/li>\n<\/ul>","protected":false},"excerpt":{"rendered":"<p>Empfang Telefondienst allgemeine Informationen Verschiedene Antragsformulare Zusch\u00fcsse f\u00fcr Sch\u00fcler Musikschule Zugangskarten Recyclingcenter Hein Nightrider Verwaltung der mietbaren Stellpl\u00e4tze auf dem Parking &#8222;Gr\u00e9in&#8220; und &#8222;Jongeb\u00ebsch&#8220;<\/p>\n","protected":false},"author":4,"featured_media":2066,"parent":54,"menu_order":74,"comment_status":"closed","ping_status":"closed","template":"","meta":{"_acf_changed":false,"xn-wppe-expiration":[],"xn-wppe-expiration-action":[],"xn-wppe-expiration-prefix":[],"footnotes":"","_links_to":"","_links_to_target":""},"class_list":["post-580","page","type-page","status-publish","has-post-thumbnail","hentry","keyword-formulare","keyword-hein","keyword-recyclage","keyword-zuschuss"],"acf":[],"yoast_head":"<!-- This site is optimized with the Yoast SEO plugin v26.7 - https:\/\/yoast.com\/wordpress\/plugins\/seo\/ -->\n<title>Empfang-Rezeption - Ville de Remich<\/title>\n<meta name=\"robots\" content=\"index, follow, max-snippet:-1, max-image-preview:large, max-video-preview:-1\" \/>\n<link rel=\"canonical\" href=\"https:\/\/bierger.remich.lu\/services-au-citoyen\/administration\/francais-accueil-reception\/\" \/>\n<meta property=\"og:locale\" content=\"de_DE\" \/>\n<meta property=\"og:type\" content=\"article\" \/>\n<meta property=\"og:title\" content=\"Empfang-Rezeption - Ville de Remich\" \/>\n<meta property=\"og:description\" content=\"Empfang Telefondienst allgemeine Informationen Verschiedene Antragsformulare Zusch\u00fcsse f\u00fcr Sch\u00fcler Musikschule Zugangskarten Recyclingcenter Hein Nightrider Verwaltung der mietbaren Stellpl\u00e4tze auf dem Parking &#8222;Gr\u00e9in&#8220; und &#8222;Jongeb\u00ebsch&#8220;\" \/>\n<meta property=\"og:url\" content=\"https:\/\/bierger.remich.lu\/services-au-citoyen\/administration\/francais-accueil-reception\/\" \/>\n<meta property=\"og:site_name\" content=\"Ville de Remich\" \/>\n<meta property=\"article:modified_time\" content=\"2026-02-02T09:57:12+00:00\" \/>\n<meta property=\"og:image\" content=\"https:\/\/bierger.remich.lu\/wp-content\/uploads\/sites\/3\/2016\/10\/kirill-zakharov-119133-e1505306822311.jpg\" \/>\n\t<meta property=\"og:image:width\" content=\"1940\" \/>\n\t<meta property=\"og:image:height\" content=\"3111\" \/>\n\t<meta property=\"og:image:type\" content=\"image\/jpeg\" \/>\n<meta name=\"twitter:card\" content=\"summary_large_image\" \/>\n<meta name=\"twitter:label1\" content=\"Gesch\u00e4tzte Lesezeit\" \/>\n\t<meta name=\"twitter:data1\" content=\"1\u00a0Minute\" \/>\n<script type=\"application\/ld+json\" class=\"yoast-schema-graph\">{\"@context\":\"https:\/\/schema.org\",\"@graph\":[{\"@type\":\"WebPage\",\"@id\":\"https:\/\/bierger.remich.lu\/services-au-citoyen\/administration\/francais-accueil-reception\/\",\"url\":\"https:\/\/bierger.remich.lu\/services-au-citoyen\/administration\/francais-accueil-reception\/\",\"name\":\"Empfang-Rezeption - Ville de Remich\",\"isPartOf\":{\"@id\":\"https:\/\/bierger.remich.lu\/de\/#website\"},\"primaryImageOfPage\":{\"@id\":\"https:\/\/bierger.remich.lu\/services-au-citoyen\/administration\/francais-accueil-reception\/#primaryimage\"},\"image\":{\"@id\":\"https:\/\/bierger.remich.lu\/services-au-citoyen\/administration\/francais-accueil-reception\/#primaryimage\"},\"thumbnailUrl\":\"https:\/\/bierger.remich.lu\/wp-content\/uploads\/sites\/3\/2016\/10\/kirill-zakharov-119133-e1505306822311.jpg\",\"datePublished\":\"2016-10-11T07:29:43+00:00\",\"dateModified\":\"2026-02-02T09:57:12+00:00\",\"breadcrumb\":{\"@id\":\"https:\/\/bierger.remich.lu\/services-au-citoyen\/administration\/francais-accueil-reception\/#breadcrumb\"},\"inLanguage\":\"de\",\"potentialAction\":[{\"@type\":\"ReadAction\",\"target\":[\"https:\/\/bierger.remich.lu\/services-au-citoyen\/administration\/francais-accueil-reception\/\"]}]},{\"@type\":\"ImageObject\",\"inLanguage\":\"de\",\"@id\":\"https:\/\/bierger.remich.lu\/services-au-citoyen\/administration\/francais-accueil-reception\/#primaryimage\",\"url\":\"https:\/\/bierger.remich.lu\/wp-content\/uploads\/sites\/3\/2016\/10\/kirill-zakharov-119133-e1505306822311.jpg\",\"contentUrl\":\"https:\/\/bierger.remich.lu\/wp-content\/uploads\/sites\/3\/2016\/10\/kirill-zakharov-119133-e1505306822311.jpg\",\"width\":1940,\"height\":3111},{\"@type\":\"BreadcrumbList\",\"@id\":\"https:\/\/bierger.remich.lu\/services-au-citoyen\/administration\/francais-accueil-reception\/#breadcrumb\",\"itemListElement\":[{\"@type\":\"ListItem\",\"position\":1,\"name\":\"Startseite\",\"item\":\"https:\/\/bierger.remich.lu\/de\/\"},{\"@type\":\"ListItem\",\"position\":2,\"name\":\"B\u00fcrgerdienste\",\"item\":\"https:\/\/bierger.remich.lu\/de\/services-au-citoyen\/\"},{\"@type\":\"ListItem\",\"position\":3,\"name\":\"Verwaltung\",\"item\":\"https:\/\/bierger.remich.lu\/services-au-citoyen\/administration\/\"},{\"@type\":\"ListItem\",\"position\":4,\"name\":\"Empfang-Rezeption\"}]},{\"@type\":\"WebSite\",\"@id\":\"https:\/\/bierger.remich.lu\/de\/#website\",\"url\":\"https:\/\/bierger.remich.lu\/de\/\",\"name\":\"Ville de Remich\",\"description\":\"\",\"potentialAction\":[{\"@type\":\"SearchAction\",\"target\":{\"@type\":\"EntryPoint\",\"urlTemplate\":\"https:\/\/bierger.remich.lu\/de\/?s={search_term_string}\"},\"query-input\":{\"@type\":\"PropertyValueSpecification\",\"valueRequired\":true,\"valueName\":\"search_term_string\"}}],\"inLanguage\":\"de\"}]}<\/script>\n<!-- \/ Yoast SEO plugin. -->","yoast_head_json":{"title":"Empfang-Rezeption - Ville de Remich","robots":{"index":"index","follow":"follow","max-snippet":"max-snippet:-1","max-image-preview":"max-image-preview:large","max-video-preview":"max-video-preview:-1"},"canonical":"https:\/\/bierger.remich.lu\/services-au-citoyen\/administration\/francais-accueil-reception\/","og_locale":"de_DE","og_type":"article","og_title":"Empfang-Rezeption - Ville de Remich","og_description":"Empfang Telefondienst allgemeine Informationen Verschiedene Antragsformulare Zusch\u00fcsse f\u00fcr Sch\u00fcler Musikschule Zugangskarten Recyclingcenter Hein Nightrider Verwaltung der mietbaren Stellpl\u00e4tze auf dem Parking &#8222;Gr\u00e9in&#8220; und &#8222;Jongeb\u00ebsch&#8220;","og_url":"https:\/\/bierger.remich.lu\/services-au-citoyen\/administration\/francais-accueil-reception\/","og_site_name":"Ville de Remich","article_modified_time":"2026-02-02T09:57:12+00:00","og_image":[{"width":1940,"height":3111,"url":"https:\/\/bierger.remich.lu\/wp-content\/uploads\/sites\/3\/2016\/10\/kirill-zakharov-119133-e1505306822311.jpg","type":"image\/jpeg"}],"twitter_card":"summary_large_image","twitter_misc":{"Gesch\u00e4tzte Lesezeit":"1\u00a0Minute"},"schema":{"@context":"https:\/\/schema.org","@graph":[{"@type":"WebPage","@id":"https:\/\/bierger.remich.lu\/services-au-citoyen\/administration\/francais-accueil-reception\/","url":"https:\/\/bierger.remich.lu\/services-au-citoyen\/administration\/francais-accueil-reception\/","name":"Empfang-Rezeption - Ville de Remich","isPartOf":{"@id":"https:\/\/bierger.remich.lu\/de\/#website"},"primaryImageOfPage":{"@id":"https:\/\/bierger.remich.lu\/services-au-citoyen\/administration\/francais-accueil-reception\/#primaryimage"},"image":{"@id":"https:\/\/bierger.remich.lu\/services-au-citoyen\/administration\/francais-accueil-reception\/#primaryimage"},"thumbnailUrl":"https:\/\/bierger.remich.lu\/wp-content\/uploads\/sites\/3\/2016\/10\/kirill-zakharov-119133-e1505306822311.jpg","datePublished":"2016-10-11T07:29:43+00:00","dateModified":"2026-02-02T09:57:12+00:00","breadcrumb":{"@id":"https:\/\/bierger.remich.lu\/services-au-citoyen\/administration\/francais-accueil-reception\/#breadcrumb"},"inLanguage":"de","potentialAction":[{"@type":"ReadAction","target":["https:\/\/bierger.remich.lu\/services-au-citoyen\/administration\/francais-accueil-reception\/"]}]},{"@type":"ImageObject","inLanguage":"de","@id":"https:\/\/bierger.remich.lu\/services-au-citoyen\/administration\/francais-accueil-reception\/#primaryimage","url":"https:\/\/bierger.remich.lu\/wp-content\/uploads\/sites\/3\/2016\/10\/kirill-zakharov-119133-e1505306822311.jpg","contentUrl":"https:\/\/bierger.remich.lu\/wp-content\/uploads\/sites\/3\/2016\/10\/kirill-zakharov-119133-e1505306822311.jpg","width":1940,"height":3111},{"@type":"BreadcrumbList","@id":"https:\/\/bierger.remich.lu\/services-au-citoyen\/administration\/francais-accueil-reception\/#breadcrumb","itemListElement":[{"@type":"ListItem","position":1,"name":"Startseite","item":"https:\/\/bierger.remich.lu\/de\/"},{"@type":"ListItem","position":2,"name":"B\u00fcrgerdienste","item":"https:\/\/bierger.remich.lu\/de\/services-au-citoyen\/"},{"@type":"ListItem","position":3,"name":"Verwaltung","item":"https:\/\/bierger.remich.lu\/services-au-citoyen\/administration\/"},{"@type":"ListItem","position":4,"name":"Empfang-Rezeption"}]},{"@type":"WebSite","@id":"https:\/\/bierger.remich.lu\/de\/#website","url":"https:\/\/bierger.remich.lu\/de\/","name":"Ville de Remich","description":"","potentialAction":[{"@type":"SearchAction","target":{"@type":"EntryPoint","urlTemplate":"https:\/\/bierger.remich.lu\/de\/?s={search_term_string}"},"query-input":{"@type":"PropertyValueSpecification","valueRequired":true,"valueName":"search_term_string"}}],"inLanguage":"de"}]}},"_links":{"self":[{"href":"https:\/\/bierger.remich.lu\/de\/wp-json\/wp\/v2\/pages\/580","targetHints":{"allow":["GET"]}}],"collection":[{"href":"https:\/\/bierger.remich.lu\/de\/wp-json\/wp\/v2\/pages"}],"about":[{"href":"https:\/\/bierger.remich.lu\/de\/wp-json\/wp\/v2\/types\/page"}],"author":[{"embeddable":true,"href":"https:\/\/bierger.remich.lu\/de\/wp-json\/wp\/v2\/users\/4"}],"replies":[{"embeddable":true,"href":"https:\/\/bierger.remich.lu\/de\/wp-json\/wp\/v2\/comments?post=580"}],"version-history":[{"count":12,"href":"https:\/\/bierger.remich.lu\/de\/wp-json\/wp\/v2\/pages\/580\/revisions"}],"predecessor-version":[{"id":18247,"href":"https:\/\/bierger.remich.lu\/de\/wp-json\/wp\/v2\/pages\/580\/revisions\/18247"}],"up":[{"embeddable":true,"href":"https:\/\/bierger.remich.lu\/de\/wp-json\/wp\/v2\/pages\/54"}],"wp:featuredmedia":[{"embeddable":true,"href":"https:\/\/bierger.remich.lu\/de\/wp-json\/wp\/v2\/media\/2066"}],"wp:attachment":[{"href":"https:\/\/bierger.remich.lu\/de\/wp-json\/wp\/v2\/media?parent=580"}],"curies":[{"name":"wp","href":"https:\/\/api.w.org\/{rel}","templated":true}]}}