{"id":593,"date":"2016-10-25T14:59:09","date_gmt":"2016-10-25T13:59:09","guid":{"rendered":"http:\/\/reimech.lu\/?page_id=593"},"modified":"2018-02-22T12:16:57","modified_gmt":"2018-02-22T11:16:57","slug":"francais-office-social","status":"publish","type":"page","link":"https:\/\/bierger.remich.lu\/de\/services-au-citoyen\/soziales-und-3-alter\/francais-office-social\/","title":{"rendered":"Sozialamt"},"content":{"rendered":"Ab dem Inkrafttreten des neuen Gesetz vom 18. Dezember 2009 betreffend die Sozialhilfe am 1. Januar 2011 wurden die alten Sozial\u00e4mter der Gemeinden Bous, Burmerange, Lenningen, Remich, Schengen, Stadtbredimus, Waldbredimus undd Wellenstein\u00a0aufgel\u00f6st und in einem gemeinsamen Sozialamt (OSCR), welches seinen Sitz in Remich hat, zusammengeschlossen.<\/p>\n<p>T\u00e4tigkeitsbereiche:<\/p>\n<ul>\n<li>Probleme im Berufsleben<\/li>\n<li>Probleme mit der Unterbringung<\/li>\n<li>finanzielle Sorgen<\/li>\n<li>famili\u00e4re Probleme<\/li>\n<li>pers\u00f6nliche Schwierigkeiten<\/li>\n<li>Hilfestellung bei der Anfrage einer Teurunszulage<\/li>\n<li>Lebensmittelhilfe<\/li>\n<li>sonstige soziale Unterst\u00fctzung<\/li>\n<li>Hilfe\u00a0bei Verwaltungsg\u00e4ngen<\/li>\n<\/ul>\n<p>Das Sozialamt bietet seine Hilfe und Begleitung je nach Bedarf f\u00fcr kurze, mittlere oder l\u00e4ngere Zeitr\u00e4ume an, dies in Zusammenarbeit mit anderen\u00a0sozialen Einrichtungen an.","protected":false},"excerpt":{"rendered":"<p>Ab dem Inkrafttreten des neuen Gesetz vom 18. Dezember 2009 betreffend die Sozialhilfe am 1. Januar 2011 wurden die alten Sozial\u00e4mter der Gemeinden Bous, Burmerange, Lenningen, Remich, Schengen, Stadtbredimus, Waldbredimus undd Wellenstein\u00a0aufgel\u00f6st und in einem gemeinsamen Sozialamt (OSCR), welches seinen Sitz in Remich hat, zusammengeschlossen. T\u00e4tigkeitsbereiche: Probleme im Berufsleben Probleme mit der Unterbringung finanzielle Sorgen&#8230;  <a class=\"excerpt-read-more\" href=\"https:\/\/bierger.remich.lu\/de\/services-au-citoyen\/soziales-und-3-alter\/francais-office-social\/\" title=\"ReadSozialamt\">Mehr lesen \u00bb<\/a><\/p>\n","protected":false},"author":1,"featured_media":0,"parent":2917,"menu_order":86,"comment_status":"closed","ping_status":"closed","template":"","meta":{"_acf_changed":false,"xn-wppe-expiration":[],"xn-wppe-expiration-action":[],"xn-wppe-expiration-prefix":[],"footnotes":"","_links_to":"","_links_to_target":""},"class_list":["post-593","page","type-page","status-publish","hentry"],"acf":[],"yoast_head":"<!-- This site is optimized with the Yoast SEO plugin v26.7 - https:\/\/yoast.com\/wordpress\/plugins\/seo\/ -->\n<title>Sozialamt - Ville de Remich<\/title>\n<meta name=\"robots\" content=\"index, follow, max-snippet:-1, max-image-preview:large, max-video-preview:-1\" \/>\n<link rel=\"canonical\" href=\"https:\/\/bierger.remich.lu\/fr\/services-au-citoyen\/soziales-und-3-alter\/francais-office-social\/\" \/>\n<meta property=\"og:locale\" content=\"de_DE\" \/>\n<meta property=\"og:type\" content=\"article\" \/>\n<meta property=\"og:title\" content=\"Sozialamt - Ville de Remich\" \/>\n<meta property=\"og:description\" content=\"Ab dem Inkrafttreten des neuen Gesetz vom 18. Dezember 2009 betreffend die Sozialhilfe am 1. Januar 2011 wurden die alten Sozial\u00e4mter der Gemeinden Bous, Burmerange, Lenningen, Remich, Schengen, Stadtbredimus, Waldbredimus undd Wellenstein\u00a0aufgel\u00f6st und in einem gemeinsamen Sozialamt (OSCR), welches seinen Sitz in Remich hat, zusammengeschlossen. T\u00e4tigkeitsbereiche: Probleme im Berufsleben Probleme mit der Unterbringung finanzielle Sorgen... Mehr lesen \u00bb\" \/>\n<meta property=\"og:url\" content=\"https:\/\/bierger.remich.lu\/fr\/services-au-citoyen\/soziales-und-3-alter\/francais-office-social\/\" \/>\n<meta property=\"og:site_name\" content=\"Ville de Remich\" \/>\n<meta property=\"article:modified_time\" content=\"2018-02-22T11:16:57+00:00\" \/>\n<meta name=\"twitter:card\" content=\"summary_large_image\" \/>\n<meta name=\"twitter:label1\" content=\"Gesch\u00e4tzte Lesezeit\" \/>\n\t<meta name=\"twitter:data1\" content=\"1\u00a0Minute\" \/>\n<script type=\"application\/ld+json\" class=\"yoast-schema-graph\">{\"@context\":\"https:\/\/schema.org\",\"@graph\":[{\"@type\":\"WebPage\",\"@id\":\"https:\/\/bierger.remich.lu\/fr\/services-au-citoyen\/soziales-und-3-alter\/francais-office-social\/\",\"url\":\"https:\/\/bierger.remich.lu\/fr\/services-au-citoyen\/soziales-und-3-alter\/francais-office-social\/\",\"name\":\"Sozialamt - Ville de Remich\",\"isPartOf\":{\"@id\":\"https:\/\/bierger.remich.lu\/de\/#website\"},\"datePublished\":\"2016-10-25T13:59:09+00:00\",\"dateModified\":\"2018-02-22T11:16:57+00:00\",\"breadcrumb\":{\"@id\":\"https:\/\/bierger.remich.lu\/fr\/services-au-citoyen\/soziales-und-3-alter\/francais-office-social\/#breadcrumb\"},\"inLanguage\":\"de\",\"potentialAction\":[{\"@type\":\"ReadAction\",\"target\":[\"https:\/\/bierger.remich.lu\/fr\/services-au-citoyen\/soziales-und-3-alter\/francais-office-social\/\"]}]},{\"@type\":\"BreadcrumbList\",\"@id\":\"https:\/\/bierger.remich.lu\/fr\/services-au-citoyen\/soziales-und-3-alter\/francais-office-social\/#breadcrumb\",\"itemListElement\":[{\"@type\":\"ListItem\",\"position\":1,\"name\":\"Startseite\",\"item\":\"https:\/\/bierger.remich.lu\/de\/\"},{\"@type\":\"ListItem\",\"position\":2,\"name\":\"B\u00fcrgerdienste\",\"item\":\"https:\/\/bierger.remich.lu\/de\/services-au-citoyen\/\"},{\"@type\":\"ListItem\",\"position\":3,\"name\":\"Soziales und 3. Alter\",\"item\":\"https:\/\/bierger.remich.lu\/de\/services-au-citoyen\/soziales-und-3-alter\/\"},{\"@type\":\"ListItem\",\"position\":4,\"name\":\"Office social\"}]},{\"@type\":\"WebSite\",\"@id\":\"https:\/\/bierger.remich.lu\/de\/#website\",\"url\":\"https:\/\/bierger.remich.lu\/de\/\",\"name\":\"Ville de Remich\",\"description\":\"\",\"potentialAction\":[{\"@type\":\"SearchAction\",\"target\":{\"@type\":\"EntryPoint\",\"urlTemplate\":\"https:\/\/bierger.remich.lu\/de\/?s={search_term_string}\"},\"query-input\":{\"@type\":\"PropertyValueSpecification\",\"valueRequired\":true,\"valueName\":\"search_term_string\"}}],\"inLanguage\":\"de\"}]}<\/script>\n<!-- \/ Yoast SEO plugin. -->","yoast_head_json":{"title":"Sozialamt - Ville de Remich","robots":{"index":"index","follow":"follow","max-snippet":"max-snippet:-1","max-image-preview":"max-image-preview:large","max-video-preview":"max-video-preview:-1"},"canonical":"https:\/\/bierger.remich.lu\/fr\/services-au-citoyen\/soziales-und-3-alter\/francais-office-social\/","og_locale":"de_DE","og_type":"article","og_title":"Sozialamt - Ville de Remich","og_description":"Ab dem Inkrafttreten des neuen Gesetz vom 18. Dezember 2009 betreffend die Sozialhilfe am 1. Januar 2011 wurden die alten Sozial\u00e4mter der Gemeinden Bous, Burmerange, Lenningen, Remich, Schengen, Stadtbredimus, Waldbredimus undd Wellenstein\u00a0aufgel\u00f6st und in einem gemeinsamen Sozialamt (OSCR), welches seinen Sitz in Remich hat, zusammengeschlossen. T\u00e4tigkeitsbereiche: Probleme im Berufsleben Probleme mit der Unterbringung finanzielle Sorgen... Mehr lesen \u00bb","og_url":"https:\/\/bierger.remich.lu\/fr\/services-au-citoyen\/soziales-und-3-alter\/francais-office-social\/","og_site_name":"Ville de Remich","article_modified_time":"2018-02-22T11:16:57+00:00","twitter_card":"summary_large_image","twitter_misc":{"Gesch\u00e4tzte Lesezeit":"1\u00a0Minute"},"schema":{"@context":"https:\/\/schema.org","@graph":[{"@type":"WebPage","@id":"https:\/\/bierger.remich.lu\/fr\/services-au-citoyen\/soziales-und-3-alter\/francais-office-social\/","url":"https:\/\/bierger.remich.lu\/fr\/services-au-citoyen\/soziales-und-3-alter\/francais-office-social\/","name":"Sozialamt - Ville de Remich","isPartOf":{"@id":"https:\/\/bierger.remich.lu\/de\/#website"},"datePublished":"2016-10-25T13:59:09+00:00","dateModified":"2018-02-22T11:16:57+00:00","breadcrumb":{"@id":"https:\/\/bierger.remich.lu\/fr\/services-au-citoyen\/soziales-und-3-alter\/francais-office-social\/#breadcrumb"},"inLanguage":"de","potentialAction":[{"@type":"ReadAction","target":["https:\/\/bierger.remich.lu\/fr\/services-au-citoyen\/soziales-und-3-alter\/francais-office-social\/"]}]},{"@type":"BreadcrumbList","@id":"https:\/\/bierger.remich.lu\/fr\/services-au-citoyen\/soziales-und-3-alter\/francais-office-social\/#breadcrumb","itemListElement":[{"@type":"ListItem","position":1,"name":"Startseite","item":"https:\/\/bierger.remich.lu\/de\/"},{"@type":"ListItem","position":2,"name":"B\u00fcrgerdienste","item":"https:\/\/bierger.remich.lu\/de\/services-au-citoyen\/"},{"@type":"ListItem","position":3,"name":"Soziales und 3. Alter","item":"https:\/\/bierger.remich.lu\/de\/services-au-citoyen\/soziales-und-3-alter\/"},{"@type":"ListItem","position":4,"name":"Office social"}]},{"@type":"WebSite","@id":"https:\/\/bierger.remich.lu\/de\/#website","url":"https:\/\/bierger.remich.lu\/de\/","name":"Ville de Remich","description":"","potentialAction":[{"@type":"SearchAction","target":{"@type":"EntryPoint","urlTemplate":"https:\/\/bierger.remich.lu\/de\/?s={search_term_string}"},"query-input":{"@type":"PropertyValueSpecification","valueRequired":true,"valueName":"search_term_string"}}],"inLanguage":"de"}]}},"_links":{"self":[{"href":"https:\/\/bierger.remich.lu\/de\/wp-json\/wp\/v2\/pages\/593","targetHints":{"allow":["GET"]}}],"collection":[{"href":"https:\/\/bierger.remich.lu\/de\/wp-json\/wp\/v2\/pages"}],"about":[{"href":"https:\/\/bierger.remich.lu\/de\/wp-json\/wp\/v2\/types\/page"}],"author":[{"embeddable":true,"href":"https:\/\/bierger.remich.lu\/de\/wp-json\/wp\/v2\/users\/1"}],"replies":[{"embeddable":true,"href":"https:\/\/bierger.remich.lu\/de\/wp-json\/wp\/v2\/comments?post=593"}],"version-history":[{"count":5,"href":"https:\/\/bierger.remich.lu\/de\/wp-json\/wp\/v2\/pages\/593\/revisions"}],"predecessor-version":[{"id":1701,"href":"https:\/\/bierger.remich.lu\/de\/wp-json\/wp\/v2\/pages\/593\/revisions\/1701"}],"up":[{"embeddable":true,"href":"https:\/\/bierger.remich.lu\/de\/wp-json\/wp\/v2\/pages\/2917"}],"wp:attachment":[{"href":"https:\/\/bierger.remich.lu\/de\/wp-json\/wp\/v2\/media?parent=593"}],"curies":[{"name":"wp","href":"https:\/\/api.w.org\/{rel}","templated":true}]}}