{"id":6987,"date":"2020-11-04T15:12:44","date_gmt":"2020-11-04T14:12:44","guid":{"rendered":"http:\/\/bierger.remich.lu\/?page_id=6987"},"modified":"2025-06-05T08:10:47","modified_gmt":"2025-06-05T06:10:47","slug":"abfallsammlungen","status":"publish","type":"page","link":"https:\/\/bierger.remich.lu\/de\/ville-de-remich\/umwelt\/francais-gestion-des-dechets\/abfallsammlungen\/","title":{"rendered":"Abfallsammlungen"},"content":{"rendered":"<h2>Haus-zu-Haus-Sammlungen:<\/h2>\n<ul>\n<li>Plastik (Valorlux)<\/li>\n<li>Papier<\/li>\n<li>Glas<\/li>\n<li>Hausm\u00fcll<\/li>\n<li>Biom\u00fcll<\/li>\n<li>Gartenabf\u00e4lle (von April bis Anfang November)<\/li>\n<\/ul>\n<p>Abfallbeh\u00e4lter und Schl\u00f6sser f\u00fcr Beh\u00e4lter und Container k\u00f6nnen beim B\u00fcrgerb\u00fcro der Stadt Remich mit dem entsprechenden Formular bestellt werden.<\/p>\n<p>Ein Beh\u00e4lter- und Containerreinigungsdienst kann bei der Firma Lamesch angefordert werden, die auch f\u00fcr die Entleerung der Beh\u00e4lter zust\u00e4ndig ist.<\/p>\n<p>Weitere Informationen finden Sie in unserem Abfallleitfaden.<\/p>\n<h2>App &#8222;M\u00e4i Offall &#8211; Meng Ressourcen&#8220;<\/h2>\n<p>Dank des virtuellen Terminkalenders f\u00fcr die Abholung, der Erinnerungen an die Abholung und der interaktiven Karte sind alle Informationen griffbereit.<\/p>\n<p>Die App ist in vier Sprachen verf\u00fcgbar (Luxemburgisch, Franz\u00f6sisch, Deutsch und Englisch). Sie kann kostenlos im AppStore und bei GooglePlay heruntergeladen werden.<\/p>\n<p><img loading=\"lazy\" decoding=\"async\" class=\"alignnone wp-image-17449 size-large\" src=\"https:\/\/bierger.remich.lu\/wp-content\/uploads\/sites\/3\/2025\/06\/Poster-A6-LU-72dpi-727x1024.jpg\" alt=\"\" width=\"727\" height=\"1024\" srcset=\"https:\/\/bierger.remich.lu\/wp-content\/uploads\/sites\/3\/2025\/06\/Poster-A6-LU-72dpi-727x1024.jpg 727w, https:\/\/bierger.remich.lu\/wp-content\/uploads\/sites\/3\/2025\/06\/Poster-A6-LU-72dpi-213x300.jpg 213w, https:\/\/bierger.remich.lu\/wp-content\/uploads\/sites\/3\/2025\/06\/Poster-A6-LU-72dpi.jpg 827w\" sizes=\"auto, (max-width: 727px) 100vw, 727px\" \/>","protected":false},"excerpt":{"rendered":"<p>Haus-zu-Haus-Sammlungen: Plastik (Valorlux) Papier Glas Hausm\u00fcll Biom\u00fcll Gartenabf\u00e4lle (von April bis Anfang November) Abfallbeh\u00e4lter und Schl\u00f6sser f\u00fcr Beh\u00e4lter und Container k\u00f6nnen beim B\u00fcrgerb\u00fcro der Stadt Remich mit dem entsprechenden Formular bestellt werden. Ein Beh\u00e4lter- und Containerreinigungsdienst kann bei der Firma Lamesch angefordert werden, die auch f\u00fcr die Entleerung der Beh\u00e4lter zust\u00e4ndig ist. Weitere Informationen finden&#8230;  <a class=\"excerpt-read-more\" href=\"https:\/\/bierger.remich.lu\/de\/ville-de-remich\/umwelt\/francais-gestion-des-dechets\/abfallsammlungen\/\" title=\"ReadAbfallsammlungen\">Mehr lesen \u00bb<\/a><\/p>\n","protected":false},"author":4,"featured_media":0,"parent":1262,"menu_order":24,"comment_status":"closed","ping_status":"closed","template":"","meta":{"_acf_changed":false,"xn-wppe-expiration":[],"xn-wppe-expiration-action":[],"xn-wppe-expiration-prefix":[],"footnotes":"","_links_to":"","_links_to_target":""},"class_list":["post-6987","page","type-page","status-publish","hentry","keyword-abfall","keyword-mulleimer","keyword-recyclage","keyword-valorlux"],"acf":[],"yoast_head":"<!-- This site is optimized with the Yoast SEO plugin v26.7 - https:\/\/yoast.com\/wordpress\/plugins\/seo\/ -->\n<title>Abfallsammlungen - Ville de Remich<\/title>\n<meta name=\"robots\" content=\"index, follow, max-snippet:-1, max-image-preview:large, max-video-preview:-1\" \/>\n<link rel=\"canonical\" href=\"https:\/\/bierger.remich.lu\/ville-de-remich\/umwelt\/francais-gestion-des-dechets\/abfallsammlungen\/\" \/>\n<meta property=\"og:locale\" content=\"de_DE\" \/>\n<meta property=\"og:type\" content=\"article\" \/>\n<meta property=\"og:title\" content=\"Abfallsammlungen - Ville de Remich\" \/>\n<meta property=\"og:description\" content=\"Haus-zu-Haus-Sammlungen: Plastik (Valorlux) Papier Glas Hausm\u00fcll Biom\u00fcll Gartenabf\u00e4lle (von April bis Anfang November) Abfallbeh\u00e4lter und Schl\u00f6sser f\u00fcr Beh\u00e4lter und Container k\u00f6nnen beim B\u00fcrgerb\u00fcro der Stadt Remich mit dem entsprechenden Formular bestellt werden. Ein Beh\u00e4lter- und Containerreinigungsdienst kann bei der Firma Lamesch angefordert werden, die auch f\u00fcr die Entleerung der Beh\u00e4lter zust\u00e4ndig ist. Weitere Informationen finden... Mehr lesen \u00bb\" \/>\n<meta property=\"og:url\" content=\"https:\/\/bierger.remich.lu\/ville-de-remich\/umwelt\/francais-gestion-des-dechets\/abfallsammlungen\/\" \/>\n<meta property=\"og:site_name\" content=\"Ville de Remich\" \/>\n<meta property=\"article:modified_time\" content=\"2025-06-05T06:10:47+00:00\" \/>\n<meta property=\"og:image\" content=\"https:\/\/bierger.remich.lu\/wp-content\/uploads\/sites\/3\/2025\/06\/Poster-A6-LU-72dpi.jpg\" \/>\n<meta name=\"twitter:card\" content=\"summary_large_image\" \/>\n<meta name=\"twitter:label1\" content=\"Gesch\u00e4tzte Lesezeit\" \/>\n\t<meta name=\"twitter:data1\" content=\"2\u00a0Minuten\" \/>\n<script type=\"application\/ld+json\" class=\"yoast-schema-graph\">{\"@context\":\"https:\/\/schema.org\",\"@graph\":[{\"@type\":\"WebPage\",\"@id\":\"https:\/\/bierger.remich.lu\/ville-de-remich\/umwelt\/francais-gestion-des-dechets\/abfallsammlungen\/\",\"url\":\"https:\/\/bierger.remich.lu\/ville-de-remich\/umwelt\/francais-gestion-des-dechets\/abfallsammlungen\/\",\"name\":\"Abfallsammlungen - Ville de Remich\",\"isPartOf\":{\"@id\":\"https:\/\/bierger.remich.lu\/de\/#website\"},\"primaryImageOfPage\":{\"@id\":\"https:\/\/bierger.remich.lu\/ville-de-remich\/umwelt\/francais-gestion-des-dechets\/abfallsammlungen\/#primaryimage\"},\"image\":{\"@id\":\"https:\/\/bierger.remich.lu\/ville-de-remich\/umwelt\/francais-gestion-des-dechets\/abfallsammlungen\/#primaryimage\"},\"thumbnailUrl\":\"https:\/\/bierger.remich.lu\/wp-content\/uploads\/sites\/3\/2025\/06\/Poster-A6-LU-72dpi.jpg\",\"datePublished\":\"2020-11-04T14:12:44+00:00\",\"dateModified\":\"2025-06-05T06:10:47+00:00\",\"breadcrumb\":{\"@id\":\"https:\/\/bierger.remich.lu\/ville-de-remich\/umwelt\/francais-gestion-des-dechets\/abfallsammlungen\/#breadcrumb\"},\"inLanguage\":\"de\",\"potentialAction\":[{\"@type\":\"ReadAction\",\"target\":[\"https:\/\/bierger.remich.lu\/ville-de-remich\/umwelt\/francais-gestion-des-dechets\/abfallsammlungen\/\"]}]},{\"@type\":\"ImageObject\",\"inLanguage\":\"de\",\"@id\":\"https:\/\/bierger.remich.lu\/ville-de-remich\/umwelt\/francais-gestion-des-dechets\/abfallsammlungen\/#primaryimage\",\"url\":\"https:\/\/bierger.remich.lu\/wp-content\/uploads\/sites\/3\/2025\/06\/Poster-A6-LU-72dpi.jpg\",\"contentUrl\":\"https:\/\/bierger.remich.lu\/wp-content\/uploads\/sites\/3\/2025\/06\/Poster-A6-LU-72dpi.jpg\"},{\"@type\":\"BreadcrumbList\",\"@id\":\"https:\/\/bierger.remich.lu\/ville-de-remich\/umwelt\/francais-gestion-des-dechets\/abfallsammlungen\/#breadcrumb\",\"itemListElement\":[{\"@type\":\"ListItem\",\"position\":1,\"name\":\"Startseite\",\"item\":\"https:\/\/bierger.remich.lu\/de\/\"},{\"@type\":\"ListItem\",\"position\":2,\"name\":\"Stadt Remich\",\"item\":\"https:\/\/bierger.remich.lu\/de\/ville-de-remich\/\"},{\"@type\":\"ListItem\",\"position\":3,\"name\":\"Umwelt\",\"item\":\"https:\/\/bierger.remich.lu\/de\/ville-de-remich\/umwelt\/\"},{\"@type\":\"ListItem\",\"position\":4,\"name\":\"Abfallentsorgung\",\"item\":\"https:\/\/bierger.remich.lu\/ville-de-remich\/umwelt\/francais-gestion-des-dechets\/\"},{\"@type\":\"ListItem\",\"position\":5,\"name\":\"Abfallsammlungen\"}]},{\"@type\":\"WebSite\",\"@id\":\"https:\/\/bierger.remich.lu\/de\/#website\",\"url\":\"https:\/\/bierger.remich.lu\/de\/\",\"name\":\"Ville de Remich\",\"description\":\"\",\"potentialAction\":[{\"@type\":\"SearchAction\",\"target\":{\"@type\":\"EntryPoint\",\"urlTemplate\":\"https:\/\/bierger.remich.lu\/de\/?s={search_term_string}\"},\"query-input\":{\"@type\":\"PropertyValueSpecification\",\"valueRequired\":true,\"valueName\":\"search_term_string\"}}],\"inLanguage\":\"de\"}]}<\/script>\n<!-- \/ Yoast SEO plugin. -->","yoast_head_json":{"title":"Abfallsammlungen - Ville de Remich","robots":{"index":"index","follow":"follow","max-snippet":"max-snippet:-1","max-image-preview":"max-image-preview:large","max-video-preview":"max-video-preview:-1"},"canonical":"https:\/\/bierger.remich.lu\/ville-de-remich\/umwelt\/francais-gestion-des-dechets\/abfallsammlungen\/","og_locale":"de_DE","og_type":"article","og_title":"Abfallsammlungen - Ville de Remich","og_description":"Haus-zu-Haus-Sammlungen: Plastik (Valorlux) Papier Glas Hausm\u00fcll Biom\u00fcll Gartenabf\u00e4lle (von April bis Anfang November) Abfallbeh\u00e4lter und Schl\u00f6sser f\u00fcr Beh\u00e4lter und Container k\u00f6nnen beim B\u00fcrgerb\u00fcro der Stadt Remich mit dem entsprechenden Formular bestellt werden. Ein Beh\u00e4lter- und Containerreinigungsdienst kann bei der Firma Lamesch angefordert werden, die auch f\u00fcr die Entleerung der Beh\u00e4lter zust\u00e4ndig ist. Weitere Informationen finden... Mehr lesen \u00bb","og_url":"https:\/\/bierger.remich.lu\/ville-de-remich\/umwelt\/francais-gestion-des-dechets\/abfallsammlungen\/","og_site_name":"Ville de Remich","article_modified_time":"2025-06-05T06:10:47+00:00","og_image":[{"url":"https:\/\/bierger.remich.lu\/wp-content\/uploads\/sites\/3\/2025\/06\/Poster-A6-LU-72dpi.jpg","type":"","width":"","height":""}],"twitter_card":"summary_large_image","twitter_misc":{"Gesch\u00e4tzte Lesezeit":"2\u00a0Minuten"},"schema":{"@context":"https:\/\/schema.org","@graph":[{"@type":"WebPage","@id":"https:\/\/bierger.remich.lu\/ville-de-remich\/umwelt\/francais-gestion-des-dechets\/abfallsammlungen\/","url":"https:\/\/bierger.remich.lu\/ville-de-remich\/umwelt\/francais-gestion-des-dechets\/abfallsammlungen\/","name":"Abfallsammlungen - Ville de Remich","isPartOf":{"@id":"https:\/\/bierger.remich.lu\/de\/#website"},"primaryImageOfPage":{"@id":"https:\/\/bierger.remich.lu\/ville-de-remich\/umwelt\/francais-gestion-des-dechets\/abfallsammlungen\/#primaryimage"},"image":{"@id":"https:\/\/bierger.remich.lu\/ville-de-remich\/umwelt\/francais-gestion-des-dechets\/abfallsammlungen\/#primaryimage"},"thumbnailUrl":"https:\/\/bierger.remich.lu\/wp-content\/uploads\/sites\/3\/2025\/06\/Poster-A6-LU-72dpi.jpg","datePublished":"2020-11-04T14:12:44+00:00","dateModified":"2025-06-05T06:10:47+00:00","breadcrumb":{"@id":"https:\/\/bierger.remich.lu\/ville-de-remich\/umwelt\/francais-gestion-des-dechets\/abfallsammlungen\/#breadcrumb"},"inLanguage":"de","potentialAction":[{"@type":"ReadAction","target":["https:\/\/bierger.remich.lu\/ville-de-remich\/umwelt\/francais-gestion-des-dechets\/abfallsammlungen\/"]}]},{"@type":"ImageObject","inLanguage":"de","@id":"https:\/\/bierger.remich.lu\/ville-de-remich\/umwelt\/francais-gestion-des-dechets\/abfallsammlungen\/#primaryimage","url":"https:\/\/bierger.remich.lu\/wp-content\/uploads\/sites\/3\/2025\/06\/Poster-A6-LU-72dpi.jpg","contentUrl":"https:\/\/bierger.remich.lu\/wp-content\/uploads\/sites\/3\/2025\/06\/Poster-A6-LU-72dpi.jpg"},{"@type":"BreadcrumbList","@id":"https:\/\/bierger.remich.lu\/ville-de-remich\/umwelt\/francais-gestion-des-dechets\/abfallsammlungen\/#breadcrumb","itemListElement":[{"@type":"ListItem","position":1,"name":"Startseite","item":"https:\/\/bierger.remich.lu\/de\/"},{"@type":"ListItem","position":2,"name":"Stadt Remich","item":"https:\/\/bierger.remich.lu\/de\/ville-de-remich\/"},{"@type":"ListItem","position":3,"name":"Umwelt","item":"https:\/\/bierger.remich.lu\/de\/ville-de-remich\/umwelt\/"},{"@type":"ListItem","position":4,"name":"Abfallentsorgung","item":"https:\/\/bierger.remich.lu\/ville-de-remich\/umwelt\/francais-gestion-des-dechets\/"},{"@type":"ListItem","position":5,"name":"Abfallsammlungen"}]},{"@type":"WebSite","@id":"https:\/\/bierger.remich.lu\/de\/#website","url":"https:\/\/bierger.remich.lu\/de\/","name":"Ville de Remich","description":"","potentialAction":[{"@type":"SearchAction","target":{"@type":"EntryPoint","urlTemplate":"https:\/\/bierger.remich.lu\/de\/?s={search_term_string}"},"query-input":{"@type":"PropertyValueSpecification","valueRequired":true,"valueName":"search_term_string"}}],"inLanguage":"de"}]}},"_links":{"self":[{"href":"https:\/\/bierger.remich.lu\/de\/wp-json\/wp\/v2\/pages\/6987","targetHints":{"allow":["GET"]}}],"collection":[{"href":"https:\/\/bierger.remich.lu\/de\/wp-json\/wp\/v2\/pages"}],"about":[{"href":"https:\/\/bierger.remich.lu\/de\/wp-json\/wp\/v2\/types\/page"}],"author":[{"embeddable":true,"href":"https:\/\/bierger.remich.lu\/de\/wp-json\/wp\/v2\/users\/4"}],"replies":[{"embeddable":true,"href":"https:\/\/bierger.remich.lu\/de\/wp-json\/wp\/v2\/comments?post=6987"}],"version-history":[{"count":6,"href":"https:\/\/bierger.remich.lu\/de\/wp-json\/wp\/v2\/pages\/6987\/revisions"}],"predecessor-version":[{"id":17451,"href":"https:\/\/bierger.remich.lu\/de\/wp-json\/wp\/v2\/pages\/6987\/revisions\/17451"}],"up":[{"embeddable":true,"href":"https:\/\/bierger.remich.lu\/de\/wp-json\/wp\/v2\/pages\/1262"}],"wp:attachment":[{"href":"https:\/\/bierger.remich.lu\/de\/wp-json\/wp\/v2\/media?parent=6987"}],"curies":[{"name":"wp","href":"https:\/\/api.w.org\/{rel}","templated":true}]}}