{"id":6989,"date":"2020-11-04T15:24:36","date_gmt":"2020-11-04T14:24:36","guid":{"rendered":"http:\/\/bierger.remich.lu\/?page_id=6989"},"modified":"2025-12-17T15:37:40","modified_gmt":"2025-12-17T14:37:40","slug":"sigre","status":"publish","type":"page","link":"https:\/\/bierger.remich.lu\/de\/ville-de-remich\/umwelt\/francais-gestion-des-dechets\/sigre\/","title":{"rendered":"SIGRE"},"content":{"rendered":"Privathaushalte, Unternehmen, Vereine und andere \u00f6ffentliche oder private Abfallerzeuger sind berechtigt, ihre Abf\u00e4lle bei der SIGRE-Sammelstation gem\u00e4\u00df den Vorschriften und Anweisungen der Deponie abzulagern. Bestimmte Abfallkategorien sind geb\u00fchrenpflichtig.<\/p>\n<p>Die Abfallwirtschaftsberater von SIGRE stehen Ihnen bei Bedarf gerne mit Tipps zur Seite.<\/p>\n<p>Weitere Infos finden Sie auf der Internetseite des <a href=\"http:\/\/www.sigre.lu\">SIGRE<\/a>.","protected":false},"excerpt":{"rendered":"<p>Privathaushalte, Unternehmen, Vereine und andere \u00f6ffentliche oder private Abfallerzeuger sind berechtigt, ihre Abf\u00e4lle bei der SIGRE-Sammelstation gem\u00e4\u00df den Vorschriften und Anweisungen der Deponie abzulagern. Bestimmte Abfallkategorien sind geb\u00fchrenpflichtig. Die Abfallwirtschaftsberater von SIGRE stehen Ihnen bei Bedarf gerne mit Tipps zur Seite. Weitere Infos finden Sie auf der Internetseite des SIGRE.<\/p>\n","protected":false},"author":4,"featured_media":0,"parent":1262,"menu_order":26,"comment_status":"closed","ping_status":"closed","template":"","meta":{"_acf_changed":false,"xn-wppe-expiration":[],"xn-wppe-expiration-action":[],"xn-wppe-expiration-prefix":[],"footnotes":"","_links_to":"","_links_to_target":""},"class_list":["post-6989","page","type-page","status-publish","hentry","keyword-abfall","keyword-recyclage","keyword-sigre","keyword-superdreckskescht"],"acf":[],"yoast_head":"<!-- This site is optimized with the Yoast SEO plugin v26.7 - https:\/\/yoast.com\/wordpress\/plugins\/seo\/ -->\n<title>SIGRE - Ville de Remich<\/title>\n<meta name=\"robots\" content=\"index, follow, max-snippet:-1, max-image-preview:large, max-video-preview:-1\" \/>\n<link rel=\"canonical\" href=\"https:\/\/bierger.remich.lu\/ville-de-remich\/umwelt\/francais-gestion-des-dechets\/sigre\/\" \/>\n<meta property=\"og:locale\" content=\"de_DE\" \/>\n<meta property=\"og:type\" content=\"article\" \/>\n<meta property=\"og:title\" content=\"SIGRE - Ville de Remich\" \/>\n<meta property=\"og:description\" content=\"Privathaushalte, Unternehmen, Vereine und andere \u00f6ffentliche oder private Abfallerzeuger sind berechtigt, ihre Abf\u00e4lle bei der SIGRE-Sammelstation gem\u00e4\u00df den Vorschriften und Anweisungen der Deponie abzulagern. Bestimmte Abfallkategorien sind geb\u00fchrenpflichtig. Die Abfallwirtschaftsberater von SIGRE stehen Ihnen bei Bedarf gerne mit Tipps zur Seite. Weitere Infos finden Sie auf der Internetseite des SIGRE.\" \/>\n<meta property=\"og:url\" content=\"https:\/\/bierger.remich.lu\/ville-de-remich\/umwelt\/francais-gestion-des-dechets\/sigre\/\" \/>\n<meta property=\"og:site_name\" content=\"Ville de Remich\" \/>\n<meta property=\"article:modified_time\" content=\"2025-12-17T14:37:40+00:00\" \/>\n<meta name=\"twitter:card\" content=\"summary_large_image\" \/>\n<meta name=\"twitter:label1\" content=\"Gesch\u00e4tzte Lesezeit\" \/>\n\t<meta name=\"twitter:data1\" content=\"1\u00a0Minute\" \/>\n<script type=\"application\/ld+json\" class=\"yoast-schema-graph\">{\"@context\":\"https:\/\/schema.org\",\"@graph\":[{\"@type\":\"WebPage\",\"@id\":\"https:\/\/bierger.remich.lu\/ville-de-remich\/umwelt\/francais-gestion-des-dechets\/sigre\/\",\"url\":\"https:\/\/bierger.remich.lu\/ville-de-remich\/umwelt\/francais-gestion-des-dechets\/sigre\/\",\"name\":\"SIGRE - Ville de Remich\",\"isPartOf\":{\"@id\":\"https:\/\/bierger.remich.lu\/de\/#website\"},\"datePublished\":\"2020-11-04T14:24:36+00:00\",\"dateModified\":\"2025-12-17T14:37:40+00:00\",\"breadcrumb\":{\"@id\":\"https:\/\/bierger.remich.lu\/ville-de-remich\/umwelt\/francais-gestion-des-dechets\/sigre\/#breadcrumb\"},\"inLanguage\":\"de\",\"potentialAction\":[{\"@type\":\"ReadAction\",\"target\":[\"https:\/\/bierger.remich.lu\/ville-de-remich\/umwelt\/francais-gestion-des-dechets\/sigre\/\"]}]},{\"@type\":\"BreadcrumbList\",\"@id\":\"https:\/\/bierger.remich.lu\/ville-de-remich\/umwelt\/francais-gestion-des-dechets\/sigre\/#breadcrumb\",\"itemListElement\":[{\"@type\":\"ListItem\",\"position\":1,\"name\":\"Startseite\",\"item\":\"https:\/\/bierger.remich.lu\/de\/\"},{\"@type\":\"ListItem\",\"position\":2,\"name\":\"Stadt Remich\",\"item\":\"https:\/\/bierger.remich.lu\/de\/ville-de-remich\/\"},{\"@type\":\"ListItem\",\"position\":3,\"name\":\"Umwelt\",\"item\":\"https:\/\/bierger.remich.lu\/de\/ville-de-remich\/umwelt\/\"},{\"@type\":\"ListItem\",\"position\":4,\"name\":\"Abfallentsorgung\",\"item\":\"https:\/\/bierger.remich.lu\/ville-de-remich\/umwelt\/francais-gestion-des-dechets\/\"},{\"@type\":\"ListItem\",\"position\":5,\"name\":\"SIGRE\"}]},{\"@type\":\"WebSite\",\"@id\":\"https:\/\/bierger.remich.lu\/de\/#website\",\"url\":\"https:\/\/bierger.remich.lu\/de\/\",\"name\":\"Ville de Remich\",\"description\":\"\",\"potentialAction\":[{\"@type\":\"SearchAction\",\"target\":{\"@type\":\"EntryPoint\",\"urlTemplate\":\"https:\/\/bierger.remich.lu\/de\/?s={search_term_string}\"},\"query-input\":{\"@type\":\"PropertyValueSpecification\",\"valueRequired\":true,\"valueName\":\"search_term_string\"}}],\"inLanguage\":\"de\"}]}<\/script>\n<!-- \/ Yoast SEO plugin. -->","yoast_head_json":{"title":"SIGRE - Ville de Remich","robots":{"index":"index","follow":"follow","max-snippet":"max-snippet:-1","max-image-preview":"max-image-preview:large","max-video-preview":"max-video-preview:-1"},"canonical":"https:\/\/bierger.remich.lu\/ville-de-remich\/umwelt\/francais-gestion-des-dechets\/sigre\/","og_locale":"de_DE","og_type":"article","og_title":"SIGRE - Ville de Remich","og_description":"Privathaushalte, Unternehmen, Vereine und andere \u00f6ffentliche oder private Abfallerzeuger sind berechtigt, ihre Abf\u00e4lle bei der SIGRE-Sammelstation gem\u00e4\u00df den Vorschriften und Anweisungen der Deponie abzulagern. Bestimmte Abfallkategorien sind geb\u00fchrenpflichtig. Die Abfallwirtschaftsberater von SIGRE stehen Ihnen bei Bedarf gerne mit Tipps zur Seite. Weitere Infos finden Sie auf der Internetseite des SIGRE.","og_url":"https:\/\/bierger.remich.lu\/ville-de-remich\/umwelt\/francais-gestion-des-dechets\/sigre\/","og_site_name":"Ville de Remich","article_modified_time":"2025-12-17T14:37:40+00:00","twitter_card":"summary_large_image","twitter_misc":{"Gesch\u00e4tzte Lesezeit":"1\u00a0Minute"},"schema":{"@context":"https:\/\/schema.org","@graph":[{"@type":"WebPage","@id":"https:\/\/bierger.remich.lu\/ville-de-remich\/umwelt\/francais-gestion-des-dechets\/sigre\/","url":"https:\/\/bierger.remich.lu\/ville-de-remich\/umwelt\/francais-gestion-des-dechets\/sigre\/","name":"SIGRE - Ville de Remich","isPartOf":{"@id":"https:\/\/bierger.remich.lu\/de\/#website"},"datePublished":"2020-11-04T14:24:36+00:00","dateModified":"2025-12-17T14:37:40+00:00","breadcrumb":{"@id":"https:\/\/bierger.remich.lu\/ville-de-remich\/umwelt\/francais-gestion-des-dechets\/sigre\/#breadcrumb"},"inLanguage":"de","potentialAction":[{"@type":"ReadAction","target":["https:\/\/bierger.remich.lu\/ville-de-remich\/umwelt\/francais-gestion-des-dechets\/sigre\/"]}]},{"@type":"BreadcrumbList","@id":"https:\/\/bierger.remich.lu\/ville-de-remich\/umwelt\/francais-gestion-des-dechets\/sigre\/#breadcrumb","itemListElement":[{"@type":"ListItem","position":1,"name":"Startseite","item":"https:\/\/bierger.remich.lu\/de\/"},{"@type":"ListItem","position":2,"name":"Stadt Remich","item":"https:\/\/bierger.remich.lu\/de\/ville-de-remich\/"},{"@type":"ListItem","position":3,"name":"Umwelt","item":"https:\/\/bierger.remich.lu\/de\/ville-de-remich\/umwelt\/"},{"@type":"ListItem","position":4,"name":"Abfallentsorgung","item":"https:\/\/bierger.remich.lu\/ville-de-remich\/umwelt\/francais-gestion-des-dechets\/"},{"@type":"ListItem","position":5,"name":"SIGRE"}]},{"@type":"WebSite","@id":"https:\/\/bierger.remich.lu\/de\/#website","url":"https:\/\/bierger.remich.lu\/de\/","name":"Ville de Remich","description":"","potentialAction":[{"@type":"SearchAction","target":{"@type":"EntryPoint","urlTemplate":"https:\/\/bierger.remich.lu\/de\/?s={search_term_string}"},"query-input":{"@type":"PropertyValueSpecification","valueRequired":true,"valueName":"search_term_string"}}],"inLanguage":"de"}]}},"_links":{"self":[{"href":"https:\/\/bierger.remich.lu\/de\/wp-json\/wp\/v2\/pages\/6989","targetHints":{"allow":["GET"]}}],"collection":[{"href":"https:\/\/bierger.remich.lu\/de\/wp-json\/wp\/v2\/pages"}],"about":[{"href":"https:\/\/bierger.remich.lu\/de\/wp-json\/wp\/v2\/types\/page"}],"author":[{"embeddable":true,"href":"https:\/\/bierger.remich.lu\/de\/wp-json\/wp\/v2\/users\/4"}],"replies":[{"embeddable":true,"href":"https:\/\/bierger.remich.lu\/de\/wp-json\/wp\/v2\/comments?post=6989"}],"version-history":[{"count":3,"href":"https:\/\/bierger.remich.lu\/de\/wp-json\/wp\/v2\/pages\/6989\/revisions"}],"predecessor-version":[{"id":12775,"href":"https:\/\/bierger.remich.lu\/de\/wp-json\/wp\/v2\/pages\/6989\/revisions\/12775"}],"up":[{"embeddable":true,"href":"https:\/\/bierger.remich.lu\/de\/wp-json\/wp\/v2\/pages\/1262"}],"wp:attachment":[{"href":"https:\/\/bierger.remich.lu\/de\/wp-json\/wp\/v2\/media?parent=6989"}],"curies":[{"name":"wp","href":"https:\/\/api.w.org\/{rel}","templated":true}]}}