{"id":7725,"date":"2021-08-06T10:49:18","date_gmt":"2021-08-06T08:49:18","guid":{"rendered":"http:\/\/bierger.remich.lu\/?page_id=7725"},"modified":"2023-06-15T09:08:02","modified_gmt":"2023-06-15T07:08:02","slug":"carsharing","status":"publish","type":"page","link":"https:\/\/bierger.remich.lu\/de\/services-au-citoyen\/francais-mobilite\/carsharing\/","title":{"rendered":"Carsharing"},"content":{"rendered":"<h3 class=\"entry-content clearfix\"><strong>Flex, ein Auto nur dann, wenn ich es brauche\u2026<\/strong><\/h3>\n<section><\/section>\n<section class=\"entry-content clearfix\">Nach Ablauf der Testphase im Februar 2022, hat der Sch\u00f6ffenrat der Stadt Remich die Konvention mit CFL Mobility um 2 Jahre verl\u00e4ngert.<\/section>\n<section class=\"entry-content clearfix\">Auf dem Parking du Port in Remich stehen Ihnen 2 Autos zur Verf\u00fcgung.Flex ist die Carsharing-L\u00f6sung f\u00fcr ganz Luxemburg, mit einem qualitativen Fahrzeugangebot an vielen Stationen, welche gr\u00f6\u00dftenteils an das \u00f6ffentliche Verkehrsnetz angeschlossen sind.<\/p>\n<ul>\n<li>Flex ist die nachhaltige Mobilit\u00e4tsl\u00f6sung f\u00fcr den Alltag.<\/li>\n<li>Sie bezahlen nur f\u00fcr die gebuchte Zeit und pro gefahrenem Kilometer.<\/li>\n<li>Buchen Sie Ihr Auto f\u00fcr jeden Anlass \u00fcbers Kundenportal, die App oder per Telefon.<\/li>\n<\/ul>\n<p><strong>Sie haben eine Frage oder brauchen Hilfe?<\/strong><br \/>\nRufen Sie das Flex-Servicecenter 24\/7 an: T. (+352) 28 83 38 82.<br \/>\nWeitere Infos unter <a href=\"https:\/\/www.flex.lu\/de\/startseite\/\">flex.lu<\/a> oder im <a href=\"http:\/\/bierger.remich.lu\/wp-content\/uploads\/sites\/3\/2021\/08\/Flex-Flyer-Commune-de-Remich-2021-DE-Online-Version.pdf\">Flyer<\/a><\/p>\n<\/section>\n<div id=\"main\" class=\"clearfix\" role=\"main\">\n<article id=\"post-8283\" class=\"clearfix post-8283 page type-page status-publish hentry\">\n<section class=\"entry-content clearfix\"><span style=\"color: #ff0000\"><strong>Die Flex-Station (Carsharing) auf dem Parking du Port in Remich ist vom 14. bis 20. Juni 2023 nicht in Betrieb!<\/strong><\/span><\/p>\n<h3><strong>Statistiken vom 1. August 2021 bis 1. Februar 2022<\/strong><\/h3>\n<ul>\n<li>Gesamtreservierungen: 141<\/li>\n<li>Nutzer: 27<\/li>\n<li>Durchschnittliche Reservierungsdauer: 4,4 Stunden<\/li>\n<li>Durchschnittsdistanz je Reservierung: 47,76 km<\/li>\n<li>Gesamtdauer der Reservierungen: 620,4 Stunden<\/li>\n<li>Gesamtdistanz der Reservierungen: 6734,16 km<\/li>\n<\/ul>\n<\/section>\n<\/article>\n<\/div>\n<div class=\"standard-sidebar\"><\/div>","protected":false},"excerpt":{"rendered":"<p>Flex, ein Auto nur dann, wenn ich es brauche\u2026 Nach Ablauf der Testphase im Februar 2022, hat der Sch\u00f6ffenrat der Stadt Remich die Konvention mit CFL Mobility um 2 Jahre verl\u00e4ngert. Auf dem Parking du Port in Remich stehen Ihnen 2 Autos zur Verf\u00fcgung.Flex ist die Carsharing-L\u00f6sung f\u00fcr ganz Luxemburg, mit einem qualitativen Fahrzeugangebot an&#8230;  <a class=\"excerpt-read-more\" href=\"https:\/\/bierger.remich.lu\/de\/services-au-citoyen\/francais-mobilite\/carsharing\/\" title=\"ReadCarsharing\">Mehr lesen \u00bb<\/a><\/p>\n","protected":false},"author":4,"featured_media":0,"parent":70,"menu_order":53,"comment_status":"closed","ping_status":"closed","template":"","meta":{"_acf_changed":false,"xn-wppe-expiration":[],"xn-wppe-expiration-action":[],"xn-wppe-expiration-prefix":[],"footnotes":"","_links_to":"","_links_to_target":""},"class_list":["post-7725","page","type-page","status-publish","hentry","keyword-mobilitat"],"acf":[],"yoast_head":"<!-- This site is optimized with the Yoast SEO plugin v26.7 - https:\/\/yoast.com\/wordpress\/plugins\/seo\/ -->\n<title>Carsharing - Ville de Remich<\/title>\n<meta name=\"robots\" content=\"index, follow, max-snippet:-1, max-image-preview:large, max-video-preview:-1\" \/>\n<link rel=\"canonical\" href=\"https:\/\/bierger.remich.lu\/de\/services-au-citoyen\/francais-mobilite\/carsharing\/\" \/>\n<meta property=\"og:locale\" content=\"de_DE\" \/>\n<meta property=\"og:type\" content=\"article\" \/>\n<meta property=\"og:title\" content=\"Carsharing - Ville de Remich\" \/>\n<meta property=\"og:description\" content=\"Flex, ein Auto nur dann, wenn ich es brauche\u2026 Nach Ablauf der Testphase im Februar 2022, hat der Sch\u00f6ffenrat der Stadt Remich die Konvention mit CFL Mobility um 2 Jahre verl\u00e4ngert. Auf dem Parking du Port in Remich stehen Ihnen 2 Autos zur Verf\u00fcgung.Flex ist die Carsharing-L\u00f6sung f\u00fcr ganz Luxemburg, mit einem qualitativen Fahrzeugangebot an... Mehr lesen \u00bb\" \/>\n<meta property=\"og:url\" content=\"https:\/\/bierger.remich.lu\/de\/services-au-citoyen\/francais-mobilite\/carsharing\/\" \/>\n<meta property=\"og:site_name\" content=\"Ville de Remich\" \/>\n<meta property=\"article:modified_time\" content=\"2023-06-15T07:08:02+00:00\" \/>\n<meta name=\"twitter:card\" content=\"summary_large_image\" \/>\n<meta name=\"twitter:label1\" content=\"Gesch\u00e4tzte Lesezeit\" \/>\n\t<meta name=\"twitter:data1\" content=\"2\u00a0Minuten\" \/>\n<script type=\"application\/ld+json\" class=\"yoast-schema-graph\">{\"@context\":\"https:\/\/schema.org\",\"@graph\":[{\"@type\":\"WebPage\",\"@id\":\"https:\/\/bierger.remich.lu\/de\/services-au-citoyen\/francais-mobilite\/carsharing\/\",\"url\":\"https:\/\/bierger.remich.lu\/de\/services-au-citoyen\/francais-mobilite\/carsharing\/\",\"name\":\"Carsharing - Ville de Remich\",\"isPartOf\":{\"@id\":\"https:\/\/bierger.remich.lu\/de\/#website\"},\"datePublished\":\"2021-08-06T08:49:18+00:00\",\"dateModified\":\"2023-06-15T07:08:02+00:00\",\"breadcrumb\":{\"@id\":\"https:\/\/bierger.remich.lu\/de\/services-au-citoyen\/francais-mobilite\/carsharing\/#breadcrumb\"},\"inLanguage\":\"de\",\"potentialAction\":[{\"@type\":\"ReadAction\",\"target\":[\"https:\/\/bierger.remich.lu\/de\/services-au-citoyen\/francais-mobilite\/carsharing\/\"]}]},{\"@type\":\"BreadcrumbList\",\"@id\":\"https:\/\/bierger.remich.lu\/de\/services-au-citoyen\/francais-mobilite\/carsharing\/#breadcrumb\",\"itemListElement\":[{\"@type\":\"ListItem\",\"position\":1,\"name\":\"Startseite\",\"item\":\"https:\/\/bierger.remich.lu\/de\/\"},{\"@type\":\"ListItem\",\"position\":2,\"name\":\"B\u00fcrgerdienste\",\"item\":\"https:\/\/bierger.remich.lu\/de\/services-au-citoyen\/\"},{\"@type\":\"ListItem\",\"position\":3,\"name\":\"Mobilit\u00e4t\",\"item\":\"https:\/\/bierger.remich.lu\/de\/services-au-citoyen\/francais-mobilite\/\"},{\"@type\":\"ListItem\",\"position\":4,\"name\":\"Carsharing\"}]},{\"@type\":\"WebSite\",\"@id\":\"https:\/\/bierger.remich.lu\/de\/#website\",\"url\":\"https:\/\/bierger.remich.lu\/de\/\",\"name\":\"Ville de Remich\",\"description\":\"\",\"potentialAction\":[{\"@type\":\"SearchAction\",\"target\":{\"@type\":\"EntryPoint\",\"urlTemplate\":\"https:\/\/bierger.remich.lu\/de\/?s={search_term_string}\"},\"query-input\":{\"@type\":\"PropertyValueSpecification\",\"valueRequired\":true,\"valueName\":\"search_term_string\"}}],\"inLanguage\":\"de\"}]}<\/script>\n<!-- \/ Yoast SEO plugin. -->","yoast_head_json":{"title":"Carsharing - Ville de Remich","robots":{"index":"index","follow":"follow","max-snippet":"max-snippet:-1","max-image-preview":"max-image-preview:large","max-video-preview":"max-video-preview:-1"},"canonical":"https:\/\/bierger.remich.lu\/de\/services-au-citoyen\/francais-mobilite\/carsharing\/","og_locale":"de_DE","og_type":"article","og_title":"Carsharing - Ville de Remich","og_description":"Flex, ein Auto nur dann, wenn ich es brauche\u2026 Nach Ablauf der Testphase im Februar 2022, hat der Sch\u00f6ffenrat der Stadt Remich die Konvention mit CFL Mobility um 2 Jahre verl\u00e4ngert. Auf dem Parking du Port in Remich stehen Ihnen 2 Autos zur Verf\u00fcgung.Flex ist die Carsharing-L\u00f6sung f\u00fcr ganz Luxemburg, mit einem qualitativen Fahrzeugangebot an... Mehr lesen \u00bb","og_url":"https:\/\/bierger.remich.lu\/de\/services-au-citoyen\/francais-mobilite\/carsharing\/","og_site_name":"Ville de Remich","article_modified_time":"2023-06-15T07:08:02+00:00","twitter_card":"summary_large_image","twitter_misc":{"Gesch\u00e4tzte Lesezeit":"2\u00a0Minuten"},"schema":{"@context":"https:\/\/schema.org","@graph":[{"@type":"WebPage","@id":"https:\/\/bierger.remich.lu\/de\/services-au-citoyen\/francais-mobilite\/carsharing\/","url":"https:\/\/bierger.remich.lu\/de\/services-au-citoyen\/francais-mobilite\/carsharing\/","name":"Carsharing - Ville de Remich","isPartOf":{"@id":"https:\/\/bierger.remich.lu\/de\/#website"},"datePublished":"2021-08-06T08:49:18+00:00","dateModified":"2023-06-15T07:08:02+00:00","breadcrumb":{"@id":"https:\/\/bierger.remich.lu\/de\/services-au-citoyen\/francais-mobilite\/carsharing\/#breadcrumb"},"inLanguage":"de","potentialAction":[{"@type":"ReadAction","target":["https:\/\/bierger.remich.lu\/de\/services-au-citoyen\/francais-mobilite\/carsharing\/"]}]},{"@type":"BreadcrumbList","@id":"https:\/\/bierger.remich.lu\/de\/services-au-citoyen\/francais-mobilite\/carsharing\/#breadcrumb","itemListElement":[{"@type":"ListItem","position":1,"name":"Startseite","item":"https:\/\/bierger.remich.lu\/de\/"},{"@type":"ListItem","position":2,"name":"B\u00fcrgerdienste","item":"https:\/\/bierger.remich.lu\/de\/services-au-citoyen\/"},{"@type":"ListItem","position":3,"name":"Mobilit\u00e4t","item":"https:\/\/bierger.remich.lu\/de\/services-au-citoyen\/francais-mobilite\/"},{"@type":"ListItem","position":4,"name":"Carsharing"}]},{"@type":"WebSite","@id":"https:\/\/bierger.remich.lu\/de\/#website","url":"https:\/\/bierger.remich.lu\/de\/","name":"Ville de Remich","description":"","potentialAction":[{"@type":"SearchAction","target":{"@type":"EntryPoint","urlTemplate":"https:\/\/bierger.remich.lu\/de\/?s={search_term_string}"},"query-input":{"@type":"PropertyValueSpecification","valueRequired":true,"valueName":"search_term_string"}}],"inLanguage":"de"}]}},"_links":{"self":[{"href":"https:\/\/bierger.remich.lu\/de\/wp-json\/wp\/v2\/pages\/7725","targetHints":{"allow":["GET"]}}],"collection":[{"href":"https:\/\/bierger.remich.lu\/de\/wp-json\/wp\/v2\/pages"}],"about":[{"href":"https:\/\/bierger.remich.lu\/de\/wp-json\/wp\/v2\/types\/page"}],"author":[{"embeddable":true,"href":"https:\/\/bierger.remich.lu\/de\/wp-json\/wp\/v2\/users\/4"}],"replies":[{"embeddable":true,"href":"https:\/\/bierger.remich.lu\/de\/wp-json\/wp\/v2\/comments?post=7725"}],"version-history":[{"count":6,"href":"https:\/\/bierger.remich.lu\/de\/wp-json\/wp\/v2\/pages\/7725\/revisions"}],"predecessor-version":[{"id":12463,"href":"https:\/\/bierger.remich.lu\/de\/wp-json\/wp\/v2\/pages\/7725\/revisions\/12463"}],"up":[{"embeddable":true,"href":"https:\/\/bierger.remich.lu\/de\/wp-json\/wp\/v2\/pages\/70"}],"wp:attachment":[{"href":"https:\/\/bierger.remich.lu\/de\/wp-json\/wp\/v2\/media?parent=7725"}],"curies":[{"name":"wp","href":"https:\/\/api.w.org\/{rel}","templated":true}]}}