{"id":81,"date":"2016-08-22T13:11:55","date_gmt":"2016-08-22T13:11:55","guid":{"rendered":"http:\/\/reimech.lu\/?page_id=81"},"modified":"2017-12-07T15:27:34","modified_gmt":"2017-12-07T14:27:34","slug":"gemeinderat","status":"publish","type":"page","link":"https:\/\/bierger.remich.lu\/de\/ville-de-remich\/politik\/gemeinderat\/","title":{"rendered":"Gemeinderat"},"content":{"rendered":"Der Gemeinderat bildet das politische Organ in den Gemeinden, welches alles regelt was die Gemeindeinteressen betrifft.<\/p>\n<p>Die auf den W\u00e4hlerlisten eingeschriebenen Personen w\u00e4hlen\u00a0 die Gemeinderatsmitglieder ihres Wohnsitzes. Jeder W\u00e4hler hat soviel Stimmen wie es Mitglieder im Gemeinderat gibt.<\/p>\n<p>Die Anzahl der Gemeindr\u00e4te wird anhand der Einwohnerzahl festgelegt und ist stets ungerade.<\/p>\n<p>Der Gemeinderat in Remich, die Mitglieder des Sch\u00f6ffenrates inbegriffen, besteht somit aus 11 Mitgliedern f\u00fcr Gemeinden mit einer Einwohnerzahl zwischen 3.000 und 5.999. Die somit gew\u00e4hlten Gemeinder\u00e4te sind f\u00fcr 6 Jahre im Amt.<\/p>\n<p>In Remich wird nach Listen mit proportionaler Vertretung gew\u00e4hlt (Gemeinden mit mehr als 3.000 Einwohnern).<\/p>\n<p><span id=\"Sp1.s2_o\" class=\"systran_seg\"><span id=\"token_0\" class=\"systran_token_word\">Der Zust\u00e4ndigkeitsbereich des Gemeinderats umfasst unter anderem folgende Punkte:<\/span><\/span><\/p>\n<ul>\n<li><span id=\"Sp1.s3_o\" class=\"systran_seg\"><span id=\"token_0\" class=\"systran_token_word\">Abstimmen des Haushalts und der Konten<\/span><\/span><\/li>\n<li><span id=\"Sp1.s3_o\" class=\"systran_seg\"><span id=\"token_16\" class=\"systran_token_word\">Festlegung<\/span> <span id=\"token_0\" class=\"systran_token_word\">der<\/span> Geb\u00fchren und Verordnungen<\/span><\/li>\n<li><span id=\"Sp1.s3_o\" class=\"systran_seg\"><span id=\"token_26\" class=\"systran_token_word\">Zustimmung<\/span>\u00a0<span id=\"token_0\" class=\"systran_token_word\">zu<\/span> <span id=\"token_28\" class=\"systran_token_word\">Bau- <\/span><span id=\"token_31\" class=\"systran_token_word\">und<\/span>\u00a0 <span id=\"token_33\" class=\"systran_token_word\">Urbanismusprojekten<\/span><\/span><\/li>\n<li><span id=\"Sp1.s3_o\" class=\"systran_seg\"><span id=\"token_36\" class=\"systran_token_punctuation\">Personalangelegenheiten wie z.B. Ernennungen, Annahmen von K\u00fcndigungen usw.<\/span><\/span><\/li>\n<\/ul>\n<p>Per Gesetz ist der Gemeinderat dazu bevollm\u00e4chtigt interne Verwaltungs- und Polizeiverordnungen zu erstellen.<\/p>\n<p>Der Gemeinderat nimmt Stellung zu Entscheidungen von den \u00f6ffentlichen Einrichtungen welche unter der Obhut der Gemeinde stehen und nimmt auch deren Haushalt und Konten an.<\/p>\n<div class=\"block-layout-item\">\n<div class=\"paragraph paragraph-text\">\n<p>Die Sitzungen, welche \u00f6ffentlich sind (au\u00dfer einige Ausnahmen),\u00a0werden unter dem Vorsitz des B\u00fcrgermeisters, mindestens alle drei Monate abgehalten.<\/p>\n<p>Eine Zusammenfassung des Gemeinderatsberichtes wird regelm\u00e4\u00dfig im Gemeindeblatt ver\u00f6ffentlicht.<\/p>\n<\/div>\n<\/div>","protected":false},"excerpt":{"rendered":"<p>Der Gemeinderat bildet das politische Organ in den Gemeinden, welches alles regelt was die Gemeindeinteressen betrifft. Die auf den W\u00e4hlerlisten eingeschriebenen Personen w\u00e4hlen\u00a0 die Gemeinderatsmitglieder ihres Wohnsitzes. Jeder W\u00e4hler hat soviel Stimmen wie es Mitglieder im Gemeinderat gibt. Die Anzahl der Gemeindr\u00e4te wird anhand der Einwohnerzahl festgelegt und ist stets ungerade. Der Gemeinderat in Remich,&#8230;  <a class=\"excerpt-read-more\" href=\"https:\/\/bierger.remich.lu\/de\/ville-de-remich\/politik\/gemeinderat\/\" title=\"ReadGemeinderat\">Mehr lesen \u00bb<\/a><\/p>\n","protected":false},"author":1,"featured_media":1242,"parent":48,"menu_order":46,"comment_status":"closed","ping_status":"closed","template":"page-conseil.php","meta":{"_acf_changed":false,"xn-wppe-expiration":[],"xn-wppe-expiration-action":[],"xn-wppe-expiration-prefix":[],"footnotes":"","_links_to":"","_links_to_target":""},"class_list":["post-81","page","type-page","status-publish","has-post-thumbnail","hentry","keyword-conseil-communal","keyword-gemeinderatssitzung"],"acf":[],"yoast_head":"<!-- This site is optimized with the Yoast SEO plugin v26.7 - https:\/\/yoast.com\/wordpress\/plugins\/seo\/ -->\n<title>Gemeinderat - Ville de Remich<\/title>\n<meta name=\"robots\" content=\"index, follow, max-snippet:-1, max-image-preview:large, max-video-preview:-1\" \/>\n<link rel=\"canonical\" href=\"https:\/\/bierger.remich.lu\/de\/ville-de-remich\/politik\/gemeinderat\/\" \/>\n<meta property=\"og:locale\" content=\"de_DE\" \/>\n<meta property=\"og:type\" content=\"article\" \/>\n<meta property=\"og:title\" content=\"Gemeinderat - Ville de Remich\" \/>\n<meta property=\"og:description\" content=\"Der Gemeinderat bildet das politische Organ in den Gemeinden, welches alles regelt was die Gemeindeinteressen betrifft. Die auf den W\u00e4hlerlisten eingeschriebenen Personen w\u00e4hlen\u00a0 die Gemeinderatsmitglieder ihres Wohnsitzes. Jeder W\u00e4hler hat soviel Stimmen wie es Mitglieder im Gemeinderat gibt. Die Anzahl der Gemeindr\u00e4te wird anhand der Einwohnerzahl festgelegt und ist stets ungerade. Der Gemeinderat in Remich,... Mehr lesen \u00bb\" \/>\n<meta property=\"og:url\" content=\"https:\/\/bierger.remich.lu\/de\/ville-de-remich\/politik\/gemeinderat\/\" \/>\n<meta property=\"og:site_name\" content=\"Ville de Remich\" \/>\n<meta property=\"article:modified_time\" content=\"2017-12-07T14:27:34+00:00\" \/>\n<meta property=\"og:image\" content=\"https:\/\/bierger.remich.lu\/wp-content\/uploads\/sites\/3\/2016\/08\/309B7814-1024x683.jpg\" \/>\n\t<meta property=\"og:image:width\" content=\"1024\" \/>\n\t<meta property=\"og:image:height\" content=\"683\" \/>\n\t<meta property=\"og:image:type\" content=\"image\/jpeg\" \/>\n<meta name=\"twitter:card\" content=\"summary_large_image\" \/>\n<meta name=\"twitter:label1\" content=\"Gesch\u00e4tzte Lesezeit\" \/>\n\t<meta name=\"twitter:data1\" content=\"3\u00a0Minuten\" \/>\n<script type=\"application\/ld+json\" class=\"yoast-schema-graph\">{\"@context\":\"https:\/\/schema.org\",\"@graph\":[{\"@type\":\"WebPage\",\"@id\":\"https:\/\/bierger.remich.lu\/de\/ville-de-remich\/politik\/gemeinderat\/\",\"url\":\"https:\/\/bierger.remich.lu\/de\/ville-de-remich\/politik\/gemeinderat\/\",\"name\":\"Gemeinderat - Ville de Remich\",\"isPartOf\":{\"@id\":\"https:\/\/bierger.remich.lu\/de\/#website\"},\"primaryImageOfPage\":{\"@id\":\"https:\/\/bierger.remich.lu\/de\/ville-de-remich\/politik\/gemeinderat\/#primaryimage\"},\"image\":{\"@id\":\"https:\/\/bierger.remich.lu\/de\/ville-de-remich\/politik\/gemeinderat\/#primaryimage\"},\"thumbnailUrl\":\"https:\/\/bierger.remich.lu\/wp-content\/uploads\/sites\/3\/2016\/08\/309B7814.jpg\",\"datePublished\":\"2016-08-22T13:11:55+00:00\",\"dateModified\":\"2017-12-07T14:27:34+00:00\",\"breadcrumb\":{\"@id\":\"https:\/\/bierger.remich.lu\/de\/ville-de-remich\/politik\/gemeinderat\/#breadcrumb\"},\"inLanguage\":\"de\",\"potentialAction\":[{\"@type\":\"ReadAction\",\"target\":[\"https:\/\/bierger.remich.lu\/de\/ville-de-remich\/politik\/gemeinderat\/\"]}]},{\"@type\":\"ImageObject\",\"inLanguage\":\"de\",\"@id\":\"https:\/\/bierger.remich.lu\/de\/ville-de-remich\/politik\/gemeinderat\/#primaryimage\",\"url\":\"https:\/\/bierger.remich.lu\/wp-content\/uploads\/sites\/3\/2016\/08\/309B7814.jpg\",\"contentUrl\":\"https:\/\/bierger.remich.lu\/wp-content\/uploads\/sites\/3\/2016\/08\/309B7814.jpg\",\"width\":5760,\"height\":3840},{\"@type\":\"BreadcrumbList\",\"@id\":\"https:\/\/bierger.remich.lu\/de\/ville-de-remich\/politik\/gemeinderat\/#breadcrumb\",\"itemListElement\":[{\"@type\":\"ListItem\",\"position\":1,\"name\":\"Startseite\",\"item\":\"https:\/\/bierger.remich.lu\/de\/\"},{\"@type\":\"ListItem\",\"position\":2,\"name\":\"Stadt Remich\",\"item\":\"https:\/\/bierger.remich.lu\/de\/ville-de-remich\/\"},{\"@type\":\"ListItem\",\"position\":3,\"name\":\"Politik\",\"item\":\"https:\/\/bierger.remich.lu\/de\/ville-de-remich\/politik\/\"},{\"@type\":\"ListItem\",\"position\":4,\"name\":\"Gemeinderat\"}]},{\"@type\":\"WebSite\",\"@id\":\"https:\/\/bierger.remich.lu\/de\/#website\",\"url\":\"https:\/\/bierger.remich.lu\/de\/\",\"name\":\"Ville de Remich\",\"description\":\"\",\"potentialAction\":[{\"@type\":\"SearchAction\",\"target\":{\"@type\":\"EntryPoint\",\"urlTemplate\":\"https:\/\/bierger.remich.lu\/de\/?s={search_term_string}\"},\"query-input\":{\"@type\":\"PropertyValueSpecification\",\"valueRequired\":true,\"valueName\":\"search_term_string\"}}],\"inLanguage\":\"de\"}]}<\/script>\n<!-- \/ Yoast SEO plugin. -->","yoast_head_json":{"title":"Gemeinderat - Ville de Remich","robots":{"index":"index","follow":"follow","max-snippet":"max-snippet:-1","max-image-preview":"max-image-preview:large","max-video-preview":"max-video-preview:-1"},"canonical":"https:\/\/bierger.remich.lu\/de\/ville-de-remich\/politik\/gemeinderat\/","og_locale":"de_DE","og_type":"article","og_title":"Gemeinderat - Ville de Remich","og_description":"Der Gemeinderat bildet das politische Organ in den Gemeinden, welches alles regelt was die Gemeindeinteressen betrifft. Die auf den W\u00e4hlerlisten eingeschriebenen Personen w\u00e4hlen\u00a0 die Gemeinderatsmitglieder ihres Wohnsitzes. Jeder W\u00e4hler hat soviel Stimmen wie es Mitglieder im Gemeinderat gibt. Die Anzahl der Gemeindr\u00e4te wird anhand der Einwohnerzahl festgelegt und ist stets ungerade. Der Gemeinderat in Remich,... Mehr lesen \u00bb","og_url":"https:\/\/bierger.remich.lu\/de\/ville-de-remich\/politik\/gemeinderat\/","og_site_name":"Ville de Remich","article_modified_time":"2017-12-07T14:27:34+00:00","og_image":[{"width":1024,"height":683,"url":"https:\/\/bierger.remich.lu\/wp-content\/uploads\/sites\/3\/2016\/08\/309B7814-1024x683.jpg","type":"image\/jpeg"}],"twitter_card":"summary_large_image","twitter_misc":{"Gesch\u00e4tzte Lesezeit":"3\u00a0Minuten"},"schema":{"@context":"https:\/\/schema.org","@graph":[{"@type":"WebPage","@id":"https:\/\/bierger.remich.lu\/de\/ville-de-remich\/politik\/gemeinderat\/","url":"https:\/\/bierger.remich.lu\/de\/ville-de-remich\/politik\/gemeinderat\/","name":"Gemeinderat - Ville de Remich","isPartOf":{"@id":"https:\/\/bierger.remich.lu\/de\/#website"},"primaryImageOfPage":{"@id":"https:\/\/bierger.remich.lu\/de\/ville-de-remich\/politik\/gemeinderat\/#primaryimage"},"image":{"@id":"https:\/\/bierger.remich.lu\/de\/ville-de-remich\/politik\/gemeinderat\/#primaryimage"},"thumbnailUrl":"https:\/\/bierger.remich.lu\/wp-content\/uploads\/sites\/3\/2016\/08\/309B7814.jpg","datePublished":"2016-08-22T13:11:55+00:00","dateModified":"2017-12-07T14:27:34+00:00","breadcrumb":{"@id":"https:\/\/bierger.remich.lu\/de\/ville-de-remich\/politik\/gemeinderat\/#breadcrumb"},"inLanguage":"de","potentialAction":[{"@type":"ReadAction","target":["https:\/\/bierger.remich.lu\/de\/ville-de-remich\/politik\/gemeinderat\/"]}]},{"@type":"ImageObject","inLanguage":"de","@id":"https:\/\/bierger.remich.lu\/de\/ville-de-remich\/politik\/gemeinderat\/#primaryimage","url":"https:\/\/bierger.remich.lu\/wp-content\/uploads\/sites\/3\/2016\/08\/309B7814.jpg","contentUrl":"https:\/\/bierger.remich.lu\/wp-content\/uploads\/sites\/3\/2016\/08\/309B7814.jpg","width":5760,"height":3840},{"@type":"BreadcrumbList","@id":"https:\/\/bierger.remich.lu\/de\/ville-de-remich\/politik\/gemeinderat\/#breadcrumb","itemListElement":[{"@type":"ListItem","position":1,"name":"Startseite","item":"https:\/\/bierger.remich.lu\/de\/"},{"@type":"ListItem","position":2,"name":"Stadt Remich","item":"https:\/\/bierger.remich.lu\/de\/ville-de-remich\/"},{"@type":"ListItem","position":3,"name":"Politik","item":"https:\/\/bierger.remich.lu\/de\/ville-de-remich\/politik\/"},{"@type":"ListItem","position":4,"name":"Gemeinderat"}]},{"@type":"WebSite","@id":"https:\/\/bierger.remich.lu\/de\/#website","url":"https:\/\/bierger.remich.lu\/de\/","name":"Ville de Remich","description":"","potentialAction":[{"@type":"SearchAction","target":{"@type":"EntryPoint","urlTemplate":"https:\/\/bierger.remich.lu\/de\/?s={search_term_string}"},"query-input":{"@type":"PropertyValueSpecification","valueRequired":true,"valueName":"search_term_string"}}],"inLanguage":"de"}]}},"_links":{"self":[{"href":"https:\/\/bierger.remich.lu\/de\/wp-json\/wp\/v2\/pages\/81","targetHints":{"allow":["GET"]}}],"collection":[{"href":"https:\/\/bierger.remich.lu\/de\/wp-json\/wp\/v2\/pages"}],"about":[{"href":"https:\/\/bierger.remich.lu\/de\/wp-json\/wp\/v2\/types\/page"}],"author":[{"embeddable":true,"href":"https:\/\/bierger.remich.lu\/de\/wp-json\/wp\/v2\/users\/1"}],"replies":[{"embeddable":true,"href":"https:\/\/bierger.remich.lu\/de\/wp-json\/wp\/v2\/comments?post=81"}],"version-history":[{"count":8,"href":"https:\/\/bierger.remich.lu\/de\/wp-json\/wp\/v2\/pages\/81\/revisions"}],"predecessor-version":[{"id":2090,"href":"https:\/\/bierger.remich.lu\/de\/wp-json\/wp\/v2\/pages\/81\/revisions\/2090"}],"up":[{"embeddable":true,"href":"https:\/\/bierger.remich.lu\/de\/wp-json\/wp\/v2\/pages\/48"}],"wp:featuredmedia":[{"embeddable":true,"href":"https:\/\/bierger.remich.lu\/de\/wp-json\/wp\/v2\/media\/1242"}],"wp:attachment":[{"href":"https:\/\/bierger.remich.lu\/de\/wp-json\/wp\/v2\/media?parent=81"}],"curies":[{"name":"wp","href":"https:\/\/api.w.org\/{rel}","templated":true}]}}