{"id":8487,"date":"2022-03-24T10:02:40","date_gmt":"2022-03-24T09:02:40","guid":{"rendered":"http:\/\/bierger.remich.lu\/?page_id=8487"},"modified":"2023-03-15T10:32:24","modified_gmt":"2023-03-15T09:32:24","slug":"gutscheinsystem-fur-kinderbetreuung-csa","status":"publish","type":"page","link":"https:\/\/bierger.remich.lu\/de\/ville-de-remich\/schulwesen\/gutscheinsystem-fur-kinderbetreuung-csa\/","title":{"rendered":"Gutscheinsystem f\u00fcr Kinderbetreuung (CSA)"},"content":{"rendered":"<p class=\"mb-20\">Um das CSA-Angebot in Anspruch nehmen zu k\u00f6nnen, m\u00fcssen <em><strong>die Eltern bei der Gemeindeverwaltung eine CSA-Karte beantragen<\/strong><\/em>, die auf den Namen des Kindes ausgestellt wird.<\/p>\n<p class=\"mb-20\"><strong><em>Nicht in Luxemburg wohnhafte Eltern<\/em><\/strong> m\u00fcssen sich an die Zukunftskasse (Caisse pour l\u2019avenir des enfants) wenden.<\/p>\n<p class=\"mb-20\">Die myCard fir Kanner gew\u00e4hrt Zugang zum gesicherten Bereich der Internetseite www.staarkkanner.lu, die eine Reihe von Funktionalit\u00e4ten und Vorteilen anbietet :<\/p>\n<div class=\"dng-list list-icon em-border\">\n<ul>\n<li><i class=\"fa fa-check\"><\/i>Zugang zu p\u00e4dagogischem Material, das dem Alter des Kindes angepasst ist,<\/li>\n<li><i class=\"fa fa-check\"><\/i>Einsicht in alle Rechnungen und monatlichen Abrechnungen des Gutscheinsystems,<\/li>\n<li><i class=\"fa fa-check\"><\/i>Auswahl der Wochen im Rahmen der mehrsprachigen Erziehung (1 bis 4 Jahre).<\/li>\n<\/ul>\n<\/div>\n<p class=\"mb-20\">Die myCard bleibt bis zum Ende der Grundschulzeit g\u00fcltig, d.h. es gibt keine neue Karte nach der j\u00e4hrlichen Erneuerung des CSA-Beitrittsvertrags. Bei Verlust der myCard m\u00fcssen die Eltern bei der Gemeindeverwaltung oder der Zukunftskasse vorstellig werden und eine neue Karte beantragen.<\/p>\n<p><strong><em>Weitere Infos finden Sie auf der Internetseite des <a href=\"https:\/\/men.public.lu\/de\/enfance.html\">Schul- und Bildungsministeriums<\/a>.\u00a0<\/em><\/strong>","protected":false},"excerpt":{"rendered":"<p>Um das CSA-Angebot in Anspruch nehmen zu k\u00f6nnen, m\u00fcssen die Eltern bei der Gemeindeverwaltung eine CSA-Karte beantragen, die auf den Namen des Kindes ausgestellt wird. Nicht in Luxemburg wohnhafte Eltern m\u00fcssen sich an die Zukunftskasse (Caisse pour l\u2019avenir des enfants) wenden. Die myCard fir Kanner gew\u00e4hrt Zugang zum gesicherten Bereich der Internetseite www.staarkkanner.lu, die eine&#8230;  <a class=\"excerpt-read-more\" href=\"https:\/\/bierger.remich.lu\/de\/ville-de-remich\/schulwesen\/gutscheinsystem-fur-kinderbetreuung-csa\/\" title=\"ReadGutscheinsystem f\u00fcr Kinderbetreuung (CSA)\">Mehr lesen \u00bb<\/a><\/p>\n","protected":false},"author":4,"featured_media":8488,"parent":1852,"menu_order":13,"comment_status":"closed","ping_status":"closed","template":"","meta":{"_acf_changed":false,"xn-wppe-expiration":[],"xn-wppe-expiration-action":[],"xn-wppe-expiration-prefix":[],"footnotes":"","_links_to":"","_links_to_target":""},"class_list":["post-8487","page","type-page","status-publish","has-post-thumbnail","hentry","keyword-ausbildung","keyword-kinder"],"acf":[],"yoast_head":"<!-- This site is optimized with the Yoast SEO plugin v26.7 - https:\/\/yoast.com\/wordpress\/plugins\/seo\/ -->\n<title>Gutscheinsystem f\u00fcr Kinderbetreuung (CSA) - Ville de Remich<\/title>\n<meta name=\"robots\" content=\"index, follow, max-snippet:-1, max-image-preview:large, max-video-preview:-1\" \/>\n<link rel=\"canonical\" href=\"https:\/\/bierger.remich.lu\/de\/ville-de-remich\/schulwesen\/gutscheinsystem-fur-kinderbetreuung-csa\/\" \/>\n<meta property=\"og:locale\" content=\"de_DE\" \/>\n<meta property=\"og:type\" content=\"article\" \/>\n<meta property=\"og:title\" content=\"Gutscheinsystem f\u00fcr Kinderbetreuung (CSA) - Ville de Remich\" \/>\n<meta property=\"og:description\" content=\"Um das CSA-Angebot in Anspruch nehmen zu k\u00f6nnen, m\u00fcssen die Eltern bei der Gemeindeverwaltung eine CSA-Karte beantragen, die auf den Namen des Kindes ausgestellt wird. Nicht in Luxemburg wohnhafte Eltern m\u00fcssen sich an die Zukunftskasse (Caisse pour l\u2019avenir des enfants) wenden. Die myCard fir Kanner gew\u00e4hrt Zugang zum gesicherten Bereich der Internetseite www.staarkkanner.lu, die eine... Mehr lesen \u00bb\" \/>\n<meta property=\"og:url\" content=\"https:\/\/bierger.remich.lu\/de\/ville-de-remich\/schulwesen\/gutscheinsystem-fur-kinderbetreuung-csa\/\" \/>\n<meta property=\"og:site_name\" content=\"Ville de Remich\" \/>\n<meta property=\"article:modified_time\" content=\"2023-03-15T09:32:24+00:00\" \/>\n<meta property=\"og:image\" content=\"https:\/\/bierger.remich.lu\/wp-content\/uploads\/sites\/3\/2022\/03\/element5-digital-OyCl7Y4y0Bk-unsplash-scaled.jpg\" \/>\n\t<meta property=\"og:image:width\" content=\"2560\" \/>\n\t<meta property=\"og:image:height\" content=\"1807\" \/>\n\t<meta property=\"og:image:type\" content=\"image\/jpeg\" \/>\n<meta name=\"twitter:card\" content=\"summary_large_image\" \/>\n<meta name=\"twitter:label1\" content=\"Gesch\u00e4tzte Lesezeit\" \/>\n\t<meta name=\"twitter:data1\" content=\"3\u00a0Minuten\" \/>\n<script type=\"application\/ld+json\" class=\"yoast-schema-graph\">{\"@context\":\"https:\/\/schema.org\",\"@graph\":[{\"@type\":\"WebPage\",\"@id\":\"https:\/\/bierger.remich.lu\/de\/ville-de-remich\/schulwesen\/gutscheinsystem-fur-kinderbetreuung-csa\/\",\"url\":\"https:\/\/bierger.remich.lu\/de\/ville-de-remich\/schulwesen\/gutscheinsystem-fur-kinderbetreuung-csa\/\",\"name\":\"Gutscheinsystem f\u00fcr Kinderbetreuung (CSA) - Ville de Remich\",\"isPartOf\":{\"@id\":\"https:\/\/bierger.remich.lu\/de\/#website\"},\"primaryImageOfPage\":{\"@id\":\"https:\/\/bierger.remich.lu\/de\/ville-de-remich\/schulwesen\/gutscheinsystem-fur-kinderbetreuung-csa\/#primaryimage\"},\"image\":{\"@id\":\"https:\/\/bierger.remich.lu\/de\/ville-de-remich\/schulwesen\/gutscheinsystem-fur-kinderbetreuung-csa\/#primaryimage\"},\"thumbnailUrl\":\"https:\/\/bierger.remich.lu\/wp-content\/uploads\/sites\/3\/2022\/03\/element5-digital-OyCl7Y4y0Bk-unsplash-scaled.jpg\",\"datePublished\":\"2022-03-24T09:02:40+00:00\",\"dateModified\":\"2023-03-15T09:32:24+00:00\",\"breadcrumb\":{\"@id\":\"https:\/\/bierger.remich.lu\/de\/ville-de-remich\/schulwesen\/gutscheinsystem-fur-kinderbetreuung-csa\/#breadcrumb\"},\"inLanguage\":\"de\",\"potentialAction\":[{\"@type\":\"ReadAction\",\"target\":[\"https:\/\/bierger.remich.lu\/de\/ville-de-remich\/schulwesen\/gutscheinsystem-fur-kinderbetreuung-csa\/\"]}]},{\"@type\":\"ImageObject\",\"inLanguage\":\"de\",\"@id\":\"https:\/\/bierger.remich.lu\/de\/ville-de-remich\/schulwesen\/gutscheinsystem-fur-kinderbetreuung-csa\/#primaryimage\",\"url\":\"https:\/\/bierger.remich.lu\/wp-content\/uploads\/sites\/3\/2022\/03\/element5-digital-OyCl7Y4y0Bk-unsplash-scaled.jpg\",\"contentUrl\":\"https:\/\/bierger.remich.lu\/wp-content\/uploads\/sites\/3\/2022\/03\/element5-digital-OyCl7Y4y0Bk-unsplash-scaled.jpg\",\"width\":2560,\"height\":1807},{\"@type\":\"BreadcrumbList\",\"@id\":\"https:\/\/bierger.remich.lu\/de\/ville-de-remich\/schulwesen\/gutscheinsystem-fur-kinderbetreuung-csa\/#breadcrumb\",\"itemListElement\":[{\"@type\":\"ListItem\",\"position\":1,\"name\":\"Startseite\",\"item\":\"https:\/\/bierger.remich.lu\/de\/\"},{\"@type\":\"ListItem\",\"position\":2,\"name\":\"Stadt Remich\",\"item\":\"https:\/\/bierger.remich.lu\/de\/ville-de-remich\/\"},{\"@type\":\"ListItem\",\"position\":3,\"name\":\"Bildung und Kinder\",\"item\":\"https:\/\/bierger.remich.lu\/de\/ville-de-remich\/schulwesen\/\"},{\"@type\":\"ListItem\",\"position\":4,\"name\":\"Gutscheinsystem f\u00fcr Kinderbetreuung (CSA)\"}]},{\"@type\":\"WebSite\",\"@id\":\"https:\/\/bierger.remich.lu\/de\/#website\",\"url\":\"https:\/\/bierger.remich.lu\/de\/\",\"name\":\"Ville de Remich\",\"description\":\"\",\"potentialAction\":[{\"@type\":\"SearchAction\",\"target\":{\"@type\":\"EntryPoint\",\"urlTemplate\":\"https:\/\/bierger.remich.lu\/de\/?s={search_term_string}\"},\"query-input\":{\"@type\":\"PropertyValueSpecification\",\"valueRequired\":true,\"valueName\":\"search_term_string\"}}],\"inLanguage\":\"de\"}]}<\/script>\n<!-- \/ Yoast SEO plugin. -->","yoast_head_json":{"title":"Gutscheinsystem f\u00fcr Kinderbetreuung (CSA) - Ville de Remich","robots":{"index":"index","follow":"follow","max-snippet":"max-snippet:-1","max-image-preview":"max-image-preview:large","max-video-preview":"max-video-preview:-1"},"canonical":"https:\/\/bierger.remich.lu\/de\/ville-de-remich\/schulwesen\/gutscheinsystem-fur-kinderbetreuung-csa\/","og_locale":"de_DE","og_type":"article","og_title":"Gutscheinsystem f\u00fcr Kinderbetreuung (CSA) - Ville de Remich","og_description":"Um das CSA-Angebot in Anspruch nehmen zu k\u00f6nnen, m\u00fcssen die Eltern bei der Gemeindeverwaltung eine CSA-Karte beantragen, die auf den Namen des Kindes ausgestellt wird. Nicht in Luxemburg wohnhafte Eltern m\u00fcssen sich an die Zukunftskasse (Caisse pour l\u2019avenir des enfants) wenden. Die myCard fir Kanner gew\u00e4hrt Zugang zum gesicherten Bereich der Internetseite www.staarkkanner.lu, die eine... Mehr lesen \u00bb","og_url":"https:\/\/bierger.remich.lu\/de\/ville-de-remich\/schulwesen\/gutscheinsystem-fur-kinderbetreuung-csa\/","og_site_name":"Ville de Remich","article_modified_time":"2023-03-15T09:32:24+00:00","og_image":[{"width":2560,"height":1807,"url":"https:\/\/bierger.remich.lu\/wp-content\/uploads\/sites\/3\/2022\/03\/element5-digital-OyCl7Y4y0Bk-unsplash-scaled.jpg","type":"image\/jpeg"}],"twitter_card":"summary_large_image","twitter_misc":{"Gesch\u00e4tzte Lesezeit":"3\u00a0Minuten"},"schema":{"@context":"https:\/\/schema.org","@graph":[{"@type":"WebPage","@id":"https:\/\/bierger.remich.lu\/de\/ville-de-remich\/schulwesen\/gutscheinsystem-fur-kinderbetreuung-csa\/","url":"https:\/\/bierger.remich.lu\/de\/ville-de-remich\/schulwesen\/gutscheinsystem-fur-kinderbetreuung-csa\/","name":"Gutscheinsystem f\u00fcr Kinderbetreuung (CSA) - Ville de Remich","isPartOf":{"@id":"https:\/\/bierger.remich.lu\/de\/#website"},"primaryImageOfPage":{"@id":"https:\/\/bierger.remich.lu\/de\/ville-de-remich\/schulwesen\/gutscheinsystem-fur-kinderbetreuung-csa\/#primaryimage"},"image":{"@id":"https:\/\/bierger.remich.lu\/de\/ville-de-remich\/schulwesen\/gutscheinsystem-fur-kinderbetreuung-csa\/#primaryimage"},"thumbnailUrl":"https:\/\/bierger.remich.lu\/wp-content\/uploads\/sites\/3\/2022\/03\/element5-digital-OyCl7Y4y0Bk-unsplash-scaled.jpg","datePublished":"2022-03-24T09:02:40+00:00","dateModified":"2023-03-15T09:32:24+00:00","breadcrumb":{"@id":"https:\/\/bierger.remich.lu\/de\/ville-de-remich\/schulwesen\/gutscheinsystem-fur-kinderbetreuung-csa\/#breadcrumb"},"inLanguage":"de","potentialAction":[{"@type":"ReadAction","target":["https:\/\/bierger.remich.lu\/de\/ville-de-remich\/schulwesen\/gutscheinsystem-fur-kinderbetreuung-csa\/"]}]},{"@type":"ImageObject","inLanguage":"de","@id":"https:\/\/bierger.remich.lu\/de\/ville-de-remich\/schulwesen\/gutscheinsystem-fur-kinderbetreuung-csa\/#primaryimage","url":"https:\/\/bierger.remich.lu\/wp-content\/uploads\/sites\/3\/2022\/03\/element5-digital-OyCl7Y4y0Bk-unsplash-scaled.jpg","contentUrl":"https:\/\/bierger.remich.lu\/wp-content\/uploads\/sites\/3\/2022\/03\/element5-digital-OyCl7Y4y0Bk-unsplash-scaled.jpg","width":2560,"height":1807},{"@type":"BreadcrumbList","@id":"https:\/\/bierger.remich.lu\/de\/ville-de-remich\/schulwesen\/gutscheinsystem-fur-kinderbetreuung-csa\/#breadcrumb","itemListElement":[{"@type":"ListItem","position":1,"name":"Startseite","item":"https:\/\/bierger.remich.lu\/de\/"},{"@type":"ListItem","position":2,"name":"Stadt Remich","item":"https:\/\/bierger.remich.lu\/de\/ville-de-remich\/"},{"@type":"ListItem","position":3,"name":"Bildung und Kinder","item":"https:\/\/bierger.remich.lu\/de\/ville-de-remich\/schulwesen\/"},{"@type":"ListItem","position":4,"name":"Gutscheinsystem f\u00fcr Kinderbetreuung (CSA)"}]},{"@type":"WebSite","@id":"https:\/\/bierger.remich.lu\/de\/#website","url":"https:\/\/bierger.remich.lu\/de\/","name":"Ville de Remich","description":"","potentialAction":[{"@type":"SearchAction","target":{"@type":"EntryPoint","urlTemplate":"https:\/\/bierger.remich.lu\/de\/?s={search_term_string}"},"query-input":{"@type":"PropertyValueSpecification","valueRequired":true,"valueName":"search_term_string"}}],"inLanguage":"de"}]}},"_links":{"self":[{"href":"https:\/\/bierger.remich.lu\/de\/wp-json\/wp\/v2\/pages\/8487","targetHints":{"allow":["GET"]}}],"collection":[{"href":"https:\/\/bierger.remich.lu\/de\/wp-json\/wp\/v2\/pages"}],"about":[{"href":"https:\/\/bierger.remich.lu\/de\/wp-json\/wp\/v2\/types\/page"}],"author":[{"embeddable":true,"href":"https:\/\/bierger.remich.lu\/de\/wp-json\/wp\/v2\/users\/4"}],"replies":[{"embeddable":true,"href":"https:\/\/bierger.remich.lu\/de\/wp-json\/wp\/v2\/comments?post=8487"}],"version-history":[{"count":4,"href":"https:\/\/bierger.remich.lu\/de\/wp-json\/wp\/v2\/pages\/8487\/revisions"}],"predecessor-version":[{"id":12067,"href":"https:\/\/bierger.remich.lu\/de\/wp-json\/wp\/v2\/pages\/8487\/revisions\/12067"}],"up":[{"embeddable":true,"href":"https:\/\/bierger.remich.lu\/de\/wp-json\/wp\/v2\/pages\/1852"}],"wp:featuredmedia":[{"embeddable":true,"href":"https:\/\/bierger.remich.lu\/de\/wp-json\/wp\/v2\/media\/8488"}],"wp:attachment":[{"href":"https:\/\/bierger.remich.lu\/de\/wp-json\/wp\/v2\/media?parent=8487"}],"curies":[{"name":"wp","href":"https:\/\/api.w.org\/{rel}","templated":true}]}}