{"id":122,"date":"2016-08-30T13:58:35","date_gmt":"2016-08-30T12:58:35","guid":{"rendered":"http:\/\/reimech.lu\/?page_id=122"},"modified":"2026-01-09T11:36:54","modified_gmt":"2026-01-09T10:36:54","slug":"francais-secretariat","status":"publish","type":"page","link":"https:\/\/bierger.remich.lu\/en\/services-au-citoyen\/administration\/francais-secretariat\/","title":{"rendered":"Secr\u00e9tariat g\u00e9n\u00e9ral"},"content":{"rendered":"<p class=\"qtranxs-available-languages-message qtranxs-available-languages-message-en\">Sorry, this entry is only available in <a href=\"https:\/\/bierger.remich.lu\/fr\/wp-json\/wp\/v2\/pages\/122\" class=\"qtranxs-available-language-link qtranxs-available-language-link-fr\" title=\"FR\">FR<\/a> and <a href=\"https:\/\/bierger.remich.lu\/de\/wp-json\/wp\/v2\/pages\/122\" class=\"qtranxs-available-language-link qtranxs-available-language-link-de\" title=\"DE\">DE<\/a>. For the sake of viewer convenience, the content is shown below in one of the available alternative languages. You may click one of the links to switch the site language to another available language.<\/p><ul>\n<li class=\"abel20\">Coordination des dossiers \u00e0 soumettre \u00e0 la d\u00e9cision du coll\u00e8ge \u00e9chevinal et du conseil communal<\/li>\n<li>Coordination g\u00e9n\u00e9rale avec tous les services administratifs,<\/li>\n<li>Assistance du coll\u00e8ge \u00e9chevinal dans l\u2019ex\u00e9cution des missions qui lui incombent<\/li>\n<li>\u00c9tablissement des ordres du jour du conseil communal et du coll\u00e8ge \u00e9chevinal<\/li>\n<li>Organisation des s\u00e9ances du conseil communal et du coll\u00e8ge \u00e9chevinal<\/li>\n<li>R\u00e9daction des d\u00e9lib\u00e9rations et tenue des registres du conseil communal et du coll\u00e8ge \u00e9chevinal<\/li>\n<li>\u00c9laboration et tenue \u00e0 jour des r\u00e8glements communaux<\/li>\n<li>Travaux administratifs et correspondances diverses, avis et informations<\/li>\n<li>Mandatement \/ Gestion factures fournisseurs<\/li>\n<\/ul>","protected":false},"excerpt":{"rendered":"<p>Sorry, this entry is only available in FR and DE. For the sake of viewer convenience, the content is shown below in one of the available alternative languages. You may click one of the links to switch the site language to another available language. Coordination des dossiers \u00e0 soumettre \u00e0 la d\u00e9cision du coll\u00e8ge \u00e9chevinal&#8230;  <a class=\"excerpt-read-more\" href=\"https:\/\/bierger.remich.lu\/en\/services-au-citoyen\/administration\/francais-secretariat\/\" title=\"ReadSecr\u00e9tariat g\u00e9n\u00e9ral\">Read more &raquo;<\/a><\/p>\n","protected":false},"author":1,"featured_media":2070,"parent":54,"menu_order":73,"comment_status":"closed","ping_status":"closed","template":"","meta":{"_acf_changed":false,"xn-wppe-expiration":[],"xn-wppe-expiration-action":[],"xn-wppe-expiration-prefix":[],"footnotes":"","_links_to":"","_links_to_target":""},"class_list":["post-122","page","type-page","status-publish","has-post-thumbnail","hentry","keyword-conseil-communal","keyword-gemeinderatssitzung","keyword-genehmigung","keyword-marche","keyword-eau"],"acf":[],"yoast_head":"<!-- This site is optimized with the Yoast SEO plugin v26.7 - https:\/\/yoast.com\/wordpress\/plugins\/seo\/ -->\n<title>Secr\u00e9tariat g\u00e9n\u00e9ral - Ville de Remich<\/title>\n<meta name=\"robots\" content=\"index, follow, max-snippet:-1, max-image-preview:large, max-video-preview:-1\" \/>\n<link rel=\"canonical\" href=\"https:\/\/bierger.remich.lu\/services-au-citoyen\/administration\/francais-secretariat\/\" \/>\n<meta property=\"og:locale\" content=\"en_GB\" \/>\n<meta property=\"og:type\" content=\"article\" \/>\n<meta property=\"og:title\" content=\"Secr\u00e9tariat g\u00e9n\u00e9ral - Ville de Remich\" \/>\n<meta property=\"og:description\" content=\"Sorry, this entry is only available in FR and DE. For the sake of viewer convenience, the content is shown below in one of the available alternative languages. You may click one of the links to switch the site language to another available language. Coordination des dossiers \u00e0 soumettre \u00e0 la d\u00e9cision du coll\u00e8ge \u00e9chevinal... Read more &raquo;\" \/>\n<meta property=\"og:url\" content=\"https:\/\/bierger.remich.lu\/services-au-citoyen\/administration\/francais-secretariat\/\" \/>\n<meta property=\"og:site_name\" content=\"Ville de Remich\" \/>\n<meta property=\"article:modified_time\" content=\"2026-01-09T10:36:54+00:00\" \/>\n<meta property=\"og:image\" content=\"https:\/\/bierger.remich.lu\/wp-content\/uploads\/sites\/3\/2016\/08\/glenn-carstens-peters-203007-e1505308875384.jpg\" \/>\n\t<meta property=\"og:image:width\" content=\"1334\" \/>\n\t<meta property=\"og:image:height\" content=\"2608\" \/>\n\t<meta property=\"og:image:type\" content=\"image\/jpeg\" \/>\n<meta name=\"twitter:card\" content=\"summary_large_image\" \/>\n<meta name=\"twitter:label1\" content=\"Estimated reading time\" \/>\n\t<meta name=\"twitter:data1\" content=\"1 minute\" \/>\n<script type=\"application\/ld+json\" class=\"yoast-schema-graph\">{\"@context\":\"https:\/\/schema.org\",\"@graph\":[{\"@type\":\"WebPage\",\"@id\":\"https:\/\/bierger.remich.lu\/services-au-citoyen\/administration\/francais-secretariat\/\",\"url\":\"https:\/\/bierger.remich.lu\/services-au-citoyen\/administration\/francais-secretariat\/\",\"name\":\"Secr\u00e9tariat g\u00e9n\u00e9ral - Ville de Remich\",\"isPartOf\":{\"@id\":\"https:\/\/bierger.remich.lu\/de\/#website\"},\"primaryImageOfPage\":{\"@id\":\"https:\/\/bierger.remich.lu\/services-au-citoyen\/administration\/francais-secretariat\/#primaryimage\"},\"image\":{\"@id\":\"https:\/\/bierger.remich.lu\/services-au-citoyen\/administration\/francais-secretariat\/#primaryimage\"},\"thumbnailUrl\":\"https:\/\/bierger.remich.lu\/wp-content\/uploads\/sites\/3\/2016\/08\/glenn-carstens-peters-203007-e1505308875384.jpg\",\"datePublished\":\"2016-08-30T12:58:35+00:00\",\"dateModified\":\"2026-01-09T10:36:54+00:00\",\"breadcrumb\":{\"@id\":\"https:\/\/bierger.remich.lu\/services-au-citoyen\/administration\/francais-secretariat\/#breadcrumb\"},\"inLanguage\":\"en-GB\",\"potentialAction\":[{\"@type\":\"ReadAction\",\"target\":[\"https:\/\/bierger.remich.lu\/services-au-citoyen\/administration\/francais-secretariat\/\"]}]},{\"@type\":\"ImageObject\",\"inLanguage\":\"en-GB\",\"@id\":\"https:\/\/bierger.remich.lu\/services-au-citoyen\/administration\/francais-secretariat\/#primaryimage\",\"url\":\"https:\/\/bierger.remich.lu\/wp-content\/uploads\/sites\/3\/2016\/08\/glenn-carstens-peters-203007-e1505308875384.jpg\",\"contentUrl\":\"https:\/\/bierger.remich.lu\/wp-content\/uploads\/sites\/3\/2016\/08\/glenn-carstens-peters-203007-e1505308875384.jpg\",\"width\":1334,\"height\":2608},{\"@type\":\"BreadcrumbList\",\"@id\":\"https:\/\/bierger.remich.lu\/services-au-citoyen\/administration\/francais-secretariat\/#breadcrumb\",\"itemListElement\":[{\"@type\":\"ListItem\",\"position\":1,\"name\":\"Startseite\",\"item\":\"https:\/\/bierger.remich.lu\/de\/\"},{\"@type\":\"ListItem\",\"position\":2,\"name\":\"B\u00fcrgerdienste\",\"item\":\"https:\/\/bierger.remich.lu\/de\/services-au-citoyen\/\"},{\"@type\":\"ListItem\",\"position\":3,\"name\":\"Verwaltung\",\"item\":\"https:\/\/bierger.remich.lu\/services-au-citoyen\/administration\/\"},{\"@type\":\"ListItem\",\"position\":4,\"name\":\"Sekretariat\"}]},{\"@type\":\"WebSite\",\"@id\":\"https:\/\/bierger.remich.lu\/de\/#website\",\"url\":\"https:\/\/bierger.remich.lu\/de\/\",\"name\":\"Ville de Remich\",\"description\":\"\",\"potentialAction\":[{\"@type\":\"SearchAction\",\"target\":{\"@type\":\"EntryPoint\",\"urlTemplate\":\"https:\/\/bierger.remich.lu\/de\/?s={search_term_string}\"},\"query-input\":{\"@type\":\"PropertyValueSpecification\",\"valueRequired\":true,\"valueName\":\"search_term_string\"}}],\"inLanguage\":\"en-GB\"}]}<\/script>\n<!-- \/ Yoast SEO plugin. -->","yoast_head_json":{"title":"Secr\u00e9tariat g\u00e9n\u00e9ral - Ville de Remich","robots":{"index":"index","follow":"follow","max-snippet":"max-snippet:-1","max-image-preview":"max-image-preview:large","max-video-preview":"max-video-preview:-1"},"canonical":"https:\/\/bierger.remich.lu\/services-au-citoyen\/administration\/francais-secretariat\/","og_locale":"en_GB","og_type":"article","og_title":"Secr\u00e9tariat g\u00e9n\u00e9ral - Ville de Remich","og_description":"Sorry, this entry is only available in FR and DE. For the sake of viewer convenience, the content is shown below in one of the available alternative languages. You may click one of the links to switch the site language to another available language. Coordination des dossiers \u00e0 soumettre \u00e0 la d\u00e9cision du coll\u00e8ge \u00e9chevinal... Read more &raquo;","og_url":"https:\/\/bierger.remich.lu\/services-au-citoyen\/administration\/francais-secretariat\/","og_site_name":"Ville de Remich","article_modified_time":"2026-01-09T10:36:54+00:00","og_image":[{"width":1334,"height":2608,"url":"https:\/\/bierger.remich.lu\/wp-content\/uploads\/sites\/3\/2016\/08\/glenn-carstens-peters-203007-e1505308875384.jpg","type":"image\/jpeg"}],"twitter_card":"summary_large_image","twitter_misc":{"Estimated reading time":"1 minute"},"schema":{"@context":"https:\/\/schema.org","@graph":[{"@type":"WebPage","@id":"https:\/\/bierger.remich.lu\/services-au-citoyen\/administration\/francais-secretariat\/","url":"https:\/\/bierger.remich.lu\/services-au-citoyen\/administration\/francais-secretariat\/","name":"Secr\u00e9tariat g\u00e9n\u00e9ral - Ville de Remich","isPartOf":{"@id":"https:\/\/bierger.remich.lu\/de\/#website"},"primaryImageOfPage":{"@id":"https:\/\/bierger.remich.lu\/services-au-citoyen\/administration\/francais-secretariat\/#primaryimage"},"image":{"@id":"https:\/\/bierger.remich.lu\/services-au-citoyen\/administration\/francais-secretariat\/#primaryimage"},"thumbnailUrl":"https:\/\/bierger.remich.lu\/wp-content\/uploads\/sites\/3\/2016\/08\/glenn-carstens-peters-203007-e1505308875384.jpg","datePublished":"2016-08-30T12:58:35+00:00","dateModified":"2026-01-09T10:36:54+00:00","breadcrumb":{"@id":"https:\/\/bierger.remich.lu\/services-au-citoyen\/administration\/francais-secretariat\/#breadcrumb"},"inLanguage":"en-GB","potentialAction":[{"@type":"ReadAction","target":["https:\/\/bierger.remich.lu\/services-au-citoyen\/administration\/francais-secretariat\/"]}]},{"@type":"ImageObject","inLanguage":"en-GB","@id":"https:\/\/bierger.remich.lu\/services-au-citoyen\/administration\/francais-secretariat\/#primaryimage","url":"https:\/\/bierger.remich.lu\/wp-content\/uploads\/sites\/3\/2016\/08\/glenn-carstens-peters-203007-e1505308875384.jpg","contentUrl":"https:\/\/bierger.remich.lu\/wp-content\/uploads\/sites\/3\/2016\/08\/glenn-carstens-peters-203007-e1505308875384.jpg","width":1334,"height":2608},{"@type":"BreadcrumbList","@id":"https:\/\/bierger.remich.lu\/services-au-citoyen\/administration\/francais-secretariat\/#breadcrumb","itemListElement":[{"@type":"ListItem","position":1,"name":"Startseite","item":"https:\/\/bierger.remich.lu\/de\/"},{"@type":"ListItem","position":2,"name":"B\u00fcrgerdienste","item":"https:\/\/bierger.remich.lu\/de\/services-au-citoyen\/"},{"@type":"ListItem","position":3,"name":"Verwaltung","item":"https:\/\/bierger.remich.lu\/services-au-citoyen\/administration\/"},{"@type":"ListItem","position":4,"name":"Sekretariat"}]},{"@type":"WebSite","@id":"https:\/\/bierger.remich.lu\/de\/#website","url":"https:\/\/bierger.remich.lu\/de\/","name":"Ville de Remich","description":"","potentialAction":[{"@type":"SearchAction","target":{"@type":"EntryPoint","urlTemplate":"https:\/\/bierger.remich.lu\/de\/?s={search_term_string}"},"query-input":{"@type":"PropertyValueSpecification","valueRequired":true,"valueName":"search_term_string"}}],"inLanguage":"en-GB"}]}},"_links":{"self":[{"href":"https:\/\/bierger.remich.lu\/en\/wp-json\/wp\/v2\/pages\/122","targetHints":{"allow":["GET"]}}],"collection":[{"href":"https:\/\/bierger.remich.lu\/en\/wp-json\/wp\/v2\/pages"}],"about":[{"href":"https:\/\/bierger.remich.lu\/en\/wp-json\/wp\/v2\/types\/page"}],"author":[{"embeddable":true,"href":"https:\/\/bierger.remich.lu\/en\/wp-json\/wp\/v2\/users\/1"}],"replies":[{"embeddable":true,"href":"https:\/\/bierger.remich.lu\/en\/wp-json\/wp\/v2\/comments?post=122"}],"version-history":[{"count":14,"href":"https:\/\/bierger.remich.lu\/en\/wp-json\/wp\/v2\/pages\/122\/revisions"}],"predecessor-version":[{"id":7182,"href":"https:\/\/bierger.remich.lu\/en\/wp-json\/wp\/v2\/pages\/122\/revisions\/7182"}],"up":[{"embeddable":true,"href":"https:\/\/bierger.remich.lu\/en\/wp-json\/wp\/v2\/pages\/54"}],"wp:featuredmedia":[{"embeddable":true,"href":"https:\/\/bierger.remich.lu\/en\/wp-json\/wp\/v2\/media\/2070"}],"wp:attachment":[{"href":"https:\/\/bierger.remich.lu\/en\/wp-json\/wp\/v2\/media?parent=122"}],"curies":[{"name":"wp","href":"https:\/\/api.w.org\/{rel}","templated":true}]}}