{"id":1522,"date":"2017-07-26T11:16:38","date_gmt":"2017-07-26T10:16:38","guid":{"rendered":"http:\/\/reimech.lu\/?page_id=1522"},"modified":"2023-07-04T13:06:35","modified_gmt":"2023-07-04T11:06:35","slug":"klimabundis","status":"publish","type":"page","link":"https:\/\/bierger.remich.lu\/en\/ville-de-remich\/umwelt\/klimabundis\/","title":{"rendered":"Climate Alliance Luxembourg"},"content":{"rendered":"<p class=\"qtranxs-available-languages-message qtranxs-available-languages-message-en\">Sorry, this entry is only available in <a href=\"https:\/\/bierger.remich.lu\/fr\/wp-json\/wp\/v2\/pages\/1522\" class=\"qtranxs-available-language-link qtranxs-available-language-link-fr\" title=\"FR\">FR<\/a> and <a href=\"https:\/\/bierger.remich.lu\/de\/wp-json\/wp\/v2\/pages\/1522\" class=\"qtranxs-available-language-link qtranxs-available-language-link-de\" title=\"DE\">DE<\/a>. For the sake of viewer convenience, the content is shown below in one of the available alternative languages. You may click one of the links to switch the site language to another available language.<\/p><img loading=\"lazy\" decoding=\"async\" class=\"wp-image-2049 alignleft\" src=\"http:\/\/reimech.lu\/wp-content\/uploads\/sites\/3\/2017\/07\/Klima_Buendnis_Letzebuerg_3-300x265.png\" alt=\"Klima_Buendnis_Letzebuerg_3\" width=\"187\" height=\"165\" srcset=\"https:\/\/bierger.remich.lu\/wp-content\/uploads\/sites\/3\/2017\/07\/Klima_Buendnis_Letzebuerg_3-300x265.png 300w, https:\/\/bierger.remich.lu\/wp-content\/uploads\/sites\/3\/2017\/07\/Klima_Buendnis_Letzebuerg_3.png 470w\" sizes=\"auto, (max-width: 187px) 100vw, 187px\" \/><\/p>\n<p>Depuis plus de 25 ans, les municipalit\u00e9s membres de Climat Alliance\/Alliance pour le climat \u0153uvrent, en partenariat avec les peuples indig\u00e8nes des for\u00eats tropicales, en faveur du climat.\u00a0 Avec quelque 1.700 membres \u00e0 travers 26 pays europ\u00e9ens, Climate Alliance est le r\u00e9seau mondial le plus important de communes agissant en faveur du climat et le seul \u00e0 avoir d\u00e9fini des objectifs chiffr\u00e9s: Chaque commune ou ville membre s\u2019est engag\u00e9e \u00e0 r\u00e9duire ses \u00e9missions de gaz \u00e0 effet de serre de 10 pourcent tous les 5 ans.<\/p>\n<p>\u00c9tant conscient de l\u2019impact que notre mode de vie peut avoir sur les peuples et les endroits les plus vuln\u00e9rables \u00e0 travers le monde, Climate Alliance combine actions locales et responsabilit\u00e9 globale. Le r\u00e9seau initie des coop\u00e9rations avec les peuples indig\u00e8nes, m\u00e8ne des campagnes de sensibilisation et propose des instruments pour l\u2019action en faveur du climat. Il poursuit une d\u00e9marche participative bas\u00e9e sur l\u2019\u00e9change et repr\u00e9sente ses membres aux niveaux national, europ\u00e9en et international.<\/p>\n<p>Au Luxembourg, c\u2019est en 1995 que quelques communes se joignent aux ONG \u00ab ASTM \u2013 Action Solidarit\u00e9 Tiers Monde\u00a0\u00bb et \u00ab\u00a0Mouvement Ecologique\u00a0\u00bb dans le but de fonder ensemble le \u00ab\u00a0<strong>Klima-B\u00fcndnis L\u00ebtzebuerg\/Alliance pour le climat Luxembourg\u00a0<\/strong>\u00bb.<\/p>\n<p>A l\u2019heure actuelle, \u00a0l\u2019<strong>Alliance pour le climat Luxembourg\u00a0<\/strong>\u00a0compte 37 communes membres (mars 2017). Afin d\u2019atteindre les objectifs qu\u2019elles se sont fix\u00e9s, les communes \u00e9changent leurs exp\u00e9riences,\u00a0 soumettent des projets d\u2019initiatives et mettent en oeuvre des actions communes. S\u2019il est vrai que chaque commune pr\u00e9serve son autonomie, elle gagne n\u00e9anmoins en exp\u00e9rience par les actions des autres membres luxembourgeois et europ\u00e9ens et au-del\u00e0, des organisations partenaires Action Solidarit\u00e9 Tiers Monde et Mouvement Ecologique. En outre, l\u2019Alliance pour le climat est un porte-parole pour les communes en mati\u00e8re de politique \u00e9nerg\u00e9tique, climatique et de d\u00e9veloppement vis-\u00e0-vis des niveaux national et europ\u00e9en.<\/p>\n<p>Les efforts d\u00e9ploy\u00e9s par l\u2019 <strong>Alliance pour le climat Luxembourg\u00a0<\/strong>\u00a0b\u00e9n\u00e9ficient du soutien des Minist\u00e8res comp\u00e9tents en mati\u00e8re de Coop\u00e9ration au d\u00e9veloppement et de D\u00e9veloppement durable.<\/p>\n<p><em>Source: Klima-B\u00fcndnis L\u00ebtzebuerg<\/em><\/p>\n<p>En 2013 la Ville de Remich a adh\u00e9r\u00e9 \u00e0 l&#8217;Alliance pour le climat Luxembourg.","protected":false},"excerpt":{"rendered":"<p>Sorry, this entry is only available in FR and DE. For the sake of viewer convenience, the content is shown below in one of the available alternative languages. You may click one of the links to switch the site language to another available language. Depuis plus de 25 ans, les municipalit\u00e9s membres de Climat Alliance\/Alliance&#8230;  <a class=\"excerpt-read-more\" href=\"https:\/\/bierger.remich.lu\/en\/ville-de-remich\/umwelt\/klimabundis\/\" title=\"ReadClimate Alliance Luxembourg\">Read more &raquo;<\/a><\/p>\n","protected":false},"author":4,"featured_media":2053,"parent":50,"menu_order":35,"comment_status":"closed","ping_status":"closed","template":"","meta":{"_acf_changed":false,"xn-wppe-expiration":[],"xn-wppe-expiration-action":[],"xn-wppe-expiration-prefix":[],"footnotes":"","_links_to":"","_links_to_target":""},"class_list":["post-1522","page","type-page","status-publish","has-post-thumbnail","hentry","keyword-umwelt"],"acf":[],"yoast_head":"<!-- This site is optimized with the Yoast SEO plugin v26.7 - https:\/\/yoast.com\/wordpress\/plugins\/seo\/ -->\n<title>Climate Alliance Luxembourg - Ville de Remich<\/title>\n<meta name=\"robots\" content=\"index, follow, max-snippet:-1, max-image-preview:large, max-video-preview:-1\" \/>\n<link rel=\"canonical\" href=\"https:\/\/bierger.remich.lu\/en\/ville-de-remich\/umwelt\/klimabundis\/\" \/>\n<meta property=\"og:locale\" content=\"en_GB\" \/>\n<meta property=\"og:type\" content=\"article\" \/>\n<meta property=\"og:title\" content=\"Climate Alliance Luxembourg - Ville de Remich\" \/>\n<meta property=\"og:description\" content=\"Sorry, this entry is only available in FR and DE. For the sake of viewer convenience, the content is shown below in one of the available alternative languages. You may click one of the links to switch the site language to another available language. Depuis plus de 25 ans, les municipalit\u00e9s membres de Climat Alliance\/Alliance... Read more &raquo;\" \/>\n<meta property=\"og:url\" content=\"https:\/\/bierger.remich.lu\/en\/ville-de-remich\/umwelt\/klimabundis\/\" \/>\n<meta property=\"og:site_name\" content=\"Ville de Remich\" \/>\n<meta property=\"article:modified_time\" content=\"2023-07-04T11:06:35+00:00\" \/>\n<meta property=\"og:image\" content=\"https:\/\/bierger.remich.lu\/wp-content\/uploads\/sites\/3\/2017\/07\/aniek-wessel-351449-e1505208969867-779x1024.jpg\" \/>\n\t<meta property=\"og:image:width\" content=\"779\" \/>\n\t<meta property=\"og:image:height\" content=\"1024\" \/>\n\t<meta property=\"og:image:type\" content=\"image\/jpeg\" \/>\n<meta name=\"twitter:card\" content=\"summary_large_image\" \/>\n<meta name=\"twitter:label1\" content=\"Estimated reading time\" \/>\n\t<meta name=\"twitter:data1\" content=\"3 minutes\" \/>\n<script type=\"application\/ld+json\" class=\"yoast-schema-graph\">{\"@context\":\"https:\/\/schema.org\",\"@graph\":[{\"@type\":\"WebPage\",\"@id\":\"https:\/\/bierger.remich.lu\/en\/ville-de-remich\/umwelt\/klimabundis\/\",\"url\":\"https:\/\/bierger.remich.lu\/en\/ville-de-remich\/umwelt\/klimabundis\/\",\"name\":\"Climate Alliance Luxembourg - Ville de Remich\",\"isPartOf\":{\"@id\":\"https:\/\/bierger.remich.lu\/de\/#website\"},\"primaryImageOfPage\":{\"@id\":\"https:\/\/bierger.remich.lu\/en\/ville-de-remich\/umwelt\/klimabundis\/#primaryimage\"},\"image\":{\"@id\":\"https:\/\/bierger.remich.lu\/en\/ville-de-remich\/umwelt\/klimabundis\/#primaryimage\"},\"thumbnailUrl\":\"https:\/\/bierger.remich.lu\/wp-content\/uploads\/sites\/3\/2017\/07\/aniek-wessel-351449-e1505208969867.jpg\",\"datePublished\":\"2017-07-26T10:16:38+00:00\",\"dateModified\":\"2023-07-04T11:06:35+00:00\",\"breadcrumb\":{\"@id\":\"https:\/\/bierger.remich.lu\/en\/ville-de-remich\/umwelt\/klimabundis\/#breadcrumb\"},\"inLanguage\":\"en-GB\",\"potentialAction\":[{\"@type\":\"ReadAction\",\"target\":[\"https:\/\/bierger.remich.lu\/en\/ville-de-remich\/umwelt\/klimabundis\/\"]}]},{\"@type\":\"ImageObject\",\"inLanguage\":\"en-GB\",\"@id\":\"https:\/\/bierger.remich.lu\/en\/ville-de-remich\/umwelt\/klimabundis\/#primaryimage\",\"url\":\"https:\/\/bierger.remich.lu\/wp-content\/uploads\/sites\/3\/2017\/07\/aniek-wessel-351449-e1505208969867.jpg\",\"contentUrl\":\"https:\/\/bierger.remich.lu\/wp-content\/uploads\/sites\/3\/2017\/07\/aniek-wessel-351449-e1505208969867.jpg\",\"width\":3410,\"height\":4480},{\"@type\":\"BreadcrumbList\",\"@id\":\"https:\/\/bierger.remich.lu\/en\/ville-de-remich\/umwelt\/klimabundis\/#breadcrumb\",\"itemListElement\":[{\"@type\":\"ListItem\",\"position\":1,\"name\":\"Startseite\",\"item\":\"https:\/\/bierger.remich.lu\/de\/\"},{\"@type\":\"ListItem\",\"position\":2,\"name\":\"Stadt Remich\",\"item\":\"https:\/\/bierger.remich.lu\/de\/ville-de-remich\/\"},{\"@type\":\"ListItem\",\"position\":3,\"name\":\"Umwelt\",\"item\":\"https:\/\/bierger.remich.lu\/de\/ville-de-remich\/umwelt\/\"},{\"@type\":\"ListItem\",\"position\":4,\"name\":\"Climate Alliance Luxembourg\"}]},{\"@type\":\"WebSite\",\"@id\":\"https:\/\/bierger.remich.lu\/de\/#website\",\"url\":\"https:\/\/bierger.remich.lu\/de\/\",\"name\":\"Ville de Remich\",\"description\":\"\",\"potentialAction\":[{\"@type\":\"SearchAction\",\"target\":{\"@type\":\"EntryPoint\",\"urlTemplate\":\"https:\/\/bierger.remich.lu\/de\/?s={search_term_string}\"},\"query-input\":{\"@type\":\"PropertyValueSpecification\",\"valueRequired\":true,\"valueName\":\"search_term_string\"}}],\"inLanguage\":\"en-GB\"}]}<\/script>\n<!-- \/ Yoast SEO plugin. -->","yoast_head_json":{"title":"Climate Alliance Luxembourg - Ville de Remich","robots":{"index":"index","follow":"follow","max-snippet":"max-snippet:-1","max-image-preview":"max-image-preview:large","max-video-preview":"max-video-preview:-1"},"canonical":"https:\/\/bierger.remich.lu\/en\/ville-de-remich\/umwelt\/klimabundis\/","og_locale":"en_GB","og_type":"article","og_title":"Climate Alliance Luxembourg - Ville de Remich","og_description":"Sorry, this entry is only available in FR and DE. For the sake of viewer convenience, the content is shown below in one of the available alternative languages. You may click one of the links to switch the site language to another available language. Depuis plus de 25 ans, les municipalit\u00e9s membres de Climat Alliance\/Alliance... Read more &raquo;","og_url":"https:\/\/bierger.remich.lu\/en\/ville-de-remich\/umwelt\/klimabundis\/","og_site_name":"Ville de Remich","article_modified_time":"2023-07-04T11:06:35+00:00","og_image":[{"width":779,"height":1024,"url":"https:\/\/bierger.remich.lu\/wp-content\/uploads\/sites\/3\/2017\/07\/aniek-wessel-351449-e1505208969867-779x1024.jpg","type":"image\/jpeg"}],"twitter_card":"summary_large_image","twitter_misc":{"Estimated reading time":"3 minutes"},"schema":{"@context":"https:\/\/schema.org","@graph":[{"@type":"WebPage","@id":"https:\/\/bierger.remich.lu\/en\/ville-de-remich\/umwelt\/klimabundis\/","url":"https:\/\/bierger.remich.lu\/en\/ville-de-remich\/umwelt\/klimabundis\/","name":"Climate Alliance Luxembourg - Ville de Remich","isPartOf":{"@id":"https:\/\/bierger.remich.lu\/de\/#website"},"primaryImageOfPage":{"@id":"https:\/\/bierger.remich.lu\/en\/ville-de-remich\/umwelt\/klimabundis\/#primaryimage"},"image":{"@id":"https:\/\/bierger.remich.lu\/en\/ville-de-remich\/umwelt\/klimabundis\/#primaryimage"},"thumbnailUrl":"https:\/\/bierger.remich.lu\/wp-content\/uploads\/sites\/3\/2017\/07\/aniek-wessel-351449-e1505208969867.jpg","datePublished":"2017-07-26T10:16:38+00:00","dateModified":"2023-07-04T11:06:35+00:00","breadcrumb":{"@id":"https:\/\/bierger.remich.lu\/en\/ville-de-remich\/umwelt\/klimabundis\/#breadcrumb"},"inLanguage":"en-GB","potentialAction":[{"@type":"ReadAction","target":["https:\/\/bierger.remich.lu\/en\/ville-de-remich\/umwelt\/klimabundis\/"]}]},{"@type":"ImageObject","inLanguage":"en-GB","@id":"https:\/\/bierger.remich.lu\/en\/ville-de-remich\/umwelt\/klimabundis\/#primaryimage","url":"https:\/\/bierger.remich.lu\/wp-content\/uploads\/sites\/3\/2017\/07\/aniek-wessel-351449-e1505208969867.jpg","contentUrl":"https:\/\/bierger.remich.lu\/wp-content\/uploads\/sites\/3\/2017\/07\/aniek-wessel-351449-e1505208969867.jpg","width":3410,"height":4480},{"@type":"BreadcrumbList","@id":"https:\/\/bierger.remich.lu\/en\/ville-de-remich\/umwelt\/klimabundis\/#breadcrumb","itemListElement":[{"@type":"ListItem","position":1,"name":"Startseite","item":"https:\/\/bierger.remich.lu\/de\/"},{"@type":"ListItem","position":2,"name":"Stadt Remich","item":"https:\/\/bierger.remich.lu\/de\/ville-de-remich\/"},{"@type":"ListItem","position":3,"name":"Umwelt","item":"https:\/\/bierger.remich.lu\/de\/ville-de-remich\/umwelt\/"},{"@type":"ListItem","position":4,"name":"Climate Alliance Luxembourg"}]},{"@type":"WebSite","@id":"https:\/\/bierger.remich.lu\/de\/#website","url":"https:\/\/bierger.remich.lu\/de\/","name":"Ville de Remich","description":"","potentialAction":[{"@type":"SearchAction","target":{"@type":"EntryPoint","urlTemplate":"https:\/\/bierger.remich.lu\/de\/?s={search_term_string}"},"query-input":{"@type":"PropertyValueSpecification","valueRequired":true,"valueName":"search_term_string"}}],"inLanguage":"en-GB"}]}},"_links":{"self":[{"href":"https:\/\/bierger.remich.lu\/en\/wp-json\/wp\/v2\/pages\/1522","targetHints":{"allow":["GET"]}}],"collection":[{"href":"https:\/\/bierger.remich.lu\/en\/wp-json\/wp\/v2\/pages"}],"about":[{"href":"https:\/\/bierger.remich.lu\/en\/wp-json\/wp\/v2\/types\/page"}],"author":[{"embeddable":true,"href":"https:\/\/bierger.remich.lu\/en\/wp-json\/wp\/v2\/users\/4"}],"replies":[{"embeddable":true,"href":"https:\/\/bierger.remich.lu\/en\/wp-json\/wp\/v2\/comments?post=1522"}],"version-history":[{"count":9,"href":"https:\/\/bierger.remich.lu\/en\/wp-json\/wp\/v2\/pages\/1522\/revisions"}],"predecessor-version":[{"id":12563,"href":"https:\/\/bierger.remich.lu\/en\/wp-json\/wp\/v2\/pages\/1522\/revisions\/12563"}],"up":[{"embeddable":true,"href":"https:\/\/bierger.remich.lu\/en\/wp-json\/wp\/v2\/pages\/50"}],"wp:featuredmedia":[{"embeddable":true,"href":"https:\/\/bierger.remich.lu\/en\/wp-json\/wp\/v2\/media\/2053"}],"wp:attachment":[{"href":"https:\/\/bierger.remich.lu\/en\/wp-json\/wp\/v2\/media?parent=1522"}],"curies":[{"name":"wp","href":"https:\/\/api.w.org\/{rel}","templated":true}]}}